{"id":20712,"date":"2022-03-03T07:18:25","date_gmt":"2022-03-03T05:18:25","guid":{"rendered":"https:\/\/baubauwall.com\/product\/wall-mural-solar-system-estonian\/"},"modified":"2025-09-08T11:54:08","modified_gmt":"2025-09-08T09:54:08","slug":"paikesesusteem-beez-eesti-keeles","status":"publish","type":"product","link":"https:\/\/baubauwall.com\/et\/toode\/paikesesusteem-beez-eesti-keeles\/","title":{"rendered":"P\u00e4ikeses\u00fcsteem &#8211; bee\u017e (eesti keeles)"},"content":{"rendered":"<p>Pilttapeet p\u00e4ikeses\u00fcsteemiga. Tapeet, mis on hariv ja huvitav! Kas teadsid, et Jupiteri diameeter on Maast 11 korda suurem ning planeet Maa mahuks \u00e4ra Jupiteri Suurde Punasesse Laiku (<em>Jupiter\u2019s Great Red Spot<\/em>)? See pilttapeet annab \u00fclevaate meie P\u00e4ikeses\u00fcsteemi planeetide suuruste varieeruvusest \u2013 v\u00f5ta joonlaud ja m\u00f5\u00f5da, mitu korda v\u00e4iksem on Kuu Maast v\u00f5i kas Pluuto on meie Kuust suurem v\u00f5i v\u00e4iksem? Selle pilttapeeti planeetide nimed on tr\u00fckitud eesti keeles. Kui eelistaksid inglise keeles, siis meil on see tapeet olemas<a href=\"https:\/\/baubauwall.com\/product\/wall-mural-solar-system-beige\/\" target=\"_blank\" rel=\"noopener\">\u00a0siin!<\/a><\/p>\n<p>Nagu k\u00f5ik meie tapeedid on ka see tapeet tr\u00fckitud keskkonnas\u00f5bralike v\u00e4rvidega hingavale, fliistapeedi materjalile. Sinu uus tapeet on l\u00f5igatud nummerdatud paanideks \u2013 t\u00e4pselt nii pikad, kui Sinu sein. Kuidas see t\u00f6\u00f6tab \u2013 loe l\u00e4hemalt<a href=\"https:\/\/baubauwall.com\/et\/kuidas-see-tootab\/\" target=\"_blank\" rel=\"noopener\">\u00a0siit.<\/a><\/p>\n","protected":false},"excerpt":{"rendered":"<p>Pilttapeet p\u00e4ikeses\u00fcsteemiga. Tapeet, mis on hariv ja huvitav! Kas teadsid, et Jupiteri diameeter on Maast 11 korda suurem ning planeet Maa mahuks \u00e4ra Jupiteri Suurde Punasesse Laiku (Jupiter\u2019s Great Red Spot)? See pilttapeet annab \u00fclevaate meie P\u00e4ikeses\u00fcsteemi planeetide suuruste varieeruvusest \u2013 v\u00f5ta joonlaud ja m\u00f5\u00f5da, mitu korda v\u00e4iksem on Kuu Maast v\u00f5i kas Pluuto on [&hellip;]<\/p>\n","protected":false},"featured_media":20683,"comment_status":"open","ping_status":"closed","template":"","meta":{"_acf_changed":false,"inline_featured_image":false},"product_brand":[],"product_cat":[387,396,265,272,273,413,400,399,614],"product_tag":[430,345,376],"class_list":{"0":"post-20712","1":"product","2":"type-product","3":"status-publish","4":"has-post-thumbnail","6":"product_cat-pilttapeedid","7":"product_cat-skandinaavia","8":"product_cat-beezid-tapeedid","9":"product_cat-hallid-tapeedid","10":"product_cat-heledad-tapeedid","11":"product_cat-magamistoa-tapeedid","12":"product_cat-lastetoa-tapeedid","13":"product_cat-kodukontori-tapeedid","14":"product_cat-kosmos-galaktika-et","15":"product_tag-kosmos","16":"product_tag-pilttapeet","17":"product_tag-teismelise-tuba","18":"pa_designedby-baubauwall","20":"first","21":"instock","22":"taxable","23":"shipping-taxable","24":"purchasable","25":"product-type-simple"},"acf":[],"yoast_head":"<!-- This site is optimized with the Yoast SEO plugin v25.9 - https:\/\/yoast.com\/wordpress\/plugins\/seo\/ -->\n<title>Pilttapeet planeetide ja kosmosega. Sinu seina m\u00f5\u00f5dus tapeedid<\/title>\n<meta name=\"description\" content=\"Astronoomia huvilise pilttapeet p\u00e4ikeses\u00fcsteemi planeetidega. Hele, bee\u017eil taustal tapeet eesti keeles planeetidega - Marss, Jupiter, Veenus, Merkuur jne.\" \/>\n<meta name=\"robots\" content=\"index, follow, max-snippet:-1, max-image-preview:large, max-video-preview:-1\" \/>\n<link rel=\"canonical\" href=\"https:\/\/baubauwall.com\/et\/toode\/paikesesusteem-beez-eesti-keeles\/\" \/>\n<meta property=\"og:locale\" content=\"et_EE\" \/>\n<meta property=\"og:type\" content=\"article\" \/>\n<meta property=\"og:title\" content=\"Pilttapeet planeetide ja kosmosega. Sinu seina m\u00f5\u00f5dus tapeedid\" \/>\n<meta property=\"og:description\" content=\"Astronoomia huvilise pilttapeet p\u00e4ikeses\u00fcsteemi planeetidega. Hele, bee\u017eil taustal tapeet eesti keeles planeetidega - Marss, Jupiter, Veenus, Merkuur jne.\" \/>\n<meta property=\"og:url\" content=\"https:\/\/baubauwall.com\/et\/toode\/paikesesusteem-beez-eesti-keeles\/\" \/>\n<meta property=\"og:site_name\" content=\"BAUBAUWALL TAPEEDID\" \/>\n<meta property=\"article:publisher\" content=\"https:\/\/www.facebook.com\/Baubauwall\" \/>\n<meta property=\"article:modified_time\" content=\"2025-09-08T09:54:08+00:00\" \/>\n<meta property=\"og:image\" content=\"https:\/\/baubauwall.com\/wp-content\/uploads\/2022\/03\/51200104_SolarSystem_EST-light_Baubauwall_Wallmural_room8.jpg\" \/>\n\t<meta property=\"og:image:width\" content=\"901\" \/>\n\t<meta property=\"og:image:height\" content=\"800\" \/>\n\t<meta property=\"og:image:type\" content=\"image\/jpeg\" \/>\n<meta name=\"twitter:card\" content=\"summary_large_image\" \/>\n<meta name=\"twitter:label1\" content=\"Est. reading time\" \/>\n\t<meta name=\"twitter:data1\" content=\"1 minut\" \/>\n<script type=\"application\/ld+json\" class=\"yoast-schema-graph\">{\"@context\":\"https:\/\/schema.org\",\"@graph\":[{\"@type\":\"WebPage\",\"@id\":\"https:\/\/baubauwall.com\/et\/toode\/paikesesusteem-beez-eesti-keeles\/\",\"url\":\"https:\/\/baubauwall.com\/et\/toode\/paikesesusteem-beez-eesti-keeles\/\",\"name\":\"Pilttapeet planeetide ja kosmosega. Sinu seina m\u00f5\u00f5dus tapeedid\",\"isPartOf\":{\"@id\":\"https:\/\/baubauwall.com\/et\/#website\"},\"primaryImageOfPage\":{\"@id\":\"https:\/\/baubauwall.com\/et\/toode\/paikesesusteem-beez-eesti-keeles\/#primaryimage\"},\"image\":{\"@id\":\"https:\/\/baubauwall.com\/et\/toode\/paikesesusteem-beez-eesti-keeles\/#primaryimage\"},\"thumbnailUrl\":\"https:\/\/baubauwall.com\/wp-content\/uploads\/2022\/03\/51200104_SolarSystem_EST-light_Baubauwall_Wallmural_room8.jpg\",\"datePublished\":\"2022-03-03T05:18:25+00:00\",\"dateModified\":\"2025-09-08T09:54:08+00:00\",\"description\":\"Astronoomia huvilise pilttapeet p\u00e4ikeses\u00fcsteemi planeetidega. Hele, bee\u017eil taustal tapeet eesti keeles planeetidega - Marss, Jupiter, Veenus, Merkuur jne.\",\"breadcrumb\":{\"@id\":\"https:\/\/baubauwall.com\/et\/toode\/paikesesusteem-beez-eesti-keeles\/#breadcrumb\"},\"inLanguage\":\"et\",\"potentialAction\":[{\"@type\":\"ReadAction\",\"target\":[\"https:\/\/baubauwall.com\/et\/toode\/paikesesusteem-beez-eesti-keeles\/\"]}]},{\"@type\":\"ImageObject\",\"inLanguage\":\"et\",\"@id\":\"https:\/\/baubauwall.com\/et\/toode\/paikesesusteem-beez-eesti-keeles\/#primaryimage\",\"url\":\"https:\/\/baubauwall.com\/wp-content\/uploads\/2022\/03\/51200104_SolarSystem_EST-light_Baubauwall_Wallmural_room8.jpg\",\"contentUrl\":\"https:\/\/baubauwall.com\/wp-content\/uploads\/2022\/03\/51200104_SolarSystem_EST-light_Baubauwall_Wallmural_room8.jpg\",\"width\":901,\"height\":800},{\"@type\":\"BreadcrumbList\",\"@id\":\"https:\/\/baubauwall.com\/et\/toode\/paikesesusteem-beez-eesti-keeles\/#breadcrumb\",\"itemListElement\":[{\"@type\":\"ListItem\",\"position\":1,\"name\":\"Koju\",\"item\":\"https:\/\/baubauwall.com\/et\/\"},{\"@type\":\"ListItem\",\"position\":2,\"name\":\"Tapeedid\",\"item\":\"https:\/\/baubauwall.com\/et\/tapeedid\/\"},{\"@type\":\"ListItem\",\"position\":3,\"name\":\"P\u00e4ikeses\u00fcsteem &#8211; bee\u017e (eesti keeles)\"}]},{\"@type\":\"WebSite\",\"@id\":\"https:\/\/baubauwall.com\/et\/#website\",\"url\":\"https:\/\/baubauwall.com\/et\/\",\"name\":\"BAUBAUWALL Wallpapers\",\"description\":\"Valmis paanides tapeet Eestist!\",\"publisher\":{\"@id\":\"https:\/\/baubauwall.com\/et\/#organization\"},\"potentialAction\":[{\"@type\":\"SearchAction\",\"target\":{\"@type\":\"EntryPoint\",\"urlTemplate\":\"https:\/\/baubauwall.com\/et\/?s={search_term_string}\"},\"query-input\":{\"@type\":\"PropertyValueSpecification\",\"valueRequired\":true,\"valueName\":\"search_term_string\"}}],\"inLanguage\":\"et\"},{\"@type\":\"Organization\",\"@id\":\"https:\/\/baubauwall.com\/et\/#organization\",\"name\":\"BAUBAUWALL Wallpapers\",\"url\":\"https:\/\/baubauwall.com\/et\/\",\"logo\":{\"@type\":\"ImageObject\",\"inLanguage\":\"et\",\"@id\":\"https:\/\/baubauwall.com\/et\/#\/schema\/logo\/image\/\",\"url\":\"https:\/\/baubauwall.com\/wp-content\/uploads\/2022\/03\/logo-horizontal.svg\",\"contentUrl\":\"https:\/\/baubauwall.com\/wp-content\/uploads\/2022\/03\/logo-horizontal.svg\",\"width\":\"1024\",\"height\":\"1024\",\"caption\":\"BAUBAUWALL Wallpapers\"},\"image\":{\"@id\":\"https:\/\/baubauwall.com\/et\/#\/schema\/logo\/image\/\"},\"sameAs\":[\"https:\/\/www.facebook.com\/Baubauwall\",\"https:\/\/www.instagram.com\/baubauwall\"]}]}<\/script>\n<!-- \/ Yoast SEO plugin. -->","yoast_head_json":{"title":"Pilttapeet planeetide ja kosmosega. Sinu seina m\u00f5\u00f5dus tapeedid","description":"Astronoomia huvilise pilttapeet p\u00e4ikeses\u00fcsteemi planeetidega. Hele, bee\u017eil taustal tapeet eesti keeles planeetidega - Marss, Jupiter, Veenus, Merkuur jne.","robots":{"index":"index","follow":"follow","max-snippet":"max-snippet:-1","max-image-preview":"max-image-preview:large","max-video-preview":"max-video-preview:-1"},"canonical":"https:\/\/baubauwall.com\/et\/toode\/paikesesusteem-beez-eesti-keeles\/","og_locale":"et_EE","og_type":"article","og_title":"Pilttapeet planeetide ja kosmosega. Sinu seina m\u00f5\u00f5dus tapeedid","og_description":"Astronoomia huvilise pilttapeet p\u00e4ikeses\u00fcsteemi planeetidega. Hele, bee\u017eil taustal tapeet eesti keeles planeetidega - Marss, Jupiter, Veenus, Merkuur jne.","og_url":"https:\/\/baubauwall.com\/et\/toode\/paikesesusteem-beez-eesti-keeles\/","og_site_name":"BAUBAUWALL TAPEEDID","article_publisher":"https:\/\/www.facebook.com\/Baubauwall","article_modified_time":"2025-09-08T09:54:08+00:00","og_image":[{"width":901,"height":800,"url":"https:\/\/baubauwall.com\/wp-content\/uploads\/2022\/03\/51200104_SolarSystem_EST-light_Baubauwall_Wallmural_room8.jpg","type":"image\/jpeg"}],"twitter_card":"summary_large_image","twitter_misc":{"Est. reading time":"1 minut"},"schema":{"@context":"https:\/\/schema.org","@graph":[{"@type":"WebPage","@id":"https:\/\/baubauwall.com\/et\/toode\/paikesesusteem-beez-eesti-keeles\/","url":"https:\/\/baubauwall.com\/et\/toode\/paikesesusteem-beez-eesti-keeles\/","name":"Pilttapeet planeetide ja kosmosega. Sinu seina m\u00f5\u00f5dus tapeedid","isPartOf":{"@id":"https:\/\/baubauwall.com\/et\/#website"},"primaryImageOfPage":{"@id":"https:\/\/baubauwall.com\/et\/toode\/paikesesusteem-beez-eesti-keeles\/#primaryimage"},"image":{"@id":"https:\/\/baubauwall.com\/et\/toode\/paikesesusteem-beez-eesti-keeles\/#primaryimage"},"thumbnailUrl":"https:\/\/baubauwall.com\/wp-content\/uploads\/2022\/03\/51200104_SolarSystem_EST-light_Baubauwall_Wallmural_room8.jpg","datePublished":"2022-03-03T05:18:25+00:00","dateModified":"2025-09-08T09:54:08+00:00","description":"Astronoomia huvilise pilttapeet p\u00e4ikeses\u00fcsteemi planeetidega. Hele, bee\u017eil taustal tapeet eesti keeles planeetidega - Marss, Jupiter, Veenus, Merkuur jne.","breadcrumb":{"@id":"https:\/\/baubauwall.com\/et\/toode\/paikesesusteem-beez-eesti-keeles\/#breadcrumb"},"inLanguage":"et","potentialAction":[{"@type":"ReadAction","target":["https:\/\/baubauwall.com\/et\/toode\/paikesesusteem-beez-eesti-keeles\/"]}]},{"@type":"ImageObject","inLanguage":"et","@id":"https:\/\/baubauwall.com\/et\/toode\/paikesesusteem-beez-eesti-keeles\/#primaryimage","url":"https:\/\/baubauwall.com\/wp-content\/uploads\/2022\/03\/51200104_SolarSystem_EST-light_Baubauwall_Wallmural_room8.jpg","contentUrl":"https:\/\/baubauwall.com\/wp-content\/uploads\/2022\/03\/51200104_SolarSystem_EST-light_Baubauwall_Wallmural_room8.jpg","width":901,"height":800},{"@type":"BreadcrumbList","@id":"https:\/\/baubauwall.com\/et\/toode\/paikesesusteem-beez-eesti-keeles\/#breadcrumb","itemListElement":[{"@type":"ListItem","position":1,"name":"Koju","item":"https:\/\/baubauwall.com\/et\/"},{"@type":"ListItem","position":2,"name":"Tapeedid","item":"https:\/\/baubauwall.com\/et\/tapeedid\/"},{"@type":"ListItem","position":3,"name":"P\u00e4ikeses\u00fcsteem &#8211; bee\u017e (eesti keeles)"}]},{"@type":"WebSite","@id":"https:\/\/baubauwall.com\/et\/#website","url":"https:\/\/baubauwall.com\/et\/","name":"BAUBAUWALL Wallpapers","description":"Valmis paanides tapeet Eestist!","publisher":{"@id":"https:\/\/baubauwall.com\/et\/#organization"},"potentialAction":[{"@type":"SearchAction","target":{"@type":"EntryPoint","urlTemplate":"https:\/\/baubauwall.com\/et\/?s={search_term_string}"},"query-input":{"@type":"PropertyValueSpecification","valueRequired":true,"valueName":"search_term_string"}}],"inLanguage":"et"},{"@type":"Organization","@id":"https:\/\/baubauwall.com\/et\/#organization","name":"BAUBAUWALL Wallpapers","url":"https:\/\/baubauwall.com\/et\/","logo":{"@type":"ImageObject","inLanguage":"et","@id":"https:\/\/baubauwall.com\/et\/#\/schema\/logo\/image\/","url":"https:\/\/baubauwall.com\/wp-content\/uploads\/2022\/03\/logo-horizontal.svg","contentUrl":"https:\/\/baubauwall.com\/wp-content\/uploads\/2022\/03\/logo-horizontal.svg","width":"1024","height":"1024","caption":"BAUBAUWALL Wallpapers"},"image":{"@id":"https:\/\/baubauwall.com\/et\/#\/schema\/logo\/image\/"},"sameAs":["https:\/\/www.facebook.com\/Baubauwall","https:\/\/www.instagram.com\/baubauwall"]}]}},"jetpack_sharing_enabled":true,"_links":{"self":[{"href":"https:\/\/baubauwall.com\/et\/wp-json\/wp\/v2\/product\/20712","targetHints":{"allow":["GET"]}}],"collection":[{"href":"https:\/\/baubauwall.com\/et\/wp-json\/wp\/v2\/product"}],"about":[{"href":"https:\/\/baubauwall.com\/et\/wp-json\/wp\/v2\/types\/product"}],"replies":[{"embeddable":true,"href":"https:\/\/baubauwall.com\/et\/wp-json\/wp\/v2\/comments?post=20712"}],"wp:featuredmedia":[{"embeddable":true,"href":"https:\/\/baubauwall.com\/et\/wp-json\/wp\/v2\/media\/20683"}],"wp:attachment":[{"href":"https:\/\/baubauwall.com\/et\/wp-json\/wp\/v2\/media?parent=20712"}],"wp:term":[{"taxonomy":"product_brand","embeddable":true,"href":"https:\/\/baubauwall.com\/et\/wp-json\/wp\/v2\/product_brand?post=20712"},{"taxonomy":"product_cat","embeddable":true,"href":"https:\/\/baubauwall.com\/et\/wp-json\/wp\/v2\/product_cat?post=20712"},{"taxonomy":"product_tag","embeddable":true,"href":"https:\/\/baubauwall.com\/et\/wp-json\/wp\/v2\/product_tag?post=20712"}],"curies":[{"name":"wp","href":"https:\/\/api.w.org\/{rel}","templated":true}]}}