{"id":20776,"date":"2022-10-23T07:18:33","date_gmt":"2022-10-23T05:18:33","guid":{"rendered":"https:\/\/baubauwall.com\/product\/wall-mural-solar-exploration-estonian\/"},"modified":"2025-05-12T15:50:05","modified_gmt":"2025-05-12T13:50:05","slug":"pilttapeet-kosmose-avastusretk-eesti-keeles","status":"publish","type":"product","link":"https:\/\/baubauwall.com\/et\/toode\/pilttapeet-kosmose-avastusretk-eesti-keeles\/","title":{"rendered":"Kosmose avastusretk (eesti keeles)"},"content":{"rendered":"<p class=\"\" data-start=\"143\" data-end=\"436\">Kosmosetapeet kosmosest &#8211; otse laste- v\u00f5i noortetuppa! <em data-start=\"182\" data-end=\"201\">Kosmose avastusretk<\/em> on bee\u017eides toonides pilttapeet, mis viib uudishimulikud rahulikule r\u00e4nnakule l\u00e4bi P\u00e4ikeses\u00fcsteemi. Siin on k\u00f5ik meie planeedid \u2013 alates pisikesest Merkuurist kuni v\u00f5imsa Jupiterini \u2013 h\u00f5ljumas l\u00e4bi vaikse ja rahuliku taevatausta. Parim osa &#8211; see k\u00f5ik on ksomilisel tapeedil kirjas eesti keeles!<\/p>\n<p class=\"\" data-start=\"438\" data-end=\"683\">See pilttapeet sobib ideaalselt lastele ja noortele, keda paelub kosmos, teadus v\u00f5i lihtsalt p\u00f5nevad maailmad. Neutraalne v\u00e4rvigamma teeb selle kergesti sobitatavaks &#8211; pane juurde klassikaline valge v\u00f5i tammepuit ning miski ei l\u00e4he valesti!<\/p>\n<p><strong>Miks osta tapeet siit? Tapeetimine pole kunagi nii lihtne olnud!<\/strong><\/p>\n<ul>\n<li>Eesti disain<\/li>\n<li>Nummerdatud tapeedipaanid<\/li>\n<li>Just nii pikad tapeedipaanid, kui on Sinu sein<\/li>\n<li>Premium, matt\u00a0<a href=\"https:\/\/baubauwall.com\/et\/nipid\/fliistapeet-voi-pabertapeet\/\" target=\"_blank\" rel=\"noopener\">fliistapeedi materjal<\/a><\/li>\n<li>M\u00fcrgivabad tr\u00fckiv\u00e4rvid, Greenguard sertifitseeritud<\/li>\n<li>Keskkonnas\u00f5bralik, j\u00e4\u00e4tmevaba tapeetimine<\/li>\n<li>Tasuta tapeediliim<\/li>\n<li>Tasuta transport ja kiire tarne 5 t\u00f6\u00f6p\u00e4evaga<\/li>\n<\/ul>\n","protected":false},"excerpt":{"rendered":"<p>Kosmosetapeet kosmosest &#8211; otse laste- v\u00f5i noortetuppa! Kosmose avastusretk on bee\u017eides toonides pilttapeet, mis viib uudishimulikud rahulikule r\u00e4nnakule l\u00e4bi P\u00e4ikeses\u00fcsteemi. Siin on k\u00f5ik meie planeedid \u2013 alates pisikesest Merkuurist kuni v\u00f5imsa Jupiterini \u2013 h\u00f5ljumas l\u00e4bi vaikse ja rahuliku taevatausta. Parim osa &#8211; see k\u00f5ik on ksomilisel tapeedil kirjas eesti keeles! See pilttapeet sobib ideaalselt lastele [&hellip;]<\/p>\n","protected":false},"featured_media":20771,"comment_status":"open","ping_status":"closed","template":"","meta":{"_acf_changed":false,"inline_featured_image":false},"product_brand":[],"product_cat":[387,396,265,272,273,413,400,399,614],"product_tag":[430,345,376],"class_list":{"0":"post-20776","1":"product","2":"type-product","3":"status-publish","4":"has-post-thumbnail","6":"product_cat-pilttapeedid","7":"product_cat-skandinaavia","8":"product_cat-beezid-tapeedid","9":"product_cat-hallid-tapeedid","10":"product_cat-heledad-tapeedid","11":"product_cat-magamistoa-tapeedid","12":"product_cat-lastetoa-tapeedid","13":"product_cat-kodukontori-tapeedid","14":"product_cat-kosmos-galaktika-et","15":"product_tag-kosmos","16":"product_tag-pilttapeet","17":"product_tag-teismelise-tuba","18":"pa_designedby-baubauwall","20":"first","21":"instock","22":"taxable","23":"shipping-taxable","24":"purchasable","25":"product-type-simple"},"acf":[],"yoast_head":"<!-- This site is optimized with the Yoast SEO plugin v25.9 - https:\/\/yoast.com\/wordpress\/plugins\/seo\/ -->\n<title>Kosmosetapeet lastele. Seina m\u00f5\u00f5tu tapeedid<\/title>\n<meta name=\"description\" content=\"Hele kosmosetapeet galaktika ja planeetidega eesti keeles. Koge kaugeid planeete oma toas. Pilttapeet astronoomiahuvilisele. Keskkonnas\u00f5bralikud tapeedid.\" \/>\n<meta name=\"robots\" content=\"index, follow, max-snippet:-1, max-image-preview:large, max-video-preview:-1\" \/>\n<link rel=\"canonical\" href=\"https:\/\/baubauwall.com\/et\/toode\/pilttapeet-kosmose-avastusretk-eesti-keeles\/\" \/>\n<meta property=\"og:locale\" content=\"et_EE\" \/>\n<meta property=\"og:type\" content=\"article\" \/>\n<meta property=\"og:title\" content=\"Kosmose avastusretk (eesti keeles)\" \/>\n<meta property=\"og:description\" content=\"BAUBAUWALL Wallpapers\" \/>\n<meta property=\"og:url\" content=\"https:\/\/baubauwall.com\/et\/toode\/pilttapeet-kosmose-avastusretk-eesti-keeles\/\" \/>\n<meta property=\"og:site_name\" content=\"BAUBAUWALL Wallpapers\" \/>\n<meta property=\"article:publisher\" content=\"https:\/\/www.facebook.com\/Baubauwall\" \/>\n<meta property=\"article:modified_time\" content=\"2025-05-12T13:50:05+00:00\" \/>\n<meta property=\"og:image\" content=\"https:\/\/baubauwall.com\/wp-content\/uploads\/2022\/03\/51200128_SolarExploration_EST_Baubauwall_Wallmural_room6.jpg\" \/>\n\t<meta property=\"og:image:width\" content=\"1200\" \/>\n\t<meta property=\"og:image:height\" content=\"800\" \/>\n\t<meta property=\"og:image:type\" content=\"image\/jpeg\" \/>\n<meta name=\"twitter:card\" content=\"summary_large_image\" \/>\n<meta name=\"twitter:label1\" content=\"Est. reading time\" \/>\n\t<meta name=\"twitter:data1\" content=\"1 minut\" \/>\n<script type=\"application\/ld+json\" class=\"yoast-schema-graph\">{\"@context\":\"https:\/\/schema.org\",\"@graph\":[{\"@type\":\"WebPage\",\"@id\":\"https:\/\/baubauwall.com\/et\/toode\/pilttapeet-kosmose-avastusretk-eesti-keeles\/\",\"url\":\"https:\/\/baubauwall.com\/et\/toode\/pilttapeet-kosmose-avastusretk-eesti-keeles\/\",\"name\":\"Kosmosetapeet lastele. Seina m\u00f5\u00f5tu tapeedid\",\"isPartOf\":{\"@id\":\"https:\/\/baubauwall.com\/et\/#website\"},\"primaryImageOfPage\":{\"@id\":\"https:\/\/baubauwall.com\/et\/toode\/pilttapeet-kosmose-avastusretk-eesti-keeles\/#primaryimage\"},\"image\":{\"@id\":\"https:\/\/baubauwall.com\/et\/toode\/pilttapeet-kosmose-avastusretk-eesti-keeles\/#primaryimage\"},\"thumbnailUrl\":\"https:\/\/baubauwall.com\/wp-content\/uploads\/2022\/03\/51200128_SolarExploration_EST_Baubauwall_Wallmural_room2.jpg\",\"datePublished\":\"2022-10-23T05:18:33+00:00\",\"dateModified\":\"2025-05-12T13:50:05+00:00\",\"description\":\"Hele kosmosetapeet galaktika ja planeetidega eesti keeles. Koge kaugeid planeete oma toas. Pilttapeet astronoomiahuvilisele. Keskkonnas\u00f5bralikud tapeedid.\",\"breadcrumb\":{\"@id\":\"https:\/\/baubauwall.com\/et\/toode\/pilttapeet-kosmose-avastusretk-eesti-keeles\/#breadcrumb\"},\"inLanguage\":\"et\",\"potentialAction\":[{\"@type\":\"ReadAction\",\"target\":[\"https:\/\/baubauwall.com\/et\/toode\/pilttapeet-kosmose-avastusretk-eesti-keeles\/\"]}]},{\"@type\":\"ImageObject\",\"inLanguage\":\"et\",\"@id\":\"https:\/\/baubauwall.com\/et\/toode\/pilttapeet-kosmose-avastusretk-eesti-keeles\/#primaryimage\",\"url\":\"https:\/\/baubauwall.com\/wp-content\/uploads\/2022\/03\/51200128_SolarExploration_EST_Baubauwall_Wallmural_room2.jpg\",\"contentUrl\":\"https:\/\/baubauwall.com\/wp-content\/uploads\/2022\/03\/51200128_SolarExploration_EST_Baubauwall_Wallmural_room2.jpg\",\"width\":1187,\"height\":800},{\"@type\":\"BreadcrumbList\",\"@id\":\"https:\/\/baubauwall.com\/et\/toode\/pilttapeet-kosmose-avastusretk-eesti-keeles\/#breadcrumb\",\"itemListElement\":[{\"@type\":\"ListItem\",\"position\":1,\"name\":\"Koju\",\"item\":\"https:\/\/baubauwall.com\/et\/\"},{\"@type\":\"ListItem\",\"position\":2,\"name\":\"Tapeedid\",\"item\":\"https:\/\/baubauwall.com\/et\/tapeedid\/\"},{\"@type\":\"ListItem\",\"position\":3,\"name\":\"Kosmose avastusretk (eesti keeles)\"}]},{\"@type\":\"WebSite\",\"@id\":\"https:\/\/baubauwall.com\/et\/#website\",\"url\":\"https:\/\/baubauwall.com\/et\/\",\"name\":\"BAUBAUWALL Wallpapers\",\"description\":\"Valmis paanides tapeet Eestist!\",\"publisher\":{\"@id\":\"https:\/\/baubauwall.com\/et\/#organization\"},\"potentialAction\":[{\"@type\":\"SearchAction\",\"target\":{\"@type\":\"EntryPoint\",\"urlTemplate\":\"https:\/\/baubauwall.com\/et\/?s={search_term_string}\"},\"query-input\":{\"@type\":\"PropertyValueSpecification\",\"valueRequired\":true,\"valueName\":\"search_term_string\"}}],\"inLanguage\":\"et\"},{\"@type\":\"Organization\",\"@id\":\"https:\/\/baubauwall.com\/et\/#organization\",\"name\":\"BAUBAUWALL Wallpapers\",\"url\":\"https:\/\/baubauwall.com\/et\/\",\"logo\":{\"@type\":\"ImageObject\",\"inLanguage\":\"et\",\"@id\":\"https:\/\/baubauwall.com\/et\/#\/schema\/logo\/image\/\",\"url\":\"https:\/\/baubauwall.com\/wp-content\/uploads\/2022\/03\/logo-horizontal.svg\",\"contentUrl\":\"https:\/\/baubauwall.com\/wp-content\/uploads\/2022\/03\/logo-horizontal.svg\",\"width\":\"1024\",\"height\":\"1024\",\"caption\":\"BAUBAUWALL Wallpapers\"},\"image\":{\"@id\":\"https:\/\/baubauwall.com\/et\/#\/schema\/logo\/image\/\"},\"sameAs\":[\"https:\/\/www.facebook.com\/Baubauwall\",\"https:\/\/www.instagram.com\/baubauwall\"]}]}<\/script>\n<!-- \/ Yoast SEO plugin. -->","yoast_head_json":{"title":"Kosmosetapeet lastele. Seina m\u00f5\u00f5tu tapeedid","description":"Hele kosmosetapeet galaktika ja planeetidega eesti keeles. Koge kaugeid planeete oma toas. Pilttapeet astronoomiahuvilisele. Keskkonnas\u00f5bralikud tapeedid.","robots":{"index":"index","follow":"follow","max-snippet":"max-snippet:-1","max-image-preview":"max-image-preview:large","max-video-preview":"max-video-preview:-1"},"canonical":"https:\/\/baubauwall.com\/et\/toode\/pilttapeet-kosmose-avastusretk-eesti-keeles\/","og_locale":"et_EE","og_type":"article","og_title":"Kosmose avastusretk (eesti keeles)","og_description":"BAUBAUWALL Wallpapers","og_url":"https:\/\/baubauwall.com\/et\/toode\/pilttapeet-kosmose-avastusretk-eesti-keeles\/","og_site_name":"BAUBAUWALL Wallpapers","article_publisher":"https:\/\/www.facebook.com\/Baubauwall","article_modified_time":"2025-05-12T13:50:05+00:00","og_image":[{"width":1200,"height":800,"url":"https:\/\/baubauwall.com\/wp-content\/uploads\/2022\/03\/51200128_SolarExploration_EST_Baubauwall_Wallmural_room6.jpg","type":"image\/jpeg"}],"twitter_card":"summary_large_image","twitter_misc":{"Est. reading time":"1 minut"},"schema":{"@context":"https:\/\/schema.org","@graph":[{"@type":"WebPage","@id":"https:\/\/baubauwall.com\/et\/toode\/pilttapeet-kosmose-avastusretk-eesti-keeles\/","url":"https:\/\/baubauwall.com\/et\/toode\/pilttapeet-kosmose-avastusretk-eesti-keeles\/","name":"Kosmosetapeet lastele. Seina m\u00f5\u00f5tu tapeedid","isPartOf":{"@id":"https:\/\/baubauwall.com\/et\/#website"},"primaryImageOfPage":{"@id":"https:\/\/baubauwall.com\/et\/toode\/pilttapeet-kosmose-avastusretk-eesti-keeles\/#primaryimage"},"image":{"@id":"https:\/\/baubauwall.com\/et\/toode\/pilttapeet-kosmose-avastusretk-eesti-keeles\/#primaryimage"},"thumbnailUrl":"https:\/\/baubauwall.com\/wp-content\/uploads\/2022\/03\/51200128_SolarExploration_EST_Baubauwall_Wallmural_room2.jpg","datePublished":"2022-10-23T05:18:33+00:00","dateModified":"2025-05-12T13:50:05+00:00","description":"Hele kosmosetapeet galaktika ja planeetidega eesti keeles. Koge kaugeid planeete oma toas. Pilttapeet astronoomiahuvilisele. Keskkonnas\u00f5bralikud tapeedid.","breadcrumb":{"@id":"https:\/\/baubauwall.com\/et\/toode\/pilttapeet-kosmose-avastusretk-eesti-keeles\/#breadcrumb"},"inLanguage":"et","potentialAction":[{"@type":"ReadAction","target":["https:\/\/baubauwall.com\/et\/toode\/pilttapeet-kosmose-avastusretk-eesti-keeles\/"]}]},{"@type":"ImageObject","inLanguage":"et","@id":"https:\/\/baubauwall.com\/et\/toode\/pilttapeet-kosmose-avastusretk-eesti-keeles\/#primaryimage","url":"https:\/\/baubauwall.com\/wp-content\/uploads\/2022\/03\/51200128_SolarExploration_EST_Baubauwall_Wallmural_room2.jpg","contentUrl":"https:\/\/baubauwall.com\/wp-content\/uploads\/2022\/03\/51200128_SolarExploration_EST_Baubauwall_Wallmural_room2.jpg","width":1187,"height":800},{"@type":"BreadcrumbList","@id":"https:\/\/baubauwall.com\/et\/toode\/pilttapeet-kosmose-avastusretk-eesti-keeles\/#breadcrumb","itemListElement":[{"@type":"ListItem","position":1,"name":"Koju","item":"https:\/\/baubauwall.com\/et\/"},{"@type":"ListItem","position":2,"name":"Tapeedid","item":"https:\/\/baubauwall.com\/et\/tapeedid\/"},{"@type":"ListItem","position":3,"name":"Kosmose avastusretk (eesti keeles)"}]},{"@type":"WebSite","@id":"https:\/\/baubauwall.com\/et\/#website","url":"https:\/\/baubauwall.com\/et\/","name":"BAUBAUWALL Wallpapers","description":"Valmis paanides tapeet Eestist!","publisher":{"@id":"https:\/\/baubauwall.com\/et\/#organization"},"potentialAction":[{"@type":"SearchAction","target":{"@type":"EntryPoint","urlTemplate":"https:\/\/baubauwall.com\/et\/?s={search_term_string}"},"query-input":{"@type":"PropertyValueSpecification","valueRequired":true,"valueName":"search_term_string"}}],"inLanguage":"et"},{"@type":"Organization","@id":"https:\/\/baubauwall.com\/et\/#organization","name":"BAUBAUWALL Wallpapers","url":"https:\/\/baubauwall.com\/et\/","logo":{"@type":"ImageObject","inLanguage":"et","@id":"https:\/\/baubauwall.com\/et\/#\/schema\/logo\/image\/","url":"https:\/\/baubauwall.com\/wp-content\/uploads\/2022\/03\/logo-horizontal.svg","contentUrl":"https:\/\/baubauwall.com\/wp-content\/uploads\/2022\/03\/logo-horizontal.svg","width":"1024","height":"1024","caption":"BAUBAUWALL Wallpapers"},"image":{"@id":"https:\/\/baubauwall.com\/et\/#\/schema\/logo\/image\/"},"sameAs":["https:\/\/www.facebook.com\/Baubauwall","https:\/\/www.instagram.com\/baubauwall"]}]}},"jetpack_sharing_enabled":true,"_links":{"self":[{"href":"https:\/\/baubauwall.com\/et\/wp-json\/wp\/v2\/product\/20776","targetHints":{"allow":["GET"]}}],"collection":[{"href":"https:\/\/baubauwall.com\/et\/wp-json\/wp\/v2\/product"}],"about":[{"href":"https:\/\/baubauwall.com\/et\/wp-json\/wp\/v2\/types\/product"}],"replies":[{"embeddable":true,"href":"https:\/\/baubauwall.com\/et\/wp-json\/wp\/v2\/comments?post=20776"}],"wp:featuredmedia":[{"embeddable":true,"href":"https:\/\/baubauwall.com\/et\/wp-json\/wp\/v2\/media\/20771"}],"wp:attachment":[{"href":"https:\/\/baubauwall.com\/et\/wp-json\/wp\/v2\/media?parent=20776"}],"wp:term":[{"taxonomy":"product_brand","embeddable":true,"href":"https:\/\/baubauwall.com\/et\/wp-json\/wp\/v2\/product_brand?post=20776"},{"taxonomy":"product_cat","embeddable":true,"href":"https:\/\/baubauwall.com\/et\/wp-json\/wp\/v2\/product_cat?post=20776"},{"taxonomy":"product_tag","embeddable":true,"href":"https:\/\/baubauwall.com\/et\/wp-json\/wp\/v2\/product_tag?post=20776"}],"curies":[{"name":"wp","href":"https:\/\/api.w.org\/{rel}","templated":true}]}}