{"id":20816,"date":"2022-10-26T07:18:34","date_gmt":"2022-10-26T05:18:34","guid":{"rendered":"https:\/\/baubauwall.com\/product\/wall-mural-jellyfish-tale-blue\/"},"modified":"2022-11-11T14:03:21","modified_gmt":"2022-11-11T12:03:21","slug":"pilttapeet-lugu-millimallikast-helesinine","status":"publish","type":"product","link":"https:\/\/baubauwall.com\/et\/toode\/pilttapeet-lugu-millimallikast-helesinine\/","title":{"rendered":"Lugu millimallikatest &#8211; helesinine"},"content":{"rendered":"<p>P\u00f5hjamaise, m\u00e4ngulise ja armsa disainiga pilttapeet lastetuppa. Armsad millimallikad h\u00f5ljuvad muretult ookeanip\u00f5hjas, seltsiks merit\u00e4hed ja veealune taimestik. Meduuside ehk millimallikate pilttapeet on sobilik lastele erinevas vanuses ja tegu sellise disainiga, mis ei v\u00e4sita. Vastupidi, tapeet, mis pakun kogu aeg avastamisr\u00f5\u00f5mu! Kui eelistaksid meduusidega tapeeti valgel taustal, siis meil on see olemas<a href=\"https:\/\/baubauwall.com\/et\/toode\/pilttapeet-lugu-millimallikatest-valge\/\"> siin.<\/a><\/p>\n<p>T\u00e4iuslik ja l\u00f5bus tapeet lastetuppa \u2013 olgu see siis poiste v\u00f5i t\u00fcdrukute tuba. <a href=\"https:\/\/baubauwall.com\/et\/uudised\/kodu-koige-lustlikum-tuba\/\" target=\"_blank\" rel=\"noopener\">Loe lastetoa tapeetidest<\/a> meie ajakirjast! Nagu k\u00f5ik meie tapeedid, pilttapeedid ja fototapeedid, on ka see disain tr\u00fckitud keskkonnas\u00f5bralike v\u00e4rvidega, hingavale fliistapeedi materjalile. Loe lisaks j\u00e4\u00e4tmevabast tootmisest <a href=\"https:\/\/baubauwall.com\/et\/keskkonnasobralikud-tapeedid\/\" target=\"_blank\" rel=\"noopener\">siin.\u00a0<\/a><\/p>\n","protected":false},"excerpt":{"rendered":"<p>P\u00f5hjamaise, m\u00e4ngulise ja armsa disainiga pilttapeet lastetuppa. Armsad millimallikad h\u00f5ljuvad muretult ookeanip\u00f5hjas, seltsiks merit\u00e4hed ja veealune taimestik. Meduuside ehk millimallikate pilttapeet on sobilik lastele erinevas vanuses ja tegu sellise disainiga, mis ei v\u00e4sita. Vastupidi, tapeet, mis pakun kogu aeg avastamisr\u00f5\u00f5mu! Kui eelistaksid meduusidega tapeeti valgel taustal, siis meil on see olemas siin. T\u00e4iuslik ja l\u00f5bus [&hellip;]<\/p>\n","protected":false},"featured_media":20802,"comment_status":"open","ping_status":"closed","template":"","meta":{"_acf_changed":false,"inline_featured_image":false},"product_brand":[],"product_cat":[387,396,267,268,272,273,276,400,252,259],"product_tag":[349,345],"class_list":{"0":"post-20816","1":"product","2":"type-product","3":"status-publish","4":"has-post-thumbnail","6":"product_cat-pilttapeedid","7":"product_cat-skandinaavia","8":"product_cat-sinised-tapeedid","9":"product_cat-kirkad-tapeedid","10":"product_cat-hallid-tapeedid","11":"product_cat-heledad-tapeedid","12":"product_cat-pastelsed-tapeedid","13":"product_cat-lastetoa-tapeedid","14":"product_cat-ookean-meri","15":"product_cat-kalad-veealune-maailm","16":"product_tag-beebituba","17":"product_tag-pilttapeet","18":"pa_designedby-baubauwall","20":"first","21":"instock","22":"taxable","23":"shipping-taxable","24":"purchasable","25":"product-type-simple"},"acf":[],"yoast_head":"<!-- This site is optimized with the Yoast SEO plugin v25.9 - https:\/\/yoast.com\/wordpress\/plugins\/seo\/ -->\n<title>Muinasjutuline pilttapeet lastetoa seinale. Millimallikate seiklused<\/title>\n<meta name=\"description\" content=\"Keskkonnas\u00f5bralik pilttapeet lastetoa seinale. L\u00f5bus muinasjutumaailm vee all millimallikate ja muu mere-eluga. Helesinine tapeet lasetuppa.\" \/>\n<meta name=\"robots\" content=\"index, follow, max-snippet:-1, max-image-preview:large, max-video-preview:-1\" \/>\n<link rel=\"canonical\" href=\"https:\/\/baubauwall.com\/et\/toode\/pilttapeet-lugu-millimallikast-helesinine\/\" \/>\n<meta property=\"og:locale\" content=\"et_EE\" \/>\n<meta property=\"og:type\" content=\"article\" \/>\n<meta property=\"og:title\" content=\"Lugu millimallikatest - helesinine\" \/>\n<meta property=\"og:description\" content=\"BAUBAUWALL TAPEEDID\" \/>\n<meta property=\"og:url\" content=\"https:\/\/baubauwall.com\/et\/toode\/pilttapeet-lugu-millimallikast-helesinine\/\" \/>\n<meta property=\"og:site_name\" content=\"BAUBAUWALL TAPEEDID\" \/>\n<meta property=\"article:publisher\" content=\"https:\/\/www.facebook.com\/Baubauwall\" \/>\n<meta property=\"article:modified_time\" content=\"2022-11-11T12:03:21+00:00\" \/>\n<meta property=\"og:image\" content=\"https:\/\/baubauwall.com\/wp-content\/uploads\/2022\/03\/51200129_Jellyfish_tale_kids_wall_mural_baubauwall_roomview-13.jpg\" \/>\n\t<meta property=\"og:image:width\" content=\"1517\" \/>\n\t<meta property=\"og:image:height\" content=\"800\" \/>\n\t<meta property=\"og:image:type\" content=\"image\/jpeg\" \/>\n<meta name=\"twitter:card\" content=\"summary_large_image\" \/>\n<meta name=\"twitter:label1\" content=\"Est. reading time\" \/>\n\t<meta name=\"twitter:data1\" content=\"1 minut\" \/>\n<script type=\"application\/ld+json\" class=\"yoast-schema-graph\">{\"@context\":\"https:\/\/schema.org\",\"@graph\":[{\"@type\":\"WebPage\",\"@id\":\"https:\/\/baubauwall.com\/et\/toode\/pilttapeet-lugu-millimallikast-helesinine\/\",\"url\":\"https:\/\/baubauwall.com\/et\/toode\/pilttapeet-lugu-millimallikast-helesinine\/\",\"name\":\"Muinasjutuline pilttapeet lastetoa seinale. Millimallikate seiklused\",\"isPartOf\":{\"@id\":\"https:\/\/baubauwall.com\/et\/#website\"},\"primaryImageOfPage\":{\"@id\":\"https:\/\/baubauwall.com\/et\/toode\/pilttapeet-lugu-millimallikast-helesinine\/#primaryimage\"},\"image\":{\"@id\":\"https:\/\/baubauwall.com\/et\/toode\/pilttapeet-lugu-millimallikast-helesinine\/#primaryimage\"},\"thumbnailUrl\":\"https:\/\/baubauwall.com\/wp-content\/uploads\/2022\/03\/51200129_Jellyfish_tale_kids_wall_mural_baubauwall_roomview-12.jpg\",\"datePublished\":\"2022-10-26T05:18:34+00:00\",\"dateModified\":\"2022-11-11T12:03:21+00:00\",\"description\":\"Keskkonnas\u00f5bralik pilttapeet lastetoa seinale. L\u00f5bus muinasjutumaailm vee all millimallikate ja muu mere-eluga. Helesinine tapeet lasetuppa.\",\"breadcrumb\":{\"@id\":\"https:\/\/baubauwall.com\/et\/toode\/pilttapeet-lugu-millimallikast-helesinine\/#breadcrumb\"},\"inLanguage\":\"et\",\"potentialAction\":[{\"@type\":\"ReadAction\",\"target\":[\"https:\/\/baubauwall.com\/et\/toode\/pilttapeet-lugu-millimallikast-helesinine\/\"]}]},{\"@type\":\"ImageObject\",\"inLanguage\":\"et\",\"@id\":\"https:\/\/baubauwall.com\/et\/toode\/pilttapeet-lugu-millimallikast-helesinine\/#primaryimage\",\"url\":\"https:\/\/baubauwall.com\/wp-content\/uploads\/2022\/03\/51200129_Jellyfish_tale_kids_wall_mural_baubauwall_roomview-12.jpg\",\"contentUrl\":\"https:\/\/baubauwall.com\/wp-content\/uploads\/2022\/03\/51200129_Jellyfish_tale_kids_wall_mural_baubauwall_roomview-12.jpg\",\"width\":553,\"height\":800},{\"@type\":\"BreadcrumbList\",\"@id\":\"https:\/\/baubauwall.com\/et\/toode\/pilttapeet-lugu-millimallikast-helesinine\/#breadcrumb\",\"itemListElement\":[{\"@type\":\"ListItem\",\"position\":1,\"name\":\"Koju\",\"item\":\"https:\/\/baubauwall.com\/et\/\"},{\"@type\":\"ListItem\",\"position\":2,\"name\":\"Tapeedid\",\"item\":\"https:\/\/baubauwall.com\/et\/tapeedid\/\"},{\"@type\":\"ListItem\",\"position\":3,\"name\":\"Lugu millimallikatest &#8211; helesinine\"}]},{\"@type\":\"WebSite\",\"@id\":\"https:\/\/baubauwall.com\/et\/#website\",\"url\":\"https:\/\/baubauwall.com\/et\/\",\"name\":\"BAUBAUWALL Wallpapers\",\"description\":\"Valmis paanides tapeet Eestist!\",\"publisher\":{\"@id\":\"https:\/\/baubauwall.com\/et\/#organization\"},\"potentialAction\":[{\"@type\":\"SearchAction\",\"target\":{\"@type\":\"EntryPoint\",\"urlTemplate\":\"https:\/\/baubauwall.com\/et\/?s={search_term_string}\"},\"query-input\":{\"@type\":\"PropertyValueSpecification\",\"valueRequired\":true,\"valueName\":\"search_term_string\"}}],\"inLanguage\":\"et\"},{\"@type\":\"Organization\",\"@id\":\"https:\/\/baubauwall.com\/et\/#organization\",\"name\":\"BAUBAUWALL Wallpapers\",\"url\":\"https:\/\/baubauwall.com\/et\/\",\"logo\":{\"@type\":\"ImageObject\",\"inLanguage\":\"et\",\"@id\":\"https:\/\/baubauwall.com\/et\/#\/schema\/logo\/image\/\",\"url\":\"https:\/\/baubauwall.com\/wp-content\/uploads\/2022\/03\/logo-horizontal.svg\",\"contentUrl\":\"https:\/\/baubauwall.com\/wp-content\/uploads\/2022\/03\/logo-horizontal.svg\",\"width\":\"1024\",\"height\":\"1024\",\"caption\":\"BAUBAUWALL Wallpapers\"},\"image\":{\"@id\":\"https:\/\/baubauwall.com\/et\/#\/schema\/logo\/image\/\"},\"sameAs\":[\"https:\/\/www.facebook.com\/Baubauwall\",\"https:\/\/www.instagram.com\/baubauwall\"]}]}<\/script>\n<!-- \/ Yoast SEO plugin. -->","yoast_head_json":{"title":"Muinasjutuline pilttapeet lastetoa seinale. Millimallikate seiklused","description":"Keskkonnas\u00f5bralik pilttapeet lastetoa seinale. L\u00f5bus muinasjutumaailm vee all millimallikate ja muu mere-eluga. Helesinine tapeet lasetuppa.","robots":{"index":"index","follow":"follow","max-snippet":"max-snippet:-1","max-image-preview":"max-image-preview:large","max-video-preview":"max-video-preview:-1"},"canonical":"https:\/\/baubauwall.com\/et\/toode\/pilttapeet-lugu-millimallikast-helesinine\/","og_locale":"et_EE","og_type":"article","og_title":"Lugu millimallikatest - helesinine","og_description":"BAUBAUWALL TAPEEDID","og_url":"https:\/\/baubauwall.com\/et\/toode\/pilttapeet-lugu-millimallikast-helesinine\/","og_site_name":"BAUBAUWALL TAPEEDID","article_publisher":"https:\/\/www.facebook.com\/Baubauwall","article_modified_time":"2022-11-11T12:03:21+00:00","og_image":[{"width":1517,"height":800,"url":"https:\/\/baubauwall.com\/wp-content\/uploads\/2022\/03\/51200129_Jellyfish_tale_kids_wall_mural_baubauwall_roomview-13.jpg","type":"image\/jpeg"}],"twitter_card":"summary_large_image","twitter_misc":{"Est. reading time":"1 minut"},"schema":{"@context":"https:\/\/schema.org","@graph":[{"@type":"WebPage","@id":"https:\/\/baubauwall.com\/et\/toode\/pilttapeet-lugu-millimallikast-helesinine\/","url":"https:\/\/baubauwall.com\/et\/toode\/pilttapeet-lugu-millimallikast-helesinine\/","name":"Muinasjutuline pilttapeet lastetoa seinale. Millimallikate seiklused","isPartOf":{"@id":"https:\/\/baubauwall.com\/et\/#website"},"primaryImageOfPage":{"@id":"https:\/\/baubauwall.com\/et\/toode\/pilttapeet-lugu-millimallikast-helesinine\/#primaryimage"},"image":{"@id":"https:\/\/baubauwall.com\/et\/toode\/pilttapeet-lugu-millimallikast-helesinine\/#primaryimage"},"thumbnailUrl":"https:\/\/baubauwall.com\/wp-content\/uploads\/2022\/03\/51200129_Jellyfish_tale_kids_wall_mural_baubauwall_roomview-12.jpg","datePublished":"2022-10-26T05:18:34+00:00","dateModified":"2022-11-11T12:03:21+00:00","description":"Keskkonnas\u00f5bralik pilttapeet lastetoa seinale. L\u00f5bus muinasjutumaailm vee all millimallikate ja muu mere-eluga. Helesinine tapeet lasetuppa.","breadcrumb":{"@id":"https:\/\/baubauwall.com\/et\/toode\/pilttapeet-lugu-millimallikast-helesinine\/#breadcrumb"},"inLanguage":"et","potentialAction":[{"@type":"ReadAction","target":["https:\/\/baubauwall.com\/et\/toode\/pilttapeet-lugu-millimallikast-helesinine\/"]}]},{"@type":"ImageObject","inLanguage":"et","@id":"https:\/\/baubauwall.com\/et\/toode\/pilttapeet-lugu-millimallikast-helesinine\/#primaryimage","url":"https:\/\/baubauwall.com\/wp-content\/uploads\/2022\/03\/51200129_Jellyfish_tale_kids_wall_mural_baubauwall_roomview-12.jpg","contentUrl":"https:\/\/baubauwall.com\/wp-content\/uploads\/2022\/03\/51200129_Jellyfish_tale_kids_wall_mural_baubauwall_roomview-12.jpg","width":553,"height":800},{"@type":"BreadcrumbList","@id":"https:\/\/baubauwall.com\/et\/toode\/pilttapeet-lugu-millimallikast-helesinine\/#breadcrumb","itemListElement":[{"@type":"ListItem","position":1,"name":"Koju","item":"https:\/\/baubauwall.com\/et\/"},{"@type":"ListItem","position":2,"name":"Tapeedid","item":"https:\/\/baubauwall.com\/et\/tapeedid\/"},{"@type":"ListItem","position":3,"name":"Lugu millimallikatest &#8211; helesinine"}]},{"@type":"WebSite","@id":"https:\/\/baubauwall.com\/et\/#website","url":"https:\/\/baubauwall.com\/et\/","name":"BAUBAUWALL Wallpapers","description":"Valmis paanides tapeet Eestist!","publisher":{"@id":"https:\/\/baubauwall.com\/et\/#organization"},"potentialAction":[{"@type":"SearchAction","target":{"@type":"EntryPoint","urlTemplate":"https:\/\/baubauwall.com\/et\/?s={search_term_string}"},"query-input":{"@type":"PropertyValueSpecification","valueRequired":true,"valueName":"search_term_string"}}],"inLanguage":"et"},{"@type":"Organization","@id":"https:\/\/baubauwall.com\/et\/#organization","name":"BAUBAUWALL Wallpapers","url":"https:\/\/baubauwall.com\/et\/","logo":{"@type":"ImageObject","inLanguage":"et","@id":"https:\/\/baubauwall.com\/et\/#\/schema\/logo\/image\/","url":"https:\/\/baubauwall.com\/wp-content\/uploads\/2022\/03\/logo-horizontal.svg","contentUrl":"https:\/\/baubauwall.com\/wp-content\/uploads\/2022\/03\/logo-horizontal.svg","width":"1024","height":"1024","caption":"BAUBAUWALL Wallpapers"},"image":{"@id":"https:\/\/baubauwall.com\/et\/#\/schema\/logo\/image\/"},"sameAs":["https:\/\/www.facebook.com\/Baubauwall","https:\/\/www.instagram.com\/baubauwall"]}]}},"jetpack_sharing_enabled":true,"_links":{"self":[{"href":"https:\/\/baubauwall.com\/et\/wp-json\/wp\/v2\/product\/20816","targetHints":{"allow":["GET"]}}],"collection":[{"href":"https:\/\/baubauwall.com\/et\/wp-json\/wp\/v2\/product"}],"about":[{"href":"https:\/\/baubauwall.com\/et\/wp-json\/wp\/v2\/types\/product"}],"replies":[{"embeddable":true,"href":"https:\/\/baubauwall.com\/et\/wp-json\/wp\/v2\/comments?post=20816"}],"wp:featuredmedia":[{"embeddable":true,"href":"https:\/\/baubauwall.com\/et\/wp-json\/wp\/v2\/media\/20802"}],"wp:attachment":[{"href":"https:\/\/baubauwall.com\/et\/wp-json\/wp\/v2\/media?parent=20816"}],"wp:term":[{"taxonomy":"product_brand","embeddable":true,"href":"https:\/\/baubauwall.com\/et\/wp-json\/wp\/v2\/product_brand?post=20816"},{"taxonomy":"product_cat","embeddable":true,"href":"https:\/\/baubauwall.com\/et\/wp-json\/wp\/v2\/product_cat?post=20816"},{"taxonomy":"product_tag","embeddable":true,"href":"https:\/\/baubauwall.com\/et\/wp-json\/wp\/v2\/product_tag?post=20816"}],"curies":[{"name":"wp","href":"https:\/\/api.w.org\/{rel}","templated":true}]}}