{"id":21027,"date":"2022-10-03T07:18:39","date_gmt":"2022-10-03T05:18:39","guid":{"rendered":"https:\/\/baubauwall.com\/product\/wall-mural-horoscope-gemini-green\/"},"modified":"2023-04-25T09:44:06","modified_gmt":"2023-04-25T07:44:06","slug":"pilttapeet-kaksikute-horoskoop-heleroheline","status":"publish","type":"product","link":"https:\/\/baubauwall.com\/et\/toode\/pilttapeet-kaksikute-horoskoop-heleroheline\/","title":{"rendered":"Kaksikute horoskoop &#8211; heleroheline"},"content":{"rendered":"<p>Sellel helerohelisel tapeedil on kujutatud Kaksiku t\u00e4hem\u00e4rgi s\u00fcmbol t\u00e4histaevas. Kaksikute t\u00e4hem\u00e4rgi tunnusjooned on uudishimu, mitmek\u00fclgsus ja liikuvus. Tule neid meelde oma lapse toa sisekujunduses! Miks mitte panna v\u00e4ikse Kaksiku toa seinale just selline pilttapeet?<\/p>\n<p>Nagu k\u00f5ik meie tapeedid on ka see pilttapeet tr\u00fckitud\u00a0<a href=\"https:\/\/baubauwall.com\/et\/keskkonnasobralikud-tapeedid\/\" target=\"_blank\" rel=\"noopener\">keskkonnas\u00f5bralike v\u00e4rvidega<\/a>\u00a0hingavale, fliistapeedi materjalile. Sinu uus tapeet on l\u00f5igatud nummerdatud paanideks \u2013 t\u00e4pselt nii pikad, kui Sinu sein. Kuidas see t\u00f6\u00f6tab \u2013 loe l\u00e4hemalt<a href=\"https:\/\/baubauwall.com\/et\/kuidas-see-tootab\/\" target=\"_blank\" rel=\"noopener\">\u00a0siit.<\/a><\/p>\n<p>&nbsp;<\/p>\n<p>&nbsp;<\/p>\n","protected":false},"excerpt":{"rendered":"<p>Sellel helerohelisel tapeedil on kujutatud Kaksiku t\u00e4hem\u00e4rgi s\u00fcmbol t\u00e4histaevas. Kaksikute t\u00e4hem\u00e4rgi tunnusjooned on uudishimu, mitmek\u00fclgsus ja liikuvus. Tule neid meelde oma lapse toa sisekujunduses! Miks mitte panna v\u00e4ikse Kaksiku toa seinale just selline pilttapeet? Nagu k\u00f5ik meie tapeedid on ka see pilttapeet tr\u00fckitud\u00a0keskkonnas\u00f5bralike v\u00e4rvidega\u00a0hingavale, fliistapeedi materjalile. Sinu uus tapeet on l\u00f5igatud nummerdatud paanideks \u2013 t\u00e4pselt [&hellip;]<\/p>\n","protected":false},"featured_media":20995,"comment_status":"open","ping_status":"closed","template":"","meta":{"_acf_changed":false,"inline_featured_image":false},"product_brand":[],"product_cat":[387,396,271,273,276,413,400,399,412,614],"product_tag":[345,308,608,616,376,324],"class_list":{"0":"post-21027","1":"product","2":"type-product","3":"status-publish","4":"has-post-thumbnail","6":"product_cat-pilttapeedid","7":"product_cat-skandinaavia","8":"product_cat-rohelised-tapeedid","9":"product_cat-heledad-tapeedid","10":"product_cat-pastelsed-tapeedid","11":"product_cat-magamistoa-tapeedid","12":"product_cat-lastetoa-tapeedid","13":"product_cat-kodukontori-tapeedid","14":"product_cat-vannitoa-tapeedid","15":"product_cat-kosmos-galaktika-et","16":"product_tag-pilttapeet","17":"product_tag-poiste-tuba","18":"product_tag-sage-et","19":"product_tag-tahtkuju","20":"product_tag-teismelise-tuba","21":"product_tag-tudruku-tuba","22":"pa_designedby-baubauwall","24":"first","25":"instock","26":"taxable","27":"shipping-taxable","28":"purchasable","29":"product-type-simple"},"acf":[],"yoast_head":"<!-- This site is optimized with the Yoast SEO plugin v25.9 - https:\/\/yoast.com\/wordpress\/plugins\/seo\/ -->\n<title>Pilttapeet Kaksiku t\u00e4hem\u00e4rgi s\u00fcmboliga. Sinu seina m\u00f5\u00f5tu tapeedid<\/title>\n<meta name=\"description\" content=\"Heleroheline pilttapeet Kaksikute sodiaagim\u00e4rgi s\u00fcmboliga. Ilus tapeet lastetuppa. Keskkonnas\u00f5bralikud tapeedid, t\u00e4pselt sinu seina m\u00f5\u00f5dus\" \/>\n<meta name=\"robots\" content=\"index, follow, max-snippet:-1, max-image-preview:large, max-video-preview:-1\" \/>\n<link rel=\"canonical\" href=\"https:\/\/baubauwall.com\/et\/toode\/pilttapeet-kaksikute-horoskoop-heleroheline\/\" \/>\n<meta property=\"og:locale\" content=\"et_EE\" \/>\n<meta property=\"og:type\" content=\"article\" \/>\n<meta property=\"og:title\" content=\"BAUBAUWALL TAPEEDID\" \/>\n<meta property=\"og:description\" content=\"Kaksikute horoskoop - heleroheline\" \/>\n<meta property=\"og:url\" content=\"https:\/\/baubauwall.com\/et\/toode\/pilttapeet-kaksikute-horoskoop-heleroheline\/\" \/>\n<meta property=\"og:site_name\" content=\"BAUBAUWALL TAPEEDID\" \/>\n<meta property=\"article:publisher\" content=\"https:\/\/www.facebook.com\/Baubauwall\" \/>\n<meta property=\"article:modified_time\" content=\"2023-04-25T07:44:06+00:00\" \/>\n<meta property=\"og:image\" content=\"https:\/\/baubauwall.com\/wp-content\/uploads\/2022\/03\/51200145_HoroscopeGemini-green_Baubauwall_Wallmural_room6.jpg\" \/>\n\t<meta property=\"og:image:width\" content=\"1202\" \/>\n\t<meta property=\"og:image:height\" content=\"800\" \/>\n\t<meta property=\"og:image:type\" content=\"image\/jpeg\" \/>\n<meta name=\"twitter:card\" content=\"summary_large_image\" \/>\n<meta name=\"twitter:label1\" content=\"Est. reading time\" \/>\n\t<meta name=\"twitter:data1\" content=\"1 minut\" \/>\n<script type=\"application\/ld+json\" class=\"yoast-schema-graph\">{\"@context\":\"https:\/\/schema.org\",\"@graph\":[{\"@type\":\"WebPage\",\"@id\":\"https:\/\/baubauwall.com\/et\/toode\/pilttapeet-kaksikute-horoskoop-heleroheline\/\",\"url\":\"https:\/\/baubauwall.com\/et\/toode\/pilttapeet-kaksikute-horoskoop-heleroheline\/\",\"name\":\"Pilttapeet Kaksiku t\u00e4hem\u00e4rgi s\u00fcmboliga. Sinu seina m\u00f5\u00f5tu tapeedid\",\"isPartOf\":{\"@id\":\"https:\/\/baubauwall.com\/et\/#website\"},\"primaryImageOfPage\":{\"@id\":\"https:\/\/baubauwall.com\/et\/toode\/pilttapeet-kaksikute-horoskoop-heleroheline\/#primaryimage\"},\"image\":{\"@id\":\"https:\/\/baubauwall.com\/et\/toode\/pilttapeet-kaksikute-horoskoop-heleroheline\/#primaryimage\"},\"thumbnailUrl\":\"https:\/\/baubauwall.com\/wp-content\/uploads\/2022\/03\/51200145_HoroscopeGemini-green_Baubauwall_Wallmural_room6.jpg\",\"datePublished\":\"2022-10-03T05:18:39+00:00\",\"dateModified\":\"2023-04-25T07:44:06+00:00\",\"description\":\"Heleroheline pilttapeet Kaksikute sodiaagim\u00e4rgi s\u00fcmboliga. Ilus tapeet lastetuppa. Keskkonnas\u00f5bralikud tapeedid, t\u00e4pselt sinu seina m\u00f5\u00f5dus\",\"breadcrumb\":{\"@id\":\"https:\/\/baubauwall.com\/et\/toode\/pilttapeet-kaksikute-horoskoop-heleroheline\/#breadcrumb\"},\"inLanguage\":\"et\",\"potentialAction\":[{\"@type\":\"ReadAction\",\"target\":[\"https:\/\/baubauwall.com\/et\/toode\/pilttapeet-kaksikute-horoskoop-heleroheline\/\"]}]},{\"@type\":\"ImageObject\",\"inLanguage\":\"et\",\"@id\":\"https:\/\/baubauwall.com\/et\/toode\/pilttapeet-kaksikute-horoskoop-heleroheline\/#primaryimage\",\"url\":\"https:\/\/baubauwall.com\/wp-content\/uploads\/2022\/03\/51200145_HoroscopeGemini-green_Baubauwall_Wallmural_room6.jpg\",\"contentUrl\":\"https:\/\/baubauwall.com\/wp-content\/uploads\/2022\/03\/51200145_HoroscopeGemini-green_Baubauwall_Wallmural_room6.jpg\",\"width\":1202,\"height\":800},{\"@type\":\"BreadcrumbList\",\"@id\":\"https:\/\/baubauwall.com\/et\/toode\/pilttapeet-kaksikute-horoskoop-heleroheline\/#breadcrumb\",\"itemListElement\":[{\"@type\":\"ListItem\",\"position\":1,\"name\":\"Koju\",\"item\":\"https:\/\/baubauwall.com\/et\/\"},{\"@type\":\"ListItem\",\"position\":2,\"name\":\"Tapeedid\",\"item\":\"https:\/\/baubauwall.com\/et\/tapeedid\/\"},{\"@type\":\"ListItem\",\"position\":3,\"name\":\"Kaksikute horoskoop &#8211; heleroheline\"}]},{\"@type\":\"WebSite\",\"@id\":\"https:\/\/baubauwall.com\/et\/#website\",\"url\":\"https:\/\/baubauwall.com\/et\/\",\"name\":\"BAUBAUWALL Wallpapers\",\"description\":\"Valmis paanides tapeet Eestist!\",\"publisher\":{\"@id\":\"https:\/\/baubauwall.com\/et\/#organization\"},\"potentialAction\":[{\"@type\":\"SearchAction\",\"target\":{\"@type\":\"EntryPoint\",\"urlTemplate\":\"https:\/\/baubauwall.com\/et\/?s={search_term_string}\"},\"query-input\":{\"@type\":\"PropertyValueSpecification\",\"valueRequired\":true,\"valueName\":\"search_term_string\"}}],\"inLanguage\":\"et\"},{\"@type\":\"Organization\",\"@id\":\"https:\/\/baubauwall.com\/et\/#organization\",\"name\":\"BAUBAUWALL Wallpapers\",\"url\":\"https:\/\/baubauwall.com\/et\/\",\"logo\":{\"@type\":\"ImageObject\",\"inLanguage\":\"et\",\"@id\":\"https:\/\/baubauwall.com\/et\/#\/schema\/logo\/image\/\",\"url\":\"https:\/\/baubauwall.com\/wp-content\/uploads\/2022\/03\/logo-horizontal.svg\",\"contentUrl\":\"https:\/\/baubauwall.com\/wp-content\/uploads\/2022\/03\/logo-horizontal.svg\",\"width\":\"1024\",\"height\":\"1024\",\"caption\":\"BAUBAUWALL Wallpapers\"},\"image\":{\"@id\":\"https:\/\/baubauwall.com\/et\/#\/schema\/logo\/image\/\"},\"sameAs\":[\"https:\/\/www.facebook.com\/Baubauwall\",\"https:\/\/www.instagram.com\/baubauwall\"]}]}<\/script>\n<!-- \/ Yoast SEO plugin. -->","yoast_head_json":{"title":"Pilttapeet Kaksiku t\u00e4hem\u00e4rgi s\u00fcmboliga. Sinu seina m\u00f5\u00f5tu tapeedid","description":"Heleroheline pilttapeet Kaksikute sodiaagim\u00e4rgi s\u00fcmboliga. Ilus tapeet lastetuppa. Keskkonnas\u00f5bralikud tapeedid, t\u00e4pselt sinu seina m\u00f5\u00f5dus","robots":{"index":"index","follow":"follow","max-snippet":"max-snippet:-1","max-image-preview":"max-image-preview:large","max-video-preview":"max-video-preview:-1"},"canonical":"https:\/\/baubauwall.com\/et\/toode\/pilttapeet-kaksikute-horoskoop-heleroheline\/","og_locale":"et_EE","og_type":"article","og_title":"BAUBAUWALL TAPEEDID","og_description":"Kaksikute horoskoop - heleroheline","og_url":"https:\/\/baubauwall.com\/et\/toode\/pilttapeet-kaksikute-horoskoop-heleroheline\/","og_site_name":"BAUBAUWALL TAPEEDID","article_publisher":"https:\/\/www.facebook.com\/Baubauwall","article_modified_time":"2023-04-25T07:44:06+00:00","og_image":[{"width":1202,"height":800,"url":"https:\/\/baubauwall.com\/wp-content\/uploads\/2022\/03\/51200145_HoroscopeGemini-green_Baubauwall_Wallmural_room6.jpg","type":"image\/jpeg"}],"twitter_card":"summary_large_image","twitter_misc":{"Est. reading time":"1 minut"},"schema":{"@context":"https:\/\/schema.org","@graph":[{"@type":"WebPage","@id":"https:\/\/baubauwall.com\/et\/toode\/pilttapeet-kaksikute-horoskoop-heleroheline\/","url":"https:\/\/baubauwall.com\/et\/toode\/pilttapeet-kaksikute-horoskoop-heleroheline\/","name":"Pilttapeet Kaksiku t\u00e4hem\u00e4rgi s\u00fcmboliga. Sinu seina m\u00f5\u00f5tu tapeedid","isPartOf":{"@id":"https:\/\/baubauwall.com\/et\/#website"},"primaryImageOfPage":{"@id":"https:\/\/baubauwall.com\/et\/toode\/pilttapeet-kaksikute-horoskoop-heleroheline\/#primaryimage"},"image":{"@id":"https:\/\/baubauwall.com\/et\/toode\/pilttapeet-kaksikute-horoskoop-heleroheline\/#primaryimage"},"thumbnailUrl":"https:\/\/baubauwall.com\/wp-content\/uploads\/2022\/03\/51200145_HoroscopeGemini-green_Baubauwall_Wallmural_room6.jpg","datePublished":"2022-10-03T05:18:39+00:00","dateModified":"2023-04-25T07:44:06+00:00","description":"Heleroheline pilttapeet Kaksikute sodiaagim\u00e4rgi s\u00fcmboliga. Ilus tapeet lastetuppa. Keskkonnas\u00f5bralikud tapeedid, t\u00e4pselt sinu seina m\u00f5\u00f5dus","breadcrumb":{"@id":"https:\/\/baubauwall.com\/et\/toode\/pilttapeet-kaksikute-horoskoop-heleroheline\/#breadcrumb"},"inLanguage":"et","potentialAction":[{"@type":"ReadAction","target":["https:\/\/baubauwall.com\/et\/toode\/pilttapeet-kaksikute-horoskoop-heleroheline\/"]}]},{"@type":"ImageObject","inLanguage":"et","@id":"https:\/\/baubauwall.com\/et\/toode\/pilttapeet-kaksikute-horoskoop-heleroheline\/#primaryimage","url":"https:\/\/baubauwall.com\/wp-content\/uploads\/2022\/03\/51200145_HoroscopeGemini-green_Baubauwall_Wallmural_room6.jpg","contentUrl":"https:\/\/baubauwall.com\/wp-content\/uploads\/2022\/03\/51200145_HoroscopeGemini-green_Baubauwall_Wallmural_room6.jpg","width":1202,"height":800},{"@type":"BreadcrumbList","@id":"https:\/\/baubauwall.com\/et\/toode\/pilttapeet-kaksikute-horoskoop-heleroheline\/#breadcrumb","itemListElement":[{"@type":"ListItem","position":1,"name":"Koju","item":"https:\/\/baubauwall.com\/et\/"},{"@type":"ListItem","position":2,"name":"Tapeedid","item":"https:\/\/baubauwall.com\/et\/tapeedid\/"},{"@type":"ListItem","position":3,"name":"Kaksikute horoskoop &#8211; heleroheline"}]},{"@type":"WebSite","@id":"https:\/\/baubauwall.com\/et\/#website","url":"https:\/\/baubauwall.com\/et\/","name":"BAUBAUWALL Wallpapers","description":"Valmis paanides tapeet Eestist!","publisher":{"@id":"https:\/\/baubauwall.com\/et\/#organization"},"potentialAction":[{"@type":"SearchAction","target":{"@type":"EntryPoint","urlTemplate":"https:\/\/baubauwall.com\/et\/?s={search_term_string}"},"query-input":{"@type":"PropertyValueSpecification","valueRequired":true,"valueName":"search_term_string"}}],"inLanguage":"et"},{"@type":"Organization","@id":"https:\/\/baubauwall.com\/et\/#organization","name":"BAUBAUWALL Wallpapers","url":"https:\/\/baubauwall.com\/et\/","logo":{"@type":"ImageObject","inLanguage":"et","@id":"https:\/\/baubauwall.com\/et\/#\/schema\/logo\/image\/","url":"https:\/\/baubauwall.com\/wp-content\/uploads\/2022\/03\/logo-horizontal.svg","contentUrl":"https:\/\/baubauwall.com\/wp-content\/uploads\/2022\/03\/logo-horizontal.svg","width":"1024","height":"1024","caption":"BAUBAUWALL Wallpapers"},"image":{"@id":"https:\/\/baubauwall.com\/et\/#\/schema\/logo\/image\/"},"sameAs":["https:\/\/www.facebook.com\/Baubauwall","https:\/\/www.instagram.com\/baubauwall"]}]}},"jetpack_sharing_enabled":true,"_links":{"self":[{"href":"https:\/\/baubauwall.com\/et\/wp-json\/wp\/v2\/product\/21027","targetHints":{"allow":["GET"]}}],"collection":[{"href":"https:\/\/baubauwall.com\/et\/wp-json\/wp\/v2\/product"}],"about":[{"href":"https:\/\/baubauwall.com\/et\/wp-json\/wp\/v2\/types\/product"}],"replies":[{"embeddable":true,"href":"https:\/\/baubauwall.com\/et\/wp-json\/wp\/v2\/comments?post=21027"}],"wp:featuredmedia":[{"embeddable":true,"href":"https:\/\/baubauwall.com\/et\/wp-json\/wp\/v2\/media\/20995"}],"wp:attachment":[{"href":"https:\/\/baubauwall.com\/et\/wp-json\/wp\/v2\/media?parent=21027"}],"wp:term":[{"taxonomy":"product_brand","embeddable":true,"href":"https:\/\/baubauwall.com\/et\/wp-json\/wp\/v2\/product_brand?post=21027"},{"taxonomy":"product_cat","embeddable":true,"href":"https:\/\/baubauwall.com\/et\/wp-json\/wp\/v2\/product_cat?post=21027"},{"taxonomy":"product_tag","embeddable":true,"href":"https:\/\/baubauwall.com\/et\/wp-json\/wp\/v2\/product_tag?post=21027"}],"curies":[{"name":"wp","href":"https:\/\/api.w.org\/{rel}","templated":true}]}}