{"id":21057,"date":"2022-10-03T07:18:40","date_gmt":"2022-10-03T05:18:40","guid":{"rendered":"https:\/\/baubauwall.com\/product\/wall-mural-horoscope-leo-beige\/"},"modified":"2023-11-27T10:44:25","modified_gmt":"2023-11-27T08:44:25","slug":"pilttapeet-lovi-horoskoop-beez","status":"publish","type":"product","link":"https:\/\/baubauwall.com\/et\/toode\/pilttapeet-lovi-horoskoop-beez\/","title":{"rendered":"L\u00f5vi horoskoop &#8211; bee\u017e"},"content":{"rendered":"<p>Bee\u017e tapeet lastetuppa, millelt leiad L\u00f5vi sodiaagim\u00e4rgi s\u00fcmboli t\u00e4histaevas. See bee\u017e pilttapeet on ideaalne valik lastetuppa, kus elab Veevalaja sodiaagim\u00e4rgiga laps, olgu Sinu v\u00e4ike L\u00f5vi poiss v\u00f5i t\u00fcdruk! Bee\u017e on rahulik ja neutraalne v\u00e4rv, mis loob rahuliku keskkonna ja nii on tapeeti lihtne sobitada muu sisustusega.<\/p>\n<p>Meie tapeedid on r\u00e4tsepat\u00f6\u00f6na valmivad, valmis l\u00f5igatud ja nummerdatud paanides ning mis sobivad k\u00f5igi teie seinam\u00f5\u00f5tudega. K\u00f5ik tapeedid tr\u00fckime keskkonnas\u00f5bralikule, hingavale fliistapeedi materjalile mittem\u00fcrgiste v\u00e4rvidega. Loe t\u00e4psemalt nutikast tapeediteenusest\u00a0<a href=\"https:\/\/baubauwall.com\/et\/kuidas-see-tootab\/\" target=\"_blank\" rel=\"noopener\">siin.<\/a><\/p>\n","protected":false},"excerpt":{"rendered":"<p>Bee\u017e tapeet lastetuppa, millelt leiad L\u00f5vi sodiaagim\u00e4rgi s\u00fcmboli t\u00e4histaevas. See bee\u017e pilttapeet on ideaalne valik lastetuppa, kus elab Veevalaja sodiaagim\u00e4rgiga laps, olgu Sinu v\u00e4ike L\u00f5vi poiss v\u00f5i t\u00fcdruk! Bee\u017e on rahulik ja neutraalne v\u00e4rv, mis loob rahuliku keskkonna ja nii on tapeeti lihtne sobitada muu sisustusega. Meie tapeedid on r\u00e4tsepat\u00f6\u00f6na valmivad, valmis l\u00f5igatud ja nummerdatud [&hellip;]<\/p>\n","protected":false},"featured_media":21055,"comment_status":"open","ping_status":"closed","template":"","meta":{"_acf_changed":false,"inline_featured_image":false},"product_brand":[],"product_cat":[387,265,273,276,413,400,399,614],"product_tag":[349,430,345,308,616,376,324],"class_list":{"0":"post-21057","1":"product","2":"type-product","3":"status-publish","4":"has-post-thumbnail","6":"product_cat-pilttapeedid","7":"product_cat-beezid-tapeedid","8":"product_cat-heledad-tapeedid","9":"product_cat-pastelsed-tapeedid","10":"product_cat-magamistoa-tapeedid","11":"product_cat-lastetoa-tapeedid","12":"product_cat-kodukontori-tapeedid","13":"product_cat-kosmos-galaktika-et","14":"product_tag-beebituba","15":"product_tag-kosmos","16":"product_tag-pilttapeet","17":"product_tag-poiste-tuba","18":"product_tag-tahtkuju","19":"product_tag-teismelise-tuba","20":"product_tag-tudruku-tuba","21":"pa_designedby-baubauwall","23":"first","24":"instock","25":"taxable","26":"shipping-taxable","27":"purchasable","28":"product-type-simple"},"acf":[],"yoast_head":"<!-- This site is optimized with the Yoast SEO plugin v25.9 - https:\/\/yoast.com\/wordpress\/plugins\/seo\/ -->\n<title>Pilttapeet L\u00f5vi sodiaagi s\u00fcmboliga. Sinu seina m\u00f5\u00f5tu tapeedid<\/title>\n<meta name=\"description\" content=\"Bee\u017e tapeet lastetuppa. Pilttapeet L\u00f5vi sodiaagim\u00e4rgi s\u00fcmboliga. Keskkonnas\u00f5bralikud tapeedid, t\u00e4pselt sinu seina m\u00f5\u00f5dus tapeedipaanid.\" \/>\n<meta name=\"robots\" content=\"index, follow, max-snippet:-1, max-image-preview:large, max-video-preview:-1\" \/>\n<link rel=\"canonical\" href=\"https:\/\/baubauwall.com\/et\/toode\/pilttapeet-lovi-horoskoop-beez\/\" \/>\n<meta property=\"og:locale\" content=\"et_EE\" \/>\n<meta property=\"og:type\" content=\"article\" \/>\n<meta property=\"og:title\" content=\"Pilttapeet L\u00f5vi sodiaagi s\u00fcmboliga. Sinu seina m\u00f5\u00f5tu tapeedid\" \/>\n<meta property=\"og:description\" content=\"Bee\u017e tapeet lastetuppa. Pilttapeet L\u00f5vi sodiaagim\u00e4rgi s\u00fcmboliga. Keskkonnas\u00f5bralikud tapeedid, t\u00e4pselt sinu seina m\u00f5\u00f5dus tapeedipaanid.\" \/>\n<meta property=\"og:url\" content=\"https:\/\/baubauwall.com\/et\/toode\/pilttapeet-lovi-horoskoop-beez\/\" \/>\n<meta property=\"og:site_name\" content=\"BAUBAUWALL TAPEEDID\" \/>\n<meta property=\"article:publisher\" content=\"https:\/\/www.facebook.com\/Baubauwall\" \/>\n<meta property=\"article:modified_time\" content=\"2023-11-27T08:44:25+00:00\" \/>\n<meta property=\"og:image\" content=\"https:\/\/baubauwall.com\/wp-content\/uploads\/2022\/03\/51200146_HoroscopeLeo-beige_Baubauwall_Wallmural_room5.jpg\" \/>\n\t<meta property=\"og:image:width\" content=\"1517\" \/>\n\t<meta property=\"og:image:height\" content=\"800\" \/>\n\t<meta property=\"og:image:type\" content=\"image\/jpeg\" \/>\n<meta name=\"twitter:card\" content=\"summary_large_image\" \/>\n<meta name=\"twitter:label1\" content=\"Est. reading time\" \/>\n\t<meta name=\"twitter:data1\" content=\"1 minut\" \/>\n<script type=\"application\/ld+json\" class=\"yoast-schema-graph\">{\"@context\":\"https:\/\/schema.org\",\"@graph\":[{\"@type\":\"WebPage\",\"@id\":\"https:\/\/baubauwall.com\/et\/toode\/pilttapeet-lovi-horoskoop-beez\/\",\"url\":\"https:\/\/baubauwall.com\/et\/toode\/pilttapeet-lovi-horoskoop-beez\/\",\"name\":\"Pilttapeet L\u00f5vi sodiaagi s\u00fcmboliga. Sinu seina m\u00f5\u00f5tu tapeedid\",\"isPartOf\":{\"@id\":\"https:\/\/baubauwall.com\/et\/#website\"},\"primaryImageOfPage\":{\"@id\":\"https:\/\/baubauwall.com\/et\/toode\/pilttapeet-lovi-horoskoop-beez\/#primaryimage\"},\"image\":{\"@id\":\"https:\/\/baubauwall.com\/et\/toode\/pilttapeet-lovi-horoskoop-beez\/#primaryimage\"},\"thumbnailUrl\":\"https:\/\/baubauwall.com\/wp-content\/uploads\/2022\/03\/51200146_HoroscopeLeo-beige_Baubauwall_Wallmural_room5.jpg\",\"datePublished\":\"2022-10-03T05:18:40+00:00\",\"dateModified\":\"2023-11-27T08:44:25+00:00\",\"description\":\"Bee\u017e tapeet lastetuppa. Pilttapeet L\u00f5vi sodiaagim\u00e4rgi s\u00fcmboliga. Keskkonnas\u00f5bralikud tapeedid, t\u00e4pselt sinu seina m\u00f5\u00f5dus tapeedipaanid.\",\"breadcrumb\":{\"@id\":\"https:\/\/baubauwall.com\/et\/toode\/pilttapeet-lovi-horoskoop-beez\/#breadcrumb\"},\"inLanguage\":\"et\",\"potentialAction\":[{\"@type\":\"ReadAction\",\"target\":[\"https:\/\/baubauwall.com\/et\/toode\/pilttapeet-lovi-horoskoop-beez\/\"]}]},{\"@type\":\"ImageObject\",\"inLanguage\":\"et\",\"@id\":\"https:\/\/baubauwall.com\/et\/toode\/pilttapeet-lovi-horoskoop-beez\/#primaryimage\",\"url\":\"https:\/\/baubauwall.com\/wp-content\/uploads\/2022\/03\/51200146_HoroscopeLeo-beige_Baubauwall_Wallmural_room5.jpg\",\"contentUrl\":\"https:\/\/baubauwall.com\/wp-content\/uploads\/2022\/03\/51200146_HoroscopeLeo-beige_Baubauwall_Wallmural_room5.jpg\",\"width\":1517,\"height\":800},{\"@type\":\"BreadcrumbList\",\"@id\":\"https:\/\/baubauwall.com\/et\/toode\/pilttapeet-lovi-horoskoop-beez\/#breadcrumb\",\"itemListElement\":[{\"@type\":\"ListItem\",\"position\":1,\"name\":\"Koju\",\"item\":\"https:\/\/baubauwall.com\/et\/\"},{\"@type\":\"ListItem\",\"position\":2,\"name\":\"Tapeedid\",\"item\":\"https:\/\/baubauwall.com\/et\/tapeedid\/\"},{\"@type\":\"ListItem\",\"position\":3,\"name\":\"L\u00f5vi horoskoop &#8211; bee\u017e\"}]},{\"@type\":\"WebSite\",\"@id\":\"https:\/\/baubauwall.com\/et\/#website\",\"url\":\"https:\/\/baubauwall.com\/et\/\",\"name\":\"BAUBAUWALL Wallpapers\",\"description\":\"Valmis paanides tapeet Eestist!\",\"publisher\":{\"@id\":\"https:\/\/baubauwall.com\/et\/#organization\"},\"potentialAction\":[{\"@type\":\"SearchAction\",\"target\":{\"@type\":\"EntryPoint\",\"urlTemplate\":\"https:\/\/baubauwall.com\/et\/?s={search_term_string}\"},\"query-input\":{\"@type\":\"PropertyValueSpecification\",\"valueRequired\":true,\"valueName\":\"search_term_string\"}}],\"inLanguage\":\"et\"},{\"@type\":\"Organization\",\"@id\":\"https:\/\/baubauwall.com\/et\/#organization\",\"name\":\"BAUBAUWALL Wallpapers\",\"url\":\"https:\/\/baubauwall.com\/et\/\",\"logo\":{\"@type\":\"ImageObject\",\"inLanguage\":\"et\",\"@id\":\"https:\/\/baubauwall.com\/et\/#\/schema\/logo\/image\/\",\"url\":\"https:\/\/baubauwall.com\/wp-content\/uploads\/2022\/03\/logo-horizontal.svg\",\"contentUrl\":\"https:\/\/baubauwall.com\/wp-content\/uploads\/2022\/03\/logo-horizontal.svg\",\"width\":\"1024\",\"height\":\"1024\",\"caption\":\"BAUBAUWALL Wallpapers\"},\"image\":{\"@id\":\"https:\/\/baubauwall.com\/et\/#\/schema\/logo\/image\/\"},\"sameAs\":[\"https:\/\/www.facebook.com\/Baubauwall\",\"https:\/\/www.instagram.com\/baubauwall\"]}]}<\/script>\n<!-- \/ Yoast SEO plugin. -->","yoast_head_json":{"title":"Pilttapeet L\u00f5vi sodiaagi s\u00fcmboliga. Sinu seina m\u00f5\u00f5tu tapeedid","description":"Bee\u017e tapeet lastetuppa. Pilttapeet L\u00f5vi sodiaagim\u00e4rgi s\u00fcmboliga. Keskkonnas\u00f5bralikud tapeedid, t\u00e4pselt sinu seina m\u00f5\u00f5dus tapeedipaanid.","robots":{"index":"index","follow":"follow","max-snippet":"max-snippet:-1","max-image-preview":"max-image-preview:large","max-video-preview":"max-video-preview:-1"},"canonical":"https:\/\/baubauwall.com\/et\/toode\/pilttapeet-lovi-horoskoop-beez\/","og_locale":"et_EE","og_type":"article","og_title":"Pilttapeet L\u00f5vi sodiaagi s\u00fcmboliga. Sinu seina m\u00f5\u00f5tu tapeedid","og_description":"Bee\u017e tapeet lastetuppa. Pilttapeet L\u00f5vi sodiaagim\u00e4rgi s\u00fcmboliga. Keskkonnas\u00f5bralikud tapeedid, t\u00e4pselt sinu seina m\u00f5\u00f5dus tapeedipaanid.","og_url":"https:\/\/baubauwall.com\/et\/toode\/pilttapeet-lovi-horoskoop-beez\/","og_site_name":"BAUBAUWALL TAPEEDID","article_publisher":"https:\/\/www.facebook.com\/Baubauwall","article_modified_time":"2023-11-27T08:44:25+00:00","og_image":[{"width":1517,"height":800,"url":"https:\/\/baubauwall.com\/wp-content\/uploads\/2022\/03\/51200146_HoroscopeLeo-beige_Baubauwall_Wallmural_room5.jpg","type":"image\/jpeg"}],"twitter_card":"summary_large_image","twitter_misc":{"Est. reading time":"1 minut"},"schema":{"@context":"https:\/\/schema.org","@graph":[{"@type":"WebPage","@id":"https:\/\/baubauwall.com\/et\/toode\/pilttapeet-lovi-horoskoop-beez\/","url":"https:\/\/baubauwall.com\/et\/toode\/pilttapeet-lovi-horoskoop-beez\/","name":"Pilttapeet L\u00f5vi sodiaagi s\u00fcmboliga. Sinu seina m\u00f5\u00f5tu tapeedid","isPartOf":{"@id":"https:\/\/baubauwall.com\/et\/#website"},"primaryImageOfPage":{"@id":"https:\/\/baubauwall.com\/et\/toode\/pilttapeet-lovi-horoskoop-beez\/#primaryimage"},"image":{"@id":"https:\/\/baubauwall.com\/et\/toode\/pilttapeet-lovi-horoskoop-beez\/#primaryimage"},"thumbnailUrl":"https:\/\/baubauwall.com\/wp-content\/uploads\/2022\/03\/51200146_HoroscopeLeo-beige_Baubauwall_Wallmural_room5.jpg","datePublished":"2022-10-03T05:18:40+00:00","dateModified":"2023-11-27T08:44:25+00:00","description":"Bee\u017e tapeet lastetuppa. Pilttapeet L\u00f5vi sodiaagim\u00e4rgi s\u00fcmboliga. Keskkonnas\u00f5bralikud tapeedid, t\u00e4pselt sinu seina m\u00f5\u00f5dus tapeedipaanid.","breadcrumb":{"@id":"https:\/\/baubauwall.com\/et\/toode\/pilttapeet-lovi-horoskoop-beez\/#breadcrumb"},"inLanguage":"et","potentialAction":[{"@type":"ReadAction","target":["https:\/\/baubauwall.com\/et\/toode\/pilttapeet-lovi-horoskoop-beez\/"]}]},{"@type":"ImageObject","inLanguage":"et","@id":"https:\/\/baubauwall.com\/et\/toode\/pilttapeet-lovi-horoskoop-beez\/#primaryimage","url":"https:\/\/baubauwall.com\/wp-content\/uploads\/2022\/03\/51200146_HoroscopeLeo-beige_Baubauwall_Wallmural_room5.jpg","contentUrl":"https:\/\/baubauwall.com\/wp-content\/uploads\/2022\/03\/51200146_HoroscopeLeo-beige_Baubauwall_Wallmural_room5.jpg","width":1517,"height":800},{"@type":"BreadcrumbList","@id":"https:\/\/baubauwall.com\/et\/toode\/pilttapeet-lovi-horoskoop-beez\/#breadcrumb","itemListElement":[{"@type":"ListItem","position":1,"name":"Koju","item":"https:\/\/baubauwall.com\/et\/"},{"@type":"ListItem","position":2,"name":"Tapeedid","item":"https:\/\/baubauwall.com\/et\/tapeedid\/"},{"@type":"ListItem","position":3,"name":"L\u00f5vi horoskoop &#8211; bee\u017e"}]},{"@type":"WebSite","@id":"https:\/\/baubauwall.com\/et\/#website","url":"https:\/\/baubauwall.com\/et\/","name":"BAUBAUWALL Wallpapers","description":"Valmis paanides tapeet Eestist!","publisher":{"@id":"https:\/\/baubauwall.com\/et\/#organization"},"potentialAction":[{"@type":"SearchAction","target":{"@type":"EntryPoint","urlTemplate":"https:\/\/baubauwall.com\/et\/?s={search_term_string}"},"query-input":{"@type":"PropertyValueSpecification","valueRequired":true,"valueName":"search_term_string"}}],"inLanguage":"et"},{"@type":"Organization","@id":"https:\/\/baubauwall.com\/et\/#organization","name":"BAUBAUWALL Wallpapers","url":"https:\/\/baubauwall.com\/et\/","logo":{"@type":"ImageObject","inLanguage":"et","@id":"https:\/\/baubauwall.com\/et\/#\/schema\/logo\/image\/","url":"https:\/\/baubauwall.com\/wp-content\/uploads\/2022\/03\/logo-horizontal.svg","contentUrl":"https:\/\/baubauwall.com\/wp-content\/uploads\/2022\/03\/logo-horizontal.svg","width":"1024","height":"1024","caption":"BAUBAUWALL Wallpapers"},"image":{"@id":"https:\/\/baubauwall.com\/et\/#\/schema\/logo\/image\/"},"sameAs":["https:\/\/www.facebook.com\/Baubauwall","https:\/\/www.instagram.com\/baubauwall"]}]}},"jetpack_sharing_enabled":true,"_links":{"self":[{"href":"https:\/\/baubauwall.com\/et\/wp-json\/wp\/v2\/product\/21057","targetHints":{"allow":["GET"]}}],"collection":[{"href":"https:\/\/baubauwall.com\/et\/wp-json\/wp\/v2\/product"}],"about":[{"href":"https:\/\/baubauwall.com\/et\/wp-json\/wp\/v2\/types\/product"}],"replies":[{"embeddable":true,"href":"https:\/\/baubauwall.com\/et\/wp-json\/wp\/v2\/comments?post=21057"}],"wp:featuredmedia":[{"embeddable":true,"href":"https:\/\/baubauwall.com\/et\/wp-json\/wp\/v2\/media\/21055"}],"wp:attachment":[{"href":"https:\/\/baubauwall.com\/et\/wp-json\/wp\/v2\/media?parent=21057"}],"wp:term":[{"taxonomy":"product_brand","embeddable":true,"href":"https:\/\/baubauwall.com\/et\/wp-json\/wp\/v2\/product_brand?post=21057"},{"taxonomy":"product_cat","embeddable":true,"href":"https:\/\/baubauwall.com\/et\/wp-json\/wp\/v2\/product_cat?post=21057"},{"taxonomy":"product_tag","embeddable":true,"href":"https:\/\/baubauwall.com\/et\/wp-json\/wp\/v2\/product_tag?post=21057"}],"curies":[{"name":"wp","href":"https:\/\/api.w.org\/{rel}","templated":true}]}}