{"id":21127,"date":"2022-09-07T08:36:48","date_gmt":"2022-09-07T06:36:48","guid":{"rendered":"https:\/\/baubauwall.com\/product\/wall-mural-horoscope-libra-light-blue\/"},"modified":"2024-09-09T14:20:44","modified_gmt":"2024-09-09T12:20:44","slug":"fototapeet-lumine-maestik","status":"publish","type":"product","link":"https:\/\/baubauwall.com\/et\/toode\/fototapeet-lumine-maestik\/","title":{"rendered":"Fototapeet Lumine m\u00e4estik"},"content":{"rendered":"<p>Fototapeet, mis toob maalilised vaated koju! Loo meie k\u00fclmades toonides m\u00e4gimaastikku fototapeediga t\u00f5eliselt rahulik ja id\u00fclliline meeleolu. Vaata, kuidas maailm libiseb varasel hommikutunnil udusel, talvisel m\u00e4gimaastikul meist m\u00f6\u00f6da \u2013 ja seda mugavalt oma kodust lahkumata. Kaunis vaade hajub m\u00e4estikujalamilt k\u00f5rgetesse tippudesse, viies Sinu m\u00f5tted just sama k\u00f5rgele. Inspireeriv tapeedilahendus, mis sobib ideaalselt kodukontorisse, teismelise tuppa, unelevasse magamistuppa ja elutuppa.<\/p>\n<p>Nagu k\u00f5ik meie tapeedid, pilttapeedid ja fototapeedid, on ka see disain tr\u00fckitud keskkonnas\u00f5bralikule fliisile. Tapeedi tr\u00fckime t\u00e4pselt sinu seina m\u00f5\u00f5dus, nummerdatud paanides, mille paigaldamine on lihtne. K\u00f5igele lisaks ei teki liigset pr\u00fcgi tapeedi tootmisel ega hiljem Sinu kodus paigaldamisel. Loe l\u00e4hemalt nutikatest ja j\u00e4\u00e4tmevabadest tapeetidest meie <a href=\"https:\/\/baubauwall.com\/et\/ideed\/jaatmevaba-tapeetimine-nutikalt\/\" target=\"_blank\" rel=\"noopener\">ajakirjast siin.<\/a><\/p>\n","protected":false},"excerpt":{"rendered":"<p>Fototapeet, mis toob maalilised vaated koju! Loo meie k\u00fclmades toonides m\u00e4gimaastikku fototapeediga t\u00f5eliselt rahulik ja id\u00fclliline meeleolu. Vaata, kuidas maailm libiseb varasel hommikutunnil udusel, talvisel m\u00e4gimaastikul meist m\u00f6\u00f6da \u2013 ja seda mugavalt oma kodust lahkumata. Kaunis vaade hajub m\u00e4estikujalamilt k\u00f5rgetesse tippudesse, viies Sinu m\u00f5tted just sama k\u00f5rgele. Inspireeriv tapeedilahendus, mis sobib ideaalselt kodukontorisse, teismelise tuppa, [&hellip;]<\/p>\n","protected":false},"featured_media":21553,"comment_status":"open","ping_status":"closed","template":"","meta":{"_acf_changed":false,"inline_featured_image":false},"product_brand":[],"product_cat":[433,396,273,276,413,415,399,401,402,245,251],"product_tag":[486,454,376],"class_list":{"0":"post-21127","1":"product","2":"type-product","3":"status-publish","4":"has-post-thumbnail","6":"product_cat-fototapeedid","7":"product_cat-skandinaavia","8":"product_cat-heledad-tapeedid","9":"product_cat-pastelsed-tapeedid","10":"product_cat-magamistoa-tapeedid","11":"product_cat-kulalistetoa-tapeedid","12":"product_cat-kodukontori-tapeedid","13":"product_cat-koogi-tapeedid","14":"product_cat-elutoa-tapeedid","15":"product_cat-maastik","16":"product_cat-maed","17":"product_tag-fotograafia-et","18":"product_tag-fototapeet-et","19":"product_tag-teismelise-tuba","20":"pa_designedby-baubauwall","22":"first","23":"instock","24":"taxable","25":"shipping-taxable","26":"purchasable","27":"product-type-simple"},"acf":[],"yoast_head":"<!-- This site is optimized with the Yoast SEO plugin v25.9 - https:\/\/yoast.com\/wordpress\/plugins\/seo\/ -->\n<title>Fototapeet lumise m\u00e4estiku pildiga. Ilus tapeet valitud interj\u00f6\u00f6ri.<\/title>\n<meta name=\"description\" content=\"Helehallides toonides fototapeet Lumine m\u00e4estik. Tapeet elutuppa, teismelise seinale. Keskkonnas\u00f5bralikud tapeedid, t\u00e4pselt sinu seina m\u00f5\u00f5dus tapeedipaanid.\" \/>\n<meta name=\"robots\" content=\"index, follow, max-snippet:-1, max-image-preview:large, max-video-preview:-1\" \/>\n<link rel=\"canonical\" href=\"https:\/\/baubauwall.com\/et\/toode\/fototapeet-lumine-maestik\/\" \/>\n<meta property=\"og:locale\" content=\"et_EE\" \/>\n<meta property=\"og:type\" content=\"article\" \/>\n<meta property=\"og:title\" content=\"Fototapeet lumise m\u00e4estiku pildiga. Ilus tapeet valitud interj\u00f6\u00f6ri.\" \/>\n<meta property=\"og:description\" content=\"Helehallides toonides fototapeet Lumine m\u00e4estik. Tapeet elutuppa, teismelise seinale. Keskkonnas\u00f5bralikud tapeedid, t\u00e4pselt sinu seina m\u00f5\u00f5dus tapeedipaanid.\" \/>\n<meta property=\"og:url\" content=\"https:\/\/baubauwall.com\/et\/toode\/fototapeet-lumine-maestik\/\" \/>\n<meta property=\"og:site_name\" content=\"BAUBAUWALL TAPEEDID\" \/>\n<meta property=\"article:publisher\" content=\"https:\/\/www.facebook.com\/Baubauwall\" \/>\n<meta property=\"article:modified_time\" content=\"2024-09-09T12:20:44+00:00\" \/>\n<meta property=\"og:image\" content=\"https:\/\/baubauwall.com\/wp-content\/uploads\/2022\/09\/51300150_SnowyMountain_Baubauwall_PhotoWallpaper_room9-4.jpg\" \/>\n\t<meta property=\"og:image:width\" content=\"1200\" \/>\n\t<meta property=\"og:image:height\" content=\"800\" \/>\n\t<meta property=\"og:image:type\" content=\"image\/jpeg\" \/>\n<meta name=\"twitter:card\" content=\"summary_large_image\" \/>\n<meta name=\"twitter:label1\" content=\"Est. reading time\" \/>\n\t<meta name=\"twitter:data1\" content=\"1 minut\" \/>\n<script type=\"application\/ld+json\" class=\"yoast-schema-graph\">{\"@context\":\"https:\/\/schema.org\",\"@graph\":[{\"@type\":\"WebPage\",\"@id\":\"https:\/\/baubauwall.com\/et\/toode\/fototapeet-lumine-maestik\/\",\"url\":\"https:\/\/baubauwall.com\/et\/toode\/fototapeet-lumine-maestik\/\",\"name\":\"Fototapeet lumise m\u00e4estiku pildiga. Ilus tapeet valitud interj\u00f6\u00f6ri.\",\"isPartOf\":{\"@id\":\"https:\/\/baubauwall.com\/et\/#website\"},\"primaryImageOfPage\":{\"@id\":\"https:\/\/baubauwall.com\/et\/toode\/fototapeet-lumine-maestik\/#primaryimage\"},\"image\":{\"@id\":\"https:\/\/baubauwall.com\/et\/toode\/fototapeet-lumine-maestik\/#primaryimage\"},\"thumbnailUrl\":\"https:\/\/baubauwall.com\/wp-content\/uploads\/2022\/09\/51300150_SnowyMountain_Baubauwall_PhotoWallpaper_room9-4.jpg\",\"datePublished\":\"2022-09-07T06:36:48+00:00\",\"dateModified\":\"2024-09-09T12:20:44+00:00\",\"description\":\"Helehallides toonides fototapeet Lumine m\u00e4estik. Tapeet elutuppa, teismelise seinale. Keskkonnas\u00f5bralikud tapeedid, t\u00e4pselt sinu seina m\u00f5\u00f5dus tapeedipaanid.\",\"breadcrumb\":{\"@id\":\"https:\/\/baubauwall.com\/et\/toode\/fototapeet-lumine-maestik\/#breadcrumb\"},\"inLanguage\":\"et\",\"potentialAction\":[{\"@type\":\"ReadAction\",\"target\":[\"https:\/\/baubauwall.com\/et\/toode\/fototapeet-lumine-maestik\/\"]}]},{\"@type\":\"ImageObject\",\"inLanguage\":\"et\",\"@id\":\"https:\/\/baubauwall.com\/et\/toode\/fototapeet-lumine-maestik\/#primaryimage\",\"url\":\"https:\/\/baubauwall.com\/wp-content\/uploads\/2022\/09\/51300150_SnowyMountain_Baubauwall_PhotoWallpaper_room9-4.jpg\",\"contentUrl\":\"https:\/\/baubauwall.com\/wp-content\/uploads\/2022\/09\/51300150_SnowyMountain_Baubauwall_PhotoWallpaper_room9-4.jpg\",\"width\":1200,\"height\":800,\"caption\":\"Fototapeet m\u00e4gedes. Kodukontori fototapeet. Fototapeedid Eesti tootjalt\"},{\"@type\":\"BreadcrumbList\",\"@id\":\"https:\/\/baubauwall.com\/et\/toode\/fototapeet-lumine-maestik\/#breadcrumb\",\"itemListElement\":[{\"@type\":\"ListItem\",\"position\":1,\"name\":\"Koju\",\"item\":\"https:\/\/baubauwall.com\/et\/\"},{\"@type\":\"ListItem\",\"position\":2,\"name\":\"Tapeedid\",\"item\":\"https:\/\/baubauwall.com\/et\/tapeedid\/\"},{\"@type\":\"ListItem\",\"position\":3,\"name\":\"Fototapeet Lumine m\u00e4estik\"}]},{\"@type\":\"WebSite\",\"@id\":\"https:\/\/baubauwall.com\/et\/#website\",\"url\":\"https:\/\/baubauwall.com\/et\/\",\"name\":\"BAUBAUWALL Wallpapers\",\"description\":\"Valmis paanides tapeet Eestist!\",\"publisher\":{\"@id\":\"https:\/\/baubauwall.com\/et\/#organization\"},\"potentialAction\":[{\"@type\":\"SearchAction\",\"target\":{\"@type\":\"EntryPoint\",\"urlTemplate\":\"https:\/\/baubauwall.com\/et\/?s={search_term_string}\"},\"query-input\":{\"@type\":\"PropertyValueSpecification\",\"valueRequired\":true,\"valueName\":\"search_term_string\"}}],\"inLanguage\":\"et\"},{\"@type\":\"Organization\",\"@id\":\"https:\/\/baubauwall.com\/et\/#organization\",\"name\":\"BAUBAUWALL Wallpapers\",\"url\":\"https:\/\/baubauwall.com\/et\/\",\"logo\":{\"@type\":\"ImageObject\",\"inLanguage\":\"et\",\"@id\":\"https:\/\/baubauwall.com\/et\/#\/schema\/logo\/image\/\",\"url\":\"https:\/\/baubauwall.com\/wp-content\/uploads\/2022\/03\/logo-horizontal.svg\",\"contentUrl\":\"https:\/\/baubauwall.com\/wp-content\/uploads\/2022\/03\/logo-horizontal.svg\",\"width\":\"1024\",\"height\":\"1024\",\"caption\":\"BAUBAUWALL Wallpapers\"},\"image\":{\"@id\":\"https:\/\/baubauwall.com\/et\/#\/schema\/logo\/image\/\"},\"sameAs\":[\"https:\/\/www.facebook.com\/Baubauwall\",\"https:\/\/www.instagram.com\/baubauwall\"]}]}<\/script>\n<!-- \/ Yoast SEO plugin. -->","yoast_head_json":{"title":"Fototapeet lumise m\u00e4estiku pildiga. Ilus tapeet valitud interj\u00f6\u00f6ri.","description":"Helehallides toonides fototapeet Lumine m\u00e4estik. Tapeet elutuppa, teismelise seinale. Keskkonnas\u00f5bralikud tapeedid, t\u00e4pselt sinu seina m\u00f5\u00f5dus tapeedipaanid.","robots":{"index":"index","follow":"follow","max-snippet":"max-snippet:-1","max-image-preview":"max-image-preview:large","max-video-preview":"max-video-preview:-1"},"canonical":"https:\/\/baubauwall.com\/et\/toode\/fototapeet-lumine-maestik\/","og_locale":"et_EE","og_type":"article","og_title":"Fototapeet lumise m\u00e4estiku pildiga. Ilus tapeet valitud interj\u00f6\u00f6ri.","og_description":"Helehallides toonides fototapeet Lumine m\u00e4estik. Tapeet elutuppa, teismelise seinale. Keskkonnas\u00f5bralikud tapeedid, t\u00e4pselt sinu seina m\u00f5\u00f5dus tapeedipaanid.","og_url":"https:\/\/baubauwall.com\/et\/toode\/fototapeet-lumine-maestik\/","og_site_name":"BAUBAUWALL TAPEEDID","article_publisher":"https:\/\/www.facebook.com\/Baubauwall","article_modified_time":"2024-09-09T12:20:44+00:00","og_image":[{"width":1200,"height":800,"url":"https:\/\/baubauwall.com\/wp-content\/uploads\/2022\/09\/51300150_SnowyMountain_Baubauwall_PhotoWallpaper_room9-4.jpg","type":"image\/jpeg"}],"twitter_card":"summary_large_image","twitter_misc":{"Est. reading time":"1 minut"},"schema":{"@context":"https:\/\/schema.org","@graph":[{"@type":"WebPage","@id":"https:\/\/baubauwall.com\/et\/toode\/fototapeet-lumine-maestik\/","url":"https:\/\/baubauwall.com\/et\/toode\/fototapeet-lumine-maestik\/","name":"Fototapeet lumise m\u00e4estiku pildiga. Ilus tapeet valitud interj\u00f6\u00f6ri.","isPartOf":{"@id":"https:\/\/baubauwall.com\/et\/#website"},"primaryImageOfPage":{"@id":"https:\/\/baubauwall.com\/et\/toode\/fototapeet-lumine-maestik\/#primaryimage"},"image":{"@id":"https:\/\/baubauwall.com\/et\/toode\/fototapeet-lumine-maestik\/#primaryimage"},"thumbnailUrl":"https:\/\/baubauwall.com\/wp-content\/uploads\/2022\/09\/51300150_SnowyMountain_Baubauwall_PhotoWallpaper_room9-4.jpg","datePublished":"2022-09-07T06:36:48+00:00","dateModified":"2024-09-09T12:20:44+00:00","description":"Helehallides toonides fototapeet Lumine m\u00e4estik. Tapeet elutuppa, teismelise seinale. Keskkonnas\u00f5bralikud tapeedid, t\u00e4pselt sinu seina m\u00f5\u00f5dus tapeedipaanid.","breadcrumb":{"@id":"https:\/\/baubauwall.com\/et\/toode\/fototapeet-lumine-maestik\/#breadcrumb"},"inLanguage":"et","potentialAction":[{"@type":"ReadAction","target":["https:\/\/baubauwall.com\/et\/toode\/fototapeet-lumine-maestik\/"]}]},{"@type":"ImageObject","inLanguage":"et","@id":"https:\/\/baubauwall.com\/et\/toode\/fototapeet-lumine-maestik\/#primaryimage","url":"https:\/\/baubauwall.com\/wp-content\/uploads\/2022\/09\/51300150_SnowyMountain_Baubauwall_PhotoWallpaper_room9-4.jpg","contentUrl":"https:\/\/baubauwall.com\/wp-content\/uploads\/2022\/09\/51300150_SnowyMountain_Baubauwall_PhotoWallpaper_room9-4.jpg","width":1200,"height":800,"caption":"Fototapeet m\u00e4gedes. Kodukontori fototapeet. Fototapeedid Eesti tootjalt"},{"@type":"BreadcrumbList","@id":"https:\/\/baubauwall.com\/et\/toode\/fototapeet-lumine-maestik\/#breadcrumb","itemListElement":[{"@type":"ListItem","position":1,"name":"Koju","item":"https:\/\/baubauwall.com\/et\/"},{"@type":"ListItem","position":2,"name":"Tapeedid","item":"https:\/\/baubauwall.com\/et\/tapeedid\/"},{"@type":"ListItem","position":3,"name":"Fototapeet Lumine m\u00e4estik"}]},{"@type":"WebSite","@id":"https:\/\/baubauwall.com\/et\/#website","url":"https:\/\/baubauwall.com\/et\/","name":"BAUBAUWALL Wallpapers","description":"Valmis paanides tapeet Eestist!","publisher":{"@id":"https:\/\/baubauwall.com\/et\/#organization"},"potentialAction":[{"@type":"SearchAction","target":{"@type":"EntryPoint","urlTemplate":"https:\/\/baubauwall.com\/et\/?s={search_term_string}"},"query-input":{"@type":"PropertyValueSpecification","valueRequired":true,"valueName":"search_term_string"}}],"inLanguage":"et"},{"@type":"Organization","@id":"https:\/\/baubauwall.com\/et\/#organization","name":"BAUBAUWALL Wallpapers","url":"https:\/\/baubauwall.com\/et\/","logo":{"@type":"ImageObject","inLanguage":"et","@id":"https:\/\/baubauwall.com\/et\/#\/schema\/logo\/image\/","url":"https:\/\/baubauwall.com\/wp-content\/uploads\/2022\/03\/logo-horizontal.svg","contentUrl":"https:\/\/baubauwall.com\/wp-content\/uploads\/2022\/03\/logo-horizontal.svg","width":"1024","height":"1024","caption":"BAUBAUWALL Wallpapers"},"image":{"@id":"https:\/\/baubauwall.com\/et\/#\/schema\/logo\/image\/"},"sameAs":["https:\/\/www.facebook.com\/Baubauwall","https:\/\/www.instagram.com\/baubauwall"]}]}},"jetpack_sharing_enabled":true,"_links":{"self":[{"href":"https:\/\/baubauwall.com\/et\/wp-json\/wp\/v2\/product\/21127","targetHints":{"allow":["GET"]}}],"collection":[{"href":"https:\/\/baubauwall.com\/et\/wp-json\/wp\/v2\/product"}],"about":[{"href":"https:\/\/baubauwall.com\/et\/wp-json\/wp\/v2\/types\/product"}],"replies":[{"embeddable":true,"href":"https:\/\/baubauwall.com\/et\/wp-json\/wp\/v2\/comments?post=21127"}],"wp:featuredmedia":[{"embeddable":true,"href":"https:\/\/baubauwall.com\/et\/wp-json\/wp\/v2\/media\/21553"}],"wp:attachment":[{"href":"https:\/\/baubauwall.com\/et\/wp-json\/wp\/v2\/media?parent=21127"}],"wp:term":[{"taxonomy":"product_brand","embeddable":true,"href":"https:\/\/baubauwall.com\/et\/wp-json\/wp\/v2\/product_brand?post=21127"},{"taxonomy":"product_cat","embeddable":true,"href":"https:\/\/baubauwall.com\/et\/wp-json\/wp\/v2\/product_cat?post=21127"},{"taxonomy":"product_tag","embeddable":true,"href":"https:\/\/baubauwall.com\/et\/wp-json\/wp\/v2\/product_tag?post=21127"}],"curies":[{"name":"wp","href":"https:\/\/api.w.org\/{rel}","templated":true}]}}