{"id":21169,"date":"2022-10-07T15:15:07","date_gmt":"2022-10-07T13:15:07","guid":{"rendered":"https:\/\/baubauwall.com\/product\/wallpaper_nocturne-flowers-beige\/"},"modified":"2023-06-06T13:21:54","modified_gmt":"2023-06-06T11:21:54","slug":"tapeet-lillede-nokturn-beez","status":"publish","type":"product","link":"https:\/\/baubauwall.com\/et\/toode\/tapeet-lillede-nokturn-beez\/","title":{"rendered":"Lillede nokturn &#8211; bee\u017e"},"content":{"rendered":"<p>Tapeet, mille muster on samal ajal\u00a0 nii k\u00fclluslik kui ka tagasihoidlik. Lillede nokturn bee\u017e tapeet sobib v\u00e4ga erinevatesse interj\u00f6\u00f6ridesse &#8211; botaaniline muster lillede ja lehtedega on ajatu klassika. Klassikaline, p\u00f5hjamaine disain, mis sobib nii magamistoa seinale (lillelised unen\u00e4od on peaaegu garanteeritud!) kui ka elutuppa v\u00f5i kodukontori seinale.<\/p>\n<p>Lillede nokturn tapeet on meil olemas ka lilla, halli ja elevanadiluu toonides. \u00a0Nagu k\u00f5ik meie tapeedid on ka see disaintapeet tr\u00fckitud keskkonnas\u00f5bralike v\u00e4rvidega hingavale, fliistapeedi materjalile. Loe l\u00e4hemalt uudsest tapeedikontseptsioonist <a href=\"https:\/\/baubauwall.com\/et\/ideed\/jaatmevaba-tapeetimine-nutikalt\/\" target=\"_blank\" rel=\"noopener\">siin.\u00a0<\/a><\/p>\n<p>&nbsp;<\/p>\n","protected":false},"excerpt":{"rendered":"<p>Tapeet, mille muster on samal ajal\u00a0 nii k\u00fclluslik kui ka tagasihoidlik. Lillede nokturn bee\u017e tapeet sobib v\u00e4ga erinevatesse interj\u00f6\u00f6ridesse &#8211; botaaniline muster lillede ja lehtedega on ajatu klassika. Klassikaline, p\u00f5hjamaine disain, mis sobib nii magamistoa seinale (lillelised unen\u00e4od on peaaegu garanteeritud!) kui ka elutuppa v\u00f5i kodukontori seinale. Lillede nokturn tapeet on meil olemas ka lilla, [&hellip;]<\/p>\n","protected":false},"featured_media":21137,"comment_status":"open","ping_status":"closed","template":"","meta":{"_acf_changed":false,"inline_featured_image":false},"product_brand":[],"product_cat":[386,395,406,396,388,265,273,276,413,415,399,402,412,254,260],"product_tag":[298],"class_list":{"0":"post-21169","1":"product","2":"type-product","3":"status-publish","4":"has-post-thumbnail","6":"product_cat-kordusmustriga-tapeedid","7":"product_cat-romantiline","8":"product_cat-klassika","9":"product_cat-skandinaavia","10":"product_cat-vintage-et","11":"product_cat-beezid-tapeedid","12":"product_cat-heledad-tapeedid","13":"product_cat-pastelsed-tapeedid","14":"product_cat-magamistoa-tapeedid","15":"product_cat-kulalistetoa-tapeedid","16":"product_cat-kodukontori-tapeedid","17":"product_cat-elutoa-tapeedid","18":"product_cat-vannitoa-tapeedid","19":"product_cat-loodus","20":"product_cat-lilled","21":"product_tag-botaaniline","22":"pa_designedby-baubauwall","24":"first","25":"instock","26":"taxable","27":"shipping-taxable","28":"purchasable","29":"product-type-simple"},"acf":[],"yoast_head":"<!-- This site is optimized with the Yoast SEO plugin v25.9 - https:\/\/yoast.com\/wordpress\/plugins\/seo\/ -->\n<title>Romantiline, vintage stiilis lilleline bee\u017e tapeet.<\/title>\n<meta name=\"description\" content=\"Ajatu, lilleline bee\u017e tapeet magamistuppa &amp; elutuppa. R\u00e4tsepat\u00f6\u00f6na valmivad tapeedid, t\u00e4pselt sinu seina m\u00f5\u00f5tu l\u00f5igatud paanides.\" \/>\n<meta name=\"robots\" content=\"index, follow, max-snippet:-1, max-image-preview:large, max-video-preview:-1\" \/>\n<link rel=\"canonical\" href=\"https:\/\/baubauwall.com\/et\/toode\/tapeet-lillede-nokturn-beez\/\" \/>\n<meta property=\"og:locale\" content=\"et_EE\" \/>\n<meta property=\"og:type\" content=\"article\" \/>\n<meta property=\"og:title\" content=\"Romantiline, vintage stiilis lilleline bee\u017e tapeet.\" \/>\n<meta property=\"og:description\" content=\"Ajatu, lilleline bee\u017e tapeet magamistuppa &amp; elutuppa. R\u00e4tsepat\u00f6\u00f6na valmivad tapeedid, t\u00e4pselt sinu seina m\u00f5\u00f5tu l\u00f5igatud paanides.\" \/>\n<meta property=\"og:url\" content=\"https:\/\/baubauwall.com\/et\/toode\/tapeet-lillede-nokturn-beez\/\" \/>\n<meta property=\"og:site_name\" content=\"BAUBAUWALL TAPEEDID\" \/>\n<meta property=\"article:publisher\" content=\"https:\/\/www.facebook.com\/Baubauwall\" \/>\n<meta property=\"article:modified_time\" content=\"2023-06-06T11:21:54+00:00\" \/>\n<meta property=\"og:image\" content=\"https:\/\/baubauwall.com\/wp-content\/uploads\/2022\/11\/51100307_NocturneFlowers-beige_wallpaper_baubauwall-5.jpg\" \/>\n\t<meta property=\"og:image:width\" content=\"1400\" \/>\n\t<meta property=\"og:image:height\" content=\"800\" \/>\n\t<meta property=\"og:image:type\" content=\"image\/jpeg\" \/>\n<meta name=\"twitter:card\" content=\"summary_large_image\" \/>\n<meta name=\"twitter:label1\" content=\"Est. reading time\" \/>\n\t<meta name=\"twitter:data1\" content=\"1 minut\" \/>\n<script type=\"application\/ld+json\" class=\"yoast-schema-graph\">{\"@context\":\"https:\/\/schema.org\",\"@graph\":[{\"@type\":\"WebPage\",\"@id\":\"https:\/\/baubauwall.com\/et\/toode\/tapeet-lillede-nokturn-beez\/\",\"url\":\"https:\/\/baubauwall.com\/et\/toode\/tapeet-lillede-nokturn-beez\/\",\"name\":\"Romantiline, vintage stiilis lilleline bee\u017e tapeet.\",\"isPartOf\":{\"@id\":\"https:\/\/baubauwall.com\/et\/#website\"},\"primaryImageOfPage\":{\"@id\":\"https:\/\/baubauwall.com\/et\/toode\/tapeet-lillede-nokturn-beez\/#primaryimage\"},\"image\":{\"@id\":\"https:\/\/baubauwall.com\/et\/toode\/tapeet-lillede-nokturn-beez\/#primaryimage\"},\"thumbnailUrl\":\"https:\/\/baubauwall.com\/wp-content\/uploads\/2022\/11\/51100307_NocturneFlowers-beige_wallpaper_baubauwall-5.jpg\",\"datePublished\":\"2022-10-07T13:15:07+00:00\",\"dateModified\":\"2023-06-06T11:21:54+00:00\",\"description\":\"Ajatu, lilleline bee\u017e tapeet magamistuppa & elutuppa. R\u00e4tsepat\u00f6\u00f6na valmivad tapeedid, t\u00e4pselt sinu seina m\u00f5\u00f5tu l\u00f5igatud paanides.\",\"breadcrumb\":{\"@id\":\"https:\/\/baubauwall.com\/et\/toode\/tapeet-lillede-nokturn-beez\/#breadcrumb\"},\"inLanguage\":\"et\",\"potentialAction\":[{\"@type\":\"ReadAction\",\"target\":[\"https:\/\/baubauwall.com\/et\/toode\/tapeet-lillede-nokturn-beez\/\"]}]},{\"@type\":\"ImageObject\",\"inLanguage\":\"et\",\"@id\":\"https:\/\/baubauwall.com\/et\/toode\/tapeet-lillede-nokturn-beez\/#primaryimage\",\"url\":\"https:\/\/baubauwall.com\/wp-content\/uploads\/2022\/11\/51100307_NocturneFlowers-beige_wallpaper_baubauwall-5.jpg\",\"contentUrl\":\"https:\/\/baubauwall.com\/wp-content\/uploads\/2022\/11\/51100307_NocturneFlowers-beige_wallpaper_baubauwall-5.jpg\",\"width\":1400,\"height\":800},{\"@type\":\"BreadcrumbList\",\"@id\":\"https:\/\/baubauwall.com\/et\/toode\/tapeet-lillede-nokturn-beez\/#breadcrumb\",\"itemListElement\":[{\"@type\":\"ListItem\",\"position\":1,\"name\":\"Koju\",\"item\":\"https:\/\/baubauwall.com\/et\/\"},{\"@type\":\"ListItem\",\"position\":2,\"name\":\"Tapeedid\",\"item\":\"https:\/\/baubauwall.com\/et\/tapeedid\/\"},{\"@type\":\"ListItem\",\"position\":3,\"name\":\"Lillede nokturn &#8211; bee\u017e\"}]},{\"@type\":\"WebSite\",\"@id\":\"https:\/\/baubauwall.com\/et\/#website\",\"url\":\"https:\/\/baubauwall.com\/et\/\",\"name\":\"BAUBAUWALL Wallpapers\",\"description\":\"Valmis paanides tapeet Eestist!\",\"publisher\":{\"@id\":\"https:\/\/baubauwall.com\/et\/#organization\"},\"potentialAction\":[{\"@type\":\"SearchAction\",\"target\":{\"@type\":\"EntryPoint\",\"urlTemplate\":\"https:\/\/baubauwall.com\/et\/?s={search_term_string}\"},\"query-input\":{\"@type\":\"PropertyValueSpecification\",\"valueRequired\":true,\"valueName\":\"search_term_string\"}}],\"inLanguage\":\"et\"},{\"@type\":\"Organization\",\"@id\":\"https:\/\/baubauwall.com\/et\/#organization\",\"name\":\"BAUBAUWALL Wallpapers\",\"url\":\"https:\/\/baubauwall.com\/et\/\",\"logo\":{\"@type\":\"ImageObject\",\"inLanguage\":\"et\",\"@id\":\"https:\/\/baubauwall.com\/et\/#\/schema\/logo\/image\/\",\"url\":\"https:\/\/baubauwall.com\/wp-content\/uploads\/2022\/03\/logo-horizontal.svg\",\"contentUrl\":\"https:\/\/baubauwall.com\/wp-content\/uploads\/2022\/03\/logo-horizontal.svg\",\"width\":\"1024\",\"height\":\"1024\",\"caption\":\"BAUBAUWALL Wallpapers\"},\"image\":{\"@id\":\"https:\/\/baubauwall.com\/et\/#\/schema\/logo\/image\/\"},\"sameAs\":[\"https:\/\/www.facebook.com\/Baubauwall\",\"https:\/\/www.instagram.com\/baubauwall\"]}]}<\/script>\n<!-- \/ Yoast SEO plugin. -->","yoast_head_json":{"title":"Romantiline, vintage stiilis lilleline bee\u017e tapeet.","description":"Ajatu, lilleline bee\u017e tapeet magamistuppa & elutuppa. R\u00e4tsepat\u00f6\u00f6na valmivad tapeedid, t\u00e4pselt sinu seina m\u00f5\u00f5tu l\u00f5igatud paanides.","robots":{"index":"index","follow":"follow","max-snippet":"max-snippet:-1","max-image-preview":"max-image-preview:large","max-video-preview":"max-video-preview:-1"},"canonical":"https:\/\/baubauwall.com\/et\/toode\/tapeet-lillede-nokturn-beez\/","og_locale":"et_EE","og_type":"article","og_title":"Romantiline, vintage stiilis lilleline bee\u017e tapeet.","og_description":"Ajatu, lilleline bee\u017e tapeet magamistuppa & elutuppa. R\u00e4tsepat\u00f6\u00f6na valmivad tapeedid, t\u00e4pselt sinu seina m\u00f5\u00f5tu l\u00f5igatud paanides.","og_url":"https:\/\/baubauwall.com\/et\/toode\/tapeet-lillede-nokturn-beez\/","og_site_name":"BAUBAUWALL TAPEEDID","article_publisher":"https:\/\/www.facebook.com\/Baubauwall","article_modified_time":"2023-06-06T11:21:54+00:00","og_image":[{"width":1400,"height":800,"url":"https:\/\/baubauwall.com\/wp-content\/uploads\/2022\/11\/51100307_NocturneFlowers-beige_wallpaper_baubauwall-5.jpg","type":"image\/jpeg"}],"twitter_card":"summary_large_image","twitter_misc":{"Est. reading time":"1 minut"},"schema":{"@context":"https:\/\/schema.org","@graph":[{"@type":"WebPage","@id":"https:\/\/baubauwall.com\/et\/toode\/tapeet-lillede-nokturn-beez\/","url":"https:\/\/baubauwall.com\/et\/toode\/tapeet-lillede-nokturn-beez\/","name":"Romantiline, vintage stiilis lilleline bee\u017e tapeet.","isPartOf":{"@id":"https:\/\/baubauwall.com\/et\/#website"},"primaryImageOfPage":{"@id":"https:\/\/baubauwall.com\/et\/toode\/tapeet-lillede-nokturn-beez\/#primaryimage"},"image":{"@id":"https:\/\/baubauwall.com\/et\/toode\/tapeet-lillede-nokturn-beez\/#primaryimage"},"thumbnailUrl":"https:\/\/baubauwall.com\/wp-content\/uploads\/2022\/11\/51100307_NocturneFlowers-beige_wallpaper_baubauwall-5.jpg","datePublished":"2022-10-07T13:15:07+00:00","dateModified":"2023-06-06T11:21:54+00:00","description":"Ajatu, lilleline bee\u017e tapeet magamistuppa & elutuppa. R\u00e4tsepat\u00f6\u00f6na valmivad tapeedid, t\u00e4pselt sinu seina m\u00f5\u00f5tu l\u00f5igatud paanides.","breadcrumb":{"@id":"https:\/\/baubauwall.com\/et\/toode\/tapeet-lillede-nokturn-beez\/#breadcrumb"},"inLanguage":"et","potentialAction":[{"@type":"ReadAction","target":["https:\/\/baubauwall.com\/et\/toode\/tapeet-lillede-nokturn-beez\/"]}]},{"@type":"ImageObject","inLanguage":"et","@id":"https:\/\/baubauwall.com\/et\/toode\/tapeet-lillede-nokturn-beez\/#primaryimage","url":"https:\/\/baubauwall.com\/wp-content\/uploads\/2022\/11\/51100307_NocturneFlowers-beige_wallpaper_baubauwall-5.jpg","contentUrl":"https:\/\/baubauwall.com\/wp-content\/uploads\/2022\/11\/51100307_NocturneFlowers-beige_wallpaper_baubauwall-5.jpg","width":1400,"height":800},{"@type":"BreadcrumbList","@id":"https:\/\/baubauwall.com\/et\/toode\/tapeet-lillede-nokturn-beez\/#breadcrumb","itemListElement":[{"@type":"ListItem","position":1,"name":"Koju","item":"https:\/\/baubauwall.com\/et\/"},{"@type":"ListItem","position":2,"name":"Tapeedid","item":"https:\/\/baubauwall.com\/et\/tapeedid\/"},{"@type":"ListItem","position":3,"name":"Lillede nokturn &#8211; bee\u017e"}]},{"@type":"WebSite","@id":"https:\/\/baubauwall.com\/et\/#website","url":"https:\/\/baubauwall.com\/et\/","name":"BAUBAUWALL Wallpapers","description":"Valmis paanides tapeet Eestist!","publisher":{"@id":"https:\/\/baubauwall.com\/et\/#organization"},"potentialAction":[{"@type":"SearchAction","target":{"@type":"EntryPoint","urlTemplate":"https:\/\/baubauwall.com\/et\/?s={search_term_string}"},"query-input":{"@type":"PropertyValueSpecification","valueRequired":true,"valueName":"search_term_string"}}],"inLanguage":"et"},{"@type":"Organization","@id":"https:\/\/baubauwall.com\/et\/#organization","name":"BAUBAUWALL Wallpapers","url":"https:\/\/baubauwall.com\/et\/","logo":{"@type":"ImageObject","inLanguage":"et","@id":"https:\/\/baubauwall.com\/et\/#\/schema\/logo\/image\/","url":"https:\/\/baubauwall.com\/wp-content\/uploads\/2022\/03\/logo-horizontal.svg","contentUrl":"https:\/\/baubauwall.com\/wp-content\/uploads\/2022\/03\/logo-horizontal.svg","width":"1024","height":"1024","caption":"BAUBAUWALL Wallpapers"},"image":{"@id":"https:\/\/baubauwall.com\/et\/#\/schema\/logo\/image\/"},"sameAs":["https:\/\/www.facebook.com\/Baubauwall","https:\/\/www.instagram.com\/baubauwall"]}]}},"jetpack_sharing_enabled":true,"_links":{"self":[{"href":"https:\/\/baubauwall.com\/et\/wp-json\/wp\/v2\/product\/21169","targetHints":{"allow":["GET"]}}],"collection":[{"href":"https:\/\/baubauwall.com\/et\/wp-json\/wp\/v2\/product"}],"about":[{"href":"https:\/\/baubauwall.com\/et\/wp-json\/wp\/v2\/types\/product"}],"replies":[{"embeddable":true,"href":"https:\/\/baubauwall.com\/et\/wp-json\/wp\/v2\/comments?post=21169"}],"wp:featuredmedia":[{"embeddable":true,"href":"https:\/\/baubauwall.com\/et\/wp-json\/wp\/v2\/media\/21137"}],"wp:attachment":[{"href":"https:\/\/baubauwall.com\/et\/wp-json\/wp\/v2\/media?parent=21169"}],"wp:term":[{"taxonomy":"product_brand","embeddable":true,"href":"https:\/\/baubauwall.com\/et\/wp-json\/wp\/v2\/product_brand?post=21169"},{"taxonomy":"product_cat","embeddable":true,"href":"https:\/\/baubauwall.com\/et\/wp-json\/wp\/v2\/product_cat?post=21169"},{"taxonomy":"product_tag","embeddable":true,"href":"https:\/\/baubauwall.com\/et\/wp-json\/wp\/v2\/product_tag?post=21169"}],"curies":[{"name":"wp","href":"https:\/\/api.w.org\/{rel}","templated":true}]}}