{"id":21598,"date":"2022-10-15T17:00:11","date_gmt":"2022-10-15T15:00:11","guid":{"rendered":"https:\/\/baubauwall.com\/product\/wall-mural-horoscope-pisces-beige\/"},"modified":"2022-11-17T17:51:20","modified_gmt":"2022-11-17T15:51:20","slug":"pilttapeet-kalade-horoskoop-beez","status":"publish","type":"product","link":"https:\/\/baubauwall.com\/et\/toode\/pilttapeet-kalade-horoskoop-beez\/","title":{"rendered":"Kalade horoskoop &#8211; bee\u017e"},"content":{"rendered":"","protected":false},"excerpt":{"rendered":"","protected":false},"featured_media":21593,"comment_status":"open","ping_status":"closed","template":"","meta":{"_acf_changed":false,"inline_featured_image":false},"product_brand":[],"product_cat":[386,396,265,273,276,413,400,399,465,614],"product_tag":[345,616,376],"class_list":{"0":"post-21598","1":"product","2":"type-product","3":"status-publish","4":"has-post-thumbnail","6":"product_cat-kordusmustriga-tapeedid","7":"product_cat-skandinaavia","8":"product_cat-beezid-tapeedid","9":"product_cat-heledad-tapeedid","10":"product_cat-pastelsed-tapeedid","11":"product_cat-magamistoa-tapeedid","12":"product_cat-lastetoa-tapeedid","13":"product_cat-kodukontori-tapeedid","14":"product_cat-taevas-ja-pilved","15":"product_cat-kosmos-galaktika-et","16":"product_tag-pilttapeet","17":"product_tag-tahtkuju","18":"product_tag-teismelise-tuba","19":"pa_designedby-baubauwall","21":"first","22":"instock","23":"taxable","24":"shipping-taxable","25":"purchasable","26":"product-type-simple"},"acf":[],"yoast_head":"<!-- This site is optimized with the Yoast SEO plugin v25.9 - https:\/\/yoast.com\/wordpress\/plugins\/seo\/ -->\n<title>Pilttapeet Kalade t\u00e4hem\u00e4rgi s\u00fcmboliga. Sinu seina m\u00f5\u00f5tu tapeedid<\/title>\n<meta name=\"description\" content=\"Pilttapeet Kalad sodiaagim\u00e4rgi s\u00fcmboliga. Bee\u017e tapeet lastetuppa v\u00f5i mujale. Keskkonnas\u00f5bralikud tapeedid, t\u00e4pselt sinu seina m\u00f5\u00f5dus tapeedipaanid.\" \/>\n<meta name=\"robots\" content=\"index, follow, max-snippet:-1, max-image-preview:large, max-video-preview:-1\" \/>\n<link rel=\"canonical\" href=\"https:\/\/baubauwall.com\/et\/toode\/pilttapeet-kalade-horoskoop-beez\/\" \/>\n<meta property=\"og:locale\" content=\"et_EE\" \/>\n<meta property=\"og:type\" content=\"article\" \/>\n<meta property=\"og:title\" content=\"Pilttapeet Kalade t\u00e4hem\u00e4rgi s\u00fcmboliga. Sinu seina m\u00f5\u00f5tu tapeedid\" \/>\n<meta property=\"og:description\" content=\"Pilttapeet Kalad sodiaagim\u00e4rgi s\u00fcmboliga. Bee\u017e tapeet lastetuppa v\u00f5i mujale. Keskkonnas\u00f5bralikud tapeedid, t\u00e4pselt sinu seina m\u00f5\u00f5dus tapeedipaanid.\" \/>\n<meta property=\"og:url\" content=\"https:\/\/baubauwall.com\/et\/toode\/pilttapeet-kalade-horoskoop-beez\/\" \/>\n<meta property=\"og:site_name\" content=\"BAUBAUWALL TAPEEDID\" \/>\n<meta property=\"article:publisher\" content=\"https:\/\/www.facebook.com\/Baubauwall\" \/>\n<meta property=\"article:modified_time\" content=\"2022-11-17T15:51:20+00:00\" \/>\n<meta property=\"og:image\" content=\"https:\/\/baubauwall.com\/wp-content\/uploads\/2022\/11\/51200152_HoroscopePisces-beige_Baubauwall_Wallmural_room7.jpg\" \/>\n\t<meta property=\"og:image:width\" content=\"907\" \/>\n\t<meta property=\"og:image:height\" content=\"800\" \/>\n\t<meta property=\"og:image:type\" content=\"image\/jpeg\" \/>\n<meta name=\"twitter:card\" content=\"summary_large_image\" \/>\n<script type=\"application\/ld+json\" class=\"yoast-schema-graph\">{\"@context\":\"https:\/\/schema.org\",\"@graph\":[{\"@type\":\"WebPage\",\"@id\":\"https:\/\/baubauwall.com\/et\/toode\/pilttapeet-kalade-horoskoop-beez\/\",\"url\":\"https:\/\/baubauwall.com\/et\/toode\/pilttapeet-kalade-horoskoop-beez\/\",\"name\":\"Pilttapeet Kalade t\u00e4hem\u00e4rgi s\u00fcmboliga. Sinu seina m\u00f5\u00f5tu tapeedid\",\"isPartOf\":{\"@id\":\"https:\/\/baubauwall.com\/et\/#website\"},\"primaryImageOfPage\":{\"@id\":\"https:\/\/baubauwall.com\/et\/toode\/pilttapeet-kalade-horoskoop-beez\/#primaryimage\"},\"image\":{\"@id\":\"https:\/\/baubauwall.com\/et\/toode\/pilttapeet-kalade-horoskoop-beez\/#primaryimage\"},\"thumbnailUrl\":\"https:\/\/baubauwall.com\/wp-content\/uploads\/2022\/11\/51200152_HoroscopePisces-beige_Baubauwall_Wallmural_room7.jpg\",\"datePublished\":\"2022-10-15T15:00:11+00:00\",\"dateModified\":\"2022-11-17T15:51:20+00:00\",\"description\":\"Pilttapeet Kalad sodiaagim\u00e4rgi s\u00fcmboliga. Bee\u017e tapeet lastetuppa v\u00f5i mujale. Keskkonnas\u00f5bralikud tapeedid, t\u00e4pselt sinu seina m\u00f5\u00f5dus tapeedipaanid.\",\"breadcrumb\":{\"@id\":\"https:\/\/baubauwall.com\/et\/toode\/pilttapeet-kalade-horoskoop-beez\/#breadcrumb\"},\"inLanguage\":\"et\",\"potentialAction\":[{\"@type\":\"ReadAction\",\"target\":[\"https:\/\/baubauwall.com\/et\/toode\/pilttapeet-kalade-horoskoop-beez\/\"]}]},{\"@type\":\"ImageObject\",\"inLanguage\":\"et\",\"@id\":\"https:\/\/baubauwall.com\/et\/toode\/pilttapeet-kalade-horoskoop-beez\/#primaryimage\",\"url\":\"https:\/\/baubauwall.com\/wp-content\/uploads\/2022\/11\/51200152_HoroscopePisces-beige_Baubauwall_Wallmural_room7.jpg\",\"contentUrl\":\"https:\/\/baubauwall.com\/wp-content\/uploads\/2022\/11\/51200152_HoroscopePisces-beige_Baubauwall_Wallmural_room7.jpg\",\"width\":907,\"height\":800},{\"@type\":\"BreadcrumbList\",\"@id\":\"https:\/\/baubauwall.com\/et\/toode\/pilttapeet-kalade-horoskoop-beez\/#breadcrumb\",\"itemListElement\":[{\"@type\":\"ListItem\",\"position\":1,\"name\":\"Koju\",\"item\":\"https:\/\/baubauwall.com\/et\/\"},{\"@type\":\"ListItem\",\"position\":2,\"name\":\"Tapeedid\",\"item\":\"https:\/\/baubauwall.com\/et\/tapeedid\/\"},{\"@type\":\"ListItem\",\"position\":3,\"name\":\"Kalade horoskoop &#8211; bee\u017e\"}]},{\"@type\":\"WebSite\",\"@id\":\"https:\/\/baubauwall.com\/et\/#website\",\"url\":\"https:\/\/baubauwall.com\/et\/\",\"name\":\"BAUBAUWALL Wallpapers\",\"description\":\"Valmis paanides tapeet Eestist!\",\"publisher\":{\"@id\":\"https:\/\/baubauwall.com\/et\/#organization\"},\"potentialAction\":[{\"@type\":\"SearchAction\",\"target\":{\"@type\":\"EntryPoint\",\"urlTemplate\":\"https:\/\/baubauwall.com\/et\/?s={search_term_string}\"},\"query-input\":{\"@type\":\"PropertyValueSpecification\",\"valueRequired\":true,\"valueName\":\"search_term_string\"}}],\"inLanguage\":\"et\"},{\"@type\":\"Organization\",\"@id\":\"https:\/\/baubauwall.com\/et\/#organization\",\"name\":\"BAUBAUWALL Wallpapers\",\"url\":\"https:\/\/baubauwall.com\/et\/\",\"logo\":{\"@type\":\"ImageObject\",\"inLanguage\":\"et\",\"@id\":\"https:\/\/baubauwall.com\/et\/#\/schema\/logo\/image\/\",\"url\":\"https:\/\/baubauwall.com\/wp-content\/uploads\/2022\/03\/logo-horizontal.svg\",\"contentUrl\":\"https:\/\/baubauwall.com\/wp-content\/uploads\/2022\/03\/logo-horizontal.svg\",\"width\":\"1024\",\"height\":\"1024\",\"caption\":\"BAUBAUWALL Wallpapers\"},\"image\":{\"@id\":\"https:\/\/baubauwall.com\/et\/#\/schema\/logo\/image\/\"},\"sameAs\":[\"https:\/\/www.facebook.com\/Baubauwall\",\"https:\/\/www.instagram.com\/baubauwall\"]}]}<\/script>\n<!-- \/ Yoast SEO plugin. -->","yoast_head_json":{"title":"Pilttapeet Kalade t\u00e4hem\u00e4rgi s\u00fcmboliga. Sinu seina m\u00f5\u00f5tu tapeedid","description":"Pilttapeet Kalad sodiaagim\u00e4rgi s\u00fcmboliga. Bee\u017e tapeet lastetuppa v\u00f5i mujale. Keskkonnas\u00f5bralikud tapeedid, t\u00e4pselt sinu seina m\u00f5\u00f5dus tapeedipaanid.","robots":{"index":"index","follow":"follow","max-snippet":"max-snippet:-1","max-image-preview":"max-image-preview:large","max-video-preview":"max-video-preview:-1"},"canonical":"https:\/\/baubauwall.com\/et\/toode\/pilttapeet-kalade-horoskoop-beez\/","og_locale":"et_EE","og_type":"article","og_title":"Pilttapeet Kalade t\u00e4hem\u00e4rgi s\u00fcmboliga. Sinu seina m\u00f5\u00f5tu tapeedid","og_description":"Pilttapeet Kalad sodiaagim\u00e4rgi s\u00fcmboliga. Bee\u017e tapeet lastetuppa v\u00f5i mujale. Keskkonnas\u00f5bralikud tapeedid, t\u00e4pselt sinu seina m\u00f5\u00f5dus tapeedipaanid.","og_url":"https:\/\/baubauwall.com\/et\/toode\/pilttapeet-kalade-horoskoop-beez\/","og_site_name":"BAUBAUWALL TAPEEDID","article_publisher":"https:\/\/www.facebook.com\/Baubauwall","article_modified_time":"2022-11-17T15:51:20+00:00","og_image":[{"width":907,"height":800,"url":"https:\/\/baubauwall.com\/wp-content\/uploads\/2022\/11\/51200152_HoroscopePisces-beige_Baubauwall_Wallmural_room7.jpg","type":"image\/jpeg"}],"twitter_card":"summary_large_image","schema":{"@context":"https:\/\/schema.org","@graph":[{"@type":"WebPage","@id":"https:\/\/baubauwall.com\/et\/toode\/pilttapeet-kalade-horoskoop-beez\/","url":"https:\/\/baubauwall.com\/et\/toode\/pilttapeet-kalade-horoskoop-beez\/","name":"Pilttapeet Kalade t\u00e4hem\u00e4rgi s\u00fcmboliga. Sinu seina m\u00f5\u00f5tu tapeedid","isPartOf":{"@id":"https:\/\/baubauwall.com\/et\/#website"},"primaryImageOfPage":{"@id":"https:\/\/baubauwall.com\/et\/toode\/pilttapeet-kalade-horoskoop-beez\/#primaryimage"},"image":{"@id":"https:\/\/baubauwall.com\/et\/toode\/pilttapeet-kalade-horoskoop-beez\/#primaryimage"},"thumbnailUrl":"https:\/\/baubauwall.com\/wp-content\/uploads\/2022\/11\/51200152_HoroscopePisces-beige_Baubauwall_Wallmural_room7.jpg","datePublished":"2022-10-15T15:00:11+00:00","dateModified":"2022-11-17T15:51:20+00:00","description":"Pilttapeet Kalad sodiaagim\u00e4rgi s\u00fcmboliga. Bee\u017e tapeet lastetuppa v\u00f5i mujale. Keskkonnas\u00f5bralikud tapeedid, t\u00e4pselt sinu seina m\u00f5\u00f5dus tapeedipaanid.","breadcrumb":{"@id":"https:\/\/baubauwall.com\/et\/toode\/pilttapeet-kalade-horoskoop-beez\/#breadcrumb"},"inLanguage":"et","potentialAction":[{"@type":"ReadAction","target":["https:\/\/baubauwall.com\/et\/toode\/pilttapeet-kalade-horoskoop-beez\/"]}]},{"@type":"ImageObject","inLanguage":"et","@id":"https:\/\/baubauwall.com\/et\/toode\/pilttapeet-kalade-horoskoop-beez\/#primaryimage","url":"https:\/\/baubauwall.com\/wp-content\/uploads\/2022\/11\/51200152_HoroscopePisces-beige_Baubauwall_Wallmural_room7.jpg","contentUrl":"https:\/\/baubauwall.com\/wp-content\/uploads\/2022\/11\/51200152_HoroscopePisces-beige_Baubauwall_Wallmural_room7.jpg","width":907,"height":800},{"@type":"BreadcrumbList","@id":"https:\/\/baubauwall.com\/et\/toode\/pilttapeet-kalade-horoskoop-beez\/#breadcrumb","itemListElement":[{"@type":"ListItem","position":1,"name":"Koju","item":"https:\/\/baubauwall.com\/et\/"},{"@type":"ListItem","position":2,"name":"Tapeedid","item":"https:\/\/baubauwall.com\/et\/tapeedid\/"},{"@type":"ListItem","position":3,"name":"Kalade horoskoop &#8211; bee\u017e"}]},{"@type":"WebSite","@id":"https:\/\/baubauwall.com\/et\/#website","url":"https:\/\/baubauwall.com\/et\/","name":"BAUBAUWALL Wallpapers","description":"Valmis paanides tapeet Eestist!","publisher":{"@id":"https:\/\/baubauwall.com\/et\/#organization"},"potentialAction":[{"@type":"SearchAction","target":{"@type":"EntryPoint","urlTemplate":"https:\/\/baubauwall.com\/et\/?s={search_term_string}"},"query-input":{"@type":"PropertyValueSpecification","valueRequired":true,"valueName":"search_term_string"}}],"inLanguage":"et"},{"@type":"Organization","@id":"https:\/\/baubauwall.com\/et\/#organization","name":"BAUBAUWALL Wallpapers","url":"https:\/\/baubauwall.com\/et\/","logo":{"@type":"ImageObject","inLanguage":"et","@id":"https:\/\/baubauwall.com\/et\/#\/schema\/logo\/image\/","url":"https:\/\/baubauwall.com\/wp-content\/uploads\/2022\/03\/logo-horizontal.svg","contentUrl":"https:\/\/baubauwall.com\/wp-content\/uploads\/2022\/03\/logo-horizontal.svg","width":"1024","height":"1024","caption":"BAUBAUWALL Wallpapers"},"image":{"@id":"https:\/\/baubauwall.com\/et\/#\/schema\/logo\/image\/"},"sameAs":["https:\/\/www.facebook.com\/Baubauwall","https:\/\/www.instagram.com\/baubauwall"]}]}},"jetpack_sharing_enabled":true,"_links":{"self":[{"href":"https:\/\/baubauwall.com\/et\/wp-json\/wp\/v2\/product\/21598","targetHints":{"allow":["GET"]}}],"collection":[{"href":"https:\/\/baubauwall.com\/et\/wp-json\/wp\/v2\/product"}],"about":[{"href":"https:\/\/baubauwall.com\/et\/wp-json\/wp\/v2\/types\/product"}],"replies":[{"embeddable":true,"href":"https:\/\/baubauwall.com\/et\/wp-json\/wp\/v2\/comments?post=21598"}],"wp:featuredmedia":[{"embeddable":true,"href":"https:\/\/baubauwall.com\/et\/wp-json\/wp\/v2\/media\/21593"}],"wp:attachment":[{"href":"https:\/\/baubauwall.com\/et\/wp-json\/wp\/v2\/media?parent=21598"}],"wp:term":[{"taxonomy":"product_brand","embeddable":true,"href":"https:\/\/baubauwall.com\/et\/wp-json\/wp\/v2\/product_brand?post=21598"},{"taxonomy":"product_cat","embeddable":true,"href":"https:\/\/baubauwall.com\/et\/wp-json\/wp\/v2\/product_cat?post=21598"},{"taxonomy":"product_tag","embeddable":true,"href":"https:\/\/baubauwall.com\/et\/wp-json\/wp\/v2\/product_tag?post=21598"}],"curies":[{"name":"wp","href":"https:\/\/api.w.org\/{rel}","templated":true}]}}