{"id":22109,"date":"2022-10-24T16:46:26","date_gmt":"2022-10-24T14:46:26","guid":{"rendered":"https:\/\/baubauwall.com\/?post_type=product&#038;p=22109"},"modified":"2022-11-24T16:53:10","modified_gmt":"2022-11-24T14:53:10","slug":"pilttapeet-marmorilained-turkiis","status":"publish","type":"product","link":"https:\/\/baubauwall.com\/et\/toode\/pilttapeet-marmorilained-turkiis\/","title":{"rendered":"Marmorilained &#8211; t\u00fcrkiis"},"content":{"rendered":"<p>Imeline t\u00fcrkiissinise-valgekirju marmori mustri abstraktne lainetus, t\u00e4pselt nagu looduses. Marmorist inspireeritud pilttapeet loob sinu kodus stiilse ja rafineeritud interj\u00f6\u00f6ri. See kaunis pilttapeet on inspireeritud naturaalse marmori rahulikust pinnast ning hoiab Su kodu seinad loomuliku ja puhtana. Marmori imitatsiooniga tapeet on hea valik eksponeerimaks interj\u00f6\u00f6ris julget disainm\u00f6\u00f6blit, olgu selleks elutuba, magamistuba, kodukontor v\u00f5i hoopis k\u00fclalistetuba.<\/p>\n<p>Nagu k\u00f5ik meie tapeedid, fototapeedid ja pilttapeedid, on ka see disain tr\u00fckitud hingavale, keskkonnas\u00f5bralike v\u00e4rvidega fliistapeedi materjalile. Loe lisaks j\u00e4\u00e4tmevabast ja innovaatilisest tapeeditootmisest <a href=\"https:\/\/baubauwall.com\/et\/keskkonnasobralikud-tapeedid\/\" target=\"_blank\" rel=\"noopener\">siin<\/a>.<\/p>\n<p>&nbsp;<\/p>\n","protected":false},"excerpt":{"rendered":"<p>Imeline t\u00fcrkiissinise-valgekirju marmori mustri abstraktne lainetus, t\u00e4pselt nagu looduses. Marmorist inspireeritud pilttapeet loob sinu kodus stiilse ja rafineeritud interj\u00f6\u00f6ri. See kaunis pilttapeet on inspireeritud naturaalse marmori rahulikust pinnast ning hoiab Su kodu seinad loomuliku ja puhtana. Marmori imitatsiooniga tapeet on hea valik eksponeerimaks interj\u00f6\u00f6ris julget disainm\u00f6\u00f6blit, olgu selleks elutuba, magamistuba, kodukontor v\u00f5i hoopis k\u00fclalistetuba. Nagu [&hellip;]<\/p>\n","protected":false},"featured_media":22123,"comment_status":"open","ping_status":"closed","template":"","meta":{"_acf_changed":false,"inline_featured_image":false},"product_brand":[],"product_cat":[387,391,267,273,409,410,413,414,415,416,399,401,402,230],"product_tag":[314,341,345],"class_list":{"0":"post-22109","1":"product","2":"type-product","3":"status-publish","4":"has-post-thumbnail","6":"product_cat-pilttapeedid","7":"product_cat-vahemereline","8":"product_cat-sinised-tapeedid","9":"product_cat-heledad-tapeedid","10":"product_cat-turkiis-tapeedid","11":"product_cat-valge-tapeedid","12":"product_cat-magamistoa-tapeedid","13":"product_cat-soogitoa-tapeedid","14":"product_cat-kulalistetoa-tapeedid","15":"product_cat-esiku-tapeedid","16":"product_cat-kodukontori-tapeedid","17":"product_cat-koogi-tapeedid","18":"product_cat-elutoa-tapeedid","19":"product_cat-marmor","20":"product_tag-faux-surface-et","21":"product_tag-marmor","22":"product_tag-pilttapeet","23":"pa_designedby-baubauwall","25":"first","26":"instock","27":"taxable","28":"shipping-taxable","29":"purchasable","30":"product-type-simple"},"acf":[],"yoast_head":"<!-- This site is optimized with the Yoast SEO plugin v25.9 - https:\/\/yoast.com\/wordpress\/plugins\/seo\/ -->\n<title>T\u00fcrkiis marmor pilttapeet. Elegantne tapeet, sinu seina m\u00f5\u00f5dus<\/title>\n<meta name=\"description\" content=\"Lummav marmori imitatsiooniga t\u00fcrkiissinine pilttapeet. Marmor - hea tapeedivalik magamistuppa v\u00f5i mujale. R\u00e4tsepat\u00f6\u00f6na valmivad tapeedid &amp; fototapeedid.\" \/>\n<meta name=\"robots\" content=\"index, follow, max-snippet:-1, max-image-preview:large, max-video-preview:-1\" \/>\n<link rel=\"canonical\" href=\"https:\/\/baubauwall.com\/et\/toode\/pilttapeet-marmorilained-turkiis\/\" \/>\n<meta property=\"og:locale\" content=\"et_EE\" \/>\n<meta property=\"og:type\" content=\"article\" \/>\n<meta property=\"og:title\" content=\"T\u00fcrkiis marmor pilttapeet. Elegantne tapeet, sinu seina m\u00f5\u00f5dus\" \/>\n<meta property=\"og:description\" content=\"Lummav marmori imitatsiooniga t\u00fcrkiissinine pilttapeet. Marmor - hea tapeedivalik magamistuppa v\u00f5i mujale. R\u00e4tsepat\u00f6\u00f6na valmivad tapeedid &amp; fototapeedid.\" \/>\n<meta property=\"og:url\" content=\"https:\/\/baubauwall.com\/et\/toode\/pilttapeet-marmorilained-turkiis\/\" \/>\n<meta property=\"og:site_name\" content=\"BAUBAUWALL TAPEEDID\" \/>\n<meta property=\"article:publisher\" content=\"https:\/\/www.facebook.com\/Baubauwall\" \/>\n<meta property=\"article:modified_time\" content=\"2022-11-24T14:53:10+00:00\" \/>\n<meta property=\"og:image\" content=\"https:\/\/baubauwall.com\/wp-content\/uploads\/2022\/11\/51200175_Marble-turquoise_Baubauwall_Wallmural_room09-3.jpg\" \/>\n\t<meta property=\"og:image:width\" content=\"1422\" \/>\n\t<meta property=\"og:image:height\" content=\"800\" \/>\n\t<meta property=\"og:image:type\" content=\"image\/jpeg\" \/>\n<meta name=\"twitter:card\" content=\"summary_large_image\" \/>\n<meta name=\"twitter:label1\" content=\"Est. reading time\" \/>\n\t<meta name=\"twitter:data1\" content=\"1 minut\" \/>\n<script type=\"application\/ld+json\" class=\"yoast-schema-graph\">{\"@context\":\"https:\/\/schema.org\",\"@graph\":[{\"@type\":\"WebPage\",\"@id\":\"https:\/\/baubauwall.com\/et\/toode\/pilttapeet-marmorilained-turkiis\/\",\"url\":\"https:\/\/baubauwall.com\/et\/toode\/pilttapeet-marmorilained-turkiis\/\",\"name\":\"T\u00fcrkiis marmor pilttapeet. Elegantne tapeet, sinu seina m\u00f5\u00f5dus\",\"isPartOf\":{\"@id\":\"https:\/\/baubauwall.com\/et\/#website\"},\"primaryImageOfPage\":{\"@id\":\"https:\/\/baubauwall.com\/et\/toode\/pilttapeet-marmorilained-turkiis\/#primaryimage\"},\"image\":{\"@id\":\"https:\/\/baubauwall.com\/et\/toode\/pilttapeet-marmorilained-turkiis\/#primaryimage\"},\"thumbnailUrl\":\"https:\/\/baubauwall.com\/wp-content\/uploads\/2022\/11\/51200175_Marble-turquoise_Baubauwall_Wallmural_room09-3.jpg\",\"datePublished\":\"2022-10-24T14:46:26+00:00\",\"dateModified\":\"2022-11-24T14:53:10+00:00\",\"description\":\"Lummav marmori imitatsiooniga t\u00fcrkiissinine pilttapeet. Marmor - hea tapeedivalik magamistuppa v\u00f5i mujale. R\u00e4tsepat\u00f6\u00f6na valmivad tapeedid & fototapeedid.\",\"breadcrumb\":{\"@id\":\"https:\/\/baubauwall.com\/et\/toode\/pilttapeet-marmorilained-turkiis\/#breadcrumb\"},\"inLanguage\":\"et\",\"potentialAction\":[{\"@type\":\"ReadAction\",\"target\":[\"https:\/\/baubauwall.com\/et\/toode\/pilttapeet-marmorilained-turkiis\/\"]}]},{\"@type\":\"ImageObject\",\"inLanguage\":\"et\",\"@id\":\"https:\/\/baubauwall.com\/et\/toode\/pilttapeet-marmorilained-turkiis\/#primaryimage\",\"url\":\"https:\/\/baubauwall.com\/wp-content\/uploads\/2022\/11\/51200175_Marble-turquoise_Baubauwall_Wallmural_room09-3.jpg\",\"contentUrl\":\"https:\/\/baubauwall.com\/wp-content\/uploads\/2022\/11\/51200175_Marble-turquoise_Baubauwall_Wallmural_room09-3.jpg\",\"width\":1422,\"height\":800},{\"@type\":\"BreadcrumbList\",\"@id\":\"https:\/\/baubauwall.com\/et\/toode\/pilttapeet-marmorilained-turkiis\/#breadcrumb\",\"itemListElement\":[{\"@type\":\"ListItem\",\"position\":1,\"name\":\"Koju\",\"item\":\"https:\/\/baubauwall.com\/et\/\"},{\"@type\":\"ListItem\",\"position\":2,\"name\":\"Tapeedid\",\"item\":\"https:\/\/baubauwall.com\/et\/tapeedid\/\"},{\"@type\":\"ListItem\",\"position\":3,\"name\":\"Marmorilained &#8211; t\u00fcrkiis\"}]},{\"@type\":\"WebSite\",\"@id\":\"https:\/\/baubauwall.com\/et\/#website\",\"url\":\"https:\/\/baubauwall.com\/et\/\",\"name\":\"BAUBAUWALL Wallpapers\",\"description\":\"Valmis paanides tapeet Eestist!\",\"publisher\":{\"@id\":\"https:\/\/baubauwall.com\/et\/#organization\"},\"potentialAction\":[{\"@type\":\"SearchAction\",\"target\":{\"@type\":\"EntryPoint\",\"urlTemplate\":\"https:\/\/baubauwall.com\/et\/?s={search_term_string}\"},\"query-input\":{\"@type\":\"PropertyValueSpecification\",\"valueRequired\":true,\"valueName\":\"search_term_string\"}}],\"inLanguage\":\"et\"},{\"@type\":\"Organization\",\"@id\":\"https:\/\/baubauwall.com\/et\/#organization\",\"name\":\"BAUBAUWALL Wallpapers\",\"url\":\"https:\/\/baubauwall.com\/et\/\",\"logo\":{\"@type\":\"ImageObject\",\"inLanguage\":\"et\",\"@id\":\"https:\/\/baubauwall.com\/et\/#\/schema\/logo\/image\/\",\"url\":\"https:\/\/baubauwall.com\/wp-content\/uploads\/2022\/03\/logo-horizontal.svg\",\"contentUrl\":\"https:\/\/baubauwall.com\/wp-content\/uploads\/2022\/03\/logo-horizontal.svg\",\"width\":\"1024\",\"height\":\"1024\",\"caption\":\"BAUBAUWALL Wallpapers\"},\"image\":{\"@id\":\"https:\/\/baubauwall.com\/et\/#\/schema\/logo\/image\/\"},\"sameAs\":[\"https:\/\/www.facebook.com\/Baubauwall\",\"https:\/\/www.instagram.com\/baubauwall\"]}]}<\/script>\n<!-- \/ Yoast SEO plugin. -->","yoast_head_json":{"title":"T\u00fcrkiis marmor pilttapeet. Elegantne tapeet, sinu seina m\u00f5\u00f5dus","description":"Lummav marmori imitatsiooniga t\u00fcrkiissinine pilttapeet. Marmor - hea tapeedivalik magamistuppa v\u00f5i mujale. R\u00e4tsepat\u00f6\u00f6na valmivad tapeedid & fototapeedid.","robots":{"index":"index","follow":"follow","max-snippet":"max-snippet:-1","max-image-preview":"max-image-preview:large","max-video-preview":"max-video-preview:-1"},"canonical":"https:\/\/baubauwall.com\/et\/toode\/pilttapeet-marmorilained-turkiis\/","og_locale":"et_EE","og_type":"article","og_title":"T\u00fcrkiis marmor pilttapeet. Elegantne tapeet, sinu seina m\u00f5\u00f5dus","og_description":"Lummav marmori imitatsiooniga t\u00fcrkiissinine pilttapeet. Marmor - hea tapeedivalik magamistuppa v\u00f5i mujale. R\u00e4tsepat\u00f6\u00f6na valmivad tapeedid & fototapeedid.","og_url":"https:\/\/baubauwall.com\/et\/toode\/pilttapeet-marmorilained-turkiis\/","og_site_name":"BAUBAUWALL TAPEEDID","article_publisher":"https:\/\/www.facebook.com\/Baubauwall","article_modified_time":"2022-11-24T14:53:10+00:00","og_image":[{"width":1422,"height":800,"url":"https:\/\/baubauwall.com\/wp-content\/uploads\/2022\/11\/51200175_Marble-turquoise_Baubauwall_Wallmural_room09-3.jpg","type":"image\/jpeg"}],"twitter_card":"summary_large_image","twitter_misc":{"Est. reading time":"1 minut"},"schema":{"@context":"https:\/\/schema.org","@graph":[{"@type":"WebPage","@id":"https:\/\/baubauwall.com\/et\/toode\/pilttapeet-marmorilained-turkiis\/","url":"https:\/\/baubauwall.com\/et\/toode\/pilttapeet-marmorilained-turkiis\/","name":"T\u00fcrkiis marmor pilttapeet. Elegantne tapeet, sinu seina m\u00f5\u00f5dus","isPartOf":{"@id":"https:\/\/baubauwall.com\/et\/#website"},"primaryImageOfPage":{"@id":"https:\/\/baubauwall.com\/et\/toode\/pilttapeet-marmorilained-turkiis\/#primaryimage"},"image":{"@id":"https:\/\/baubauwall.com\/et\/toode\/pilttapeet-marmorilained-turkiis\/#primaryimage"},"thumbnailUrl":"https:\/\/baubauwall.com\/wp-content\/uploads\/2022\/11\/51200175_Marble-turquoise_Baubauwall_Wallmural_room09-3.jpg","datePublished":"2022-10-24T14:46:26+00:00","dateModified":"2022-11-24T14:53:10+00:00","description":"Lummav marmori imitatsiooniga t\u00fcrkiissinine pilttapeet. Marmor - hea tapeedivalik magamistuppa v\u00f5i mujale. R\u00e4tsepat\u00f6\u00f6na valmivad tapeedid & fototapeedid.","breadcrumb":{"@id":"https:\/\/baubauwall.com\/et\/toode\/pilttapeet-marmorilained-turkiis\/#breadcrumb"},"inLanguage":"et","potentialAction":[{"@type":"ReadAction","target":["https:\/\/baubauwall.com\/et\/toode\/pilttapeet-marmorilained-turkiis\/"]}]},{"@type":"ImageObject","inLanguage":"et","@id":"https:\/\/baubauwall.com\/et\/toode\/pilttapeet-marmorilained-turkiis\/#primaryimage","url":"https:\/\/baubauwall.com\/wp-content\/uploads\/2022\/11\/51200175_Marble-turquoise_Baubauwall_Wallmural_room09-3.jpg","contentUrl":"https:\/\/baubauwall.com\/wp-content\/uploads\/2022\/11\/51200175_Marble-turquoise_Baubauwall_Wallmural_room09-3.jpg","width":1422,"height":800},{"@type":"BreadcrumbList","@id":"https:\/\/baubauwall.com\/et\/toode\/pilttapeet-marmorilained-turkiis\/#breadcrumb","itemListElement":[{"@type":"ListItem","position":1,"name":"Koju","item":"https:\/\/baubauwall.com\/et\/"},{"@type":"ListItem","position":2,"name":"Tapeedid","item":"https:\/\/baubauwall.com\/et\/tapeedid\/"},{"@type":"ListItem","position":3,"name":"Marmorilained &#8211; t\u00fcrkiis"}]},{"@type":"WebSite","@id":"https:\/\/baubauwall.com\/et\/#website","url":"https:\/\/baubauwall.com\/et\/","name":"BAUBAUWALL Wallpapers","description":"Valmis paanides tapeet Eestist!","publisher":{"@id":"https:\/\/baubauwall.com\/et\/#organization"},"potentialAction":[{"@type":"SearchAction","target":{"@type":"EntryPoint","urlTemplate":"https:\/\/baubauwall.com\/et\/?s={search_term_string}"},"query-input":{"@type":"PropertyValueSpecification","valueRequired":true,"valueName":"search_term_string"}}],"inLanguage":"et"},{"@type":"Organization","@id":"https:\/\/baubauwall.com\/et\/#organization","name":"BAUBAUWALL Wallpapers","url":"https:\/\/baubauwall.com\/et\/","logo":{"@type":"ImageObject","inLanguage":"et","@id":"https:\/\/baubauwall.com\/et\/#\/schema\/logo\/image\/","url":"https:\/\/baubauwall.com\/wp-content\/uploads\/2022\/03\/logo-horizontal.svg","contentUrl":"https:\/\/baubauwall.com\/wp-content\/uploads\/2022\/03\/logo-horizontal.svg","width":"1024","height":"1024","caption":"BAUBAUWALL Wallpapers"},"image":{"@id":"https:\/\/baubauwall.com\/et\/#\/schema\/logo\/image\/"},"sameAs":["https:\/\/www.facebook.com\/Baubauwall","https:\/\/www.instagram.com\/baubauwall"]}]}},"jetpack_sharing_enabled":true,"_links":{"self":[{"href":"https:\/\/baubauwall.com\/et\/wp-json\/wp\/v2\/product\/22109","targetHints":{"allow":["GET"]}}],"collection":[{"href":"https:\/\/baubauwall.com\/et\/wp-json\/wp\/v2\/product"}],"about":[{"href":"https:\/\/baubauwall.com\/et\/wp-json\/wp\/v2\/types\/product"}],"replies":[{"embeddable":true,"href":"https:\/\/baubauwall.com\/et\/wp-json\/wp\/v2\/comments?post=22109"}],"wp:featuredmedia":[{"embeddable":true,"href":"https:\/\/baubauwall.com\/et\/wp-json\/wp\/v2\/media\/22123"}],"wp:attachment":[{"href":"https:\/\/baubauwall.com\/et\/wp-json\/wp\/v2\/media?parent=22109"}],"wp:term":[{"taxonomy":"product_brand","embeddable":true,"href":"https:\/\/baubauwall.com\/et\/wp-json\/wp\/v2\/product_brand?post=22109"},{"taxonomy":"product_cat","embeddable":true,"href":"https:\/\/baubauwall.com\/et\/wp-json\/wp\/v2\/product_cat?post=22109"},{"taxonomy":"product_tag","embeddable":true,"href":"https:\/\/baubauwall.com\/et\/wp-json\/wp\/v2\/product_tag?post=22109"}],"curies":[{"name":"wp","href":"https:\/\/api.w.org\/{rel}","templated":true}]}}