{"id":22215,"date":"2022-11-24T17:52:33","date_gmt":"2022-11-24T15:52:33","guid":{"rendered":"https:\/\/baubauwall.com\/?post_type=product&#038;p=22215"},"modified":"2022-11-24T18:07:19","modified_gmt":"2022-11-24T16:07:19","slug":"tapeet-tahistaevas-beez","status":"publish","type":"product","link":"https:\/\/baubauwall.com\/et\/toode\/tapeet-tahistaevas-beez\/","title":{"rendered":"T\u00e4histaevas &#8211; bee\u017e"},"content":{"rendered":"<p>Bee\u017eil taustal tapeet valgete t\u00e4hekestega. Testitud ja l\u00e4biproovitud muster, mis on alati omal kohal. Bee\u017eil taustal pastelsed tapeedid sobivad h\u00e4sti erinevatesse ruumidesse. Olgu tegemist lastetoa, klassikalise magamistoa v\u00f5i elutoa seintega, see tapeet loob sooja ja positiivse \u00f5hkkonna. Tapeet, mida saab edukalt kasutada \u00fcksikul aktsentseinal kui ka mitmel seinal korraga.<\/p>\n<p>Nagu k\u00f5ik meie tapeedid, pilttapeedid ja fototapeedid, on ka see disain tr\u00fckitud keskkonnas\u00f5bralike v\u00e4rvidega, hingavale fliistapeedi materjalile. Loe lisaks j\u00e4\u00e4kidevabast tootmisest <a href=\"https:\/\/baubauwall.com\/et\/keskkonnasobralikud-tapeedid\/\" target=\"_blank\" rel=\"noopener\">siin.\u00a0<\/a><\/p>\n","protected":false},"excerpt":{"rendered":"<p>Bee\u017eil taustal tapeet valgete t\u00e4hekestega. Testitud ja l\u00e4biproovitud muster, mis on alati omal kohal. Bee\u017eil taustal pastelsed tapeedid sobivad h\u00e4sti erinevatesse ruumidesse. Olgu tegemist lastetoa, klassikalise magamistoa v\u00f5i elutoa seintega, see tapeet loob sooja ja positiivse \u00f5hkkonna. Tapeet, mida saab edukalt kasutada \u00fcksikul aktsentseinal kui ka mitmel seinal korraga. Nagu k\u00f5ik meie tapeedid, pilttapeedid ja [&hellip;]<\/p>\n","protected":false},"featured_media":22241,"comment_status":"open","ping_status":"closed","template":"","meta":{"_acf_changed":false,"inline_featured_image":false},"product_brand":[],"product_cat":[386,406,392,396,265,273,276,413,400,415,402,465],"product_tag":[349,376],"class_list":{"0":"post-22215","1":"product","2":"type-product","3":"status-publish","4":"has-post-thumbnail","6":"product_cat-kordusmustriga-tapeedid","7":"product_cat-klassika","8":"product_cat-minimalistlik","9":"product_cat-skandinaavia","10":"product_cat-beezid-tapeedid","11":"product_cat-heledad-tapeedid","12":"product_cat-pastelsed-tapeedid","13":"product_cat-magamistoa-tapeedid","14":"product_cat-lastetoa-tapeedid","15":"product_cat-kulalistetoa-tapeedid","16":"product_cat-elutoa-tapeedid","17":"product_cat-taevas-ja-pilved","18":"product_tag-beebituba","19":"product_tag-teismelise-tuba","20":"pa_designedby-baubauwall","22":"first","23":"instock","24":"taxable","25":"shipping-taxable","26":"purchasable","27":"product-type-simple"},"acf":[],"yoast_head":"<!-- This site is optimized with the Yoast SEO plugin v25.9 - https:\/\/yoast.com\/wordpress\/plugins\/seo\/ -->\n<title>T\u00e4histaeva t\u00e4htedega tapeet. Bee\u017e, ajatu tapeet<\/title>\n<meta name=\"description\" content=\"Maitsekas tapeet t\u00e4htedega. Bee\u017e tapeet, mis sobib lastetuppa, magamistoa seinale v\u00f5i elutuppa. Sinu seina m\u00f5\u00f5dus tapeedipaanid.\" \/>\n<meta name=\"robots\" content=\"index, follow, max-snippet:-1, max-image-preview:large, max-video-preview:-1\" \/>\n<link rel=\"canonical\" href=\"https:\/\/baubauwall.com\/et\/toode\/tapeet-tahistaevas-beez\/\" \/>\n<meta property=\"og:locale\" content=\"et_EE\" \/>\n<meta property=\"og:type\" content=\"article\" \/>\n<meta property=\"og:title\" content=\"T\u00e4histaeva t\u00e4htedega tapeet. Bee\u017e, ajatu tapeet\" \/>\n<meta property=\"og:description\" content=\"Maitsekas tapeet t\u00e4htedega. Bee\u017e tapeet, mis sobib lastetuppa, magamistoa seinale v\u00f5i elutuppa. Sinu seina m\u00f5\u00f5dus tapeedipaanid.\" \/>\n<meta property=\"og:url\" content=\"https:\/\/baubauwall.com\/et\/toode\/tapeet-tahistaevas-beez\/\" \/>\n<meta property=\"og:site_name\" content=\"BAUBAUWALL Wallpapers\" \/>\n<meta property=\"article:publisher\" content=\"https:\/\/www.facebook.com\/Baubauwall\" \/>\n<meta property=\"article:modified_time\" content=\"2022-11-24T16:07:19+00:00\" \/>\n<meta property=\"og:image\" content=\"https:\/\/baubauwall.com\/wp-content\/uploads\/2022\/11\/51100309_Stars-beige_Baubauwall_Wallpaper_room6.jpg\" \/>\n\t<meta property=\"og:image:width\" content=\"1600\" \/>\n\t<meta property=\"og:image:height\" content=\"800\" \/>\n\t<meta property=\"og:image:type\" content=\"image\/jpeg\" \/>\n<meta name=\"twitter:card\" content=\"summary_large_image\" \/>\n<meta name=\"twitter:label1\" content=\"Est. reading time\" \/>\n\t<meta name=\"twitter:data1\" content=\"1 minut\" \/>\n<script type=\"application\/ld+json\" class=\"yoast-schema-graph\">{\"@context\":\"https:\/\/schema.org\",\"@graph\":[{\"@type\":\"WebPage\",\"@id\":\"https:\/\/baubauwall.com\/et\/toode\/tapeet-tahistaevas-beez\/\",\"url\":\"https:\/\/baubauwall.com\/et\/toode\/tapeet-tahistaevas-beez\/\",\"name\":\"T\u00e4histaeva t\u00e4htedega tapeet. Bee\u017e, ajatu tapeet\",\"isPartOf\":{\"@id\":\"https:\/\/baubauwall.com\/et\/#website\"},\"primaryImageOfPage\":{\"@id\":\"https:\/\/baubauwall.com\/et\/toode\/tapeet-tahistaevas-beez\/#primaryimage\"},\"image\":{\"@id\":\"https:\/\/baubauwall.com\/et\/toode\/tapeet-tahistaevas-beez\/#primaryimage\"},\"thumbnailUrl\":\"https:\/\/baubauwall.com\/wp-content\/uploads\/2022\/11\/51100309_Stars-beige_Baubauwall_Wallpaper_room6.jpg\",\"datePublished\":\"2022-11-24T15:52:33+00:00\",\"dateModified\":\"2022-11-24T16:07:19+00:00\",\"description\":\"Maitsekas tapeet t\u00e4htedega. Bee\u017e tapeet, mis sobib lastetuppa, magamistoa seinale v\u00f5i elutuppa. Sinu seina m\u00f5\u00f5dus tapeedipaanid.\",\"breadcrumb\":{\"@id\":\"https:\/\/baubauwall.com\/et\/toode\/tapeet-tahistaevas-beez\/#breadcrumb\"},\"inLanguage\":\"et\",\"potentialAction\":[{\"@type\":\"ReadAction\",\"target\":[\"https:\/\/baubauwall.com\/et\/toode\/tapeet-tahistaevas-beez\/\"]}]},{\"@type\":\"ImageObject\",\"inLanguage\":\"et\",\"@id\":\"https:\/\/baubauwall.com\/et\/toode\/tapeet-tahistaevas-beez\/#primaryimage\",\"url\":\"https:\/\/baubauwall.com\/wp-content\/uploads\/2022\/11\/51100309_Stars-beige_Baubauwall_Wallpaper_room6.jpg\",\"contentUrl\":\"https:\/\/baubauwall.com\/wp-content\/uploads\/2022\/11\/51100309_Stars-beige_Baubauwall_Wallpaper_room6.jpg\",\"width\":1600,\"height\":800},{\"@type\":\"BreadcrumbList\",\"@id\":\"https:\/\/baubauwall.com\/et\/toode\/tapeet-tahistaevas-beez\/#breadcrumb\",\"itemListElement\":[{\"@type\":\"ListItem\",\"position\":1,\"name\":\"Koju\",\"item\":\"https:\/\/baubauwall.com\/et\/\"},{\"@type\":\"ListItem\",\"position\":2,\"name\":\"Tapeedid\",\"item\":\"https:\/\/baubauwall.com\/et\/tapeedid\/\"},{\"@type\":\"ListItem\",\"position\":3,\"name\":\"T\u00e4histaevas &#8211; bee\u017e\"}]},{\"@type\":\"WebSite\",\"@id\":\"https:\/\/baubauwall.com\/et\/#website\",\"url\":\"https:\/\/baubauwall.com\/et\/\",\"name\":\"BAUBAUWALL Wallpapers\",\"description\":\"Valmis paanides tapeet Eestist!\",\"publisher\":{\"@id\":\"https:\/\/baubauwall.com\/et\/#organization\"},\"potentialAction\":[{\"@type\":\"SearchAction\",\"target\":{\"@type\":\"EntryPoint\",\"urlTemplate\":\"https:\/\/baubauwall.com\/et\/?s={search_term_string}\"},\"query-input\":{\"@type\":\"PropertyValueSpecification\",\"valueRequired\":true,\"valueName\":\"search_term_string\"}}],\"inLanguage\":\"et\"},{\"@type\":\"Organization\",\"@id\":\"https:\/\/baubauwall.com\/et\/#organization\",\"name\":\"BAUBAUWALL Wallpapers\",\"url\":\"https:\/\/baubauwall.com\/et\/\",\"logo\":{\"@type\":\"ImageObject\",\"inLanguage\":\"et\",\"@id\":\"https:\/\/baubauwall.com\/et\/#\/schema\/logo\/image\/\",\"url\":\"https:\/\/baubauwall.com\/wp-content\/uploads\/2022\/03\/logo-horizontal.svg\",\"contentUrl\":\"https:\/\/baubauwall.com\/wp-content\/uploads\/2022\/03\/logo-horizontal.svg\",\"width\":\"1024\",\"height\":\"1024\",\"caption\":\"BAUBAUWALL Wallpapers\"},\"image\":{\"@id\":\"https:\/\/baubauwall.com\/et\/#\/schema\/logo\/image\/\"},\"sameAs\":[\"https:\/\/www.facebook.com\/Baubauwall\",\"https:\/\/www.instagram.com\/baubauwall\"]}]}<\/script>\n<!-- \/ Yoast SEO plugin. -->","yoast_head_json":{"title":"T\u00e4histaeva t\u00e4htedega tapeet. Bee\u017e, ajatu tapeet","description":"Maitsekas tapeet t\u00e4htedega. Bee\u017e tapeet, mis sobib lastetuppa, magamistoa seinale v\u00f5i elutuppa. Sinu seina m\u00f5\u00f5dus tapeedipaanid.","robots":{"index":"index","follow":"follow","max-snippet":"max-snippet:-1","max-image-preview":"max-image-preview:large","max-video-preview":"max-video-preview:-1"},"canonical":"https:\/\/baubauwall.com\/et\/toode\/tapeet-tahistaevas-beez\/","og_locale":"et_EE","og_type":"article","og_title":"T\u00e4histaeva t\u00e4htedega tapeet. Bee\u017e, ajatu tapeet","og_description":"Maitsekas tapeet t\u00e4htedega. Bee\u017e tapeet, mis sobib lastetuppa, magamistoa seinale v\u00f5i elutuppa. Sinu seina m\u00f5\u00f5dus tapeedipaanid.","og_url":"https:\/\/baubauwall.com\/et\/toode\/tapeet-tahistaevas-beez\/","og_site_name":"BAUBAUWALL Wallpapers","article_publisher":"https:\/\/www.facebook.com\/Baubauwall","article_modified_time":"2022-11-24T16:07:19+00:00","og_image":[{"width":1600,"height":800,"url":"https:\/\/baubauwall.com\/wp-content\/uploads\/2022\/11\/51100309_Stars-beige_Baubauwall_Wallpaper_room6.jpg","type":"image\/jpeg"}],"twitter_card":"summary_large_image","twitter_misc":{"Est. reading time":"1 minut"},"schema":{"@context":"https:\/\/schema.org","@graph":[{"@type":"WebPage","@id":"https:\/\/baubauwall.com\/et\/toode\/tapeet-tahistaevas-beez\/","url":"https:\/\/baubauwall.com\/et\/toode\/tapeet-tahistaevas-beez\/","name":"T\u00e4histaeva t\u00e4htedega tapeet. Bee\u017e, ajatu tapeet","isPartOf":{"@id":"https:\/\/baubauwall.com\/et\/#website"},"primaryImageOfPage":{"@id":"https:\/\/baubauwall.com\/et\/toode\/tapeet-tahistaevas-beez\/#primaryimage"},"image":{"@id":"https:\/\/baubauwall.com\/et\/toode\/tapeet-tahistaevas-beez\/#primaryimage"},"thumbnailUrl":"https:\/\/baubauwall.com\/wp-content\/uploads\/2022\/11\/51100309_Stars-beige_Baubauwall_Wallpaper_room6.jpg","datePublished":"2022-11-24T15:52:33+00:00","dateModified":"2022-11-24T16:07:19+00:00","description":"Maitsekas tapeet t\u00e4htedega. Bee\u017e tapeet, mis sobib lastetuppa, magamistoa seinale v\u00f5i elutuppa. Sinu seina m\u00f5\u00f5dus tapeedipaanid.","breadcrumb":{"@id":"https:\/\/baubauwall.com\/et\/toode\/tapeet-tahistaevas-beez\/#breadcrumb"},"inLanguage":"et","potentialAction":[{"@type":"ReadAction","target":["https:\/\/baubauwall.com\/et\/toode\/tapeet-tahistaevas-beez\/"]}]},{"@type":"ImageObject","inLanguage":"et","@id":"https:\/\/baubauwall.com\/et\/toode\/tapeet-tahistaevas-beez\/#primaryimage","url":"https:\/\/baubauwall.com\/wp-content\/uploads\/2022\/11\/51100309_Stars-beige_Baubauwall_Wallpaper_room6.jpg","contentUrl":"https:\/\/baubauwall.com\/wp-content\/uploads\/2022\/11\/51100309_Stars-beige_Baubauwall_Wallpaper_room6.jpg","width":1600,"height":800},{"@type":"BreadcrumbList","@id":"https:\/\/baubauwall.com\/et\/toode\/tapeet-tahistaevas-beez\/#breadcrumb","itemListElement":[{"@type":"ListItem","position":1,"name":"Koju","item":"https:\/\/baubauwall.com\/et\/"},{"@type":"ListItem","position":2,"name":"Tapeedid","item":"https:\/\/baubauwall.com\/et\/tapeedid\/"},{"@type":"ListItem","position":3,"name":"T\u00e4histaevas &#8211; bee\u017e"}]},{"@type":"WebSite","@id":"https:\/\/baubauwall.com\/et\/#website","url":"https:\/\/baubauwall.com\/et\/","name":"BAUBAUWALL Wallpapers","description":"Valmis paanides tapeet Eestist!","publisher":{"@id":"https:\/\/baubauwall.com\/et\/#organization"},"potentialAction":[{"@type":"SearchAction","target":{"@type":"EntryPoint","urlTemplate":"https:\/\/baubauwall.com\/et\/?s={search_term_string}"},"query-input":{"@type":"PropertyValueSpecification","valueRequired":true,"valueName":"search_term_string"}}],"inLanguage":"et"},{"@type":"Organization","@id":"https:\/\/baubauwall.com\/et\/#organization","name":"BAUBAUWALL Wallpapers","url":"https:\/\/baubauwall.com\/et\/","logo":{"@type":"ImageObject","inLanguage":"et","@id":"https:\/\/baubauwall.com\/et\/#\/schema\/logo\/image\/","url":"https:\/\/baubauwall.com\/wp-content\/uploads\/2022\/03\/logo-horizontal.svg","contentUrl":"https:\/\/baubauwall.com\/wp-content\/uploads\/2022\/03\/logo-horizontal.svg","width":"1024","height":"1024","caption":"BAUBAUWALL Wallpapers"},"image":{"@id":"https:\/\/baubauwall.com\/et\/#\/schema\/logo\/image\/"},"sameAs":["https:\/\/www.facebook.com\/Baubauwall","https:\/\/www.instagram.com\/baubauwall"]}]}},"jetpack_sharing_enabled":true,"_links":{"self":[{"href":"https:\/\/baubauwall.com\/et\/wp-json\/wp\/v2\/product\/22215","targetHints":{"allow":["GET"]}}],"collection":[{"href":"https:\/\/baubauwall.com\/et\/wp-json\/wp\/v2\/product"}],"about":[{"href":"https:\/\/baubauwall.com\/et\/wp-json\/wp\/v2\/types\/product"}],"replies":[{"embeddable":true,"href":"https:\/\/baubauwall.com\/et\/wp-json\/wp\/v2\/comments?post=22215"}],"wp:featuredmedia":[{"embeddable":true,"href":"https:\/\/baubauwall.com\/et\/wp-json\/wp\/v2\/media\/22241"}],"wp:attachment":[{"href":"https:\/\/baubauwall.com\/et\/wp-json\/wp\/v2\/media?parent=22215"}],"wp:term":[{"taxonomy":"product_brand","embeddable":true,"href":"https:\/\/baubauwall.com\/et\/wp-json\/wp\/v2\/product_brand?post=22215"},{"taxonomy":"product_cat","embeddable":true,"href":"https:\/\/baubauwall.com\/et\/wp-json\/wp\/v2\/product_cat?post=22215"},{"taxonomy":"product_tag","embeddable":true,"href":"https:\/\/baubauwall.com\/et\/wp-json\/wp\/v2\/product_tag?post=22215"}],"curies":[{"name":"wp","href":"https:\/\/api.w.org\/{rel}","templated":true}]}}