{"id":22296,"date":"2022-10-15T17:00:13","date_gmt":"2022-10-15T15:00:13","guid":{"rendered":"https:\/\/baubauwall.com\/product\/wall-mural-turquoise-dream\/"},"modified":"2024-01-05T13:14:38","modified_gmt":"2024-01-05T11:14:38","slug":"pilttapeet-turkiis-unenagu","status":"publish","type":"product","link":"https:\/\/baubauwall.com\/et\/toode\/pilttapeet-turkiis-unenagu\/","title":{"rendered":"T\u00fcrkiis unen\u00e4gu"},"content":{"rendered":"<p>Julge, rikkalik pilttapeet t\u00fcrkiissinise ja kulla mineraalse mikstuuriga. On see marmor v\u00f5i voolav mineraalv\u00e4rv? Otsusta ise! Igal juhul &#8211; eriline valik elutoa seinale v\u00f5i magamistuppa. T\u00fcrkiissinine ehk akvamariin toob m\u00f5ttesse suve varjundid. \u00d5ige kasutamise korral sobib seda tooni tapeet suurep\u00e4raselt igal aastaajal ja iga toa seinale. Kuigi v\u00f5ib vaielda selle \u00fcle, millist rohelise-sinise kombinatsiooni ja kuidas t\u00e4pselt nimetama peaks, siis t\u00fcrkiissinise tapeedi k\u00fctkestava aura \u00fcle ei vaielda!<\/p>\n<p>Nagu k\u00f5ik meie tapeedid, fototapeedid ja pilttapeedid, on ka see disain tr\u00fckitud hingavale, keskkonnas\u00f5bralike v\u00e4rvidega fliistapeedi materjalile. Loe lisaks j\u00e4\u00e4tmevabast ja innovaatilisest tapeeditootmisest <a href=\"https:\/\/baubauwall.com\/et\/keskkonnasobralikud-tapeedid\/\" target=\"_blank\" rel=\"noopener\">siin<\/a>.<\/p>\n<p>&nbsp;<\/p>\n","protected":false},"excerpt":{"rendered":"<p>Julge, rikkalik pilttapeet t\u00fcrkiissinise ja kulla mineraalse mikstuuriga. On see marmor v\u00f5i voolav mineraalv\u00e4rv? Otsusta ise! Igal juhul &#8211; eriline valik elutoa seinale v\u00f5i magamistuppa. T\u00fcrkiissinine ehk akvamariin toob m\u00f5ttesse suve varjundid. \u00d5ige kasutamise korral sobib seda tooni tapeet suurep\u00e4raselt igal aastaajal ja iga toa seinale. Kuigi v\u00f5ib vaielda selle \u00fcle, millist rohelise-sinise kombinatsiooni ja [&hellip;]<\/p>\n","protected":false},"featured_media":22294,"comment_status":"open","ping_status":"closed","template":"","meta":{"_acf_changed":false,"inline_featured_image":false},"product_brand":[],"product_cat":[387,622,404,447,267,409,413,414,415,401,402,230],"product_tag":[314,341,345],"class_list":{"0":"post-22296","1":"product","2":"type-product","3":"status-publish","4":"has-post-thumbnail","6":"product_cat-pilttapeedid","7":"product_cat-julged-tapeedid","8":"product_cat-abstraktne","9":"product_cat-maksimalistlik-et","10":"product_cat-sinised-tapeedid","11":"product_cat-turkiis-tapeedid","12":"product_cat-magamistoa-tapeedid","13":"product_cat-soogitoa-tapeedid","14":"product_cat-kulalistetoa-tapeedid","15":"product_cat-koogi-tapeedid","16":"product_cat-elutoa-tapeedid","17":"product_cat-marmor","18":"product_tag-faux-surface-et","19":"product_tag-marmor","20":"product_tag-pilttapeet","21":"pa_designedby-baubauwall","23":"first","24":"instock","25":"taxable","26":"shipping-taxable","27":"purchasable","28":"product-type-simple"},"acf":[],"yoast_head":"<!-- This site is optimized with the Yoast SEO plugin v25.9 - https:\/\/yoast.com\/wordpress\/plugins\/seo\/ -->\n<title>T\u00fcrkiis mineraal pilttapeet. Elegantne tapeet, sinu seina m\u00f5\u00f5dus<\/title>\n<meta name=\"description\" content=\"Eriline mineraalse marmori imitatsiooniga t\u00fcrkiissinine pilttapeet. Efektne tapeedivalik magamistuppa v\u00f5i mujale. R\u00e4tsepat\u00f6\u00f6na valmivad tapeedid\" \/>\n<meta name=\"robots\" content=\"index, follow, max-snippet:-1, max-image-preview:large, max-video-preview:-1\" \/>\n<link rel=\"canonical\" href=\"https:\/\/baubauwall.com\/et\/toode\/pilttapeet-turkiis-unenagu\/\" \/>\n<meta property=\"og:locale\" content=\"et_EE\" \/>\n<meta property=\"og:type\" content=\"article\" \/>\n<meta property=\"og:title\" content=\"BAUBAUWALL Wallpapers\" \/>\n<meta property=\"og:description\" content=\"T\u00fcrkiis unen\u00e4gu\" \/>\n<meta property=\"og:url\" content=\"https:\/\/baubauwall.com\/et\/toode\/pilttapeet-turkiis-unenagu\/\" \/>\n<meta property=\"og:site_name\" content=\"BAUBAUWALL Wallpapers\" \/>\n<meta property=\"article:publisher\" content=\"https:\/\/www.facebook.com\/Baubauwall\" \/>\n<meta property=\"article:modified_time\" content=\"2024-01-05T11:14:38+00:00\" \/>\n<meta property=\"og:image\" content=\"https:\/\/baubauwall.com\/wp-content\/uploads\/2022\/11\/51200177_TurquoiseDream_Baubauwall_Wallmural_room3.jpg\" \/>\n\t<meta property=\"og:image:width\" content=\"1067\" \/>\n\t<meta property=\"og:image:height\" content=\"800\" \/>\n\t<meta property=\"og:image:type\" content=\"image\/jpeg\" \/>\n<meta name=\"twitter:card\" content=\"summary_large_image\" \/>\n<meta name=\"twitter:label1\" content=\"Est. reading time\" \/>\n\t<meta name=\"twitter:data1\" content=\"1 minut\" \/>\n<script type=\"application\/ld+json\" class=\"yoast-schema-graph\">{\"@context\":\"https:\/\/schema.org\",\"@graph\":[{\"@type\":\"WebPage\",\"@id\":\"https:\/\/baubauwall.com\/et\/toode\/pilttapeet-turkiis-unenagu\/\",\"url\":\"https:\/\/baubauwall.com\/et\/toode\/pilttapeet-turkiis-unenagu\/\",\"name\":\"T\u00fcrkiis mineraal pilttapeet. Elegantne tapeet, sinu seina m\u00f5\u00f5dus\",\"isPartOf\":{\"@id\":\"https:\/\/baubauwall.com\/et\/#website\"},\"primaryImageOfPage\":{\"@id\":\"https:\/\/baubauwall.com\/et\/toode\/pilttapeet-turkiis-unenagu\/#primaryimage\"},\"image\":{\"@id\":\"https:\/\/baubauwall.com\/et\/toode\/pilttapeet-turkiis-unenagu\/#primaryimage\"},\"thumbnailUrl\":\"https:\/\/baubauwall.com\/wp-content\/uploads\/2022\/11\/51200177_TurquoiseDream_Baubauwall_Wallmural_room3.jpg\",\"datePublished\":\"2022-10-15T15:00:13+00:00\",\"dateModified\":\"2024-01-05T11:14:38+00:00\",\"description\":\"Eriline mineraalse marmori imitatsiooniga t\u00fcrkiissinine pilttapeet. Efektne tapeedivalik magamistuppa v\u00f5i mujale. R\u00e4tsepat\u00f6\u00f6na valmivad tapeedid\",\"breadcrumb\":{\"@id\":\"https:\/\/baubauwall.com\/et\/toode\/pilttapeet-turkiis-unenagu\/#breadcrumb\"},\"inLanguage\":\"et\",\"potentialAction\":[{\"@type\":\"ReadAction\",\"target\":[\"https:\/\/baubauwall.com\/et\/toode\/pilttapeet-turkiis-unenagu\/\"]}]},{\"@type\":\"ImageObject\",\"inLanguage\":\"et\",\"@id\":\"https:\/\/baubauwall.com\/et\/toode\/pilttapeet-turkiis-unenagu\/#primaryimage\",\"url\":\"https:\/\/baubauwall.com\/wp-content\/uploads\/2022\/11\/51200177_TurquoiseDream_Baubauwall_Wallmural_room3.jpg\",\"contentUrl\":\"https:\/\/baubauwall.com\/wp-content\/uploads\/2022\/11\/51200177_TurquoiseDream_Baubauwall_Wallmural_room3.jpg\",\"width\":1067,\"height\":800},{\"@type\":\"BreadcrumbList\",\"@id\":\"https:\/\/baubauwall.com\/et\/toode\/pilttapeet-turkiis-unenagu\/#breadcrumb\",\"itemListElement\":[{\"@type\":\"ListItem\",\"position\":1,\"name\":\"Koju\",\"item\":\"https:\/\/baubauwall.com\/et\/\"},{\"@type\":\"ListItem\",\"position\":2,\"name\":\"Tapeedid\",\"item\":\"https:\/\/baubauwall.com\/et\/tapeedid\/\"},{\"@type\":\"ListItem\",\"position\":3,\"name\":\"T\u00fcrkiis unen\u00e4gu\"}]},{\"@type\":\"WebSite\",\"@id\":\"https:\/\/baubauwall.com\/et\/#website\",\"url\":\"https:\/\/baubauwall.com\/et\/\",\"name\":\"BAUBAUWALL Wallpapers\",\"description\":\"Valmis paanides tapeet Eestist!\",\"publisher\":{\"@id\":\"https:\/\/baubauwall.com\/et\/#organization\"},\"potentialAction\":[{\"@type\":\"SearchAction\",\"target\":{\"@type\":\"EntryPoint\",\"urlTemplate\":\"https:\/\/baubauwall.com\/et\/?s={search_term_string}\"},\"query-input\":{\"@type\":\"PropertyValueSpecification\",\"valueRequired\":true,\"valueName\":\"search_term_string\"}}],\"inLanguage\":\"et\"},{\"@type\":\"Organization\",\"@id\":\"https:\/\/baubauwall.com\/et\/#organization\",\"name\":\"BAUBAUWALL Wallpapers\",\"url\":\"https:\/\/baubauwall.com\/et\/\",\"logo\":{\"@type\":\"ImageObject\",\"inLanguage\":\"et\",\"@id\":\"https:\/\/baubauwall.com\/et\/#\/schema\/logo\/image\/\",\"url\":\"https:\/\/baubauwall.com\/wp-content\/uploads\/2022\/03\/logo-horizontal.svg\",\"contentUrl\":\"https:\/\/baubauwall.com\/wp-content\/uploads\/2022\/03\/logo-horizontal.svg\",\"width\":\"1024\",\"height\":\"1024\",\"caption\":\"BAUBAUWALL Wallpapers\"},\"image\":{\"@id\":\"https:\/\/baubauwall.com\/et\/#\/schema\/logo\/image\/\"},\"sameAs\":[\"https:\/\/www.facebook.com\/Baubauwall\",\"https:\/\/www.instagram.com\/baubauwall\"]}]}<\/script>\n<!-- \/ Yoast SEO plugin. -->","yoast_head_json":{"title":"T\u00fcrkiis mineraal pilttapeet. Elegantne tapeet, sinu seina m\u00f5\u00f5dus","description":"Eriline mineraalse marmori imitatsiooniga t\u00fcrkiissinine pilttapeet. Efektne tapeedivalik magamistuppa v\u00f5i mujale. R\u00e4tsepat\u00f6\u00f6na valmivad tapeedid","robots":{"index":"index","follow":"follow","max-snippet":"max-snippet:-1","max-image-preview":"max-image-preview:large","max-video-preview":"max-video-preview:-1"},"canonical":"https:\/\/baubauwall.com\/et\/toode\/pilttapeet-turkiis-unenagu\/","og_locale":"et_EE","og_type":"article","og_title":"BAUBAUWALL Wallpapers","og_description":"T\u00fcrkiis unen\u00e4gu","og_url":"https:\/\/baubauwall.com\/et\/toode\/pilttapeet-turkiis-unenagu\/","og_site_name":"BAUBAUWALL Wallpapers","article_publisher":"https:\/\/www.facebook.com\/Baubauwall","article_modified_time":"2024-01-05T11:14:38+00:00","og_image":[{"width":1067,"height":800,"url":"https:\/\/baubauwall.com\/wp-content\/uploads\/2022\/11\/51200177_TurquoiseDream_Baubauwall_Wallmural_room3.jpg","type":"image\/jpeg"}],"twitter_card":"summary_large_image","twitter_misc":{"Est. reading time":"1 minut"},"schema":{"@context":"https:\/\/schema.org","@graph":[{"@type":"WebPage","@id":"https:\/\/baubauwall.com\/et\/toode\/pilttapeet-turkiis-unenagu\/","url":"https:\/\/baubauwall.com\/et\/toode\/pilttapeet-turkiis-unenagu\/","name":"T\u00fcrkiis mineraal pilttapeet. Elegantne tapeet, sinu seina m\u00f5\u00f5dus","isPartOf":{"@id":"https:\/\/baubauwall.com\/et\/#website"},"primaryImageOfPage":{"@id":"https:\/\/baubauwall.com\/et\/toode\/pilttapeet-turkiis-unenagu\/#primaryimage"},"image":{"@id":"https:\/\/baubauwall.com\/et\/toode\/pilttapeet-turkiis-unenagu\/#primaryimage"},"thumbnailUrl":"https:\/\/baubauwall.com\/wp-content\/uploads\/2022\/11\/51200177_TurquoiseDream_Baubauwall_Wallmural_room3.jpg","datePublished":"2022-10-15T15:00:13+00:00","dateModified":"2024-01-05T11:14:38+00:00","description":"Eriline mineraalse marmori imitatsiooniga t\u00fcrkiissinine pilttapeet. Efektne tapeedivalik magamistuppa v\u00f5i mujale. R\u00e4tsepat\u00f6\u00f6na valmivad tapeedid","breadcrumb":{"@id":"https:\/\/baubauwall.com\/et\/toode\/pilttapeet-turkiis-unenagu\/#breadcrumb"},"inLanguage":"et","potentialAction":[{"@type":"ReadAction","target":["https:\/\/baubauwall.com\/et\/toode\/pilttapeet-turkiis-unenagu\/"]}]},{"@type":"ImageObject","inLanguage":"et","@id":"https:\/\/baubauwall.com\/et\/toode\/pilttapeet-turkiis-unenagu\/#primaryimage","url":"https:\/\/baubauwall.com\/wp-content\/uploads\/2022\/11\/51200177_TurquoiseDream_Baubauwall_Wallmural_room3.jpg","contentUrl":"https:\/\/baubauwall.com\/wp-content\/uploads\/2022\/11\/51200177_TurquoiseDream_Baubauwall_Wallmural_room3.jpg","width":1067,"height":800},{"@type":"BreadcrumbList","@id":"https:\/\/baubauwall.com\/et\/toode\/pilttapeet-turkiis-unenagu\/#breadcrumb","itemListElement":[{"@type":"ListItem","position":1,"name":"Koju","item":"https:\/\/baubauwall.com\/et\/"},{"@type":"ListItem","position":2,"name":"Tapeedid","item":"https:\/\/baubauwall.com\/et\/tapeedid\/"},{"@type":"ListItem","position":3,"name":"T\u00fcrkiis unen\u00e4gu"}]},{"@type":"WebSite","@id":"https:\/\/baubauwall.com\/et\/#website","url":"https:\/\/baubauwall.com\/et\/","name":"BAUBAUWALL Wallpapers","description":"Valmis paanides tapeet Eestist!","publisher":{"@id":"https:\/\/baubauwall.com\/et\/#organization"},"potentialAction":[{"@type":"SearchAction","target":{"@type":"EntryPoint","urlTemplate":"https:\/\/baubauwall.com\/et\/?s={search_term_string}"},"query-input":{"@type":"PropertyValueSpecification","valueRequired":true,"valueName":"search_term_string"}}],"inLanguage":"et"},{"@type":"Organization","@id":"https:\/\/baubauwall.com\/et\/#organization","name":"BAUBAUWALL Wallpapers","url":"https:\/\/baubauwall.com\/et\/","logo":{"@type":"ImageObject","inLanguage":"et","@id":"https:\/\/baubauwall.com\/et\/#\/schema\/logo\/image\/","url":"https:\/\/baubauwall.com\/wp-content\/uploads\/2022\/03\/logo-horizontal.svg","contentUrl":"https:\/\/baubauwall.com\/wp-content\/uploads\/2022\/03\/logo-horizontal.svg","width":"1024","height":"1024","caption":"BAUBAUWALL Wallpapers"},"image":{"@id":"https:\/\/baubauwall.com\/et\/#\/schema\/logo\/image\/"},"sameAs":["https:\/\/www.facebook.com\/Baubauwall","https:\/\/www.instagram.com\/baubauwall"]}]}},"jetpack_sharing_enabled":true,"_links":{"self":[{"href":"https:\/\/baubauwall.com\/et\/wp-json\/wp\/v2\/product\/22296","targetHints":{"allow":["GET"]}}],"collection":[{"href":"https:\/\/baubauwall.com\/et\/wp-json\/wp\/v2\/product"}],"about":[{"href":"https:\/\/baubauwall.com\/et\/wp-json\/wp\/v2\/types\/product"}],"replies":[{"embeddable":true,"href":"https:\/\/baubauwall.com\/et\/wp-json\/wp\/v2\/comments?post=22296"}],"wp:featuredmedia":[{"embeddable":true,"href":"https:\/\/baubauwall.com\/et\/wp-json\/wp\/v2\/media\/22294"}],"wp:attachment":[{"href":"https:\/\/baubauwall.com\/et\/wp-json\/wp\/v2\/media?parent=22296"}],"wp:term":[{"taxonomy":"product_brand","embeddable":true,"href":"https:\/\/baubauwall.com\/et\/wp-json\/wp\/v2\/product_brand?post=22296"},{"taxonomy":"product_cat","embeddable":true,"href":"https:\/\/baubauwall.com\/et\/wp-json\/wp\/v2\/product_cat?post=22296"},{"taxonomy":"product_tag","embeddable":true,"href":"https:\/\/baubauwall.com\/et\/wp-json\/wp\/v2\/product_tag?post=22296"}],"curies":[{"name":"wp","href":"https:\/\/api.w.org\/{rel}","templated":true}]}}