{"id":22957,"date":"2022-12-05T15:34:19","date_gmt":"2022-12-05T13:34:19","guid":{"rendered":"https:\/\/baubauwall.com\/?post_type=product&#038;p=22957"},"modified":"2022-12-05T15:56:17","modified_gmt":"2022-12-05T13:56:17","slug":"tapeet-ratsanik-filmilindil-sinine","status":"publish","type":"product","link":"https:\/\/baubauwall.com\/et\/toode\/tapeet-ratsanik-filmilindil-sinine\/","title":{"rendered":"Ratsanik filmilindil &#8211; sinine"},"content":{"rendered":"<p>Tapeet nagu filmis! Need 1878. aastal Eadweard Muybridge&#8217;i fotografeeritud kaadrid moodustavad maailma \u00fche esimese animatsiooni. Piltide uurimisel sai l\u00f5plikult selgeks t\u00f5siasi, et galopeerival hobusel t\u00f5usevad korraks maast lahti k\u00f5ik neli kapja. Peaasi, et tapeet \u00f5hku ei t\u00f5use! K\u00fcll aga Sinu meeleolu. Pane sinine, hobustega tapeet tualetti, esiku seinale v\u00f5i garderoobi, eriliselt h\u00e4sti m\u00f5jub see v\u00e4ikestel pindadel.<\/p>\n<p>Nagu k\u00f5ik meie kordusmustriga tapeedid ja pilttapeedid, on ka see disain tr\u00fckitud keskkonnas\u00f5bralike v\u00e4rvidega, hingavale fliistapeedi materjalile.\u00a0 Fliistapeeti on v\u00e4ga lihtne paigaldada ja ka eemaldada. Loe l\u00e4hemalt nutikatest tapeetidest <a href=\"https:\/\/baubauwall.com\/et\/keskkonnasobralikud-tapeedid\/\" target=\"_blank\" rel=\"noopener\">siit.<\/a><\/p>\n","protected":false},"excerpt":{"rendered":"<p>Tapeet nagu filmis! Need 1878. aastal Eadweard Muybridge&#8217;i fotografeeritud kaadrid moodustavad maailma \u00fche esimese animatsiooni. Piltide uurimisel sai l\u00f5plikult selgeks t\u00f5siasi, et galopeerival hobusel t\u00f5usevad korraks maast lahti k\u00f5ik neli kapja. Peaasi, et tapeet \u00f5hku ei t\u00f5use! K\u00fcll aga Sinu meeleolu. Pane sinine, hobustega tapeet tualetti, esiku seinale v\u00f5i garderoobi, eriliselt h\u00e4sti m\u00f5jub see v\u00e4ikestel [&hellip;]<\/p>\n","protected":false},"featured_media":22986,"comment_status":"open","ping_status":"closed","template":"","meta":{"_acf_changed":false,"inline_featured_image":false},"product_brand":[],"product_cat":[386,622,447,388,267,270,413,416,399,402,412],"product_tag":[486,620,619],"class_list":{"0":"post-22957","1":"product","2":"type-product","3":"status-publish","4":"has-post-thumbnail","6":"product_cat-kordusmustriga-tapeedid","7":"product_cat-julged-tapeedid","8":"product_cat-maksimalistlik-et","9":"product_cat-vintage-et","10":"product_cat-sinised-tapeedid","11":"product_cat-tumedad-tapeedid","12":"product_cat-magamistoa-tapeedid","13":"product_cat-esiku-tapeedid","14":"product_cat-kodukontori-tapeedid","15":"product_cat-elutoa-tapeedid","16":"product_cat-vannitoa-tapeedid","17":"product_tag-fotograafia-et","18":"product_tag-hobune-et","19":"product_tag-ratsutamine","20":"pa_designedby-baubauwall","22":"first","23":"instock","24":"taxable","25":"shipping-taxable","26":"purchasable","27":"product-type-simple"},"acf":[],"yoast_head":"<!-- This site is optimized with the Yoast SEO plugin v25.9 - https:\/\/yoast.com\/wordpress\/plugins\/seo\/ -->\n<title>Filmilindil, sinine hobustega tapeet. 19 saj. fotograafia tapeedil<\/title>\n<meta name=\"description\" content=\"Kelmikalt l\u00f5bus tapeet hobustega. Fotod tapeedil. Stiilne sinine tapeet, mis sobib valitud interj\u00f6\u00f6ri. Sinu seina m\u00f5\u00f5dus nummerdatud paanides!\" \/>\n<meta name=\"robots\" content=\"index, follow, max-snippet:-1, max-image-preview:large, max-video-preview:-1\" \/>\n<link rel=\"canonical\" href=\"https:\/\/baubauwall.com\/et\/toode\/tapeet-ratsanik-filmilindil-sinine\/\" \/>\n<meta property=\"og:locale\" content=\"et_EE\" \/>\n<meta property=\"og:type\" content=\"article\" \/>\n<meta property=\"og:title\" content=\"BAUBAUWALL TAPEEDID\" \/>\n<meta property=\"og:description\" content=\"Ratsanik filmilindil - sinine\" \/>\n<meta property=\"og:url\" content=\"https:\/\/baubauwall.com\/et\/toode\/tapeet-ratsanik-filmilindil-sinine\/\" \/>\n<meta property=\"og:site_name\" content=\"BAUBAUWALL TAPEEDID\" \/>\n<meta property=\"article:publisher\" content=\"https:\/\/www.facebook.com\/Baubauwall\" \/>\n<meta property=\"article:modified_time\" content=\"2022-12-05T13:56:17+00:00\" \/>\n<meta property=\"og:image\" content=\"https:\/\/baubauwall.com\/wp-content\/uploads\/2022\/11\/51100324_Joyride_Baubauwall_Wallpaper_closeup.jpg\" \/>\n\t<meta property=\"og:image:width\" content=\"2001\" \/>\n\t<meta property=\"og:image:height\" content=\"800\" \/>\n\t<meta property=\"og:image:type\" content=\"image\/jpeg\" \/>\n<meta name=\"twitter:card\" content=\"summary_large_image\" \/>\n<meta name=\"twitter:label1\" content=\"Est. reading time\" \/>\n\t<meta name=\"twitter:data1\" content=\"1 minut\" \/>\n<script type=\"application\/ld+json\" class=\"yoast-schema-graph\">{\"@context\":\"https:\/\/schema.org\",\"@graph\":[{\"@type\":\"WebPage\",\"@id\":\"https:\/\/baubauwall.com\/et\/toode\/tapeet-ratsanik-filmilindil-sinine\/\",\"url\":\"https:\/\/baubauwall.com\/et\/toode\/tapeet-ratsanik-filmilindil-sinine\/\",\"name\":\"Filmilindil, sinine hobustega tapeet. 19 saj. fotograafia tapeedil\",\"isPartOf\":{\"@id\":\"https:\/\/baubauwall.com\/et\/#website\"},\"primaryImageOfPage\":{\"@id\":\"https:\/\/baubauwall.com\/et\/toode\/tapeet-ratsanik-filmilindil-sinine\/#primaryimage\"},\"image\":{\"@id\":\"https:\/\/baubauwall.com\/et\/toode\/tapeet-ratsanik-filmilindil-sinine\/#primaryimage\"},\"thumbnailUrl\":\"https:\/\/baubauwall.com\/wp-content\/uploads\/2022\/12\/51100322_EquestrianFilm-blue_Baubauwall_Wallpaper_room13.jpg\",\"datePublished\":\"2022-12-05T13:34:19+00:00\",\"dateModified\":\"2022-12-05T13:56:17+00:00\",\"description\":\"Kelmikalt l\u00f5bus tapeet hobustega. Fotod tapeedil. Stiilne sinine tapeet, mis sobib valitud interj\u00f6\u00f6ri. Sinu seina m\u00f5\u00f5dus nummerdatud paanides!\",\"breadcrumb\":{\"@id\":\"https:\/\/baubauwall.com\/et\/toode\/tapeet-ratsanik-filmilindil-sinine\/#breadcrumb\"},\"inLanguage\":\"et\",\"potentialAction\":[{\"@type\":\"ReadAction\",\"target\":[\"https:\/\/baubauwall.com\/et\/toode\/tapeet-ratsanik-filmilindil-sinine\/\"]}]},{\"@type\":\"ImageObject\",\"inLanguage\":\"et\",\"@id\":\"https:\/\/baubauwall.com\/et\/toode\/tapeet-ratsanik-filmilindil-sinine\/#primaryimage\",\"url\":\"https:\/\/baubauwall.com\/wp-content\/uploads\/2022\/12\/51100322_EquestrianFilm-blue_Baubauwall_Wallpaper_room13.jpg\",\"contentUrl\":\"https:\/\/baubauwall.com\/wp-content\/uploads\/2022\/12\/51100322_EquestrianFilm-blue_Baubauwall_Wallpaper_room13.jpg\",\"width\":1200,\"height\":800},{\"@type\":\"BreadcrumbList\",\"@id\":\"https:\/\/baubauwall.com\/et\/toode\/tapeet-ratsanik-filmilindil-sinine\/#breadcrumb\",\"itemListElement\":[{\"@type\":\"ListItem\",\"position\":1,\"name\":\"Koju\",\"item\":\"https:\/\/baubauwall.com\/et\/\"},{\"@type\":\"ListItem\",\"position\":2,\"name\":\"Tapeedid\",\"item\":\"https:\/\/baubauwall.com\/et\/tapeedid\/\"},{\"@type\":\"ListItem\",\"position\":3,\"name\":\"Ratsanik filmilindil &#8211; sinine\"}]},{\"@type\":\"WebSite\",\"@id\":\"https:\/\/baubauwall.com\/et\/#website\",\"url\":\"https:\/\/baubauwall.com\/et\/\",\"name\":\"BAUBAUWALL Wallpapers\",\"description\":\"Valmis paanides tapeet Eestist!\",\"publisher\":{\"@id\":\"https:\/\/baubauwall.com\/et\/#organization\"},\"potentialAction\":[{\"@type\":\"SearchAction\",\"target\":{\"@type\":\"EntryPoint\",\"urlTemplate\":\"https:\/\/baubauwall.com\/et\/?s={search_term_string}\"},\"query-input\":{\"@type\":\"PropertyValueSpecification\",\"valueRequired\":true,\"valueName\":\"search_term_string\"}}],\"inLanguage\":\"et\"},{\"@type\":\"Organization\",\"@id\":\"https:\/\/baubauwall.com\/et\/#organization\",\"name\":\"BAUBAUWALL Wallpapers\",\"url\":\"https:\/\/baubauwall.com\/et\/\",\"logo\":{\"@type\":\"ImageObject\",\"inLanguage\":\"et\",\"@id\":\"https:\/\/baubauwall.com\/et\/#\/schema\/logo\/image\/\",\"url\":\"https:\/\/baubauwall.com\/wp-content\/uploads\/2022\/03\/logo-horizontal.svg\",\"contentUrl\":\"https:\/\/baubauwall.com\/wp-content\/uploads\/2022\/03\/logo-horizontal.svg\",\"width\":\"1024\",\"height\":\"1024\",\"caption\":\"BAUBAUWALL Wallpapers\"},\"image\":{\"@id\":\"https:\/\/baubauwall.com\/et\/#\/schema\/logo\/image\/\"},\"sameAs\":[\"https:\/\/www.facebook.com\/Baubauwall\",\"https:\/\/www.instagram.com\/baubauwall\"]}]}<\/script>\n<!-- \/ Yoast SEO plugin. -->","yoast_head_json":{"title":"Filmilindil, sinine hobustega tapeet. 19 saj. fotograafia tapeedil","description":"Kelmikalt l\u00f5bus tapeet hobustega. Fotod tapeedil. Stiilne sinine tapeet, mis sobib valitud interj\u00f6\u00f6ri. Sinu seina m\u00f5\u00f5dus nummerdatud paanides!","robots":{"index":"index","follow":"follow","max-snippet":"max-snippet:-1","max-image-preview":"max-image-preview:large","max-video-preview":"max-video-preview:-1"},"canonical":"https:\/\/baubauwall.com\/et\/toode\/tapeet-ratsanik-filmilindil-sinine\/","og_locale":"et_EE","og_type":"article","og_title":"BAUBAUWALL TAPEEDID","og_description":"Ratsanik filmilindil - sinine","og_url":"https:\/\/baubauwall.com\/et\/toode\/tapeet-ratsanik-filmilindil-sinine\/","og_site_name":"BAUBAUWALL TAPEEDID","article_publisher":"https:\/\/www.facebook.com\/Baubauwall","article_modified_time":"2022-12-05T13:56:17+00:00","og_image":[{"width":2001,"height":800,"url":"https:\/\/baubauwall.com\/wp-content\/uploads\/2022\/11\/51100324_Joyride_Baubauwall_Wallpaper_closeup.jpg","type":"image\/jpeg"}],"twitter_card":"summary_large_image","twitter_misc":{"Est. reading time":"1 minut"},"schema":{"@context":"https:\/\/schema.org","@graph":[{"@type":"WebPage","@id":"https:\/\/baubauwall.com\/et\/toode\/tapeet-ratsanik-filmilindil-sinine\/","url":"https:\/\/baubauwall.com\/et\/toode\/tapeet-ratsanik-filmilindil-sinine\/","name":"Filmilindil, sinine hobustega tapeet. 19 saj. fotograafia tapeedil","isPartOf":{"@id":"https:\/\/baubauwall.com\/et\/#website"},"primaryImageOfPage":{"@id":"https:\/\/baubauwall.com\/et\/toode\/tapeet-ratsanik-filmilindil-sinine\/#primaryimage"},"image":{"@id":"https:\/\/baubauwall.com\/et\/toode\/tapeet-ratsanik-filmilindil-sinine\/#primaryimage"},"thumbnailUrl":"https:\/\/baubauwall.com\/wp-content\/uploads\/2022\/12\/51100322_EquestrianFilm-blue_Baubauwall_Wallpaper_room13.jpg","datePublished":"2022-12-05T13:34:19+00:00","dateModified":"2022-12-05T13:56:17+00:00","description":"Kelmikalt l\u00f5bus tapeet hobustega. Fotod tapeedil. Stiilne sinine tapeet, mis sobib valitud interj\u00f6\u00f6ri. Sinu seina m\u00f5\u00f5dus nummerdatud paanides!","breadcrumb":{"@id":"https:\/\/baubauwall.com\/et\/toode\/tapeet-ratsanik-filmilindil-sinine\/#breadcrumb"},"inLanguage":"et","potentialAction":[{"@type":"ReadAction","target":["https:\/\/baubauwall.com\/et\/toode\/tapeet-ratsanik-filmilindil-sinine\/"]}]},{"@type":"ImageObject","inLanguage":"et","@id":"https:\/\/baubauwall.com\/et\/toode\/tapeet-ratsanik-filmilindil-sinine\/#primaryimage","url":"https:\/\/baubauwall.com\/wp-content\/uploads\/2022\/12\/51100322_EquestrianFilm-blue_Baubauwall_Wallpaper_room13.jpg","contentUrl":"https:\/\/baubauwall.com\/wp-content\/uploads\/2022\/12\/51100322_EquestrianFilm-blue_Baubauwall_Wallpaper_room13.jpg","width":1200,"height":800},{"@type":"BreadcrumbList","@id":"https:\/\/baubauwall.com\/et\/toode\/tapeet-ratsanik-filmilindil-sinine\/#breadcrumb","itemListElement":[{"@type":"ListItem","position":1,"name":"Koju","item":"https:\/\/baubauwall.com\/et\/"},{"@type":"ListItem","position":2,"name":"Tapeedid","item":"https:\/\/baubauwall.com\/et\/tapeedid\/"},{"@type":"ListItem","position":3,"name":"Ratsanik filmilindil &#8211; sinine"}]},{"@type":"WebSite","@id":"https:\/\/baubauwall.com\/et\/#website","url":"https:\/\/baubauwall.com\/et\/","name":"BAUBAUWALL Wallpapers","description":"Valmis paanides tapeet Eestist!","publisher":{"@id":"https:\/\/baubauwall.com\/et\/#organization"},"potentialAction":[{"@type":"SearchAction","target":{"@type":"EntryPoint","urlTemplate":"https:\/\/baubauwall.com\/et\/?s={search_term_string}"},"query-input":{"@type":"PropertyValueSpecification","valueRequired":true,"valueName":"search_term_string"}}],"inLanguage":"et"},{"@type":"Organization","@id":"https:\/\/baubauwall.com\/et\/#organization","name":"BAUBAUWALL Wallpapers","url":"https:\/\/baubauwall.com\/et\/","logo":{"@type":"ImageObject","inLanguage":"et","@id":"https:\/\/baubauwall.com\/et\/#\/schema\/logo\/image\/","url":"https:\/\/baubauwall.com\/wp-content\/uploads\/2022\/03\/logo-horizontal.svg","contentUrl":"https:\/\/baubauwall.com\/wp-content\/uploads\/2022\/03\/logo-horizontal.svg","width":"1024","height":"1024","caption":"BAUBAUWALL Wallpapers"},"image":{"@id":"https:\/\/baubauwall.com\/et\/#\/schema\/logo\/image\/"},"sameAs":["https:\/\/www.facebook.com\/Baubauwall","https:\/\/www.instagram.com\/baubauwall"]}]}},"jetpack_sharing_enabled":true,"_links":{"self":[{"href":"https:\/\/baubauwall.com\/et\/wp-json\/wp\/v2\/product\/22957","targetHints":{"allow":["GET"]}}],"collection":[{"href":"https:\/\/baubauwall.com\/et\/wp-json\/wp\/v2\/product"}],"about":[{"href":"https:\/\/baubauwall.com\/et\/wp-json\/wp\/v2\/types\/product"}],"replies":[{"embeddable":true,"href":"https:\/\/baubauwall.com\/et\/wp-json\/wp\/v2\/comments?post=22957"}],"wp:featuredmedia":[{"embeddable":true,"href":"https:\/\/baubauwall.com\/et\/wp-json\/wp\/v2\/media\/22986"}],"wp:attachment":[{"href":"https:\/\/baubauwall.com\/et\/wp-json\/wp\/v2\/media?parent=22957"}],"wp:term":[{"taxonomy":"product_brand","embeddable":true,"href":"https:\/\/baubauwall.com\/et\/wp-json\/wp\/v2\/product_brand?post=22957"},{"taxonomy":"product_cat","embeddable":true,"href":"https:\/\/baubauwall.com\/et\/wp-json\/wp\/v2\/product_cat?post=22957"},{"taxonomy":"product_tag","embeddable":true,"href":"https:\/\/baubauwall.com\/et\/wp-json\/wp\/v2\/product_tag?post=22957"}],"curies":[{"name":"wp","href":"https:\/\/api.w.org\/{rel}","templated":true}]}}