{"id":23044,"date":"2022-12-05T16:22:54","date_gmt":"2022-12-05T14:22:54","guid":{"rendered":"https:\/\/baubauwall.com\/?post_type=product&#038;p=23044"},"modified":"2024-08-13T09:34:54","modified_gmt":"2024-08-13T07:34:54","slug":"pilttapeet-jaapani-kureparv","status":"publish","type":"product","link":"https:\/\/baubauwall.com\/et\/toode\/pilttapeet-jaapani-kureparv\/","title":{"rendered":"Jaapani kureparv"},"content":{"rendered":"<p>Pilttapeet aktsenseinale, mis ei j\u00e4ta kedagi k\u00fclmaks. Kured tapeedil &#8211; aga muidugi! Nimelt, \u00f6eldakse ju, et 7 on \u00f5nnenumber. Seitse kurge pilttapeedil &#8211; 7 korda \u00f5nne! Selle pilttapeedi lugu viib 17. sajandi Jaapanisse, mil kunstnik Ogata Korin (1658-1716) kuulsust kogus oma tekstiilide ja maalidega lakitud pindadel. Korin oli tuntud ajastu ekstravagantse elustiili poolest. Kunstniku ametit hakkas mees pidama alles peale 40ndaid. Huvitav fakt tema t\u00f6\u00f6de kohta on see, et ta kunagi ei signeerinud neid kuup\u00e4evaga. Igatahes, see majesteetlik tapeet sobib ideaalselt elutoa, magamistoa tapeediks v\u00f5i koduse spaa stiilis vannitoa seina kaunistama. See kurgedega tapeet on leidunud koha nii m\u00f5neski kaunid kodus, piilu <a href=\"https:\/\/baubauwall.com\/et\/ideed\/let-the-homes-do-the-talking\/\" target=\"_blank\" rel=\"noopener\">tehtud t\u00f6\u00f6de tapeedigaleriist siin!<\/a><\/p>\n<p>Nagu k\u00f5ik meie tapeedid on ka see pilttapeet tr\u00fckitud <a href=\"https:\/\/baubauwall.com\/et\/keskkonnasobralikud-tapeedid\/\" target=\"_blank\" rel=\"noopener\">keskkonnas\u00f5bralike v\u00e4rvidega hingavale, fliistapeedi materjalile.<\/a><\/p>\n<p>&nbsp;<\/p>\n<p>&nbsp;<\/p>\n","protected":false},"excerpt":{"rendered":"<p>Pilttapeet aktsenseinale, mis ei j\u00e4ta kedagi k\u00fclmaks. Kured tapeedil &#8211; aga muidugi! Nimelt, \u00f6eldakse ju, et 7 on \u00f5nnenumber. Seitse kurge pilttapeedil &#8211; 7 korda \u00f5nne! Selle pilttapeedi lugu viib 17. sajandi Jaapanisse, mil kunstnik Ogata Korin (1658-1716) kuulsust kogus oma tekstiilide ja maalidega lakitud pindadel. Korin oli tuntud ajastu ekstravagantse elustiili poolest. Kunstniku ametit [&hellip;]<\/p>\n","protected":false},"featured_media":23204,"comment_status":"open","ping_status":"closed","template":"","meta":{"_acf_changed":false,"inline_featured_image":false},"product_brand":[],"product_cat":[387,622,447,393,265,413,414,415,399,402,412,254,257],"product_tag":[448,345],"class_list":{"0":"post-23044","1":"product","2":"type-product","3":"status-publish","4":"has-post-thumbnail","6":"product_cat-pilttapeedid","7":"product_cat-julged-tapeedid","8":"product_cat-maksimalistlik-et","9":"product_cat-idamaine","10":"product_cat-beezid-tapeedid","11":"product_cat-magamistoa-tapeedid","12":"product_cat-soogitoa-tapeedid","13":"product_cat-kulalistetoa-tapeedid","14":"product_cat-kodukontori-tapeedid","15":"product_cat-elutoa-tapeedid","16":"product_cat-vannitoa-tapeedid","17":"product_cat-loodus","18":"product_cat-linnud","19":"product_tag-kunst-et","20":"product_tag-pilttapeet","21":"pa_designedby-baubauwall","23":"first","24":"instock","25":"taxable","26":"shipping-taxable","27":"purchasable","28":"product-type-simple"},"acf":[],"yoast_head":"<!-- This site is optimized with the Yoast SEO plugin v25.9 - https:\/\/yoast.com\/wordpress\/plugins\/seo\/ -->\n<title>Pilttapeet Kureparv. Imeline jaapani kunst kodu seinale<\/title>\n<meta name=\"description\" content=\"Jaapani kunstniku Ogata Korin kuulus kureparv maal tapeedil. Efektne pilttapeet magamistoa v\u00f5i elutoa seinale. Sinu seina m\u00f5\u00f5tu l\u00f5igatud tapeedid.\" \/>\n<meta name=\"robots\" content=\"index, follow, max-snippet:-1, max-image-preview:large, max-video-preview:-1\" \/>\n<link rel=\"canonical\" href=\"https:\/\/baubauwall.com\/et\/toode\/pilttapeet-jaapani-kureparv\/\" \/>\n<meta property=\"og:locale\" content=\"et_EE\" \/>\n<meta property=\"og:type\" content=\"article\" \/>\n<meta property=\"og:title\" content=\"BAUBAUWALL TAPEEDID\" \/>\n<meta property=\"og:description\" content=\"Jaapani kureparv\" \/>\n<meta property=\"og:url\" content=\"https:\/\/baubauwall.com\/et\/toode\/pilttapeet-jaapani-kureparv\/\" \/>\n<meta property=\"og:site_name\" content=\"BAUBAUWALL TAPEEDID\" \/>\n<meta property=\"article:publisher\" content=\"https:\/\/www.facebook.com\/Baubauwall\" \/>\n<meta property=\"article:modified_time\" content=\"2024-08-13T07:34:54+00:00\" \/>\n<meta property=\"og:image\" content=\"https:\/\/baubauwall.com\/wp-content\/uploads\/2022\/12\/51200178_FlockofJapaneseRedCrownCrane_Baubauwall_Wallmural_room04.jpg\" \/>\n\t<meta property=\"og:image:width\" content=\"1200\" \/>\n\t<meta property=\"og:image:height\" content=\"800\" \/>\n\t<meta property=\"og:image:type\" content=\"image\/jpeg\" \/>\n<meta name=\"twitter:card\" content=\"summary_large_image\" \/>\n<meta name=\"twitter:label1\" content=\"Est. reading time\" \/>\n\t<meta name=\"twitter:data1\" content=\"1 minut\" \/>\n<script type=\"application\/ld+json\" class=\"yoast-schema-graph\">{\"@context\":\"https:\/\/schema.org\",\"@graph\":[{\"@type\":\"WebPage\",\"@id\":\"https:\/\/baubauwall.com\/et\/toode\/pilttapeet-jaapani-kureparv\/\",\"url\":\"https:\/\/baubauwall.com\/et\/toode\/pilttapeet-jaapani-kureparv\/\",\"name\":\"Pilttapeet Kureparv. Imeline jaapani kunst kodu seinale\",\"isPartOf\":{\"@id\":\"https:\/\/baubauwall.com\/et\/#website\"},\"primaryImageOfPage\":{\"@id\":\"https:\/\/baubauwall.com\/et\/toode\/pilttapeet-jaapani-kureparv\/#primaryimage\"},\"image\":{\"@id\":\"https:\/\/baubauwall.com\/et\/toode\/pilttapeet-jaapani-kureparv\/#primaryimage\"},\"thumbnailUrl\":\"https:\/\/baubauwall.com\/wp-content\/uploads\/2022\/12\/51200178_FlockofJapaneseRedCrownCrane_Baubauwall_Wallmural_room6.jpg\",\"datePublished\":\"2022-12-05T14:22:54+00:00\",\"dateModified\":\"2024-08-13T07:34:54+00:00\",\"description\":\"Jaapani kunstniku Ogata Korin kuulus kureparv maal tapeedil. Efektne pilttapeet magamistoa v\u00f5i elutoa seinale. Sinu seina m\u00f5\u00f5tu l\u00f5igatud tapeedid.\",\"breadcrumb\":{\"@id\":\"https:\/\/baubauwall.com\/et\/toode\/pilttapeet-jaapani-kureparv\/#breadcrumb\"},\"inLanguage\":\"et\",\"potentialAction\":[{\"@type\":\"ReadAction\",\"target\":[\"https:\/\/baubauwall.com\/et\/toode\/pilttapeet-jaapani-kureparv\/\"]}]},{\"@type\":\"ImageObject\",\"inLanguage\":\"et\",\"@id\":\"https:\/\/baubauwall.com\/et\/toode\/pilttapeet-jaapani-kureparv\/#primaryimage\",\"url\":\"https:\/\/baubauwall.com\/wp-content\/uploads\/2022\/12\/51200178_FlockofJapaneseRedCrownCrane_Baubauwall_Wallmural_room6.jpg\",\"contentUrl\":\"https:\/\/baubauwall.com\/wp-content\/uploads\/2022\/12\/51200178_FlockofJapaneseRedCrownCrane_Baubauwall_Wallmural_room6.jpg\",\"width\":1200,\"height\":800},{\"@type\":\"BreadcrumbList\",\"@id\":\"https:\/\/baubauwall.com\/et\/toode\/pilttapeet-jaapani-kureparv\/#breadcrumb\",\"itemListElement\":[{\"@type\":\"ListItem\",\"position\":1,\"name\":\"Koju\",\"item\":\"https:\/\/baubauwall.com\/et\/\"},{\"@type\":\"ListItem\",\"position\":2,\"name\":\"Tapeedid\",\"item\":\"https:\/\/baubauwall.com\/et\/tapeedid\/\"},{\"@type\":\"ListItem\",\"position\":3,\"name\":\"Jaapani kureparv\"}]},{\"@type\":\"WebSite\",\"@id\":\"https:\/\/baubauwall.com\/et\/#website\",\"url\":\"https:\/\/baubauwall.com\/et\/\",\"name\":\"BAUBAUWALL Wallpapers\",\"description\":\"Valmis paanides tapeet Eestist!\",\"publisher\":{\"@id\":\"https:\/\/baubauwall.com\/et\/#organization\"},\"potentialAction\":[{\"@type\":\"SearchAction\",\"target\":{\"@type\":\"EntryPoint\",\"urlTemplate\":\"https:\/\/baubauwall.com\/et\/?s={search_term_string}\"},\"query-input\":{\"@type\":\"PropertyValueSpecification\",\"valueRequired\":true,\"valueName\":\"search_term_string\"}}],\"inLanguage\":\"et\"},{\"@type\":\"Organization\",\"@id\":\"https:\/\/baubauwall.com\/et\/#organization\",\"name\":\"BAUBAUWALL Wallpapers\",\"url\":\"https:\/\/baubauwall.com\/et\/\",\"logo\":{\"@type\":\"ImageObject\",\"inLanguage\":\"et\",\"@id\":\"https:\/\/baubauwall.com\/et\/#\/schema\/logo\/image\/\",\"url\":\"https:\/\/baubauwall.com\/wp-content\/uploads\/2022\/03\/logo-horizontal.svg\",\"contentUrl\":\"https:\/\/baubauwall.com\/wp-content\/uploads\/2022\/03\/logo-horizontal.svg\",\"width\":\"1024\",\"height\":\"1024\",\"caption\":\"BAUBAUWALL Wallpapers\"},\"image\":{\"@id\":\"https:\/\/baubauwall.com\/et\/#\/schema\/logo\/image\/\"},\"sameAs\":[\"https:\/\/www.facebook.com\/Baubauwall\",\"https:\/\/www.instagram.com\/baubauwall\"]}]}<\/script>\n<!-- \/ Yoast SEO plugin. -->","yoast_head_json":{"title":"Pilttapeet Kureparv. Imeline jaapani kunst kodu seinale","description":"Jaapani kunstniku Ogata Korin kuulus kureparv maal tapeedil. Efektne pilttapeet magamistoa v\u00f5i elutoa seinale. Sinu seina m\u00f5\u00f5tu l\u00f5igatud tapeedid.","robots":{"index":"index","follow":"follow","max-snippet":"max-snippet:-1","max-image-preview":"max-image-preview:large","max-video-preview":"max-video-preview:-1"},"canonical":"https:\/\/baubauwall.com\/et\/toode\/pilttapeet-jaapani-kureparv\/","og_locale":"et_EE","og_type":"article","og_title":"BAUBAUWALL TAPEEDID","og_description":"Jaapani kureparv","og_url":"https:\/\/baubauwall.com\/et\/toode\/pilttapeet-jaapani-kureparv\/","og_site_name":"BAUBAUWALL TAPEEDID","article_publisher":"https:\/\/www.facebook.com\/Baubauwall","article_modified_time":"2024-08-13T07:34:54+00:00","og_image":[{"width":1200,"height":800,"url":"https:\/\/baubauwall.com\/wp-content\/uploads\/2022\/12\/51200178_FlockofJapaneseRedCrownCrane_Baubauwall_Wallmural_room04.jpg","type":"image\/jpeg"}],"twitter_card":"summary_large_image","twitter_misc":{"Est. reading time":"1 minut"},"schema":{"@context":"https:\/\/schema.org","@graph":[{"@type":"WebPage","@id":"https:\/\/baubauwall.com\/et\/toode\/pilttapeet-jaapani-kureparv\/","url":"https:\/\/baubauwall.com\/et\/toode\/pilttapeet-jaapani-kureparv\/","name":"Pilttapeet Kureparv. Imeline jaapani kunst kodu seinale","isPartOf":{"@id":"https:\/\/baubauwall.com\/et\/#website"},"primaryImageOfPage":{"@id":"https:\/\/baubauwall.com\/et\/toode\/pilttapeet-jaapani-kureparv\/#primaryimage"},"image":{"@id":"https:\/\/baubauwall.com\/et\/toode\/pilttapeet-jaapani-kureparv\/#primaryimage"},"thumbnailUrl":"https:\/\/baubauwall.com\/wp-content\/uploads\/2022\/12\/51200178_FlockofJapaneseRedCrownCrane_Baubauwall_Wallmural_room6.jpg","datePublished":"2022-12-05T14:22:54+00:00","dateModified":"2024-08-13T07:34:54+00:00","description":"Jaapani kunstniku Ogata Korin kuulus kureparv maal tapeedil. Efektne pilttapeet magamistoa v\u00f5i elutoa seinale. Sinu seina m\u00f5\u00f5tu l\u00f5igatud tapeedid.","breadcrumb":{"@id":"https:\/\/baubauwall.com\/et\/toode\/pilttapeet-jaapani-kureparv\/#breadcrumb"},"inLanguage":"et","potentialAction":[{"@type":"ReadAction","target":["https:\/\/baubauwall.com\/et\/toode\/pilttapeet-jaapani-kureparv\/"]}]},{"@type":"ImageObject","inLanguage":"et","@id":"https:\/\/baubauwall.com\/et\/toode\/pilttapeet-jaapani-kureparv\/#primaryimage","url":"https:\/\/baubauwall.com\/wp-content\/uploads\/2022\/12\/51200178_FlockofJapaneseRedCrownCrane_Baubauwall_Wallmural_room6.jpg","contentUrl":"https:\/\/baubauwall.com\/wp-content\/uploads\/2022\/12\/51200178_FlockofJapaneseRedCrownCrane_Baubauwall_Wallmural_room6.jpg","width":1200,"height":800},{"@type":"BreadcrumbList","@id":"https:\/\/baubauwall.com\/et\/toode\/pilttapeet-jaapani-kureparv\/#breadcrumb","itemListElement":[{"@type":"ListItem","position":1,"name":"Koju","item":"https:\/\/baubauwall.com\/et\/"},{"@type":"ListItem","position":2,"name":"Tapeedid","item":"https:\/\/baubauwall.com\/et\/tapeedid\/"},{"@type":"ListItem","position":3,"name":"Jaapani kureparv"}]},{"@type":"WebSite","@id":"https:\/\/baubauwall.com\/et\/#website","url":"https:\/\/baubauwall.com\/et\/","name":"BAUBAUWALL Wallpapers","description":"Valmis paanides tapeet Eestist!","publisher":{"@id":"https:\/\/baubauwall.com\/et\/#organization"},"potentialAction":[{"@type":"SearchAction","target":{"@type":"EntryPoint","urlTemplate":"https:\/\/baubauwall.com\/et\/?s={search_term_string}"},"query-input":{"@type":"PropertyValueSpecification","valueRequired":true,"valueName":"search_term_string"}}],"inLanguage":"et"},{"@type":"Organization","@id":"https:\/\/baubauwall.com\/et\/#organization","name":"BAUBAUWALL Wallpapers","url":"https:\/\/baubauwall.com\/et\/","logo":{"@type":"ImageObject","inLanguage":"et","@id":"https:\/\/baubauwall.com\/et\/#\/schema\/logo\/image\/","url":"https:\/\/baubauwall.com\/wp-content\/uploads\/2022\/03\/logo-horizontal.svg","contentUrl":"https:\/\/baubauwall.com\/wp-content\/uploads\/2022\/03\/logo-horizontal.svg","width":"1024","height":"1024","caption":"BAUBAUWALL Wallpapers"},"image":{"@id":"https:\/\/baubauwall.com\/et\/#\/schema\/logo\/image\/"},"sameAs":["https:\/\/www.facebook.com\/Baubauwall","https:\/\/www.instagram.com\/baubauwall"]}]}},"jetpack_sharing_enabled":true,"_links":{"self":[{"href":"https:\/\/baubauwall.com\/et\/wp-json\/wp\/v2\/product\/23044","targetHints":{"allow":["GET"]}}],"collection":[{"href":"https:\/\/baubauwall.com\/et\/wp-json\/wp\/v2\/product"}],"about":[{"href":"https:\/\/baubauwall.com\/et\/wp-json\/wp\/v2\/types\/product"}],"replies":[{"embeddable":true,"href":"https:\/\/baubauwall.com\/et\/wp-json\/wp\/v2\/comments?post=23044"}],"wp:featuredmedia":[{"embeddable":true,"href":"https:\/\/baubauwall.com\/et\/wp-json\/wp\/v2\/media\/23204"}],"wp:attachment":[{"href":"https:\/\/baubauwall.com\/et\/wp-json\/wp\/v2\/media?parent=23044"}],"wp:term":[{"taxonomy":"product_brand","embeddable":true,"href":"https:\/\/baubauwall.com\/et\/wp-json\/wp\/v2\/product_brand?post=23044"},{"taxonomy":"product_cat","embeddable":true,"href":"https:\/\/baubauwall.com\/et\/wp-json\/wp\/v2\/product_cat?post=23044"},{"taxonomy":"product_tag","embeddable":true,"href":"https:\/\/baubauwall.com\/et\/wp-json\/wp\/v2\/product_tag?post=23044"}],"curies":[{"name":"wp","href":"https:\/\/api.w.org\/{rel}","templated":true}]}}