{"id":23132,"date":"2022-11-07T15:15:08","date_gmt":"2022-11-07T13:15:08","guid":{"rendered":"https:\/\/baubauwall.com\/product\/wallpaper-bunny-fable-beige\/"},"modified":"2023-11-27T10:42:03","modified_gmt":"2023-11-27T08:42:03","slug":"tapeet-jankude-muinasjutt-beez","status":"publish","type":"product","link":"https:\/\/baubauwall.com\/et\/toode\/tapeet-jankude-muinasjutt-beez\/","title":{"rendered":"J\u00e4nkude muinasjutt &#8211; bee\u017e"},"content":{"rendered":"<p>M\u00e4nguline tapeet lastetuppa, millel seiklevad unised j\u00e4nesed koos seentega! Loe j\u00e4nesed \u00fcle enne unne suikumist ja hommikul ka seened, kas neid on ikka sama palju? Tapeet, mida sobib kasutad nii mitmel seinal korraga kui ka aktsentseinal ja v\u00e4rvides \u00fclej\u00e4\u00e4nud seinad bee\u017eiks.<\/p>\n<p>Tapeedidisaini autor on Eesti kunstnik <strong>Krete Erlenhein.<\/strong><\/p>\n<p>Loe veel lastetubade\u00a0<a href=\"https:\/\/baubauwall.com\/et\/uudised\/kodu-koige-lustlikum-tuba\/\" target=\"_blank\" rel=\"noopener\">tapeetidest siit.\u00a0<\/a>Tr\u00fckitud keskkonnas\u00f5bralike v\u00e4rvidega ja hingavale, fliistapeedi materjalile. Tapeedipaanid on t\u00e4pselt nii k\u00f5rged, kui Sinu sein ja tr\u00fckitakse nummerdatud paanides &#8211; nii on paigaldus imelihtne.<\/p>\n","protected":false},"excerpt":{"rendered":"<p>M\u00e4nguline tapeet lastetuppa, millel seiklevad unised j\u00e4nesed koos seentega! Loe j\u00e4nesed \u00fcle enne unne suikumist ja hommikul ka seened, kas neid on ikka sama palju? Tapeet, mida sobib kasutad nii mitmel seinal korraga kui ka aktsentseinal ja v\u00e4rvides \u00fclej\u00e4\u00e4nud seinad bee\u017eiks. Tapeedidisaini autor on Eesti kunstnik Krete Erlenhein. Loe veel lastetubade\u00a0tapeetidest siit.\u00a0Tr\u00fckitud keskkonnas\u00f5bralike v\u00e4rvidega ja [&hellip;]<\/p>\n","protected":false},"featured_media":23121,"comment_status":"open","ping_status":"closed","template":"","meta":{"_acf_changed":false,"inline_featured_image":false},"product_brand":[],"product_cat":[386,406,396,265,273,276,400,699,255],"product_tag":[349,695,324],"class_list":{"0":"post-23132","1":"product","2":"type-product","3":"status-publish","4":"has-post-thumbnail","6":"product_cat-kordusmustriga-tapeedid","7":"product_cat-klassika","8":"product_cat-skandinaavia","9":"product_cat-beezid-tapeedid","10":"product_cat-heledad-tapeedid","11":"product_cat-pastelsed-tapeedid","12":"product_cat-lastetoa-tapeedid","13":"product_cat-eesti-disain-tapeedid","14":"product_cat-loomad","15":"product_tag-beebituba","16":"product_tag-eesti-disain-tapeedid","17":"product_tag-tudruku-tuba","18":"pa_designedby-baubauwall","20":"first","21":"instock","22":"taxable","23":"shipping-taxable","24":"purchasable","25":"product-type-simple"},"acf":[],"yoast_head":"<!-- This site is optimized with the Yoast SEO plugin v25.9 - https:\/\/yoast.com\/wordpress\/plugins\/seo\/ -->\n<title>Bee\u017e, hele tapeet j\u00e4neste ja seentega lastetuppa. Sinu seina m\u00f5\u00f5tu<\/title>\n<meta name=\"description\" content=\"Bee\u017e tapeet j\u00e4neste ja seentega lastetoa seinale. Keskkonnas\u00f5bralikud nutikad tapeedid, tr\u00fckitud mittem\u00fcrgiste v\u00e4rvidega, nummerdatud paanides.\" \/>\n<meta name=\"robots\" content=\"index, follow, max-snippet:-1, max-image-preview:large, max-video-preview:-1\" \/>\n<link rel=\"canonical\" href=\"https:\/\/baubauwall.com\/et\/toode\/tapeet-jankude-muinasjutt-beez\/\" \/>\n<meta property=\"og:locale\" content=\"et_EE\" \/>\n<meta property=\"og:type\" content=\"article\" \/>\n<meta property=\"og:title\" content=\"BAUBAUWALL TAPEEDID\" \/>\n<meta property=\"og:description\" content=\"J\u00e4nkude muinasjutt - bee\u017e\" \/>\n<meta property=\"og:url\" content=\"https:\/\/baubauwall.com\/et\/toode\/tapeet-jankude-muinasjutt-beez\/\" \/>\n<meta property=\"og:site_name\" content=\"BAUBAUWALL TAPEEDID\" \/>\n<meta property=\"article:publisher\" content=\"https:\/\/www.facebook.com\/Baubauwall\" \/>\n<meta property=\"article:modified_time\" content=\"2023-11-27T08:42:03+00:00\" \/>\n<meta property=\"og:image\" content=\"https:\/\/baubauwall.com\/wp-content\/uploads\/2022\/11\/51100326_BunnyFable-beige_Baubauwall_Wallpaper_room5.jpg\" \/>\n\t<meta property=\"og:image:width\" content=\"1067\" \/>\n\t<meta property=\"og:image:height\" content=\"800\" \/>\n\t<meta property=\"og:image:type\" content=\"image\/jpeg\" \/>\n<meta name=\"twitter:card\" content=\"summary_large_image\" \/>\n<meta name=\"twitter:label1\" content=\"Est. reading time\" \/>\n\t<meta name=\"twitter:data1\" content=\"1 minut\" \/>\n<script type=\"application\/ld+json\" class=\"yoast-schema-graph\">{\"@context\":\"https:\/\/schema.org\",\"@graph\":[{\"@type\":\"WebPage\",\"@id\":\"https:\/\/baubauwall.com\/et\/toode\/tapeet-jankude-muinasjutt-beez\/\",\"url\":\"https:\/\/baubauwall.com\/et\/toode\/tapeet-jankude-muinasjutt-beez\/\",\"name\":\"Bee\u017e, hele tapeet j\u00e4neste ja seentega lastetuppa. Sinu seina m\u00f5\u00f5tu\",\"isPartOf\":{\"@id\":\"https:\/\/baubauwall.com\/et\/#website\"},\"primaryImageOfPage\":{\"@id\":\"https:\/\/baubauwall.com\/et\/toode\/tapeet-jankude-muinasjutt-beez\/#primaryimage\"},\"image\":{\"@id\":\"https:\/\/baubauwall.com\/et\/toode\/tapeet-jankude-muinasjutt-beez\/#primaryimage\"},\"thumbnailUrl\":\"https:\/\/baubauwall.com\/wp-content\/uploads\/2022\/11\/51100326_BunnyFable-beige_Baubauwall_Wallpaper_room5.jpg\",\"datePublished\":\"2022-11-07T13:15:08+00:00\",\"dateModified\":\"2023-11-27T08:42:03+00:00\",\"description\":\"Bee\u017e tapeet j\u00e4neste ja seentega lastetoa seinale. Keskkonnas\u00f5bralikud nutikad tapeedid, tr\u00fckitud mittem\u00fcrgiste v\u00e4rvidega, nummerdatud paanides.\",\"breadcrumb\":{\"@id\":\"https:\/\/baubauwall.com\/et\/toode\/tapeet-jankude-muinasjutt-beez\/#breadcrumb\"},\"inLanguage\":\"et\",\"potentialAction\":[{\"@type\":\"ReadAction\",\"target\":[\"https:\/\/baubauwall.com\/et\/toode\/tapeet-jankude-muinasjutt-beez\/\"]}]},{\"@type\":\"ImageObject\",\"inLanguage\":\"et\",\"@id\":\"https:\/\/baubauwall.com\/et\/toode\/tapeet-jankude-muinasjutt-beez\/#primaryimage\",\"url\":\"https:\/\/baubauwall.com\/wp-content\/uploads\/2022\/11\/51100326_BunnyFable-beige_Baubauwall_Wallpaper_room5.jpg\",\"contentUrl\":\"https:\/\/baubauwall.com\/wp-content\/uploads\/2022\/11\/51100326_BunnyFable-beige_Baubauwall_Wallpaper_room5.jpg\",\"width\":1067,\"height\":800},{\"@type\":\"BreadcrumbList\",\"@id\":\"https:\/\/baubauwall.com\/et\/toode\/tapeet-jankude-muinasjutt-beez\/#breadcrumb\",\"itemListElement\":[{\"@type\":\"ListItem\",\"position\":1,\"name\":\"Koju\",\"item\":\"https:\/\/baubauwall.com\/et\/\"},{\"@type\":\"ListItem\",\"position\":2,\"name\":\"Tapeedid\",\"item\":\"https:\/\/baubauwall.com\/et\/tapeedid\/\"},{\"@type\":\"ListItem\",\"position\":3,\"name\":\"J\u00e4nkude muinasjutt &#8211; bee\u017e\"}]},{\"@type\":\"WebSite\",\"@id\":\"https:\/\/baubauwall.com\/et\/#website\",\"url\":\"https:\/\/baubauwall.com\/et\/\",\"name\":\"BAUBAUWALL Wallpapers\",\"description\":\"Valmis paanides tapeet Eestist!\",\"publisher\":{\"@id\":\"https:\/\/baubauwall.com\/et\/#organization\"},\"potentialAction\":[{\"@type\":\"SearchAction\",\"target\":{\"@type\":\"EntryPoint\",\"urlTemplate\":\"https:\/\/baubauwall.com\/et\/?s={search_term_string}\"},\"query-input\":{\"@type\":\"PropertyValueSpecification\",\"valueRequired\":true,\"valueName\":\"search_term_string\"}}],\"inLanguage\":\"et\"},{\"@type\":\"Organization\",\"@id\":\"https:\/\/baubauwall.com\/et\/#organization\",\"name\":\"BAUBAUWALL Wallpapers\",\"url\":\"https:\/\/baubauwall.com\/et\/\",\"logo\":{\"@type\":\"ImageObject\",\"inLanguage\":\"et\",\"@id\":\"https:\/\/baubauwall.com\/et\/#\/schema\/logo\/image\/\",\"url\":\"https:\/\/baubauwall.com\/wp-content\/uploads\/2022\/03\/logo-horizontal.svg\",\"contentUrl\":\"https:\/\/baubauwall.com\/wp-content\/uploads\/2022\/03\/logo-horizontal.svg\",\"width\":\"1024\",\"height\":\"1024\",\"caption\":\"BAUBAUWALL Wallpapers\"},\"image\":{\"@id\":\"https:\/\/baubauwall.com\/et\/#\/schema\/logo\/image\/\"},\"sameAs\":[\"https:\/\/www.facebook.com\/Baubauwall\",\"https:\/\/www.instagram.com\/baubauwall\"]}]}<\/script>\n<!-- \/ Yoast SEO plugin. -->","yoast_head_json":{"title":"Bee\u017e, hele tapeet j\u00e4neste ja seentega lastetuppa. Sinu seina m\u00f5\u00f5tu","description":"Bee\u017e tapeet j\u00e4neste ja seentega lastetoa seinale. Keskkonnas\u00f5bralikud nutikad tapeedid, tr\u00fckitud mittem\u00fcrgiste v\u00e4rvidega, nummerdatud paanides.","robots":{"index":"index","follow":"follow","max-snippet":"max-snippet:-1","max-image-preview":"max-image-preview:large","max-video-preview":"max-video-preview:-1"},"canonical":"https:\/\/baubauwall.com\/et\/toode\/tapeet-jankude-muinasjutt-beez\/","og_locale":"et_EE","og_type":"article","og_title":"BAUBAUWALL TAPEEDID","og_description":"J\u00e4nkude muinasjutt - bee\u017e","og_url":"https:\/\/baubauwall.com\/et\/toode\/tapeet-jankude-muinasjutt-beez\/","og_site_name":"BAUBAUWALL TAPEEDID","article_publisher":"https:\/\/www.facebook.com\/Baubauwall","article_modified_time":"2023-11-27T08:42:03+00:00","og_image":[{"width":1067,"height":800,"url":"https:\/\/baubauwall.com\/wp-content\/uploads\/2022\/11\/51100326_BunnyFable-beige_Baubauwall_Wallpaper_room5.jpg","type":"image\/jpeg"}],"twitter_card":"summary_large_image","twitter_misc":{"Est. reading time":"1 minut"},"schema":{"@context":"https:\/\/schema.org","@graph":[{"@type":"WebPage","@id":"https:\/\/baubauwall.com\/et\/toode\/tapeet-jankude-muinasjutt-beez\/","url":"https:\/\/baubauwall.com\/et\/toode\/tapeet-jankude-muinasjutt-beez\/","name":"Bee\u017e, hele tapeet j\u00e4neste ja seentega lastetuppa. Sinu seina m\u00f5\u00f5tu","isPartOf":{"@id":"https:\/\/baubauwall.com\/et\/#website"},"primaryImageOfPage":{"@id":"https:\/\/baubauwall.com\/et\/toode\/tapeet-jankude-muinasjutt-beez\/#primaryimage"},"image":{"@id":"https:\/\/baubauwall.com\/et\/toode\/tapeet-jankude-muinasjutt-beez\/#primaryimage"},"thumbnailUrl":"https:\/\/baubauwall.com\/wp-content\/uploads\/2022\/11\/51100326_BunnyFable-beige_Baubauwall_Wallpaper_room5.jpg","datePublished":"2022-11-07T13:15:08+00:00","dateModified":"2023-11-27T08:42:03+00:00","description":"Bee\u017e tapeet j\u00e4neste ja seentega lastetoa seinale. Keskkonnas\u00f5bralikud nutikad tapeedid, tr\u00fckitud mittem\u00fcrgiste v\u00e4rvidega, nummerdatud paanides.","breadcrumb":{"@id":"https:\/\/baubauwall.com\/et\/toode\/tapeet-jankude-muinasjutt-beez\/#breadcrumb"},"inLanguage":"et","potentialAction":[{"@type":"ReadAction","target":["https:\/\/baubauwall.com\/et\/toode\/tapeet-jankude-muinasjutt-beez\/"]}]},{"@type":"ImageObject","inLanguage":"et","@id":"https:\/\/baubauwall.com\/et\/toode\/tapeet-jankude-muinasjutt-beez\/#primaryimage","url":"https:\/\/baubauwall.com\/wp-content\/uploads\/2022\/11\/51100326_BunnyFable-beige_Baubauwall_Wallpaper_room5.jpg","contentUrl":"https:\/\/baubauwall.com\/wp-content\/uploads\/2022\/11\/51100326_BunnyFable-beige_Baubauwall_Wallpaper_room5.jpg","width":1067,"height":800},{"@type":"BreadcrumbList","@id":"https:\/\/baubauwall.com\/et\/toode\/tapeet-jankude-muinasjutt-beez\/#breadcrumb","itemListElement":[{"@type":"ListItem","position":1,"name":"Koju","item":"https:\/\/baubauwall.com\/et\/"},{"@type":"ListItem","position":2,"name":"Tapeedid","item":"https:\/\/baubauwall.com\/et\/tapeedid\/"},{"@type":"ListItem","position":3,"name":"J\u00e4nkude muinasjutt &#8211; bee\u017e"}]},{"@type":"WebSite","@id":"https:\/\/baubauwall.com\/et\/#website","url":"https:\/\/baubauwall.com\/et\/","name":"BAUBAUWALL Wallpapers","description":"Valmis paanides tapeet Eestist!","publisher":{"@id":"https:\/\/baubauwall.com\/et\/#organization"},"potentialAction":[{"@type":"SearchAction","target":{"@type":"EntryPoint","urlTemplate":"https:\/\/baubauwall.com\/et\/?s={search_term_string}"},"query-input":{"@type":"PropertyValueSpecification","valueRequired":true,"valueName":"search_term_string"}}],"inLanguage":"et"},{"@type":"Organization","@id":"https:\/\/baubauwall.com\/et\/#organization","name":"BAUBAUWALL Wallpapers","url":"https:\/\/baubauwall.com\/et\/","logo":{"@type":"ImageObject","inLanguage":"et","@id":"https:\/\/baubauwall.com\/et\/#\/schema\/logo\/image\/","url":"https:\/\/baubauwall.com\/wp-content\/uploads\/2022\/03\/logo-horizontal.svg","contentUrl":"https:\/\/baubauwall.com\/wp-content\/uploads\/2022\/03\/logo-horizontal.svg","width":"1024","height":"1024","caption":"BAUBAUWALL Wallpapers"},"image":{"@id":"https:\/\/baubauwall.com\/et\/#\/schema\/logo\/image\/"},"sameAs":["https:\/\/www.facebook.com\/Baubauwall","https:\/\/www.instagram.com\/baubauwall"]}]}},"jetpack_sharing_enabled":true,"_links":{"self":[{"href":"https:\/\/baubauwall.com\/et\/wp-json\/wp\/v2\/product\/23132","targetHints":{"allow":["GET"]}}],"collection":[{"href":"https:\/\/baubauwall.com\/et\/wp-json\/wp\/v2\/product"}],"about":[{"href":"https:\/\/baubauwall.com\/et\/wp-json\/wp\/v2\/types\/product"}],"replies":[{"embeddable":true,"href":"https:\/\/baubauwall.com\/et\/wp-json\/wp\/v2\/comments?post=23132"}],"wp:featuredmedia":[{"embeddable":true,"href":"https:\/\/baubauwall.com\/et\/wp-json\/wp\/v2\/media\/23121"}],"wp:attachment":[{"href":"https:\/\/baubauwall.com\/et\/wp-json\/wp\/v2\/media?parent=23132"}],"wp:term":[{"taxonomy":"product_brand","embeddable":true,"href":"https:\/\/baubauwall.com\/et\/wp-json\/wp\/v2\/product_brand?post=23132"},{"taxonomy":"product_cat","embeddable":true,"href":"https:\/\/baubauwall.com\/et\/wp-json\/wp\/v2\/product_cat?post=23132"},{"taxonomy":"product_tag","embeddable":true,"href":"https:\/\/baubauwall.com\/et\/wp-json\/wp\/v2\/product_tag?post=23132"}],"curies":[{"name":"wp","href":"https:\/\/api.w.org\/{rel}","templated":true}]}}