{"id":23293,"date":"2022-12-08T21:22:57","date_gmt":"2022-12-08T19:22:57","guid":{"rendered":"https:\/\/baubauwall.com\/?post_type=product&#038;p=23293"},"modified":"2025-10-13T10:42:21","modified_gmt":"2025-10-13T08:42:21","slug":"pilttapeet-akvarellide-botaanika","status":"publish","type":"product","link":"https:\/\/baubauwall.com\/et\/toode\/pilttapeet-akvarellide-botaanika\/","title":{"rendered":"Akvarellide botaanika"},"content":{"rendered":"<p>Maitsekas, vesiv\u00e4rvidega maalitud pilttapeet heleroheliste troopiliste lehtedega. Kaunis ja elegantne disain, mis sobib tapeediks paljudesse interj\u00f6\u00f6ridesse ilma muutumata koormavaks. Heleroheline toon toob looduse ja \u00f5rna troopika koju k\u00e4tte! Selle tapeedi juurde on lihtne sobitada muud sisustust ja seinav\u00e4rve. Kui Sinu sooviks on luua efektne aktsentsein, siis paigalda troopiline pilttapeet n\u00e4iteks magamistoa \u00fchte seine ja v\u00e4rvi \u00fclej\u00e4\u00e4nud valgeks v\u00f5i sama tooni heleroheliseks.<\/p>\n<p>Akvarellide botaanika pilttapeet on saadaval ka bee\u017eides toonides lehtedega. Nagu k\u00f5ik meie tapeedid on ka see pilttapeet tr\u00fckitud keskkonnas\u00f5bralike v\u00e4rvidega hingavale, fliistapeedi materjalile.\u00a0Kuidas see t\u00f6\u00f6tab \u2013 loe l\u00e4hemalt<a href=\"https:\/\/baubauwall.com\/et\/kuidas-see-tootab\/\" target=\"_blank\" rel=\"noopener\">\u00a0siit.<\/a><\/p>\n<p>&nbsp;<\/p>\n","protected":false},"excerpt":{"rendered":"<p>Maitsekas, vesiv\u00e4rvidega maalitud pilttapeet heleroheliste troopiliste lehtedega. Kaunis ja elegantne disain, mis sobib tapeediks paljudesse interj\u00f6\u00f6ridesse ilma muutumata koormavaks. Heleroheline toon toob looduse ja \u00f5rna troopika koju k\u00e4tte! Selle tapeedi juurde on lihtne sobitada muud sisustust ja seinav\u00e4rve. Kui Sinu sooviks on luua efektne aktsentsein, siis paigalda troopiline pilttapeet n\u00e4iteks magamistoa \u00fchte seine ja v\u00e4rvi [&hellip;]<\/p>\n","protected":false},"featured_media":23298,"comment_status":"open","ping_status":"closed","template":"","meta":{"_acf_changed":false,"inline_featured_image":false},"product_brand":[],"product_cat":[387,391,271,273,276,752,413,414,415,416,399,401,402,583,250,254],"product_tag":[563,298,345,608,381],"class_list":{"0":"post-23293","1":"product","2":"type-product","3":"status-publish","4":"has-post-thumbnail","6":"product_cat-pilttapeedid","7":"product_cat-vahemereline","8":"product_cat-rohelised-tapeedid","9":"product_cat-heledad-tapeedid","10":"product_cat-pastelsed-tapeedid","11":"product_cat-avalik-ruum","12":"product_cat-magamistoa-tapeedid","13":"product_cat-soogitoa-tapeedid","14":"product_cat-kulalistetoa-tapeedid","15":"product_cat-esiku-tapeedid","16":"product_cat-kodukontori-tapeedid","17":"product_cat-koogi-tapeedid","18":"product_cat-elutoa-tapeedid","19":"product_cat-vesivarv","20":"product_cat-dzungel-troopika","21":"product_cat-loodus","22":"product_tag-biofiilia-stiil","23":"product_tag-botaaniline","24":"product_tag-pilttapeet","25":"product_tag-sage-et","26":"product_tag-vesivarv","28":"first","29":"instock","30":"taxable","31":"shipping-taxable","32":"purchasable","33":"product-type-simple"},"acf":[],"yoast_head":"<!-- This site is optimized with the Yoast SEO plugin v25.9 - https:\/\/yoast.com\/wordpress\/plugins\/seo\/ -->\n<title>Pilttapeet roheliste troopiliste lehtedega. R\u00e4tsepat\u00f6\u00f6 tapeedid<\/title>\n<meta name=\"description\" content=\"Roheline, efektne disain pilttapeet troopiliste lehtedega, mis on k\u00e4sitsi maalitud. R\u00e4tsepat\u00f6\u00f6na valmivad tapeedid, sinu seina m\u00f5\u00f5tu l\u00f5igatud paanid.\" \/>\n<meta name=\"robots\" content=\"index, follow, max-snippet:-1, max-image-preview:large, max-video-preview:-1\" \/>\n<link rel=\"canonical\" href=\"https:\/\/baubauwall.com\/et\/toode\/pilttapeet-akvarellide-botaanika\/\" \/>\n<meta property=\"og:locale\" content=\"et_EE\" \/>\n<meta property=\"og:type\" content=\"article\" \/>\n<meta property=\"og:title\" content=\"Pilttapeet roheliste troopiliste lehtedega. R\u00e4tsepat\u00f6\u00f6 tapeedid\" \/>\n<meta property=\"og:description\" content=\"Roheline, efektne disain pilttapeet troopiliste lehtedega, mis on k\u00e4sitsi maalitud. R\u00e4tsepat\u00f6\u00f6na valmivad tapeedid, sinu seina m\u00f5\u00f5tu l\u00f5igatud paanid.\" \/>\n<meta property=\"og:url\" content=\"https:\/\/baubauwall.com\/et\/toode\/pilttapeet-akvarellide-botaanika\/\" \/>\n<meta property=\"og:site_name\" content=\"BAUBAUWALL Wallpapers\" \/>\n<meta property=\"article:publisher\" content=\"https:\/\/www.facebook.com\/Baubauwall\" \/>\n<meta property=\"article:modified_time\" content=\"2025-10-13T08:42:21+00:00\" \/>\n<meta property=\"og:image\" content=\"https:\/\/baubauwall.com\/wp-content\/uploads\/2022\/12\/51200181_Aquarelle_Botany_Baubauwall_Wallmural_room7-10.jpg\" \/>\n\t<meta property=\"og:image:width\" content=\"1200\" \/>\n\t<meta property=\"og:image:height\" content=\"800\" \/>\n\t<meta property=\"og:image:type\" content=\"image\/jpeg\" \/>\n<meta name=\"twitter:card\" content=\"summary_large_image\" \/>\n<meta name=\"twitter:label1\" content=\"Est. reading time\" \/>\n\t<meta name=\"twitter:data1\" content=\"1 minut\" \/>\n<script type=\"application\/ld+json\" class=\"yoast-schema-graph\">{\"@context\":\"https:\/\/schema.org\",\"@graph\":[{\"@type\":\"WebPage\",\"@id\":\"https:\/\/baubauwall.com\/et\/toode\/pilttapeet-akvarellide-botaanika\/\",\"url\":\"https:\/\/baubauwall.com\/et\/toode\/pilttapeet-akvarellide-botaanika\/\",\"name\":\"Pilttapeet roheliste troopiliste lehtedega. R\u00e4tsepat\u00f6\u00f6 tapeedid\",\"isPartOf\":{\"@id\":\"https:\/\/baubauwall.com\/et\/#website\"},\"primaryImageOfPage\":{\"@id\":\"https:\/\/baubauwall.com\/et\/toode\/pilttapeet-akvarellide-botaanika\/#primaryimage\"},\"image\":{\"@id\":\"https:\/\/baubauwall.com\/et\/toode\/pilttapeet-akvarellide-botaanika\/#primaryimage\"},\"thumbnailUrl\":\"https:\/\/baubauwall.com\/wp-content\/uploads\/2022\/12\/51200181_Aquarelle_Botany_Baubauwall_Wallmural_room7-10.jpg\",\"datePublished\":\"2022-12-08T19:22:57+00:00\",\"dateModified\":\"2025-10-13T08:42:21+00:00\",\"description\":\"Roheline, efektne disain pilttapeet troopiliste lehtedega, mis on k\u00e4sitsi maalitud. R\u00e4tsepat\u00f6\u00f6na valmivad tapeedid, sinu seina m\u00f5\u00f5tu l\u00f5igatud paanid.\",\"breadcrumb\":{\"@id\":\"https:\/\/baubauwall.com\/et\/toode\/pilttapeet-akvarellide-botaanika\/#breadcrumb\"},\"inLanguage\":\"et\",\"potentialAction\":[{\"@type\":\"ReadAction\",\"target\":[\"https:\/\/baubauwall.com\/et\/toode\/pilttapeet-akvarellide-botaanika\/\"]}]},{\"@type\":\"ImageObject\",\"inLanguage\":\"et\",\"@id\":\"https:\/\/baubauwall.com\/et\/toode\/pilttapeet-akvarellide-botaanika\/#primaryimage\",\"url\":\"https:\/\/baubauwall.com\/wp-content\/uploads\/2022\/12\/51200181_Aquarelle_Botany_Baubauwall_Wallmural_room7-10.jpg\",\"contentUrl\":\"https:\/\/baubauwall.com\/wp-content\/uploads\/2022\/12\/51200181_Aquarelle_Botany_Baubauwall_Wallmural_room7-10.jpg\",\"width\":1200,\"height\":800,\"caption\":\"Heleroheline tapeet palmilehtedega, paigaldatud esiku seinale. Baubauwall tapeedid\"},{\"@type\":\"BreadcrumbList\",\"@id\":\"https:\/\/baubauwall.com\/et\/toode\/pilttapeet-akvarellide-botaanika\/#breadcrumb\",\"itemListElement\":[{\"@type\":\"ListItem\",\"position\":1,\"name\":\"Koju\",\"item\":\"https:\/\/baubauwall.com\/et\/\"},{\"@type\":\"ListItem\",\"position\":2,\"name\":\"Tapeedid\",\"item\":\"https:\/\/baubauwall.com\/et\/tapeedid\/\"},{\"@type\":\"ListItem\",\"position\":3,\"name\":\"Akvarellide botaanika\"}]},{\"@type\":\"WebSite\",\"@id\":\"https:\/\/baubauwall.com\/et\/#website\",\"url\":\"https:\/\/baubauwall.com\/et\/\",\"name\":\"BAUBAUWALL Wallpapers\",\"description\":\"Valmis paanides tapeet Eestist!\",\"publisher\":{\"@id\":\"https:\/\/baubauwall.com\/et\/#organization\"},\"potentialAction\":[{\"@type\":\"SearchAction\",\"target\":{\"@type\":\"EntryPoint\",\"urlTemplate\":\"https:\/\/baubauwall.com\/et\/?s={search_term_string}\"},\"query-input\":{\"@type\":\"PropertyValueSpecification\",\"valueRequired\":true,\"valueName\":\"search_term_string\"}}],\"inLanguage\":\"et\"},{\"@type\":\"Organization\",\"@id\":\"https:\/\/baubauwall.com\/et\/#organization\",\"name\":\"BAUBAUWALL Wallpapers\",\"url\":\"https:\/\/baubauwall.com\/et\/\",\"logo\":{\"@type\":\"ImageObject\",\"inLanguage\":\"et\",\"@id\":\"https:\/\/baubauwall.com\/et\/#\/schema\/logo\/image\/\",\"url\":\"https:\/\/baubauwall.com\/wp-content\/uploads\/2022\/03\/logo-horizontal.svg\",\"contentUrl\":\"https:\/\/baubauwall.com\/wp-content\/uploads\/2022\/03\/logo-horizontal.svg\",\"width\":\"1024\",\"height\":\"1024\",\"caption\":\"BAUBAUWALL Wallpapers\"},\"image\":{\"@id\":\"https:\/\/baubauwall.com\/et\/#\/schema\/logo\/image\/\"},\"sameAs\":[\"https:\/\/www.facebook.com\/Baubauwall\",\"https:\/\/www.instagram.com\/baubauwall\"]}]}<\/script>\n<!-- \/ Yoast SEO plugin. -->","yoast_head_json":{"title":"Pilttapeet roheliste troopiliste lehtedega. R\u00e4tsepat\u00f6\u00f6 tapeedid","description":"Roheline, efektne disain pilttapeet troopiliste lehtedega, mis on k\u00e4sitsi maalitud. R\u00e4tsepat\u00f6\u00f6na valmivad tapeedid, sinu seina m\u00f5\u00f5tu l\u00f5igatud paanid.","robots":{"index":"index","follow":"follow","max-snippet":"max-snippet:-1","max-image-preview":"max-image-preview:large","max-video-preview":"max-video-preview:-1"},"canonical":"https:\/\/baubauwall.com\/et\/toode\/pilttapeet-akvarellide-botaanika\/","og_locale":"et_EE","og_type":"article","og_title":"Pilttapeet roheliste troopiliste lehtedega. R\u00e4tsepat\u00f6\u00f6 tapeedid","og_description":"Roheline, efektne disain pilttapeet troopiliste lehtedega, mis on k\u00e4sitsi maalitud. R\u00e4tsepat\u00f6\u00f6na valmivad tapeedid, sinu seina m\u00f5\u00f5tu l\u00f5igatud paanid.","og_url":"https:\/\/baubauwall.com\/et\/toode\/pilttapeet-akvarellide-botaanika\/","og_site_name":"BAUBAUWALL Wallpapers","article_publisher":"https:\/\/www.facebook.com\/Baubauwall","article_modified_time":"2025-10-13T08:42:21+00:00","og_image":[{"width":1200,"height":800,"url":"https:\/\/baubauwall.com\/wp-content\/uploads\/2022\/12\/51200181_Aquarelle_Botany_Baubauwall_Wallmural_room7-10.jpg","type":"image\/jpeg"}],"twitter_card":"summary_large_image","twitter_misc":{"Est. reading time":"1 minut"},"schema":{"@context":"https:\/\/schema.org","@graph":[{"@type":"WebPage","@id":"https:\/\/baubauwall.com\/et\/toode\/pilttapeet-akvarellide-botaanika\/","url":"https:\/\/baubauwall.com\/et\/toode\/pilttapeet-akvarellide-botaanika\/","name":"Pilttapeet roheliste troopiliste lehtedega. R\u00e4tsepat\u00f6\u00f6 tapeedid","isPartOf":{"@id":"https:\/\/baubauwall.com\/et\/#website"},"primaryImageOfPage":{"@id":"https:\/\/baubauwall.com\/et\/toode\/pilttapeet-akvarellide-botaanika\/#primaryimage"},"image":{"@id":"https:\/\/baubauwall.com\/et\/toode\/pilttapeet-akvarellide-botaanika\/#primaryimage"},"thumbnailUrl":"https:\/\/baubauwall.com\/wp-content\/uploads\/2022\/12\/51200181_Aquarelle_Botany_Baubauwall_Wallmural_room7-10.jpg","datePublished":"2022-12-08T19:22:57+00:00","dateModified":"2025-10-13T08:42:21+00:00","description":"Roheline, efektne disain pilttapeet troopiliste lehtedega, mis on k\u00e4sitsi maalitud. R\u00e4tsepat\u00f6\u00f6na valmivad tapeedid, sinu seina m\u00f5\u00f5tu l\u00f5igatud paanid.","breadcrumb":{"@id":"https:\/\/baubauwall.com\/et\/toode\/pilttapeet-akvarellide-botaanika\/#breadcrumb"},"inLanguage":"et","potentialAction":[{"@type":"ReadAction","target":["https:\/\/baubauwall.com\/et\/toode\/pilttapeet-akvarellide-botaanika\/"]}]},{"@type":"ImageObject","inLanguage":"et","@id":"https:\/\/baubauwall.com\/et\/toode\/pilttapeet-akvarellide-botaanika\/#primaryimage","url":"https:\/\/baubauwall.com\/wp-content\/uploads\/2022\/12\/51200181_Aquarelle_Botany_Baubauwall_Wallmural_room7-10.jpg","contentUrl":"https:\/\/baubauwall.com\/wp-content\/uploads\/2022\/12\/51200181_Aquarelle_Botany_Baubauwall_Wallmural_room7-10.jpg","width":1200,"height":800,"caption":"Heleroheline tapeet palmilehtedega, paigaldatud esiku seinale. Baubauwall tapeedid"},{"@type":"BreadcrumbList","@id":"https:\/\/baubauwall.com\/et\/toode\/pilttapeet-akvarellide-botaanika\/#breadcrumb","itemListElement":[{"@type":"ListItem","position":1,"name":"Koju","item":"https:\/\/baubauwall.com\/et\/"},{"@type":"ListItem","position":2,"name":"Tapeedid","item":"https:\/\/baubauwall.com\/et\/tapeedid\/"},{"@type":"ListItem","position":3,"name":"Akvarellide botaanika"}]},{"@type":"WebSite","@id":"https:\/\/baubauwall.com\/et\/#website","url":"https:\/\/baubauwall.com\/et\/","name":"BAUBAUWALL Wallpapers","description":"Valmis paanides tapeet Eestist!","publisher":{"@id":"https:\/\/baubauwall.com\/et\/#organization"},"potentialAction":[{"@type":"SearchAction","target":{"@type":"EntryPoint","urlTemplate":"https:\/\/baubauwall.com\/et\/?s={search_term_string}"},"query-input":{"@type":"PropertyValueSpecification","valueRequired":true,"valueName":"search_term_string"}}],"inLanguage":"et"},{"@type":"Organization","@id":"https:\/\/baubauwall.com\/et\/#organization","name":"BAUBAUWALL Wallpapers","url":"https:\/\/baubauwall.com\/et\/","logo":{"@type":"ImageObject","inLanguage":"et","@id":"https:\/\/baubauwall.com\/et\/#\/schema\/logo\/image\/","url":"https:\/\/baubauwall.com\/wp-content\/uploads\/2022\/03\/logo-horizontal.svg","contentUrl":"https:\/\/baubauwall.com\/wp-content\/uploads\/2022\/03\/logo-horizontal.svg","width":"1024","height":"1024","caption":"BAUBAUWALL Wallpapers"},"image":{"@id":"https:\/\/baubauwall.com\/et\/#\/schema\/logo\/image\/"},"sameAs":["https:\/\/www.facebook.com\/Baubauwall","https:\/\/www.instagram.com\/baubauwall"]}]}},"jetpack_sharing_enabled":true,"_links":{"self":[{"href":"https:\/\/baubauwall.com\/et\/wp-json\/wp\/v2\/product\/23293","targetHints":{"allow":["GET"]}}],"collection":[{"href":"https:\/\/baubauwall.com\/et\/wp-json\/wp\/v2\/product"}],"about":[{"href":"https:\/\/baubauwall.com\/et\/wp-json\/wp\/v2\/types\/product"}],"replies":[{"embeddable":true,"href":"https:\/\/baubauwall.com\/et\/wp-json\/wp\/v2\/comments?post=23293"}],"wp:featuredmedia":[{"embeddable":true,"href":"https:\/\/baubauwall.com\/et\/wp-json\/wp\/v2\/media\/23298"}],"wp:attachment":[{"href":"https:\/\/baubauwall.com\/et\/wp-json\/wp\/v2\/media?parent=23293"}],"wp:term":[{"taxonomy":"product_brand","embeddable":true,"href":"https:\/\/baubauwall.com\/et\/wp-json\/wp\/v2\/product_brand?post=23293"},{"taxonomy":"product_cat","embeddable":true,"href":"https:\/\/baubauwall.com\/et\/wp-json\/wp\/v2\/product_cat?post=23293"},{"taxonomy":"product_tag","embeddable":true,"href":"https:\/\/baubauwall.com\/et\/wp-json\/wp\/v2\/product_tag?post=23293"}],"curies":[{"name":"wp","href":"https:\/\/api.w.org\/{rel}","templated":true}]}}