{"id":23650,"date":"2023-01-06T15:15:09","date_gmt":"2023-01-06T13:15:09","guid":{"rendered":"https:\/\/baubauwall.com\/product\/wallpaper-fluffy-feathers-beige\/"},"modified":"2025-07-24T12:19:50","modified_gmt":"2025-07-24T10:19:50","slug":"tapeet-udusulgede-miraaz-beez","status":"publish","type":"product","link":"https:\/\/baubauwall.com\/et\/toode\/tapeet-udusulgede-miraaz-beez\/","title":{"rendered":"Udusulgede miraa\u017e &#8211; bee\u017e"},"content":{"rendered":"<p data-start=\"160\" data-end=\"426\">Bee\u017e tapeet, mille muster on kavalalt korduv \u2013 pehme, \u00f5huline ja pisut unen\u00e4oline. Udusulgede miraa\u017e toob seinale sulgede \u00f5rna ilu. Tulemuseks on tapeedidisain, mis m\u00f5jub rahustavalt, ent on samal ajal visuaalselt paeluv.<\/p>\n<p data-start=\"428\" data-end=\"655\">See magamistoa tapeet sobib ideaalselt neile, kes otsivad \u00f5rna ja neutraalset, kuid mitte igavat tapeeti. Sama h\u00e4sti t\u00f6\u00f6tab see ka elutoa aktsentseinal, koridoris v\u00f5i k\u00fclalistetoas, kus pehmus loob hubase tunde.\u00a0Sulgede motiiv on ajatu klassika ning just see bee\u017e tapeet toob koju soojust ja stiili, mis on ilus ka aastate p\u00e4rast. Tapeet sobib nii \u00fche seina esilet\u00f5stmiseks kui ka kogu ruumi seinte katmiseks \u2013 efekt j\u00e4\u00e4b alati kerge ja elegantne.<\/p>\n<p data-start=\"437\" data-end=\"627\">\u00a0<strong>Miks osta tapeet siit? Sest tapeedi valimine, tellimine ja tapeetimine on n\u00fc\u00fcd lihtne.<\/strong><\/p>\n<ul>\n<li>Eesti ettev\u00f5tte, Eestis tr\u00fckitud tapeedid<\/li>\n<li><a href=\"https:\/\/baubauwall.com\/et\/kuidas-see-tootab\/\">Nummerdatud tapeedipaanid<\/a><\/li>\n<li>Just nii pikad tapeedipaanid, kui on Sinu sein<\/li>\n<li>Premium, matt fliistapeedi materjal<\/li>\n<li>M\u00fcrgivabad tr\u00fckiv\u00e4rvid, Greenguard sertifitseeritud<\/li>\n<li>Keskkonnas\u00f5bralik, j\u00e4\u00e4tmevaba tapeetimine<\/li>\n<li>Tasuta tapeediliim<\/li>\n<li>Tasuta transport ja kiire tarne 5 t\u00f6\u00f6p\u00e4evaga<\/li>\n<\/ul>\n<p><a href=\"https:\/\/baubauwall.com\/et\/ideed\/let-the-homes-do-the-talking\/\">Piilu ka tehtud t\u00f6\u00f6de tapeedigaleriid<\/a>\u00a0\u2013 kas midagi v\u00f5iks veel inspireerida?<\/p>\n","protected":false},"excerpt":{"rendered":"<p>Bee\u017e tapeet, mille muster on kavalalt korduv \u2013 pehme, \u00f5huline ja pisut unen\u00e4oline. Udusulgede miraa\u017e toob seinale sulgede \u00f5rna ilu. Tulemuseks on tapeedidisain, mis m\u00f5jub rahustavalt, ent on samal ajal visuaalselt paeluv. See magamistoa tapeet sobib ideaalselt neile, kes otsivad \u00f5rna ja neutraalset, kuid mitte igavat tapeeti. Sama h\u00e4sti t\u00f6\u00f6tab see ka elutoa aktsentseinal, koridoris [&hellip;]<\/p>\n","protected":false},"featured_media":23626,"comment_status":"open","ping_status":"closed","template":"","meta":{"_acf_changed":false,"inline_featured_image":false},"product_brand":[],"product_cat":[386,395,406,392,396,265,273,276,410,413,414,415,402,699,257],"product_tag":[695,832,719],"class_list":{"0":"post-23650","1":"product","2":"type-product","3":"status-publish","4":"has-post-thumbnail","6":"product_cat-kordusmustriga-tapeedid","7":"product_cat-romantiline","8":"product_cat-klassika","9":"product_cat-minimalistlik","10":"product_cat-skandinaavia","11":"product_cat-beezid-tapeedid","12":"product_cat-heledad-tapeedid","13":"product_cat-pastelsed-tapeedid","14":"product_cat-valge-tapeedid","15":"product_cat-magamistoa-tapeedid","16":"product_cat-soogitoa-tapeedid","17":"product_cat-kulalistetoa-tapeedid","18":"product_cat-elutoa-tapeedid","19":"product_cat-eesti-disain-tapeedid","20":"product_cat-linnud","21":"product_tag-eesti-disain-tapeedid","22":"product_tag-kordusmustriga-tapeedid","23":"product_tag-vaikne-luksus","24":"pa_designedby-baubauwall","26":"first","27":"instock","28":"taxable","29":"shipping-taxable","30":"purchasable","31":"product-type-simple"},"acf":[],"yoast_head":"<!-- This site is optimized with the Yoast SEO plugin v25.9 - https:\/\/yoast.com\/wordpress\/plugins\/seo\/ -->\n<title>Bee\u017e magamistoa tapeet sulgedega. Sinu seina m\u00f5\u00f5dus tapeedid.<\/title>\n<meta name=\"description\" content=\"Linnusulgedega bee\u017e magamistoa tapeet! Bee\u017e disain, mis sobib ka elutoa seinale aktsentseinaks v\u00f5i mitmele. Keskkonnas\u00f5bralik tapeet.\" \/>\n<meta name=\"robots\" content=\"index, follow, max-snippet:-1, max-image-preview:large, max-video-preview:-1\" \/>\n<link rel=\"canonical\" href=\"https:\/\/baubauwall.com\/et\/toode\/tapeet-udusulgede-miraaz-beez\/\" \/>\n<meta property=\"og:locale\" content=\"et_EE\" \/>\n<meta property=\"og:type\" content=\"article\" \/>\n<meta property=\"og:title\" content=\"Bee\u017e magamistoa tapeet sulgedega. Sinu seina m\u00f5\u00f5dus tapeedid.\" \/>\n<meta property=\"og:description\" content=\"Linnusulgedega bee\u017e magamistoa tapeet! Bee\u017e disain, mis sobib ka elutoa seinale aktsentseinaks v\u00f5i mitmele. Keskkonnas\u00f5bralik tapeet.\" \/>\n<meta property=\"og:url\" content=\"https:\/\/baubauwall.com\/et\/toode\/tapeet-udusulgede-miraaz-beez\/\" \/>\n<meta property=\"og:site_name\" content=\"BAUBAUWALL Wallpapers\" \/>\n<meta property=\"article:publisher\" content=\"https:\/\/www.facebook.com\/Baubauwall\" \/>\n<meta property=\"article:modified_time\" content=\"2025-07-24T10:19:50+00:00\" \/>\n<meta property=\"og:image\" content=\"https:\/\/baubauwall.com\/wp-content\/uploads\/2022\/11\/51100336_FluffyFeathers-ivory_Baubauwall_Wallpaper_room01.jpg\" \/>\n\t<meta property=\"og:image:width\" content=\"1203\" \/>\n\t<meta property=\"og:image:height\" content=\"800\" \/>\n\t<meta property=\"og:image:type\" content=\"image\/jpeg\" \/>\n<meta name=\"twitter:card\" content=\"summary_large_image\" \/>\n<meta name=\"twitter:label1\" content=\"Est. reading time\" \/>\n\t<meta name=\"twitter:data1\" content=\"1 minut\" \/>\n<script type=\"application\/ld+json\" class=\"yoast-schema-graph\">{\"@context\":\"https:\/\/schema.org\",\"@graph\":[{\"@type\":\"WebPage\",\"@id\":\"https:\/\/baubauwall.com\/et\/toode\/tapeet-udusulgede-miraaz-beez\/\",\"url\":\"https:\/\/baubauwall.com\/et\/toode\/tapeet-udusulgede-miraaz-beez\/\",\"name\":\"Bee\u017e magamistoa tapeet sulgedega. Sinu seina m\u00f5\u00f5dus tapeedid.\",\"isPartOf\":{\"@id\":\"https:\/\/baubauwall.com\/et\/#website\"},\"primaryImageOfPage\":{\"@id\":\"https:\/\/baubauwall.com\/et\/toode\/tapeet-udusulgede-miraaz-beez\/#primaryimage\"},\"image\":{\"@id\":\"https:\/\/baubauwall.com\/et\/toode\/tapeet-udusulgede-miraaz-beez\/#primaryimage\"},\"thumbnailUrl\":\"https:\/\/baubauwall.com\/wp-content\/uploads\/2022\/11\/51100336_FluffyFeathers-ivory_Baubauwall_Wallpaper_room01.jpg\",\"datePublished\":\"2023-01-06T13:15:09+00:00\",\"dateModified\":\"2025-07-24T10:19:50+00:00\",\"description\":\"Linnusulgedega bee\u017e magamistoa tapeet! Bee\u017e disain, mis sobib ka elutoa seinale aktsentseinaks v\u00f5i mitmele. Keskkonnas\u00f5bralik tapeet.\",\"breadcrumb\":{\"@id\":\"https:\/\/baubauwall.com\/et\/toode\/tapeet-udusulgede-miraaz-beez\/#breadcrumb\"},\"inLanguage\":\"et\",\"potentialAction\":[{\"@type\":\"ReadAction\",\"target\":[\"https:\/\/baubauwall.com\/et\/toode\/tapeet-udusulgede-miraaz-beez\/\"]}]},{\"@type\":\"ImageObject\",\"inLanguage\":\"et\",\"@id\":\"https:\/\/baubauwall.com\/et\/toode\/tapeet-udusulgede-miraaz-beez\/#primaryimage\",\"url\":\"https:\/\/baubauwall.com\/wp-content\/uploads\/2022\/11\/51100336_FluffyFeathers-ivory_Baubauwall_Wallpaper_room01.jpg\",\"contentUrl\":\"https:\/\/baubauwall.com\/wp-content\/uploads\/2022\/11\/51100336_FluffyFeathers-ivory_Baubauwall_Wallpaper_room01.jpg\",\"width\":1203,\"height\":800},{\"@type\":\"BreadcrumbList\",\"@id\":\"https:\/\/baubauwall.com\/et\/toode\/tapeet-udusulgede-miraaz-beez\/#breadcrumb\",\"itemListElement\":[{\"@type\":\"ListItem\",\"position\":1,\"name\":\"Koju\",\"item\":\"https:\/\/baubauwall.com\/et\/\"},{\"@type\":\"ListItem\",\"position\":2,\"name\":\"Tapeedid\",\"item\":\"https:\/\/baubauwall.com\/et\/tapeedid\/\"},{\"@type\":\"ListItem\",\"position\":3,\"name\":\"Udusulgede miraa\u017e &#8211; bee\u017e\"}]},{\"@type\":\"WebSite\",\"@id\":\"https:\/\/baubauwall.com\/et\/#website\",\"url\":\"https:\/\/baubauwall.com\/et\/\",\"name\":\"BAUBAUWALL Wallpapers\",\"description\":\"Valmis paanides tapeet Eestist!\",\"publisher\":{\"@id\":\"https:\/\/baubauwall.com\/et\/#organization\"},\"potentialAction\":[{\"@type\":\"SearchAction\",\"target\":{\"@type\":\"EntryPoint\",\"urlTemplate\":\"https:\/\/baubauwall.com\/et\/?s={search_term_string}\"},\"query-input\":{\"@type\":\"PropertyValueSpecification\",\"valueRequired\":true,\"valueName\":\"search_term_string\"}}],\"inLanguage\":\"et\"},{\"@type\":\"Organization\",\"@id\":\"https:\/\/baubauwall.com\/et\/#organization\",\"name\":\"BAUBAUWALL Wallpapers\",\"url\":\"https:\/\/baubauwall.com\/et\/\",\"logo\":{\"@type\":\"ImageObject\",\"inLanguage\":\"et\",\"@id\":\"https:\/\/baubauwall.com\/et\/#\/schema\/logo\/image\/\",\"url\":\"https:\/\/baubauwall.com\/wp-content\/uploads\/2022\/03\/logo-horizontal.svg\",\"contentUrl\":\"https:\/\/baubauwall.com\/wp-content\/uploads\/2022\/03\/logo-horizontal.svg\",\"width\":\"1024\",\"height\":\"1024\",\"caption\":\"BAUBAUWALL Wallpapers\"},\"image\":{\"@id\":\"https:\/\/baubauwall.com\/et\/#\/schema\/logo\/image\/\"},\"sameAs\":[\"https:\/\/www.facebook.com\/Baubauwall\",\"https:\/\/www.instagram.com\/baubauwall\"]}]}<\/script>\n<!-- \/ Yoast SEO plugin. -->","yoast_head_json":{"title":"Bee\u017e magamistoa tapeet sulgedega. Sinu seina m\u00f5\u00f5dus tapeedid.","description":"Linnusulgedega bee\u017e magamistoa tapeet! Bee\u017e disain, mis sobib ka elutoa seinale aktsentseinaks v\u00f5i mitmele. Keskkonnas\u00f5bralik tapeet.","robots":{"index":"index","follow":"follow","max-snippet":"max-snippet:-1","max-image-preview":"max-image-preview:large","max-video-preview":"max-video-preview:-1"},"canonical":"https:\/\/baubauwall.com\/et\/toode\/tapeet-udusulgede-miraaz-beez\/","og_locale":"et_EE","og_type":"article","og_title":"Bee\u017e magamistoa tapeet sulgedega. Sinu seina m\u00f5\u00f5dus tapeedid.","og_description":"Linnusulgedega bee\u017e magamistoa tapeet! Bee\u017e disain, mis sobib ka elutoa seinale aktsentseinaks v\u00f5i mitmele. Keskkonnas\u00f5bralik tapeet.","og_url":"https:\/\/baubauwall.com\/et\/toode\/tapeet-udusulgede-miraaz-beez\/","og_site_name":"BAUBAUWALL Wallpapers","article_publisher":"https:\/\/www.facebook.com\/Baubauwall","article_modified_time":"2025-07-24T10:19:50+00:00","og_image":[{"width":1203,"height":800,"url":"https:\/\/baubauwall.com\/wp-content\/uploads\/2022\/11\/51100336_FluffyFeathers-ivory_Baubauwall_Wallpaper_room01.jpg","type":"image\/jpeg"}],"twitter_card":"summary_large_image","twitter_misc":{"Est. reading time":"1 minut"},"schema":{"@context":"https:\/\/schema.org","@graph":[{"@type":"WebPage","@id":"https:\/\/baubauwall.com\/et\/toode\/tapeet-udusulgede-miraaz-beez\/","url":"https:\/\/baubauwall.com\/et\/toode\/tapeet-udusulgede-miraaz-beez\/","name":"Bee\u017e magamistoa tapeet sulgedega. Sinu seina m\u00f5\u00f5dus tapeedid.","isPartOf":{"@id":"https:\/\/baubauwall.com\/et\/#website"},"primaryImageOfPage":{"@id":"https:\/\/baubauwall.com\/et\/toode\/tapeet-udusulgede-miraaz-beez\/#primaryimage"},"image":{"@id":"https:\/\/baubauwall.com\/et\/toode\/tapeet-udusulgede-miraaz-beez\/#primaryimage"},"thumbnailUrl":"https:\/\/baubauwall.com\/wp-content\/uploads\/2022\/11\/51100336_FluffyFeathers-ivory_Baubauwall_Wallpaper_room01.jpg","datePublished":"2023-01-06T13:15:09+00:00","dateModified":"2025-07-24T10:19:50+00:00","description":"Linnusulgedega bee\u017e magamistoa tapeet! Bee\u017e disain, mis sobib ka elutoa seinale aktsentseinaks v\u00f5i mitmele. Keskkonnas\u00f5bralik tapeet.","breadcrumb":{"@id":"https:\/\/baubauwall.com\/et\/toode\/tapeet-udusulgede-miraaz-beez\/#breadcrumb"},"inLanguage":"et","potentialAction":[{"@type":"ReadAction","target":["https:\/\/baubauwall.com\/et\/toode\/tapeet-udusulgede-miraaz-beez\/"]}]},{"@type":"ImageObject","inLanguage":"et","@id":"https:\/\/baubauwall.com\/et\/toode\/tapeet-udusulgede-miraaz-beez\/#primaryimage","url":"https:\/\/baubauwall.com\/wp-content\/uploads\/2022\/11\/51100336_FluffyFeathers-ivory_Baubauwall_Wallpaper_room01.jpg","contentUrl":"https:\/\/baubauwall.com\/wp-content\/uploads\/2022\/11\/51100336_FluffyFeathers-ivory_Baubauwall_Wallpaper_room01.jpg","width":1203,"height":800},{"@type":"BreadcrumbList","@id":"https:\/\/baubauwall.com\/et\/toode\/tapeet-udusulgede-miraaz-beez\/#breadcrumb","itemListElement":[{"@type":"ListItem","position":1,"name":"Koju","item":"https:\/\/baubauwall.com\/et\/"},{"@type":"ListItem","position":2,"name":"Tapeedid","item":"https:\/\/baubauwall.com\/et\/tapeedid\/"},{"@type":"ListItem","position":3,"name":"Udusulgede miraa\u017e &#8211; bee\u017e"}]},{"@type":"WebSite","@id":"https:\/\/baubauwall.com\/et\/#website","url":"https:\/\/baubauwall.com\/et\/","name":"BAUBAUWALL Wallpapers","description":"Valmis paanides tapeet Eestist!","publisher":{"@id":"https:\/\/baubauwall.com\/et\/#organization"},"potentialAction":[{"@type":"SearchAction","target":{"@type":"EntryPoint","urlTemplate":"https:\/\/baubauwall.com\/et\/?s={search_term_string}"},"query-input":{"@type":"PropertyValueSpecification","valueRequired":true,"valueName":"search_term_string"}}],"inLanguage":"et"},{"@type":"Organization","@id":"https:\/\/baubauwall.com\/et\/#organization","name":"BAUBAUWALL Wallpapers","url":"https:\/\/baubauwall.com\/et\/","logo":{"@type":"ImageObject","inLanguage":"et","@id":"https:\/\/baubauwall.com\/et\/#\/schema\/logo\/image\/","url":"https:\/\/baubauwall.com\/wp-content\/uploads\/2022\/03\/logo-horizontal.svg","contentUrl":"https:\/\/baubauwall.com\/wp-content\/uploads\/2022\/03\/logo-horizontal.svg","width":"1024","height":"1024","caption":"BAUBAUWALL Wallpapers"},"image":{"@id":"https:\/\/baubauwall.com\/et\/#\/schema\/logo\/image\/"},"sameAs":["https:\/\/www.facebook.com\/Baubauwall","https:\/\/www.instagram.com\/baubauwall"]}]}},"jetpack_sharing_enabled":true,"_links":{"self":[{"href":"https:\/\/baubauwall.com\/et\/wp-json\/wp\/v2\/product\/23650","targetHints":{"allow":["GET"]}}],"collection":[{"href":"https:\/\/baubauwall.com\/et\/wp-json\/wp\/v2\/product"}],"about":[{"href":"https:\/\/baubauwall.com\/et\/wp-json\/wp\/v2\/types\/product"}],"replies":[{"embeddable":true,"href":"https:\/\/baubauwall.com\/et\/wp-json\/wp\/v2\/comments?post=23650"}],"wp:featuredmedia":[{"embeddable":true,"href":"https:\/\/baubauwall.com\/et\/wp-json\/wp\/v2\/media\/23626"}],"wp:attachment":[{"href":"https:\/\/baubauwall.com\/et\/wp-json\/wp\/v2\/media?parent=23650"}],"wp:term":[{"taxonomy":"product_brand","embeddable":true,"href":"https:\/\/baubauwall.com\/et\/wp-json\/wp\/v2\/product_brand?post=23650"},{"taxonomy":"product_cat","embeddable":true,"href":"https:\/\/baubauwall.com\/et\/wp-json\/wp\/v2\/product_cat?post=23650"},{"taxonomy":"product_tag","embeddable":true,"href":"https:\/\/baubauwall.com\/et\/wp-json\/wp\/v2\/product_tag?post=23650"}],"curies":[{"name":"wp","href":"https:\/\/api.w.org\/{rel}","templated":true}]}}