{"id":23789,"date":"2022-12-29T15:15:26","date_gmt":"2022-12-29T13:15:26","guid":{"rendered":"https:\/\/baubauwall.com\/product\/photowallpaper-misty-treetops\/"},"modified":"2024-10-23T09:29:13","modified_gmt":"2024-10-23T07:29:13","slug":"fototapeet-udune-metsavaade","status":"publish","type":"product","link":"https:\/\/baubauwall.com\/et\/toode\/fototapeet-udune-metsavaade\/","title":{"rendered":"Fototapeet Udune metsavaade"},"content":{"rendered":"<p>Udune metsavaade on rahulik ja inspireeriv fototapeet \u2013 justnagu iga kodu peabki olema. Rahulik ja soojades toonides disain fototapeet, mis sobib nii kodukontori seinale loovateks m\u00f5teteks kui ka magamistuppa v\u00f5i elutuppa aktsentseinaks. Lase udune metsavaade ja h\u00f5ng oma tuppa! Uduse metsavaate teema on olnud kodusisustajate lemmik aastaid ja pole ka ime &#8211; kes suudaks \u00f6elda EI rahustavale rohelisele metsale? Meile nii kodune ja nii rahustav &#8211; seep\u00e4rast ongi uduse metsa stiil m\u00f5nus valik. Eriti ilus on see fototapeet paigaldada magamistuppa, sobita juurde monokroomne voodipesu, kuusel\u00f5hnaline aroomik\u00fc\u00fcnal ning Su isiklik <em>hygge<\/em> ongi loodud!<\/p>\n<p>Nagu k\u00f5ik meie tapeedid, pilttapeedid ja fototapeedid, on ka see disain tr\u00fckitud <a href=\"https:\/\/baubauwall.com\/et\/keskkonnasobralikud-tapeedid\/\" target=\"_blank\" rel=\"noopener\">keskkonnas\u00f5bralike v\u00e4rvidega<\/a>, hingavale fliistapeedi materjalile.<\/p>\n<p>&nbsp;<\/p>\n","protected":false},"excerpt":{"rendered":"<p>Udune metsavaade on rahulik ja inspireeriv fototapeet \u2013 justnagu iga kodu peabki olema. Rahulik ja soojades toonides disain fototapeet, mis sobib nii kodukontori seinale loovateks m\u00f5teteks kui ka magamistuppa v\u00f5i elutuppa aktsentseinaks. Lase udune metsavaade ja h\u00f5ng oma tuppa! Uduse metsavaate teema on olnud kodusisustajate lemmik aastaid ja pole ka ime &#8211; kes suudaks \u00f6elda [&hellip;]<\/p>\n","protected":false},"featured_media":23766,"comment_status":"open","ping_status":"closed","template":"","meta":{"_acf_changed":false,"inline_featured_image":false},"product_brand":[],"product_cat":[433,265,271,413,415,416,402,412,245,248,251,254],"product_tag":[563,486,454,328],"class_list":{"0":"post-23789","1":"product","2":"type-product","3":"status-publish","4":"has-post-thumbnail","6":"product_cat-fototapeedid","7":"product_cat-beezid-tapeedid","8":"product_cat-rohelised-tapeedid","9":"product_cat-magamistoa-tapeedid","10":"product_cat-kulalistetoa-tapeedid","11":"product_cat-esiku-tapeedid","12":"product_cat-elutoa-tapeedid","13":"product_cat-vannitoa-tapeedid","14":"product_cat-maastik","15":"product_cat-mets","16":"product_cat-maed","17":"product_cat-loodus","18":"product_tag-biofiilia-stiil","19":"product_tag-fotograafia-et","20":"product_tag-fototapeet-et","21":"product_tag-udune","22":"pa_designedby-baubauwall","24":"first","25":"instock","26":"taxable","27":"shipping-taxable","28":"purchasable","29":"product-type-simple"},"acf":[],"yoast_head":"<!-- This site is optimized with the Yoast SEO plugin v25.9 - https:\/\/yoast.com\/wordpress\/plugins\/seo\/ -->\n<title>Fototapeet udune mets. Tapeet uduse metsa vaatega<\/title>\n<meta name=\"description\" content=\"P\u00f5hjamaises stiilis fototapeet - udune mets. Disain, millega tood looduse tuppa. R\u00e4tsepat\u00f6\u00f6na valmivad tapeedid, mis valmivad sinu seina m\u00f5\u00f5dus.\" \/>\n<meta name=\"robots\" content=\"index, follow, max-snippet:-1, max-image-preview:large, max-video-preview:-1\" \/>\n<link rel=\"canonical\" href=\"https:\/\/baubauwall.com\/et\/toode\/fototapeet-udune-metsavaade\/\" \/>\n<meta property=\"og:locale\" content=\"et_EE\" \/>\n<meta property=\"og:type\" content=\"article\" \/>\n<meta property=\"og:title\" content=\"Fototapeet udune mets. Tapeet uduse metsa vaatega\" \/>\n<meta property=\"og:description\" content=\"P\u00f5hjamaises stiilis fototapeet - udune mets. Disain, millega tood looduse tuppa. R\u00e4tsepat\u00f6\u00f6na valmivad tapeedid, mis valmivad sinu seina m\u00f5\u00f5dus.\" \/>\n<meta property=\"og:url\" content=\"https:\/\/baubauwall.com\/et\/toode\/fototapeet-udune-metsavaade\/\" \/>\n<meta property=\"og:site_name\" content=\"BAUBAUWALL TAPEEDID\" \/>\n<meta property=\"article:publisher\" content=\"https:\/\/www.facebook.com\/Baubauwall\" \/>\n<meta property=\"article:modified_time\" content=\"2024-10-23T07:29:13+00:00\" \/>\n<meta property=\"og:image\" content=\"https:\/\/baubauwall.com\/wp-content\/uploads\/2022\/03\/51300014_Foggy-misty_treetops_Baubauwall_Wallpaper_room08-4.jpg\" \/>\n\t<meta property=\"og:image:width\" content=\"2400\" \/>\n\t<meta property=\"og:image:height\" content=\"1600\" \/>\n\t<meta property=\"og:image:type\" content=\"image\/jpeg\" \/>\n<meta name=\"twitter:card\" content=\"summary_large_image\" \/>\n<meta name=\"twitter:label1\" content=\"Est. reading time\" \/>\n\t<meta name=\"twitter:data1\" content=\"1 minut\" \/>\n<script type=\"application\/ld+json\" class=\"yoast-schema-graph\">{\"@context\":\"https:\/\/schema.org\",\"@graph\":[{\"@type\":\"WebPage\",\"@id\":\"https:\/\/baubauwall.com\/et\/toode\/fototapeet-udune-metsavaade\/\",\"url\":\"https:\/\/baubauwall.com\/et\/toode\/fototapeet-udune-metsavaade\/\",\"name\":\"Fototapeet udune mets. Tapeet uduse metsa vaatega\",\"isPartOf\":{\"@id\":\"https:\/\/baubauwall.com\/et\/#website\"},\"primaryImageOfPage\":{\"@id\":\"https:\/\/baubauwall.com\/et\/toode\/fototapeet-udune-metsavaade\/#primaryimage\"},\"image\":{\"@id\":\"https:\/\/baubauwall.com\/et\/toode\/fototapeet-udune-metsavaade\/#primaryimage\"},\"thumbnailUrl\":\"https:\/\/baubauwall.com\/wp-content\/uploads\/2022\/03\/51300014_Foggy-misty_treetops_Baubauwall_Wallpaper_room08-4.jpg\",\"datePublished\":\"2022-12-29T13:15:26+00:00\",\"dateModified\":\"2024-10-23T07:29:13+00:00\",\"description\":\"P\u00f5hjamaises stiilis fototapeet - udune mets. Disain, millega tood looduse tuppa. R\u00e4tsepat\u00f6\u00f6na valmivad tapeedid, mis valmivad sinu seina m\u00f5\u00f5dus.\",\"breadcrumb\":{\"@id\":\"https:\/\/baubauwall.com\/et\/toode\/fototapeet-udune-metsavaade\/#breadcrumb\"},\"inLanguage\":\"et\",\"potentialAction\":[{\"@type\":\"ReadAction\",\"target\":[\"https:\/\/baubauwall.com\/et\/toode\/fototapeet-udune-metsavaade\/\"]}]},{\"@type\":\"ImageObject\",\"inLanguage\":\"et\",\"@id\":\"https:\/\/baubauwall.com\/et\/toode\/fototapeet-udune-metsavaade\/#primaryimage\",\"url\":\"https:\/\/baubauwall.com\/wp-content\/uploads\/2022\/03\/51300014_Foggy-misty_treetops_Baubauwall_Wallpaper_room08-4.jpg\",\"contentUrl\":\"https:\/\/baubauwall.com\/wp-content\/uploads\/2022\/03\/51300014_Foggy-misty_treetops_Baubauwall_Wallpaper_room08-4.jpg\",\"width\":2400,\"height\":1600},{\"@type\":\"BreadcrumbList\",\"@id\":\"https:\/\/baubauwall.com\/et\/toode\/fototapeet-udune-metsavaade\/#breadcrumb\",\"itemListElement\":[{\"@type\":\"ListItem\",\"position\":1,\"name\":\"Koju\",\"item\":\"https:\/\/baubauwall.com\/et\/\"},{\"@type\":\"ListItem\",\"position\":2,\"name\":\"Tapeedid\",\"item\":\"https:\/\/baubauwall.com\/et\/tapeedid\/\"},{\"@type\":\"ListItem\",\"position\":3,\"name\":\"Fototapeet Udune metsavaade\"}]},{\"@type\":\"WebSite\",\"@id\":\"https:\/\/baubauwall.com\/et\/#website\",\"url\":\"https:\/\/baubauwall.com\/et\/\",\"name\":\"BAUBAUWALL Wallpapers\",\"description\":\"Valmis paanides tapeet Eestist!\",\"publisher\":{\"@id\":\"https:\/\/baubauwall.com\/et\/#organization\"},\"potentialAction\":[{\"@type\":\"SearchAction\",\"target\":{\"@type\":\"EntryPoint\",\"urlTemplate\":\"https:\/\/baubauwall.com\/et\/?s={search_term_string}\"},\"query-input\":{\"@type\":\"PropertyValueSpecification\",\"valueRequired\":true,\"valueName\":\"search_term_string\"}}],\"inLanguage\":\"et\"},{\"@type\":\"Organization\",\"@id\":\"https:\/\/baubauwall.com\/et\/#organization\",\"name\":\"BAUBAUWALL Wallpapers\",\"url\":\"https:\/\/baubauwall.com\/et\/\",\"logo\":{\"@type\":\"ImageObject\",\"inLanguage\":\"et\",\"@id\":\"https:\/\/baubauwall.com\/et\/#\/schema\/logo\/image\/\",\"url\":\"https:\/\/baubauwall.com\/wp-content\/uploads\/2022\/03\/logo-horizontal.svg\",\"contentUrl\":\"https:\/\/baubauwall.com\/wp-content\/uploads\/2022\/03\/logo-horizontal.svg\",\"width\":\"1024\",\"height\":\"1024\",\"caption\":\"BAUBAUWALL Wallpapers\"},\"image\":{\"@id\":\"https:\/\/baubauwall.com\/et\/#\/schema\/logo\/image\/\"},\"sameAs\":[\"https:\/\/www.facebook.com\/Baubauwall\",\"https:\/\/www.instagram.com\/baubauwall\"]}]}<\/script>\n<!-- \/ Yoast SEO plugin. -->","yoast_head_json":{"title":"Fototapeet udune mets. Tapeet uduse metsa vaatega","description":"P\u00f5hjamaises stiilis fototapeet - udune mets. Disain, millega tood looduse tuppa. R\u00e4tsepat\u00f6\u00f6na valmivad tapeedid, mis valmivad sinu seina m\u00f5\u00f5dus.","robots":{"index":"index","follow":"follow","max-snippet":"max-snippet:-1","max-image-preview":"max-image-preview:large","max-video-preview":"max-video-preview:-1"},"canonical":"https:\/\/baubauwall.com\/et\/toode\/fototapeet-udune-metsavaade\/","og_locale":"et_EE","og_type":"article","og_title":"Fototapeet udune mets. Tapeet uduse metsa vaatega","og_description":"P\u00f5hjamaises stiilis fototapeet - udune mets. Disain, millega tood looduse tuppa. R\u00e4tsepat\u00f6\u00f6na valmivad tapeedid, mis valmivad sinu seina m\u00f5\u00f5dus.","og_url":"https:\/\/baubauwall.com\/et\/toode\/fototapeet-udune-metsavaade\/","og_site_name":"BAUBAUWALL TAPEEDID","article_publisher":"https:\/\/www.facebook.com\/Baubauwall","article_modified_time":"2024-10-23T07:29:13+00:00","og_image":[{"width":2400,"height":1600,"url":"https:\/\/baubauwall.com\/wp-content\/uploads\/2022\/03\/51300014_Foggy-misty_treetops_Baubauwall_Wallpaper_room08-4.jpg","type":"image\/jpeg"}],"twitter_card":"summary_large_image","twitter_misc":{"Est. reading time":"1 minut"},"schema":{"@context":"https:\/\/schema.org","@graph":[{"@type":"WebPage","@id":"https:\/\/baubauwall.com\/et\/toode\/fototapeet-udune-metsavaade\/","url":"https:\/\/baubauwall.com\/et\/toode\/fototapeet-udune-metsavaade\/","name":"Fototapeet udune mets. Tapeet uduse metsa vaatega","isPartOf":{"@id":"https:\/\/baubauwall.com\/et\/#website"},"primaryImageOfPage":{"@id":"https:\/\/baubauwall.com\/et\/toode\/fototapeet-udune-metsavaade\/#primaryimage"},"image":{"@id":"https:\/\/baubauwall.com\/et\/toode\/fototapeet-udune-metsavaade\/#primaryimage"},"thumbnailUrl":"https:\/\/baubauwall.com\/wp-content\/uploads\/2022\/03\/51300014_Foggy-misty_treetops_Baubauwall_Wallpaper_room08-4.jpg","datePublished":"2022-12-29T13:15:26+00:00","dateModified":"2024-10-23T07:29:13+00:00","description":"P\u00f5hjamaises stiilis fototapeet - udune mets. Disain, millega tood looduse tuppa. R\u00e4tsepat\u00f6\u00f6na valmivad tapeedid, mis valmivad sinu seina m\u00f5\u00f5dus.","breadcrumb":{"@id":"https:\/\/baubauwall.com\/et\/toode\/fototapeet-udune-metsavaade\/#breadcrumb"},"inLanguage":"et","potentialAction":[{"@type":"ReadAction","target":["https:\/\/baubauwall.com\/et\/toode\/fototapeet-udune-metsavaade\/"]}]},{"@type":"ImageObject","inLanguage":"et","@id":"https:\/\/baubauwall.com\/et\/toode\/fototapeet-udune-metsavaade\/#primaryimage","url":"https:\/\/baubauwall.com\/wp-content\/uploads\/2022\/03\/51300014_Foggy-misty_treetops_Baubauwall_Wallpaper_room08-4.jpg","contentUrl":"https:\/\/baubauwall.com\/wp-content\/uploads\/2022\/03\/51300014_Foggy-misty_treetops_Baubauwall_Wallpaper_room08-4.jpg","width":2400,"height":1600},{"@type":"BreadcrumbList","@id":"https:\/\/baubauwall.com\/et\/toode\/fototapeet-udune-metsavaade\/#breadcrumb","itemListElement":[{"@type":"ListItem","position":1,"name":"Koju","item":"https:\/\/baubauwall.com\/et\/"},{"@type":"ListItem","position":2,"name":"Tapeedid","item":"https:\/\/baubauwall.com\/et\/tapeedid\/"},{"@type":"ListItem","position":3,"name":"Fototapeet Udune metsavaade"}]},{"@type":"WebSite","@id":"https:\/\/baubauwall.com\/et\/#website","url":"https:\/\/baubauwall.com\/et\/","name":"BAUBAUWALL Wallpapers","description":"Valmis paanides tapeet Eestist!","publisher":{"@id":"https:\/\/baubauwall.com\/et\/#organization"},"potentialAction":[{"@type":"SearchAction","target":{"@type":"EntryPoint","urlTemplate":"https:\/\/baubauwall.com\/et\/?s={search_term_string}"},"query-input":{"@type":"PropertyValueSpecification","valueRequired":true,"valueName":"search_term_string"}}],"inLanguage":"et"},{"@type":"Organization","@id":"https:\/\/baubauwall.com\/et\/#organization","name":"BAUBAUWALL Wallpapers","url":"https:\/\/baubauwall.com\/et\/","logo":{"@type":"ImageObject","inLanguage":"et","@id":"https:\/\/baubauwall.com\/et\/#\/schema\/logo\/image\/","url":"https:\/\/baubauwall.com\/wp-content\/uploads\/2022\/03\/logo-horizontal.svg","contentUrl":"https:\/\/baubauwall.com\/wp-content\/uploads\/2022\/03\/logo-horizontal.svg","width":"1024","height":"1024","caption":"BAUBAUWALL Wallpapers"},"image":{"@id":"https:\/\/baubauwall.com\/et\/#\/schema\/logo\/image\/"},"sameAs":["https:\/\/www.facebook.com\/Baubauwall","https:\/\/www.instagram.com\/baubauwall"]}]}},"jetpack_sharing_enabled":true,"_links":{"self":[{"href":"https:\/\/baubauwall.com\/et\/wp-json\/wp\/v2\/product\/23789","targetHints":{"allow":["GET"]}}],"collection":[{"href":"https:\/\/baubauwall.com\/et\/wp-json\/wp\/v2\/product"}],"about":[{"href":"https:\/\/baubauwall.com\/et\/wp-json\/wp\/v2\/types\/product"}],"replies":[{"embeddable":true,"href":"https:\/\/baubauwall.com\/et\/wp-json\/wp\/v2\/comments?post=23789"}],"wp:featuredmedia":[{"embeddable":true,"href":"https:\/\/baubauwall.com\/et\/wp-json\/wp\/v2\/media\/23766"}],"wp:attachment":[{"href":"https:\/\/baubauwall.com\/et\/wp-json\/wp\/v2\/media?parent=23789"}],"wp:term":[{"taxonomy":"product_brand","embeddable":true,"href":"https:\/\/baubauwall.com\/et\/wp-json\/wp\/v2\/product_brand?post=23789"},{"taxonomy":"product_cat","embeddable":true,"href":"https:\/\/baubauwall.com\/et\/wp-json\/wp\/v2\/product_cat?post=23789"},{"taxonomy":"product_tag","embeddable":true,"href":"https:\/\/baubauwall.com\/et\/wp-json\/wp\/v2\/product_tag?post=23789"}],"curies":[{"name":"wp","href":"https:\/\/api.w.org\/{rel}","templated":true}]}}