{"id":23798,"date":"2023-01-16T11:36:19","date_gmt":"2023-01-16T09:36:19","guid":{"rendered":"https:\/\/baubauwall.com\/?post_type=product&#038;p=23798"},"modified":"2024-03-21T12:22:18","modified_gmt":"2024-03-21T10:22:18","slug":"tapeet-pastelsed-lilled","status":"publish","type":"product","link":"https:\/\/baubauwall.com\/et\/toode\/tapeet-pastelsed-lilled\/","title":{"rendered":"Pastelsed \u00f5ied &#8211; roosa &#038; helesinine"},"content":{"rendered":"<p>Suured pastelsed lille\u00f5ied valgel taustal. \u00d5rna roosa ja helesinise neutraalsetes toonides lilleline tapeedimuster, mida saab sobitada erinevate sisustusstiilide ja erinevatesse tubadesse, olgu see tapeet plaanitud lastetuppa v\u00f5i mujale. Lillemustrilised tapeedid sobivad kodus t\u00f5esti igasse tuppa, muutumata koormavaks. Lisaks toovad \u00f5itsvad lilled lillel\u00f5hna aiast tuppa ning l\u00f6\u00f6vad interj\u00f6\u00f6ris helge ja v\u00e4rske meeleolu!<\/p>\n<p><strong>Miks osta tapeet siit? Tapeetimine pole kunagi nii lihtne olnud!<\/strong><\/p>\n<ul>\n<li>Eesti disain<\/li>\n<li>Nummerdatud tapeedipaanid<\/li>\n<li>Just nii pikad tapeedipaanid, kui on Sinu sein<\/li>\n<li>Premium, matt <a href=\"https:\/\/baubauwall.com\/et\/nipid\/fliistapeet-voi-pabertapeet\/\" target=\"_blank\" rel=\"noopener\">fliistapeedi materjal<\/a><\/li>\n<li>M\u00fcrgivabad tr\u00fckiv\u00e4rvid, Greenguard sertifitseeritud<\/li>\n<li>Keskkonnas\u00f5bralik, j\u00e4\u00e4tmevaba tapeetimine<\/li>\n<li>Tasuta tapeediliim<\/li>\n<li>Tasuta transport ja kiire tarne 5 t\u00f6\u00f6p\u00e4evaga<\/li>\n<\/ul>\n","protected":false},"excerpt":{"rendered":"<p>Suured pastelsed lille\u00f5ied valgel taustal. \u00d5rna roosa ja helesinise neutraalsetes toonides lilleline tapeedimuster, mida saab sobitada erinevate sisustusstiilide ja erinevatesse tubadesse, olgu see tapeet plaanitud lastetuppa v\u00f5i mujale. Lillemustrilised tapeedid sobivad kodus t\u00f5esti igasse tuppa, muutumata koormavaks. Lisaks toovad \u00f5itsvad lilled lillel\u00f5hna aiast tuppa ning l\u00f6\u00f6vad interj\u00f6\u00f6ris helge ja v\u00e4rske meeleolu! Miks osta tapeet siit? [&hellip;]<\/p>\n","protected":false},"featured_media":2315,"comment_status":"open","ping_status":"closed","template":"","meta":{"_acf_changed":false,"inline_featured_image":false},"product_brand":[],"product_cat":[386,406,396,267,272,273,276,278,413,400,414,415,402,254,260],"product_tag":[],"class_list":{"0":"post-23798","1":"product","2":"type-product","3":"status-publish","4":"has-post-thumbnail","6":"product_cat-kordusmustriga-tapeedid","7":"product_cat-klassika","8":"product_cat-skandinaavia","9":"product_cat-sinised-tapeedid","10":"product_cat-hallid-tapeedid","11":"product_cat-heledad-tapeedid","12":"product_cat-pastelsed-tapeedid","13":"product_cat-roosad-tapeedid","14":"product_cat-magamistoa-tapeedid","15":"product_cat-lastetoa-tapeedid","16":"product_cat-soogitoa-tapeedid","17":"product_cat-kulalistetoa-tapeedid","18":"product_cat-elutoa-tapeedid","19":"product_cat-loodus","20":"product_cat-lilled","21":"pa_designedby-baubauwall","23":"first","24":"instock","25":"taxable","26":"shipping-taxable","27":"purchasable","28":"product-type-simple"},"acf":[],"yoast_head":"<!-- This site is optimized with the Yoast SEO plugin v25.9 - https:\/\/yoast.com\/wordpress\/plugins\/seo\/ -->\n<title>Pastelsete lilledega tapeet. Sinu seina m\u00f5\u00f5dus tapeedid<\/title>\n<meta name=\"description\" content=\"Suurte pastelsete, heleroosade ja helesiniste lilledega tapeet. Tr\u00fckitud sinu seina m\u00f5\u00f5dus. Koos tapeediga tasuta liim ja tasuta transport.\" \/>\n<meta name=\"robots\" content=\"index, follow, max-snippet:-1, max-image-preview:large, max-video-preview:-1\" \/>\n<link rel=\"canonical\" href=\"https:\/\/baubauwall.com\/et\/toode\/tapeet-pastelsed-lilled\/\" \/>\n<meta property=\"og:locale\" content=\"et_EE\" \/>\n<meta property=\"og:type\" content=\"article\" \/>\n<meta property=\"og:title\" content=\"Pastelsete lilledega tapeet. Sinu seina m\u00f5\u00f5dus tapeedid\" \/>\n<meta property=\"og:description\" content=\"Suurte pastelsete, heleroosade ja helesiniste lilledega tapeet. Tr\u00fckitud sinu seina m\u00f5\u00f5dus. Koos tapeediga tasuta liim ja tasuta transport.\" \/>\n<meta property=\"og:url\" content=\"https:\/\/baubauwall.com\/et\/toode\/tapeet-pastelsed-lilled\/\" \/>\n<meta property=\"og:site_name\" content=\"BAUBAUWALL TAPEEDID\" \/>\n<meta property=\"article:publisher\" content=\"https:\/\/www.facebook.com\/Baubauwall\" \/>\n<meta property=\"article:modified_time\" content=\"2024-03-21T10:22:18+00:00\" \/>\n<meta property=\"og:image\" content=\"https:\/\/baubauwall.com\/wp-content\/uploads\/2022\/02\/51100099_Baubauwall_wallpaper_PastelFlowers_room3-3.png\" \/>\n\t<meta property=\"og:image:width\" content=\"1200\" \/>\n\t<meta property=\"og:image:height\" content=\"800\" \/>\n\t<meta property=\"og:image:type\" content=\"image\/png\" \/>\n<meta name=\"twitter:card\" content=\"summary_large_image\" \/>\n<meta name=\"twitter:label1\" content=\"Est. reading time\" \/>\n\t<meta name=\"twitter:data1\" content=\"1 minut\" \/>\n<script type=\"application\/ld+json\" class=\"yoast-schema-graph\">{\"@context\":\"https:\/\/schema.org\",\"@graph\":[{\"@type\":\"WebPage\",\"@id\":\"https:\/\/baubauwall.com\/et\/toode\/tapeet-pastelsed-lilled\/\",\"url\":\"https:\/\/baubauwall.com\/et\/toode\/tapeet-pastelsed-lilled\/\",\"name\":\"Pastelsete lilledega tapeet. Sinu seina m\u00f5\u00f5dus tapeedid\",\"isPartOf\":{\"@id\":\"https:\/\/baubauwall.com\/et\/#website\"},\"primaryImageOfPage\":{\"@id\":\"https:\/\/baubauwall.com\/et\/toode\/tapeet-pastelsed-lilled\/#primaryimage\"},\"image\":{\"@id\":\"https:\/\/baubauwall.com\/et\/toode\/tapeet-pastelsed-lilled\/#primaryimage\"},\"thumbnailUrl\":\"https:\/\/baubauwall.com\/wp-content\/uploads\/2022\/02\/51100099_Baubauwall_wallpaper_PastelFlowers_room3-3.png\",\"datePublished\":\"2023-01-16T09:36:19+00:00\",\"dateModified\":\"2024-03-21T10:22:18+00:00\",\"description\":\"Suurte pastelsete, heleroosade ja helesiniste lilledega tapeet. Tr\u00fckitud sinu seina m\u00f5\u00f5dus. Koos tapeediga tasuta liim ja tasuta transport.\",\"breadcrumb\":{\"@id\":\"https:\/\/baubauwall.com\/et\/toode\/tapeet-pastelsed-lilled\/#breadcrumb\"},\"inLanguage\":\"et\",\"potentialAction\":[{\"@type\":\"ReadAction\",\"target\":[\"https:\/\/baubauwall.com\/et\/toode\/tapeet-pastelsed-lilled\/\"]}]},{\"@type\":\"ImageObject\",\"inLanguage\":\"et\",\"@id\":\"https:\/\/baubauwall.com\/et\/toode\/tapeet-pastelsed-lilled\/#primaryimage\",\"url\":\"https:\/\/baubauwall.com\/wp-content\/uploads\/2022\/02\/51100099_Baubauwall_wallpaper_PastelFlowers_room3-3.png\",\"contentUrl\":\"https:\/\/baubauwall.com\/wp-content\/uploads\/2022\/02\/51100099_Baubauwall_wallpaper_PastelFlowers_room3-3.png\",\"width\":1200,\"height\":800},{\"@type\":\"BreadcrumbList\",\"@id\":\"https:\/\/baubauwall.com\/et\/toode\/tapeet-pastelsed-lilled\/#breadcrumb\",\"itemListElement\":[{\"@type\":\"ListItem\",\"position\":1,\"name\":\"Koju\",\"item\":\"https:\/\/baubauwall.com\/et\/\"},{\"@type\":\"ListItem\",\"position\":2,\"name\":\"Tapeedid\",\"item\":\"https:\/\/baubauwall.com\/et\/tapeedid\/\"},{\"@type\":\"ListItem\",\"position\":3,\"name\":\"Pastelsed \u00f5ied &#8211; roosa &#038; helesinine\"}]},{\"@type\":\"WebSite\",\"@id\":\"https:\/\/baubauwall.com\/et\/#website\",\"url\":\"https:\/\/baubauwall.com\/et\/\",\"name\":\"BAUBAUWALL Wallpapers\",\"description\":\"Valmis paanides tapeet Eestist!\",\"publisher\":{\"@id\":\"https:\/\/baubauwall.com\/et\/#organization\"},\"potentialAction\":[{\"@type\":\"SearchAction\",\"target\":{\"@type\":\"EntryPoint\",\"urlTemplate\":\"https:\/\/baubauwall.com\/et\/?s={search_term_string}\"},\"query-input\":{\"@type\":\"PropertyValueSpecification\",\"valueRequired\":true,\"valueName\":\"search_term_string\"}}],\"inLanguage\":\"et\"},{\"@type\":\"Organization\",\"@id\":\"https:\/\/baubauwall.com\/et\/#organization\",\"name\":\"BAUBAUWALL Wallpapers\",\"url\":\"https:\/\/baubauwall.com\/et\/\",\"logo\":{\"@type\":\"ImageObject\",\"inLanguage\":\"et\",\"@id\":\"https:\/\/baubauwall.com\/et\/#\/schema\/logo\/image\/\",\"url\":\"https:\/\/baubauwall.com\/wp-content\/uploads\/2022\/03\/logo-horizontal.svg\",\"contentUrl\":\"https:\/\/baubauwall.com\/wp-content\/uploads\/2022\/03\/logo-horizontal.svg\",\"width\":\"1024\",\"height\":\"1024\",\"caption\":\"BAUBAUWALL Wallpapers\"},\"image\":{\"@id\":\"https:\/\/baubauwall.com\/et\/#\/schema\/logo\/image\/\"},\"sameAs\":[\"https:\/\/www.facebook.com\/Baubauwall\",\"https:\/\/www.instagram.com\/baubauwall\"]}]}<\/script>\n<!-- \/ Yoast SEO plugin. -->","yoast_head_json":{"title":"Pastelsete lilledega tapeet. Sinu seina m\u00f5\u00f5dus tapeedid","description":"Suurte pastelsete, heleroosade ja helesiniste lilledega tapeet. Tr\u00fckitud sinu seina m\u00f5\u00f5dus. Koos tapeediga tasuta liim ja tasuta transport.","robots":{"index":"index","follow":"follow","max-snippet":"max-snippet:-1","max-image-preview":"max-image-preview:large","max-video-preview":"max-video-preview:-1"},"canonical":"https:\/\/baubauwall.com\/et\/toode\/tapeet-pastelsed-lilled\/","og_locale":"et_EE","og_type":"article","og_title":"Pastelsete lilledega tapeet. Sinu seina m\u00f5\u00f5dus tapeedid","og_description":"Suurte pastelsete, heleroosade ja helesiniste lilledega tapeet. Tr\u00fckitud sinu seina m\u00f5\u00f5dus. Koos tapeediga tasuta liim ja tasuta transport.","og_url":"https:\/\/baubauwall.com\/et\/toode\/tapeet-pastelsed-lilled\/","og_site_name":"BAUBAUWALL TAPEEDID","article_publisher":"https:\/\/www.facebook.com\/Baubauwall","article_modified_time":"2024-03-21T10:22:18+00:00","og_image":[{"width":1200,"height":800,"url":"https:\/\/baubauwall.com\/wp-content\/uploads\/2022\/02\/51100099_Baubauwall_wallpaper_PastelFlowers_room3-3.png","type":"image\/png"}],"twitter_card":"summary_large_image","twitter_misc":{"Est. reading time":"1 minut"},"schema":{"@context":"https:\/\/schema.org","@graph":[{"@type":"WebPage","@id":"https:\/\/baubauwall.com\/et\/toode\/tapeet-pastelsed-lilled\/","url":"https:\/\/baubauwall.com\/et\/toode\/tapeet-pastelsed-lilled\/","name":"Pastelsete lilledega tapeet. Sinu seina m\u00f5\u00f5dus tapeedid","isPartOf":{"@id":"https:\/\/baubauwall.com\/et\/#website"},"primaryImageOfPage":{"@id":"https:\/\/baubauwall.com\/et\/toode\/tapeet-pastelsed-lilled\/#primaryimage"},"image":{"@id":"https:\/\/baubauwall.com\/et\/toode\/tapeet-pastelsed-lilled\/#primaryimage"},"thumbnailUrl":"https:\/\/baubauwall.com\/wp-content\/uploads\/2022\/02\/51100099_Baubauwall_wallpaper_PastelFlowers_room3-3.png","datePublished":"2023-01-16T09:36:19+00:00","dateModified":"2024-03-21T10:22:18+00:00","description":"Suurte pastelsete, heleroosade ja helesiniste lilledega tapeet. Tr\u00fckitud sinu seina m\u00f5\u00f5dus. Koos tapeediga tasuta liim ja tasuta transport.","breadcrumb":{"@id":"https:\/\/baubauwall.com\/et\/toode\/tapeet-pastelsed-lilled\/#breadcrumb"},"inLanguage":"et","potentialAction":[{"@type":"ReadAction","target":["https:\/\/baubauwall.com\/et\/toode\/tapeet-pastelsed-lilled\/"]}]},{"@type":"ImageObject","inLanguage":"et","@id":"https:\/\/baubauwall.com\/et\/toode\/tapeet-pastelsed-lilled\/#primaryimage","url":"https:\/\/baubauwall.com\/wp-content\/uploads\/2022\/02\/51100099_Baubauwall_wallpaper_PastelFlowers_room3-3.png","contentUrl":"https:\/\/baubauwall.com\/wp-content\/uploads\/2022\/02\/51100099_Baubauwall_wallpaper_PastelFlowers_room3-3.png","width":1200,"height":800},{"@type":"BreadcrumbList","@id":"https:\/\/baubauwall.com\/et\/toode\/tapeet-pastelsed-lilled\/#breadcrumb","itemListElement":[{"@type":"ListItem","position":1,"name":"Koju","item":"https:\/\/baubauwall.com\/et\/"},{"@type":"ListItem","position":2,"name":"Tapeedid","item":"https:\/\/baubauwall.com\/et\/tapeedid\/"},{"@type":"ListItem","position":3,"name":"Pastelsed \u00f5ied &#8211; roosa &#038; helesinine"}]},{"@type":"WebSite","@id":"https:\/\/baubauwall.com\/et\/#website","url":"https:\/\/baubauwall.com\/et\/","name":"BAUBAUWALL Wallpapers","description":"Valmis paanides tapeet Eestist!","publisher":{"@id":"https:\/\/baubauwall.com\/et\/#organization"},"potentialAction":[{"@type":"SearchAction","target":{"@type":"EntryPoint","urlTemplate":"https:\/\/baubauwall.com\/et\/?s={search_term_string}"},"query-input":{"@type":"PropertyValueSpecification","valueRequired":true,"valueName":"search_term_string"}}],"inLanguage":"et"},{"@type":"Organization","@id":"https:\/\/baubauwall.com\/et\/#organization","name":"BAUBAUWALL Wallpapers","url":"https:\/\/baubauwall.com\/et\/","logo":{"@type":"ImageObject","inLanguage":"et","@id":"https:\/\/baubauwall.com\/et\/#\/schema\/logo\/image\/","url":"https:\/\/baubauwall.com\/wp-content\/uploads\/2022\/03\/logo-horizontal.svg","contentUrl":"https:\/\/baubauwall.com\/wp-content\/uploads\/2022\/03\/logo-horizontal.svg","width":"1024","height":"1024","caption":"BAUBAUWALL Wallpapers"},"image":{"@id":"https:\/\/baubauwall.com\/et\/#\/schema\/logo\/image\/"},"sameAs":["https:\/\/www.facebook.com\/Baubauwall","https:\/\/www.instagram.com\/baubauwall"]}]}},"jetpack_sharing_enabled":true,"_links":{"self":[{"href":"https:\/\/baubauwall.com\/et\/wp-json\/wp\/v2\/product\/23798","targetHints":{"allow":["GET"]}}],"collection":[{"href":"https:\/\/baubauwall.com\/et\/wp-json\/wp\/v2\/product"}],"about":[{"href":"https:\/\/baubauwall.com\/et\/wp-json\/wp\/v2\/types\/product"}],"replies":[{"embeddable":true,"href":"https:\/\/baubauwall.com\/et\/wp-json\/wp\/v2\/comments?post=23798"}],"wp:featuredmedia":[{"embeddable":true,"href":"https:\/\/baubauwall.com\/et\/wp-json\/wp\/v2\/media\/2315"}],"wp:attachment":[{"href":"https:\/\/baubauwall.com\/et\/wp-json\/wp\/v2\/media?parent=23798"}],"wp:term":[{"taxonomy":"product_brand","embeddable":true,"href":"https:\/\/baubauwall.com\/et\/wp-json\/wp\/v2\/product_brand?post=23798"},{"taxonomy":"product_cat","embeddable":true,"href":"https:\/\/baubauwall.com\/et\/wp-json\/wp\/v2\/product_cat?post=23798"},{"taxonomy":"product_tag","embeddable":true,"href":"https:\/\/baubauwall.com\/et\/wp-json\/wp\/v2\/product_tag?post=23798"}],"curies":[{"name":"wp","href":"https:\/\/api.w.org\/{rel}","templated":true}]}}