{"id":23862,"date":"2023-01-23T15:15:09","date_gmt":"2023-01-23T13:15:09","guid":{"rendered":"https:\/\/baubauwall.com\/product\/wallpaper-royal-peacocks-petrol\/"},"modified":"2025-11-21T12:39:48","modified_gmt":"2025-11-21T10:39:48","slug":"tapeet-kuninglik-paabulinnuaed-petrooleum","status":"publish","type":"product","link":"https:\/\/baubauwall.com\/et\/toode\/tapeet-kuninglik-paabulinnuaed-petrooleum\/","title":{"rendered":"Kuninglik paabulinnuaed &#8211; petrooleumroheline"},"content":{"rendered":"<p>Kuninglikud paabulinnud v\u00f5iksid uidata Sinu magamistoa seintel v\u00f5i luua elutoas stiilse, luksusliku efekti. Elegantseid linde \u00fcmbritsevad petrooleumrohelised lehed ja \u00f5ied viivad m\u00f5tted r\u00e4ndama kaugetele maadele. S\u00fcgavates toonides luksuslik paabulindudega tapeedimuster on inspireeritud <em>chinoiserie<\/em> ehk aasia kunsti euroopaliku t\u00f5lgendamise stiilist. T\u00f5eliselt stiilne ja l\u00e4bim\u00f5eldud tapeedikujundus, mis on lihtsalt suursugune.<\/p>\n<p>Ilus paabulinnutapeet on meil olemas ka rohelise, musta ja valge taustaga. Loe veel trendikatest tumedates toonides tapeetidest meie <a href=\"https:\/\/baubauwall.com\/et\/uudised\/autumn-wallpaper-trends\/\" target=\"_blank\" rel=\"noopener\">ajakirjast.<\/a><\/p>\n","protected":false},"excerpt":{"rendered":"<p>Kuninglikud paabulinnud v\u00f5iksid uidata Sinu magamistoa seintel v\u00f5i luua elutoas stiilse, luksusliku efekti. Elegantseid linde \u00fcmbritsevad petrooleumrohelised lehed ja \u00f5ied viivad m\u00f5tted r\u00e4ndama kaugetele maadele. S\u00fcgavates toonides luksuslik paabulindudega tapeedimuster on inspireeritud chinoiserie ehk aasia kunsti euroopaliku t\u00f5lgendamise stiilist. T\u00f5eliselt stiilne ja l\u00e4bim\u00f5eldud tapeedikujundus, mis on lihtsalt suursugune. Ilus paabulinnutapeet on meil olemas ka rohelise, [&hellip;]<\/p>\n","protected":false},"featured_media":23848,"comment_status":"open","ping_status":"closed","template":"","meta":{"_acf_changed":false,"inline_featured_image":false},"product_brand":[],"product_cat":[386,622,447,394,393,267,270,271,277,413,414,415,402,412,254,257],"product_tag":[303],"class_list":{"0":"post-23862","1":"product","2":"type-product","3":"status-publish","4":"has-post-thumbnail","6":"product_cat-kordusmustriga-tapeedid","7":"product_cat-julged-tapeedid","8":"product_cat-maksimalistlik-et","9":"product_cat-rikkalik","10":"product_cat-idamaine","11":"product_cat-sinised-tapeedid","12":"product_cat-tumedad-tapeedid","13":"product_cat-rohelised-tapeedid","14":"product_cat-petrool-sinised-tapeedid","15":"product_cat-magamistoa-tapeedid","16":"product_cat-soogitoa-tapeedid","17":"product_cat-kulalistetoa-tapeedid","18":"product_cat-elutoa-tapeedid","19":"product_cat-vannitoa-tapeedid","20":"product_cat-loodus","21":"product_cat-linnud","22":"product_tag-chinoiserie-idamaine","24":"first","25":"instock","26":"taxable","27":"shipping-taxable","28":"purchasable","29":"product-type-simple"},"acf":[],"yoast_head":"<!-- This site is optimized with the Yoast SEO plugin v25.9 - https:\/\/yoast.com\/wordpress\/plugins\/seo\/ -->\n<title>Tapeet Kuninglikud paabulinnud petrooleumrohelises aias<\/title>\n<meta name=\"description\" content=\"Petrooleumi tooni, tume luksuslik chinoiserie tapeet paabulindudega. Sinu seina m\u00f5\u00f5dus tapeedid. Paanid, millel muster jookseb justkui ise kokku.\" \/>\n<meta name=\"robots\" content=\"index, follow, max-snippet:-1, max-image-preview:large, max-video-preview:-1\" \/>\n<link rel=\"canonical\" href=\"https:\/\/baubauwall.com\/et\/toode\/tapeet-kuninglik-paabulinnuaed-petrooleum\/\" \/>\n<meta property=\"og:locale\" content=\"et_EE\" \/>\n<meta property=\"og:type\" content=\"article\" \/>\n<meta property=\"og:title\" content=\"BAUBAUWALL Wallpapers\" \/>\n<meta property=\"og:description\" content=\"Kuninglik paabulinnuaed - petrooleumroheline\" \/>\n<meta property=\"og:url\" content=\"https:\/\/baubauwall.com\/et\/toode\/tapeet-kuninglik-paabulinnuaed-petrooleum\/\" \/>\n<meta property=\"og:site_name\" content=\"BAUBAUWALL Wallpapers\" \/>\n<meta property=\"article:publisher\" content=\"https:\/\/www.facebook.com\/Baubauwall\" \/>\n<meta property=\"article:modified_time\" content=\"2025-11-21T10:39:48+00:00\" \/>\n<meta property=\"og:image\" content=\"https:\/\/baubauwall.com\/wp-content\/uploads\/2022\/11\/51100340_RoyalPeacocks-petrol_Baubauwall_Wallpaper_room6.jpg\" \/>\n\t<meta property=\"og:image:width\" content=\"2400\" \/>\n\t<meta property=\"og:image:height\" content=\"1600\" \/>\n\t<meta property=\"og:image:type\" content=\"image\/jpeg\" \/>\n<meta name=\"twitter:card\" content=\"summary_large_image\" \/>\n<meta name=\"twitter:label1\" content=\"Est. reading time\" \/>\n\t<meta name=\"twitter:data1\" content=\"1 minut\" \/>\n<script type=\"application\/ld+json\" class=\"yoast-schema-graph\">{\"@context\":\"https:\/\/schema.org\",\"@graph\":[{\"@type\":\"WebPage\",\"@id\":\"https:\/\/baubauwall.com\/et\/toode\/tapeet-kuninglik-paabulinnuaed-petrooleum\/\",\"url\":\"https:\/\/baubauwall.com\/et\/toode\/tapeet-kuninglik-paabulinnuaed-petrooleum\/\",\"name\":\"Tapeet Kuninglikud paabulinnud petrooleumrohelises aias\",\"isPartOf\":{\"@id\":\"https:\/\/baubauwall.com\/et\/#website\"},\"primaryImageOfPage\":{\"@id\":\"https:\/\/baubauwall.com\/et\/toode\/tapeet-kuninglik-paabulinnuaed-petrooleum\/#primaryimage\"},\"image\":{\"@id\":\"https:\/\/baubauwall.com\/et\/toode\/tapeet-kuninglik-paabulinnuaed-petrooleum\/#primaryimage\"},\"thumbnailUrl\":\"https:\/\/baubauwall.com\/wp-content\/uploads\/2022\/11\/51100340_RoyalPeacocks-petrol_Baubauwall_Wallpaper_room3.jpg\",\"datePublished\":\"2023-01-23T13:15:09+00:00\",\"dateModified\":\"2025-11-21T10:39:48+00:00\",\"description\":\"Petrooleumi tooni, tume luksuslik chinoiserie tapeet paabulindudega. Sinu seina m\u00f5\u00f5dus tapeedid. Paanid, millel muster jookseb justkui ise kokku.\",\"breadcrumb\":{\"@id\":\"https:\/\/baubauwall.com\/et\/toode\/tapeet-kuninglik-paabulinnuaed-petrooleum\/#breadcrumb\"},\"inLanguage\":\"et\",\"potentialAction\":[{\"@type\":\"ReadAction\",\"target\":[\"https:\/\/baubauwall.com\/et\/toode\/tapeet-kuninglik-paabulinnuaed-petrooleum\/\"]}]},{\"@type\":\"ImageObject\",\"inLanguage\":\"et\",\"@id\":\"https:\/\/baubauwall.com\/et\/toode\/tapeet-kuninglik-paabulinnuaed-petrooleum\/#primaryimage\",\"url\":\"https:\/\/baubauwall.com\/wp-content\/uploads\/2022\/11\/51100340_RoyalPeacocks-petrol_Baubauwall_Wallpaper_room3.jpg\",\"contentUrl\":\"https:\/\/baubauwall.com\/wp-content\/uploads\/2022\/11\/51100340_RoyalPeacocks-petrol_Baubauwall_Wallpaper_room3.jpg\",\"width\":2291,\"height\":1600},{\"@type\":\"BreadcrumbList\",\"@id\":\"https:\/\/baubauwall.com\/et\/toode\/tapeet-kuninglik-paabulinnuaed-petrooleum\/#breadcrumb\",\"itemListElement\":[{\"@type\":\"ListItem\",\"position\":1,\"name\":\"Koju\",\"item\":\"https:\/\/baubauwall.com\/et\/\"},{\"@type\":\"ListItem\",\"position\":2,\"name\":\"Tapeedid\",\"item\":\"https:\/\/baubauwall.com\/et\/tapeedid\/\"},{\"@type\":\"ListItem\",\"position\":3,\"name\":\"Kuninglik paabulinnuaed &#8211; petrooleumroheline\"}]},{\"@type\":\"WebSite\",\"@id\":\"https:\/\/baubauwall.com\/et\/#website\",\"url\":\"https:\/\/baubauwall.com\/et\/\",\"name\":\"BAUBAUWALL Wallpapers\",\"description\":\"Valmis paanides tapeet Eestist!\",\"publisher\":{\"@id\":\"https:\/\/baubauwall.com\/et\/#organization\"},\"potentialAction\":[{\"@type\":\"SearchAction\",\"target\":{\"@type\":\"EntryPoint\",\"urlTemplate\":\"https:\/\/baubauwall.com\/et\/?s={search_term_string}\"},\"query-input\":{\"@type\":\"PropertyValueSpecification\",\"valueRequired\":true,\"valueName\":\"search_term_string\"}}],\"inLanguage\":\"et\"},{\"@type\":\"Organization\",\"@id\":\"https:\/\/baubauwall.com\/et\/#organization\",\"name\":\"BAUBAUWALL Wallpapers\",\"url\":\"https:\/\/baubauwall.com\/et\/\",\"logo\":{\"@type\":\"ImageObject\",\"inLanguage\":\"et\",\"@id\":\"https:\/\/baubauwall.com\/et\/#\/schema\/logo\/image\/\",\"url\":\"https:\/\/baubauwall.com\/wp-content\/uploads\/2022\/03\/logo-horizontal.svg\",\"contentUrl\":\"https:\/\/baubauwall.com\/wp-content\/uploads\/2022\/03\/logo-horizontal.svg\",\"width\":\"1024\",\"height\":\"1024\",\"caption\":\"BAUBAUWALL Wallpapers\"},\"image\":{\"@id\":\"https:\/\/baubauwall.com\/et\/#\/schema\/logo\/image\/\"},\"sameAs\":[\"https:\/\/www.facebook.com\/Baubauwall\",\"https:\/\/www.instagram.com\/baubauwall\"]}]}<\/script>\n<!-- \/ Yoast SEO plugin. -->","yoast_head_json":{"title":"Tapeet Kuninglikud paabulinnud petrooleumrohelises aias","description":"Petrooleumi tooni, tume luksuslik chinoiserie tapeet paabulindudega. Sinu seina m\u00f5\u00f5dus tapeedid. Paanid, millel muster jookseb justkui ise kokku.","robots":{"index":"index","follow":"follow","max-snippet":"max-snippet:-1","max-image-preview":"max-image-preview:large","max-video-preview":"max-video-preview:-1"},"canonical":"https:\/\/baubauwall.com\/et\/toode\/tapeet-kuninglik-paabulinnuaed-petrooleum\/","og_locale":"et_EE","og_type":"article","og_title":"BAUBAUWALL Wallpapers","og_description":"Kuninglik paabulinnuaed - petrooleumroheline","og_url":"https:\/\/baubauwall.com\/et\/toode\/tapeet-kuninglik-paabulinnuaed-petrooleum\/","og_site_name":"BAUBAUWALL Wallpapers","article_publisher":"https:\/\/www.facebook.com\/Baubauwall","article_modified_time":"2025-11-21T10:39:48+00:00","og_image":[{"width":2400,"height":1600,"url":"https:\/\/baubauwall.com\/wp-content\/uploads\/2022\/11\/51100340_RoyalPeacocks-petrol_Baubauwall_Wallpaper_room6.jpg","type":"image\/jpeg"}],"twitter_card":"summary_large_image","twitter_misc":{"Est. reading time":"1 minut"},"schema":{"@context":"https:\/\/schema.org","@graph":[{"@type":"WebPage","@id":"https:\/\/baubauwall.com\/et\/toode\/tapeet-kuninglik-paabulinnuaed-petrooleum\/","url":"https:\/\/baubauwall.com\/et\/toode\/tapeet-kuninglik-paabulinnuaed-petrooleum\/","name":"Tapeet Kuninglikud paabulinnud petrooleumrohelises aias","isPartOf":{"@id":"https:\/\/baubauwall.com\/et\/#website"},"primaryImageOfPage":{"@id":"https:\/\/baubauwall.com\/et\/toode\/tapeet-kuninglik-paabulinnuaed-petrooleum\/#primaryimage"},"image":{"@id":"https:\/\/baubauwall.com\/et\/toode\/tapeet-kuninglik-paabulinnuaed-petrooleum\/#primaryimage"},"thumbnailUrl":"https:\/\/baubauwall.com\/wp-content\/uploads\/2022\/11\/51100340_RoyalPeacocks-petrol_Baubauwall_Wallpaper_room3.jpg","datePublished":"2023-01-23T13:15:09+00:00","dateModified":"2025-11-21T10:39:48+00:00","description":"Petrooleumi tooni, tume luksuslik chinoiserie tapeet paabulindudega. Sinu seina m\u00f5\u00f5dus tapeedid. Paanid, millel muster jookseb justkui ise kokku.","breadcrumb":{"@id":"https:\/\/baubauwall.com\/et\/toode\/tapeet-kuninglik-paabulinnuaed-petrooleum\/#breadcrumb"},"inLanguage":"et","potentialAction":[{"@type":"ReadAction","target":["https:\/\/baubauwall.com\/et\/toode\/tapeet-kuninglik-paabulinnuaed-petrooleum\/"]}]},{"@type":"ImageObject","inLanguage":"et","@id":"https:\/\/baubauwall.com\/et\/toode\/tapeet-kuninglik-paabulinnuaed-petrooleum\/#primaryimage","url":"https:\/\/baubauwall.com\/wp-content\/uploads\/2022\/11\/51100340_RoyalPeacocks-petrol_Baubauwall_Wallpaper_room3.jpg","contentUrl":"https:\/\/baubauwall.com\/wp-content\/uploads\/2022\/11\/51100340_RoyalPeacocks-petrol_Baubauwall_Wallpaper_room3.jpg","width":2291,"height":1600},{"@type":"BreadcrumbList","@id":"https:\/\/baubauwall.com\/et\/toode\/tapeet-kuninglik-paabulinnuaed-petrooleum\/#breadcrumb","itemListElement":[{"@type":"ListItem","position":1,"name":"Koju","item":"https:\/\/baubauwall.com\/et\/"},{"@type":"ListItem","position":2,"name":"Tapeedid","item":"https:\/\/baubauwall.com\/et\/tapeedid\/"},{"@type":"ListItem","position":3,"name":"Kuninglik paabulinnuaed &#8211; petrooleumroheline"}]},{"@type":"WebSite","@id":"https:\/\/baubauwall.com\/et\/#website","url":"https:\/\/baubauwall.com\/et\/","name":"BAUBAUWALL Wallpapers","description":"Valmis paanides tapeet Eestist!","publisher":{"@id":"https:\/\/baubauwall.com\/et\/#organization"},"potentialAction":[{"@type":"SearchAction","target":{"@type":"EntryPoint","urlTemplate":"https:\/\/baubauwall.com\/et\/?s={search_term_string}"},"query-input":{"@type":"PropertyValueSpecification","valueRequired":true,"valueName":"search_term_string"}}],"inLanguage":"et"},{"@type":"Organization","@id":"https:\/\/baubauwall.com\/et\/#organization","name":"BAUBAUWALL Wallpapers","url":"https:\/\/baubauwall.com\/et\/","logo":{"@type":"ImageObject","inLanguage":"et","@id":"https:\/\/baubauwall.com\/et\/#\/schema\/logo\/image\/","url":"https:\/\/baubauwall.com\/wp-content\/uploads\/2022\/03\/logo-horizontal.svg","contentUrl":"https:\/\/baubauwall.com\/wp-content\/uploads\/2022\/03\/logo-horizontal.svg","width":"1024","height":"1024","caption":"BAUBAUWALL Wallpapers"},"image":{"@id":"https:\/\/baubauwall.com\/et\/#\/schema\/logo\/image\/"},"sameAs":["https:\/\/www.facebook.com\/Baubauwall","https:\/\/www.instagram.com\/baubauwall"]}]}},"jetpack_sharing_enabled":true,"_links":{"self":[{"href":"https:\/\/baubauwall.com\/et\/wp-json\/wp\/v2\/product\/23862","targetHints":{"allow":["GET"]}}],"collection":[{"href":"https:\/\/baubauwall.com\/et\/wp-json\/wp\/v2\/product"}],"about":[{"href":"https:\/\/baubauwall.com\/et\/wp-json\/wp\/v2\/types\/product"}],"replies":[{"embeddable":true,"href":"https:\/\/baubauwall.com\/et\/wp-json\/wp\/v2\/comments?post=23862"}],"wp:featuredmedia":[{"embeddable":true,"href":"https:\/\/baubauwall.com\/et\/wp-json\/wp\/v2\/media\/23848"}],"wp:attachment":[{"href":"https:\/\/baubauwall.com\/et\/wp-json\/wp\/v2\/media?parent=23862"}],"wp:term":[{"taxonomy":"product_brand","embeddable":true,"href":"https:\/\/baubauwall.com\/et\/wp-json\/wp\/v2\/product_brand?post=23862"},{"taxonomy":"product_cat","embeddable":true,"href":"https:\/\/baubauwall.com\/et\/wp-json\/wp\/v2\/product_cat?post=23862"},{"taxonomy":"product_tag","embeddable":true,"href":"https:\/\/baubauwall.com\/et\/wp-json\/wp\/v2\/product_tag?post=23862"}],"curies":[{"name":"wp","href":"https:\/\/api.w.org\/{rel}","templated":true}]}}