{"id":24031,"date":"2023-02-07T15:15:09","date_gmt":"2023-02-07T13:15:09","guid":{"rendered":"https:\/\/baubauwall.com\/product\/wallpaper-spring-birds-light-blue\/"},"modified":"2023-02-16T11:13:18","modified_gmt":"2023-02-16T09:13:18","slug":"tapeet-kevadlinnud-helesinine","status":"publish","type":"product","link":"https:\/\/baubauwall.com\/et\/toode\/tapeet-kevadlinnud-helesinine\/","title":{"rendered":"Kevadlinnud &#8211; helesinine"},"content":{"rendered":"<p>Kevadised r\u00f5\u00f5msad linnukesed v\u00f5iksid s\u00e4utsuda Sinu lastetoa seinte tapeedil! Linnumustriline helesinine tapeet on ajatu valik ja loob sinu kodu interj\u00f6\u00f6rist stiilse mulje, mis kestab aastaid. Lastetoa tapeet ei pea olema ju l\u00f5ppude l\u00f5puks liiga lapsik, vaid v\u00f5ib vabalt olla ka midagi klassikalist, mis p\u00fcsib aastaid. Pastelne helesinine taust lisab tapeedile moodsas v\u00f5tmes vintage\u2019i noodi.<\/p>\n<p>Nagu k\u00f5ik meie kordusmustriga tapeedid ja pilttapeedid, on ka see disain tr\u00fckitud keskkonnas\u00f5bralike v\u00e4rvidega, hingavale fliistapeedi materjalile. Kuidas see t\u00f6\u00f6tab? Loe l\u00e4hemalt <a href=\"https:\/\/baubauwall.com\/et\/kuidas-see-tootab\/\" target=\"_blank\" rel=\"noopener\">siit.\u00a0<\/a><\/p>\n","protected":false},"excerpt":{"rendered":"<p>Kevadised r\u00f5\u00f5msad linnukesed v\u00f5iksid s\u00e4utsuda Sinu lastetoa seinte tapeedil! Linnumustriline helesinine tapeet on ajatu valik ja loob sinu kodu interj\u00f6\u00f6rist stiilse mulje, mis kestab aastaid. Lastetoa tapeet ei pea olema ju l\u00f5ppude l\u00f5puks liiga lapsik, vaid v\u00f5ib vabalt olla ka midagi klassikalist, mis p\u00fcsib aastaid. Pastelne helesinine taust lisab tapeedile moodsas v\u00f5tmes vintage\u2019i noodi. Nagu [&hellip;]<\/p>\n","protected":false},"featured_media":24011,"comment_status":"open","ping_status":"closed","template":"","meta":{"_acf_changed":false,"inline_featured_image":false},"product_brand":[],"product_cat":[386,395,406,396,267,273,276,400,415,399,257],"product_tag":[349],"class_list":{"0":"post-24031","1":"product","2":"type-product","3":"status-publish","4":"has-post-thumbnail","6":"product_cat-kordusmustriga-tapeedid","7":"product_cat-romantiline","8":"product_cat-klassika","9":"product_cat-skandinaavia","10":"product_cat-sinised-tapeedid","11":"product_cat-heledad-tapeedid","12":"product_cat-pastelsed-tapeedid","13":"product_cat-lastetoa-tapeedid","14":"product_cat-kulalistetoa-tapeedid","15":"product_cat-kodukontori-tapeedid","16":"product_cat-linnud","17":"product_tag-beebituba","18":"pa_designedby-baubauwall","20":"first","21":"instock","22":"taxable","23":"shipping-taxable","24":"purchasable","25":"product-type-simple"},"acf":[],"yoast_head":"<!-- This site is optimized with the Yoast SEO plugin v25.9 - https:\/\/yoast.com\/wordpress\/plugins\/seo\/ -->\n<title>Helesinine lastetoa tapeet kevadiste lindudega.<\/title>\n<meta name=\"description\" content=\"Tapeet lastetuppa. P\u00f5hjamaine tapeet helesinisel taustal joonistatud lindudega. Disain, mis sobib lastetoa tapeediks. Keskkonnas\u00f5bralik tapeet.\" \/>\n<meta name=\"robots\" content=\"index, follow, max-snippet:-1, max-image-preview:large, max-video-preview:-1\" \/>\n<link rel=\"canonical\" href=\"https:\/\/baubauwall.com\/et\/toode\/tapeet-kevadlinnud-helesinine\/\" \/>\n<meta property=\"og:locale\" content=\"et_EE\" \/>\n<meta property=\"og:type\" content=\"article\" \/>\n<meta property=\"og:title\" content=\"Helesinine lastetoa tapeet kevadiste lindudega.\" \/>\n<meta property=\"og:description\" content=\"Tapeet lastetuppa. P\u00f5hjamaine tapeet helesinisel taustal joonistatud lindudega. Disain, mis sobib lastetoa tapeediks. Keskkonnas\u00f5bralik tapeet.\" \/>\n<meta property=\"og:url\" content=\"https:\/\/baubauwall.com\/et\/toode\/tapeet-kevadlinnud-helesinine\/\" \/>\n<meta property=\"og:site_name\" content=\"BAUBAUWALL TAPEEDID\" \/>\n<meta property=\"article:publisher\" content=\"https:\/\/www.facebook.com\/Baubauwall\" \/>\n<meta property=\"article:modified_time\" content=\"2023-02-16T09:13:18+00:00\" \/>\n<meta property=\"og:image\" content=\"https:\/\/baubauwall.com\/wp-content\/uploads\/2022\/11\/51100347_SpringBirds_lightblue_Baubauwall_Wallpaper_room3-2.jpg\" \/>\n\t<meta property=\"og:image:width\" content=\"2407\" \/>\n\t<meta property=\"og:image:height\" content=\"1600\" \/>\n\t<meta property=\"og:image:type\" content=\"image\/jpeg\" \/>\n<meta name=\"twitter:card\" content=\"summary_large_image\" \/>\n<meta name=\"twitter:label1\" content=\"Est. reading time\" \/>\n\t<meta name=\"twitter:data1\" content=\"1 minut\" \/>\n<script type=\"application\/ld+json\" class=\"yoast-schema-graph\">{\"@context\":\"https:\/\/schema.org\",\"@graph\":[{\"@type\":\"WebPage\",\"@id\":\"https:\/\/baubauwall.com\/et\/toode\/tapeet-kevadlinnud-helesinine\/\",\"url\":\"https:\/\/baubauwall.com\/et\/toode\/tapeet-kevadlinnud-helesinine\/\",\"name\":\"Helesinine lastetoa tapeet kevadiste lindudega.\",\"isPartOf\":{\"@id\":\"https:\/\/baubauwall.com\/et\/#website\"},\"primaryImageOfPage\":{\"@id\":\"https:\/\/baubauwall.com\/et\/toode\/tapeet-kevadlinnud-helesinine\/#primaryimage\"},\"image\":{\"@id\":\"https:\/\/baubauwall.com\/et\/toode\/tapeet-kevadlinnud-helesinine\/#primaryimage\"},\"thumbnailUrl\":\"https:\/\/baubauwall.com\/wp-content\/uploads\/2022\/11\/51100347_SpringBirds_lightblue_Baubauwall_Wallpaper_room3-2.jpg\",\"datePublished\":\"2023-02-07T13:15:09+00:00\",\"dateModified\":\"2023-02-16T09:13:18+00:00\",\"description\":\"Tapeet lastetuppa. P\u00f5hjamaine tapeet helesinisel taustal joonistatud lindudega. Disain, mis sobib lastetoa tapeediks. Keskkonnas\u00f5bralik tapeet.\",\"breadcrumb\":{\"@id\":\"https:\/\/baubauwall.com\/et\/toode\/tapeet-kevadlinnud-helesinine\/#breadcrumb\"},\"inLanguage\":\"et\",\"potentialAction\":[{\"@type\":\"ReadAction\",\"target\":[\"https:\/\/baubauwall.com\/et\/toode\/tapeet-kevadlinnud-helesinine\/\"]}]},{\"@type\":\"ImageObject\",\"inLanguage\":\"et\",\"@id\":\"https:\/\/baubauwall.com\/et\/toode\/tapeet-kevadlinnud-helesinine\/#primaryimage\",\"url\":\"https:\/\/baubauwall.com\/wp-content\/uploads\/2022\/11\/51100347_SpringBirds_lightblue_Baubauwall_Wallpaper_room3-2.jpg\",\"contentUrl\":\"https:\/\/baubauwall.com\/wp-content\/uploads\/2022\/11\/51100347_SpringBirds_lightblue_Baubauwall_Wallpaper_room3-2.jpg\",\"width\":2407,\"height\":1600},{\"@type\":\"BreadcrumbList\",\"@id\":\"https:\/\/baubauwall.com\/et\/toode\/tapeet-kevadlinnud-helesinine\/#breadcrumb\",\"itemListElement\":[{\"@type\":\"ListItem\",\"position\":1,\"name\":\"Koju\",\"item\":\"https:\/\/baubauwall.com\/et\/\"},{\"@type\":\"ListItem\",\"position\":2,\"name\":\"Tapeedid\",\"item\":\"https:\/\/baubauwall.com\/et\/tapeedid\/\"},{\"@type\":\"ListItem\",\"position\":3,\"name\":\"Kevadlinnud &#8211; helesinine\"}]},{\"@type\":\"WebSite\",\"@id\":\"https:\/\/baubauwall.com\/et\/#website\",\"url\":\"https:\/\/baubauwall.com\/et\/\",\"name\":\"BAUBAUWALL Wallpapers\",\"description\":\"Valmis paanides tapeet Eestist!\",\"publisher\":{\"@id\":\"https:\/\/baubauwall.com\/et\/#organization\"},\"potentialAction\":[{\"@type\":\"SearchAction\",\"target\":{\"@type\":\"EntryPoint\",\"urlTemplate\":\"https:\/\/baubauwall.com\/et\/?s={search_term_string}\"},\"query-input\":{\"@type\":\"PropertyValueSpecification\",\"valueRequired\":true,\"valueName\":\"search_term_string\"}}],\"inLanguage\":\"et\"},{\"@type\":\"Organization\",\"@id\":\"https:\/\/baubauwall.com\/et\/#organization\",\"name\":\"BAUBAUWALL Wallpapers\",\"url\":\"https:\/\/baubauwall.com\/et\/\",\"logo\":{\"@type\":\"ImageObject\",\"inLanguage\":\"et\",\"@id\":\"https:\/\/baubauwall.com\/et\/#\/schema\/logo\/image\/\",\"url\":\"https:\/\/baubauwall.com\/wp-content\/uploads\/2022\/03\/logo-horizontal.svg\",\"contentUrl\":\"https:\/\/baubauwall.com\/wp-content\/uploads\/2022\/03\/logo-horizontal.svg\",\"width\":\"1024\",\"height\":\"1024\",\"caption\":\"BAUBAUWALL Wallpapers\"},\"image\":{\"@id\":\"https:\/\/baubauwall.com\/et\/#\/schema\/logo\/image\/\"},\"sameAs\":[\"https:\/\/www.facebook.com\/Baubauwall\",\"https:\/\/www.instagram.com\/baubauwall\"]}]}<\/script>\n<!-- \/ Yoast SEO plugin. -->","yoast_head_json":{"title":"Helesinine lastetoa tapeet kevadiste lindudega.","description":"Tapeet lastetuppa. P\u00f5hjamaine tapeet helesinisel taustal joonistatud lindudega. Disain, mis sobib lastetoa tapeediks. Keskkonnas\u00f5bralik tapeet.","robots":{"index":"index","follow":"follow","max-snippet":"max-snippet:-1","max-image-preview":"max-image-preview:large","max-video-preview":"max-video-preview:-1"},"canonical":"https:\/\/baubauwall.com\/et\/toode\/tapeet-kevadlinnud-helesinine\/","og_locale":"et_EE","og_type":"article","og_title":"Helesinine lastetoa tapeet kevadiste lindudega.","og_description":"Tapeet lastetuppa. P\u00f5hjamaine tapeet helesinisel taustal joonistatud lindudega. Disain, mis sobib lastetoa tapeediks. Keskkonnas\u00f5bralik tapeet.","og_url":"https:\/\/baubauwall.com\/et\/toode\/tapeet-kevadlinnud-helesinine\/","og_site_name":"BAUBAUWALL TAPEEDID","article_publisher":"https:\/\/www.facebook.com\/Baubauwall","article_modified_time":"2023-02-16T09:13:18+00:00","og_image":[{"width":2407,"height":1600,"url":"https:\/\/baubauwall.com\/wp-content\/uploads\/2022\/11\/51100347_SpringBirds_lightblue_Baubauwall_Wallpaper_room3-2.jpg","type":"image\/jpeg"}],"twitter_card":"summary_large_image","twitter_misc":{"Est. reading time":"1 minut"},"schema":{"@context":"https:\/\/schema.org","@graph":[{"@type":"WebPage","@id":"https:\/\/baubauwall.com\/et\/toode\/tapeet-kevadlinnud-helesinine\/","url":"https:\/\/baubauwall.com\/et\/toode\/tapeet-kevadlinnud-helesinine\/","name":"Helesinine lastetoa tapeet kevadiste lindudega.","isPartOf":{"@id":"https:\/\/baubauwall.com\/et\/#website"},"primaryImageOfPage":{"@id":"https:\/\/baubauwall.com\/et\/toode\/tapeet-kevadlinnud-helesinine\/#primaryimage"},"image":{"@id":"https:\/\/baubauwall.com\/et\/toode\/tapeet-kevadlinnud-helesinine\/#primaryimage"},"thumbnailUrl":"https:\/\/baubauwall.com\/wp-content\/uploads\/2022\/11\/51100347_SpringBirds_lightblue_Baubauwall_Wallpaper_room3-2.jpg","datePublished":"2023-02-07T13:15:09+00:00","dateModified":"2023-02-16T09:13:18+00:00","description":"Tapeet lastetuppa. P\u00f5hjamaine tapeet helesinisel taustal joonistatud lindudega. Disain, mis sobib lastetoa tapeediks. Keskkonnas\u00f5bralik tapeet.","breadcrumb":{"@id":"https:\/\/baubauwall.com\/et\/toode\/tapeet-kevadlinnud-helesinine\/#breadcrumb"},"inLanguage":"et","potentialAction":[{"@type":"ReadAction","target":["https:\/\/baubauwall.com\/et\/toode\/tapeet-kevadlinnud-helesinine\/"]}]},{"@type":"ImageObject","inLanguage":"et","@id":"https:\/\/baubauwall.com\/et\/toode\/tapeet-kevadlinnud-helesinine\/#primaryimage","url":"https:\/\/baubauwall.com\/wp-content\/uploads\/2022\/11\/51100347_SpringBirds_lightblue_Baubauwall_Wallpaper_room3-2.jpg","contentUrl":"https:\/\/baubauwall.com\/wp-content\/uploads\/2022\/11\/51100347_SpringBirds_lightblue_Baubauwall_Wallpaper_room3-2.jpg","width":2407,"height":1600},{"@type":"BreadcrumbList","@id":"https:\/\/baubauwall.com\/et\/toode\/tapeet-kevadlinnud-helesinine\/#breadcrumb","itemListElement":[{"@type":"ListItem","position":1,"name":"Koju","item":"https:\/\/baubauwall.com\/et\/"},{"@type":"ListItem","position":2,"name":"Tapeedid","item":"https:\/\/baubauwall.com\/et\/tapeedid\/"},{"@type":"ListItem","position":3,"name":"Kevadlinnud &#8211; helesinine"}]},{"@type":"WebSite","@id":"https:\/\/baubauwall.com\/et\/#website","url":"https:\/\/baubauwall.com\/et\/","name":"BAUBAUWALL Wallpapers","description":"Valmis paanides tapeet Eestist!","publisher":{"@id":"https:\/\/baubauwall.com\/et\/#organization"},"potentialAction":[{"@type":"SearchAction","target":{"@type":"EntryPoint","urlTemplate":"https:\/\/baubauwall.com\/et\/?s={search_term_string}"},"query-input":{"@type":"PropertyValueSpecification","valueRequired":true,"valueName":"search_term_string"}}],"inLanguage":"et"},{"@type":"Organization","@id":"https:\/\/baubauwall.com\/et\/#organization","name":"BAUBAUWALL Wallpapers","url":"https:\/\/baubauwall.com\/et\/","logo":{"@type":"ImageObject","inLanguage":"et","@id":"https:\/\/baubauwall.com\/et\/#\/schema\/logo\/image\/","url":"https:\/\/baubauwall.com\/wp-content\/uploads\/2022\/03\/logo-horizontal.svg","contentUrl":"https:\/\/baubauwall.com\/wp-content\/uploads\/2022\/03\/logo-horizontal.svg","width":"1024","height":"1024","caption":"BAUBAUWALL Wallpapers"},"image":{"@id":"https:\/\/baubauwall.com\/et\/#\/schema\/logo\/image\/"},"sameAs":["https:\/\/www.facebook.com\/Baubauwall","https:\/\/www.instagram.com\/baubauwall"]}]}},"jetpack_sharing_enabled":true,"_links":{"self":[{"href":"https:\/\/baubauwall.com\/et\/wp-json\/wp\/v2\/product\/24031","targetHints":{"allow":["GET"]}}],"collection":[{"href":"https:\/\/baubauwall.com\/et\/wp-json\/wp\/v2\/product"}],"about":[{"href":"https:\/\/baubauwall.com\/et\/wp-json\/wp\/v2\/types\/product"}],"replies":[{"embeddable":true,"href":"https:\/\/baubauwall.com\/et\/wp-json\/wp\/v2\/comments?post=24031"}],"wp:featuredmedia":[{"embeddable":true,"href":"https:\/\/baubauwall.com\/et\/wp-json\/wp\/v2\/media\/24011"}],"wp:attachment":[{"href":"https:\/\/baubauwall.com\/et\/wp-json\/wp\/v2\/media?parent=24031"}],"wp:term":[{"taxonomy":"product_brand","embeddable":true,"href":"https:\/\/baubauwall.com\/et\/wp-json\/wp\/v2\/product_brand?post=24031"},{"taxonomy":"product_cat","embeddable":true,"href":"https:\/\/baubauwall.com\/et\/wp-json\/wp\/v2\/product_cat?post=24031"},{"taxonomy":"product_tag","embeddable":true,"href":"https:\/\/baubauwall.com\/et\/wp-json\/wp\/v2\/product_tag?post=24031"}],"curies":[{"name":"wp","href":"https:\/\/api.w.org\/{rel}","templated":true}]}}