{"id":24034,"date":"2023-02-16T11:20:41","date_gmt":"2023-02-16T09:20:41","guid":{"rendered":"https:\/\/baubauwall.com\/?post_type=product&#038;p=24034"},"modified":"2023-02-16T11:27:40","modified_gmt":"2023-02-16T09:27:40","slug":"tapeet-viktoriaanlik-mood-helesinine","status":"publish","type":"product","link":"https:\/\/baubauwall.com\/et\/toode\/tapeet-viktoriaanlik-mood-helesinine\/","title":{"rendered":"Viktoriaanlik mood &#8211; helesinine"},"content":{"rendered":"<p>Helesinine tapeet nagu moeajakirjast! T\u00f5si k\u00fcll, nii sajanditagusest ajast. Pane see l\u00f5bus, ent maitsekas tapeet tualetti, esiku seinale v\u00f5i garderoobi, eriliselt h\u00e4sti m\u00f5jub see v\u00e4ikestel pindadel.<\/p>\n<p>Nagu k\u00f5ik meie kordusmustriga tapeedid ja pilttapeedid, on ka see disain tr\u00fckitud keskkonnas\u00f5bralike v\u00e4rvidega, hingavale fliistapeedi materjalile.\u00a0 Fliistapeeti on v\u00e4ga lihtne paigaldada ja ka eemaldada. Loe l\u00e4hemalt nutikatest tapeetidest <a href=\"https:\/\/baubauwall.com\/et\/keskkonnasobralikud-tapeedid\/\" target=\"_blank\" rel=\"noopener\">siit.<\/a><\/p>\n","protected":false},"excerpt":{"rendered":"<p>Helesinine tapeet nagu moeajakirjast! T\u00f5si k\u00fcll, nii sajanditagusest ajast. Pane see l\u00f5bus, ent maitsekas tapeet tualetti, esiku seinale v\u00f5i garderoobi, eriliselt h\u00e4sti m\u00f5jub see v\u00e4ikestel pindadel. Nagu k\u00f5ik meie kordusmustriga tapeedid ja pilttapeedid, on ka see disain tr\u00fckitud keskkonnas\u00f5bralike v\u00e4rvidega, hingavale fliistapeedi materjalile.\u00a0 Fliistapeeti on v\u00e4ga lihtne paigaldada ja ka eemaldada. Loe l\u00e4hemalt nutikatest tapeetidest [&hellip;]<\/p>\n","protected":false},"featured_media":24036,"comment_status":"open","ping_status":"closed","template":"","meta":{"_acf_changed":false,"inline_featured_image":false},"product_brand":[],"product_cat":[386,622,395,447,394,388,267,272,273,409,413,414,416,402,412],"product_tag":[619],"class_list":{"0":"post-24034","1":"product","2":"type-product","3":"status-publish","4":"has-post-thumbnail","6":"product_cat-kordusmustriga-tapeedid","7":"product_cat-julged-tapeedid","8":"product_cat-romantiline","9":"product_cat-maksimalistlik-et","10":"product_cat-rikkalik","11":"product_cat-vintage-et","12":"product_cat-sinised-tapeedid","13":"product_cat-hallid-tapeedid","14":"product_cat-heledad-tapeedid","15":"product_cat-turkiis-tapeedid","16":"product_cat-magamistoa-tapeedid","17":"product_cat-soogitoa-tapeedid","18":"product_cat-esiku-tapeedid","19":"product_cat-elutoa-tapeedid","20":"product_cat-vannitoa-tapeedid","21":"product_tag-ratsutamine","22":"pa_designedby-baubauwall","24":"first","25":"instock","26":"taxable","27":"shipping-taxable","28":"purchasable","29":"product-type-simple"},"acf":[],"yoast_head":"<!-- This site is optimized with the Yoast SEO plugin v25.9 - https:\/\/yoast.com\/wordpress\/plugins\/seo\/ -->\n<title>Kelmikalt l\u00f5bus tapeet illustreeritud viktoriaanliku ratsutamismoega<\/title>\n<meta name=\"description\" content=\"Kelmikalt l\u00f5bus tapeet viktoriaanlike illustratsioonidega. Stiilne helesinine tapeet, mis sobib valitud interj\u00f6\u00f6ri. Sinu seina m\u00f5\u00f5dus nummerdatud paanides!\" \/>\n<meta name=\"robots\" content=\"index, follow, max-snippet:-1, max-image-preview:large, max-video-preview:-1\" \/>\n<link rel=\"canonical\" href=\"https:\/\/baubauwall.com\/et\/toode\/tapeet-viktoriaanlik-mood-helesinine\/\" \/>\n<meta property=\"og:locale\" content=\"et_EE\" \/>\n<meta property=\"og:type\" content=\"article\" \/>\n<meta property=\"og:title\" content=\"Kelmikalt l\u00f5bus tapeet illustreeritud viktoriaanliku ratsutamismoega\" \/>\n<meta property=\"og:description\" content=\"Kelmikalt l\u00f5bus tapeet viktoriaanlike illustratsioonidega. Stiilne helesinine tapeet, mis sobib valitud interj\u00f6\u00f6ri. Sinu seina m\u00f5\u00f5dus nummerdatud paanides!\" \/>\n<meta property=\"og:url\" content=\"https:\/\/baubauwall.com\/et\/toode\/tapeet-viktoriaanlik-mood-helesinine\/\" \/>\n<meta property=\"og:site_name\" content=\"BAUBAUWALL TAPEEDID\" \/>\n<meta property=\"article:publisher\" content=\"https:\/\/www.facebook.com\/Baubauwall\" \/>\n<meta property=\"article:modified_time\" content=\"2023-02-16T09:27:40+00:00\" \/>\n<meta property=\"og:image\" content=\"https:\/\/baubauwall.com\/wp-content\/uploads\/2023\/02\/51100331_VictorianFun-blue_Baubauwall_Wallpaper_room12.jpg\" \/>\n\t<meta property=\"og:image:width\" content=\"2522\" \/>\n\t<meta property=\"og:image:height\" content=\"1600\" \/>\n\t<meta property=\"og:image:type\" content=\"image\/jpeg\" \/>\n<meta name=\"twitter:card\" content=\"summary_large_image\" \/>\n<meta name=\"twitter:label1\" content=\"Est. reading time\" \/>\n\t<meta name=\"twitter:data1\" content=\"1 minut\" \/>\n<script type=\"application\/ld+json\" class=\"yoast-schema-graph\">{\"@context\":\"https:\/\/schema.org\",\"@graph\":[{\"@type\":\"WebPage\",\"@id\":\"https:\/\/baubauwall.com\/et\/toode\/tapeet-viktoriaanlik-mood-helesinine\/\",\"url\":\"https:\/\/baubauwall.com\/et\/toode\/tapeet-viktoriaanlik-mood-helesinine\/\",\"name\":\"Kelmikalt l\u00f5bus tapeet illustreeritud viktoriaanliku ratsutamismoega\",\"isPartOf\":{\"@id\":\"https:\/\/baubauwall.com\/et\/#website\"},\"primaryImageOfPage\":{\"@id\":\"https:\/\/baubauwall.com\/et\/toode\/tapeet-viktoriaanlik-mood-helesinine\/#primaryimage\"},\"image\":{\"@id\":\"https:\/\/baubauwall.com\/et\/toode\/tapeet-viktoriaanlik-mood-helesinine\/#primaryimage\"},\"thumbnailUrl\":\"https:\/\/baubauwall.com\/wp-content\/uploads\/2023\/02\/51100331_VictorianFun-blue_Baubauwall_Wallpaper_room12.jpg\",\"datePublished\":\"2023-02-16T09:20:41+00:00\",\"dateModified\":\"2023-02-16T09:27:40+00:00\",\"description\":\"Kelmikalt l\u00f5bus tapeet viktoriaanlike illustratsioonidega. Stiilne helesinine tapeet, mis sobib valitud interj\u00f6\u00f6ri. Sinu seina m\u00f5\u00f5dus nummerdatud paanides!\",\"breadcrumb\":{\"@id\":\"https:\/\/baubauwall.com\/et\/toode\/tapeet-viktoriaanlik-mood-helesinine\/#breadcrumb\"},\"inLanguage\":\"et\",\"potentialAction\":[{\"@type\":\"ReadAction\",\"target\":[\"https:\/\/baubauwall.com\/et\/toode\/tapeet-viktoriaanlik-mood-helesinine\/\"]}]},{\"@type\":\"ImageObject\",\"inLanguage\":\"et\",\"@id\":\"https:\/\/baubauwall.com\/et\/toode\/tapeet-viktoriaanlik-mood-helesinine\/#primaryimage\",\"url\":\"https:\/\/baubauwall.com\/wp-content\/uploads\/2023\/02\/51100331_VictorianFun-blue_Baubauwall_Wallpaper_room12.jpg\",\"contentUrl\":\"https:\/\/baubauwall.com\/wp-content\/uploads\/2023\/02\/51100331_VictorianFun-blue_Baubauwall_Wallpaper_room12.jpg\",\"width\":2522,\"height\":1600},{\"@type\":\"BreadcrumbList\",\"@id\":\"https:\/\/baubauwall.com\/et\/toode\/tapeet-viktoriaanlik-mood-helesinine\/#breadcrumb\",\"itemListElement\":[{\"@type\":\"ListItem\",\"position\":1,\"name\":\"Koju\",\"item\":\"https:\/\/baubauwall.com\/et\/\"},{\"@type\":\"ListItem\",\"position\":2,\"name\":\"Tapeedid\",\"item\":\"https:\/\/baubauwall.com\/et\/tapeedid\/\"},{\"@type\":\"ListItem\",\"position\":3,\"name\":\"Viktoriaanlik mood &#8211; helesinine\"}]},{\"@type\":\"WebSite\",\"@id\":\"https:\/\/baubauwall.com\/et\/#website\",\"url\":\"https:\/\/baubauwall.com\/et\/\",\"name\":\"BAUBAUWALL Wallpapers\",\"description\":\"Valmis paanides tapeet Eestist!\",\"publisher\":{\"@id\":\"https:\/\/baubauwall.com\/et\/#organization\"},\"potentialAction\":[{\"@type\":\"SearchAction\",\"target\":{\"@type\":\"EntryPoint\",\"urlTemplate\":\"https:\/\/baubauwall.com\/et\/?s={search_term_string}\"},\"query-input\":{\"@type\":\"PropertyValueSpecification\",\"valueRequired\":true,\"valueName\":\"search_term_string\"}}],\"inLanguage\":\"et\"},{\"@type\":\"Organization\",\"@id\":\"https:\/\/baubauwall.com\/et\/#organization\",\"name\":\"BAUBAUWALL Wallpapers\",\"url\":\"https:\/\/baubauwall.com\/et\/\",\"logo\":{\"@type\":\"ImageObject\",\"inLanguage\":\"et\",\"@id\":\"https:\/\/baubauwall.com\/et\/#\/schema\/logo\/image\/\",\"url\":\"https:\/\/baubauwall.com\/wp-content\/uploads\/2022\/03\/logo-horizontal.svg\",\"contentUrl\":\"https:\/\/baubauwall.com\/wp-content\/uploads\/2022\/03\/logo-horizontal.svg\",\"width\":\"1024\",\"height\":\"1024\",\"caption\":\"BAUBAUWALL Wallpapers\"},\"image\":{\"@id\":\"https:\/\/baubauwall.com\/et\/#\/schema\/logo\/image\/\"},\"sameAs\":[\"https:\/\/www.facebook.com\/Baubauwall\",\"https:\/\/www.instagram.com\/baubauwall\"]}]}<\/script>\n<!-- \/ Yoast SEO plugin. -->","yoast_head_json":{"title":"Kelmikalt l\u00f5bus tapeet illustreeritud viktoriaanliku ratsutamismoega","description":"Kelmikalt l\u00f5bus tapeet viktoriaanlike illustratsioonidega. Stiilne helesinine tapeet, mis sobib valitud interj\u00f6\u00f6ri. Sinu seina m\u00f5\u00f5dus nummerdatud paanides!","robots":{"index":"index","follow":"follow","max-snippet":"max-snippet:-1","max-image-preview":"max-image-preview:large","max-video-preview":"max-video-preview:-1"},"canonical":"https:\/\/baubauwall.com\/et\/toode\/tapeet-viktoriaanlik-mood-helesinine\/","og_locale":"et_EE","og_type":"article","og_title":"Kelmikalt l\u00f5bus tapeet illustreeritud viktoriaanliku ratsutamismoega","og_description":"Kelmikalt l\u00f5bus tapeet viktoriaanlike illustratsioonidega. Stiilne helesinine tapeet, mis sobib valitud interj\u00f6\u00f6ri. Sinu seina m\u00f5\u00f5dus nummerdatud paanides!","og_url":"https:\/\/baubauwall.com\/et\/toode\/tapeet-viktoriaanlik-mood-helesinine\/","og_site_name":"BAUBAUWALL TAPEEDID","article_publisher":"https:\/\/www.facebook.com\/Baubauwall","article_modified_time":"2023-02-16T09:27:40+00:00","og_image":[{"width":2522,"height":1600,"url":"https:\/\/baubauwall.com\/wp-content\/uploads\/2023\/02\/51100331_VictorianFun-blue_Baubauwall_Wallpaper_room12.jpg","type":"image\/jpeg"}],"twitter_card":"summary_large_image","twitter_misc":{"Est. reading time":"1 minut"},"schema":{"@context":"https:\/\/schema.org","@graph":[{"@type":"WebPage","@id":"https:\/\/baubauwall.com\/et\/toode\/tapeet-viktoriaanlik-mood-helesinine\/","url":"https:\/\/baubauwall.com\/et\/toode\/tapeet-viktoriaanlik-mood-helesinine\/","name":"Kelmikalt l\u00f5bus tapeet illustreeritud viktoriaanliku ratsutamismoega","isPartOf":{"@id":"https:\/\/baubauwall.com\/et\/#website"},"primaryImageOfPage":{"@id":"https:\/\/baubauwall.com\/et\/toode\/tapeet-viktoriaanlik-mood-helesinine\/#primaryimage"},"image":{"@id":"https:\/\/baubauwall.com\/et\/toode\/tapeet-viktoriaanlik-mood-helesinine\/#primaryimage"},"thumbnailUrl":"https:\/\/baubauwall.com\/wp-content\/uploads\/2023\/02\/51100331_VictorianFun-blue_Baubauwall_Wallpaper_room12.jpg","datePublished":"2023-02-16T09:20:41+00:00","dateModified":"2023-02-16T09:27:40+00:00","description":"Kelmikalt l\u00f5bus tapeet viktoriaanlike illustratsioonidega. Stiilne helesinine tapeet, mis sobib valitud interj\u00f6\u00f6ri. Sinu seina m\u00f5\u00f5dus nummerdatud paanides!","breadcrumb":{"@id":"https:\/\/baubauwall.com\/et\/toode\/tapeet-viktoriaanlik-mood-helesinine\/#breadcrumb"},"inLanguage":"et","potentialAction":[{"@type":"ReadAction","target":["https:\/\/baubauwall.com\/et\/toode\/tapeet-viktoriaanlik-mood-helesinine\/"]}]},{"@type":"ImageObject","inLanguage":"et","@id":"https:\/\/baubauwall.com\/et\/toode\/tapeet-viktoriaanlik-mood-helesinine\/#primaryimage","url":"https:\/\/baubauwall.com\/wp-content\/uploads\/2023\/02\/51100331_VictorianFun-blue_Baubauwall_Wallpaper_room12.jpg","contentUrl":"https:\/\/baubauwall.com\/wp-content\/uploads\/2023\/02\/51100331_VictorianFun-blue_Baubauwall_Wallpaper_room12.jpg","width":2522,"height":1600},{"@type":"BreadcrumbList","@id":"https:\/\/baubauwall.com\/et\/toode\/tapeet-viktoriaanlik-mood-helesinine\/#breadcrumb","itemListElement":[{"@type":"ListItem","position":1,"name":"Koju","item":"https:\/\/baubauwall.com\/et\/"},{"@type":"ListItem","position":2,"name":"Tapeedid","item":"https:\/\/baubauwall.com\/et\/tapeedid\/"},{"@type":"ListItem","position":3,"name":"Viktoriaanlik mood &#8211; helesinine"}]},{"@type":"WebSite","@id":"https:\/\/baubauwall.com\/et\/#website","url":"https:\/\/baubauwall.com\/et\/","name":"BAUBAUWALL Wallpapers","description":"Valmis paanides tapeet Eestist!","publisher":{"@id":"https:\/\/baubauwall.com\/et\/#organization"},"potentialAction":[{"@type":"SearchAction","target":{"@type":"EntryPoint","urlTemplate":"https:\/\/baubauwall.com\/et\/?s={search_term_string}"},"query-input":{"@type":"PropertyValueSpecification","valueRequired":true,"valueName":"search_term_string"}}],"inLanguage":"et"},{"@type":"Organization","@id":"https:\/\/baubauwall.com\/et\/#organization","name":"BAUBAUWALL Wallpapers","url":"https:\/\/baubauwall.com\/et\/","logo":{"@type":"ImageObject","inLanguage":"et","@id":"https:\/\/baubauwall.com\/et\/#\/schema\/logo\/image\/","url":"https:\/\/baubauwall.com\/wp-content\/uploads\/2022\/03\/logo-horizontal.svg","contentUrl":"https:\/\/baubauwall.com\/wp-content\/uploads\/2022\/03\/logo-horizontal.svg","width":"1024","height":"1024","caption":"BAUBAUWALL Wallpapers"},"image":{"@id":"https:\/\/baubauwall.com\/et\/#\/schema\/logo\/image\/"},"sameAs":["https:\/\/www.facebook.com\/Baubauwall","https:\/\/www.instagram.com\/baubauwall"]}]}},"jetpack_sharing_enabled":true,"_links":{"self":[{"href":"https:\/\/baubauwall.com\/et\/wp-json\/wp\/v2\/product\/24034","targetHints":{"allow":["GET"]}}],"collection":[{"href":"https:\/\/baubauwall.com\/et\/wp-json\/wp\/v2\/product"}],"about":[{"href":"https:\/\/baubauwall.com\/et\/wp-json\/wp\/v2\/types\/product"}],"replies":[{"embeddable":true,"href":"https:\/\/baubauwall.com\/et\/wp-json\/wp\/v2\/comments?post=24034"}],"wp:featuredmedia":[{"embeddable":true,"href":"https:\/\/baubauwall.com\/et\/wp-json\/wp\/v2\/media\/24036"}],"wp:attachment":[{"href":"https:\/\/baubauwall.com\/et\/wp-json\/wp\/v2\/media?parent=24034"}],"wp:term":[{"taxonomy":"product_brand","embeddable":true,"href":"https:\/\/baubauwall.com\/et\/wp-json\/wp\/v2\/product_brand?post=24034"},{"taxonomy":"product_cat","embeddable":true,"href":"https:\/\/baubauwall.com\/et\/wp-json\/wp\/v2\/product_cat?post=24034"},{"taxonomy":"product_tag","embeddable":true,"href":"https:\/\/baubauwall.com\/et\/wp-json\/wp\/v2\/product_tag?post=24034"}],"curies":[{"name":"wp","href":"https:\/\/api.w.org\/{rel}","templated":true}]}}