{"id":24274,"date":"2023-02-28T11:00:14","date_gmt":"2023-02-28T09:00:14","guid":{"rendered":"https:\/\/baubauwall.com\/product\/wall-mural-ombre-mountains\/"},"modified":"2025-03-25T13:47:05","modified_gmt":"2025-03-25T11:47:05","slug":"pilttapeet-udune-maestik","status":"publish","type":"product","link":"https:\/\/baubauwall.com\/et\/toode\/pilttapeet-udune-maestik\/","title":{"rendered":"Udune m\u00e4estik"},"content":{"rendered":"<p>Moodne\u00a0<em>ombre\u00a0<\/em>stiilis pilttapeedi disain, mis sobib ilmestama magamistoa, elutoa v\u00f5i kodukontori seina. See m\u00e4estiku vaade v\u00f5iks olla Sinu seinal aastaringselt! Pilttapeet, mis on maitsekas, rahulik, hele ja P\u00f5hjamaine. Mida veel v\u00f5iks tahta healt tapeedilt? Loo selle imeilusa tapeedidisainiga oma kodus hea ja rahulik atmosf\u00e4\u00e4r.<\/p>\n<p>Nagu k\u00f5ik meie tapeedid, fototapeedid ja pilttapeedid, on ka see disain tr\u00fckitud hingavale, keskkonnas\u00f5bralike v\u00e4rvidega fliistapeedi materjalile. Loe lisaks j\u00e4\u00e4tmevabast ja innovaatilisest <a href=\"https:\/\/baubauwall.com\/et\/keskkonnasobralikud-tapeedid\/\" target=\"_blank\" rel=\"noopener\">tapeeditootmisest siin.<\/a><\/p>\n","protected":false},"excerpt":{"rendered":"<p>Moodne\u00a0ombre\u00a0stiilis pilttapeedi disain, mis sobib ilmestama magamistoa, elutoa v\u00f5i kodukontori seina. See m\u00e4estiku vaade v\u00f5iks olla Sinu seinal aastaringselt! Pilttapeet, mis on maitsekas, rahulik, hele ja P\u00f5hjamaine. Mida veel v\u00f5iks tahta healt tapeedilt? Loo selle imeilusa tapeedidisainiga oma kodus hea ja rahulik atmosf\u00e4\u00e4r. Nagu k\u00f5ik meie tapeedid, fototapeedid ja pilttapeedid, on ka see disain tr\u00fckitud [&hellip;]<\/p>\n","protected":false},"featured_media":24251,"comment_status":"open","ping_status":"closed","template":"","meta":{"_acf_changed":false,"inline_featured_image":false},"product_brand":[],"product_cat":[387,773,395,406,392,396,265,273,276,413,414,402,245,251,254],"product_tag":[345],"class_list":{"0":"post-24274","1":"product","2":"type-product","3":"status-publish","4":"has-post-thumbnail","6":"product_cat-pilttapeedid","7":"product_cat-ombre-et","8":"product_cat-romantiline","9":"product_cat-klassika","10":"product_cat-minimalistlik","11":"product_cat-skandinaavia","12":"product_cat-beezid-tapeedid","13":"product_cat-heledad-tapeedid","14":"product_cat-pastelsed-tapeedid","15":"product_cat-magamistoa-tapeedid","16":"product_cat-soogitoa-tapeedid","17":"product_cat-elutoa-tapeedid","18":"product_cat-maastik","19":"product_cat-maed","20":"product_cat-loodus","21":"product_tag-pilttapeet","22":"pa_designedby-baubauwall","24":"first","25":"instock","26":"taxable","27":"shipping-taxable","28":"purchasable","29":"product-type-simple"},"acf":[],"yoast_head":"<!-- This site is optimized with the Yoast SEO plugin v25.9 - https:\/\/yoast.com\/wordpress\/plugins\/seo\/ -->\n<title>Ombre stiilis hele pilttapeet udune m\u00e4estik. Idee magamistoa seina<\/title>\n<meta name=\"description\" content=\"Ombre stiilis pilttapeet uduse m\u00e4estikuga. Hea tapeet magamistoa, elutoa aktsentseinale. R\u00e4tsepat\u00f6\u00f6na valmivad tapeedid, t\u00e4pselt seina m\u00f5\u00f5dus paanides.\" \/>\n<meta name=\"robots\" content=\"index, follow, max-snippet:-1, max-image-preview:large, max-video-preview:-1\" \/>\n<link rel=\"canonical\" href=\"https:\/\/baubauwall.com\/et\/toode\/pilttapeet-udune-maestik\/\" \/>\n<meta property=\"og:locale\" content=\"et_EE\" \/>\n<meta property=\"og:type\" content=\"article\" \/>\n<meta property=\"og:title\" content=\"Ombre stiilis hele pilttapeet udune m\u00e4estik. Idee magamistoa seina\" \/>\n<meta property=\"og:description\" content=\"Ombre stiilis pilttapeet uduse m\u00e4estikuga. Hea tapeet magamistoa, elutoa aktsentseinale. R\u00e4tsepat\u00f6\u00f6na valmivad tapeedid, t\u00e4pselt seina m\u00f5\u00f5dus paanides.\" \/>\n<meta property=\"og:url\" content=\"https:\/\/baubauwall.com\/et\/toode\/pilttapeet-udune-maestik\/\" \/>\n<meta property=\"og:site_name\" content=\"BAUBAUWALL Wallpapers\" \/>\n<meta property=\"article:publisher\" content=\"https:\/\/www.facebook.com\/Baubauwall\" \/>\n<meta property=\"article:modified_time\" content=\"2025-03-25T11:47:05+00:00\" \/>\n<meta property=\"og:image\" content=\"https:\/\/baubauwall.com\/wp-content\/uploads\/2022\/11\/51200184_OmbreMountains_Baubauwall_Wallmural_room7.jpg\" \/>\n\t<meta property=\"og:image:width\" content=\"1654\" \/>\n\t<meta property=\"og:image:height\" content=\"1600\" \/>\n\t<meta property=\"og:image:type\" content=\"image\/jpeg\" \/>\n<meta name=\"twitter:card\" content=\"summary_large_image\" \/>\n<meta name=\"twitter:label1\" content=\"Est. reading time\" \/>\n\t<meta name=\"twitter:data1\" content=\"1 minut\" \/>\n<script type=\"application\/ld+json\" class=\"yoast-schema-graph\">{\"@context\":\"https:\/\/schema.org\",\"@graph\":[{\"@type\":\"WebPage\",\"@id\":\"https:\/\/baubauwall.com\/et\/toode\/pilttapeet-udune-maestik\/\",\"url\":\"https:\/\/baubauwall.com\/et\/toode\/pilttapeet-udune-maestik\/\",\"name\":\"Ombre stiilis hele pilttapeet udune m\u00e4estik. Idee magamistoa seina\",\"isPartOf\":{\"@id\":\"https:\/\/baubauwall.com\/et\/#website\"},\"primaryImageOfPage\":{\"@id\":\"https:\/\/baubauwall.com\/et\/toode\/pilttapeet-udune-maestik\/#primaryimage\"},\"image\":{\"@id\":\"https:\/\/baubauwall.com\/et\/toode\/pilttapeet-udune-maestik\/#primaryimage\"},\"thumbnailUrl\":\"https:\/\/baubauwall.com\/wp-content\/uploads\/2022\/11\/51200184_OmbreMountains_Baubauwall_Wallmural_room7.jpg\",\"datePublished\":\"2023-02-28T09:00:14+00:00\",\"dateModified\":\"2025-03-25T11:47:05+00:00\",\"description\":\"Ombre stiilis pilttapeet uduse m\u00e4estikuga. Hea tapeet magamistoa, elutoa aktsentseinale. R\u00e4tsepat\u00f6\u00f6na valmivad tapeedid, t\u00e4pselt seina m\u00f5\u00f5dus paanides.\",\"breadcrumb\":{\"@id\":\"https:\/\/baubauwall.com\/et\/toode\/pilttapeet-udune-maestik\/#breadcrumb\"},\"inLanguage\":\"et\",\"potentialAction\":[{\"@type\":\"ReadAction\",\"target\":[\"https:\/\/baubauwall.com\/et\/toode\/pilttapeet-udune-maestik\/\"]}]},{\"@type\":\"ImageObject\",\"inLanguage\":\"et\",\"@id\":\"https:\/\/baubauwall.com\/et\/toode\/pilttapeet-udune-maestik\/#primaryimage\",\"url\":\"https:\/\/baubauwall.com\/wp-content\/uploads\/2022\/11\/51200184_OmbreMountains_Baubauwall_Wallmural_room7.jpg\",\"contentUrl\":\"https:\/\/baubauwall.com\/wp-content\/uploads\/2022\/11\/51200184_OmbreMountains_Baubauwall_Wallmural_room7.jpg\",\"width\":1654,\"height\":1600,\"caption\":\"Elutoa tapeet Ombre m\u00e4ed. Baubauwall tapeedid\"},{\"@type\":\"BreadcrumbList\",\"@id\":\"https:\/\/baubauwall.com\/et\/toode\/pilttapeet-udune-maestik\/#breadcrumb\",\"itemListElement\":[{\"@type\":\"ListItem\",\"position\":1,\"name\":\"Koju\",\"item\":\"https:\/\/baubauwall.com\/et\/\"},{\"@type\":\"ListItem\",\"position\":2,\"name\":\"Tapeedid\",\"item\":\"https:\/\/baubauwall.com\/et\/tapeedid\/\"},{\"@type\":\"ListItem\",\"position\":3,\"name\":\"Udune m\u00e4estik\"}]},{\"@type\":\"WebSite\",\"@id\":\"https:\/\/baubauwall.com\/et\/#website\",\"url\":\"https:\/\/baubauwall.com\/et\/\",\"name\":\"BAUBAUWALL Wallpapers\",\"description\":\"Valmis paanides tapeet Eestist!\",\"publisher\":{\"@id\":\"https:\/\/baubauwall.com\/et\/#organization\"},\"potentialAction\":[{\"@type\":\"SearchAction\",\"target\":{\"@type\":\"EntryPoint\",\"urlTemplate\":\"https:\/\/baubauwall.com\/et\/?s={search_term_string}\"},\"query-input\":{\"@type\":\"PropertyValueSpecification\",\"valueRequired\":true,\"valueName\":\"search_term_string\"}}],\"inLanguage\":\"et\"},{\"@type\":\"Organization\",\"@id\":\"https:\/\/baubauwall.com\/et\/#organization\",\"name\":\"BAUBAUWALL Wallpapers\",\"url\":\"https:\/\/baubauwall.com\/et\/\",\"logo\":{\"@type\":\"ImageObject\",\"inLanguage\":\"et\",\"@id\":\"https:\/\/baubauwall.com\/et\/#\/schema\/logo\/image\/\",\"url\":\"https:\/\/baubauwall.com\/wp-content\/uploads\/2022\/03\/logo-horizontal.svg\",\"contentUrl\":\"https:\/\/baubauwall.com\/wp-content\/uploads\/2022\/03\/logo-horizontal.svg\",\"width\":\"1024\",\"height\":\"1024\",\"caption\":\"BAUBAUWALL Wallpapers\"},\"image\":{\"@id\":\"https:\/\/baubauwall.com\/et\/#\/schema\/logo\/image\/\"},\"sameAs\":[\"https:\/\/www.facebook.com\/Baubauwall\",\"https:\/\/www.instagram.com\/baubauwall\"]}]}<\/script>\n<!-- \/ Yoast SEO plugin. -->","yoast_head_json":{"title":"Ombre stiilis hele pilttapeet udune m\u00e4estik. Idee magamistoa seina","description":"Ombre stiilis pilttapeet uduse m\u00e4estikuga. Hea tapeet magamistoa, elutoa aktsentseinale. R\u00e4tsepat\u00f6\u00f6na valmivad tapeedid, t\u00e4pselt seina m\u00f5\u00f5dus paanides.","robots":{"index":"index","follow":"follow","max-snippet":"max-snippet:-1","max-image-preview":"max-image-preview:large","max-video-preview":"max-video-preview:-1"},"canonical":"https:\/\/baubauwall.com\/et\/toode\/pilttapeet-udune-maestik\/","og_locale":"et_EE","og_type":"article","og_title":"Ombre stiilis hele pilttapeet udune m\u00e4estik. Idee magamistoa seina","og_description":"Ombre stiilis pilttapeet uduse m\u00e4estikuga. Hea tapeet magamistoa, elutoa aktsentseinale. R\u00e4tsepat\u00f6\u00f6na valmivad tapeedid, t\u00e4pselt seina m\u00f5\u00f5dus paanides.","og_url":"https:\/\/baubauwall.com\/et\/toode\/pilttapeet-udune-maestik\/","og_site_name":"BAUBAUWALL Wallpapers","article_publisher":"https:\/\/www.facebook.com\/Baubauwall","article_modified_time":"2025-03-25T11:47:05+00:00","og_image":[{"width":1654,"height":1600,"url":"https:\/\/baubauwall.com\/wp-content\/uploads\/2022\/11\/51200184_OmbreMountains_Baubauwall_Wallmural_room7.jpg","type":"image\/jpeg"}],"twitter_card":"summary_large_image","twitter_misc":{"Est. reading time":"1 minut"},"schema":{"@context":"https:\/\/schema.org","@graph":[{"@type":"WebPage","@id":"https:\/\/baubauwall.com\/et\/toode\/pilttapeet-udune-maestik\/","url":"https:\/\/baubauwall.com\/et\/toode\/pilttapeet-udune-maestik\/","name":"Ombre stiilis hele pilttapeet udune m\u00e4estik. Idee magamistoa seina","isPartOf":{"@id":"https:\/\/baubauwall.com\/et\/#website"},"primaryImageOfPage":{"@id":"https:\/\/baubauwall.com\/et\/toode\/pilttapeet-udune-maestik\/#primaryimage"},"image":{"@id":"https:\/\/baubauwall.com\/et\/toode\/pilttapeet-udune-maestik\/#primaryimage"},"thumbnailUrl":"https:\/\/baubauwall.com\/wp-content\/uploads\/2022\/11\/51200184_OmbreMountains_Baubauwall_Wallmural_room7.jpg","datePublished":"2023-02-28T09:00:14+00:00","dateModified":"2025-03-25T11:47:05+00:00","description":"Ombre stiilis pilttapeet uduse m\u00e4estikuga. Hea tapeet magamistoa, elutoa aktsentseinale. R\u00e4tsepat\u00f6\u00f6na valmivad tapeedid, t\u00e4pselt seina m\u00f5\u00f5dus paanides.","breadcrumb":{"@id":"https:\/\/baubauwall.com\/et\/toode\/pilttapeet-udune-maestik\/#breadcrumb"},"inLanguage":"et","potentialAction":[{"@type":"ReadAction","target":["https:\/\/baubauwall.com\/et\/toode\/pilttapeet-udune-maestik\/"]}]},{"@type":"ImageObject","inLanguage":"et","@id":"https:\/\/baubauwall.com\/et\/toode\/pilttapeet-udune-maestik\/#primaryimage","url":"https:\/\/baubauwall.com\/wp-content\/uploads\/2022\/11\/51200184_OmbreMountains_Baubauwall_Wallmural_room7.jpg","contentUrl":"https:\/\/baubauwall.com\/wp-content\/uploads\/2022\/11\/51200184_OmbreMountains_Baubauwall_Wallmural_room7.jpg","width":1654,"height":1600,"caption":"Elutoa tapeet Ombre m\u00e4ed. Baubauwall tapeedid"},{"@type":"BreadcrumbList","@id":"https:\/\/baubauwall.com\/et\/toode\/pilttapeet-udune-maestik\/#breadcrumb","itemListElement":[{"@type":"ListItem","position":1,"name":"Koju","item":"https:\/\/baubauwall.com\/et\/"},{"@type":"ListItem","position":2,"name":"Tapeedid","item":"https:\/\/baubauwall.com\/et\/tapeedid\/"},{"@type":"ListItem","position":3,"name":"Udune m\u00e4estik"}]},{"@type":"WebSite","@id":"https:\/\/baubauwall.com\/et\/#website","url":"https:\/\/baubauwall.com\/et\/","name":"BAUBAUWALL Wallpapers","description":"Valmis paanides tapeet Eestist!","publisher":{"@id":"https:\/\/baubauwall.com\/et\/#organization"},"potentialAction":[{"@type":"SearchAction","target":{"@type":"EntryPoint","urlTemplate":"https:\/\/baubauwall.com\/et\/?s={search_term_string}"},"query-input":{"@type":"PropertyValueSpecification","valueRequired":true,"valueName":"search_term_string"}}],"inLanguage":"et"},{"@type":"Organization","@id":"https:\/\/baubauwall.com\/et\/#organization","name":"BAUBAUWALL Wallpapers","url":"https:\/\/baubauwall.com\/et\/","logo":{"@type":"ImageObject","inLanguage":"et","@id":"https:\/\/baubauwall.com\/et\/#\/schema\/logo\/image\/","url":"https:\/\/baubauwall.com\/wp-content\/uploads\/2022\/03\/logo-horizontal.svg","contentUrl":"https:\/\/baubauwall.com\/wp-content\/uploads\/2022\/03\/logo-horizontal.svg","width":"1024","height":"1024","caption":"BAUBAUWALL Wallpapers"},"image":{"@id":"https:\/\/baubauwall.com\/et\/#\/schema\/logo\/image\/"},"sameAs":["https:\/\/www.facebook.com\/Baubauwall","https:\/\/www.instagram.com\/baubauwall"]}]}},"jetpack_sharing_enabled":true,"_links":{"self":[{"href":"https:\/\/baubauwall.com\/et\/wp-json\/wp\/v2\/product\/24274","targetHints":{"allow":["GET"]}}],"collection":[{"href":"https:\/\/baubauwall.com\/et\/wp-json\/wp\/v2\/product"}],"about":[{"href":"https:\/\/baubauwall.com\/et\/wp-json\/wp\/v2\/types\/product"}],"replies":[{"embeddable":true,"href":"https:\/\/baubauwall.com\/et\/wp-json\/wp\/v2\/comments?post=24274"}],"wp:featuredmedia":[{"embeddable":true,"href":"https:\/\/baubauwall.com\/et\/wp-json\/wp\/v2\/media\/24251"}],"wp:attachment":[{"href":"https:\/\/baubauwall.com\/et\/wp-json\/wp\/v2\/media?parent=24274"}],"wp:term":[{"taxonomy":"product_brand","embeddable":true,"href":"https:\/\/baubauwall.com\/et\/wp-json\/wp\/v2\/product_brand?post=24274"},{"taxonomy":"product_cat","embeddable":true,"href":"https:\/\/baubauwall.com\/et\/wp-json\/wp\/v2\/product_cat?post=24274"},{"taxonomy":"product_tag","embeddable":true,"href":"https:\/\/baubauwall.com\/et\/wp-json\/wp\/v2\/product_tag?post=24274"}],"curies":[{"name":"wp","href":"https:\/\/api.w.org\/{rel}","templated":true}]}}