{"id":24338,"date":"2023-02-15T17:00:14","date_gmt":"2023-02-15T15:00:14","guid":{"rendered":"https:\/\/baubauwall.com\/product\/wall-mural-cloud-triangles-grey\/"},"modified":"2023-05-11T10:47:12","modified_gmt":"2023-05-11T08:47:12","slug":"pilttapeet-pilvekolmnurgad-hall","status":"publish","type":"product","link":"https:\/\/baubauwall.com\/et\/toode\/pilttapeet-pilvekolmnurgad-hall\/","title":{"rendered":"Pilvekolmnurgad"},"content":{"rendered":"<p>Efektne hall pilttapeet, mille disain peidab endas ranged geomeetrilise jooned ning udupehmed pilved. See pilttapeet sobib h\u00e4sti kodukontori seinale, elutuppa v\u00f5i magamistoa aktsentseinale. Disain, mis on tagasihoidlik ja mitte pealet\u00fckkiv. Hallis toonis tapeeti on lihtne sobitada erinevate interj\u00f6\u00f6ride ja m\u00f6\u00f6bliga, olgu Su sooviks tuua veidi draamat v\u00f5i j\u00e4\u00e4da truuks klassikale.<\/p>\n<p>Nagu k\u00f5ik meie tapeedid, fototapeedid ja pilttapeedid, on ka see disain tr\u00fckitud hingavale, keskkonnas\u00f5bralike v\u00e4rvidega fliistapeedi materjalile. Loe lisaks j\u00e4\u00e4tmevabast ja innovaatilisest\u00a0<a href=\"https:\/\/baubauwall.com\/et\/keskkonnasobralikud-tapeedid\/\" target=\"_blank\" rel=\"noopener\">tapeeditootmisest siin.<\/a><\/p>\n","protected":false},"excerpt":{"rendered":"<p>Efektne hall pilttapeet, mille disain peidab endas ranged geomeetrilise jooned ning udupehmed pilved. See pilttapeet sobib h\u00e4sti kodukontori seinale, elutuppa v\u00f5i magamistoa aktsentseinale. Disain, mis on tagasihoidlik ja mitte pealet\u00fckkiv. Hallis toonis tapeeti on lihtne sobitada erinevate interj\u00f6\u00f6ride ja m\u00f6\u00f6bliga, olgu Su sooviks tuua veidi draamat v\u00f5i j\u00e4\u00e4da truuks klassikale. Nagu k\u00f5ik meie tapeedid, fototapeedid [&hellip;]<\/p>\n","protected":false},"featured_media":24318,"comment_status":"open","ping_status":"closed","template":"","meta":{"_acf_changed":false,"inline_featured_image":false},"product_brand":[],"product_cat":[387,404,408,270,272,413,414,399,402,465],"product_tag":[345],"class_list":{"0":"post-24338","1":"product","2":"type-product","3":"status-publish","4":"has-post-thumbnail","6":"product_cat-pilttapeedid","7":"product_cat-abstraktne","8":"product_cat-geomeetriline","9":"product_cat-tumedad-tapeedid","10":"product_cat-hallid-tapeedid","11":"product_cat-magamistoa-tapeedid","12":"product_cat-soogitoa-tapeedid","13":"product_cat-kodukontori-tapeedid","14":"product_cat-elutoa-tapeedid","15":"product_cat-taevas-ja-pilved","16":"product_tag-pilttapeet","17":"pa_designedby-baubauwall","19":"first","20":"instock","21":"taxable","22":"shipping-taxable","23":"purchasable","24":"product-type-simple"},"acf":[],"yoast_head":"<!-- This site is optimized with the Yoast SEO plugin v25.9 - https:\/\/yoast.com\/wordpress\/plugins\/seo\/ -->\n<title>Grey geometric pattern mural wallpaper. Eco-friendly wallpapers<\/title>\n<meta name=\"description\" content=\"Eco friendly, grey mural wallpaper design for a feature wall. Modern geometric pattern - grey triangles and cool clouds. Made to measure wall murals.\" \/>\n<meta name=\"robots\" content=\"index, follow, max-snippet:-1, max-image-preview:large, max-video-preview:-1\" \/>\n<link rel=\"canonical\" href=\"https:\/\/baubauwall.com\/et\/toode\/pilttapeet-pilvekolmnurgad-hall\/\" \/>\n<meta property=\"og:locale\" content=\"et_EE\" \/>\n<meta property=\"og:type\" content=\"article\" \/>\n<meta property=\"og:title\" content=\"Grey geometric pattern mural wallpaper. Eco-friendly wallpapers\" \/>\n<meta property=\"og:description\" content=\"Eco friendly, grey mural wallpaper design for a feature wall. Modern geometric pattern - grey triangles and cool clouds. Made to measure wall murals.\" \/>\n<meta property=\"og:url\" content=\"https:\/\/baubauwall.com\/et\/toode\/pilttapeet-pilvekolmnurgad-hall\/\" \/>\n<meta property=\"og:site_name\" content=\"BAUBAUWALL TAPEEDID\" \/>\n<meta property=\"article:publisher\" content=\"https:\/\/www.facebook.com\/Baubauwall\" \/>\n<meta property=\"article:modified_time\" content=\"2023-05-11T08:47:12+00:00\" \/>\n<meta property=\"og:image\" content=\"https:\/\/baubauwall.com\/wp-content\/uploads\/2022\/11\/51200189_Cloud-Triangles_Baubauwall_Wallmural_room9-6.jpg\" \/>\n\t<meta property=\"og:image:width\" content=\"2400\" \/>\n\t<meta property=\"og:image:height\" content=\"1600\" \/>\n\t<meta property=\"og:image:type\" content=\"image\/jpeg\" \/>\n<meta name=\"twitter:card\" content=\"summary_large_image\" \/>\n<meta name=\"twitter:label1\" content=\"Est. reading time\" \/>\n\t<meta name=\"twitter:data1\" content=\"1 minut\" \/>\n<script type=\"application\/ld+json\" class=\"yoast-schema-graph\">{\"@context\":\"https:\/\/schema.org\",\"@graph\":[{\"@type\":\"WebPage\",\"@id\":\"https:\/\/baubauwall.com\/et\/toode\/pilttapeet-pilvekolmnurgad-hall\/\",\"url\":\"https:\/\/baubauwall.com\/et\/toode\/pilttapeet-pilvekolmnurgad-hall\/\",\"name\":\"Grey geometric pattern mural wallpaper. Eco-friendly wallpapers\",\"isPartOf\":{\"@id\":\"https:\/\/baubauwall.com\/et\/#website\"},\"primaryImageOfPage\":{\"@id\":\"https:\/\/baubauwall.com\/et\/toode\/pilttapeet-pilvekolmnurgad-hall\/#primaryimage\"},\"image\":{\"@id\":\"https:\/\/baubauwall.com\/et\/toode\/pilttapeet-pilvekolmnurgad-hall\/#primaryimage\"},\"thumbnailUrl\":\"https:\/\/baubauwall.com\/wp-content\/uploads\/2022\/11\/51200189_Cloud-Triangles_Baubauwall_Wallmural_room9-6.jpg\",\"datePublished\":\"2023-02-15T15:00:14+00:00\",\"dateModified\":\"2023-05-11T08:47:12+00:00\",\"description\":\"Eco friendly, grey mural wallpaper design for a feature wall. Modern geometric pattern - grey triangles and cool clouds. Made to measure wall murals.\",\"breadcrumb\":{\"@id\":\"https:\/\/baubauwall.com\/et\/toode\/pilttapeet-pilvekolmnurgad-hall\/#breadcrumb\"},\"inLanguage\":\"et\",\"potentialAction\":[{\"@type\":\"ReadAction\",\"target\":[\"https:\/\/baubauwall.com\/et\/toode\/pilttapeet-pilvekolmnurgad-hall\/\"]}]},{\"@type\":\"ImageObject\",\"inLanguage\":\"et\",\"@id\":\"https:\/\/baubauwall.com\/et\/toode\/pilttapeet-pilvekolmnurgad-hall\/#primaryimage\",\"url\":\"https:\/\/baubauwall.com\/wp-content\/uploads\/2022\/11\/51200189_Cloud-Triangles_Baubauwall_Wallmural_room9-6.jpg\",\"contentUrl\":\"https:\/\/baubauwall.com\/wp-content\/uploads\/2022\/11\/51200189_Cloud-Triangles_Baubauwall_Wallmural_room9-6.jpg\",\"width\":2400,\"height\":1600},{\"@type\":\"BreadcrumbList\",\"@id\":\"https:\/\/baubauwall.com\/et\/toode\/pilttapeet-pilvekolmnurgad-hall\/#breadcrumb\",\"itemListElement\":[{\"@type\":\"ListItem\",\"position\":1,\"name\":\"Koju\",\"item\":\"https:\/\/baubauwall.com\/et\/\"},{\"@type\":\"ListItem\",\"position\":2,\"name\":\"Tapeedid\",\"item\":\"https:\/\/baubauwall.com\/et\/tapeedid\/\"},{\"@type\":\"ListItem\",\"position\":3,\"name\":\"Pilvekolmnurgad\"}]},{\"@type\":\"WebSite\",\"@id\":\"https:\/\/baubauwall.com\/et\/#website\",\"url\":\"https:\/\/baubauwall.com\/et\/\",\"name\":\"BAUBAUWALL Wallpapers\",\"description\":\"Valmis paanides tapeet Eestist!\",\"publisher\":{\"@id\":\"https:\/\/baubauwall.com\/et\/#organization\"},\"potentialAction\":[{\"@type\":\"SearchAction\",\"target\":{\"@type\":\"EntryPoint\",\"urlTemplate\":\"https:\/\/baubauwall.com\/et\/?s={search_term_string}\"},\"query-input\":{\"@type\":\"PropertyValueSpecification\",\"valueRequired\":true,\"valueName\":\"search_term_string\"}}],\"inLanguage\":\"et\"},{\"@type\":\"Organization\",\"@id\":\"https:\/\/baubauwall.com\/et\/#organization\",\"name\":\"BAUBAUWALL Wallpapers\",\"url\":\"https:\/\/baubauwall.com\/et\/\",\"logo\":{\"@type\":\"ImageObject\",\"inLanguage\":\"et\",\"@id\":\"https:\/\/baubauwall.com\/et\/#\/schema\/logo\/image\/\",\"url\":\"https:\/\/baubauwall.com\/wp-content\/uploads\/2022\/03\/logo-horizontal.svg\",\"contentUrl\":\"https:\/\/baubauwall.com\/wp-content\/uploads\/2022\/03\/logo-horizontal.svg\",\"width\":\"1024\",\"height\":\"1024\",\"caption\":\"BAUBAUWALL Wallpapers\"},\"image\":{\"@id\":\"https:\/\/baubauwall.com\/et\/#\/schema\/logo\/image\/\"},\"sameAs\":[\"https:\/\/www.facebook.com\/Baubauwall\",\"https:\/\/www.instagram.com\/baubauwall\"]}]}<\/script>\n<!-- \/ Yoast SEO plugin. -->","yoast_head_json":{"title":"Grey geometric pattern mural wallpaper. Eco-friendly wallpapers","description":"Eco friendly, grey mural wallpaper design for a feature wall. Modern geometric pattern - grey triangles and cool clouds. Made to measure wall murals.","robots":{"index":"index","follow":"follow","max-snippet":"max-snippet:-1","max-image-preview":"max-image-preview:large","max-video-preview":"max-video-preview:-1"},"canonical":"https:\/\/baubauwall.com\/et\/toode\/pilttapeet-pilvekolmnurgad-hall\/","og_locale":"et_EE","og_type":"article","og_title":"Grey geometric pattern mural wallpaper. Eco-friendly wallpapers","og_description":"Eco friendly, grey mural wallpaper design for a feature wall. Modern geometric pattern - grey triangles and cool clouds. Made to measure wall murals.","og_url":"https:\/\/baubauwall.com\/et\/toode\/pilttapeet-pilvekolmnurgad-hall\/","og_site_name":"BAUBAUWALL TAPEEDID","article_publisher":"https:\/\/www.facebook.com\/Baubauwall","article_modified_time":"2023-05-11T08:47:12+00:00","og_image":[{"width":2400,"height":1600,"url":"https:\/\/baubauwall.com\/wp-content\/uploads\/2022\/11\/51200189_Cloud-Triangles_Baubauwall_Wallmural_room9-6.jpg","type":"image\/jpeg"}],"twitter_card":"summary_large_image","twitter_misc":{"Est. reading time":"1 minut"},"schema":{"@context":"https:\/\/schema.org","@graph":[{"@type":"WebPage","@id":"https:\/\/baubauwall.com\/et\/toode\/pilttapeet-pilvekolmnurgad-hall\/","url":"https:\/\/baubauwall.com\/et\/toode\/pilttapeet-pilvekolmnurgad-hall\/","name":"Grey geometric pattern mural wallpaper. Eco-friendly wallpapers","isPartOf":{"@id":"https:\/\/baubauwall.com\/et\/#website"},"primaryImageOfPage":{"@id":"https:\/\/baubauwall.com\/et\/toode\/pilttapeet-pilvekolmnurgad-hall\/#primaryimage"},"image":{"@id":"https:\/\/baubauwall.com\/et\/toode\/pilttapeet-pilvekolmnurgad-hall\/#primaryimage"},"thumbnailUrl":"https:\/\/baubauwall.com\/wp-content\/uploads\/2022\/11\/51200189_Cloud-Triangles_Baubauwall_Wallmural_room9-6.jpg","datePublished":"2023-02-15T15:00:14+00:00","dateModified":"2023-05-11T08:47:12+00:00","description":"Eco friendly, grey mural wallpaper design for a feature wall. Modern geometric pattern - grey triangles and cool clouds. Made to measure wall murals.","breadcrumb":{"@id":"https:\/\/baubauwall.com\/et\/toode\/pilttapeet-pilvekolmnurgad-hall\/#breadcrumb"},"inLanguage":"et","potentialAction":[{"@type":"ReadAction","target":["https:\/\/baubauwall.com\/et\/toode\/pilttapeet-pilvekolmnurgad-hall\/"]}]},{"@type":"ImageObject","inLanguage":"et","@id":"https:\/\/baubauwall.com\/et\/toode\/pilttapeet-pilvekolmnurgad-hall\/#primaryimage","url":"https:\/\/baubauwall.com\/wp-content\/uploads\/2022\/11\/51200189_Cloud-Triangles_Baubauwall_Wallmural_room9-6.jpg","contentUrl":"https:\/\/baubauwall.com\/wp-content\/uploads\/2022\/11\/51200189_Cloud-Triangles_Baubauwall_Wallmural_room9-6.jpg","width":2400,"height":1600},{"@type":"BreadcrumbList","@id":"https:\/\/baubauwall.com\/et\/toode\/pilttapeet-pilvekolmnurgad-hall\/#breadcrumb","itemListElement":[{"@type":"ListItem","position":1,"name":"Koju","item":"https:\/\/baubauwall.com\/et\/"},{"@type":"ListItem","position":2,"name":"Tapeedid","item":"https:\/\/baubauwall.com\/et\/tapeedid\/"},{"@type":"ListItem","position":3,"name":"Pilvekolmnurgad"}]},{"@type":"WebSite","@id":"https:\/\/baubauwall.com\/et\/#website","url":"https:\/\/baubauwall.com\/et\/","name":"BAUBAUWALL Wallpapers","description":"Valmis paanides tapeet Eestist!","publisher":{"@id":"https:\/\/baubauwall.com\/et\/#organization"},"potentialAction":[{"@type":"SearchAction","target":{"@type":"EntryPoint","urlTemplate":"https:\/\/baubauwall.com\/et\/?s={search_term_string}"},"query-input":{"@type":"PropertyValueSpecification","valueRequired":true,"valueName":"search_term_string"}}],"inLanguage":"et"},{"@type":"Organization","@id":"https:\/\/baubauwall.com\/et\/#organization","name":"BAUBAUWALL Wallpapers","url":"https:\/\/baubauwall.com\/et\/","logo":{"@type":"ImageObject","inLanguage":"et","@id":"https:\/\/baubauwall.com\/et\/#\/schema\/logo\/image\/","url":"https:\/\/baubauwall.com\/wp-content\/uploads\/2022\/03\/logo-horizontal.svg","contentUrl":"https:\/\/baubauwall.com\/wp-content\/uploads\/2022\/03\/logo-horizontal.svg","width":"1024","height":"1024","caption":"BAUBAUWALL Wallpapers"},"image":{"@id":"https:\/\/baubauwall.com\/et\/#\/schema\/logo\/image\/"},"sameAs":["https:\/\/www.facebook.com\/Baubauwall","https:\/\/www.instagram.com\/baubauwall"]}]}},"jetpack_sharing_enabled":true,"_links":{"self":[{"href":"https:\/\/baubauwall.com\/et\/wp-json\/wp\/v2\/product\/24338","targetHints":{"allow":["GET"]}}],"collection":[{"href":"https:\/\/baubauwall.com\/et\/wp-json\/wp\/v2\/product"}],"about":[{"href":"https:\/\/baubauwall.com\/et\/wp-json\/wp\/v2\/types\/product"}],"replies":[{"embeddable":true,"href":"https:\/\/baubauwall.com\/et\/wp-json\/wp\/v2\/comments?post=24338"}],"wp:featuredmedia":[{"embeddable":true,"href":"https:\/\/baubauwall.com\/et\/wp-json\/wp\/v2\/media\/24318"}],"wp:attachment":[{"href":"https:\/\/baubauwall.com\/et\/wp-json\/wp\/v2\/media?parent=24338"}],"wp:term":[{"taxonomy":"product_brand","embeddable":true,"href":"https:\/\/baubauwall.com\/et\/wp-json\/wp\/v2\/product_brand?post=24338"},{"taxonomy":"product_cat","embeddable":true,"href":"https:\/\/baubauwall.com\/et\/wp-json\/wp\/v2\/product_cat?post=24338"},{"taxonomy":"product_tag","embeddable":true,"href":"https:\/\/baubauwall.com\/et\/wp-json\/wp\/v2\/product_tag?post=24338"}],"curies":[{"name":"wp","href":"https:\/\/api.w.org\/{rel}","templated":true}]}}