{"id":24407,"date":"2023-02-15T17:00:14","date_gmt":"2023-02-15T15:00:14","guid":{"rendered":"https:\/\/baubauwall.com\/product\/wall-mural-pomegranate-garden-mustard\/"},"modified":"2024-11-04T12:13:55","modified_gmt":"2024-11-04T10:13:55","slug":"pilttapeet-granaatounaaed-sinep","status":"publish","type":"product","link":"https:\/\/baubauwall.com\/et\/toode\/pilttapeet-granaatounaaed-sinep\/","title":{"rendered":"Granaat\u00f5unaaed &#8211; sinep"},"content":{"rendered":"<p>Tapeet lastetuppa Sulle, kui otsid veidi erilisemat lahendust. Rohekas efektne tapeet on loov!\u00a0Lastetuba on koht m\u00e4ngimiseks, \u00f5ppimiseks ja unistamiseks. Valides lastetoa tapeeti, pea meeles, et l\u00f5pptulemus v\u00f5iks laste kujutlusv\u00f5imet v\u00f5imendada. Selle pilttapeedi kujundas meie tapeedidisainer Triinu.<\/p>\n<p>P\u00f5hjamaise stiiliga armsalt tapeedilt tabad linnukesed okstel ja peidetud granaat\u00f5unad. Tere tulemast sala-aeda! Sinepitooni taustaga pilttapeet, mis sobib h\u00e4sti aktsentseinaks. Tr\u00fckitud keskkonnas\u00f5bralike v\u00e4rvidega ja hingavale, fliistapeedi materjalile.<\/p>\n<p>Loe lastetubade tapeetidest ka<a href=\"https:\/\/baubauwall.com\/et\/uudised\/kodu-koige-lustlikum-tuba\/\" target=\"_blank\" rel=\"noopener\"> Baubau ajakirjast.<\/a><\/p>\n","protected":false},"excerpt":{"rendered":"<p>Tapeet lastetuppa Sulle, kui otsid veidi erilisemat lahendust. Rohekas efektne tapeet on loov!\u00a0Lastetuba on koht m\u00e4ngimiseks, \u00f5ppimiseks ja unistamiseks. Valides lastetoa tapeeti, pea meeles, et l\u00f5pptulemus v\u00f5iks laste kujutlusv\u00f5imet v\u00f5imendada. Selle pilttapeedi kujundas meie tapeedidisainer Triinu. P\u00f5hjamaise stiiliga armsalt tapeedilt tabad linnukesed okstel ja peidetud granaat\u00f5unad. Tere tulemast sala-aeda! Sinepitooni taustaga pilttapeet, mis sobib h\u00e4sti [&hellip;]<\/p>\n","protected":false},"featured_media":24396,"comment_status":"open","ping_status":"closed","template":"","meta":{"_acf_changed":false,"inline_featured_image":false},"product_brand":[],"product_cat":[387,396,271,411,413,400,254,257,561],"product_tag":[695,345,308,346,376,324],"class_list":{"0":"post-24407","1":"product","2":"type-product","3":"status-publish","4":"has-post-thumbnail","6":"product_cat-pilttapeedid","7":"product_cat-skandinaavia","8":"product_cat-rohelised-tapeedid","9":"product_cat-kollased-tapeedid","10":"product_cat-magamistoa-tapeedid","11":"product_cat-lastetoa-tapeedid","12":"product_cat-loodus","13":"product_cat-linnud","14":"product_cat-suvised-tapeedid","15":"product_tag-eesti-disain-tapeedid","16":"product_tag-pilttapeet","17":"product_tag-poiste-tuba","18":"product_tag-sinep","19":"product_tag-teismelise-tuba","20":"product_tag-tudruku-tuba","21":"pa_designedby-baubauwall","23":"first","24":"instock","25":"taxable","26":"shipping-taxable","27":"purchasable","28":"product-type-simple"},"acf":[],"yoast_head":"<!-- This site is optimized with the Yoast SEO plugin v25.9 - https:\/\/yoast.com\/wordpress\/plugins\/seo\/ -->\n<title>Lastetoa pilttapeet lindudega. Keskkonnas\u00f5bralik tapeet<\/title>\n<meta name=\"description\" content=\"Sinepiv\u00e4rvi pilttapeet lastetoa aktsentseinale. Ilus Eesti disain lastetuppa! Tr\u00fckitud mittem\u00fcrgiste v\u00e4rvidega, nummerdatud paanides. Lihtne paigaldada.\" \/>\n<meta name=\"robots\" content=\"index, follow, max-snippet:-1, max-image-preview:large, max-video-preview:-1\" \/>\n<link rel=\"canonical\" href=\"https:\/\/baubauwall.com\/et\/toode\/pilttapeet-granaatounaaed-sinep\/\" \/>\n<meta property=\"og:locale\" content=\"et_EE\" \/>\n<meta property=\"og:type\" content=\"article\" \/>\n<meta property=\"og:title\" content=\"Lastetoa pilttapeet lindudega. Keskkonnas\u00f5bralik tapeet\" \/>\n<meta property=\"og:description\" content=\"Sinepiv\u00e4rvi pilttapeet lastetoa aktsentseinale. Ilus Eesti disain lastetuppa! Tr\u00fckitud mittem\u00fcrgiste v\u00e4rvidega, nummerdatud paanides. Lihtne paigaldada.\" \/>\n<meta property=\"og:url\" content=\"https:\/\/baubauwall.com\/et\/toode\/pilttapeet-granaatounaaed-sinep\/\" \/>\n<meta property=\"og:site_name\" content=\"BAUBAUWALL TAPEEDID\" \/>\n<meta property=\"article:publisher\" content=\"https:\/\/www.facebook.com\/Baubauwall\" \/>\n<meta property=\"article:modified_time\" content=\"2024-11-04T10:13:55+00:00\" \/>\n<meta property=\"og:image\" content=\"https:\/\/i0.wp.com\/baubauwall.com\/wp-content\/uploads\/2022\/11\/51200191_PomegranateGarden-mustard_Baubauwall_Wallmural_room8-scaled.jpg?fit=2560%2C1580&ssl=1\" \/>\n\t<meta property=\"og:image:width\" content=\"2560\" \/>\n\t<meta property=\"og:image:height\" content=\"1580\" \/>\n\t<meta property=\"og:image:type\" content=\"image\/jpeg\" \/>\n<meta name=\"twitter:card\" content=\"summary_large_image\" \/>\n<meta name=\"twitter:label1\" content=\"Est. reading time\" \/>\n\t<meta name=\"twitter:data1\" content=\"1 minut\" \/>\n<script type=\"application\/ld+json\" class=\"yoast-schema-graph\">{\"@context\":\"https:\/\/schema.org\",\"@graph\":[{\"@type\":\"WebPage\",\"@id\":\"https:\/\/baubauwall.com\/et\/toode\/pilttapeet-granaatounaaed-sinep\/\",\"url\":\"https:\/\/baubauwall.com\/et\/toode\/pilttapeet-granaatounaaed-sinep\/\",\"name\":\"Lastetoa pilttapeet lindudega. Keskkonnas\u00f5bralik tapeet\",\"isPartOf\":{\"@id\":\"https:\/\/baubauwall.com\/et\/#website\"},\"primaryImageOfPage\":{\"@id\":\"https:\/\/baubauwall.com\/et\/toode\/pilttapeet-granaatounaaed-sinep\/#primaryimage\"},\"image\":{\"@id\":\"https:\/\/baubauwall.com\/et\/toode\/pilttapeet-granaatounaaed-sinep\/#primaryimage\"},\"thumbnailUrl\":\"https:\/\/baubauwall.com\/wp-content\/uploads\/2022\/11\/51200191_PomegranateGarden-mustard_Baubauwall_Wallmural_room8-scaled.jpg\",\"datePublished\":\"2023-02-15T15:00:14+00:00\",\"dateModified\":\"2024-11-04T10:13:55+00:00\",\"description\":\"Sinepiv\u00e4rvi pilttapeet lastetoa aktsentseinale. Ilus Eesti disain lastetuppa! Tr\u00fckitud mittem\u00fcrgiste v\u00e4rvidega, nummerdatud paanides. Lihtne paigaldada.\",\"breadcrumb\":{\"@id\":\"https:\/\/baubauwall.com\/et\/toode\/pilttapeet-granaatounaaed-sinep\/#breadcrumb\"},\"inLanguage\":\"et\",\"potentialAction\":[{\"@type\":\"ReadAction\",\"target\":[\"https:\/\/baubauwall.com\/et\/toode\/pilttapeet-granaatounaaed-sinep\/\"]}]},{\"@type\":\"ImageObject\",\"inLanguage\":\"et\",\"@id\":\"https:\/\/baubauwall.com\/et\/toode\/pilttapeet-granaatounaaed-sinep\/#primaryimage\",\"url\":\"https:\/\/baubauwall.com\/wp-content\/uploads\/2022\/11\/51200191_PomegranateGarden-mustard_Baubauwall_Wallmural_room8-scaled.jpg\",\"contentUrl\":\"https:\/\/baubauwall.com\/wp-content\/uploads\/2022\/11\/51200191_PomegranateGarden-mustard_Baubauwall_Wallmural_room8-scaled.jpg\",\"width\":2560,\"height\":1580,\"caption\":\"Lastetoa tapeet Granaat\u00f5unaaed. Baubauwall tapeedid lastetuppa\"},{\"@type\":\"BreadcrumbList\",\"@id\":\"https:\/\/baubauwall.com\/et\/toode\/pilttapeet-granaatounaaed-sinep\/#breadcrumb\",\"itemListElement\":[{\"@type\":\"ListItem\",\"position\":1,\"name\":\"Koju\",\"item\":\"https:\/\/baubauwall.com\/et\/\"},{\"@type\":\"ListItem\",\"position\":2,\"name\":\"Tapeedid\",\"item\":\"https:\/\/baubauwall.com\/et\/tapeedid\/\"},{\"@type\":\"ListItem\",\"position\":3,\"name\":\"Granaat\u00f5unaaed &#8211; sinep\"}]},{\"@type\":\"WebSite\",\"@id\":\"https:\/\/baubauwall.com\/et\/#website\",\"url\":\"https:\/\/baubauwall.com\/et\/\",\"name\":\"BAUBAUWALL Wallpapers\",\"description\":\"Valmis paanides tapeet Eestist!\",\"publisher\":{\"@id\":\"https:\/\/baubauwall.com\/et\/#organization\"},\"potentialAction\":[{\"@type\":\"SearchAction\",\"target\":{\"@type\":\"EntryPoint\",\"urlTemplate\":\"https:\/\/baubauwall.com\/et\/?s={search_term_string}\"},\"query-input\":{\"@type\":\"PropertyValueSpecification\",\"valueRequired\":true,\"valueName\":\"search_term_string\"}}],\"inLanguage\":\"et\"},{\"@type\":\"Organization\",\"@id\":\"https:\/\/baubauwall.com\/et\/#organization\",\"name\":\"BAUBAUWALL Wallpapers\",\"url\":\"https:\/\/baubauwall.com\/et\/\",\"logo\":{\"@type\":\"ImageObject\",\"inLanguage\":\"et\",\"@id\":\"https:\/\/baubauwall.com\/et\/#\/schema\/logo\/image\/\",\"url\":\"https:\/\/baubauwall.com\/wp-content\/uploads\/2022\/03\/logo-horizontal.svg\",\"contentUrl\":\"https:\/\/baubauwall.com\/wp-content\/uploads\/2022\/03\/logo-horizontal.svg\",\"width\":\"1024\",\"height\":\"1024\",\"caption\":\"BAUBAUWALL Wallpapers\"},\"image\":{\"@id\":\"https:\/\/baubauwall.com\/et\/#\/schema\/logo\/image\/\"},\"sameAs\":[\"https:\/\/www.facebook.com\/Baubauwall\",\"https:\/\/www.instagram.com\/baubauwall\"]}]}<\/script>\n<!-- \/ Yoast SEO plugin. -->","yoast_head_json":{"title":"Lastetoa pilttapeet lindudega. Keskkonnas\u00f5bralik tapeet","description":"Sinepiv\u00e4rvi pilttapeet lastetoa aktsentseinale. Ilus Eesti disain lastetuppa! Tr\u00fckitud mittem\u00fcrgiste v\u00e4rvidega, nummerdatud paanides. Lihtne paigaldada.","robots":{"index":"index","follow":"follow","max-snippet":"max-snippet:-1","max-image-preview":"max-image-preview:large","max-video-preview":"max-video-preview:-1"},"canonical":"https:\/\/baubauwall.com\/et\/toode\/pilttapeet-granaatounaaed-sinep\/","og_locale":"et_EE","og_type":"article","og_title":"Lastetoa pilttapeet lindudega. Keskkonnas\u00f5bralik tapeet","og_description":"Sinepiv\u00e4rvi pilttapeet lastetoa aktsentseinale. Ilus Eesti disain lastetuppa! Tr\u00fckitud mittem\u00fcrgiste v\u00e4rvidega, nummerdatud paanides. Lihtne paigaldada.","og_url":"https:\/\/baubauwall.com\/et\/toode\/pilttapeet-granaatounaaed-sinep\/","og_site_name":"BAUBAUWALL TAPEEDID","article_publisher":"https:\/\/www.facebook.com\/Baubauwall","article_modified_time":"2024-11-04T10:13:55+00:00","og_image":[{"width":2560,"height":1580,"url":"https:\/\/i0.wp.com\/baubauwall.com\/wp-content\/uploads\/2022\/11\/51200191_PomegranateGarden-mustard_Baubauwall_Wallmural_room8-scaled.jpg?fit=2560%2C1580&ssl=1","type":"image\/jpeg"}],"twitter_card":"summary_large_image","twitter_misc":{"Est. reading time":"1 minut"},"schema":{"@context":"https:\/\/schema.org","@graph":[{"@type":"WebPage","@id":"https:\/\/baubauwall.com\/et\/toode\/pilttapeet-granaatounaaed-sinep\/","url":"https:\/\/baubauwall.com\/et\/toode\/pilttapeet-granaatounaaed-sinep\/","name":"Lastetoa pilttapeet lindudega. Keskkonnas\u00f5bralik tapeet","isPartOf":{"@id":"https:\/\/baubauwall.com\/et\/#website"},"primaryImageOfPage":{"@id":"https:\/\/baubauwall.com\/et\/toode\/pilttapeet-granaatounaaed-sinep\/#primaryimage"},"image":{"@id":"https:\/\/baubauwall.com\/et\/toode\/pilttapeet-granaatounaaed-sinep\/#primaryimage"},"thumbnailUrl":"https:\/\/baubauwall.com\/wp-content\/uploads\/2022\/11\/51200191_PomegranateGarden-mustard_Baubauwall_Wallmural_room8-scaled.jpg","datePublished":"2023-02-15T15:00:14+00:00","dateModified":"2024-11-04T10:13:55+00:00","description":"Sinepiv\u00e4rvi pilttapeet lastetoa aktsentseinale. Ilus Eesti disain lastetuppa! Tr\u00fckitud mittem\u00fcrgiste v\u00e4rvidega, nummerdatud paanides. Lihtne paigaldada.","breadcrumb":{"@id":"https:\/\/baubauwall.com\/et\/toode\/pilttapeet-granaatounaaed-sinep\/#breadcrumb"},"inLanguage":"et","potentialAction":[{"@type":"ReadAction","target":["https:\/\/baubauwall.com\/et\/toode\/pilttapeet-granaatounaaed-sinep\/"]}]},{"@type":"ImageObject","inLanguage":"et","@id":"https:\/\/baubauwall.com\/et\/toode\/pilttapeet-granaatounaaed-sinep\/#primaryimage","url":"https:\/\/baubauwall.com\/wp-content\/uploads\/2022\/11\/51200191_PomegranateGarden-mustard_Baubauwall_Wallmural_room8-scaled.jpg","contentUrl":"https:\/\/baubauwall.com\/wp-content\/uploads\/2022\/11\/51200191_PomegranateGarden-mustard_Baubauwall_Wallmural_room8-scaled.jpg","width":2560,"height":1580,"caption":"Lastetoa tapeet Granaat\u00f5unaaed. Baubauwall tapeedid lastetuppa"},{"@type":"BreadcrumbList","@id":"https:\/\/baubauwall.com\/et\/toode\/pilttapeet-granaatounaaed-sinep\/#breadcrumb","itemListElement":[{"@type":"ListItem","position":1,"name":"Koju","item":"https:\/\/baubauwall.com\/et\/"},{"@type":"ListItem","position":2,"name":"Tapeedid","item":"https:\/\/baubauwall.com\/et\/tapeedid\/"},{"@type":"ListItem","position":3,"name":"Granaat\u00f5unaaed &#8211; sinep"}]},{"@type":"WebSite","@id":"https:\/\/baubauwall.com\/et\/#website","url":"https:\/\/baubauwall.com\/et\/","name":"BAUBAUWALL Wallpapers","description":"Valmis paanides tapeet Eestist!","publisher":{"@id":"https:\/\/baubauwall.com\/et\/#organization"},"potentialAction":[{"@type":"SearchAction","target":{"@type":"EntryPoint","urlTemplate":"https:\/\/baubauwall.com\/et\/?s={search_term_string}"},"query-input":{"@type":"PropertyValueSpecification","valueRequired":true,"valueName":"search_term_string"}}],"inLanguage":"et"},{"@type":"Organization","@id":"https:\/\/baubauwall.com\/et\/#organization","name":"BAUBAUWALL Wallpapers","url":"https:\/\/baubauwall.com\/et\/","logo":{"@type":"ImageObject","inLanguage":"et","@id":"https:\/\/baubauwall.com\/et\/#\/schema\/logo\/image\/","url":"https:\/\/baubauwall.com\/wp-content\/uploads\/2022\/03\/logo-horizontal.svg","contentUrl":"https:\/\/baubauwall.com\/wp-content\/uploads\/2022\/03\/logo-horizontal.svg","width":"1024","height":"1024","caption":"BAUBAUWALL Wallpapers"},"image":{"@id":"https:\/\/baubauwall.com\/et\/#\/schema\/logo\/image\/"},"sameAs":["https:\/\/www.facebook.com\/Baubauwall","https:\/\/www.instagram.com\/baubauwall"]}]}},"jetpack_sharing_enabled":true,"_links":{"self":[{"href":"https:\/\/baubauwall.com\/et\/wp-json\/wp\/v2\/product\/24407","targetHints":{"allow":["GET"]}}],"collection":[{"href":"https:\/\/baubauwall.com\/et\/wp-json\/wp\/v2\/product"}],"about":[{"href":"https:\/\/baubauwall.com\/et\/wp-json\/wp\/v2\/types\/product"}],"replies":[{"embeddable":true,"href":"https:\/\/baubauwall.com\/et\/wp-json\/wp\/v2\/comments?post=24407"}],"wp:featuredmedia":[{"embeddable":true,"href":"https:\/\/baubauwall.com\/et\/wp-json\/wp\/v2\/media\/24396"}],"wp:attachment":[{"href":"https:\/\/baubauwall.com\/et\/wp-json\/wp\/v2\/media?parent=24407"}],"wp:term":[{"taxonomy":"product_brand","embeddable":true,"href":"https:\/\/baubauwall.com\/et\/wp-json\/wp\/v2\/product_brand?post=24407"},{"taxonomy":"product_cat","embeddable":true,"href":"https:\/\/baubauwall.com\/et\/wp-json\/wp\/v2\/product_cat?post=24407"},{"taxonomy":"product_tag","embeddable":true,"href":"https:\/\/baubauwall.com\/et\/wp-json\/wp\/v2\/product_tag?post=24407"}],"curies":[{"name":"wp","href":"https:\/\/api.w.org\/{rel}","templated":true}]}}