{"id":24410,"date":"2023-02-28T14:22:00","date_gmt":"2023-02-28T12:22:00","guid":{"rendered":"https:\/\/baubauwall.com\/?post_type=product&#038;p=24410"},"modified":"2023-02-28T14:28:15","modified_gmt":"2023-02-28T12:28:15","slug":"pilttapeet-granaatounaaed-roosa","status":"publish","type":"product","link":"https:\/\/baubauwall.com\/et\/toode\/pilttapeet-granaatounaaed-roosa\/","title":{"rendered":"Granaat\u00f5unaaed &#8211; roosa"},"content":{"rendered":"<p>Lastetuba on koht m\u00e4ngimiseks, \u00f5ppimiseks ja unistamiseks. Valides lastetoa tapeeti, pea meeles, et l\u00f5pptulemus v\u00f5iks laste kujutlusv\u00f5imet v\u00f5imendada. Selle pilttapeedi kujundas meie tapeedidisainer Triinu. P\u00f5hjamaise stiiliga armsalt roosalt tapeedilt tabad linnukesed okstel ja peidetud granaat\u00f5unad. Pilttapeet, mis sobib h\u00e4sti aktsentseinaks. V\u00e4rvi muud seinad sama tapeedi detailide j\u00e4rgi \u2013 n\u00e4iteks heleroosaks v\u00f5i valgeks. Tr\u00fckitud keskkonnas\u00f5bralike v\u00e4rvidega ja hingavale, fliistapeedi materjalile.<\/p>\n<p>Loe lastetubade tapeetidest ka<a href=\"https:\/\/baubauwall.com\/et\/uudised\/kodu-koige-lustlikum-tuba\/\" target=\"_blank\" rel=\"noopener\"> Baubau ajakirjast.<\/a><\/p>\n","protected":false},"excerpt":{"rendered":"<p>Lastetuba on koht m\u00e4ngimiseks, \u00f5ppimiseks ja unistamiseks. Valides lastetoa tapeeti, pea meeles, et l\u00f5pptulemus v\u00f5iks laste kujutlusv\u00f5imet v\u00f5imendada. Selle pilttapeedi kujundas meie tapeedidisainer Triinu. P\u00f5hjamaise stiiliga armsalt roosalt tapeedilt tabad linnukesed okstel ja peidetud granaat\u00f5unad. Pilttapeet, mis sobib h\u00e4sti aktsentseinaks. V\u00e4rvi muud seinad sama tapeedi detailide j\u00e4rgi \u2013 n\u00e4iteks heleroosaks v\u00f5i valgeks. Tr\u00fckitud keskkonnas\u00f5bralike v\u00e4rvidega [&hellip;]<\/p>\n","protected":false},"featured_media":24436,"comment_status":"open","ping_status":"closed","template":"","meta":{"_acf_changed":false,"inline_featured_image":false},"product_brand":[],"product_cat":[387,395,396,273,276,278,413,400,248,257,261],"product_tag":[695,345,324],"class_list":{"0":"post-24410","1":"product","2":"type-product","3":"status-publish","4":"has-post-thumbnail","6":"product_cat-pilttapeedid","7":"product_cat-romantiline","8":"product_cat-skandinaavia","9":"product_cat-heledad-tapeedid","10":"product_cat-pastelsed-tapeedid","11":"product_cat-roosad-tapeedid","12":"product_cat-magamistoa-tapeedid","13":"product_cat-lastetoa-tapeedid","14":"product_cat-mets","15":"product_cat-linnud","16":"product_cat-puuviljad","17":"product_tag-eesti-disain-tapeedid","18":"product_tag-pilttapeet","19":"product_tag-tudruku-tuba","20":"pa_designedby-baubauwall","22":"first","23":"instock","24":"taxable","25":"shipping-taxable","26":"purchasable","27":"product-type-simple"},"acf":[],"yoast_head":"<!-- This site is optimized with the Yoast SEO plugin v25.9 - https:\/\/yoast.com\/wordpress\/plugins\/seo\/ -->\n<title>Roosa lastetoa pilttapeet lindudega. Keskkonnas\u00f5bralik tapeet.<\/title>\n<meta name=\"description\" content=\"Roosa pilttapeet lastetoa aktsentseinale. Ilus Eesti disain lastetuppa! Tr\u00fckitud mittem\u00fcrgiste v\u00e4rvidega, nummerdatud paanides. Lihtne paigaldada.\" \/>\n<meta name=\"robots\" content=\"index, follow, max-snippet:-1, max-image-preview:large, max-video-preview:-1\" \/>\n<link rel=\"canonical\" href=\"https:\/\/baubauwall.com\/et\/toode\/pilttapeet-granaatounaaed-roosa\/\" \/>\n<meta property=\"og:locale\" content=\"et_EE\" \/>\n<meta property=\"og:type\" content=\"article\" \/>\n<meta property=\"og:title\" content=\"Roosa lastetoa pilttapeet lindudega. Keskkonnas\u00f5bralik tapeet.\" \/>\n<meta property=\"og:description\" content=\"Roosa pilttapeet lastetoa aktsentseinale. Ilus Eesti disain lastetuppa! Tr\u00fckitud mittem\u00fcrgiste v\u00e4rvidega, nummerdatud paanides. Lihtne paigaldada.\" \/>\n<meta property=\"og:url\" content=\"https:\/\/baubauwall.com\/et\/toode\/pilttapeet-granaatounaaed-roosa\/\" \/>\n<meta property=\"og:site_name\" content=\"BAUBAUWALL Wallpapers\" \/>\n<meta property=\"article:publisher\" content=\"https:\/\/www.facebook.com\/Baubauwall\" \/>\n<meta property=\"article:modified_time\" content=\"2023-02-28T12:28:15+00:00\" \/>\n<meta property=\"og:image\" content=\"https:\/\/baubauwall.com\/wp-content\/uploads\/2023\/02\/51200192_PomegranateGarden-pink_Baubauwall_Wallmural_room11.jpg\" \/>\n\t<meta property=\"og:image:width\" content=\"2400\" \/>\n\t<meta property=\"og:image:height\" content=\"1600\" \/>\n\t<meta property=\"og:image:type\" content=\"image\/jpeg\" \/>\n<meta name=\"twitter:card\" content=\"summary_large_image\" \/>\n<meta name=\"twitter:label1\" content=\"Est. reading time\" \/>\n\t<meta name=\"twitter:data1\" content=\"1 minut\" \/>\n<script type=\"application\/ld+json\" class=\"yoast-schema-graph\">{\"@context\":\"https:\/\/schema.org\",\"@graph\":[{\"@type\":\"WebPage\",\"@id\":\"https:\/\/baubauwall.com\/et\/toode\/pilttapeet-granaatounaaed-roosa\/\",\"url\":\"https:\/\/baubauwall.com\/et\/toode\/pilttapeet-granaatounaaed-roosa\/\",\"name\":\"Roosa lastetoa pilttapeet lindudega. Keskkonnas\u00f5bralik tapeet.\",\"isPartOf\":{\"@id\":\"https:\/\/baubauwall.com\/et\/#website\"},\"primaryImageOfPage\":{\"@id\":\"https:\/\/baubauwall.com\/et\/toode\/pilttapeet-granaatounaaed-roosa\/#primaryimage\"},\"image\":{\"@id\":\"https:\/\/baubauwall.com\/et\/toode\/pilttapeet-granaatounaaed-roosa\/#primaryimage\"},\"thumbnailUrl\":\"https:\/\/baubauwall.com\/wp-content\/uploads\/2023\/02\/51200192_PomegranateGarden-pink_Baubauwall_Wallmural_room11.jpg\",\"datePublished\":\"2023-02-28T12:22:00+00:00\",\"dateModified\":\"2023-02-28T12:28:15+00:00\",\"description\":\"Roosa pilttapeet lastetoa aktsentseinale. Ilus Eesti disain lastetuppa! Tr\u00fckitud mittem\u00fcrgiste v\u00e4rvidega, nummerdatud paanides. Lihtne paigaldada.\",\"breadcrumb\":{\"@id\":\"https:\/\/baubauwall.com\/et\/toode\/pilttapeet-granaatounaaed-roosa\/#breadcrumb\"},\"inLanguage\":\"et\",\"potentialAction\":[{\"@type\":\"ReadAction\",\"target\":[\"https:\/\/baubauwall.com\/et\/toode\/pilttapeet-granaatounaaed-roosa\/\"]}]},{\"@type\":\"ImageObject\",\"inLanguage\":\"et\",\"@id\":\"https:\/\/baubauwall.com\/et\/toode\/pilttapeet-granaatounaaed-roosa\/#primaryimage\",\"url\":\"https:\/\/baubauwall.com\/wp-content\/uploads\/2023\/02\/51200192_PomegranateGarden-pink_Baubauwall_Wallmural_room11.jpg\",\"contentUrl\":\"https:\/\/baubauwall.com\/wp-content\/uploads\/2023\/02\/51200192_PomegranateGarden-pink_Baubauwall_Wallmural_room11.jpg\",\"width\":2400,\"height\":1600},{\"@type\":\"BreadcrumbList\",\"@id\":\"https:\/\/baubauwall.com\/et\/toode\/pilttapeet-granaatounaaed-roosa\/#breadcrumb\",\"itemListElement\":[{\"@type\":\"ListItem\",\"position\":1,\"name\":\"Koju\",\"item\":\"https:\/\/baubauwall.com\/et\/\"},{\"@type\":\"ListItem\",\"position\":2,\"name\":\"Tapeedid\",\"item\":\"https:\/\/baubauwall.com\/et\/tapeedid\/\"},{\"@type\":\"ListItem\",\"position\":3,\"name\":\"Granaat\u00f5unaaed &#8211; roosa\"}]},{\"@type\":\"WebSite\",\"@id\":\"https:\/\/baubauwall.com\/et\/#website\",\"url\":\"https:\/\/baubauwall.com\/et\/\",\"name\":\"BAUBAUWALL Wallpapers\",\"description\":\"Valmis paanides tapeet Eestist!\",\"publisher\":{\"@id\":\"https:\/\/baubauwall.com\/et\/#organization\"},\"potentialAction\":[{\"@type\":\"SearchAction\",\"target\":{\"@type\":\"EntryPoint\",\"urlTemplate\":\"https:\/\/baubauwall.com\/et\/?s={search_term_string}\"},\"query-input\":{\"@type\":\"PropertyValueSpecification\",\"valueRequired\":true,\"valueName\":\"search_term_string\"}}],\"inLanguage\":\"et\"},{\"@type\":\"Organization\",\"@id\":\"https:\/\/baubauwall.com\/et\/#organization\",\"name\":\"BAUBAUWALL Wallpapers\",\"url\":\"https:\/\/baubauwall.com\/et\/\",\"logo\":{\"@type\":\"ImageObject\",\"inLanguage\":\"et\",\"@id\":\"https:\/\/baubauwall.com\/et\/#\/schema\/logo\/image\/\",\"url\":\"https:\/\/baubauwall.com\/wp-content\/uploads\/2022\/03\/logo-horizontal.svg\",\"contentUrl\":\"https:\/\/baubauwall.com\/wp-content\/uploads\/2022\/03\/logo-horizontal.svg\",\"width\":\"1024\",\"height\":\"1024\",\"caption\":\"BAUBAUWALL Wallpapers\"},\"image\":{\"@id\":\"https:\/\/baubauwall.com\/et\/#\/schema\/logo\/image\/\"},\"sameAs\":[\"https:\/\/www.facebook.com\/Baubauwall\",\"https:\/\/www.instagram.com\/baubauwall\"]}]}<\/script>\n<!-- \/ Yoast SEO plugin. -->","yoast_head_json":{"title":"Roosa lastetoa pilttapeet lindudega. Keskkonnas\u00f5bralik tapeet.","description":"Roosa pilttapeet lastetoa aktsentseinale. Ilus Eesti disain lastetuppa! Tr\u00fckitud mittem\u00fcrgiste v\u00e4rvidega, nummerdatud paanides. Lihtne paigaldada.","robots":{"index":"index","follow":"follow","max-snippet":"max-snippet:-1","max-image-preview":"max-image-preview:large","max-video-preview":"max-video-preview:-1"},"canonical":"https:\/\/baubauwall.com\/et\/toode\/pilttapeet-granaatounaaed-roosa\/","og_locale":"et_EE","og_type":"article","og_title":"Roosa lastetoa pilttapeet lindudega. Keskkonnas\u00f5bralik tapeet.","og_description":"Roosa pilttapeet lastetoa aktsentseinale. Ilus Eesti disain lastetuppa! Tr\u00fckitud mittem\u00fcrgiste v\u00e4rvidega, nummerdatud paanides. Lihtne paigaldada.","og_url":"https:\/\/baubauwall.com\/et\/toode\/pilttapeet-granaatounaaed-roosa\/","og_site_name":"BAUBAUWALL Wallpapers","article_publisher":"https:\/\/www.facebook.com\/Baubauwall","article_modified_time":"2023-02-28T12:28:15+00:00","og_image":[{"width":2400,"height":1600,"url":"https:\/\/baubauwall.com\/wp-content\/uploads\/2023\/02\/51200192_PomegranateGarden-pink_Baubauwall_Wallmural_room11.jpg","type":"image\/jpeg"}],"twitter_card":"summary_large_image","twitter_misc":{"Est. reading time":"1 minut"},"schema":{"@context":"https:\/\/schema.org","@graph":[{"@type":"WebPage","@id":"https:\/\/baubauwall.com\/et\/toode\/pilttapeet-granaatounaaed-roosa\/","url":"https:\/\/baubauwall.com\/et\/toode\/pilttapeet-granaatounaaed-roosa\/","name":"Roosa lastetoa pilttapeet lindudega. Keskkonnas\u00f5bralik tapeet.","isPartOf":{"@id":"https:\/\/baubauwall.com\/et\/#website"},"primaryImageOfPage":{"@id":"https:\/\/baubauwall.com\/et\/toode\/pilttapeet-granaatounaaed-roosa\/#primaryimage"},"image":{"@id":"https:\/\/baubauwall.com\/et\/toode\/pilttapeet-granaatounaaed-roosa\/#primaryimage"},"thumbnailUrl":"https:\/\/baubauwall.com\/wp-content\/uploads\/2023\/02\/51200192_PomegranateGarden-pink_Baubauwall_Wallmural_room11.jpg","datePublished":"2023-02-28T12:22:00+00:00","dateModified":"2023-02-28T12:28:15+00:00","description":"Roosa pilttapeet lastetoa aktsentseinale. Ilus Eesti disain lastetuppa! Tr\u00fckitud mittem\u00fcrgiste v\u00e4rvidega, nummerdatud paanides. Lihtne paigaldada.","breadcrumb":{"@id":"https:\/\/baubauwall.com\/et\/toode\/pilttapeet-granaatounaaed-roosa\/#breadcrumb"},"inLanguage":"et","potentialAction":[{"@type":"ReadAction","target":["https:\/\/baubauwall.com\/et\/toode\/pilttapeet-granaatounaaed-roosa\/"]}]},{"@type":"ImageObject","inLanguage":"et","@id":"https:\/\/baubauwall.com\/et\/toode\/pilttapeet-granaatounaaed-roosa\/#primaryimage","url":"https:\/\/baubauwall.com\/wp-content\/uploads\/2023\/02\/51200192_PomegranateGarden-pink_Baubauwall_Wallmural_room11.jpg","contentUrl":"https:\/\/baubauwall.com\/wp-content\/uploads\/2023\/02\/51200192_PomegranateGarden-pink_Baubauwall_Wallmural_room11.jpg","width":2400,"height":1600},{"@type":"BreadcrumbList","@id":"https:\/\/baubauwall.com\/et\/toode\/pilttapeet-granaatounaaed-roosa\/#breadcrumb","itemListElement":[{"@type":"ListItem","position":1,"name":"Koju","item":"https:\/\/baubauwall.com\/et\/"},{"@type":"ListItem","position":2,"name":"Tapeedid","item":"https:\/\/baubauwall.com\/et\/tapeedid\/"},{"@type":"ListItem","position":3,"name":"Granaat\u00f5unaaed &#8211; roosa"}]},{"@type":"WebSite","@id":"https:\/\/baubauwall.com\/et\/#website","url":"https:\/\/baubauwall.com\/et\/","name":"BAUBAUWALL Wallpapers","description":"Valmis paanides tapeet Eestist!","publisher":{"@id":"https:\/\/baubauwall.com\/et\/#organization"},"potentialAction":[{"@type":"SearchAction","target":{"@type":"EntryPoint","urlTemplate":"https:\/\/baubauwall.com\/et\/?s={search_term_string}"},"query-input":{"@type":"PropertyValueSpecification","valueRequired":true,"valueName":"search_term_string"}}],"inLanguage":"et"},{"@type":"Organization","@id":"https:\/\/baubauwall.com\/et\/#organization","name":"BAUBAUWALL Wallpapers","url":"https:\/\/baubauwall.com\/et\/","logo":{"@type":"ImageObject","inLanguage":"et","@id":"https:\/\/baubauwall.com\/et\/#\/schema\/logo\/image\/","url":"https:\/\/baubauwall.com\/wp-content\/uploads\/2022\/03\/logo-horizontal.svg","contentUrl":"https:\/\/baubauwall.com\/wp-content\/uploads\/2022\/03\/logo-horizontal.svg","width":"1024","height":"1024","caption":"BAUBAUWALL Wallpapers"},"image":{"@id":"https:\/\/baubauwall.com\/et\/#\/schema\/logo\/image\/"},"sameAs":["https:\/\/www.facebook.com\/Baubauwall","https:\/\/www.instagram.com\/baubauwall"]}]}},"jetpack_sharing_enabled":true,"_links":{"self":[{"href":"https:\/\/baubauwall.com\/et\/wp-json\/wp\/v2\/product\/24410","targetHints":{"allow":["GET"]}}],"collection":[{"href":"https:\/\/baubauwall.com\/et\/wp-json\/wp\/v2\/product"}],"about":[{"href":"https:\/\/baubauwall.com\/et\/wp-json\/wp\/v2\/types\/product"}],"replies":[{"embeddable":true,"href":"https:\/\/baubauwall.com\/et\/wp-json\/wp\/v2\/comments?post=24410"}],"wp:featuredmedia":[{"embeddable":true,"href":"https:\/\/baubauwall.com\/et\/wp-json\/wp\/v2\/media\/24436"}],"wp:attachment":[{"href":"https:\/\/baubauwall.com\/et\/wp-json\/wp\/v2\/media?parent=24410"}],"wp:term":[{"taxonomy":"product_brand","embeddable":true,"href":"https:\/\/baubauwall.com\/et\/wp-json\/wp\/v2\/product_brand?post=24410"},{"taxonomy":"product_cat","embeddable":true,"href":"https:\/\/baubauwall.com\/et\/wp-json\/wp\/v2\/product_cat?post=24410"},{"taxonomy":"product_tag","embeddable":true,"href":"https:\/\/baubauwall.com\/et\/wp-json\/wp\/v2\/product_tag?post=24410"}],"curies":[{"name":"wp","href":"https:\/\/api.w.org\/{rel}","templated":true}]}}