{"id":24598,"date":"2023-03-01T12:41:12","date_gmt":"2023-03-01T10:41:12","guid":{"rendered":"https:\/\/baubauwall.com\/?post_type=product&#038;p=24598"},"modified":"2023-03-01T12:48:00","modified_gmt":"2023-03-01T10:48:00","slug":"ombre-kevad","status":"publish","type":"product","link":"https:\/\/baubauwall.com\/et\/toode\/ombre-kevad\/","title":{"rendered":"Ombre &#8211; kevad"},"content":{"rendered":"<p>Moodne\u00a0<em>ombre\u00a0<\/em>stiilis pilttapeedi disain, mis sobib ilmestama eriti h\u00e4sti lastetoa seinale. Kirka rohelise ja kollase v\u00e4rvide <em>gradient\u00a0<\/em>efekt on lihtne viis tuua v\u00e4rvi oma sisekujundusesse. Pilttapeet, mis lihtsalt m\u00e4ngib p\u00f5hjamaise kevade erksate v\u00e4rvidega, on hea lahendus lastetoa seinale. Siia juurde on h\u00f5lbus sobitada lastetoa m\u00f6\u00f6blit, ilma, et kogumulje m\u00f5juks koormavalt.<\/p>\n<p>Nagu k\u00f5ik meie tapeedid, fototapeedid ja pilttapeedid, on ka see disain tr\u00fckitud hingavale, keskkonnas\u00f5bralike v\u00e4rvidega fliistapeedi materjalile. Loe lisaks j\u00e4\u00e4tmevabast ja innovaatilisest\u00a0<a href=\"https:\/\/baubauwall.com\/et\/keskkonnasobralikud-tapeedid\/\" target=\"_blank\" rel=\"noopener\">tapeeditootmisest siin.<\/a><\/p>\n","protected":false},"excerpt":{"rendered":"<p>Moodne\u00a0ombre\u00a0stiilis pilttapeedi disain, mis sobib ilmestama eriti h\u00e4sti lastetoa seinale. Kirka rohelise ja kollase v\u00e4rvide gradient\u00a0efekt on lihtne viis tuua v\u00e4rvi oma sisekujundusesse. Pilttapeet, mis lihtsalt m\u00e4ngib p\u00f5hjamaise kevade erksate v\u00e4rvidega, on hea lahendus lastetoa seinale. Siia juurde on h\u00f5lbus sobitada lastetoa m\u00f6\u00f6blit, ilma, et kogumulje m\u00f5juks koormavalt. Nagu k\u00f5ik meie tapeedid, fototapeedid ja pilttapeedid, [&hellip;]<\/p>\n","protected":false},"featured_media":24603,"comment_status":"open","ping_status":"closed","template":"","meta":{"_acf_changed":false,"inline_featured_image":false},"product_brand":[],"product_cat":[387,773,391,268,271,411,413,400,561],"product_tag":[345,308,324],"class_list":{"0":"post-24598","1":"product","2":"type-product","3":"status-publish","4":"has-post-thumbnail","6":"product_cat-pilttapeedid","7":"product_cat-ombre-et","8":"product_cat-vahemereline","9":"product_cat-kirkad-tapeedid","10":"product_cat-rohelised-tapeedid","11":"product_cat-kollased-tapeedid","12":"product_cat-magamistoa-tapeedid","13":"product_cat-lastetoa-tapeedid","14":"product_cat-suvised-tapeedid","15":"product_tag-pilttapeet","16":"product_tag-poiste-tuba","17":"product_tag-tudruku-tuba","18":"pa_designedby-baubauwall","20":"first","21":"instock","22":"taxable","23":"shipping-taxable","24":"purchasable","25":"product-type-simple"},"acf":[],"yoast_head":"<!-- This site is optimized with the Yoast SEO plugin v25.9 - https:\/\/yoast.com\/wordpress\/plugins\/seo\/ -->\n<title>Ombre efektiga pilttapeet lastetuppa. Keskkonnas\u00f5bralik tapeet<\/title>\n<meta name=\"description\" content=\"R\u00f5\u00f5mus ja lihtne tapeet lastetuppa. Ombre stiilis, soojades toonides pilttapeet lastetoa seinale. R\u00e4tsepat\u00f6\u00f6na valmivad tapeedid. Sinu seina m\u00f5\u00f5tu paanides.\" \/>\n<meta name=\"robots\" content=\"index, follow, max-snippet:-1, max-image-preview:large, max-video-preview:-1\" \/>\n<link rel=\"canonical\" href=\"https:\/\/baubauwall.com\/et\/toode\/ombre-kevad\/\" \/>\n<meta property=\"og:locale\" content=\"et_EE\" \/>\n<meta property=\"og:type\" content=\"article\" \/>\n<meta property=\"og:title\" content=\"Ombre efektiga pilttapeet lastetuppa. Keskkonnas\u00f5bralik tapeet\" \/>\n<meta property=\"og:description\" content=\"R\u00f5\u00f5mus ja lihtne tapeet lastetuppa. Ombre stiilis, soojades toonides pilttapeet lastetoa seinale. R\u00e4tsepat\u00f6\u00f6na valmivad tapeedid. Sinu seina m\u00f5\u00f5tu paanides.\" \/>\n<meta property=\"og:url\" content=\"https:\/\/baubauwall.com\/et\/toode\/ombre-kevad\/\" \/>\n<meta property=\"og:site_name\" content=\"BAUBAUWALL TAPEEDID\" \/>\n<meta property=\"article:publisher\" content=\"https:\/\/www.facebook.com\/Baubauwall\" \/>\n<meta property=\"article:modified_time\" content=\"2023-03-01T10:48:00+00:00\" \/>\n<meta property=\"og:image\" content=\"https:\/\/baubauwall.com\/wp-content\/uploads\/2023\/03\/51200188_Ombre-spring_Baubauwall_Wallmural_room2-10.jpg\" \/>\n\t<meta property=\"og:image:width\" content=\"2400\" \/>\n\t<meta property=\"og:image:height\" content=\"1600\" \/>\n\t<meta property=\"og:image:type\" content=\"image\/jpeg\" \/>\n<meta name=\"twitter:card\" content=\"summary_large_image\" \/>\n<meta name=\"twitter:label1\" content=\"Est. reading time\" \/>\n\t<meta name=\"twitter:data1\" content=\"1 minut\" \/>\n<script type=\"application\/ld+json\" class=\"yoast-schema-graph\">{\"@context\":\"https:\/\/schema.org\",\"@graph\":[{\"@type\":\"WebPage\",\"@id\":\"https:\/\/baubauwall.com\/et\/toode\/ombre-kevad\/\",\"url\":\"https:\/\/baubauwall.com\/et\/toode\/ombre-kevad\/\",\"name\":\"Ombre efektiga pilttapeet lastetuppa. Keskkonnas\u00f5bralik tapeet\",\"isPartOf\":{\"@id\":\"https:\/\/baubauwall.com\/et\/#website\"},\"primaryImageOfPage\":{\"@id\":\"https:\/\/baubauwall.com\/et\/toode\/ombre-kevad\/#primaryimage\"},\"image\":{\"@id\":\"https:\/\/baubauwall.com\/et\/toode\/ombre-kevad\/#primaryimage\"},\"thumbnailUrl\":\"https:\/\/baubauwall.com\/wp-content\/uploads\/2023\/03\/51200188_Ombre-spring_Baubauwall_Wallmural_room2-10.jpg\",\"datePublished\":\"2023-03-01T10:41:12+00:00\",\"dateModified\":\"2023-03-01T10:48:00+00:00\",\"description\":\"R\u00f5\u00f5mus ja lihtne tapeet lastetuppa. Ombre stiilis, soojades toonides pilttapeet lastetoa seinale. R\u00e4tsepat\u00f6\u00f6na valmivad tapeedid. Sinu seina m\u00f5\u00f5tu paanides.\",\"breadcrumb\":{\"@id\":\"https:\/\/baubauwall.com\/et\/toode\/ombre-kevad\/#breadcrumb\"},\"inLanguage\":\"et\",\"potentialAction\":[{\"@type\":\"ReadAction\",\"target\":[\"https:\/\/baubauwall.com\/et\/toode\/ombre-kevad\/\"]}]},{\"@type\":\"ImageObject\",\"inLanguage\":\"et\",\"@id\":\"https:\/\/baubauwall.com\/et\/toode\/ombre-kevad\/#primaryimage\",\"url\":\"https:\/\/baubauwall.com\/wp-content\/uploads\/2023\/03\/51200188_Ombre-spring_Baubauwall_Wallmural_room2-10.jpg\",\"contentUrl\":\"https:\/\/baubauwall.com\/wp-content\/uploads\/2023\/03\/51200188_Ombre-spring_Baubauwall_Wallmural_room2-10.jpg\",\"width\":2400,\"height\":1600,\"caption\":\"Lastetoa tapeet ombre - kevad\"},{\"@type\":\"BreadcrumbList\",\"@id\":\"https:\/\/baubauwall.com\/et\/toode\/ombre-kevad\/#breadcrumb\",\"itemListElement\":[{\"@type\":\"ListItem\",\"position\":1,\"name\":\"Koju\",\"item\":\"https:\/\/baubauwall.com\/et\/\"},{\"@type\":\"ListItem\",\"position\":2,\"name\":\"Tapeedid\",\"item\":\"https:\/\/baubauwall.com\/et\/tapeedid\/\"},{\"@type\":\"ListItem\",\"position\":3,\"name\":\"Ombre &#8211; kevad\"}]},{\"@type\":\"WebSite\",\"@id\":\"https:\/\/baubauwall.com\/et\/#website\",\"url\":\"https:\/\/baubauwall.com\/et\/\",\"name\":\"BAUBAUWALL Wallpapers\",\"description\":\"Valmis paanides tapeet Eestist!\",\"publisher\":{\"@id\":\"https:\/\/baubauwall.com\/et\/#organization\"},\"potentialAction\":[{\"@type\":\"SearchAction\",\"target\":{\"@type\":\"EntryPoint\",\"urlTemplate\":\"https:\/\/baubauwall.com\/et\/?s={search_term_string}\"},\"query-input\":{\"@type\":\"PropertyValueSpecification\",\"valueRequired\":true,\"valueName\":\"search_term_string\"}}],\"inLanguage\":\"et\"},{\"@type\":\"Organization\",\"@id\":\"https:\/\/baubauwall.com\/et\/#organization\",\"name\":\"BAUBAUWALL Wallpapers\",\"url\":\"https:\/\/baubauwall.com\/et\/\",\"logo\":{\"@type\":\"ImageObject\",\"inLanguage\":\"et\",\"@id\":\"https:\/\/baubauwall.com\/et\/#\/schema\/logo\/image\/\",\"url\":\"https:\/\/baubauwall.com\/wp-content\/uploads\/2022\/03\/logo-horizontal.svg\",\"contentUrl\":\"https:\/\/baubauwall.com\/wp-content\/uploads\/2022\/03\/logo-horizontal.svg\",\"width\":\"1024\",\"height\":\"1024\",\"caption\":\"BAUBAUWALL Wallpapers\"},\"image\":{\"@id\":\"https:\/\/baubauwall.com\/et\/#\/schema\/logo\/image\/\"},\"sameAs\":[\"https:\/\/www.facebook.com\/Baubauwall\",\"https:\/\/www.instagram.com\/baubauwall\"]}]}<\/script>\n<!-- \/ Yoast SEO plugin. -->","yoast_head_json":{"title":"Ombre efektiga pilttapeet lastetuppa. Keskkonnas\u00f5bralik tapeet","description":"R\u00f5\u00f5mus ja lihtne tapeet lastetuppa. Ombre stiilis, soojades toonides pilttapeet lastetoa seinale. R\u00e4tsepat\u00f6\u00f6na valmivad tapeedid. Sinu seina m\u00f5\u00f5tu paanides.","robots":{"index":"index","follow":"follow","max-snippet":"max-snippet:-1","max-image-preview":"max-image-preview:large","max-video-preview":"max-video-preview:-1"},"canonical":"https:\/\/baubauwall.com\/et\/toode\/ombre-kevad\/","og_locale":"et_EE","og_type":"article","og_title":"Ombre efektiga pilttapeet lastetuppa. Keskkonnas\u00f5bralik tapeet","og_description":"R\u00f5\u00f5mus ja lihtne tapeet lastetuppa. Ombre stiilis, soojades toonides pilttapeet lastetoa seinale. R\u00e4tsepat\u00f6\u00f6na valmivad tapeedid. Sinu seina m\u00f5\u00f5tu paanides.","og_url":"https:\/\/baubauwall.com\/et\/toode\/ombre-kevad\/","og_site_name":"BAUBAUWALL TAPEEDID","article_publisher":"https:\/\/www.facebook.com\/Baubauwall","article_modified_time":"2023-03-01T10:48:00+00:00","og_image":[{"width":2400,"height":1600,"url":"https:\/\/baubauwall.com\/wp-content\/uploads\/2023\/03\/51200188_Ombre-spring_Baubauwall_Wallmural_room2-10.jpg","type":"image\/jpeg"}],"twitter_card":"summary_large_image","twitter_misc":{"Est. reading time":"1 minut"},"schema":{"@context":"https:\/\/schema.org","@graph":[{"@type":"WebPage","@id":"https:\/\/baubauwall.com\/et\/toode\/ombre-kevad\/","url":"https:\/\/baubauwall.com\/et\/toode\/ombre-kevad\/","name":"Ombre efektiga pilttapeet lastetuppa. Keskkonnas\u00f5bralik tapeet","isPartOf":{"@id":"https:\/\/baubauwall.com\/et\/#website"},"primaryImageOfPage":{"@id":"https:\/\/baubauwall.com\/et\/toode\/ombre-kevad\/#primaryimage"},"image":{"@id":"https:\/\/baubauwall.com\/et\/toode\/ombre-kevad\/#primaryimage"},"thumbnailUrl":"https:\/\/baubauwall.com\/wp-content\/uploads\/2023\/03\/51200188_Ombre-spring_Baubauwall_Wallmural_room2-10.jpg","datePublished":"2023-03-01T10:41:12+00:00","dateModified":"2023-03-01T10:48:00+00:00","description":"R\u00f5\u00f5mus ja lihtne tapeet lastetuppa. Ombre stiilis, soojades toonides pilttapeet lastetoa seinale. R\u00e4tsepat\u00f6\u00f6na valmivad tapeedid. Sinu seina m\u00f5\u00f5tu paanides.","breadcrumb":{"@id":"https:\/\/baubauwall.com\/et\/toode\/ombre-kevad\/#breadcrumb"},"inLanguage":"et","potentialAction":[{"@type":"ReadAction","target":["https:\/\/baubauwall.com\/et\/toode\/ombre-kevad\/"]}]},{"@type":"ImageObject","inLanguage":"et","@id":"https:\/\/baubauwall.com\/et\/toode\/ombre-kevad\/#primaryimage","url":"https:\/\/baubauwall.com\/wp-content\/uploads\/2023\/03\/51200188_Ombre-spring_Baubauwall_Wallmural_room2-10.jpg","contentUrl":"https:\/\/baubauwall.com\/wp-content\/uploads\/2023\/03\/51200188_Ombre-spring_Baubauwall_Wallmural_room2-10.jpg","width":2400,"height":1600,"caption":"Lastetoa tapeet ombre - kevad"},{"@type":"BreadcrumbList","@id":"https:\/\/baubauwall.com\/et\/toode\/ombre-kevad\/#breadcrumb","itemListElement":[{"@type":"ListItem","position":1,"name":"Koju","item":"https:\/\/baubauwall.com\/et\/"},{"@type":"ListItem","position":2,"name":"Tapeedid","item":"https:\/\/baubauwall.com\/et\/tapeedid\/"},{"@type":"ListItem","position":3,"name":"Ombre &#8211; kevad"}]},{"@type":"WebSite","@id":"https:\/\/baubauwall.com\/et\/#website","url":"https:\/\/baubauwall.com\/et\/","name":"BAUBAUWALL Wallpapers","description":"Valmis paanides tapeet Eestist!","publisher":{"@id":"https:\/\/baubauwall.com\/et\/#organization"},"potentialAction":[{"@type":"SearchAction","target":{"@type":"EntryPoint","urlTemplate":"https:\/\/baubauwall.com\/et\/?s={search_term_string}"},"query-input":{"@type":"PropertyValueSpecification","valueRequired":true,"valueName":"search_term_string"}}],"inLanguage":"et"},{"@type":"Organization","@id":"https:\/\/baubauwall.com\/et\/#organization","name":"BAUBAUWALL Wallpapers","url":"https:\/\/baubauwall.com\/et\/","logo":{"@type":"ImageObject","inLanguage":"et","@id":"https:\/\/baubauwall.com\/et\/#\/schema\/logo\/image\/","url":"https:\/\/baubauwall.com\/wp-content\/uploads\/2022\/03\/logo-horizontal.svg","contentUrl":"https:\/\/baubauwall.com\/wp-content\/uploads\/2022\/03\/logo-horizontal.svg","width":"1024","height":"1024","caption":"BAUBAUWALL Wallpapers"},"image":{"@id":"https:\/\/baubauwall.com\/et\/#\/schema\/logo\/image\/"},"sameAs":["https:\/\/www.facebook.com\/Baubauwall","https:\/\/www.instagram.com\/baubauwall"]}]}},"jetpack_sharing_enabled":true,"_links":{"self":[{"href":"https:\/\/baubauwall.com\/et\/wp-json\/wp\/v2\/product\/24598","targetHints":{"allow":["GET"]}}],"collection":[{"href":"https:\/\/baubauwall.com\/et\/wp-json\/wp\/v2\/product"}],"about":[{"href":"https:\/\/baubauwall.com\/et\/wp-json\/wp\/v2\/types\/product"}],"replies":[{"embeddable":true,"href":"https:\/\/baubauwall.com\/et\/wp-json\/wp\/v2\/comments?post=24598"}],"wp:featuredmedia":[{"embeddable":true,"href":"https:\/\/baubauwall.com\/et\/wp-json\/wp\/v2\/media\/24603"}],"wp:attachment":[{"href":"https:\/\/baubauwall.com\/et\/wp-json\/wp\/v2\/media?parent=24598"}],"wp:term":[{"taxonomy":"product_brand","embeddable":true,"href":"https:\/\/baubauwall.com\/et\/wp-json\/wp\/v2\/product_brand?post=24598"},{"taxonomy":"product_cat","embeddable":true,"href":"https:\/\/baubauwall.com\/et\/wp-json\/wp\/v2\/product_cat?post=24598"},{"taxonomy":"product_tag","embeddable":true,"href":"https:\/\/baubauwall.com\/et\/wp-json\/wp\/v2\/product_tag?post=24598"}],"curies":[{"name":"wp","href":"https:\/\/api.w.org\/{rel}","templated":true}]}}