{"id":24621,"date":"2023-03-01T13:05:22","date_gmt":"2023-03-01T11:05:22","guid":{"rendered":"https:\/\/baubauwall.com\/?post_type=product&#038;p=24621"},"modified":"2023-03-01T13:18:53","modified_gmt":"2023-03-01T11:18:53","slug":"tapeet-roomsad-kutsikad","status":"publish","type":"product","link":"https:\/\/baubauwall.com\/et\/toode\/tapeet-roomsad-kutsikad\/","title":{"rendered":"R\u00f5\u00f5msad kutsikad"},"content":{"rendered":"<p>P\u00f5hjamaine disaintapeet lastetuppa. Sellel tapeedikujundusel leiad r\u00f5\u00f5msad, k\u00e4sitsi joonistatud koerakesed.\u00a0M\u00e4nguline tapeedimuster on rahulikul valgel taustal, sobitudes ideaalselt enamiku m\u00f6\u00f6bliga lastetubades. R\u00f5\u00f5msad kutsikad tapeet sobib kasutamiseks nii mitmel seinal kui ka \u00fchel, aktsentseinaks. See on tapeet, mida saad kasutada vasts\u00fcndinu toas kui ka siis, kui ta on juba veidi vanem!<\/p>\n<p>&#8220;R\u00f5\u00f5msad kutsikad&#8221; tapeet on tr\u00fckitud keskkonnas\u00f5bralike v\u00e4rvidega ja hingavale, fliistapeedi materjalile. Loe veel lastetubade <a href=\"https:\/\/baubauwall.com\/et\/uudised\/kodu-koige-lustlikum-tuba\/\" target=\"_blank\" rel=\"noopener\">tapeetidest siit.<\/a><\/p>\n","protected":false},"excerpt":{"rendered":"<p>P\u00f5hjamaine disaintapeet lastetuppa. Sellel tapeedikujundusel leiad r\u00f5\u00f5msad, k\u00e4sitsi joonistatud koerakesed.\u00a0M\u00e4nguline tapeedimuster on rahulikul valgel taustal, sobitudes ideaalselt enamiku m\u00f6\u00f6bliga lastetubades. R\u00f5\u00f5msad kutsikad tapeet sobib kasutamiseks nii mitmel seinal kui ka \u00fchel, aktsentseinaks. See on tapeet, mida saad kasutada vasts\u00fcndinu toas kui ka siis, kui ta on juba veidi vanem! &#8220;R\u00f5\u00f5msad kutsikad&#8221; tapeet on tr\u00fckitud keskkonnas\u00f5bralike [&hellip;]<\/p>\n","protected":false},"featured_media":24626,"comment_status":"open","ping_status":"closed","template":"","meta":{"_acf_changed":false,"inline_featured_image":false},"product_brand":[],"product_cat":[386,406,396,268,271,278,400,254,255],"product_tag":[349,832,308,324],"class_list":{"0":"post-24621","1":"product","2":"type-product","3":"status-publish","4":"has-post-thumbnail","6":"product_cat-kordusmustriga-tapeedid","7":"product_cat-klassika","8":"product_cat-skandinaavia","9":"product_cat-kirkad-tapeedid","10":"product_cat-rohelised-tapeedid","11":"product_cat-roosad-tapeedid","12":"product_cat-lastetoa-tapeedid","13":"product_cat-loodus","14":"product_cat-loomad","15":"product_tag-beebituba","16":"product_tag-kordusmustriga-tapeedid","17":"product_tag-poiste-tuba","18":"product_tag-tudruku-tuba","19":"pa_designedby-baubauwall","21":"first","22":"instock","23":"taxable","24":"shipping-taxable","25":"purchasable","26":"product-type-simple"},"acf":[],"yoast_head":"<!-- This site is optimized with the Yoast SEO plugin v25.9 - https:\/\/yoast.com\/wordpress\/plugins\/seo\/ -->\n<title>Lastetoa tapeedid. Disaintapeet kutsikatega. Keskkonnas\u00f5bralik<\/title>\n<meta name=\"description\" content=\"Lastetoa tapeet k\u00e4sitsi joonistatud koera kutsikatega. R\u00e4tsepat\u00f6\u00f6na valmivad tapeedid t\u00e4pselt sinu seina m\u00f5\u00f5tu paanides. Keskkonnas\u00f5bralikud fliistapeedid.\" \/>\n<meta name=\"robots\" content=\"index, follow, max-snippet:-1, max-image-preview:large, max-video-preview:-1\" \/>\n<link rel=\"canonical\" href=\"https:\/\/baubauwall.com\/et\/toode\/tapeet-roomsad-kutsikad\/\" \/>\n<meta property=\"og:locale\" content=\"et_EE\" \/>\n<meta property=\"og:type\" content=\"article\" \/>\n<meta property=\"og:title\" content=\"Lastetoa tapeedid. Disaintapeet kutsikatega. Keskkonnas\u00f5bralik\" \/>\n<meta property=\"og:description\" content=\"Lastetoa tapeet k\u00e4sitsi joonistatud koera kutsikatega. R\u00e4tsepat\u00f6\u00f6na valmivad tapeedid t\u00e4pselt sinu seina m\u00f5\u00f5tu paanides. Keskkonnas\u00f5bralikud fliistapeedid.\" \/>\n<meta property=\"og:url\" content=\"https:\/\/baubauwall.com\/et\/toode\/tapeet-roomsad-kutsikad\/\" \/>\n<meta property=\"og:site_name\" content=\"BAUBAUWALL Wallpapers\" \/>\n<meta property=\"article:publisher\" content=\"https:\/\/www.facebook.com\/Baubauwall\" \/>\n<meta property=\"article:modified_time\" content=\"2023-03-01T11:18:53+00:00\" \/>\n<meta property=\"og:image\" content=\"https:\/\/baubauwall.com\/wp-content\/uploads\/2023\/03\/51100338_Puppies_dream_Baubauwall_Wallpaper_room09-5.jpg\" \/>\n\t<meta property=\"og:image:width\" content=\"1067\" \/>\n\t<meta property=\"og:image:height\" content=\"1600\" \/>\n\t<meta property=\"og:image:type\" content=\"image\/jpeg\" \/>\n<meta name=\"twitter:card\" content=\"summary_large_image\" \/>\n<meta name=\"twitter:label1\" content=\"Est. reading time\" \/>\n\t<meta name=\"twitter:data1\" content=\"1 minut\" \/>\n<script type=\"application\/ld+json\" class=\"yoast-schema-graph\">{\"@context\":\"https:\/\/schema.org\",\"@graph\":[{\"@type\":\"WebPage\",\"@id\":\"https:\/\/baubauwall.com\/et\/toode\/tapeet-roomsad-kutsikad\/\",\"url\":\"https:\/\/baubauwall.com\/et\/toode\/tapeet-roomsad-kutsikad\/\",\"name\":\"Lastetoa tapeedid. Disaintapeet kutsikatega. Keskkonnas\u00f5bralik\",\"isPartOf\":{\"@id\":\"https:\/\/baubauwall.com\/et\/#website\"},\"primaryImageOfPage\":{\"@id\":\"https:\/\/baubauwall.com\/et\/toode\/tapeet-roomsad-kutsikad\/#primaryimage\"},\"image\":{\"@id\":\"https:\/\/baubauwall.com\/et\/toode\/tapeet-roomsad-kutsikad\/#primaryimage\"},\"thumbnailUrl\":\"https:\/\/baubauwall.com\/wp-content\/uploads\/2023\/03\/51100338_Puppies_dream_Baubauwall_Wallpaper_room09-5.jpg\",\"datePublished\":\"2023-03-01T11:05:22+00:00\",\"dateModified\":\"2023-03-01T11:18:53+00:00\",\"description\":\"Lastetoa tapeet k\u00e4sitsi joonistatud koera kutsikatega. R\u00e4tsepat\u00f6\u00f6na valmivad tapeedid t\u00e4pselt sinu seina m\u00f5\u00f5tu paanides. Keskkonnas\u00f5bralikud fliistapeedid.\",\"breadcrumb\":{\"@id\":\"https:\/\/baubauwall.com\/et\/toode\/tapeet-roomsad-kutsikad\/#breadcrumb\"},\"inLanguage\":\"et\",\"potentialAction\":[{\"@type\":\"ReadAction\",\"target\":[\"https:\/\/baubauwall.com\/et\/toode\/tapeet-roomsad-kutsikad\/\"]}]},{\"@type\":\"ImageObject\",\"inLanguage\":\"et\",\"@id\":\"https:\/\/baubauwall.com\/et\/toode\/tapeet-roomsad-kutsikad\/#primaryimage\",\"url\":\"https:\/\/baubauwall.com\/wp-content\/uploads\/2023\/03\/51100338_Puppies_dream_Baubauwall_Wallpaper_room09-5.jpg\",\"contentUrl\":\"https:\/\/baubauwall.com\/wp-content\/uploads\/2023\/03\/51100338_Puppies_dream_Baubauwall_Wallpaper_room09-5.jpg\",\"width\":1067,\"height\":1600},{\"@type\":\"BreadcrumbList\",\"@id\":\"https:\/\/baubauwall.com\/et\/toode\/tapeet-roomsad-kutsikad\/#breadcrumb\",\"itemListElement\":[{\"@type\":\"ListItem\",\"position\":1,\"name\":\"Koju\",\"item\":\"https:\/\/baubauwall.com\/et\/\"},{\"@type\":\"ListItem\",\"position\":2,\"name\":\"Tapeedid\",\"item\":\"https:\/\/baubauwall.com\/et\/tapeedid\/\"},{\"@type\":\"ListItem\",\"position\":3,\"name\":\"R\u00f5\u00f5msad kutsikad\"}]},{\"@type\":\"WebSite\",\"@id\":\"https:\/\/baubauwall.com\/et\/#website\",\"url\":\"https:\/\/baubauwall.com\/et\/\",\"name\":\"BAUBAUWALL Wallpapers\",\"description\":\"Valmis paanides tapeet Eestist!\",\"publisher\":{\"@id\":\"https:\/\/baubauwall.com\/et\/#organization\"},\"potentialAction\":[{\"@type\":\"SearchAction\",\"target\":{\"@type\":\"EntryPoint\",\"urlTemplate\":\"https:\/\/baubauwall.com\/et\/?s={search_term_string}\"},\"query-input\":{\"@type\":\"PropertyValueSpecification\",\"valueRequired\":true,\"valueName\":\"search_term_string\"}}],\"inLanguage\":\"et\"},{\"@type\":\"Organization\",\"@id\":\"https:\/\/baubauwall.com\/et\/#organization\",\"name\":\"BAUBAUWALL Wallpapers\",\"url\":\"https:\/\/baubauwall.com\/et\/\",\"logo\":{\"@type\":\"ImageObject\",\"inLanguage\":\"et\",\"@id\":\"https:\/\/baubauwall.com\/et\/#\/schema\/logo\/image\/\",\"url\":\"https:\/\/baubauwall.com\/wp-content\/uploads\/2022\/03\/logo-horizontal.svg\",\"contentUrl\":\"https:\/\/baubauwall.com\/wp-content\/uploads\/2022\/03\/logo-horizontal.svg\",\"width\":\"1024\",\"height\":\"1024\",\"caption\":\"BAUBAUWALL Wallpapers\"},\"image\":{\"@id\":\"https:\/\/baubauwall.com\/et\/#\/schema\/logo\/image\/\"},\"sameAs\":[\"https:\/\/www.facebook.com\/Baubauwall\",\"https:\/\/www.instagram.com\/baubauwall\"]}]}<\/script>\n<!-- \/ Yoast SEO plugin. -->","yoast_head_json":{"title":"Lastetoa tapeedid. Disaintapeet kutsikatega. Keskkonnas\u00f5bralik","description":"Lastetoa tapeet k\u00e4sitsi joonistatud koera kutsikatega. R\u00e4tsepat\u00f6\u00f6na valmivad tapeedid t\u00e4pselt sinu seina m\u00f5\u00f5tu paanides. Keskkonnas\u00f5bralikud fliistapeedid.","robots":{"index":"index","follow":"follow","max-snippet":"max-snippet:-1","max-image-preview":"max-image-preview:large","max-video-preview":"max-video-preview:-1"},"canonical":"https:\/\/baubauwall.com\/et\/toode\/tapeet-roomsad-kutsikad\/","og_locale":"et_EE","og_type":"article","og_title":"Lastetoa tapeedid. Disaintapeet kutsikatega. Keskkonnas\u00f5bralik","og_description":"Lastetoa tapeet k\u00e4sitsi joonistatud koera kutsikatega. R\u00e4tsepat\u00f6\u00f6na valmivad tapeedid t\u00e4pselt sinu seina m\u00f5\u00f5tu paanides. Keskkonnas\u00f5bralikud fliistapeedid.","og_url":"https:\/\/baubauwall.com\/et\/toode\/tapeet-roomsad-kutsikad\/","og_site_name":"BAUBAUWALL Wallpapers","article_publisher":"https:\/\/www.facebook.com\/Baubauwall","article_modified_time":"2023-03-01T11:18:53+00:00","og_image":[{"width":1067,"height":1600,"url":"https:\/\/baubauwall.com\/wp-content\/uploads\/2023\/03\/51100338_Puppies_dream_Baubauwall_Wallpaper_room09-5.jpg","type":"image\/jpeg"}],"twitter_card":"summary_large_image","twitter_misc":{"Est. reading time":"1 minut"},"schema":{"@context":"https:\/\/schema.org","@graph":[{"@type":"WebPage","@id":"https:\/\/baubauwall.com\/et\/toode\/tapeet-roomsad-kutsikad\/","url":"https:\/\/baubauwall.com\/et\/toode\/tapeet-roomsad-kutsikad\/","name":"Lastetoa tapeedid. Disaintapeet kutsikatega. Keskkonnas\u00f5bralik","isPartOf":{"@id":"https:\/\/baubauwall.com\/et\/#website"},"primaryImageOfPage":{"@id":"https:\/\/baubauwall.com\/et\/toode\/tapeet-roomsad-kutsikad\/#primaryimage"},"image":{"@id":"https:\/\/baubauwall.com\/et\/toode\/tapeet-roomsad-kutsikad\/#primaryimage"},"thumbnailUrl":"https:\/\/baubauwall.com\/wp-content\/uploads\/2023\/03\/51100338_Puppies_dream_Baubauwall_Wallpaper_room09-5.jpg","datePublished":"2023-03-01T11:05:22+00:00","dateModified":"2023-03-01T11:18:53+00:00","description":"Lastetoa tapeet k\u00e4sitsi joonistatud koera kutsikatega. R\u00e4tsepat\u00f6\u00f6na valmivad tapeedid t\u00e4pselt sinu seina m\u00f5\u00f5tu paanides. Keskkonnas\u00f5bralikud fliistapeedid.","breadcrumb":{"@id":"https:\/\/baubauwall.com\/et\/toode\/tapeet-roomsad-kutsikad\/#breadcrumb"},"inLanguage":"et","potentialAction":[{"@type":"ReadAction","target":["https:\/\/baubauwall.com\/et\/toode\/tapeet-roomsad-kutsikad\/"]}]},{"@type":"ImageObject","inLanguage":"et","@id":"https:\/\/baubauwall.com\/et\/toode\/tapeet-roomsad-kutsikad\/#primaryimage","url":"https:\/\/baubauwall.com\/wp-content\/uploads\/2023\/03\/51100338_Puppies_dream_Baubauwall_Wallpaper_room09-5.jpg","contentUrl":"https:\/\/baubauwall.com\/wp-content\/uploads\/2023\/03\/51100338_Puppies_dream_Baubauwall_Wallpaper_room09-5.jpg","width":1067,"height":1600},{"@type":"BreadcrumbList","@id":"https:\/\/baubauwall.com\/et\/toode\/tapeet-roomsad-kutsikad\/#breadcrumb","itemListElement":[{"@type":"ListItem","position":1,"name":"Koju","item":"https:\/\/baubauwall.com\/et\/"},{"@type":"ListItem","position":2,"name":"Tapeedid","item":"https:\/\/baubauwall.com\/et\/tapeedid\/"},{"@type":"ListItem","position":3,"name":"R\u00f5\u00f5msad kutsikad"}]},{"@type":"WebSite","@id":"https:\/\/baubauwall.com\/et\/#website","url":"https:\/\/baubauwall.com\/et\/","name":"BAUBAUWALL Wallpapers","description":"Valmis paanides tapeet Eestist!","publisher":{"@id":"https:\/\/baubauwall.com\/et\/#organization"},"potentialAction":[{"@type":"SearchAction","target":{"@type":"EntryPoint","urlTemplate":"https:\/\/baubauwall.com\/et\/?s={search_term_string}"},"query-input":{"@type":"PropertyValueSpecification","valueRequired":true,"valueName":"search_term_string"}}],"inLanguage":"et"},{"@type":"Organization","@id":"https:\/\/baubauwall.com\/et\/#organization","name":"BAUBAUWALL Wallpapers","url":"https:\/\/baubauwall.com\/et\/","logo":{"@type":"ImageObject","inLanguage":"et","@id":"https:\/\/baubauwall.com\/et\/#\/schema\/logo\/image\/","url":"https:\/\/baubauwall.com\/wp-content\/uploads\/2022\/03\/logo-horizontal.svg","contentUrl":"https:\/\/baubauwall.com\/wp-content\/uploads\/2022\/03\/logo-horizontal.svg","width":"1024","height":"1024","caption":"BAUBAUWALL Wallpapers"},"image":{"@id":"https:\/\/baubauwall.com\/et\/#\/schema\/logo\/image\/"},"sameAs":["https:\/\/www.facebook.com\/Baubauwall","https:\/\/www.instagram.com\/baubauwall"]}]}},"jetpack_sharing_enabled":true,"_links":{"self":[{"href":"https:\/\/baubauwall.com\/et\/wp-json\/wp\/v2\/product\/24621","targetHints":{"allow":["GET"]}}],"collection":[{"href":"https:\/\/baubauwall.com\/et\/wp-json\/wp\/v2\/product"}],"about":[{"href":"https:\/\/baubauwall.com\/et\/wp-json\/wp\/v2\/types\/product"}],"replies":[{"embeddable":true,"href":"https:\/\/baubauwall.com\/et\/wp-json\/wp\/v2\/comments?post=24621"}],"wp:featuredmedia":[{"embeddable":true,"href":"https:\/\/baubauwall.com\/et\/wp-json\/wp\/v2\/media\/24626"}],"wp:attachment":[{"href":"https:\/\/baubauwall.com\/et\/wp-json\/wp\/v2\/media?parent=24621"}],"wp:term":[{"taxonomy":"product_brand","embeddable":true,"href":"https:\/\/baubauwall.com\/et\/wp-json\/wp\/v2\/product_brand?post=24621"},{"taxonomy":"product_cat","embeddable":true,"href":"https:\/\/baubauwall.com\/et\/wp-json\/wp\/v2\/product_cat?post=24621"},{"taxonomy":"product_tag","embeddable":true,"href":"https:\/\/baubauwall.com\/et\/wp-json\/wp\/v2\/product_tag?post=24621"}],"curies":[{"name":"wp","href":"https:\/\/api.w.org\/{rel}","templated":true}]}}