{"id":24683,"date":"2023-03-02T15:15:08","date_gmt":"2023-03-02T13:15:08","guid":{"rendered":"https:\/\/baubauwall.com\/product\/wallpaper-divine-plumage-white\/"},"modified":"2023-10-02T12:06:39","modified_gmt":"2023-10-02T10:06:39","slug":"tapeet-imelised-sulelised-valge","status":"publish","type":"product","link":"https:\/\/baubauwall.com\/et\/toode\/tapeet-imelised-sulelised-valge\/","title":{"rendered":"Imelised sulelised &#8211; valge"},"content":{"rendered":"<p>Kas m\u00f5te t\u00e4iesti lagedast seinast tundub veidi igav? Ent kirev, tiheda mustriga tapeet tundub hirmutav? Sel juhul vali tapeet vaid \u00fchte seina ehk loo aktsentsein. Eelista heledat, pastelset v\u00e4rvigammat &#8211; aga \u00e4ra unusta v\u00e4ikseid, ent olulisi detaile. N\u00e4iteks tapeeti p\u00f5imitud linnud ja udupehmed sulelised! Sellel valgel tapeedil tabad luiged, \u00f6\u00f6kullid ja palju teisi imelisi sulelisi. Pane see tapeedikaunitar elutoa v\u00f5i magamistoa aktsentseinale ning muud seinad j\u00e4ta valgeks. P\u00f5hjamaine ja maitsekas valik ongi olemas!<\/p>\n<p>Nagu k\u00f5ik meie tapeedid on ka see pilttapeet tr\u00fckitud keskkonnas\u00f5bralike v\u00e4rvidega hingavale, fliistapeedi materjalile. Sinu uus tapeet on l\u00f5igatud nummerdatud paanideks &#8211; t\u00e4pselt nii pikad, kui Sinu sein. Kuidas see t\u00f6\u00f6tab &#8211; loe l\u00e4hemalt <a href=\"https:\/\/baubauwall.com\/et\/kuidas-see-tootab\/\" target=\"_blank\" rel=\"noopener\">siit.<\/a><\/p>\n<p>&nbsp;<\/p>\n","protected":false},"excerpt":{"rendered":"<p>Kas m\u00f5te t\u00e4iesti lagedast seinast tundub veidi igav? Ent kirev, tiheda mustriga tapeet tundub hirmutav? Sel juhul vali tapeet vaid \u00fchte seina ehk loo aktsentsein. Eelista heledat, pastelset v\u00e4rvigammat &#8211; aga \u00e4ra unusta v\u00e4ikseid, ent olulisi detaile. N\u00e4iteks tapeeti p\u00f5imitud linnud ja udupehmed sulelised! Sellel valgel tapeedil tabad luiged, \u00f6\u00f6kullid ja palju teisi imelisi sulelisi. [&hellip;]<\/p>\n","protected":false},"featured_media":24659,"comment_status":"open","ping_status":"closed","template":"","meta":{"_acf_changed":false,"inline_featured_image":false},"product_brand":[],"product_cat":[386,395,388,272,273,410,413,415,402,699,257],"product_tag":[695,294],"class_list":{"0":"post-24683","1":"product","2":"type-product","3":"status-publish","4":"has-post-thumbnail","6":"product_cat-kordusmustriga-tapeedid","7":"product_cat-romantiline","8":"product_cat-vintage-et","9":"product_cat-hallid-tapeedid","10":"product_cat-heledad-tapeedid","11":"product_cat-valge-tapeedid","12":"product_cat-magamistoa-tapeedid","13":"product_cat-kulalistetoa-tapeedid","14":"product_cat-elutoa-tapeedid","15":"product_cat-eesti-disain-tapeedid","16":"product_cat-linnud","17":"product_tag-eesti-disain-tapeedid","18":"product_tag-mustvalge","19":"pa_designedby-baubauwall","21":"first","22":"instock","23":"taxable","24":"shipping-taxable","25":"purchasable","26":"product-type-simple"},"acf":[],"yoast_head":"<!-- This site is optimized with the Yoast SEO plugin v25.9 - https:\/\/yoast.com\/wordpress\/plugins\/seo\/ -->\n<title>Hele, sulgede ja lindudega tapeet. Ajatu ilus tapeedimuster.<\/title>\n<meta name=\"description\" content=\"P\u00f5hjamaine hele tapeet imeilusate lindude ja pehmete sulgedega. Maitsekas disain, mis sobib magamistoa tapeediks v\u00f5i mujale. Sinu seina m\u00f5\u00f5tu tapeedid.\" \/>\n<meta name=\"robots\" content=\"index, follow, max-snippet:-1, max-image-preview:large, max-video-preview:-1\" \/>\n<link rel=\"canonical\" href=\"https:\/\/baubauwall.com\/et\/toode\/tapeet-imelised-sulelised-valge\/\" \/>\n<meta property=\"og:locale\" content=\"et_EE\" \/>\n<meta property=\"og:type\" content=\"article\" \/>\n<meta property=\"og:title\" content=\"Hele, sulgede ja lindudega tapeet. Ajatu ilus tapeedimuster.\" \/>\n<meta property=\"og:description\" content=\"P\u00f5hjamaine hele tapeet imeilusate lindude ja pehmete sulgedega. Maitsekas disain, mis sobib magamistoa tapeediks v\u00f5i mujale. Sinu seina m\u00f5\u00f5tu tapeedid.\" \/>\n<meta property=\"og:url\" content=\"https:\/\/baubauwall.com\/et\/toode\/tapeet-imelised-sulelised-valge\/\" \/>\n<meta property=\"og:site_name\" content=\"BAUBAUWALL TAPEEDID\" \/>\n<meta property=\"article:publisher\" content=\"https:\/\/www.facebook.com\/Baubauwall\" \/>\n<meta property=\"article:modified_time\" content=\"2023-10-02T10:06:39+00:00\" \/>\n<meta property=\"og:image\" content=\"https:\/\/baubauwall.com\/wp-content\/uploads\/2022\/11\/51100329_Divine-Plumage-white_Baubauwall_Wallpaper_room11-4.jpg\" \/>\n\t<meta property=\"og:image:width\" content=\"1175\" \/>\n\t<meta property=\"og:image:height\" content=\"800\" \/>\n\t<meta property=\"og:image:type\" content=\"image\/jpeg\" \/>\n<meta name=\"twitter:card\" content=\"summary_large_image\" \/>\n<meta name=\"twitter:label1\" content=\"Est. reading time\" \/>\n\t<meta name=\"twitter:data1\" content=\"1 minut\" \/>\n<script type=\"application\/ld+json\" class=\"yoast-schema-graph\">{\"@context\":\"https:\/\/schema.org\",\"@graph\":[{\"@type\":\"WebPage\",\"@id\":\"https:\/\/baubauwall.com\/et\/toode\/tapeet-imelised-sulelised-valge\/\",\"url\":\"https:\/\/baubauwall.com\/et\/toode\/tapeet-imelised-sulelised-valge\/\",\"name\":\"Hele, sulgede ja lindudega tapeet. Ajatu ilus tapeedimuster.\",\"isPartOf\":{\"@id\":\"https:\/\/baubauwall.com\/et\/#website\"},\"primaryImageOfPage\":{\"@id\":\"https:\/\/baubauwall.com\/et\/toode\/tapeet-imelised-sulelised-valge\/#primaryimage\"},\"image\":{\"@id\":\"https:\/\/baubauwall.com\/et\/toode\/tapeet-imelised-sulelised-valge\/#primaryimage\"},\"thumbnailUrl\":\"https:\/\/baubauwall.com\/wp-content\/uploads\/2022\/11\/51100329_Divine-Plumage-white_Baubauwall_Wallpaper_room11-4.jpg\",\"datePublished\":\"2023-03-02T13:15:08+00:00\",\"dateModified\":\"2023-10-02T10:06:39+00:00\",\"description\":\"P\u00f5hjamaine hele tapeet imeilusate lindude ja pehmete sulgedega. Maitsekas disain, mis sobib magamistoa tapeediks v\u00f5i mujale. Sinu seina m\u00f5\u00f5tu tapeedid.\",\"breadcrumb\":{\"@id\":\"https:\/\/baubauwall.com\/et\/toode\/tapeet-imelised-sulelised-valge\/#breadcrumb\"},\"inLanguage\":\"et\",\"potentialAction\":[{\"@type\":\"ReadAction\",\"target\":[\"https:\/\/baubauwall.com\/et\/toode\/tapeet-imelised-sulelised-valge\/\"]}]},{\"@type\":\"ImageObject\",\"inLanguage\":\"et\",\"@id\":\"https:\/\/baubauwall.com\/et\/toode\/tapeet-imelised-sulelised-valge\/#primaryimage\",\"url\":\"https:\/\/baubauwall.com\/wp-content\/uploads\/2022\/11\/51100329_Divine-Plumage-white_Baubauwall_Wallpaper_room11-4.jpg\",\"contentUrl\":\"https:\/\/baubauwall.com\/wp-content\/uploads\/2022\/11\/51100329_Divine-Plumage-white_Baubauwall_Wallpaper_room11-4.jpg\",\"width\":1175,\"height\":800},{\"@type\":\"BreadcrumbList\",\"@id\":\"https:\/\/baubauwall.com\/et\/toode\/tapeet-imelised-sulelised-valge\/#breadcrumb\",\"itemListElement\":[{\"@type\":\"ListItem\",\"position\":1,\"name\":\"Koju\",\"item\":\"https:\/\/baubauwall.com\/et\/\"},{\"@type\":\"ListItem\",\"position\":2,\"name\":\"Tapeedid\",\"item\":\"https:\/\/baubauwall.com\/et\/tapeedid\/\"},{\"@type\":\"ListItem\",\"position\":3,\"name\":\"Imelised sulelised &#8211; valge\"}]},{\"@type\":\"WebSite\",\"@id\":\"https:\/\/baubauwall.com\/et\/#website\",\"url\":\"https:\/\/baubauwall.com\/et\/\",\"name\":\"BAUBAUWALL Wallpapers\",\"description\":\"Valmis paanides tapeet Eestist!\",\"publisher\":{\"@id\":\"https:\/\/baubauwall.com\/et\/#organization\"},\"potentialAction\":[{\"@type\":\"SearchAction\",\"target\":{\"@type\":\"EntryPoint\",\"urlTemplate\":\"https:\/\/baubauwall.com\/et\/?s={search_term_string}\"},\"query-input\":{\"@type\":\"PropertyValueSpecification\",\"valueRequired\":true,\"valueName\":\"search_term_string\"}}],\"inLanguage\":\"et\"},{\"@type\":\"Organization\",\"@id\":\"https:\/\/baubauwall.com\/et\/#organization\",\"name\":\"BAUBAUWALL Wallpapers\",\"url\":\"https:\/\/baubauwall.com\/et\/\",\"logo\":{\"@type\":\"ImageObject\",\"inLanguage\":\"et\",\"@id\":\"https:\/\/baubauwall.com\/et\/#\/schema\/logo\/image\/\",\"url\":\"https:\/\/baubauwall.com\/wp-content\/uploads\/2022\/03\/logo-horizontal.svg\",\"contentUrl\":\"https:\/\/baubauwall.com\/wp-content\/uploads\/2022\/03\/logo-horizontal.svg\",\"width\":\"1024\",\"height\":\"1024\",\"caption\":\"BAUBAUWALL Wallpapers\"},\"image\":{\"@id\":\"https:\/\/baubauwall.com\/et\/#\/schema\/logo\/image\/\"},\"sameAs\":[\"https:\/\/www.facebook.com\/Baubauwall\",\"https:\/\/www.instagram.com\/baubauwall\"]}]}<\/script>\n<!-- \/ Yoast SEO plugin. -->","yoast_head_json":{"title":"Hele, sulgede ja lindudega tapeet. Ajatu ilus tapeedimuster.","description":"P\u00f5hjamaine hele tapeet imeilusate lindude ja pehmete sulgedega. Maitsekas disain, mis sobib magamistoa tapeediks v\u00f5i mujale. Sinu seina m\u00f5\u00f5tu tapeedid.","robots":{"index":"index","follow":"follow","max-snippet":"max-snippet:-1","max-image-preview":"max-image-preview:large","max-video-preview":"max-video-preview:-1"},"canonical":"https:\/\/baubauwall.com\/et\/toode\/tapeet-imelised-sulelised-valge\/","og_locale":"et_EE","og_type":"article","og_title":"Hele, sulgede ja lindudega tapeet. Ajatu ilus tapeedimuster.","og_description":"P\u00f5hjamaine hele tapeet imeilusate lindude ja pehmete sulgedega. Maitsekas disain, mis sobib magamistoa tapeediks v\u00f5i mujale. Sinu seina m\u00f5\u00f5tu tapeedid.","og_url":"https:\/\/baubauwall.com\/et\/toode\/tapeet-imelised-sulelised-valge\/","og_site_name":"BAUBAUWALL TAPEEDID","article_publisher":"https:\/\/www.facebook.com\/Baubauwall","article_modified_time":"2023-10-02T10:06:39+00:00","og_image":[{"width":1175,"height":800,"url":"https:\/\/baubauwall.com\/wp-content\/uploads\/2022\/11\/51100329_Divine-Plumage-white_Baubauwall_Wallpaper_room11-4.jpg","type":"image\/jpeg"}],"twitter_card":"summary_large_image","twitter_misc":{"Est. reading time":"1 minut"},"schema":{"@context":"https:\/\/schema.org","@graph":[{"@type":"WebPage","@id":"https:\/\/baubauwall.com\/et\/toode\/tapeet-imelised-sulelised-valge\/","url":"https:\/\/baubauwall.com\/et\/toode\/tapeet-imelised-sulelised-valge\/","name":"Hele, sulgede ja lindudega tapeet. Ajatu ilus tapeedimuster.","isPartOf":{"@id":"https:\/\/baubauwall.com\/et\/#website"},"primaryImageOfPage":{"@id":"https:\/\/baubauwall.com\/et\/toode\/tapeet-imelised-sulelised-valge\/#primaryimage"},"image":{"@id":"https:\/\/baubauwall.com\/et\/toode\/tapeet-imelised-sulelised-valge\/#primaryimage"},"thumbnailUrl":"https:\/\/baubauwall.com\/wp-content\/uploads\/2022\/11\/51100329_Divine-Plumage-white_Baubauwall_Wallpaper_room11-4.jpg","datePublished":"2023-03-02T13:15:08+00:00","dateModified":"2023-10-02T10:06:39+00:00","description":"P\u00f5hjamaine hele tapeet imeilusate lindude ja pehmete sulgedega. Maitsekas disain, mis sobib magamistoa tapeediks v\u00f5i mujale. Sinu seina m\u00f5\u00f5tu tapeedid.","breadcrumb":{"@id":"https:\/\/baubauwall.com\/et\/toode\/tapeet-imelised-sulelised-valge\/#breadcrumb"},"inLanguage":"et","potentialAction":[{"@type":"ReadAction","target":["https:\/\/baubauwall.com\/et\/toode\/tapeet-imelised-sulelised-valge\/"]}]},{"@type":"ImageObject","inLanguage":"et","@id":"https:\/\/baubauwall.com\/et\/toode\/tapeet-imelised-sulelised-valge\/#primaryimage","url":"https:\/\/baubauwall.com\/wp-content\/uploads\/2022\/11\/51100329_Divine-Plumage-white_Baubauwall_Wallpaper_room11-4.jpg","contentUrl":"https:\/\/baubauwall.com\/wp-content\/uploads\/2022\/11\/51100329_Divine-Plumage-white_Baubauwall_Wallpaper_room11-4.jpg","width":1175,"height":800},{"@type":"BreadcrumbList","@id":"https:\/\/baubauwall.com\/et\/toode\/tapeet-imelised-sulelised-valge\/#breadcrumb","itemListElement":[{"@type":"ListItem","position":1,"name":"Koju","item":"https:\/\/baubauwall.com\/et\/"},{"@type":"ListItem","position":2,"name":"Tapeedid","item":"https:\/\/baubauwall.com\/et\/tapeedid\/"},{"@type":"ListItem","position":3,"name":"Imelised sulelised &#8211; valge"}]},{"@type":"WebSite","@id":"https:\/\/baubauwall.com\/et\/#website","url":"https:\/\/baubauwall.com\/et\/","name":"BAUBAUWALL Wallpapers","description":"Valmis paanides tapeet Eestist!","publisher":{"@id":"https:\/\/baubauwall.com\/et\/#organization"},"potentialAction":[{"@type":"SearchAction","target":{"@type":"EntryPoint","urlTemplate":"https:\/\/baubauwall.com\/et\/?s={search_term_string}"},"query-input":{"@type":"PropertyValueSpecification","valueRequired":true,"valueName":"search_term_string"}}],"inLanguage":"et"},{"@type":"Organization","@id":"https:\/\/baubauwall.com\/et\/#organization","name":"BAUBAUWALL Wallpapers","url":"https:\/\/baubauwall.com\/et\/","logo":{"@type":"ImageObject","inLanguage":"et","@id":"https:\/\/baubauwall.com\/et\/#\/schema\/logo\/image\/","url":"https:\/\/baubauwall.com\/wp-content\/uploads\/2022\/03\/logo-horizontal.svg","contentUrl":"https:\/\/baubauwall.com\/wp-content\/uploads\/2022\/03\/logo-horizontal.svg","width":"1024","height":"1024","caption":"BAUBAUWALL Wallpapers"},"image":{"@id":"https:\/\/baubauwall.com\/et\/#\/schema\/logo\/image\/"},"sameAs":["https:\/\/www.facebook.com\/Baubauwall","https:\/\/www.instagram.com\/baubauwall"]}]}},"jetpack_sharing_enabled":true,"_links":{"self":[{"href":"https:\/\/baubauwall.com\/et\/wp-json\/wp\/v2\/product\/24683","targetHints":{"allow":["GET"]}}],"collection":[{"href":"https:\/\/baubauwall.com\/et\/wp-json\/wp\/v2\/product"}],"about":[{"href":"https:\/\/baubauwall.com\/et\/wp-json\/wp\/v2\/types\/product"}],"replies":[{"embeddable":true,"href":"https:\/\/baubauwall.com\/et\/wp-json\/wp\/v2\/comments?post=24683"}],"wp:featuredmedia":[{"embeddable":true,"href":"https:\/\/baubauwall.com\/et\/wp-json\/wp\/v2\/media\/24659"}],"wp:attachment":[{"href":"https:\/\/baubauwall.com\/et\/wp-json\/wp\/v2\/media?parent=24683"}],"wp:term":[{"taxonomy":"product_brand","embeddable":true,"href":"https:\/\/baubauwall.com\/et\/wp-json\/wp\/v2\/product_brand?post=24683"},{"taxonomy":"product_cat","embeddable":true,"href":"https:\/\/baubauwall.com\/et\/wp-json\/wp\/v2\/product_cat?post=24683"},{"taxonomy":"product_tag","embeddable":true,"href":"https:\/\/baubauwall.com\/et\/wp-json\/wp\/v2\/product_tag?post=24683"}],"curies":[{"name":"wp","href":"https:\/\/api.w.org\/{rel}","templated":true}]}}