{"id":24771,"date":"2023-02-02T11:57:51","date_gmt":"2023-02-02T09:57:51","guid":{"rendered":"https:\/\/baubauwall.com\/?post_type=product&#038;p=24771"},"modified":"2026-04-07T15:49:18","modified_gmt":"2026-04-07T13:49:18","slug":"pilttapeet-maakera-loomad","status":"publish","type":"product","link":"https:\/\/baubauwall.com\/et\/toode\/pilttapeet-maakera-loomad\/","title":{"rendered":"Maakera loomad"},"content":{"rendered":"<p>L\u00f5bus ja avastamisr\u00f5\u00f5mu pakkuv pilttapeet meie planeet Maaga. Kus elavad karud, kus elevandid? Kas tapeedil v\u00f5iks kasvada palmipuu? R\u00f5\u00f5mus pilttapeet, mis sobib h\u00e4sti lastetoa aktsentseinale. T\u00e4iuslik ja l\u00f5bus tapeet lastetuppa \u2013 olgu see siis poiste v\u00f5i t\u00fcdrukute tuba!<\/p>\n<p>Nagu k\u00f5ik meie tapeedid on ka see pilttapeet tr\u00fckitud keskkonnas\u00f5bralike v\u00e4rvidega hingavale, fliistapeedi materjalile. Sinu uus tapeet on l\u00f5igatud nummerdatud paanideks \u2013 t\u00e4pselt nii pikad, kui Sinu sein. Kuidas see t\u00f6\u00f6tab \u2013 loe l\u00e4hemalt<a href=\"https:\/\/baubauwall.com\/et\/kuidas-see-tootab\/\" target=\"_blank\" rel=\"noopener\">\u00a0siit.<\/a><\/p>\n<p><strong>Miks see tapeet v\u00f5iks Sulle meeldida?<\/strong><\/p>\n<ul>\n<li>Tapeet Eesti ettev\u00f5telt<\/li>\n<li>Tr\u00fckime tapeedi t\u00e4pselt\u00a0<a href=\"https:\/\/baubauwall.com\/et\/kuidas-see-tootab\/\">Sinu seina m\u00f5\u00f5du j\u00e4rgi<\/a><\/li>\n<li>Premium kategooria matt fliistapeet, valmistatud 100% taaskasutatud kiust<\/li>\n<li>M\u00fcrgivabad tr\u00fckiv\u00e4rvid,\u00a0<em>Greenguard<\/em>\u00a0sertifitseeritud<\/li>\n<li>Keskkonnateadlik ja j\u00e4\u00e4tmevaba tellimusp\u00f5hine tootmine<\/li>\n<li>Tapeediliim tuleb alati tasuta kaasa<\/li>\n<li>Tasuta transport ja kiire tarne <strong>3-5<\/strong> t\u00f6\u00f6p\u00e4evaga<\/li>\n<\/ul>\n","protected":false},"excerpt":{"rendered":"<p>L\u00f5bus ja avastamisr\u00f5\u00f5mu pakkuv pilttapeet meie planeet Maaga. Kus elavad karud, kus elevandid? Kas tapeedil v\u00f5iks kasvada palmipuu? R\u00f5\u00f5mus pilttapeet, mis sobib h\u00e4sti lastetoa aktsentseinale. T\u00e4iuslik ja l\u00f5bus tapeet lastetuppa \u2013 olgu see siis poiste v\u00f5i t\u00fcdrukute tuba! Nagu k\u00f5ik meie tapeedid on ka see pilttapeet tr\u00fckitud keskkonnas\u00f5bralike v\u00e4rvidega hingavale, fliistapeedi materjalile. Sinu uus tapeet [&hellip;]<\/p>\n","protected":false},"featured_media":24791,"comment_status":"open","ping_status":"closed","template":"","meta":{"_acf_changed":false,"inline_featured_image":false},"product_brand":[],"product_cat":[629,387,394,267,268,271,400,614,250,254,255],"product_tag":[531,631,345,308],"class_list":{"0":"post-24771","1":"product","2":"type-product","3":"status-publish","4":"has-post-thumbnail","6":"product_cat-kikki-belle-tapeedid","7":"product_cat-pilttapeedid","8":"product_cat-rikkalik","9":"product_cat-sinised-tapeedid","10":"product_cat-kirkad-tapeedid","11":"product_cat-rohelised-tapeedid","12":"product_cat-lastetoa-tapeedid","13":"product_cat-kosmos-galaktika-et","14":"product_cat-dzungel-troopika","15":"product_cat-loodus","16":"product_cat-loomad","17":"product_tag-elevant","18":"product_tag-kikki-belle-et","19":"product_tag-pilttapeet","20":"product_tag-poiste-tuba","22":"first","23":"instock","24":"taxable","25":"shipping-taxable","26":"purchasable","27":"product-type-simple"},"acf":[],"yoast_head":"<!-- This site is optimized with the Yoast SEO plugin v25.9 - https:\/\/yoast.com\/wordpress\/plugins\/seo\/ -->\n<title>Maakera loodus - loomadega pilttapeet lastetoa seinale<\/title>\n<meta name=\"description\" content=\"Lastetoa pilttapeet. Tapeedidisain looduse ja loomadega Maal. M\u00e4nguline disain lastetoa seinale. Keskkonnas\u00f5bralik tapeet\" \/>\n<meta name=\"robots\" content=\"index, follow, max-snippet:-1, max-image-preview:large, max-video-preview:-1\" \/>\n<link rel=\"canonical\" href=\"https:\/\/baubauwall.com\/et\/toode\/pilttapeet-maakera-loomad\/\" \/>\n<meta property=\"og:locale\" content=\"et_EE\" \/>\n<meta property=\"og:type\" content=\"article\" \/>\n<meta property=\"og:title\" content=\"Maakera loodus - loomadega pilttapeet lastetoa seinale\" \/>\n<meta property=\"og:description\" content=\"Lastetoa pilttapeet. Tapeedidisain looduse ja loomadega Maal. M\u00e4nguline disain lastetoa seinale. Keskkonnas\u00f5bralik tapeet\" \/>\n<meta property=\"og:url\" content=\"https:\/\/baubauwall.com\/et\/toode\/pilttapeet-maakera-loomad\/\" \/>\n<meta property=\"og:site_name\" content=\"BAUBAUWALL TAPEEDID\" \/>\n<meta property=\"article:publisher\" content=\"https:\/\/www.facebook.com\/Baubauwall\" \/>\n<meta property=\"article:modified_time\" content=\"2026-04-07T13:49:18+00:00\" \/>\n<meta property=\"og:image\" content=\"https:\/\/baubauwall.com\/wp-content\/uploads\/2023\/03\/51200197_AnimalsofEarth_Baubauwall_Wallmural_room3.jpg\" \/>\n\t<meta property=\"og:image:width\" content=\"2404\" \/>\n\t<meta property=\"og:image:height\" content=\"1600\" \/>\n\t<meta property=\"og:image:type\" content=\"image\/jpeg\" \/>\n<meta name=\"twitter:card\" content=\"summary_large_image\" \/>\n<meta name=\"twitter:label1\" content=\"Est. reading time\" \/>\n\t<meta name=\"twitter:data1\" content=\"1 minut\" \/>\n<script type=\"application\/ld+json\" class=\"yoast-schema-graph\">{\"@context\":\"https:\/\/schema.org\",\"@graph\":[{\"@type\":\"WebPage\",\"@id\":\"https:\/\/baubauwall.com\/et\/toode\/pilttapeet-maakera-loomad\/\",\"url\":\"https:\/\/baubauwall.com\/et\/toode\/pilttapeet-maakera-loomad\/\",\"name\":\"Maakera loodus - loomadega pilttapeet lastetoa seinale\",\"isPartOf\":{\"@id\":\"https:\/\/baubauwall.com\/et\/#website\"},\"primaryImageOfPage\":{\"@id\":\"https:\/\/baubauwall.com\/et\/toode\/pilttapeet-maakera-loomad\/#primaryimage\"},\"image\":{\"@id\":\"https:\/\/baubauwall.com\/et\/toode\/pilttapeet-maakera-loomad\/#primaryimage\"},\"thumbnailUrl\":\"https:\/\/baubauwall.com\/wp-content\/uploads\/2023\/03\/51200197_AnimalsofEarth_Baubauwall_Wallmural_room3.jpg\",\"datePublished\":\"2023-02-02T09:57:51+00:00\",\"dateModified\":\"2026-04-07T13:49:18+00:00\",\"description\":\"Lastetoa pilttapeet. Tapeedidisain looduse ja loomadega Maal. M\u00e4nguline disain lastetoa seinale. Keskkonnas\u00f5bralik tapeet\",\"breadcrumb\":{\"@id\":\"https:\/\/baubauwall.com\/et\/toode\/pilttapeet-maakera-loomad\/#breadcrumb\"},\"inLanguage\":\"et\",\"potentialAction\":[{\"@type\":\"ReadAction\",\"target\":[\"https:\/\/baubauwall.com\/et\/toode\/pilttapeet-maakera-loomad\/\"]}]},{\"@type\":\"ImageObject\",\"inLanguage\":\"et\",\"@id\":\"https:\/\/baubauwall.com\/et\/toode\/pilttapeet-maakera-loomad\/#primaryimage\",\"url\":\"https:\/\/baubauwall.com\/wp-content\/uploads\/2023\/03\/51200197_AnimalsofEarth_Baubauwall_Wallmural_room3.jpg\",\"contentUrl\":\"https:\/\/baubauwall.com\/wp-content\/uploads\/2023\/03\/51200197_AnimalsofEarth_Baubauwall_Wallmural_room3.jpg\",\"width\":2404,\"height\":1600},{\"@type\":\"BreadcrumbList\",\"@id\":\"https:\/\/baubauwall.com\/et\/toode\/pilttapeet-maakera-loomad\/#breadcrumb\",\"itemListElement\":[{\"@type\":\"ListItem\",\"position\":1,\"name\":\"Koju\",\"item\":\"https:\/\/baubauwall.com\/et\/\"},{\"@type\":\"ListItem\",\"position\":2,\"name\":\"Tapeedid\",\"item\":\"https:\/\/baubauwall.com\/et\/tapeedid\/\"},{\"@type\":\"ListItem\",\"position\":3,\"name\":\"Maakera loomad\"}]},{\"@type\":\"WebSite\",\"@id\":\"https:\/\/baubauwall.com\/et\/#website\",\"url\":\"https:\/\/baubauwall.com\/et\/\",\"name\":\"BAUBAUWALL Wallpapers\",\"description\":\"Valmis paanides tapeet Eestist!\",\"publisher\":{\"@id\":\"https:\/\/baubauwall.com\/et\/#organization\"},\"potentialAction\":[{\"@type\":\"SearchAction\",\"target\":{\"@type\":\"EntryPoint\",\"urlTemplate\":\"https:\/\/baubauwall.com\/et\/?s={search_term_string}\"},\"query-input\":{\"@type\":\"PropertyValueSpecification\",\"valueRequired\":true,\"valueName\":\"search_term_string\"}}],\"inLanguage\":\"et\"},{\"@type\":\"Organization\",\"@id\":\"https:\/\/baubauwall.com\/et\/#organization\",\"name\":\"BAUBAUWALL Wallpapers\",\"url\":\"https:\/\/baubauwall.com\/et\/\",\"logo\":{\"@type\":\"ImageObject\",\"inLanguage\":\"et\",\"@id\":\"https:\/\/baubauwall.com\/et\/#\/schema\/logo\/image\/\",\"url\":\"https:\/\/baubauwall.com\/wp-content\/uploads\/2022\/03\/logo-horizontal.svg\",\"contentUrl\":\"https:\/\/baubauwall.com\/wp-content\/uploads\/2022\/03\/logo-horizontal.svg\",\"width\":\"1024\",\"height\":\"1024\",\"caption\":\"BAUBAUWALL Wallpapers\"},\"image\":{\"@id\":\"https:\/\/baubauwall.com\/et\/#\/schema\/logo\/image\/\"},\"sameAs\":[\"https:\/\/www.facebook.com\/Baubauwall\",\"https:\/\/www.instagram.com\/baubauwall\"]}]}<\/script>\n<!-- \/ Yoast SEO plugin. -->","yoast_head_json":{"title":"Maakera loodus - loomadega pilttapeet lastetoa seinale","description":"Lastetoa pilttapeet. Tapeedidisain looduse ja loomadega Maal. M\u00e4nguline disain lastetoa seinale. Keskkonnas\u00f5bralik tapeet","robots":{"index":"index","follow":"follow","max-snippet":"max-snippet:-1","max-image-preview":"max-image-preview:large","max-video-preview":"max-video-preview:-1"},"canonical":"https:\/\/baubauwall.com\/et\/toode\/pilttapeet-maakera-loomad\/","og_locale":"et_EE","og_type":"article","og_title":"Maakera loodus - loomadega pilttapeet lastetoa seinale","og_description":"Lastetoa pilttapeet. Tapeedidisain looduse ja loomadega Maal. M\u00e4nguline disain lastetoa seinale. Keskkonnas\u00f5bralik tapeet","og_url":"https:\/\/baubauwall.com\/et\/toode\/pilttapeet-maakera-loomad\/","og_site_name":"BAUBAUWALL TAPEEDID","article_publisher":"https:\/\/www.facebook.com\/Baubauwall","article_modified_time":"2026-04-07T13:49:18+00:00","og_image":[{"width":2404,"height":1600,"url":"https:\/\/baubauwall.com\/wp-content\/uploads\/2023\/03\/51200197_AnimalsofEarth_Baubauwall_Wallmural_room3.jpg","type":"image\/jpeg"}],"twitter_card":"summary_large_image","twitter_misc":{"Est. reading time":"1 minut"},"schema":{"@context":"https:\/\/schema.org","@graph":[{"@type":"WebPage","@id":"https:\/\/baubauwall.com\/et\/toode\/pilttapeet-maakera-loomad\/","url":"https:\/\/baubauwall.com\/et\/toode\/pilttapeet-maakera-loomad\/","name":"Maakera loodus - loomadega pilttapeet lastetoa seinale","isPartOf":{"@id":"https:\/\/baubauwall.com\/et\/#website"},"primaryImageOfPage":{"@id":"https:\/\/baubauwall.com\/et\/toode\/pilttapeet-maakera-loomad\/#primaryimage"},"image":{"@id":"https:\/\/baubauwall.com\/et\/toode\/pilttapeet-maakera-loomad\/#primaryimage"},"thumbnailUrl":"https:\/\/baubauwall.com\/wp-content\/uploads\/2023\/03\/51200197_AnimalsofEarth_Baubauwall_Wallmural_room3.jpg","datePublished":"2023-02-02T09:57:51+00:00","dateModified":"2026-04-07T13:49:18+00:00","description":"Lastetoa pilttapeet. Tapeedidisain looduse ja loomadega Maal. M\u00e4nguline disain lastetoa seinale. Keskkonnas\u00f5bralik tapeet","breadcrumb":{"@id":"https:\/\/baubauwall.com\/et\/toode\/pilttapeet-maakera-loomad\/#breadcrumb"},"inLanguage":"et","potentialAction":[{"@type":"ReadAction","target":["https:\/\/baubauwall.com\/et\/toode\/pilttapeet-maakera-loomad\/"]}]},{"@type":"ImageObject","inLanguage":"et","@id":"https:\/\/baubauwall.com\/et\/toode\/pilttapeet-maakera-loomad\/#primaryimage","url":"https:\/\/baubauwall.com\/wp-content\/uploads\/2023\/03\/51200197_AnimalsofEarth_Baubauwall_Wallmural_room3.jpg","contentUrl":"https:\/\/baubauwall.com\/wp-content\/uploads\/2023\/03\/51200197_AnimalsofEarth_Baubauwall_Wallmural_room3.jpg","width":2404,"height":1600},{"@type":"BreadcrumbList","@id":"https:\/\/baubauwall.com\/et\/toode\/pilttapeet-maakera-loomad\/#breadcrumb","itemListElement":[{"@type":"ListItem","position":1,"name":"Koju","item":"https:\/\/baubauwall.com\/et\/"},{"@type":"ListItem","position":2,"name":"Tapeedid","item":"https:\/\/baubauwall.com\/et\/tapeedid\/"},{"@type":"ListItem","position":3,"name":"Maakera loomad"}]},{"@type":"WebSite","@id":"https:\/\/baubauwall.com\/et\/#website","url":"https:\/\/baubauwall.com\/et\/","name":"BAUBAUWALL Wallpapers","description":"Valmis paanides tapeet Eestist!","publisher":{"@id":"https:\/\/baubauwall.com\/et\/#organization"},"potentialAction":[{"@type":"SearchAction","target":{"@type":"EntryPoint","urlTemplate":"https:\/\/baubauwall.com\/et\/?s={search_term_string}"},"query-input":{"@type":"PropertyValueSpecification","valueRequired":true,"valueName":"search_term_string"}}],"inLanguage":"et"},{"@type":"Organization","@id":"https:\/\/baubauwall.com\/et\/#organization","name":"BAUBAUWALL Wallpapers","url":"https:\/\/baubauwall.com\/et\/","logo":{"@type":"ImageObject","inLanguage":"et","@id":"https:\/\/baubauwall.com\/et\/#\/schema\/logo\/image\/","url":"https:\/\/baubauwall.com\/wp-content\/uploads\/2022\/03\/logo-horizontal.svg","contentUrl":"https:\/\/baubauwall.com\/wp-content\/uploads\/2022\/03\/logo-horizontal.svg","width":"1024","height":"1024","caption":"BAUBAUWALL Wallpapers"},"image":{"@id":"https:\/\/baubauwall.com\/et\/#\/schema\/logo\/image\/"},"sameAs":["https:\/\/www.facebook.com\/Baubauwall","https:\/\/www.instagram.com\/baubauwall"]}]}},"jetpack_sharing_enabled":true,"_links":{"self":[{"href":"https:\/\/baubauwall.com\/et\/wp-json\/wp\/v2\/product\/24771","targetHints":{"allow":["GET"]}}],"collection":[{"href":"https:\/\/baubauwall.com\/et\/wp-json\/wp\/v2\/product"}],"about":[{"href":"https:\/\/baubauwall.com\/et\/wp-json\/wp\/v2\/types\/product"}],"replies":[{"embeddable":true,"href":"https:\/\/baubauwall.com\/et\/wp-json\/wp\/v2\/comments?post=24771"}],"wp:featuredmedia":[{"embeddable":true,"href":"https:\/\/baubauwall.com\/et\/wp-json\/wp\/v2\/media\/24791"}],"wp:attachment":[{"href":"https:\/\/baubauwall.com\/et\/wp-json\/wp\/v2\/media?parent=24771"}],"wp:term":[{"taxonomy":"product_brand","embeddable":true,"href":"https:\/\/baubauwall.com\/et\/wp-json\/wp\/v2\/product_brand?post=24771"},{"taxonomy":"product_cat","embeddable":true,"href":"https:\/\/baubauwall.com\/et\/wp-json\/wp\/v2\/product_cat?post=24771"},{"taxonomy":"product_tag","embeddable":true,"href":"https:\/\/baubauwall.com\/et\/wp-json\/wp\/v2\/product_tag?post=24771"}],"curies":[{"name":"wp","href":"https:\/\/api.w.org\/{rel}","templated":true}]}}