{"id":24799,"date":"2023-03-02T12:19:08","date_gmt":"2023-03-02T10:19:08","guid":{"rendered":"https:\/\/baubauwall.com\/?post_type=product&#038;p=24799"},"modified":"2025-04-14T10:15:18","modified_gmt":"2025-04-14T08:15:18","slug":"pilttapeet-kuumaohupalli-voistlus","status":"publish","type":"product","link":"https:\/\/baubauwall.com\/et\/toode\/pilttapeet-kuumaohupalli-voistlus\/","title":{"rendered":"Lastetoa tapeet &#8211; Kuuma\u00f5hupallide v\u00f5istlus"},"content":{"rendered":"<p>Armas tapeet lastele v\u00f5i beebidele.<\/p>\n<p>Ilmaennustus lubab selget taevast ja kuuma\u00f5hupalle! Sellel maitsekal tapeedidisainil on illustreeritud kuuma\u00f5hupallid, mis h\u00f5ljuvad l\u00e4bi pehme helesinise taeva. Milline saab k\u00f5ige ette? Ilus tapeedivalik lastetuppa &#8211; lase lapse kujutlusv\u00f5imel r\u00e4nnata! Ajatu tapeedikujundus, mis muudab lapse toa rahulikuks ja inspireerivaks pesaks. T\u00e4pselt nagu peabki olema.<\/p>\n<p>Nagu k\u00f5ik meie tapeedid on ka see pilttapeet lastele tr\u00fckitud keskkonnas\u00f5bralike v\u00e4rvidega hingavale, fliistapeedi materjalile. Sinu uus tapeet on l\u00f5igatud nummerdatud paanideks \u2013 t\u00e4pselt nii pikad, kui Sinu sein. Kuidas see t\u00f6\u00f6tab \u2013 loe l\u00e4hemalt<a href=\"https:\/\/baubauwall.com\/et\/kuidas-see-tootab\/\" target=\"_blank\" rel=\"noopener\">\u00a0siit.<\/a><\/p>\n<p>&nbsp;<\/p>\n","protected":false},"excerpt":{"rendered":"<p>Armas tapeet lastele v\u00f5i beebidele. Ilmaennustus lubab selget taevast ja kuuma\u00f5hupalle! Sellel maitsekal tapeedidisainil on illustreeritud kuuma\u00f5hupallid, mis h\u00f5ljuvad l\u00e4bi pehme helesinise taeva. Milline saab k\u00f5ige ette? Ilus tapeedivalik lastetuppa &#8211; lase lapse kujutlusv\u00f5imel r\u00e4nnata! Ajatu tapeedikujundus, mis muudab lapse toa rahulikuks ja inspireerivaks pesaks. T\u00e4pselt nagu peabki olema. Nagu k\u00f5ik meie tapeedid on ka [&hellip;]<\/p>\n","protected":false},"featured_media":24819,"comment_status":"open","ping_status":"closed","template":"","meta":{"_acf_changed":false,"inline_featured_image":false},"product_brand":[],"product_cat":[634,387,395,406,396,388,267,273,400,465],"product_tag":[635,345,308,324],"class_list":{"0":"post-24799","1":"product","2":"type-product","3":"status-publish","4":"has-post-thumbnail","6":"product_cat-oliver-robbins-tapeedid","7":"product_cat-pilttapeedid","8":"product_cat-romantiline","9":"product_cat-klassika","10":"product_cat-skandinaavia","11":"product_cat-vintage-et","12":"product_cat-sinised-tapeedid","13":"product_cat-heledad-tapeedid","14":"product_cat-lastetoa-tapeedid","15":"product_cat-taevas-ja-pilved","16":"product_tag-oliver-robbins-tapeedid","17":"product_tag-pilttapeet","18":"product_tag-poiste-tuba","19":"product_tag-tudruku-tuba","20":"pa_designedby-sir-edward","22":"first","23":"instock","24":"taxable","25":"shipping-taxable","26":"purchasable","27":"product-type-simple"},"acf":[],"yoast_head":"<!-- This site is optimized with the Yoast SEO plugin v25.9 - https:\/\/yoast.com\/wordpress\/plugins\/seo\/ -->\n<title>Tapeet lastele kuuma\u00f5hupallidega. Stiilne valik sinu lastetuppa<\/title>\n<meta name=\"description\" content=\"Helesinine tapeet illustreeritud kuuma\u00f5hupallidega lastetuppa Ajatu ilus disain, mis sobib lastetuppa R\u00e4tsepat\u00f6\u00f6 tapeedid, tr\u00fckitud t\u00e4psetes paanides.\" \/>\n<meta name=\"robots\" content=\"index, follow, max-snippet:-1, max-image-preview:large, max-video-preview:-1\" \/>\n<link rel=\"canonical\" href=\"https:\/\/baubauwall.com\/et\/toode\/pilttapeet-kuumaohupalli-voistlus\/\" \/>\n<meta property=\"og:locale\" content=\"et_EE\" \/>\n<meta property=\"og:type\" content=\"article\" \/>\n<meta property=\"og:title\" content=\"Tapeet lastele kuuma\u00f5hupallidega. Stiilne valik sinu lastetuppa\" \/>\n<meta property=\"og:description\" content=\"Helesinine tapeet illustreeritud kuuma\u00f5hupallidega lastetuppa Ajatu ilus disain, mis sobib lastetuppa R\u00e4tsepat\u00f6\u00f6 tapeedid, tr\u00fckitud t\u00e4psetes paanides.\" \/>\n<meta property=\"og:url\" content=\"https:\/\/baubauwall.com\/et\/toode\/pilttapeet-kuumaohupalli-voistlus\/\" \/>\n<meta property=\"og:site_name\" content=\"BAUBAUWALL TAPEEDID\" \/>\n<meta property=\"article:publisher\" content=\"https:\/\/www.facebook.com\/Baubauwall\" \/>\n<meta property=\"article:modified_time\" content=\"2025-04-14T08:15:18+00:00\" \/>\n<meta property=\"og:image\" content=\"https:\/\/baubauwall.com\/wp-content\/uploads\/2023\/03\/51200198_BalloonBonanza_Baubauwall_Wallmural_room3.jpg\" \/>\n\t<meta property=\"og:image:width\" content=\"2400\" \/>\n\t<meta property=\"og:image:height\" content=\"1600\" \/>\n\t<meta property=\"og:image:type\" content=\"image\/jpeg\" \/>\n<meta name=\"twitter:card\" content=\"summary_large_image\" \/>\n<meta name=\"twitter:label1\" content=\"Est. reading time\" \/>\n\t<meta name=\"twitter:data1\" content=\"1 minut\" \/>\n<script type=\"application\/ld+json\" class=\"yoast-schema-graph\">{\"@context\":\"https:\/\/schema.org\",\"@graph\":[{\"@type\":\"WebPage\",\"@id\":\"https:\/\/baubauwall.com\/et\/toode\/pilttapeet-kuumaohupalli-voistlus\/\",\"url\":\"https:\/\/baubauwall.com\/et\/toode\/pilttapeet-kuumaohupalli-voistlus\/\",\"name\":\"Tapeet lastele kuuma\u00f5hupallidega. Stiilne valik sinu lastetuppa\",\"isPartOf\":{\"@id\":\"https:\/\/baubauwall.com\/et\/#website\"},\"primaryImageOfPage\":{\"@id\":\"https:\/\/baubauwall.com\/et\/toode\/pilttapeet-kuumaohupalli-voistlus\/#primaryimage\"},\"image\":{\"@id\":\"https:\/\/baubauwall.com\/et\/toode\/pilttapeet-kuumaohupalli-voistlus\/#primaryimage\"},\"thumbnailUrl\":\"https:\/\/baubauwall.com\/wp-content\/uploads\/2023\/03\/51200198_BalloonBonanza_Baubauwall_Wallmural_room3.jpg\",\"datePublished\":\"2023-03-02T10:19:08+00:00\",\"dateModified\":\"2025-04-14T08:15:18+00:00\",\"description\":\"Helesinine tapeet illustreeritud kuuma\u00f5hupallidega lastetuppa Ajatu ilus disain, mis sobib lastetuppa R\u00e4tsepat\u00f6\u00f6 tapeedid, tr\u00fckitud t\u00e4psetes paanides.\",\"breadcrumb\":{\"@id\":\"https:\/\/baubauwall.com\/et\/toode\/pilttapeet-kuumaohupalli-voistlus\/#breadcrumb\"},\"inLanguage\":\"et\",\"potentialAction\":[{\"@type\":\"ReadAction\",\"target\":[\"https:\/\/baubauwall.com\/et\/toode\/pilttapeet-kuumaohupalli-voistlus\/\"]}]},{\"@type\":\"ImageObject\",\"inLanguage\":\"et\",\"@id\":\"https:\/\/baubauwall.com\/et\/toode\/pilttapeet-kuumaohupalli-voistlus\/#primaryimage\",\"url\":\"https:\/\/baubauwall.com\/wp-content\/uploads\/2023\/03\/51200198_BalloonBonanza_Baubauwall_Wallmural_room3.jpg\",\"contentUrl\":\"https:\/\/baubauwall.com\/wp-content\/uploads\/2023\/03\/51200198_BalloonBonanza_Baubauwall_Wallmural_room3.jpg\",\"width\":2400,\"height\":1600},{\"@type\":\"BreadcrumbList\",\"@id\":\"https:\/\/baubauwall.com\/et\/toode\/pilttapeet-kuumaohupalli-voistlus\/#breadcrumb\",\"itemListElement\":[{\"@type\":\"ListItem\",\"position\":1,\"name\":\"Koju\",\"item\":\"https:\/\/baubauwall.com\/et\/\"},{\"@type\":\"ListItem\",\"position\":2,\"name\":\"Tapeedid\",\"item\":\"https:\/\/baubauwall.com\/et\/tapeedid\/\"},{\"@type\":\"ListItem\",\"position\":3,\"name\":\"Lastetoa tapeet &#8211; Kuuma\u00f5hupallide v\u00f5istlus\"}]},{\"@type\":\"WebSite\",\"@id\":\"https:\/\/baubauwall.com\/et\/#website\",\"url\":\"https:\/\/baubauwall.com\/et\/\",\"name\":\"BAUBAUWALL Wallpapers\",\"description\":\"Valmis paanides tapeet Eestist!\",\"publisher\":{\"@id\":\"https:\/\/baubauwall.com\/et\/#organization\"},\"potentialAction\":[{\"@type\":\"SearchAction\",\"target\":{\"@type\":\"EntryPoint\",\"urlTemplate\":\"https:\/\/baubauwall.com\/et\/?s={search_term_string}\"},\"query-input\":{\"@type\":\"PropertyValueSpecification\",\"valueRequired\":true,\"valueName\":\"search_term_string\"}}],\"inLanguage\":\"et\"},{\"@type\":\"Organization\",\"@id\":\"https:\/\/baubauwall.com\/et\/#organization\",\"name\":\"BAUBAUWALL Wallpapers\",\"url\":\"https:\/\/baubauwall.com\/et\/\",\"logo\":{\"@type\":\"ImageObject\",\"inLanguage\":\"et\",\"@id\":\"https:\/\/baubauwall.com\/et\/#\/schema\/logo\/image\/\",\"url\":\"https:\/\/baubauwall.com\/wp-content\/uploads\/2022\/03\/logo-horizontal.svg\",\"contentUrl\":\"https:\/\/baubauwall.com\/wp-content\/uploads\/2022\/03\/logo-horizontal.svg\",\"width\":\"1024\",\"height\":\"1024\",\"caption\":\"BAUBAUWALL Wallpapers\"},\"image\":{\"@id\":\"https:\/\/baubauwall.com\/et\/#\/schema\/logo\/image\/\"},\"sameAs\":[\"https:\/\/www.facebook.com\/Baubauwall\",\"https:\/\/www.instagram.com\/baubauwall\"]}]}<\/script>\n<!-- \/ Yoast SEO plugin. -->","yoast_head_json":{"title":"Tapeet lastele kuuma\u00f5hupallidega. Stiilne valik sinu lastetuppa","description":"Helesinine tapeet illustreeritud kuuma\u00f5hupallidega lastetuppa Ajatu ilus disain, mis sobib lastetuppa R\u00e4tsepat\u00f6\u00f6 tapeedid, tr\u00fckitud t\u00e4psetes paanides.","robots":{"index":"index","follow":"follow","max-snippet":"max-snippet:-1","max-image-preview":"max-image-preview:large","max-video-preview":"max-video-preview:-1"},"canonical":"https:\/\/baubauwall.com\/et\/toode\/pilttapeet-kuumaohupalli-voistlus\/","og_locale":"et_EE","og_type":"article","og_title":"Tapeet lastele kuuma\u00f5hupallidega. Stiilne valik sinu lastetuppa","og_description":"Helesinine tapeet illustreeritud kuuma\u00f5hupallidega lastetuppa Ajatu ilus disain, mis sobib lastetuppa R\u00e4tsepat\u00f6\u00f6 tapeedid, tr\u00fckitud t\u00e4psetes paanides.","og_url":"https:\/\/baubauwall.com\/et\/toode\/pilttapeet-kuumaohupalli-voistlus\/","og_site_name":"BAUBAUWALL TAPEEDID","article_publisher":"https:\/\/www.facebook.com\/Baubauwall","article_modified_time":"2025-04-14T08:15:18+00:00","og_image":[{"width":2400,"height":1600,"url":"https:\/\/baubauwall.com\/wp-content\/uploads\/2023\/03\/51200198_BalloonBonanza_Baubauwall_Wallmural_room3.jpg","type":"image\/jpeg"}],"twitter_card":"summary_large_image","twitter_misc":{"Est. reading time":"1 minut"},"schema":{"@context":"https:\/\/schema.org","@graph":[{"@type":"WebPage","@id":"https:\/\/baubauwall.com\/et\/toode\/pilttapeet-kuumaohupalli-voistlus\/","url":"https:\/\/baubauwall.com\/et\/toode\/pilttapeet-kuumaohupalli-voistlus\/","name":"Tapeet lastele kuuma\u00f5hupallidega. Stiilne valik sinu lastetuppa","isPartOf":{"@id":"https:\/\/baubauwall.com\/et\/#website"},"primaryImageOfPage":{"@id":"https:\/\/baubauwall.com\/et\/toode\/pilttapeet-kuumaohupalli-voistlus\/#primaryimage"},"image":{"@id":"https:\/\/baubauwall.com\/et\/toode\/pilttapeet-kuumaohupalli-voistlus\/#primaryimage"},"thumbnailUrl":"https:\/\/baubauwall.com\/wp-content\/uploads\/2023\/03\/51200198_BalloonBonanza_Baubauwall_Wallmural_room3.jpg","datePublished":"2023-03-02T10:19:08+00:00","dateModified":"2025-04-14T08:15:18+00:00","description":"Helesinine tapeet illustreeritud kuuma\u00f5hupallidega lastetuppa Ajatu ilus disain, mis sobib lastetuppa R\u00e4tsepat\u00f6\u00f6 tapeedid, tr\u00fckitud t\u00e4psetes paanides.","breadcrumb":{"@id":"https:\/\/baubauwall.com\/et\/toode\/pilttapeet-kuumaohupalli-voistlus\/#breadcrumb"},"inLanguage":"et","potentialAction":[{"@type":"ReadAction","target":["https:\/\/baubauwall.com\/et\/toode\/pilttapeet-kuumaohupalli-voistlus\/"]}]},{"@type":"ImageObject","inLanguage":"et","@id":"https:\/\/baubauwall.com\/et\/toode\/pilttapeet-kuumaohupalli-voistlus\/#primaryimage","url":"https:\/\/baubauwall.com\/wp-content\/uploads\/2023\/03\/51200198_BalloonBonanza_Baubauwall_Wallmural_room3.jpg","contentUrl":"https:\/\/baubauwall.com\/wp-content\/uploads\/2023\/03\/51200198_BalloonBonanza_Baubauwall_Wallmural_room3.jpg","width":2400,"height":1600},{"@type":"BreadcrumbList","@id":"https:\/\/baubauwall.com\/et\/toode\/pilttapeet-kuumaohupalli-voistlus\/#breadcrumb","itemListElement":[{"@type":"ListItem","position":1,"name":"Koju","item":"https:\/\/baubauwall.com\/et\/"},{"@type":"ListItem","position":2,"name":"Tapeedid","item":"https:\/\/baubauwall.com\/et\/tapeedid\/"},{"@type":"ListItem","position":3,"name":"Lastetoa tapeet &#8211; Kuuma\u00f5hupallide v\u00f5istlus"}]},{"@type":"WebSite","@id":"https:\/\/baubauwall.com\/et\/#website","url":"https:\/\/baubauwall.com\/et\/","name":"BAUBAUWALL Wallpapers","description":"Valmis paanides tapeet Eestist!","publisher":{"@id":"https:\/\/baubauwall.com\/et\/#organization"},"potentialAction":[{"@type":"SearchAction","target":{"@type":"EntryPoint","urlTemplate":"https:\/\/baubauwall.com\/et\/?s={search_term_string}"},"query-input":{"@type":"PropertyValueSpecification","valueRequired":true,"valueName":"search_term_string"}}],"inLanguage":"et"},{"@type":"Organization","@id":"https:\/\/baubauwall.com\/et\/#organization","name":"BAUBAUWALL Wallpapers","url":"https:\/\/baubauwall.com\/et\/","logo":{"@type":"ImageObject","inLanguage":"et","@id":"https:\/\/baubauwall.com\/et\/#\/schema\/logo\/image\/","url":"https:\/\/baubauwall.com\/wp-content\/uploads\/2022\/03\/logo-horizontal.svg","contentUrl":"https:\/\/baubauwall.com\/wp-content\/uploads\/2022\/03\/logo-horizontal.svg","width":"1024","height":"1024","caption":"BAUBAUWALL Wallpapers"},"image":{"@id":"https:\/\/baubauwall.com\/et\/#\/schema\/logo\/image\/"},"sameAs":["https:\/\/www.facebook.com\/Baubauwall","https:\/\/www.instagram.com\/baubauwall"]}]}},"jetpack_sharing_enabled":true,"_links":{"self":[{"href":"https:\/\/baubauwall.com\/et\/wp-json\/wp\/v2\/product\/24799","targetHints":{"allow":["GET"]}}],"collection":[{"href":"https:\/\/baubauwall.com\/et\/wp-json\/wp\/v2\/product"}],"about":[{"href":"https:\/\/baubauwall.com\/et\/wp-json\/wp\/v2\/types\/product"}],"replies":[{"embeddable":true,"href":"https:\/\/baubauwall.com\/et\/wp-json\/wp\/v2\/comments?post=24799"}],"wp:featuredmedia":[{"embeddable":true,"href":"https:\/\/baubauwall.com\/et\/wp-json\/wp\/v2\/media\/24819"}],"wp:attachment":[{"href":"https:\/\/baubauwall.com\/et\/wp-json\/wp\/v2\/media?parent=24799"}],"wp:term":[{"taxonomy":"product_brand","embeddable":true,"href":"https:\/\/baubauwall.com\/et\/wp-json\/wp\/v2\/product_brand?post=24799"},{"taxonomy":"product_cat","embeddable":true,"href":"https:\/\/baubauwall.com\/et\/wp-json\/wp\/v2\/product_cat?post=24799"},{"taxonomy":"product_tag","embeddable":true,"href":"https:\/\/baubauwall.com\/et\/wp-json\/wp\/v2\/product_tag?post=24799"}],"curies":[{"name":"wp","href":"https:\/\/api.w.org\/{rel}","templated":true}]}}