{"id":24848,"date":"2023-03-02T13:23:57","date_gmt":"2023-03-02T11:23:57","guid":{"rendered":"https:\/\/baubauwall.com\/?post_type=product&#038;p=24848"},"modified":"2025-04-14T10:16:38","modified_gmt":"2025-04-14T08:16:38","slug":"pilttapeet-liiklus-linnas","status":"publish","type":"product","link":"https:\/\/baubauwall.com\/et\/toode\/pilttapeet-liiklus-linnas\/","title":{"rendered":"Lastetoa tapeet &#8211; Liiklus linnas"},"content":{"rendered":"<div>Lastetoa tapeet liiklusmaastikuga! &#8220;Liiklus linnas&#8221; on armas ja \u00f5petlik tapeedivalik lastetuppa, kus seiklevad mootorrattad ja v\u00e4rvilised autod. Ehk aitab just see tapeet lapsel ette valmistuda t\u00e4naval ettevaatlik olema. V\u00f5i siis lihtsalt hea tapeedivalik v\u00e4iksele poisile, kes jumaldab k\u00f5iki liikuvaid objekte!<\/div>\n<div>\n<p>See lastetoa tapeet tr\u00fckitakse <a href=\"https:\/\/baubauwall.com\/et\/keskkonnasobralikud-tapeedid\/\">keskkonnas\u00f5bralike v\u00e4rvidega<\/a>, hingavale fliistapeedi materjalile, mis ei l\u00e4igi ja on lihtne paigaldada. Sinu uus lastetoa tapeet tuleb valmis l\u00f5igatud ning nummerdatud paanides, mis on t\u00e4pselt nii k\u00f5rged, kui Sinu sein. Tapeetimine &#8211; lihtsalt ja nutikalt! Kuidas see t\u00f6\u00f6tab \u2013 loe l\u00e4hemalt <a href=\"https:\/\/baubauwall.com\/et\/kuidas-see-tootab\/\">siit.\u00a0<\/a>Mida silmas pidada lastetoa tapeedi valikul, loe l\u00e4hemalt <a href=\"https:\/\/baubauwall.com\/et\/uudised\/kodu-koige-lustlikum-tuba\/\" target=\"_blank\" rel=\"noopener\">Baubau ajakirjast.<\/a><\/p>\n<\/div>\n","protected":false},"excerpt":{"rendered":"<p>Lastetoa tapeet liiklusmaastikuga! &#8220;Liiklus linnas&#8221; on armas ja \u00f5petlik tapeedivalik lastetuppa, kus seiklevad mootorrattad ja v\u00e4rvilised autod. Ehk aitab just see tapeet lapsel ette valmistuda t\u00e4naval ettevaatlik olema. V\u00f5i siis lihtsalt hea tapeedivalik v\u00e4iksele poisile, kes jumaldab k\u00f5iki liikuvaid objekte! See lastetoa tapeet tr\u00fckitakse keskkonnas\u00f5bralike v\u00e4rvidega, hingavale fliistapeedi materjalile, mis ei l\u00e4igi ja on lihtne [&hellip;]<\/p>\n","protected":false},"featured_media":24868,"comment_status":"open","ping_status":"closed","template":"","meta":{"_acf_changed":false,"inline_featured_image":false},"product_brand":[],"product_cat":[634,387,406,396,265,273,276,400,583],"product_tag":[349,635,345,308],"class_list":{"0":"post-24848","1":"product","2":"type-product","3":"status-publish","4":"has-post-thumbnail","6":"product_cat-oliver-robbins-tapeedid","7":"product_cat-pilttapeedid","8":"product_cat-klassika","9":"product_cat-skandinaavia","10":"product_cat-beezid-tapeedid","11":"product_cat-heledad-tapeedid","12":"product_cat-pastelsed-tapeedid","13":"product_cat-lastetoa-tapeedid","14":"product_cat-vesivarv","15":"product_tag-beebituba","16":"product_tag-oliver-robbins-tapeedid","17":"product_tag-pilttapeet","18":"product_tag-poiste-tuba","19":"pa_designedby-sir-edward","21":"first","22":"instock","23":"taxable","24":"shipping-taxable","25":"purchasable","26":"product-type-simple"},"acf":[],"yoast_head":"<!-- This site is optimized with the Yoast SEO plugin v25.9 - https:\/\/yoast.com\/wordpress\/plugins\/seo\/ -->\n<title>Lastetoa tapeet v\u00e4ikestele poistele. Liiklusteemaline disain lastele<\/title>\n<meta name=\"description\" content=\"Lastetoa tapeet Liiklus. Liiklusteemaline fliistapeet lastetuppa mopeedide ja autodega Sinu seina m\u00f5\u00f5tu l\u00f5igatud tapeedipaanid.\" \/>\n<meta name=\"robots\" content=\"index, follow, max-snippet:-1, max-image-preview:large, max-video-preview:-1\" \/>\n<link rel=\"canonical\" href=\"https:\/\/baubauwall.com\/et\/toode\/pilttapeet-liiklus-linnas\/\" \/>\n<meta property=\"og:locale\" content=\"et_EE\" \/>\n<meta property=\"og:type\" content=\"article\" \/>\n<meta property=\"og:title\" content=\"Lastetoa tapeet v\u00e4ikestele poistele. Liiklusteemaline disain lastele\" \/>\n<meta property=\"og:description\" content=\"Lastetoa tapeet Liiklus. Liiklusteemaline fliistapeet lastetuppa mopeedide ja autodega Sinu seina m\u00f5\u00f5tu l\u00f5igatud tapeedipaanid.\" \/>\n<meta property=\"og:url\" content=\"https:\/\/baubauwall.com\/et\/toode\/pilttapeet-liiklus-linnas\/\" \/>\n<meta property=\"og:site_name\" content=\"BAUBAUWALL TAPEEDID\" \/>\n<meta property=\"article:publisher\" content=\"https:\/\/www.facebook.com\/Baubauwall\" \/>\n<meta property=\"article:modified_time\" content=\"2025-04-14T08:16:38+00:00\" \/>\n<meta property=\"og:image\" content=\"https:\/\/baubauwall.com\/wp-content\/uploads\/2023\/03\/51200210_CityofVehicles_Baubauwall_Wallmural_room5-scaled.jpg\" \/>\n\t<meta property=\"og:image:width\" content=\"2560\" \/>\n\t<meta property=\"og:image:height\" content=\"1440\" \/>\n\t<meta property=\"og:image:type\" content=\"image\/jpeg\" \/>\n<meta name=\"twitter:card\" content=\"summary_large_image\" \/>\n<meta name=\"twitter:label1\" content=\"Est. reading time\" \/>\n\t<meta name=\"twitter:data1\" content=\"1 minut\" \/>\n<script type=\"application\/ld+json\" class=\"yoast-schema-graph\">{\"@context\":\"https:\/\/schema.org\",\"@graph\":[{\"@type\":\"WebPage\",\"@id\":\"https:\/\/baubauwall.com\/et\/toode\/pilttapeet-liiklus-linnas\/\",\"url\":\"https:\/\/baubauwall.com\/et\/toode\/pilttapeet-liiklus-linnas\/\",\"name\":\"Lastetoa tapeet v\u00e4ikestele poistele. Liiklusteemaline disain lastele\",\"isPartOf\":{\"@id\":\"https:\/\/baubauwall.com\/et\/#website\"},\"primaryImageOfPage\":{\"@id\":\"https:\/\/baubauwall.com\/et\/toode\/pilttapeet-liiklus-linnas\/#primaryimage\"},\"image\":{\"@id\":\"https:\/\/baubauwall.com\/et\/toode\/pilttapeet-liiklus-linnas\/#primaryimage\"},\"thumbnailUrl\":\"https:\/\/baubauwall.com\/wp-content\/uploads\/2023\/03\/51200210_CityofVehicles_Baubauwall_Wallmural_room5-scaled.jpg\",\"datePublished\":\"2023-03-02T11:23:57+00:00\",\"dateModified\":\"2025-04-14T08:16:38+00:00\",\"description\":\"Lastetoa tapeet Liiklus. Liiklusteemaline fliistapeet lastetuppa mopeedide ja autodega Sinu seina m\u00f5\u00f5tu l\u00f5igatud tapeedipaanid.\",\"breadcrumb\":{\"@id\":\"https:\/\/baubauwall.com\/et\/toode\/pilttapeet-liiklus-linnas\/#breadcrumb\"},\"inLanguage\":\"et\",\"potentialAction\":[{\"@type\":\"ReadAction\",\"target\":[\"https:\/\/baubauwall.com\/et\/toode\/pilttapeet-liiklus-linnas\/\"]}]},{\"@type\":\"ImageObject\",\"inLanguage\":\"et\",\"@id\":\"https:\/\/baubauwall.com\/et\/toode\/pilttapeet-liiklus-linnas\/#primaryimage\",\"url\":\"https:\/\/baubauwall.com\/wp-content\/uploads\/2023\/03\/51200210_CityofVehicles_Baubauwall_Wallmural_room5-scaled.jpg\",\"contentUrl\":\"https:\/\/baubauwall.com\/wp-content\/uploads\/2023\/03\/51200210_CityofVehicles_Baubauwall_Wallmural_room5-scaled.jpg\",\"width\":2560,\"height\":1440},{\"@type\":\"BreadcrumbList\",\"@id\":\"https:\/\/baubauwall.com\/et\/toode\/pilttapeet-liiklus-linnas\/#breadcrumb\",\"itemListElement\":[{\"@type\":\"ListItem\",\"position\":1,\"name\":\"Koju\",\"item\":\"https:\/\/baubauwall.com\/et\/\"},{\"@type\":\"ListItem\",\"position\":2,\"name\":\"Tapeedid\",\"item\":\"https:\/\/baubauwall.com\/et\/tapeedid\/\"},{\"@type\":\"ListItem\",\"position\":3,\"name\":\"Lastetoa tapeet &#8211; Liiklus linnas\"}]},{\"@type\":\"WebSite\",\"@id\":\"https:\/\/baubauwall.com\/et\/#website\",\"url\":\"https:\/\/baubauwall.com\/et\/\",\"name\":\"BAUBAUWALL Wallpapers\",\"description\":\"Valmis paanides tapeet Eestist!\",\"publisher\":{\"@id\":\"https:\/\/baubauwall.com\/et\/#organization\"},\"potentialAction\":[{\"@type\":\"SearchAction\",\"target\":{\"@type\":\"EntryPoint\",\"urlTemplate\":\"https:\/\/baubauwall.com\/et\/?s={search_term_string}\"},\"query-input\":{\"@type\":\"PropertyValueSpecification\",\"valueRequired\":true,\"valueName\":\"search_term_string\"}}],\"inLanguage\":\"et\"},{\"@type\":\"Organization\",\"@id\":\"https:\/\/baubauwall.com\/et\/#organization\",\"name\":\"BAUBAUWALL Wallpapers\",\"url\":\"https:\/\/baubauwall.com\/et\/\",\"logo\":{\"@type\":\"ImageObject\",\"inLanguage\":\"et\",\"@id\":\"https:\/\/baubauwall.com\/et\/#\/schema\/logo\/image\/\",\"url\":\"https:\/\/baubauwall.com\/wp-content\/uploads\/2022\/03\/logo-horizontal.svg\",\"contentUrl\":\"https:\/\/baubauwall.com\/wp-content\/uploads\/2022\/03\/logo-horizontal.svg\",\"width\":\"1024\",\"height\":\"1024\",\"caption\":\"BAUBAUWALL Wallpapers\"},\"image\":{\"@id\":\"https:\/\/baubauwall.com\/et\/#\/schema\/logo\/image\/\"},\"sameAs\":[\"https:\/\/www.facebook.com\/Baubauwall\",\"https:\/\/www.instagram.com\/baubauwall\"]}]}<\/script>\n<!-- \/ Yoast SEO plugin. -->","yoast_head_json":{"title":"Lastetoa tapeet v\u00e4ikestele poistele. Liiklusteemaline disain lastele","description":"Lastetoa tapeet Liiklus. Liiklusteemaline fliistapeet lastetuppa mopeedide ja autodega Sinu seina m\u00f5\u00f5tu l\u00f5igatud tapeedipaanid.","robots":{"index":"index","follow":"follow","max-snippet":"max-snippet:-1","max-image-preview":"max-image-preview:large","max-video-preview":"max-video-preview:-1"},"canonical":"https:\/\/baubauwall.com\/et\/toode\/pilttapeet-liiklus-linnas\/","og_locale":"et_EE","og_type":"article","og_title":"Lastetoa tapeet v\u00e4ikestele poistele. Liiklusteemaline disain lastele","og_description":"Lastetoa tapeet Liiklus. Liiklusteemaline fliistapeet lastetuppa mopeedide ja autodega Sinu seina m\u00f5\u00f5tu l\u00f5igatud tapeedipaanid.","og_url":"https:\/\/baubauwall.com\/et\/toode\/pilttapeet-liiklus-linnas\/","og_site_name":"BAUBAUWALL TAPEEDID","article_publisher":"https:\/\/www.facebook.com\/Baubauwall","article_modified_time":"2025-04-14T08:16:38+00:00","og_image":[{"width":2560,"height":1440,"url":"https:\/\/baubauwall.com\/wp-content\/uploads\/2023\/03\/51200210_CityofVehicles_Baubauwall_Wallmural_room5-scaled.jpg","type":"image\/jpeg"}],"twitter_card":"summary_large_image","twitter_misc":{"Est. reading time":"1 minut"},"schema":{"@context":"https:\/\/schema.org","@graph":[{"@type":"WebPage","@id":"https:\/\/baubauwall.com\/et\/toode\/pilttapeet-liiklus-linnas\/","url":"https:\/\/baubauwall.com\/et\/toode\/pilttapeet-liiklus-linnas\/","name":"Lastetoa tapeet v\u00e4ikestele poistele. Liiklusteemaline disain lastele","isPartOf":{"@id":"https:\/\/baubauwall.com\/et\/#website"},"primaryImageOfPage":{"@id":"https:\/\/baubauwall.com\/et\/toode\/pilttapeet-liiklus-linnas\/#primaryimage"},"image":{"@id":"https:\/\/baubauwall.com\/et\/toode\/pilttapeet-liiklus-linnas\/#primaryimage"},"thumbnailUrl":"https:\/\/baubauwall.com\/wp-content\/uploads\/2023\/03\/51200210_CityofVehicles_Baubauwall_Wallmural_room5-scaled.jpg","datePublished":"2023-03-02T11:23:57+00:00","dateModified":"2025-04-14T08:16:38+00:00","description":"Lastetoa tapeet Liiklus. Liiklusteemaline fliistapeet lastetuppa mopeedide ja autodega Sinu seina m\u00f5\u00f5tu l\u00f5igatud tapeedipaanid.","breadcrumb":{"@id":"https:\/\/baubauwall.com\/et\/toode\/pilttapeet-liiklus-linnas\/#breadcrumb"},"inLanguage":"et","potentialAction":[{"@type":"ReadAction","target":["https:\/\/baubauwall.com\/et\/toode\/pilttapeet-liiklus-linnas\/"]}]},{"@type":"ImageObject","inLanguage":"et","@id":"https:\/\/baubauwall.com\/et\/toode\/pilttapeet-liiklus-linnas\/#primaryimage","url":"https:\/\/baubauwall.com\/wp-content\/uploads\/2023\/03\/51200210_CityofVehicles_Baubauwall_Wallmural_room5-scaled.jpg","contentUrl":"https:\/\/baubauwall.com\/wp-content\/uploads\/2023\/03\/51200210_CityofVehicles_Baubauwall_Wallmural_room5-scaled.jpg","width":2560,"height":1440},{"@type":"BreadcrumbList","@id":"https:\/\/baubauwall.com\/et\/toode\/pilttapeet-liiklus-linnas\/#breadcrumb","itemListElement":[{"@type":"ListItem","position":1,"name":"Koju","item":"https:\/\/baubauwall.com\/et\/"},{"@type":"ListItem","position":2,"name":"Tapeedid","item":"https:\/\/baubauwall.com\/et\/tapeedid\/"},{"@type":"ListItem","position":3,"name":"Lastetoa tapeet &#8211; Liiklus linnas"}]},{"@type":"WebSite","@id":"https:\/\/baubauwall.com\/et\/#website","url":"https:\/\/baubauwall.com\/et\/","name":"BAUBAUWALL Wallpapers","description":"Valmis paanides tapeet Eestist!","publisher":{"@id":"https:\/\/baubauwall.com\/et\/#organization"},"potentialAction":[{"@type":"SearchAction","target":{"@type":"EntryPoint","urlTemplate":"https:\/\/baubauwall.com\/et\/?s={search_term_string}"},"query-input":{"@type":"PropertyValueSpecification","valueRequired":true,"valueName":"search_term_string"}}],"inLanguage":"et"},{"@type":"Organization","@id":"https:\/\/baubauwall.com\/et\/#organization","name":"BAUBAUWALL Wallpapers","url":"https:\/\/baubauwall.com\/et\/","logo":{"@type":"ImageObject","inLanguage":"et","@id":"https:\/\/baubauwall.com\/et\/#\/schema\/logo\/image\/","url":"https:\/\/baubauwall.com\/wp-content\/uploads\/2022\/03\/logo-horizontal.svg","contentUrl":"https:\/\/baubauwall.com\/wp-content\/uploads\/2022\/03\/logo-horizontal.svg","width":"1024","height":"1024","caption":"BAUBAUWALL Wallpapers"},"image":{"@id":"https:\/\/baubauwall.com\/et\/#\/schema\/logo\/image\/"},"sameAs":["https:\/\/www.facebook.com\/Baubauwall","https:\/\/www.instagram.com\/baubauwall"]}]}},"jetpack_sharing_enabled":true,"_links":{"self":[{"href":"https:\/\/baubauwall.com\/et\/wp-json\/wp\/v2\/product\/24848","targetHints":{"allow":["GET"]}}],"collection":[{"href":"https:\/\/baubauwall.com\/et\/wp-json\/wp\/v2\/product"}],"about":[{"href":"https:\/\/baubauwall.com\/et\/wp-json\/wp\/v2\/types\/product"}],"replies":[{"embeddable":true,"href":"https:\/\/baubauwall.com\/et\/wp-json\/wp\/v2\/comments?post=24848"}],"wp:featuredmedia":[{"embeddable":true,"href":"https:\/\/baubauwall.com\/et\/wp-json\/wp\/v2\/media\/24868"}],"wp:attachment":[{"href":"https:\/\/baubauwall.com\/et\/wp-json\/wp\/v2\/media?parent=24848"}],"wp:term":[{"taxonomy":"product_brand","embeddable":true,"href":"https:\/\/baubauwall.com\/et\/wp-json\/wp\/v2\/product_brand?post=24848"},{"taxonomy":"product_cat","embeddable":true,"href":"https:\/\/baubauwall.com\/et\/wp-json\/wp\/v2\/product_cat?post=24848"},{"taxonomy":"product_tag","embeddable":true,"href":"https:\/\/baubauwall.com\/et\/wp-json\/wp\/v2\/product_tag?post=24848"}],"curies":[{"name":"wp","href":"https:\/\/api.w.org\/{rel}","templated":true}]}}