{"id":24904,"date":"2023-03-02T16:08:02","date_gmt":"2023-03-02T14:08:02","guid":{"rendered":"https:\/\/baubauwall.com\/?post_type=product&#038;p=24904"},"modified":"2024-03-15T15:38:37","modified_gmt":"2024-03-15T13:38:37","slug":"pilttapeet-vaade-dzunglisse-mustvalge","status":"publish","type":"product","link":"https:\/\/baubauwall.com\/et\/toode\/pilttapeet-vaade-dzunglisse-mustvalge\/","title":{"rendered":"Vaade d\u017eunglisse &#8211; mustvalge"},"content":{"rendered":"<p>Troopiline, mustvalge maitsekas pilttapeet magamistuppa, lastetuppa v\u00f5i mujale, mida on lihtne sobitada muu sisustusega. Panoraamtapeet, mille disain toob tuppa Ladina-Ameerikal troopika ja r\u00fctmid!\u00a0Tapeedi p\u00f5hitoon on maitsekas mustvalge, mis teeb selle sobivaks Sulle, kes otsid midagi tagasihoidlikku, ent v\u00e4ikse s\u00e4rtsuga.\u00a0 Troopilised stiilis tapeedid hoiavad l\u00f5una soojuse toas aastaringselt ja on \u00f5nnestunud valik aktsentseinale.<\/p>\n<p>Nagu k\u00f5ik meie kordusmustriga tapeedid ja pilttapeedid, on ka see panoraam tapeet tr\u00fckitud <a href=\"https:\/\/baubauwall.com\/et\/keskkonnasobralikud-tapeedid\/\" target=\"_blank\" rel=\"noopener\">keskkonnas\u00f5bralike v\u00e4rvidega<\/a>, hingavale fliistapeedi materjalile, mis ei l\u00e4igi ja on lihtne paigaldada. Sinu uus tapeet tuleb valmis l\u00f5igatud ning nummerdatud paanides, mis on t\u00e4pselt nii k\u00f5rged, kui Sinu sein.<\/p>\n","protected":false},"excerpt":{"rendered":"<p>Troopiline, mustvalge maitsekas pilttapeet magamistuppa, lastetuppa v\u00f5i mujale, mida on lihtne sobitada muu sisustusega. Panoraamtapeet, mille disain toob tuppa Ladina-Ameerikal troopika ja r\u00fctmid!\u00a0Tapeedi p\u00f5hitoon on maitsekas mustvalge, mis teeb selle sobivaks Sulle, kes otsid midagi tagasihoidlikku, ent v\u00e4ikse s\u00e4rtsuga.\u00a0 Troopilised stiilis tapeedid hoiavad l\u00f5una soojuse toas aastaringselt ja on \u00f5nnestunud valik aktsentseinale. Nagu k\u00f5ik meie [&hellip;]<\/p>\n","protected":false},"featured_media":30295,"comment_status":"open","ping_status":"closed","template":"","meta":{"_acf_changed":false,"inline_featured_image":false},"product_brand":[],"product_cat":[629,387,395,394,272,273,410,413,400,402,248,250,254,257],"product_tag":[631,345],"class_list":{"0":"post-24904","1":"product","2":"type-product","3":"status-publish","4":"has-post-thumbnail","6":"product_cat-kikki-belle-tapeedid","7":"product_cat-pilttapeedid","8":"product_cat-romantiline","9":"product_cat-rikkalik","10":"product_cat-hallid-tapeedid","11":"product_cat-heledad-tapeedid","12":"product_cat-valge-tapeedid","13":"product_cat-magamistoa-tapeedid","14":"product_cat-lastetoa-tapeedid","15":"product_cat-elutoa-tapeedid","16":"product_cat-mets","17":"product_cat-dzungel-troopika","18":"product_cat-loodus","19":"product_cat-linnud","20":"product_tag-kikki-belle-et","21":"product_tag-pilttapeet","22":"pa_designedby-sir-edward","24":"first","25":"instock","26":"taxable","27":"shipping-taxable","28":"purchasable","29":"product-type-simple"},"acf":[],"yoast_head":"<!-- This site is optimized with the Yoast SEO plugin v25.9 - https:\/\/yoast.com\/wordpress\/plugins\/seo\/ -->\n<title>Vaade d\u017eunglisse - mustvalge maitsekas troopiline panoraamtapeet<\/title>\n<meta name=\"description\" content=\"Troopiline pilttapeet. Mustvalge panoraamtapeet d\u017eunglist v\u00e4rviliste papagoidega. Eksootiline ja elav lastetoa seinale. Keskkonnas\u00f5bralik tapeet\" \/>\n<meta name=\"robots\" content=\"index, follow, max-snippet:-1, max-image-preview:large, max-video-preview:-1\" \/>\n<link rel=\"canonical\" href=\"https:\/\/baubauwall.com\/et\/toode\/pilttapeet-vaade-dzunglisse-mustvalge\/\" \/>\n<meta property=\"og:locale\" content=\"et_EE\" \/>\n<meta property=\"og:type\" content=\"article\" \/>\n<meta property=\"og:title\" content=\"Vaade d\u017eunglisse - mustvalge maitsekas troopiline panoraamtapeet\" \/>\n<meta property=\"og:description\" content=\"Troopiline pilttapeet. Mustvalge panoraamtapeet d\u017eunglist v\u00e4rviliste papagoidega. Eksootiline ja elav lastetoa seinale. Keskkonnas\u00f5bralik tapeet\" \/>\n<meta property=\"og:url\" content=\"https:\/\/baubauwall.com\/et\/toode\/pilttapeet-vaade-dzunglisse-mustvalge\/\" \/>\n<meta property=\"og:site_name\" content=\"BAUBAUWALL TAPEEDID\" \/>\n<meta property=\"article:publisher\" content=\"https:\/\/www.facebook.com\/Baubauwall\" \/>\n<meta property=\"article:modified_time\" content=\"2024-03-15T13:38:37+00:00\" \/>\n<meta property=\"og:image\" content=\"https:\/\/baubauwall.com\/wp-content\/uploads\/2023\/03\/51200206_CanopyJungle-BlacknWhite_Baubauwall_Wallmural_room8.jpg\" \/>\n\t<meta property=\"og:image:width\" content=\"2399\" \/>\n\t<meta property=\"og:image:height\" content=\"1600\" \/>\n\t<meta property=\"og:image:type\" content=\"image\/jpeg\" \/>\n<meta name=\"twitter:card\" content=\"summary_large_image\" \/>\n<meta name=\"twitter:label1\" content=\"Est. reading time\" \/>\n\t<meta name=\"twitter:data1\" content=\"1 minut\" \/>\n<script type=\"application\/ld+json\" class=\"yoast-schema-graph\">{\"@context\":\"https:\/\/schema.org\",\"@graph\":[{\"@type\":\"WebPage\",\"@id\":\"https:\/\/baubauwall.com\/et\/toode\/pilttapeet-vaade-dzunglisse-mustvalge\/\",\"url\":\"https:\/\/baubauwall.com\/et\/toode\/pilttapeet-vaade-dzunglisse-mustvalge\/\",\"name\":\"Vaade d\u017eunglisse - mustvalge maitsekas troopiline panoraamtapeet\",\"isPartOf\":{\"@id\":\"https:\/\/baubauwall.com\/et\/#website\"},\"primaryImageOfPage\":{\"@id\":\"https:\/\/baubauwall.com\/et\/toode\/pilttapeet-vaade-dzunglisse-mustvalge\/#primaryimage\"},\"image\":{\"@id\":\"https:\/\/baubauwall.com\/et\/toode\/pilttapeet-vaade-dzunglisse-mustvalge\/#primaryimage\"},\"thumbnailUrl\":\"https:\/\/baubauwall.com\/wp-content\/uploads\/2023\/03\/51200206_CanopyJungle-BlacknWhite_Baubauwall_Wallmural_room8.jpg\",\"datePublished\":\"2023-03-02T14:08:02+00:00\",\"dateModified\":\"2024-03-15T13:38:37+00:00\",\"description\":\"Troopiline pilttapeet. Mustvalge panoraamtapeet d\u017eunglist v\u00e4rviliste papagoidega. Eksootiline ja elav lastetoa seinale. Keskkonnas\u00f5bralik tapeet\",\"breadcrumb\":{\"@id\":\"https:\/\/baubauwall.com\/et\/toode\/pilttapeet-vaade-dzunglisse-mustvalge\/#breadcrumb\"},\"inLanguage\":\"et\",\"potentialAction\":[{\"@type\":\"ReadAction\",\"target\":[\"https:\/\/baubauwall.com\/et\/toode\/pilttapeet-vaade-dzunglisse-mustvalge\/\"]}]},{\"@type\":\"ImageObject\",\"inLanguage\":\"et\",\"@id\":\"https:\/\/baubauwall.com\/et\/toode\/pilttapeet-vaade-dzunglisse-mustvalge\/#primaryimage\",\"url\":\"https:\/\/baubauwall.com\/wp-content\/uploads\/2023\/03\/51200206_CanopyJungle-BlacknWhite_Baubauwall_Wallmural_room8.jpg\",\"contentUrl\":\"https:\/\/baubauwall.com\/wp-content\/uploads\/2023\/03\/51200206_CanopyJungle-BlacknWhite_Baubauwall_Wallmural_room8.jpg\",\"width\":2399,\"height\":1600},{\"@type\":\"BreadcrumbList\",\"@id\":\"https:\/\/baubauwall.com\/et\/toode\/pilttapeet-vaade-dzunglisse-mustvalge\/#breadcrumb\",\"itemListElement\":[{\"@type\":\"ListItem\",\"position\":1,\"name\":\"Koju\",\"item\":\"https:\/\/baubauwall.com\/et\/\"},{\"@type\":\"ListItem\",\"position\":2,\"name\":\"Tapeedid\",\"item\":\"https:\/\/baubauwall.com\/et\/tapeedid\/\"},{\"@type\":\"ListItem\",\"position\":3,\"name\":\"Vaade d\u017eunglisse &#8211; mustvalge\"}]},{\"@type\":\"WebSite\",\"@id\":\"https:\/\/baubauwall.com\/et\/#website\",\"url\":\"https:\/\/baubauwall.com\/et\/\",\"name\":\"BAUBAUWALL Wallpapers\",\"description\":\"Valmis paanides tapeet Eestist!\",\"publisher\":{\"@id\":\"https:\/\/baubauwall.com\/et\/#organization\"},\"potentialAction\":[{\"@type\":\"SearchAction\",\"target\":{\"@type\":\"EntryPoint\",\"urlTemplate\":\"https:\/\/baubauwall.com\/et\/?s={search_term_string}\"},\"query-input\":{\"@type\":\"PropertyValueSpecification\",\"valueRequired\":true,\"valueName\":\"search_term_string\"}}],\"inLanguage\":\"et\"},{\"@type\":\"Organization\",\"@id\":\"https:\/\/baubauwall.com\/et\/#organization\",\"name\":\"BAUBAUWALL Wallpapers\",\"url\":\"https:\/\/baubauwall.com\/et\/\",\"logo\":{\"@type\":\"ImageObject\",\"inLanguage\":\"et\",\"@id\":\"https:\/\/baubauwall.com\/et\/#\/schema\/logo\/image\/\",\"url\":\"https:\/\/baubauwall.com\/wp-content\/uploads\/2022\/03\/logo-horizontal.svg\",\"contentUrl\":\"https:\/\/baubauwall.com\/wp-content\/uploads\/2022\/03\/logo-horizontal.svg\",\"width\":\"1024\",\"height\":\"1024\",\"caption\":\"BAUBAUWALL Wallpapers\"},\"image\":{\"@id\":\"https:\/\/baubauwall.com\/et\/#\/schema\/logo\/image\/\"},\"sameAs\":[\"https:\/\/www.facebook.com\/Baubauwall\",\"https:\/\/www.instagram.com\/baubauwall\"]}]}<\/script>\n<!-- \/ Yoast SEO plugin. -->","yoast_head_json":{"title":"Vaade d\u017eunglisse - mustvalge maitsekas troopiline panoraamtapeet","description":"Troopiline pilttapeet. Mustvalge panoraamtapeet d\u017eunglist v\u00e4rviliste papagoidega. Eksootiline ja elav lastetoa seinale. Keskkonnas\u00f5bralik tapeet","robots":{"index":"index","follow":"follow","max-snippet":"max-snippet:-1","max-image-preview":"max-image-preview:large","max-video-preview":"max-video-preview:-1"},"canonical":"https:\/\/baubauwall.com\/et\/toode\/pilttapeet-vaade-dzunglisse-mustvalge\/","og_locale":"et_EE","og_type":"article","og_title":"Vaade d\u017eunglisse - mustvalge maitsekas troopiline panoraamtapeet","og_description":"Troopiline pilttapeet. Mustvalge panoraamtapeet d\u017eunglist v\u00e4rviliste papagoidega. Eksootiline ja elav lastetoa seinale. Keskkonnas\u00f5bralik tapeet","og_url":"https:\/\/baubauwall.com\/et\/toode\/pilttapeet-vaade-dzunglisse-mustvalge\/","og_site_name":"BAUBAUWALL TAPEEDID","article_publisher":"https:\/\/www.facebook.com\/Baubauwall","article_modified_time":"2024-03-15T13:38:37+00:00","og_image":[{"width":2399,"height":1600,"url":"https:\/\/baubauwall.com\/wp-content\/uploads\/2023\/03\/51200206_CanopyJungle-BlacknWhite_Baubauwall_Wallmural_room8.jpg","type":"image\/jpeg"}],"twitter_card":"summary_large_image","twitter_misc":{"Est. reading time":"1 minut"},"schema":{"@context":"https:\/\/schema.org","@graph":[{"@type":"WebPage","@id":"https:\/\/baubauwall.com\/et\/toode\/pilttapeet-vaade-dzunglisse-mustvalge\/","url":"https:\/\/baubauwall.com\/et\/toode\/pilttapeet-vaade-dzunglisse-mustvalge\/","name":"Vaade d\u017eunglisse - mustvalge maitsekas troopiline panoraamtapeet","isPartOf":{"@id":"https:\/\/baubauwall.com\/et\/#website"},"primaryImageOfPage":{"@id":"https:\/\/baubauwall.com\/et\/toode\/pilttapeet-vaade-dzunglisse-mustvalge\/#primaryimage"},"image":{"@id":"https:\/\/baubauwall.com\/et\/toode\/pilttapeet-vaade-dzunglisse-mustvalge\/#primaryimage"},"thumbnailUrl":"https:\/\/baubauwall.com\/wp-content\/uploads\/2023\/03\/51200206_CanopyJungle-BlacknWhite_Baubauwall_Wallmural_room8.jpg","datePublished":"2023-03-02T14:08:02+00:00","dateModified":"2024-03-15T13:38:37+00:00","description":"Troopiline pilttapeet. Mustvalge panoraamtapeet d\u017eunglist v\u00e4rviliste papagoidega. Eksootiline ja elav lastetoa seinale. Keskkonnas\u00f5bralik tapeet","breadcrumb":{"@id":"https:\/\/baubauwall.com\/et\/toode\/pilttapeet-vaade-dzunglisse-mustvalge\/#breadcrumb"},"inLanguage":"et","potentialAction":[{"@type":"ReadAction","target":["https:\/\/baubauwall.com\/et\/toode\/pilttapeet-vaade-dzunglisse-mustvalge\/"]}]},{"@type":"ImageObject","inLanguage":"et","@id":"https:\/\/baubauwall.com\/et\/toode\/pilttapeet-vaade-dzunglisse-mustvalge\/#primaryimage","url":"https:\/\/baubauwall.com\/wp-content\/uploads\/2023\/03\/51200206_CanopyJungle-BlacknWhite_Baubauwall_Wallmural_room8.jpg","contentUrl":"https:\/\/baubauwall.com\/wp-content\/uploads\/2023\/03\/51200206_CanopyJungle-BlacknWhite_Baubauwall_Wallmural_room8.jpg","width":2399,"height":1600},{"@type":"BreadcrumbList","@id":"https:\/\/baubauwall.com\/et\/toode\/pilttapeet-vaade-dzunglisse-mustvalge\/#breadcrumb","itemListElement":[{"@type":"ListItem","position":1,"name":"Koju","item":"https:\/\/baubauwall.com\/et\/"},{"@type":"ListItem","position":2,"name":"Tapeedid","item":"https:\/\/baubauwall.com\/et\/tapeedid\/"},{"@type":"ListItem","position":3,"name":"Vaade d\u017eunglisse &#8211; mustvalge"}]},{"@type":"WebSite","@id":"https:\/\/baubauwall.com\/et\/#website","url":"https:\/\/baubauwall.com\/et\/","name":"BAUBAUWALL Wallpapers","description":"Valmis paanides tapeet Eestist!","publisher":{"@id":"https:\/\/baubauwall.com\/et\/#organization"},"potentialAction":[{"@type":"SearchAction","target":{"@type":"EntryPoint","urlTemplate":"https:\/\/baubauwall.com\/et\/?s={search_term_string}"},"query-input":{"@type":"PropertyValueSpecification","valueRequired":true,"valueName":"search_term_string"}}],"inLanguage":"et"},{"@type":"Organization","@id":"https:\/\/baubauwall.com\/et\/#organization","name":"BAUBAUWALL Wallpapers","url":"https:\/\/baubauwall.com\/et\/","logo":{"@type":"ImageObject","inLanguage":"et","@id":"https:\/\/baubauwall.com\/et\/#\/schema\/logo\/image\/","url":"https:\/\/baubauwall.com\/wp-content\/uploads\/2022\/03\/logo-horizontal.svg","contentUrl":"https:\/\/baubauwall.com\/wp-content\/uploads\/2022\/03\/logo-horizontal.svg","width":"1024","height":"1024","caption":"BAUBAUWALL Wallpapers"},"image":{"@id":"https:\/\/baubauwall.com\/et\/#\/schema\/logo\/image\/"},"sameAs":["https:\/\/www.facebook.com\/Baubauwall","https:\/\/www.instagram.com\/baubauwall"]}]}},"jetpack_sharing_enabled":true,"_links":{"self":[{"href":"https:\/\/baubauwall.com\/et\/wp-json\/wp\/v2\/product\/24904","targetHints":{"allow":["GET"]}}],"collection":[{"href":"https:\/\/baubauwall.com\/et\/wp-json\/wp\/v2\/product"}],"about":[{"href":"https:\/\/baubauwall.com\/et\/wp-json\/wp\/v2\/types\/product"}],"replies":[{"embeddable":true,"href":"https:\/\/baubauwall.com\/et\/wp-json\/wp\/v2\/comments?post=24904"}],"wp:featuredmedia":[{"embeddable":true,"href":"https:\/\/baubauwall.com\/et\/wp-json\/wp\/v2\/media\/30295"}],"wp:attachment":[{"href":"https:\/\/baubauwall.com\/et\/wp-json\/wp\/v2\/media?parent=24904"}],"wp:term":[{"taxonomy":"product_brand","embeddable":true,"href":"https:\/\/baubauwall.com\/et\/wp-json\/wp\/v2\/product_brand?post=24904"},{"taxonomy":"product_cat","embeddable":true,"href":"https:\/\/baubauwall.com\/et\/wp-json\/wp\/v2\/product_cat?post=24904"},{"taxonomy":"product_tag","embeddable":true,"href":"https:\/\/baubauwall.com\/et\/wp-json\/wp\/v2\/product_tag?post=24904"}],"curies":[{"name":"wp","href":"https:\/\/api.w.org\/{rel}","templated":true}]}}