{"id":24980,"date":"2023-03-02T17:00:15","date_gmt":"2023-03-02T15:00:15","guid":{"rendered":"https:\/\/baubauwall.com\/product\/wall-mural-cheeky-monkeys\/"},"modified":"2025-11-18T12:17:02","modified_gmt":"2025-11-18T10:17:02","slug":"pilttapeet-ulakad-ahvid","status":"publish","type":"product","link":"https:\/\/baubauwall.com\/et\/toode\/pilttapeet-ulakad-ahvid\/","title":{"rendered":"Ulakad ahvid"},"content":{"rendered":"<p>Oh kui tore pilttapeet! Ulakad ahvid, laisk leopard ja m\u00f5ned troopilised linnud &#8211; nad k\u00f5ik kohtuvad sel tapeedil. Disain on loodud selliste tubade jaoks, kus peategelane on n\u00e4iteks voodi, mille peats katab suure osa seinast. Sellel pilttapeedil on enamus disainist aga just \u00fcleval ja nii ei l\u00e4he midagi kaotsi!<\/p>\n<p>Tulemuseks on vau-efekti loov sein, millel pilk j\u00e4\u00e4b puhkama \u2013 olgu see lastetuba v\u00f5i magamistuba.<\/p>\n<p>Nagu k\u00f5ik meie kordusmustriga tapeedid ja pilttapeedid, on ka see disain tr\u00fckitud <a href=\"https:\/\/baubauwall.com\/et\/keskkonnasobralikud-tapeedid\/\" target=\"_blank\" rel=\"noopener\">keskkonnas\u00f5bralike v\u00e4rvidega<\/a>, hingavale fliistapeedi materjalile, mis ei l\u00e4igi ja on lihtne paigaldada. Sinu uus tapeet tuleb valmis l\u00f5igatud ning nummerdatud paanides, mis on t\u00e4pselt nii k\u00f5rged, kui Sinu sein.<\/p>\n","protected":false},"excerpt":{"rendered":"<p>Oh kui tore pilttapeet! Ulakad ahvid, laisk leopard ja m\u00f5ned troopilised linnud &#8211; nad k\u00f5ik kohtuvad sel tapeedil. Disain on loodud selliste tubade jaoks, kus peategelane on n\u00e4iteks voodi, mille peats katab suure osa seinast. Sellel pilttapeedil on enamus disainist aga just \u00fcleval ja nii ei l\u00e4he midagi kaotsi! Tulemuseks on vau-efekti loov sein, millel [&hellip;]<\/p>\n","protected":false},"featured_media":24978,"comment_status":"open","ping_status":"closed","template":"","meta":{"_acf_changed":false,"inline_featured_image":false},"product_brand":[],"product_cat":[629,387,394,268,271,400,250,255],"product_tag":[631,345,308,724],"class_list":{"0":"post-24980","1":"product","2":"type-product","3":"status-publish","4":"has-post-thumbnail","6":"product_cat-kikki-belle-tapeedid","7":"product_cat-pilttapeedid","8":"product_cat-rikkalik","9":"product_cat-kirkad-tapeedid","10":"product_cat-rohelised-tapeedid","11":"product_cat-lastetoa-tapeedid","12":"product_cat-dzungel-troopika","13":"product_cat-loomad","14":"product_tag-kikki-belle-et","15":"product_tag-pilttapeet","16":"product_tag-poiste-tuba","17":"product_tag-sooneutraalsed-varvid-et","19":"first","20":"instock","21":"taxable","22":"shipping-taxable","23":"purchasable","24":"product-type-simple"},"acf":[],"yoast_head":"<!-- This site is optimized with the Yoast SEO plugin v25.9 - https:\/\/yoast.com\/wordpress\/plugins\/seo\/ -->\n<title>Ulakad ahvid d\u017eunglis - l\u00f5bus pilttapeet lastetuppa v\u00f5i mujale<\/title>\n<meta name=\"description\" content=\"Ahvidega troopiline pilttapeet. D\u017eungel ja ahvid aktsentseina tapeediks lastetuppa v\u00f5i magamistuppa. Keskkonnas\u00f5bralik pilttapeet t\u00e4psetes paanides\" \/>\n<meta name=\"robots\" content=\"index, follow, max-snippet:-1, max-image-preview:large, max-video-preview:-1\" \/>\n<link rel=\"canonical\" href=\"https:\/\/baubauwall.com\/et\/toode\/pilttapeet-ulakad-ahvid\/\" \/>\n<meta property=\"og:locale\" content=\"et_EE\" \/>\n<meta property=\"og:type\" content=\"article\" \/>\n<meta property=\"og:title\" content=\"Ulakad ahvid d\u017eunglis - l\u00f5bus pilttapeet lastetuppa v\u00f5i mujale\" \/>\n<meta property=\"og:description\" content=\"Ahvidega troopiline pilttapeet. D\u017eungel ja ahvid aktsentseina tapeediks lastetuppa v\u00f5i magamistuppa. Keskkonnas\u00f5bralik pilttapeet t\u00e4psetes paanides\" \/>\n<meta property=\"og:url\" content=\"https:\/\/baubauwall.com\/et\/toode\/pilttapeet-ulakad-ahvid\/\" \/>\n<meta property=\"og:site_name\" content=\"BAUBAUWALL TAPEEDID\" \/>\n<meta property=\"article:publisher\" content=\"https:\/\/www.facebook.com\/Baubauwall\" \/>\n<meta property=\"article:modified_time\" content=\"2025-11-18T10:17:02+00:00\" \/>\n<meta property=\"og:image\" content=\"https:\/\/baubauwall.com\/wp-content\/uploads\/2022\/11\/51200209_CheekyMonkeys_Baubauwall_Wallmural_room6.jpg\" \/>\n\t<meta property=\"og:image:width\" content=\"2400\" \/>\n\t<meta property=\"og:image:height\" content=\"1600\" \/>\n\t<meta property=\"og:image:type\" content=\"image\/jpeg\" \/>\n<meta name=\"twitter:card\" content=\"summary_large_image\" \/>\n<meta name=\"twitter:label1\" content=\"Est. reading time\" \/>\n\t<meta name=\"twitter:data1\" content=\"1 minut\" \/>\n<script type=\"application\/ld+json\" class=\"yoast-schema-graph\">{\"@context\":\"https:\/\/schema.org\",\"@graph\":[{\"@type\":\"WebPage\",\"@id\":\"https:\/\/baubauwall.com\/et\/toode\/pilttapeet-ulakad-ahvid\/\",\"url\":\"https:\/\/baubauwall.com\/et\/toode\/pilttapeet-ulakad-ahvid\/\",\"name\":\"Ulakad ahvid d\u017eunglis - l\u00f5bus pilttapeet lastetuppa v\u00f5i mujale\",\"isPartOf\":{\"@id\":\"https:\/\/baubauwall.com\/et\/#website\"},\"primaryImageOfPage\":{\"@id\":\"https:\/\/baubauwall.com\/et\/toode\/pilttapeet-ulakad-ahvid\/#primaryimage\"},\"image\":{\"@id\":\"https:\/\/baubauwall.com\/et\/toode\/pilttapeet-ulakad-ahvid\/#primaryimage\"},\"thumbnailUrl\":\"https:\/\/baubauwall.com\/wp-content\/uploads\/2022\/11\/51200209_CheekyMonkeys_Baubauwall_Wallmural_room6.jpg\",\"datePublished\":\"2023-03-02T15:00:15+00:00\",\"dateModified\":\"2025-11-18T10:17:02+00:00\",\"description\":\"Ahvidega troopiline pilttapeet. D\u017eungel ja ahvid aktsentseina tapeediks lastetuppa v\u00f5i magamistuppa. Keskkonnas\u00f5bralik pilttapeet t\u00e4psetes paanides\",\"breadcrumb\":{\"@id\":\"https:\/\/baubauwall.com\/et\/toode\/pilttapeet-ulakad-ahvid\/#breadcrumb\"},\"inLanguage\":\"et\",\"potentialAction\":[{\"@type\":\"ReadAction\",\"target\":[\"https:\/\/baubauwall.com\/et\/toode\/pilttapeet-ulakad-ahvid\/\"]}]},{\"@type\":\"ImageObject\",\"inLanguage\":\"et\",\"@id\":\"https:\/\/baubauwall.com\/et\/toode\/pilttapeet-ulakad-ahvid\/#primaryimage\",\"url\":\"https:\/\/baubauwall.com\/wp-content\/uploads\/2022\/11\/51200209_CheekyMonkeys_Baubauwall_Wallmural_room6.jpg\",\"contentUrl\":\"https:\/\/baubauwall.com\/wp-content\/uploads\/2022\/11\/51200209_CheekyMonkeys_Baubauwall_Wallmural_room6.jpg\",\"width\":2400,\"height\":1600},{\"@type\":\"BreadcrumbList\",\"@id\":\"https:\/\/baubauwall.com\/et\/toode\/pilttapeet-ulakad-ahvid\/#breadcrumb\",\"itemListElement\":[{\"@type\":\"ListItem\",\"position\":1,\"name\":\"Koju\",\"item\":\"https:\/\/baubauwall.com\/et\/\"},{\"@type\":\"ListItem\",\"position\":2,\"name\":\"Tapeedid\",\"item\":\"https:\/\/baubauwall.com\/et\/tapeedid\/\"},{\"@type\":\"ListItem\",\"position\":3,\"name\":\"Ulakad ahvid\"}]},{\"@type\":\"WebSite\",\"@id\":\"https:\/\/baubauwall.com\/et\/#website\",\"url\":\"https:\/\/baubauwall.com\/et\/\",\"name\":\"BAUBAUWALL Wallpapers\",\"description\":\"Valmis paanides tapeet Eestist!\",\"publisher\":{\"@id\":\"https:\/\/baubauwall.com\/et\/#organization\"},\"potentialAction\":[{\"@type\":\"SearchAction\",\"target\":{\"@type\":\"EntryPoint\",\"urlTemplate\":\"https:\/\/baubauwall.com\/et\/?s={search_term_string}\"},\"query-input\":{\"@type\":\"PropertyValueSpecification\",\"valueRequired\":true,\"valueName\":\"search_term_string\"}}],\"inLanguage\":\"et\"},{\"@type\":\"Organization\",\"@id\":\"https:\/\/baubauwall.com\/et\/#organization\",\"name\":\"BAUBAUWALL Wallpapers\",\"url\":\"https:\/\/baubauwall.com\/et\/\",\"logo\":{\"@type\":\"ImageObject\",\"inLanguage\":\"et\",\"@id\":\"https:\/\/baubauwall.com\/et\/#\/schema\/logo\/image\/\",\"url\":\"https:\/\/baubauwall.com\/wp-content\/uploads\/2022\/03\/logo-horizontal.svg\",\"contentUrl\":\"https:\/\/baubauwall.com\/wp-content\/uploads\/2022\/03\/logo-horizontal.svg\",\"width\":\"1024\",\"height\":\"1024\",\"caption\":\"BAUBAUWALL Wallpapers\"},\"image\":{\"@id\":\"https:\/\/baubauwall.com\/et\/#\/schema\/logo\/image\/\"},\"sameAs\":[\"https:\/\/www.facebook.com\/Baubauwall\",\"https:\/\/www.instagram.com\/baubauwall\"]}]}<\/script>\n<!-- \/ Yoast SEO plugin. -->","yoast_head_json":{"title":"Ulakad ahvid d\u017eunglis - l\u00f5bus pilttapeet lastetuppa v\u00f5i mujale","description":"Ahvidega troopiline pilttapeet. D\u017eungel ja ahvid aktsentseina tapeediks lastetuppa v\u00f5i magamistuppa. Keskkonnas\u00f5bralik pilttapeet t\u00e4psetes paanides","robots":{"index":"index","follow":"follow","max-snippet":"max-snippet:-1","max-image-preview":"max-image-preview:large","max-video-preview":"max-video-preview:-1"},"canonical":"https:\/\/baubauwall.com\/et\/toode\/pilttapeet-ulakad-ahvid\/","og_locale":"et_EE","og_type":"article","og_title":"Ulakad ahvid d\u017eunglis - l\u00f5bus pilttapeet lastetuppa v\u00f5i mujale","og_description":"Ahvidega troopiline pilttapeet. D\u017eungel ja ahvid aktsentseina tapeediks lastetuppa v\u00f5i magamistuppa. Keskkonnas\u00f5bralik pilttapeet t\u00e4psetes paanides","og_url":"https:\/\/baubauwall.com\/et\/toode\/pilttapeet-ulakad-ahvid\/","og_site_name":"BAUBAUWALL TAPEEDID","article_publisher":"https:\/\/www.facebook.com\/Baubauwall","article_modified_time":"2025-11-18T10:17:02+00:00","og_image":[{"width":2400,"height":1600,"url":"https:\/\/baubauwall.com\/wp-content\/uploads\/2022\/11\/51200209_CheekyMonkeys_Baubauwall_Wallmural_room6.jpg","type":"image\/jpeg"}],"twitter_card":"summary_large_image","twitter_misc":{"Est. reading time":"1 minut"},"schema":{"@context":"https:\/\/schema.org","@graph":[{"@type":"WebPage","@id":"https:\/\/baubauwall.com\/et\/toode\/pilttapeet-ulakad-ahvid\/","url":"https:\/\/baubauwall.com\/et\/toode\/pilttapeet-ulakad-ahvid\/","name":"Ulakad ahvid d\u017eunglis - l\u00f5bus pilttapeet lastetuppa v\u00f5i mujale","isPartOf":{"@id":"https:\/\/baubauwall.com\/et\/#website"},"primaryImageOfPage":{"@id":"https:\/\/baubauwall.com\/et\/toode\/pilttapeet-ulakad-ahvid\/#primaryimage"},"image":{"@id":"https:\/\/baubauwall.com\/et\/toode\/pilttapeet-ulakad-ahvid\/#primaryimage"},"thumbnailUrl":"https:\/\/baubauwall.com\/wp-content\/uploads\/2022\/11\/51200209_CheekyMonkeys_Baubauwall_Wallmural_room6.jpg","datePublished":"2023-03-02T15:00:15+00:00","dateModified":"2025-11-18T10:17:02+00:00","description":"Ahvidega troopiline pilttapeet. D\u017eungel ja ahvid aktsentseina tapeediks lastetuppa v\u00f5i magamistuppa. Keskkonnas\u00f5bralik pilttapeet t\u00e4psetes paanides","breadcrumb":{"@id":"https:\/\/baubauwall.com\/et\/toode\/pilttapeet-ulakad-ahvid\/#breadcrumb"},"inLanguage":"et","potentialAction":[{"@type":"ReadAction","target":["https:\/\/baubauwall.com\/et\/toode\/pilttapeet-ulakad-ahvid\/"]}]},{"@type":"ImageObject","inLanguage":"et","@id":"https:\/\/baubauwall.com\/et\/toode\/pilttapeet-ulakad-ahvid\/#primaryimage","url":"https:\/\/baubauwall.com\/wp-content\/uploads\/2022\/11\/51200209_CheekyMonkeys_Baubauwall_Wallmural_room6.jpg","contentUrl":"https:\/\/baubauwall.com\/wp-content\/uploads\/2022\/11\/51200209_CheekyMonkeys_Baubauwall_Wallmural_room6.jpg","width":2400,"height":1600},{"@type":"BreadcrumbList","@id":"https:\/\/baubauwall.com\/et\/toode\/pilttapeet-ulakad-ahvid\/#breadcrumb","itemListElement":[{"@type":"ListItem","position":1,"name":"Koju","item":"https:\/\/baubauwall.com\/et\/"},{"@type":"ListItem","position":2,"name":"Tapeedid","item":"https:\/\/baubauwall.com\/et\/tapeedid\/"},{"@type":"ListItem","position":3,"name":"Ulakad ahvid"}]},{"@type":"WebSite","@id":"https:\/\/baubauwall.com\/et\/#website","url":"https:\/\/baubauwall.com\/et\/","name":"BAUBAUWALL Wallpapers","description":"Valmis paanides tapeet Eestist!","publisher":{"@id":"https:\/\/baubauwall.com\/et\/#organization"},"potentialAction":[{"@type":"SearchAction","target":{"@type":"EntryPoint","urlTemplate":"https:\/\/baubauwall.com\/et\/?s={search_term_string}"},"query-input":{"@type":"PropertyValueSpecification","valueRequired":true,"valueName":"search_term_string"}}],"inLanguage":"et"},{"@type":"Organization","@id":"https:\/\/baubauwall.com\/et\/#organization","name":"BAUBAUWALL Wallpapers","url":"https:\/\/baubauwall.com\/et\/","logo":{"@type":"ImageObject","inLanguage":"et","@id":"https:\/\/baubauwall.com\/et\/#\/schema\/logo\/image\/","url":"https:\/\/baubauwall.com\/wp-content\/uploads\/2022\/03\/logo-horizontal.svg","contentUrl":"https:\/\/baubauwall.com\/wp-content\/uploads\/2022\/03\/logo-horizontal.svg","width":"1024","height":"1024","caption":"BAUBAUWALL Wallpapers"},"image":{"@id":"https:\/\/baubauwall.com\/et\/#\/schema\/logo\/image\/"},"sameAs":["https:\/\/www.facebook.com\/Baubauwall","https:\/\/www.instagram.com\/baubauwall"]}]}},"jetpack_sharing_enabled":true,"_links":{"self":[{"href":"https:\/\/baubauwall.com\/et\/wp-json\/wp\/v2\/product\/24980","targetHints":{"allow":["GET"]}}],"collection":[{"href":"https:\/\/baubauwall.com\/et\/wp-json\/wp\/v2\/product"}],"about":[{"href":"https:\/\/baubauwall.com\/et\/wp-json\/wp\/v2\/types\/product"}],"replies":[{"embeddable":true,"href":"https:\/\/baubauwall.com\/et\/wp-json\/wp\/v2\/comments?post=24980"}],"wp:featuredmedia":[{"embeddable":true,"href":"https:\/\/baubauwall.com\/et\/wp-json\/wp\/v2\/media\/24978"}],"wp:attachment":[{"href":"https:\/\/baubauwall.com\/et\/wp-json\/wp\/v2\/media?parent=24980"}],"wp:term":[{"taxonomy":"product_brand","embeddable":true,"href":"https:\/\/baubauwall.com\/et\/wp-json\/wp\/v2\/product_brand?post=24980"},{"taxonomy":"product_cat","embeddable":true,"href":"https:\/\/baubauwall.com\/et\/wp-json\/wp\/v2\/product_cat?post=24980"},{"taxonomy":"product_tag","embeddable":true,"href":"https:\/\/baubauwall.com\/et\/wp-json\/wp\/v2\/product_tag?post=24980"}],"curies":[{"name":"wp","href":"https:\/\/api.w.org\/{rel}","templated":true}]}}