{"id":25064,"date":"2022-03-02T17:00:16","date_gmt":"2022-03-02T15:00:16","guid":{"rendered":"https:\/\/baubauwall.com\/product\/wall-mural-flamingo-oasis\/"},"modified":"2025-09-12T10:55:47","modified_gmt":"2025-09-12T08:55:47","slug":"pilttapeet-flamingo-oaas","status":"publish","type":"product","link":"https:\/\/baubauwall.com\/et\/toode\/pilttapeet-flamingo-oaas\/","title":{"rendered":"Flamingo Oaas"},"content":{"rendered":"<p>Kes suudaks \u00f6elda &#8220;ei&#8221; flamingodega tapeedile?! Flamingod teevad oma juuresolekuga k\u00f5ik palju ilusamaks! Lopsakas pilttapeet, millelt tabad elegantsed roosad flamingod uitamas rannal. Erksate v\u00e4rvitoonide, flamingode ja troopika austaja \u2013 see silmatorkav kaasaegses v\u00f5tmes tapeet valmistab kindlasti r\u00f5\u00f5mu! Pilttapeet, mis sobib h\u00e4sti nii magamistoa aktsentseinale kui ka teismelise t\u00fcdruku tuppa.<\/p>\n<p>Nagu k\u00f5ik meie kordusmustriga tapeedid ja pilttapeedid, on ka see disaintapeet tr\u00fckitud <a href=\"https:\/\/baubauwall.com\/et\/keskkonnasobralikud-tapeedid\/\" target=\"_blank\" rel=\"noopener\">keskkonnas\u00f5bralike v\u00e4rvidega<\/a>, hingavale fliistapeedi materjalile. Tapeedi pind on matt, seda on lihtne paigaldada &#8211; tapeedipaanid on nummerdatud ja t\u00e4pselt nii pikad, kui Sinu sein.<\/p>\n","protected":false},"excerpt":{"rendered":"<p>Kes suudaks \u00f6elda &#8220;ei&#8221; flamingodega tapeedile?! Flamingod teevad oma juuresolekuga k\u00f5ik palju ilusamaks! Lopsakas pilttapeet, millelt tabad elegantsed roosad flamingod uitamas rannal. Erksate v\u00e4rvitoonide, flamingode ja troopika austaja \u2013 see silmatorkav kaasaegses v\u00f5tmes tapeet valmistab kindlasti r\u00f5\u00f5mu! Pilttapeet, mis sobib h\u00e4sti nii magamistoa aktsentseinale kui ka teismelise t\u00fcdruku tuppa. Nagu k\u00f5ik meie kordusmustriga tapeedid ja [&hellip;]<\/p>\n","protected":false},"featured_media":25062,"comment_status":"open","ping_status":"closed","template":"","meta":{"_acf_changed":false,"inline_featured_image":false},"product_brand":[],"product_cat":[629,387,395,447,394,268,271,278,413,400,414,399,402,412,250,254,257,561],"product_tag":[631,345,376,324],"class_list":{"0":"post-25064","1":"product","2":"type-product","3":"status-publish","4":"has-post-thumbnail","6":"product_cat-kikki-belle-tapeedid","7":"product_cat-pilttapeedid","8":"product_cat-romantiline","9":"product_cat-maksimalistlik-et","10":"product_cat-rikkalik","11":"product_cat-kirkad-tapeedid","12":"product_cat-rohelised-tapeedid","13":"product_cat-roosad-tapeedid","14":"product_cat-magamistoa-tapeedid","15":"product_cat-lastetoa-tapeedid","16":"product_cat-soogitoa-tapeedid","17":"product_cat-kodukontori-tapeedid","18":"product_cat-elutoa-tapeedid","19":"product_cat-vannitoa-tapeedid","20":"product_cat-dzungel-troopika","21":"product_cat-loodus","22":"product_cat-linnud","23":"product_cat-suvised-tapeedid","24":"product_tag-kikki-belle-et","25":"product_tag-pilttapeet","26":"product_tag-teismelise-tuba","27":"product_tag-tudruku-tuba","28":"pa_designedby-sir-edward","30":"first","31":"instock","32":"taxable","33":"shipping-taxable","34":"purchasable","35":"product-type-simple"},"acf":[],"yoast_head":"<!-- This site is optimized with the Yoast SEO plugin v25.9 - https:\/\/yoast.com\/wordpress\/plugins\/seo\/ -->\n<title>Flamingodega tapeet - roosad elegantsed flamingod troopikas<\/title>\n<meta name=\"description\" content=\"Roosade flamingodega tapeet d\u017eungliaias. Troopiline disain. Keskkonnas\u00f5bralik fliistapeet, l\u00f5igatud t\u00e4pselt sinu seina m\u00f5\u00f5tu paanides.\" \/>\n<meta name=\"robots\" content=\"index, follow, max-snippet:-1, max-image-preview:large, max-video-preview:-1\" \/>\n<link rel=\"canonical\" href=\"https:\/\/baubauwall.com\/et\/toode\/pilttapeet-flamingo-oaas\/\" \/>\n<meta property=\"og:locale\" content=\"et_EE\" \/>\n<meta property=\"og:type\" content=\"article\" \/>\n<meta property=\"og:title\" content=\"BAUBAUWALL TAPEEDID\" \/>\n<meta property=\"og:description\" content=\"Roosade flamingodega tapeet d\u017eungliaias. Troopiline disain. Keskkonnas\u00f5bralik fliistapeet, l\u00f5igatud t\u00e4pselt sinu seina m\u00f5\u00f5tu paanides.\" \/>\n<meta property=\"og:url\" content=\"https:\/\/baubauwall.com\/et\/toode\/pilttapeet-flamingo-oaas\/\" \/>\n<meta property=\"og:site_name\" content=\"BAUBAUWALL TAPEEDID\" \/>\n<meta property=\"article:publisher\" content=\"https:\/\/www.facebook.com\/Baubauwall\" \/>\n<meta property=\"article:modified_time\" content=\"2025-09-12T08:55:47+00:00\" \/>\n<meta property=\"og:image\" content=\"https:\/\/baubauwall.com\/wp-content\/uploads\/2022\/03\/51200214_FlamingoOasis_Baubauwall_Wallmural_room9.jpg\" \/>\n\t<meta property=\"og:image:width\" content=\"2280\" \/>\n\t<meta property=\"og:image:height\" content=\"1600\" \/>\n\t<meta property=\"og:image:type\" content=\"image\/jpeg\" \/>\n<meta name=\"twitter:card\" content=\"summary_large_image\" \/>\n<meta name=\"twitter:label1\" content=\"Est. reading time\" \/>\n\t<meta name=\"twitter:data1\" content=\"1 minut\" \/>\n<script type=\"application\/ld+json\" class=\"yoast-schema-graph\">{\"@context\":\"https:\/\/schema.org\",\"@graph\":[{\"@type\":\"WebPage\",\"@id\":\"https:\/\/baubauwall.com\/et\/toode\/pilttapeet-flamingo-oaas\/\",\"url\":\"https:\/\/baubauwall.com\/et\/toode\/pilttapeet-flamingo-oaas\/\",\"name\":\"Flamingodega tapeet - roosad elegantsed flamingod troopikas\",\"isPartOf\":{\"@id\":\"https:\/\/baubauwall.com\/et\/#website\"},\"primaryImageOfPage\":{\"@id\":\"https:\/\/baubauwall.com\/et\/toode\/pilttapeet-flamingo-oaas\/#primaryimage\"},\"image\":{\"@id\":\"https:\/\/baubauwall.com\/et\/toode\/pilttapeet-flamingo-oaas\/#primaryimage\"},\"thumbnailUrl\":\"https:\/\/baubauwall.com\/wp-content\/uploads\/2022\/11\/51200214_FlamingoOasis_Baubauwall_Wallmural_room6.jpg\",\"datePublished\":\"2022-03-02T15:00:16+00:00\",\"dateModified\":\"2025-09-12T08:55:47+00:00\",\"description\":\"Roosade flamingodega tapeet d\u017eungliaias. Troopiline disain. Keskkonnas\u00f5bralik fliistapeet, l\u00f5igatud t\u00e4pselt sinu seina m\u00f5\u00f5tu paanides.\",\"breadcrumb\":{\"@id\":\"https:\/\/baubauwall.com\/et\/toode\/pilttapeet-flamingo-oaas\/#breadcrumb\"},\"inLanguage\":\"et\",\"potentialAction\":[{\"@type\":\"ReadAction\",\"target\":[\"https:\/\/baubauwall.com\/et\/toode\/pilttapeet-flamingo-oaas\/\"]}]},{\"@type\":\"ImageObject\",\"inLanguage\":\"et\",\"@id\":\"https:\/\/baubauwall.com\/et\/toode\/pilttapeet-flamingo-oaas\/#primaryimage\",\"url\":\"https:\/\/baubauwall.com\/wp-content\/uploads\/2022\/11\/51200214_FlamingoOasis_Baubauwall_Wallmural_room6.jpg\",\"contentUrl\":\"https:\/\/baubauwall.com\/wp-content\/uploads\/2022\/11\/51200214_FlamingoOasis_Baubauwall_Wallmural_room6.jpg\",\"width\":1802,\"height\":1600},{\"@type\":\"BreadcrumbList\",\"@id\":\"https:\/\/baubauwall.com\/et\/toode\/pilttapeet-flamingo-oaas\/#breadcrumb\",\"itemListElement\":[{\"@type\":\"ListItem\",\"position\":1,\"name\":\"Koju\",\"item\":\"https:\/\/baubauwall.com\/et\/\"},{\"@type\":\"ListItem\",\"position\":2,\"name\":\"Tapeedid\",\"item\":\"https:\/\/baubauwall.com\/et\/tapeedid\/\"},{\"@type\":\"ListItem\",\"position\":3,\"name\":\"Flamingo Oaas\"}]},{\"@type\":\"WebSite\",\"@id\":\"https:\/\/baubauwall.com\/et\/#website\",\"url\":\"https:\/\/baubauwall.com\/et\/\",\"name\":\"BAUBAUWALL Wallpapers\",\"description\":\"Valmis paanides tapeet Eestist!\",\"publisher\":{\"@id\":\"https:\/\/baubauwall.com\/et\/#organization\"},\"potentialAction\":[{\"@type\":\"SearchAction\",\"target\":{\"@type\":\"EntryPoint\",\"urlTemplate\":\"https:\/\/baubauwall.com\/et\/?s={search_term_string}\"},\"query-input\":{\"@type\":\"PropertyValueSpecification\",\"valueRequired\":true,\"valueName\":\"search_term_string\"}}],\"inLanguage\":\"et\"},{\"@type\":\"Organization\",\"@id\":\"https:\/\/baubauwall.com\/et\/#organization\",\"name\":\"BAUBAUWALL Wallpapers\",\"url\":\"https:\/\/baubauwall.com\/et\/\",\"logo\":{\"@type\":\"ImageObject\",\"inLanguage\":\"et\",\"@id\":\"https:\/\/baubauwall.com\/et\/#\/schema\/logo\/image\/\",\"url\":\"https:\/\/baubauwall.com\/wp-content\/uploads\/2022\/03\/logo-horizontal.svg\",\"contentUrl\":\"https:\/\/baubauwall.com\/wp-content\/uploads\/2022\/03\/logo-horizontal.svg\",\"width\":\"1024\",\"height\":\"1024\",\"caption\":\"BAUBAUWALL Wallpapers\"},\"image\":{\"@id\":\"https:\/\/baubauwall.com\/et\/#\/schema\/logo\/image\/\"},\"sameAs\":[\"https:\/\/www.facebook.com\/Baubauwall\",\"https:\/\/www.instagram.com\/baubauwall\"]}]}<\/script>\n<!-- \/ Yoast SEO plugin. -->","yoast_head_json":{"title":"Flamingodega tapeet - roosad elegantsed flamingod troopikas","description":"Roosade flamingodega tapeet d\u017eungliaias. Troopiline disain. Keskkonnas\u00f5bralik fliistapeet, l\u00f5igatud t\u00e4pselt sinu seina m\u00f5\u00f5tu paanides.","robots":{"index":"index","follow":"follow","max-snippet":"max-snippet:-1","max-image-preview":"max-image-preview:large","max-video-preview":"max-video-preview:-1"},"canonical":"https:\/\/baubauwall.com\/et\/toode\/pilttapeet-flamingo-oaas\/","og_locale":"et_EE","og_type":"article","og_title":"BAUBAUWALL TAPEEDID","og_description":"Roosade flamingodega tapeet d\u017eungliaias. Troopiline disain. Keskkonnas\u00f5bralik fliistapeet, l\u00f5igatud t\u00e4pselt sinu seina m\u00f5\u00f5tu paanides.","og_url":"https:\/\/baubauwall.com\/et\/toode\/pilttapeet-flamingo-oaas\/","og_site_name":"BAUBAUWALL TAPEEDID","article_publisher":"https:\/\/www.facebook.com\/Baubauwall","article_modified_time":"2025-09-12T08:55:47+00:00","og_image":[{"width":2280,"height":1600,"url":"https:\/\/baubauwall.com\/wp-content\/uploads\/2022\/03\/51200214_FlamingoOasis_Baubauwall_Wallmural_room9.jpg","type":"image\/jpeg"}],"twitter_card":"summary_large_image","twitter_misc":{"Est. reading time":"1 minut"},"schema":{"@context":"https:\/\/schema.org","@graph":[{"@type":"WebPage","@id":"https:\/\/baubauwall.com\/et\/toode\/pilttapeet-flamingo-oaas\/","url":"https:\/\/baubauwall.com\/et\/toode\/pilttapeet-flamingo-oaas\/","name":"Flamingodega tapeet - roosad elegantsed flamingod troopikas","isPartOf":{"@id":"https:\/\/baubauwall.com\/et\/#website"},"primaryImageOfPage":{"@id":"https:\/\/baubauwall.com\/et\/toode\/pilttapeet-flamingo-oaas\/#primaryimage"},"image":{"@id":"https:\/\/baubauwall.com\/et\/toode\/pilttapeet-flamingo-oaas\/#primaryimage"},"thumbnailUrl":"https:\/\/baubauwall.com\/wp-content\/uploads\/2022\/11\/51200214_FlamingoOasis_Baubauwall_Wallmural_room6.jpg","datePublished":"2022-03-02T15:00:16+00:00","dateModified":"2025-09-12T08:55:47+00:00","description":"Roosade flamingodega tapeet d\u017eungliaias. Troopiline disain. Keskkonnas\u00f5bralik fliistapeet, l\u00f5igatud t\u00e4pselt sinu seina m\u00f5\u00f5tu paanides.","breadcrumb":{"@id":"https:\/\/baubauwall.com\/et\/toode\/pilttapeet-flamingo-oaas\/#breadcrumb"},"inLanguage":"et","potentialAction":[{"@type":"ReadAction","target":["https:\/\/baubauwall.com\/et\/toode\/pilttapeet-flamingo-oaas\/"]}]},{"@type":"ImageObject","inLanguage":"et","@id":"https:\/\/baubauwall.com\/et\/toode\/pilttapeet-flamingo-oaas\/#primaryimage","url":"https:\/\/baubauwall.com\/wp-content\/uploads\/2022\/11\/51200214_FlamingoOasis_Baubauwall_Wallmural_room6.jpg","contentUrl":"https:\/\/baubauwall.com\/wp-content\/uploads\/2022\/11\/51200214_FlamingoOasis_Baubauwall_Wallmural_room6.jpg","width":1802,"height":1600},{"@type":"BreadcrumbList","@id":"https:\/\/baubauwall.com\/et\/toode\/pilttapeet-flamingo-oaas\/#breadcrumb","itemListElement":[{"@type":"ListItem","position":1,"name":"Koju","item":"https:\/\/baubauwall.com\/et\/"},{"@type":"ListItem","position":2,"name":"Tapeedid","item":"https:\/\/baubauwall.com\/et\/tapeedid\/"},{"@type":"ListItem","position":3,"name":"Flamingo Oaas"}]},{"@type":"WebSite","@id":"https:\/\/baubauwall.com\/et\/#website","url":"https:\/\/baubauwall.com\/et\/","name":"BAUBAUWALL Wallpapers","description":"Valmis paanides tapeet Eestist!","publisher":{"@id":"https:\/\/baubauwall.com\/et\/#organization"},"potentialAction":[{"@type":"SearchAction","target":{"@type":"EntryPoint","urlTemplate":"https:\/\/baubauwall.com\/et\/?s={search_term_string}"},"query-input":{"@type":"PropertyValueSpecification","valueRequired":true,"valueName":"search_term_string"}}],"inLanguage":"et"},{"@type":"Organization","@id":"https:\/\/baubauwall.com\/et\/#organization","name":"BAUBAUWALL Wallpapers","url":"https:\/\/baubauwall.com\/et\/","logo":{"@type":"ImageObject","inLanguage":"et","@id":"https:\/\/baubauwall.com\/et\/#\/schema\/logo\/image\/","url":"https:\/\/baubauwall.com\/wp-content\/uploads\/2022\/03\/logo-horizontal.svg","contentUrl":"https:\/\/baubauwall.com\/wp-content\/uploads\/2022\/03\/logo-horizontal.svg","width":"1024","height":"1024","caption":"BAUBAUWALL Wallpapers"},"image":{"@id":"https:\/\/baubauwall.com\/et\/#\/schema\/logo\/image\/"},"sameAs":["https:\/\/www.facebook.com\/Baubauwall","https:\/\/www.instagram.com\/baubauwall"]}]}},"jetpack_sharing_enabled":true,"_links":{"self":[{"href":"https:\/\/baubauwall.com\/et\/wp-json\/wp\/v2\/product\/25064","targetHints":{"allow":["GET"]}}],"collection":[{"href":"https:\/\/baubauwall.com\/et\/wp-json\/wp\/v2\/product"}],"about":[{"href":"https:\/\/baubauwall.com\/et\/wp-json\/wp\/v2\/types\/product"}],"replies":[{"embeddable":true,"href":"https:\/\/baubauwall.com\/et\/wp-json\/wp\/v2\/comments?post=25064"}],"wp:featuredmedia":[{"embeddable":true,"href":"https:\/\/baubauwall.com\/et\/wp-json\/wp\/v2\/media\/25062"}],"wp:attachment":[{"href":"https:\/\/baubauwall.com\/et\/wp-json\/wp\/v2\/media?parent=25064"}],"wp:term":[{"taxonomy":"product_brand","embeddable":true,"href":"https:\/\/baubauwall.com\/et\/wp-json\/wp\/v2\/product_brand?post=25064"},{"taxonomy":"product_cat","embeddable":true,"href":"https:\/\/baubauwall.com\/et\/wp-json\/wp\/v2\/product_cat?post=25064"},{"taxonomy":"product_tag","embeddable":true,"href":"https:\/\/baubauwall.com\/et\/wp-json\/wp\/v2\/product_tag?post=25064"}],"curies":[{"name":"wp","href":"https:\/\/api.w.org\/{rel}","templated":true}]}}