{"id":25067,"date":"2023-03-02T19:09:23","date_gmt":"2023-03-02T17:09:23","guid":{"rendered":"https:\/\/baubauwall.com\/?post_type=product&#038;p=25067"},"modified":"2023-08-11T13:52:46","modified_gmt":"2023-08-11T11:52:46","slug":"pilttapeet-haldjaaed","status":"publish","type":"product","link":"https:\/\/baubauwall.com\/et\/toode\/pilttapeet-haldjaaed\/","title":{"rendered":"Haldjaaed"},"content":{"rendered":"<p>Tapeet lastele, mis on justkui loodud v\u00e4ikeste t\u00fcdrukute tuppa! Kaunilt muinasjutuline ja p\u00f5hjamaine lastetoa pilttapeet, mis on lihtsalt nii ilus! Haldjapreili heljumas suurte lillede keskel koos armsate liblikatega. See on pilttapeet, mis sobib h\u00e4sti lastetoa aktsentseinaks. Ideaalne sisekujunduses, mis m\u00e4ngib romantilise ja Skandi stiilidega.<\/p>\n<p>Nagu k\u00f5ik meie kordusmustriga tapeedid ja pilttapeedid, on ka see disain tr\u00fckitud\u00a0<a href=\"https:\/\/baubauwall.com\/et\/keskkonnasobralikud-tapeedid\/\" target=\"_blank\" rel=\"noopener\">keskkonnas\u00f5bralike v\u00e4rvidega<\/a>, hingavale fliistapeedi materjalile, mis ei l\u00e4igi ja on lihtne paigaldada. Sinu uus tapeet tuleb valmis l\u00f5igatud ning nummerdatud paanides, mis on t\u00e4pselt nii k\u00f5rged, kui Sinu sein.<\/p>\n","protected":false},"excerpt":{"rendered":"<p>Tapeet lastele, mis on justkui loodud v\u00e4ikeste t\u00fcdrukute tuppa! Kaunilt muinasjutuline ja p\u00f5hjamaine lastetoa pilttapeet, mis on lihtsalt nii ilus! Haldjapreili heljumas suurte lillede keskel koos armsate liblikatega. See on pilttapeet, mis sobib h\u00e4sti lastetoa aktsentseinaks. Ideaalne sisekujunduses, mis m\u00e4ngib romantilise ja Skandi stiilidega. Nagu k\u00f5ik meie kordusmustriga tapeedid ja pilttapeedid, on ka see disain [&hellip;]<\/p>\n","protected":false},"featured_media":25075,"comment_status":"open","ping_status":"closed","template":"","meta":{"_acf_changed":false,"inline_featured_image":false},"product_brand":[],"product_cat":[629,387,395,396,271,273,276,410,400,254,260,561],"product_tag":[349,631,345,646,324],"class_list":{"0":"post-25067","1":"product","2":"type-product","3":"status-publish","4":"has-post-thumbnail","6":"product_cat-kikki-belle-tapeedid","7":"product_cat-pilttapeedid","8":"product_cat-romantiline","9":"product_cat-skandinaavia","10":"product_cat-rohelised-tapeedid","11":"product_cat-heledad-tapeedid","12":"product_cat-pastelsed-tapeedid","13":"product_cat-valge-tapeedid","14":"product_cat-lastetoa-tapeedid","15":"product_cat-loodus","16":"product_cat-lilled","17":"product_cat-suvised-tapeedid","18":"product_tag-beebituba","19":"product_tag-kikki-belle-et","20":"product_tag-pilttapeet","21":"product_tag-suured-lilled-et","22":"product_tag-tudruku-tuba","23":"pa_designedby-sir-edward","25":"first","26":"instock","27":"taxable","28":"shipping-taxable","29":"purchasable","30":"product-type-simple"},"acf":[],"yoast_head":"<!-- This site is optimized with the Yoast SEO plugin v25.9 - https:\/\/yoast.com\/wordpress\/plugins\/seo\/ -->\n<title>Pilttapeet haldja ja suurte lilledega. Ilus tapeet t\u00fcdruku tuppa.<\/title>\n<meta name=\"description\" content=\"T\u00fcdruku toa disain tapeet. Haldjas suurte lilledega - pilttapeet lastetoa seinale. Keskkonnas\u00f5bralik fliistapeet, l\u00f5igatud t\u00e4pselt seina m\u00f5\u00f5tu paanides.\" \/>\n<meta name=\"robots\" content=\"index, follow, max-snippet:-1, max-image-preview:large, max-video-preview:-1\" \/>\n<link rel=\"canonical\" href=\"https:\/\/baubauwall.com\/et\/toode\/pilttapeet-haldjaaed\/\" \/>\n<meta property=\"og:locale\" content=\"et_EE\" \/>\n<meta property=\"og:type\" content=\"article\" \/>\n<meta property=\"og:title\" content=\"Pilttapeet haldja ja suurte lilledega. Ilus tapeet t\u00fcdruku tuppa.\" \/>\n<meta property=\"og:description\" content=\"T\u00fcdruku toa disain tapeet. Haldjas suurte lilledega - pilttapeet lastetoa seinale. Keskkonnas\u00f5bralik fliistapeet, l\u00f5igatud t\u00e4pselt seina m\u00f5\u00f5tu paanides.\" \/>\n<meta property=\"og:url\" content=\"https:\/\/baubauwall.com\/et\/toode\/pilttapeet-haldjaaed\/\" \/>\n<meta property=\"og:site_name\" content=\"BAUBAUWALL TAPEEDID\" \/>\n<meta property=\"article:publisher\" content=\"https:\/\/www.facebook.com\/Baubauwall\" \/>\n<meta property=\"article:modified_time\" content=\"2023-08-11T11:52:46+00:00\" \/>\n<meta property=\"og:image\" content=\"https:\/\/baubauwall.com\/wp-content\/uploads\/2023\/03\/51200217_FairyGarden_Baubauwall_Wallmural_room7.jpg\" \/>\n\t<meta property=\"og:image:width\" content=\"2397\" \/>\n\t<meta property=\"og:image:height\" content=\"1600\" \/>\n\t<meta property=\"og:image:type\" content=\"image\/jpeg\" \/>\n<meta name=\"twitter:card\" content=\"summary_large_image\" \/>\n<meta name=\"twitter:label1\" content=\"Est. reading time\" \/>\n\t<meta name=\"twitter:data1\" content=\"1 minut\" \/>\n<script type=\"application\/ld+json\" class=\"yoast-schema-graph\">{\"@context\":\"https:\/\/schema.org\",\"@graph\":[{\"@type\":\"WebPage\",\"@id\":\"https:\/\/baubauwall.com\/et\/toode\/pilttapeet-haldjaaed\/\",\"url\":\"https:\/\/baubauwall.com\/et\/toode\/pilttapeet-haldjaaed\/\",\"name\":\"Pilttapeet haldja ja suurte lilledega. Ilus tapeet t\u00fcdruku tuppa.\",\"isPartOf\":{\"@id\":\"https:\/\/baubauwall.com\/et\/#website\"},\"primaryImageOfPage\":{\"@id\":\"https:\/\/baubauwall.com\/et\/toode\/pilttapeet-haldjaaed\/#primaryimage\"},\"image\":{\"@id\":\"https:\/\/baubauwall.com\/et\/toode\/pilttapeet-haldjaaed\/#primaryimage\"},\"thumbnailUrl\":\"https:\/\/baubauwall.com\/wp-content\/uploads\/2023\/03\/51200217_FairyGarden_Baubauwall_Wallmural_preview.jpg\",\"datePublished\":\"2023-03-02T17:09:23+00:00\",\"dateModified\":\"2023-08-11T11:52:46+00:00\",\"description\":\"T\u00fcdruku toa disain tapeet. Haldjas suurte lilledega - pilttapeet lastetoa seinale. Keskkonnas\u00f5bralik fliistapeet, l\u00f5igatud t\u00e4pselt seina m\u00f5\u00f5tu paanides.\",\"breadcrumb\":{\"@id\":\"https:\/\/baubauwall.com\/et\/toode\/pilttapeet-haldjaaed\/#breadcrumb\"},\"inLanguage\":\"et\",\"potentialAction\":[{\"@type\":\"ReadAction\",\"target\":[\"https:\/\/baubauwall.com\/et\/toode\/pilttapeet-haldjaaed\/\"]}]},{\"@type\":\"ImageObject\",\"inLanguage\":\"et\",\"@id\":\"https:\/\/baubauwall.com\/et\/toode\/pilttapeet-haldjaaed\/#primaryimage\",\"url\":\"https:\/\/baubauwall.com\/wp-content\/uploads\/2023\/03\/51200217_FairyGarden_Baubauwall_Wallmural_preview.jpg\",\"contentUrl\":\"https:\/\/baubauwall.com\/wp-content\/uploads\/2023\/03\/51200217_FairyGarden_Baubauwall_Wallmural_preview.jpg\",\"width\":1600,\"height\":800,\"caption\":\"Lastetoa tapeet halja ja roheliste taimede ning lilledega. Tapeedid Baubauwallilt\"},{\"@type\":\"BreadcrumbList\",\"@id\":\"https:\/\/baubauwall.com\/et\/toode\/pilttapeet-haldjaaed\/#breadcrumb\",\"itemListElement\":[{\"@type\":\"ListItem\",\"position\":1,\"name\":\"Koju\",\"item\":\"https:\/\/baubauwall.com\/et\/\"},{\"@type\":\"ListItem\",\"position\":2,\"name\":\"Tapeedid\",\"item\":\"https:\/\/baubauwall.com\/et\/tapeedid\/\"},{\"@type\":\"ListItem\",\"position\":3,\"name\":\"Haldjaaed\"}]},{\"@type\":\"WebSite\",\"@id\":\"https:\/\/baubauwall.com\/et\/#website\",\"url\":\"https:\/\/baubauwall.com\/et\/\",\"name\":\"BAUBAUWALL Wallpapers\",\"description\":\"Valmis paanides tapeet Eestist!\",\"publisher\":{\"@id\":\"https:\/\/baubauwall.com\/et\/#organization\"},\"potentialAction\":[{\"@type\":\"SearchAction\",\"target\":{\"@type\":\"EntryPoint\",\"urlTemplate\":\"https:\/\/baubauwall.com\/et\/?s={search_term_string}\"},\"query-input\":{\"@type\":\"PropertyValueSpecification\",\"valueRequired\":true,\"valueName\":\"search_term_string\"}}],\"inLanguage\":\"et\"},{\"@type\":\"Organization\",\"@id\":\"https:\/\/baubauwall.com\/et\/#organization\",\"name\":\"BAUBAUWALL Wallpapers\",\"url\":\"https:\/\/baubauwall.com\/et\/\",\"logo\":{\"@type\":\"ImageObject\",\"inLanguage\":\"et\",\"@id\":\"https:\/\/baubauwall.com\/et\/#\/schema\/logo\/image\/\",\"url\":\"https:\/\/baubauwall.com\/wp-content\/uploads\/2022\/03\/logo-horizontal.svg\",\"contentUrl\":\"https:\/\/baubauwall.com\/wp-content\/uploads\/2022\/03\/logo-horizontal.svg\",\"width\":\"1024\",\"height\":\"1024\",\"caption\":\"BAUBAUWALL Wallpapers\"},\"image\":{\"@id\":\"https:\/\/baubauwall.com\/et\/#\/schema\/logo\/image\/\"},\"sameAs\":[\"https:\/\/www.facebook.com\/Baubauwall\",\"https:\/\/www.instagram.com\/baubauwall\"]}]}<\/script>\n<!-- \/ Yoast SEO plugin. -->","yoast_head_json":{"title":"Pilttapeet haldja ja suurte lilledega. Ilus tapeet t\u00fcdruku tuppa.","description":"T\u00fcdruku toa disain tapeet. Haldjas suurte lilledega - pilttapeet lastetoa seinale. Keskkonnas\u00f5bralik fliistapeet, l\u00f5igatud t\u00e4pselt seina m\u00f5\u00f5tu paanides.","robots":{"index":"index","follow":"follow","max-snippet":"max-snippet:-1","max-image-preview":"max-image-preview:large","max-video-preview":"max-video-preview:-1"},"canonical":"https:\/\/baubauwall.com\/et\/toode\/pilttapeet-haldjaaed\/","og_locale":"et_EE","og_type":"article","og_title":"Pilttapeet haldja ja suurte lilledega. Ilus tapeet t\u00fcdruku tuppa.","og_description":"T\u00fcdruku toa disain tapeet. Haldjas suurte lilledega - pilttapeet lastetoa seinale. Keskkonnas\u00f5bralik fliistapeet, l\u00f5igatud t\u00e4pselt seina m\u00f5\u00f5tu paanides.","og_url":"https:\/\/baubauwall.com\/et\/toode\/pilttapeet-haldjaaed\/","og_site_name":"BAUBAUWALL TAPEEDID","article_publisher":"https:\/\/www.facebook.com\/Baubauwall","article_modified_time":"2023-08-11T11:52:46+00:00","og_image":[{"width":2397,"height":1600,"url":"https:\/\/baubauwall.com\/wp-content\/uploads\/2023\/03\/51200217_FairyGarden_Baubauwall_Wallmural_room7.jpg","type":"image\/jpeg"}],"twitter_card":"summary_large_image","twitter_misc":{"Est. reading time":"1 minut"},"schema":{"@context":"https:\/\/schema.org","@graph":[{"@type":"WebPage","@id":"https:\/\/baubauwall.com\/et\/toode\/pilttapeet-haldjaaed\/","url":"https:\/\/baubauwall.com\/et\/toode\/pilttapeet-haldjaaed\/","name":"Pilttapeet haldja ja suurte lilledega. Ilus tapeet t\u00fcdruku tuppa.","isPartOf":{"@id":"https:\/\/baubauwall.com\/et\/#website"},"primaryImageOfPage":{"@id":"https:\/\/baubauwall.com\/et\/toode\/pilttapeet-haldjaaed\/#primaryimage"},"image":{"@id":"https:\/\/baubauwall.com\/et\/toode\/pilttapeet-haldjaaed\/#primaryimage"},"thumbnailUrl":"https:\/\/baubauwall.com\/wp-content\/uploads\/2023\/03\/51200217_FairyGarden_Baubauwall_Wallmural_preview.jpg","datePublished":"2023-03-02T17:09:23+00:00","dateModified":"2023-08-11T11:52:46+00:00","description":"T\u00fcdruku toa disain tapeet. Haldjas suurte lilledega - pilttapeet lastetoa seinale. Keskkonnas\u00f5bralik fliistapeet, l\u00f5igatud t\u00e4pselt seina m\u00f5\u00f5tu paanides.","breadcrumb":{"@id":"https:\/\/baubauwall.com\/et\/toode\/pilttapeet-haldjaaed\/#breadcrumb"},"inLanguage":"et","potentialAction":[{"@type":"ReadAction","target":["https:\/\/baubauwall.com\/et\/toode\/pilttapeet-haldjaaed\/"]}]},{"@type":"ImageObject","inLanguage":"et","@id":"https:\/\/baubauwall.com\/et\/toode\/pilttapeet-haldjaaed\/#primaryimage","url":"https:\/\/baubauwall.com\/wp-content\/uploads\/2023\/03\/51200217_FairyGarden_Baubauwall_Wallmural_preview.jpg","contentUrl":"https:\/\/baubauwall.com\/wp-content\/uploads\/2023\/03\/51200217_FairyGarden_Baubauwall_Wallmural_preview.jpg","width":1600,"height":800,"caption":"Lastetoa tapeet halja ja roheliste taimede ning lilledega. Tapeedid Baubauwallilt"},{"@type":"BreadcrumbList","@id":"https:\/\/baubauwall.com\/et\/toode\/pilttapeet-haldjaaed\/#breadcrumb","itemListElement":[{"@type":"ListItem","position":1,"name":"Koju","item":"https:\/\/baubauwall.com\/et\/"},{"@type":"ListItem","position":2,"name":"Tapeedid","item":"https:\/\/baubauwall.com\/et\/tapeedid\/"},{"@type":"ListItem","position":3,"name":"Haldjaaed"}]},{"@type":"WebSite","@id":"https:\/\/baubauwall.com\/et\/#website","url":"https:\/\/baubauwall.com\/et\/","name":"BAUBAUWALL Wallpapers","description":"Valmis paanides tapeet Eestist!","publisher":{"@id":"https:\/\/baubauwall.com\/et\/#organization"},"potentialAction":[{"@type":"SearchAction","target":{"@type":"EntryPoint","urlTemplate":"https:\/\/baubauwall.com\/et\/?s={search_term_string}"},"query-input":{"@type":"PropertyValueSpecification","valueRequired":true,"valueName":"search_term_string"}}],"inLanguage":"et"},{"@type":"Organization","@id":"https:\/\/baubauwall.com\/et\/#organization","name":"BAUBAUWALL Wallpapers","url":"https:\/\/baubauwall.com\/et\/","logo":{"@type":"ImageObject","inLanguage":"et","@id":"https:\/\/baubauwall.com\/et\/#\/schema\/logo\/image\/","url":"https:\/\/baubauwall.com\/wp-content\/uploads\/2022\/03\/logo-horizontal.svg","contentUrl":"https:\/\/baubauwall.com\/wp-content\/uploads\/2022\/03\/logo-horizontal.svg","width":"1024","height":"1024","caption":"BAUBAUWALL Wallpapers"},"image":{"@id":"https:\/\/baubauwall.com\/et\/#\/schema\/logo\/image\/"},"sameAs":["https:\/\/www.facebook.com\/Baubauwall","https:\/\/www.instagram.com\/baubauwall"]}]}},"jetpack_sharing_enabled":true,"_links":{"self":[{"href":"https:\/\/baubauwall.com\/et\/wp-json\/wp\/v2\/product\/25067","targetHints":{"allow":["GET"]}}],"collection":[{"href":"https:\/\/baubauwall.com\/et\/wp-json\/wp\/v2\/product"}],"about":[{"href":"https:\/\/baubauwall.com\/et\/wp-json\/wp\/v2\/types\/product"}],"replies":[{"embeddable":true,"href":"https:\/\/baubauwall.com\/et\/wp-json\/wp\/v2\/comments?post=25067"}],"wp:featuredmedia":[{"embeddable":true,"href":"https:\/\/baubauwall.com\/et\/wp-json\/wp\/v2\/media\/25075"}],"wp:attachment":[{"href":"https:\/\/baubauwall.com\/et\/wp-json\/wp\/v2\/media?parent=25067"}],"wp:term":[{"taxonomy":"product_brand","embeddable":true,"href":"https:\/\/baubauwall.com\/et\/wp-json\/wp\/v2\/product_brand?post=25067"},{"taxonomy":"product_cat","embeddable":true,"href":"https:\/\/baubauwall.com\/et\/wp-json\/wp\/v2\/product_cat?post=25067"},{"taxonomy":"product_tag","embeddable":true,"href":"https:\/\/baubauwall.com\/et\/wp-json\/wp\/v2\/product_tag?post=25067"}],"curies":[{"name":"wp","href":"https:\/\/api.w.org\/{rel}","templated":true}]}}