{"id":25124,"date":"2023-03-02T22:13:34","date_gmt":"2023-03-02T20:13:34","guid":{"rendered":"https:\/\/baubauwall.com\/?post_type=product&#038;p=25124"},"modified":"2023-06-05T13:39:13","modified_gmt":"2023-06-05T11:39:13","slug":"pilttapeet-pohjamaa-mets","status":"publish","type":"product","link":"https:\/\/baubauwall.com\/et\/toode\/pilttapeet-pohjamaa-mets\/","title":{"rendered":"P\u00f5hjamaa mets"},"content":{"rendered":"<p>Lastetoa tapeet, mis paneb unistama! Hele ja v\u00e4rvigamma ning p\u00f5hjamaine stiil teeb sellest pilttapeedis ilusa valiku v\u00e4ikese t\u00fcdruku v\u00f5i poisi tuppa.<\/p>\n<p>Lastetuba on unistamiseks, m\u00e4ngimiseks ja koht \u00f5ppimiseks. Valides tapeeti lastetuppa, pea meeles, et l\u00f5pptulemus v\u00f5iks laste kujutlusv\u00f5imet veelgi v\u00f5imendada. Hea lastetoa tapeet on ju \u00fctlemata inspireeriv, muinasjutuline ja otsatult armas! Sellel p\u00f5hjamaises muinasjutumetsa tapeedil on k\u00f5ik see olemas. Lase lapse m\u00f5tetel r\u00e4nnata muinasjutumetsas ja saada s\u00f5braks metsaelanikega. See on pilttapeet, mis sobib h\u00e4sti lastetoa aktsentseinaks.<\/p>\n<p>See lastetoa tapeet tr\u00fckitakse <a href=\"https:\/\/baubauwall.com\/et\/keskkonnasobralikud-tapeedid\/\">keskkonnas\u00f5bralike v\u00e4rvidega<\/a>, hingavale fliistapeedi materjalile, mis ei l\u00e4igi ja on lihtne paigaldada. Sinu uus lastetoa tapeet tuleb valmis l\u00f5igatud ning nummerdatud paanides, mis on t\u00e4pselt nii k\u00f5rged, kui Sinu sein. Tapeetimine &#8211; lihtsalt ja nutikalt! Kuidas see t\u00f6\u00f6tab \u2013 loe l\u00e4hemalt <a href=\"https:\/\/baubauwall.com\/et\/kuidas-see-tootab\/\">siit.<\/a><\/p>\n","protected":false},"excerpt":{"rendered":"<p>Lastetoa tapeet, mis paneb unistama! Hele ja v\u00e4rvigamma ning p\u00f5hjamaine stiil teeb sellest pilttapeedis ilusa valiku v\u00e4ikese t\u00fcdruku v\u00f5i poisi tuppa. Lastetuba on unistamiseks, m\u00e4ngimiseks ja koht \u00f5ppimiseks. Valides tapeeti lastetuppa, pea meeles, et l\u00f5pptulemus v\u00f5iks laste kujutlusv\u00f5imet veelgi v\u00f5imendada. Hea lastetoa tapeet on ju \u00fctlemata inspireeriv, muinasjutuline ja otsatult armas! Sellel p\u00f5hjamaises muinasjutumetsa tapeedil [&hellip;]<\/p>\n","protected":false},"featured_media":25153,"comment_status":"open","ping_status":"closed","template":"","meta":{"_acf_changed":false,"inline_featured_image":false},"product_brand":[],"product_cat":[629,387,395,396,276,410,400,248,254,255],"product_tag":[631,345,308,324],"class_list":{"0":"post-25124","1":"product","2":"type-product","3":"status-publish","4":"has-post-thumbnail","6":"product_cat-kikki-belle-tapeedid","7":"product_cat-pilttapeedid","8":"product_cat-romantiline","9":"product_cat-skandinaavia","10":"product_cat-pastelsed-tapeedid","11":"product_cat-valge-tapeedid","12":"product_cat-lastetoa-tapeedid","13":"product_cat-mets","14":"product_cat-loodus","15":"product_cat-loomad","16":"product_tag-kikki-belle-et","17":"product_tag-pilttapeet","18":"product_tag-poiste-tuba","19":"product_tag-tudruku-tuba","20":"pa_designedby-sir-edward","22":"first","23":"instock","24":"taxable","25":"shipping-taxable","26":"purchasable","27":"product-type-simple"},"acf":[],"yoast_head":"<!-- This site is optimized with the Yoast SEO plugin v25.9 - https:\/\/yoast.com\/wordpress\/plugins\/seo\/ -->\n<title>P\u00f5hjamaine, hele disain - pilttapeet lastetoa seinale<\/title>\n<meta name=\"description\" content=\"Lastetoa tapeet. P\u00f5hjamaine pilttapeet muinasjutumetsast. M\u00e4nguline disain lastetoa seinale. Keskkonnas\u00f5bralik tapeet, tr\u00fckitud mittem\u00fcrgiste v\u00e4rvidega\" \/>\n<meta name=\"robots\" content=\"index, follow, max-snippet:-1, max-image-preview:large, max-video-preview:-1\" \/>\n<link rel=\"canonical\" href=\"https:\/\/baubauwall.com\/et\/toode\/pilttapeet-pohjamaa-mets\/\" \/>\n<meta property=\"og:locale\" content=\"et_EE\" \/>\n<meta property=\"og:type\" content=\"article\" \/>\n<meta property=\"og:title\" content=\"P\u00f5hjamaine, hele disain - pilttapeet lastetoa seinale\" \/>\n<meta property=\"og:description\" content=\"Lastetoa tapeet. P\u00f5hjamaine pilttapeet muinasjutumetsast. M\u00e4nguline disain lastetoa seinale. Keskkonnas\u00f5bralik tapeet, tr\u00fckitud mittem\u00fcrgiste v\u00e4rvidega\" \/>\n<meta property=\"og:url\" content=\"https:\/\/baubauwall.com\/et\/toode\/pilttapeet-pohjamaa-mets\/\" \/>\n<meta property=\"og:site_name\" content=\"BAUBAUWALL TAPEEDID\" \/>\n<meta property=\"article:publisher\" content=\"https:\/\/www.facebook.com\/Baubauwall\" \/>\n<meta property=\"article:modified_time\" content=\"2023-06-05T11:39:13+00:00\" \/>\n<meta property=\"og:image\" content=\"https:\/\/baubauwall.com\/wp-content\/uploads\/2023\/03\/51200247_WhiteForest_Baubauwall_Wallmural_room7.jpg\" \/>\n\t<meta property=\"og:image:width\" content=\"2400\" \/>\n\t<meta property=\"og:image:height\" content=\"1600\" \/>\n\t<meta property=\"og:image:type\" content=\"image\/jpeg\" \/>\n<meta name=\"twitter:card\" content=\"summary_large_image\" \/>\n<meta name=\"twitter:label1\" content=\"Est. reading time\" \/>\n\t<meta name=\"twitter:data1\" content=\"1 minut\" \/>\n<script type=\"application\/ld+json\" class=\"yoast-schema-graph\">{\"@context\":\"https:\/\/schema.org\",\"@graph\":[{\"@type\":\"WebPage\",\"@id\":\"https:\/\/baubauwall.com\/et\/toode\/pilttapeet-pohjamaa-mets\/\",\"url\":\"https:\/\/baubauwall.com\/et\/toode\/pilttapeet-pohjamaa-mets\/\",\"name\":\"P\u00f5hjamaine, hele disain - pilttapeet lastetoa seinale\",\"isPartOf\":{\"@id\":\"https:\/\/baubauwall.com\/et\/#website\"},\"primaryImageOfPage\":{\"@id\":\"https:\/\/baubauwall.com\/et\/toode\/pilttapeet-pohjamaa-mets\/#primaryimage\"},\"image\":{\"@id\":\"https:\/\/baubauwall.com\/et\/toode\/pilttapeet-pohjamaa-mets\/#primaryimage\"},\"thumbnailUrl\":\"https:\/\/baubauwall.com\/wp-content\/uploads\/2023\/03\/51200247_WhiteForest_Baubauwall_Wallmural_room7.jpg\",\"datePublished\":\"2023-03-02T20:13:34+00:00\",\"dateModified\":\"2023-06-05T11:39:13+00:00\",\"description\":\"Lastetoa tapeet. P\u00f5hjamaine pilttapeet muinasjutumetsast. M\u00e4nguline disain lastetoa seinale. Keskkonnas\u00f5bralik tapeet, tr\u00fckitud mittem\u00fcrgiste v\u00e4rvidega\",\"breadcrumb\":{\"@id\":\"https:\/\/baubauwall.com\/et\/toode\/pilttapeet-pohjamaa-mets\/#breadcrumb\"},\"inLanguage\":\"et\",\"potentialAction\":[{\"@type\":\"ReadAction\",\"target\":[\"https:\/\/baubauwall.com\/et\/toode\/pilttapeet-pohjamaa-mets\/\"]}]},{\"@type\":\"ImageObject\",\"inLanguage\":\"et\",\"@id\":\"https:\/\/baubauwall.com\/et\/toode\/pilttapeet-pohjamaa-mets\/#primaryimage\",\"url\":\"https:\/\/baubauwall.com\/wp-content\/uploads\/2023\/03\/51200247_WhiteForest_Baubauwall_Wallmural_room7.jpg\",\"contentUrl\":\"https:\/\/baubauwall.com\/wp-content\/uploads\/2023\/03\/51200247_WhiteForest_Baubauwall_Wallmural_room7.jpg\",\"width\":2400,\"height\":1600},{\"@type\":\"BreadcrumbList\",\"@id\":\"https:\/\/baubauwall.com\/et\/toode\/pilttapeet-pohjamaa-mets\/#breadcrumb\",\"itemListElement\":[{\"@type\":\"ListItem\",\"position\":1,\"name\":\"Koju\",\"item\":\"https:\/\/baubauwall.com\/et\/\"},{\"@type\":\"ListItem\",\"position\":2,\"name\":\"Tapeedid\",\"item\":\"https:\/\/baubauwall.com\/et\/tapeedid\/\"},{\"@type\":\"ListItem\",\"position\":3,\"name\":\"P\u00f5hjamaa mets\"}]},{\"@type\":\"WebSite\",\"@id\":\"https:\/\/baubauwall.com\/et\/#website\",\"url\":\"https:\/\/baubauwall.com\/et\/\",\"name\":\"BAUBAUWALL Wallpapers\",\"description\":\"Valmis paanides tapeet Eestist!\",\"publisher\":{\"@id\":\"https:\/\/baubauwall.com\/et\/#organization\"},\"potentialAction\":[{\"@type\":\"SearchAction\",\"target\":{\"@type\":\"EntryPoint\",\"urlTemplate\":\"https:\/\/baubauwall.com\/et\/?s={search_term_string}\"},\"query-input\":{\"@type\":\"PropertyValueSpecification\",\"valueRequired\":true,\"valueName\":\"search_term_string\"}}],\"inLanguage\":\"et\"},{\"@type\":\"Organization\",\"@id\":\"https:\/\/baubauwall.com\/et\/#organization\",\"name\":\"BAUBAUWALL Wallpapers\",\"url\":\"https:\/\/baubauwall.com\/et\/\",\"logo\":{\"@type\":\"ImageObject\",\"inLanguage\":\"et\",\"@id\":\"https:\/\/baubauwall.com\/et\/#\/schema\/logo\/image\/\",\"url\":\"https:\/\/baubauwall.com\/wp-content\/uploads\/2022\/03\/logo-horizontal.svg\",\"contentUrl\":\"https:\/\/baubauwall.com\/wp-content\/uploads\/2022\/03\/logo-horizontal.svg\",\"width\":\"1024\",\"height\":\"1024\",\"caption\":\"BAUBAUWALL Wallpapers\"},\"image\":{\"@id\":\"https:\/\/baubauwall.com\/et\/#\/schema\/logo\/image\/\"},\"sameAs\":[\"https:\/\/www.facebook.com\/Baubauwall\",\"https:\/\/www.instagram.com\/baubauwall\"]}]}<\/script>\n<!-- \/ Yoast SEO plugin. -->","yoast_head_json":{"title":"P\u00f5hjamaine, hele disain - pilttapeet lastetoa seinale","description":"Lastetoa tapeet. P\u00f5hjamaine pilttapeet muinasjutumetsast. M\u00e4nguline disain lastetoa seinale. Keskkonnas\u00f5bralik tapeet, tr\u00fckitud mittem\u00fcrgiste v\u00e4rvidega","robots":{"index":"index","follow":"follow","max-snippet":"max-snippet:-1","max-image-preview":"max-image-preview:large","max-video-preview":"max-video-preview:-1"},"canonical":"https:\/\/baubauwall.com\/et\/toode\/pilttapeet-pohjamaa-mets\/","og_locale":"et_EE","og_type":"article","og_title":"P\u00f5hjamaine, hele disain - pilttapeet lastetoa seinale","og_description":"Lastetoa tapeet. P\u00f5hjamaine pilttapeet muinasjutumetsast. M\u00e4nguline disain lastetoa seinale. Keskkonnas\u00f5bralik tapeet, tr\u00fckitud mittem\u00fcrgiste v\u00e4rvidega","og_url":"https:\/\/baubauwall.com\/et\/toode\/pilttapeet-pohjamaa-mets\/","og_site_name":"BAUBAUWALL TAPEEDID","article_publisher":"https:\/\/www.facebook.com\/Baubauwall","article_modified_time":"2023-06-05T11:39:13+00:00","og_image":[{"width":2400,"height":1600,"url":"https:\/\/baubauwall.com\/wp-content\/uploads\/2023\/03\/51200247_WhiteForest_Baubauwall_Wallmural_room7.jpg","type":"image\/jpeg"}],"twitter_card":"summary_large_image","twitter_misc":{"Est. reading time":"1 minut"},"schema":{"@context":"https:\/\/schema.org","@graph":[{"@type":"WebPage","@id":"https:\/\/baubauwall.com\/et\/toode\/pilttapeet-pohjamaa-mets\/","url":"https:\/\/baubauwall.com\/et\/toode\/pilttapeet-pohjamaa-mets\/","name":"P\u00f5hjamaine, hele disain - pilttapeet lastetoa seinale","isPartOf":{"@id":"https:\/\/baubauwall.com\/et\/#website"},"primaryImageOfPage":{"@id":"https:\/\/baubauwall.com\/et\/toode\/pilttapeet-pohjamaa-mets\/#primaryimage"},"image":{"@id":"https:\/\/baubauwall.com\/et\/toode\/pilttapeet-pohjamaa-mets\/#primaryimage"},"thumbnailUrl":"https:\/\/baubauwall.com\/wp-content\/uploads\/2023\/03\/51200247_WhiteForest_Baubauwall_Wallmural_room7.jpg","datePublished":"2023-03-02T20:13:34+00:00","dateModified":"2023-06-05T11:39:13+00:00","description":"Lastetoa tapeet. P\u00f5hjamaine pilttapeet muinasjutumetsast. M\u00e4nguline disain lastetoa seinale. Keskkonnas\u00f5bralik tapeet, tr\u00fckitud mittem\u00fcrgiste v\u00e4rvidega","breadcrumb":{"@id":"https:\/\/baubauwall.com\/et\/toode\/pilttapeet-pohjamaa-mets\/#breadcrumb"},"inLanguage":"et","potentialAction":[{"@type":"ReadAction","target":["https:\/\/baubauwall.com\/et\/toode\/pilttapeet-pohjamaa-mets\/"]}]},{"@type":"ImageObject","inLanguage":"et","@id":"https:\/\/baubauwall.com\/et\/toode\/pilttapeet-pohjamaa-mets\/#primaryimage","url":"https:\/\/baubauwall.com\/wp-content\/uploads\/2023\/03\/51200247_WhiteForest_Baubauwall_Wallmural_room7.jpg","contentUrl":"https:\/\/baubauwall.com\/wp-content\/uploads\/2023\/03\/51200247_WhiteForest_Baubauwall_Wallmural_room7.jpg","width":2400,"height":1600},{"@type":"BreadcrumbList","@id":"https:\/\/baubauwall.com\/et\/toode\/pilttapeet-pohjamaa-mets\/#breadcrumb","itemListElement":[{"@type":"ListItem","position":1,"name":"Koju","item":"https:\/\/baubauwall.com\/et\/"},{"@type":"ListItem","position":2,"name":"Tapeedid","item":"https:\/\/baubauwall.com\/et\/tapeedid\/"},{"@type":"ListItem","position":3,"name":"P\u00f5hjamaa mets"}]},{"@type":"WebSite","@id":"https:\/\/baubauwall.com\/et\/#website","url":"https:\/\/baubauwall.com\/et\/","name":"BAUBAUWALL Wallpapers","description":"Valmis paanides tapeet Eestist!","publisher":{"@id":"https:\/\/baubauwall.com\/et\/#organization"},"potentialAction":[{"@type":"SearchAction","target":{"@type":"EntryPoint","urlTemplate":"https:\/\/baubauwall.com\/et\/?s={search_term_string}"},"query-input":{"@type":"PropertyValueSpecification","valueRequired":true,"valueName":"search_term_string"}}],"inLanguage":"et"},{"@type":"Organization","@id":"https:\/\/baubauwall.com\/et\/#organization","name":"BAUBAUWALL Wallpapers","url":"https:\/\/baubauwall.com\/et\/","logo":{"@type":"ImageObject","inLanguage":"et","@id":"https:\/\/baubauwall.com\/et\/#\/schema\/logo\/image\/","url":"https:\/\/baubauwall.com\/wp-content\/uploads\/2022\/03\/logo-horizontal.svg","contentUrl":"https:\/\/baubauwall.com\/wp-content\/uploads\/2022\/03\/logo-horizontal.svg","width":"1024","height":"1024","caption":"BAUBAUWALL Wallpapers"},"image":{"@id":"https:\/\/baubauwall.com\/et\/#\/schema\/logo\/image\/"},"sameAs":["https:\/\/www.facebook.com\/Baubauwall","https:\/\/www.instagram.com\/baubauwall"]}]}},"jetpack_sharing_enabled":true,"_links":{"self":[{"href":"https:\/\/baubauwall.com\/et\/wp-json\/wp\/v2\/product\/25124","targetHints":{"allow":["GET"]}}],"collection":[{"href":"https:\/\/baubauwall.com\/et\/wp-json\/wp\/v2\/product"}],"about":[{"href":"https:\/\/baubauwall.com\/et\/wp-json\/wp\/v2\/types\/product"}],"replies":[{"embeddable":true,"href":"https:\/\/baubauwall.com\/et\/wp-json\/wp\/v2\/comments?post=25124"}],"wp:featuredmedia":[{"embeddable":true,"href":"https:\/\/baubauwall.com\/et\/wp-json\/wp\/v2\/media\/25153"}],"wp:attachment":[{"href":"https:\/\/baubauwall.com\/et\/wp-json\/wp\/v2\/media?parent=25124"}],"wp:term":[{"taxonomy":"product_brand","embeddable":true,"href":"https:\/\/baubauwall.com\/et\/wp-json\/wp\/v2\/product_brand?post=25124"},{"taxonomy":"product_cat","embeddable":true,"href":"https:\/\/baubauwall.com\/et\/wp-json\/wp\/v2\/product_cat?post=25124"},{"taxonomy":"product_tag","embeddable":true,"href":"https:\/\/baubauwall.com\/et\/wp-json\/wp\/v2\/product_tag?post=25124"}],"curies":[{"name":"wp","href":"https:\/\/api.w.org\/{rel}","templated":true}]}}