{"id":25309,"date":"2023-03-03T17:00:18","date_gmt":"2023-03-03T15:00:18","guid":{"rendered":"https:\/\/baubauwall.com\/product\/wall-mural-treehouse-party\/"},"modified":"2025-04-14T10:38:30","modified_gmt":"2025-04-14T08:38:30","slug":"pilttapeet-pidu-puu-otsas","status":"publish","type":"product","link":"https:\/\/baubauwall.com\/et\/toode\/pilttapeet-pidu-puu-otsas\/","title":{"rendered":"Lastetoa tapeet &#8211; Pidu puu otsas"},"content":{"rendered":"<p>Ilus lastetoa tapeet, mis kutsub peole. Nimelt, olete kutsutud Puu otsa peole! Sellel l\u00f5busal lastetoa tapeedil on pidu kogu aeg ja olete oodatud. Hea lastetoa tapeet on ju \u00fctlemata inspireeriv, muinasjutuline ja otsatult armas! Sellel k\u00e4sitsi maalitud, suviselt rohelistes toonides loodustapeedil on k\u00f5ik see olemas. Lase lapse m\u00f5tetel r\u00e4nnata ja saada s\u00f5braks teiste pidulistega &#8211; p\u00f5dra, oravate ja j\u00e4nkudega.\u00a0\u00a0See on pilttapeet, mis sobib h\u00e4sti lastetoa aktsentseinaks.<\/p>\n<p>Nagu k\u00f5ik meie kordusmustriga tapeedid ja pilttapeedid, on ka see ilus lastetoa tapeet tr\u00fckitud <a href=\"https:\/\/baubauwall.com\/et\/keskkonnasobralikud-tapeedid\/\" target=\"_blank\" rel=\"noopener\">keskkonnas\u00f5bralike v\u00e4rvidega<\/a>, hingavale fliistapeedi materjalile, mis ei l\u00e4igi ja on lihtne paigaldada. Sinu uus tapeet tuleb valmis l\u00f5igatud ning nummerdatud paanides, mis on t\u00e4pselt nii k\u00f5rged, kui Sinu sein.<\/p>\n","protected":false},"excerpt":{"rendered":"<p>Ilus lastetoa tapeet, mis kutsub peole. Nimelt, olete kutsutud Puu otsa peole! Sellel l\u00f5busal lastetoa tapeedil on pidu kogu aeg ja olete oodatud. Hea lastetoa tapeet on ju \u00fctlemata inspireeriv, muinasjutuline ja otsatult armas! Sellel k\u00e4sitsi maalitud, suviselt rohelistes toonides loodustapeedil on k\u00f5ik see olemas. Lase lapse m\u00f5tetel r\u00e4nnata ja saada s\u00f5braks teiste pidulistega &#8211; [&hellip;]<\/p>\n","protected":false},"featured_media":25295,"comment_status":"open","ping_status":"closed","template":"","meta":{"_acf_changed":false,"inline_featured_image":false},"product_brand":[],"product_cat":[634,387,395,267,268,271,400,245,254,255],"product_tag":[635,345],"class_list":{"0":"post-25309","1":"product","2":"type-product","3":"status-publish","4":"has-post-thumbnail","6":"product_cat-oliver-robbins-tapeedid","7":"product_cat-pilttapeedid","8":"product_cat-romantiline","9":"product_cat-sinised-tapeedid","10":"product_cat-kirkad-tapeedid","11":"product_cat-rohelised-tapeedid","12":"product_cat-lastetoa-tapeedid","13":"product_cat-maastik","14":"product_cat-loodus","15":"product_cat-loomad","16":"product_tag-oliver-robbins-tapeedid","17":"product_tag-pilttapeet","18":"pa_designedby-sir-edward","20":"first","21":"instock","22":"taxable","23":"shipping-taxable","24":"purchasable","25":"product-type-simple"},"acf":[],"yoast_head":"<!-- This site is optimized with the Yoast SEO plugin v25.9 - https:\/\/yoast.com\/wordpress\/plugins\/seo\/ -->\n<title>Ilus lastetoa tapeet - Pidu puu otsas<\/title>\n<meta name=\"description\" content=\"Ilus ja l\u00f5bus tapeet lastetoa aktsentseinale. Pilttapeet, mis paneb naeratama. Keskkonnas\u00f5bralik fliistapeet, l\u00f5igatud t\u00e4pselt sinu seina m\u00f5\u00f5tu paanides.\" \/>\n<meta name=\"robots\" content=\"index, follow, max-snippet:-1, max-image-preview:large, max-video-preview:-1\" \/>\n<link rel=\"canonical\" href=\"https:\/\/baubauwall.com\/et\/toode\/pilttapeet-pidu-puu-otsas\/\" \/>\n<meta property=\"og:locale\" content=\"et_EE\" \/>\n<meta property=\"og:type\" content=\"article\" \/>\n<meta property=\"og:title\" content=\"Ilus lastetoa tapeet - Pidu puu otsas\" \/>\n<meta property=\"og:description\" content=\"Ilus ja l\u00f5bus tapeet lastetoa aktsentseinale. Pilttapeet, mis paneb naeratama. Keskkonnas\u00f5bralik fliistapeet, l\u00f5igatud t\u00e4pselt sinu seina m\u00f5\u00f5tu paanides.\" \/>\n<meta property=\"og:url\" content=\"https:\/\/baubauwall.com\/et\/toode\/pilttapeet-pidu-puu-otsas\/\" \/>\n<meta property=\"og:site_name\" content=\"BAUBAUWALL TAPEEDID\" \/>\n<meta property=\"article:publisher\" content=\"https:\/\/www.facebook.com\/Baubauwall\" \/>\n<meta property=\"article:modified_time\" content=\"2025-04-14T08:38:30+00:00\" \/>\n<meta property=\"og:image\" content=\"https:\/\/baubauwall.com\/wp-content\/uploads\/2022\/11\/51200244_TreehouseParty_Baubauwall_Wallmural_room2-scaled.jpg\" \/>\n\t<meta property=\"og:image:width\" content=\"2560\" \/>\n\t<meta property=\"og:image:height\" content=\"1580\" \/>\n\t<meta property=\"og:image:type\" content=\"image\/jpeg\" \/>\n<meta name=\"twitter:card\" content=\"summary_large_image\" \/>\n<meta name=\"twitter:label1\" content=\"Est. reading time\" \/>\n\t<meta name=\"twitter:data1\" content=\"1 minut\" \/>\n<script type=\"application\/ld+json\" class=\"yoast-schema-graph\">{\"@context\":\"https:\/\/schema.org\",\"@graph\":[{\"@type\":\"WebPage\",\"@id\":\"https:\/\/baubauwall.com\/et\/toode\/pilttapeet-pidu-puu-otsas\/\",\"url\":\"https:\/\/baubauwall.com\/et\/toode\/pilttapeet-pidu-puu-otsas\/\",\"name\":\"Ilus lastetoa tapeet - Pidu puu otsas\",\"isPartOf\":{\"@id\":\"https:\/\/baubauwall.com\/et\/#website\"},\"primaryImageOfPage\":{\"@id\":\"https:\/\/baubauwall.com\/et\/toode\/pilttapeet-pidu-puu-otsas\/#primaryimage\"},\"image\":{\"@id\":\"https:\/\/baubauwall.com\/et\/toode\/pilttapeet-pidu-puu-otsas\/#primaryimage\"},\"thumbnailUrl\":\"https:\/\/baubauwall.com\/wp-content\/uploads\/2022\/11\/51200244_TreehouseParty_Baubauwall_Wallmural_room2-scaled.jpg\",\"datePublished\":\"2023-03-03T15:00:18+00:00\",\"dateModified\":\"2025-04-14T08:38:30+00:00\",\"description\":\"Ilus ja l\u00f5bus tapeet lastetoa aktsentseinale. Pilttapeet, mis paneb naeratama. Keskkonnas\u00f5bralik fliistapeet, l\u00f5igatud t\u00e4pselt sinu seina m\u00f5\u00f5tu paanides.\",\"breadcrumb\":{\"@id\":\"https:\/\/baubauwall.com\/et\/toode\/pilttapeet-pidu-puu-otsas\/#breadcrumb\"},\"inLanguage\":\"et\",\"potentialAction\":[{\"@type\":\"ReadAction\",\"target\":[\"https:\/\/baubauwall.com\/et\/toode\/pilttapeet-pidu-puu-otsas\/\"]}]},{\"@type\":\"ImageObject\",\"inLanguage\":\"et\",\"@id\":\"https:\/\/baubauwall.com\/et\/toode\/pilttapeet-pidu-puu-otsas\/#primaryimage\",\"url\":\"https:\/\/baubauwall.com\/wp-content\/uploads\/2022\/11\/51200244_TreehouseParty_Baubauwall_Wallmural_room2-scaled.jpg\",\"contentUrl\":\"https:\/\/baubauwall.com\/wp-content\/uploads\/2022\/11\/51200244_TreehouseParty_Baubauwall_Wallmural_room2-scaled.jpg\",\"width\":2560,\"height\":1580,\"caption\":\"Ilus lastetoa tapeet, mis viib peole puu otsa Baubauwall tapeedid\"},{\"@type\":\"BreadcrumbList\",\"@id\":\"https:\/\/baubauwall.com\/et\/toode\/pilttapeet-pidu-puu-otsas\/#breadcrumb\",\"itemListElement\":[{\"@type\":\"ListItem\",\"position\":1,\"name\":\"Koju\",\"item\":\"https:\/\/baubauwall.com\/et\/\"},{\"@type\":\"ListItem\",\"position\":2,\"name\":\"Tapeedid\",\"item\":\"https:\/\/baubauwall.com\/et\/tapeedid\/\"},{\"@type\":\"ListItem\",\"position\":3,\"name\":\"Lastetoa tapeet &#8211; Pidu puu otsas\"}]},{\"@type\":\"WebSite\",\"@id\":\"https:\/\/baubauwall.com\/et\/#website\",\"url\":\"https:\/\/baubauwall.com\/et\/\",\"name\":\"BAUBAUWALL Wallpapers\",\"description\":\"Valmis paanides tapeet Eestist!\",\"publisher\":{\"@id\":\"https:\/\/baubauwall.com\/et\/#organization\"},\"potentialAction\":[{\"@type\":\"SearchAction\",\"target\":{\"@type\":\"EntryPoint\",\"urlTemplate\":\"https:\/\/baubauwall.com\/et\/?s={search_term_string}\"},\"query-input\":{\"@type\":\"PropertyValueSpecification\",\"valueRequired\":true,\"valueName\":\"search_term_string\"}}],\"inLanguage\":\"et\"},{\"@type\":\"Organization\",\"@id\":\"https:\/\/baubauwall.com\/et\/#organization\",\"name\":\"BAUBAUWALL Wallpapers\",\"url\":\"https:\/\/baubauwall.com\/et\/\",\"logo\":{\"@type\":\"ImageObject\",\"inLanguage\":\"et\",\"@id\":\"https:\/\/baubauwall.com\/et\/#\/schema\/logo\/image\/\",\"url\":\"https:\/\/baubauwall.com\/wp-content\/uploads\/2022\/03\/logo-horizontal.svg\",\"contentUrl\":\"https:\/\/baubauwall.com\/wp-content\/uploads\/2022\/03\/logo-horizontal.svg\",\"width\":\"1024\",\"height\":\"1024\",\"caption\":\"BAUBAUWALL Wallpapers\"},\"image\":{\"@id\":\"https:\/\/baubauwall.com\/et\/#\/schema\/logo\/image\/\"},\"sameAs\":[\"https:\/\/www.facebook.com\/Baubauwall\",\"https:\/\/www.instagram.com\/baubauwall\"]}]}<\/script>\n<!-- \/ Yoast SEO plugin. -->","yoast_head_json":{"title":"Ilus lastetoa tapeet - Pidu puu otsas","description":"Ilus ja l\u00f5bus tapeet lastetoa aktsentseinale. Pilttapeet, mis paneb naeratama. Keskkonnas\u00f5bralik fliistapeet, l\u00f5igatud t\u00e4pselt sinu seina m\u00f5\u00f5tu paanides.","robots":{"index":"index","follow":"follow","max-snippet":"max-snippet:-1","max-image-preview":"max-image-preview:large","max-video-preview":"max-video-preview:-1"},"canonical":"https:\/\/baubauwall.com\/et\/toode\/pilttapeet-pidu-puu-otsas\/","og_locale":"et_EE","og_type":"article","og_title":"Ilus lastetoa tapeet - Pidu puu otsas","og_description":"Ilus ja l\u00f5bus tapeet lastetoa aktsentseinale. Pilttapeet, mis paneb naeratama. Keskkonnas\u00f5bralik fliistapeet, l\u00f5igatud t\u00e4pselt sinu seina m\u00f5\u00f5tu paanides.","og_url":"https:\/\/baubauwall.com\/et\/toode\/pilttapeet-pidu-puu-otsas\/","og_site_name":"BAUBAUWALL TAPEEDID","article_publisher":"https:\/\/www.facebook.com\/Baubauwall","article_modified_time":"2025-04-14T08:38:30+00:00","og_image":[{"width":2560,"height":1580,"url":"https:\/\/baubauwall.com\/wp-content\/uploads\/2022\/11\/51200244_TreehouseParty_Baubauwall_Wallmural_room2-scaled.jpg","type":"image\/jpeg"}],"twitter_card":"summary_large_image","twitter_misc":{"Est. reading time":"1 minut"},"schema":{"@context":"https:\/\/schema.org","@graph":[{"@type":"WebPage","@id":"https:\/\/baubauwall.com\/et\/toode\/pilttapeet-pidu-puu-otsas\/","url":"https:\/\/baubauwall.com\/et\/toode\/pilttapeet-pidu-puu-otsas\/","name":"Ilus lastetoa tapeet - Pidu puu otsas","isPartOf":{"@id":"https:\/\/baubauwall.com\/et\/#website"},"primaryImageOfPage":{"@id":"https:\/\/baubauwall.com\/et\/toode\/pilttapeet-pidu-puu-otsas\/#primaryimage"},"image":{"@id":"https:\/\/baubauwall.com\/et\/toode\/pilttapeet-pidu-puu-otsas\/#primaryimage"},"thumbnailUrl":"https:\/\/baubauwall.com\/wp-content\/uploads\/2022\/11\/51200244_TreehouseParty_Baubauwall_Wallmural_room2-scaled.jpg","datePublished":"2023-03-03T15:00:18+00:00","dateModified":"2025-04-14T08:38:30+00:00","description":"Ilus ja l\u00f5bus tapeet lastetoa aktsentseinale. Pilttapeet, mis paneb naeratama. Keskkonnas\u00f5bralik fliistapeet, l\u00f5igatud t\u00e4pselt sinu seina m\u00f5\u00f5tu paanides.","breadcrumb":{"@id":"https:\/\/baubauwall.com\/et\/toode\/pilttapeet-pidu-puu-otsas\/#breadcrumb"},"inLanguage":"et","potentialAction":[{"@type":"ReadAction","target":["https:\/\/baubauwall.com\/et\/toode\/pilttapeet-pidu-puu-otsas\/"]}]},{"@type":"ImageObject","inLanguage":"et","@id":"https:\/\/baubauwall.com\/et\/toode\/pilttapeet-pidu-puu-otsas\/#primaryimage","url":"https:\/\/baubauwall.com\/wp-content\/uploads\/2022\/11\/51200244_TreehouseParty_Baubauwall_Wallmural_room2-scaled.jpg","contentUrl":"https:\/\/baubauwall.com\/wp-content\/uploads\/2022\/11\/51200244_TreehouseParty_Baubauwall_Wallmural_room2-scaled.jpg","width":2560,"height":1580,"caption":"Ilus lastetoa tapeet, mis viib peole puu otsa Baubauwall tapeedid"},{"@type":"BreadcrumbList","@id":"https:\/\/baubauwall.com\/et\/toode\/pilttapeet-pidu-puu-otsas\/#breadcrumb","itemListElement":[{"@type":"ListItem","position":1,"name":"Koju","item":"https:\/\/baubauwall.com\/et\/"},{"@type":"ListItem","position":2,"name":"Tapeedid","item":"https:\/\/baubauwall.com\/et\/tapeedid\/"},{"@type":"ListItem","position":3,"name":"Lastetoa tapeet &#8211; Pidu puu otsas"}]},{"@type":"WebSite","@id":"https:\/\/baubauwall.com\/et\/#website","url":"https:\/\/baubauwall.com\/et\/","name":"BAUBAUWALL Wallpapers","description":"Valmis paanides tapeet Eestist!","publisher":{"@id":"https:\/\/baubauwall.com\/et\/#organization"},"potentialAction":[{"@type":"SearchAction","target":{"@type":"EntryPoint","urlTemplate":"https:\/\/baubauwall.com\/et\/?s={search_term_string}"},"query-input":{"@type":"PropertyValueSpecification","valueRequired":true,"valueName":"search_term_string"}}],"inLanguage":"et"},{"@type":"Organization","@id":"https:\/\/baubauwall.com\/et\/#organization","name":"BAUBAUWALL Wallpapers","url":"https:\/\/baubauwall.com\/et\/","logo":{"@type":"ImageObject","inLanguage":"et","@id":"https:\/\/baubauwall.com\/et\/#\/schema\/logo\/image\/","url":"https:\/\/baubauwall.com\/wp-content\/uploads\/2022\/03\/logo-horizontal.svg","contentUrl":"https:\/\/baubauwall.com\/wp-content\/uploads\/2022\/03\/logo-horizontal.svg","width":"1024","height":"1024","caption":"BAUBAUWALL Wallpapers"},"image":{"@id":"https:\/\/baubauwall.com\/et\/#\/schema\/logo\/image\/"},"sameAs":["https:\/\/www.facebook.com\/Baubauwall","https:\/\/www.instagram.com\/baubauwall"]}]}},"jetpack_sharing_enabled":true,"_links":{"self":[{"href":"https:\/\/baubauwall.com\/et\/wp-json\/wp\/v2\/product\/25309","targetHints":{"allow":["GET"]}}],"collection":[{"href":"https:\/\/baubauwall.com\/et\/wp-json\/wp\/v2\/product"}],"about":[{"href":"https:\/\/baubauwall.com\/et\/wp-json\/wp\/v2\/types\/product"}],"replies":[{"embeddable":true,"href":"https:\/\/baubauwall.com\/et\/wp-json\/wp\/v2\/comments?post=25309"}],"wp:featuredmedia":[{"embeddable":true,"href":"https:\/\/baubauwall.com\/et\/wp-json\/wp\/v2\/media\/25295"}],"wp:attachment":[{"href":"https:\/\/baubauwall.com\/et\/wp-json\/wp\/v2\/media?parent=25309"}],"wp:term":[{"taxonomy":"product_brand","embeddable":true,"href":"https:\/\/baubauwall.com\/et\/wp-json\/wp\/v2\/product_brand?post=25309"},{"taxonomy":"product_cat","embeddable":true,"href":"https:\/\/baubauwall.com\/et\/wp-json\/wp\/v2\/product_cat?post=25309"},{"taxonomy":"product_tag","embeddable":true,"href":"https:\/\/baubauwall.com\/et\/wp-json\/wp\/v2\/product_tag?post=25309"}],"curies":[{"name":"wp","href":"https:\/\/api.w.org\/{rel}","templated":true}]}}