{"id":25349,"date":"2023-03-04T11:29:03","date_gmt":"2023-03-04T09:29:03","guid":{"rendered":"https:\/\/baubauwall.com\/?post_type=product&#038;p=25349"},"modified":"2025-08-01T15:09:05","modified_gmt":"2025-08-01T13:09:05","slug":"pilttapeet-pohjamaa-metsaelanikud","status":"publish","type":"product","link":"https:\/\/baubauwall.com\/et\/toode\/pilttapeet-pohjamaa-metsaelanikud\/","title":{"rendered":"P\u00f5hjamaa metsaelanikud"},"content":{"rendered":"<p>Pilttapeet, mis sobib h\u00e4sti lastetoa aktsentseinaks. Tumerohelises metsas leiad kuningliku hirve ja palju teisi loomi. Lastetuba on ju unistamiseks, m\u00e4ngimiseks ja koht \u00f5ppimiseks. Valides tapeeti lastetuppa, pea meeles, et l\u00f5pptulemus v\u00f5iks laste kujutlusv\u00f5imet veelgi v\u00f5imendada. Hea lastetoa tapeet on ju \u00fctlemata inspireeriv, muinasjutuline ja otsatult armas! Samuti on oluline tapeedi materjal. Fliistapeeti loetakse parimaks v\u00f5imalikuks. See on hingav, vastupidiselt isekleepuvatele ja vin\u00fc\u00fcltapeetidele. Siin Baubauwallis kasutame tr\u00fckiks mittem\u00fcrgiseid v\u00e4rve ning fliistapeedi materjal on ilus matt, ei l\u00e4igi.<\/p>\n<p>Sellel k\u00e4sitsi maalitud, maitsekates soojades toonides loodustapeedil on k\u00f5ik see olemas. Lase lapse m\u00f5tetel r\u00e4nnata ja saada s\u00f5braks rebaste, kitsekeste, oravate ja j\u00e4nkudega.\u00a0 V\u00e4rvi interj\u00f6\u00f6ri seinad sama tapeedi detailide j\u00e4rgi \u2013 n\u00e4iteks \u00f5rnalt salvei rohelisega v\u00f5i kreemikas valgeks.<\/p>\n<p>Nagu k\u00f5ik meie kordusmustriga tapeedid ja pilttapeedid, on ka see disain tr\u00fckitud <a href=\"https:\/\/baubauwall.com\/et\/keskkonnasobralikud-tapeedid\/\" target=\"_blank\" rel=\"noopener\">keskkonnas\u00f5bralike v\u00e4rvidega<\/a>, hingavale fliistapeedi materjalile.<\/p>\n","protected":false},"excerpt":{"rendered":"<p>Pilttapeet, mis sobib h\u00e4sti lastetoa aktsentseinaks. Tumerohelises metsas leiad kuningliku hirve ja palju teisi loomi. Lastetuba on ju unistamiseks, m\u00e4ngimiseks ja koht \u00f5ppimiseks. Valides tapeeti lastetuppa, pea meeles, et l\u00f5pptulemus v\u00f5iks laste kujutlusv\u00f5imet veelgi v\u00f5imendada. Hea lastetoa tapeet on ju \u00fctlemata inspireeriv, muinasjutuline ja otsatult armas! Samuti on oluline tapeedi materjal. Fliistapeeti loetakse parimaks v\u00f5imalikuks. [&hellip;]<\/p>\n","protected":false},"featured_media":25375,"comment_status":"open","ping_status":"closed","template":"","meta":{"_acf_changed":false,"inline_featured_image":false},"product_brand":[],"product_cat":[629,387,396,265,269,271,400,248,254,255],"product_tag":[631,345,308,724,324],"class_list":{"0":"post-25349","1":"product","2":"type-product","3":"status-publish","4":"has-post-thumbnail","6":"product_cat-kikki-belle-tapeedid","7":"product_cat-pilttapeedid","8":"product_cat-skandinaavia","9":"product_cat-beezid-tapeedid","10":"product_cat-pruunid-tapeedid","11":"product_cat-rohelised-tapeedid","12":"product_cat-lastetoa-tapeedid","13":"product_cat-mets","14":"product_cat-loodus","15":"product_cat-loomad","16":"product_tag-kikki-belle-et","17":"product_tag-pilttapeet","18":"product_tag-poiste-tuba","19":"product_tag-sooneutraalsed-varvid-et","20":"product_tag-tudruku-tuba","21":"pa_designedby-sir-edward","23":"first","24":"instock","25":"taxable","26":"shipping-taxable","27":"purchasable","28":"product-type-simple"},"acf":[],"yoast_head":"<!-- This site is optimized with the Yoast SEO plugin v25.9 - https:\/\/yoast.com\/wordpress\/plugins\/seo\/ -->\n<title>Pilttapeet lastetoa seinale P\u00f5hjamaa mets<\/title>\n<meta name=\"description\" content=\"Lastetoa pilttapeet loomadega P\u00f5hjamaa rohelises metsas. M\u00e4nguline, skandi disain lastetoa seinale. Keskkonnas\u00f5bralik fliistapeet lastele\" \/>\n<meta name=\"robots\" content=\"index, follow, max-snippet:-1, max-image-preview:large, max-video-preview:-1\" \/>\n<link rel=\"canonical\" href=\"https:\/\/baubauwall.com\/et\/toode\/pilttapeet-pohjamaa-metsaelanikud\/\" \/>\n<meta property=\"og:locale\" content=\"et_EE\" \/>\n<meta property=\"og:type\" content=\"article\" \/>\n<meta property=\"og:title\" content=\"Pilttapeet lastetoa seinale P\u00f5hjamaa mets\" \/>\n<meta property=\"og:description\" content=\"Lastetoa pilttapeet loomadega P\u00f5hjamaa rohelises metsas. M\u00e4nguline, skandi disain lastetoa seinale. Keskkonnas\u00f5bralik fliistapeet lastele\" \/>\n<meta property=\"og:url\" content=\"https:\/\/baubauwall.com\/et\/toode\/pilttapeet-pohjamaa-metsaelanikud\/\" \/>\n<meta property=\"og:site_name\" content=\"BAUBAUWALL TAPEEDID\" \/>\n<meta property=\"article:publisher\" content=\"https:\/\/www.facebook.com\/Baubauwall\" \/>\n<meta property=\"article:modified_time\" content=\"2025-08-01T13:09:05+00:00\" \/>\n<meta property=\"og:image\" content=\"https:\/\/baubauwall.com\/wp-content\/uploads\/2023\/03\/51200221_ForestJive_Baubauwall_Wallmural_preview.jpg\" \/>\n\t<meta property=\"og:image:width\" content=\"1333\" \/>\n\t<meta property=\"og:image:height\" content=\"800\" \/>\n\t<meta property=\"og:image:type\" content=\"image\/jpeg\" \/>\n<meta name=\"twitter:card\" content=\"summary_large_image\" \/>\n<meta name=\"twitter:label1\" content=\"Est. reading time\" \/>\n\t<meta name=\"twitter:data1\" content=\"1 minut\" \/>\n<script type=\"application\/ld+json\" class=\"yoast-schema-graph\">{\"@context\":\"https:\/\/schema.org\",\"@graph\":[{\"@type\":\"WebPage\",\"@id\":\"https:\/\/baubauwall.com\/et\/toode\/pilttapeet-pohjamaa-metsaelanikud\/\",\"url\":\"https:\/\/baubauwall.com\/et\/toode\/pilttapeet-pohjamaa-metsaelanikud\/\",\"name\":\"Pilttapeet lastetoa seinale P\u00f5hjamaa mets\",\"isPartOf\":{\"@id\":\"https:\/\/baubauwall.com\/et\/#website\"},\"primaryImageOfPage\":{\"@id\":\"https:\/\/baubauwall.com\/et\/toode\/pilttapeet-pohjamaa-metsaelanikud\/#primaryimage\"},\"image\":{\"@id\":\"https:\/\/baubauwall.com\/et\/toode\/pilttapeet-pohjamaa-metsaelanikud\/#primaryimage\"},\"thumbnailUrl\":\"https:\/\/baubauwall.com\/wp-content\/uploads\/2023\/03\/51200221_ForestJive_Baubauwall_Wallmural_preview.jpg\",\"datePublished\":\"2023-03-04T09:29:03+00:00\",\"dateModified\":\"2025-08-01T13:09:05+00:00\",\"description\":\"Lastetoa pilttapeet loomadega P\u00f5hjamaa rohelises metsas. M\u00e4nguline, skandi disain lastetoa seinale. Keskkonnas\u00f5bralik fliistapeet lastele\",\"breadcrumb\":{\"@id\":\"https:\/\/baubauwall.com\/et\/toode\/pilttapeet-pohjamaa-metsaelanikud\/#breadcrumb\"},\"inLanguage\":\"et\",\"potentialAction\":[{\"@type\":\"ReadAction\",\"target\":[\"https:\/\/baubauwall.com\/et\/toode\/pilttapeet-pohjamaa-metsaelanikud\/\"]}]},{\"@type\":\"ImageObject\",\"inLanguage\":\"et\",\"@id\":\"https:\/\/baubauwall.com\/et\/toode\/pilttapeet-pohjamaa-metsaelanikud\/#primaryimage\",\"url\":\"https:\/\/baubauwall.com\/wp-content\/uploads\/2023\/03\/51200221_ForestJive_Baubauwall_Wallmural_preview.jpg\",\"contentUrl\":\"https:\/\/baubauwall.com\/wp-content\/uploads\/2023\/03\/51200221_ForestJive_Baubauwall_Wallmural_preview.jpg\",\"width\":1333,\"height\":800},{\"@type\":\"BreadcrumbList\",\"@id\":\"https:\/\/baubauwall.com\/et\/toode\/pilttapeet-pohjamaa-metsaelanikud\/#breadcrumb\",\"itemListElement\":[{\"@type\":\"ListItem\",\"position\":1,\"name\":\"Koju\",\"item\":\"https:\/\/baubauwall.com\/et\/\"},{\"@type\":\"ListItem\",\"position\":2,\"name\":\"Tapeedid\",\"item\":\"https:\/\/baubauwall.com\/et\/tapeedid\/\"},{\"@type\":\"ListItem\",\"position\":3,\"name\":\"P\u00f5hjamaa metsaelanikud\"}]},{\"@type\":\"WebSite\",\"@id\":\"https:\/\/baubauwall.com\/et\/#website\",\"url\":\"https:\/\/baubauwall.com\/et\/\",\"name\":\"BAUBAUWALL Wallpapers\",\"description\":\"Valmis paanides tapeet Eestist!\",\"publisher\":{\"@id\":\"https:\/\/baubauwall.com\/et\/#organization\"},\"potentialAction\":[{\"@type\":\"SearchAction\",\"target\":{\"@type\":\"EntryPoint\",\"urlTemplate\":\"https:\/\/baubauwall.com\/et\/?s={search_term_string}\"},\"query-input\":{\"@type\":\"PropertyValueSpecification\",\"valueRequired\":true,\"valueName\":\"search_term_string\"}}],\"inLanguage\":\"et\"},{\"@type\":\"Organization\",\"@id\":\"https:\/\/baubauwall.com\/et\/#organization\",\"name\":\"BAUBAUWALL Wallpapers\",\"url\":\"https:\/\/baubauwall.com\/et\/\",\"logo\":{\"@type\":\"ImageObject\",\"inLanguage\":\"et\",\"@id\":\"https:\/\/baubauwall.com\/et\/#\/schema\/logo\/image\/\",\"url\":\"https:\/\/baubauwall.com\/wp-content\/uploads\/2022\/03\/logo-horizontal.svg\",\"contentUrl\":\"https:\/\/baubauwall.com\/wp-content\/uploads\/2022\/03\/logo-horizontal.svg\",\"width\":\"1024\",\"height\":\"1024\",\"caption\":\"BAUBAUWALL Wallpapers\"},\"image\":{\"@id\":\"https:\/\/baubauwall.com\/et\/#\/schema\/logo\/image\/\"},\"sameAs\":[\"https:\/\/www.facebook.com\/Baubauwall\",\"https:\/\/www.instagram.com\/baubauwall\"]}]}<\/script>\n<!-- \/ Yoast SEO plugin. -->","yoast_head_json":{"title":"Pilttapeet lastetoa seinale P\u00f5hjamaa mets","description":"Lastetoa pilttapeet loomadega P\u00f5hjamaa rohelises metsas. M\u00e4nguline, skandi disain lastetoa seinale. Keskkonnas\u00f5bralik fliistapeet lastele","robots":{"index":"index","follow":"follow","max-snippet":"max-snippet:-1","max-image-preview":"max-image-preview:large","max-video-preview":"max-video-preview:-1"},"canonical":"https:\/\/baubauwall.com\/et\/toode\/pilttapeet-pohjamaa-metsaelanikud\/","og_locale":"et_EE","og_type":"article","og_title":"Pilttapeet lastetoa seinale P\u00f5hjamaa mets","og_description":"Lastetoa pilttapeet loomadega P\u00f5hjamaa rohelises metsas. M\u00e4nguline, skandi disain lastetoa seinale. Keskkonnas\u00f5bralik fliistapeet lastele","og_url":"https:\/\/baubauwall.com\/et\/toode\/pilttapeet-pohjamaa-metsaelanikud\/","og_site_name":"BAUBAUWALL TAPEEDID","article_publisher":"https:\/\/www.facebook.com\/Baubauwall","article_modified_time":"2025-08-01T13:09:05+00:00","og_image":[{"width":1333,"height":800,"url":"https:\/\/baubauwall.com\/wp-content\/uploads\/2023\/03\/51200221_ForestJive_Baubauwall_Wallmural_preview.jpg","type":"image\/jpeg"}],"twitter_card":"summary_large_image","twitter_misc":{"Est. reading time":"1 minut"},"schema":{"@context":"https:\/\/schema.org","@graph":[{"@type":"WebPage","@id":"https:\/\/baubauwall.com\/et\/toode\/pilttapeet-pohjamaa-metsaelanikud\/","url":"https:\/\/baubauwall.com\/et\/toode\/pilttapeet-pohjamaa-metsaelanikud\/","name":"Pilttapeet lastetoa seinale P\u00f5hjamaa mets","isPartOf":{"@id":"https:\/\/baubauwall.com\/et\/#website"},"primaryImageOfPage":{"@id":"https:\/\/baubauwall.com\/et\/toode\/pilttapeet-pohjamaa-metsaelanikud\/#primaryimage"},"image":{"@id":"https:\/\/baubauwall.com\/et\/toode\/pilttapeet-pohjamaa-metsaelanikud\/#primaryimage"},"thumbnailUrl":"https:\/\/baubauwall.com\/wp-content\/uploads\/2023\/03\/51200221_ForestJive_Baubauwall_Wallmural_preview.jpg","datePublished":"2023-03-04T09:29:03+00:00","dateModified":"2025-08-01T13:09:05+00:00","description":"Lastetoa pilttapeet loomadega P\u00f5hjamaa rohelises metsas. M\u00e4nguline, skandi disain lastetoa seinale. Keskkonnas\u00f5bralik fliistapeet lastele","breadcrumb":{"@id":"https:\/\/baubauwall.com\/et\/toode\/pilttapeet-pohjamaa-metsaelanikud\/#breadcrumb"},"inLanguage":"et","potentialAction":[{"@type":"ReadAction","target":["https:\/\/baubauwall.com\/et\/toode\/pilttapeet-pohjamaa-metsaelanikud\/"]}]},{"@type":"ImageObject","inLanguage":"et","@id":"https:\/\/baubauwall.com\/et\/toode\/pilttapeet-pohjamaa-metsaelanikud\/#primaryimage","url":"https:\/\/baubauwall.com\/wp-content\/uploads\/2023\/03\/51200221_ForestJive_Baubauwall_Wallmural_preview.jpg","contentUrl":"https:\/\/baubauwall.com\/wp-content\/uploads\/2023\/03\/51200221_ForestJive_Baubauwall_Wallmural_preview.jpg","width":1333,"height":800},{"@type":"BreadcrumbList","@id":"https:\/\/baubauwall.com\/et\/toode\/pilttapeet-pohjamaa-metsaelanikud\/#breadcrumb","itemListElement":[{"@type":"ListItem","position":1,"name":"Koju","item":"https:\/\/baubauwall.com\/et\/"},{"@type":"ListItem","position":2,"name":"Tapeedid","item":"https:\/\/baubauwall.com\/et\/tapeedid\/"},{"@type":"ListItem","position":3,"name":"P\u00f5hjamaa metsaelanikud"}]},{"@type":"WebSite","@id":"https:\/\/baubauwall.com\/et\/#website","url":"https:\/\/baubauwall.com\/et\/","name":"BAUBAUWALL Wallpapers","description":"Valmis paanides tapeet Eestist!","publisher":{"@id":"https:\/\/baubauwall.com\/et\/#organization"},"potentialAction":[{"@type":"SearchAction","target":{"@type":"EntryPoint","urlTemplate":"https:\/\/baubauwall.com\/et\/?s={search_term_string}"},"query-input":{"@type":"PropertyValueSpecification","valueRequired":true,"valueName":"search_term_string"}}],"inLanguage":"et"},{"@type":"Organization","@id":"https:\/\/baubauwall.com\/et\/#organization","name":"BAUBAUWALL Wallpapers","url":"https:\/\/baubauwall.com\/et\/","logo":{"@type":"ImageObject","inLanguage":"et","@id":"https:\/\/baubauwall.com\/et\/#\/schema\/logo\/image\/","url":"https:\/\/baubauwall.com\/wp-content\/uploads\/2022\/03\/logo-horizontal.svg","contentUrl":"https:\/\/baubauwall.com\/wp-content\/uploads\/2022\/03\/logo-horizontal.svg","width":"1024","height":"1024","caption":"BAUBAUWALL Wallpapers"},"image":{"@id":"https:\/\/baubauwall.com\/et\/#\/schema\/logo\/image\/"},"sameAs":["https:\/\/www.facebook.com\/Baubauwall","https:\/\/www.instagram.com\/baubauwall"]}]}},"jetpack_sharing_enabled":true,"_links":{"self":[{"href":"https:\/\/baubauwall.com\/et\/wp-json\/wp\/v2\/product\/25349","targetHints":{"allow":["GET"]}}],"collection":[{"href":"https:\/\/baubauwall.com\/et\/wp-json\/wp\/v2\/product"}],"about":[{"href":"https:\/\/baubauwall.com\/et\/wp-json\/wp\/v2\/types\/product"}],"replies":[{"embeddable":true,"href":"https:\/\/baubauwall.com\/et\/wp-json\/wp\/v2\/comments?post=25349"}],"wp:featuredmedia":[{"embeddable":true,"href":"https:\/\/baubauwall.com\/et\/wp-json\/wp\/v2\/media\/25375"}],"wp:attachment":[{"href":"https:\/\/baubauwall.com\/et\/wp-json\/wp\/v2\/media?parent=25349"}],"wp:term":[{"taxonomy":"product_brand","embeddable":true,"href":"https:\/\/baubauwall.com\/et\/wp-json\/wp\/v2\/product_brand?post=25349"},{"taxonomy":"product_cat","embeddable":true,"href":"https:\/\/baubauwall.com\/et\/wp-json\/wp\/v2\/product_cat?post=25349"},{"taxonomy":"product_tag","embeddable":true,"href":"https:\/\/baubauwall.com\/et\/wp-json\/wp\/v2\/product_tag?post=25349"}],"curies":[{"name":"wp","href":"https:\/\/api.w.org\/{rel}","templated":true}]}}