{"id":25379,"date":"2023-03-04T11:52:50","date_gmt":"2023-03-04T09:52:50","guid":{"rendered":"https:\/\/baubauwall.com\/?post_type=product&#038;p=25379"},"modified":"2025-08-01T15:11:37","modified_gmt":"2025-08-01T13:11:37","slug":"pilttapeet-metsavaade","status":"publish","type":"product","link":"https:\/\/baubauwall.com\/et\/toode\/pilttapeet-metsavaade\/","title":{"rendered":"Metsavaade"},"content":{"rendered":"<p>Tapeet v\u00f5luvasse lastetuppa. Muinasjutuline metsavaade &#8211; ilus pilttapeet, mis sobib h\u00e4sti aktsentseinale lastetoas. Lastetuba on ju unistamiseks, m\u00e4ngimiseks ja koht \u00f5ppimiseks. Valides tapeeti lastetuppa, pea meeles, et l\u00f5pptulemus v\u00f5iks laste kujutlusv\u00f5imet veelgi v\u00f5imendada. Hea lastetoa tapeet on ju \u00fctlemata inspireeriv, muinasjutuline ja otsatult armas! Samuti on oluline tapeedi materjal. Fliistapeeti loetakse parimaks v\u00f5imalikuks. See on hingav, vastupidiselt isekleepuvatele ja vin\u00fc\u00fcltapeetidele. Siin Baubauwallis kasutame tr\u00fckiks mittem\u00fcrgiseid v\u00e4rve ning fliistapeedi materjal on ilus matt, ei l\u00e4igi.<\/p>\n<p>Sellel k\u00e4sitsi maalitud, maitsekal P\u00f5hjamaisel loodustapeedil on k\u00f5ik see olemas. Lase lapse m\u00f5tetel r\u00e4nnata ja saada s\u00f5braks rebaste, kitsekeste, oravate ja j\u00e4nkudega.\u00a0 V\u00e4rvi muud seinad sama tapeedi detailide j\u00e4rgi \u2013 n\u00e4iteks \u00f5rnalt salvei rohelisega v\u00f5i kreemikas valgeks.<\/p>\n<p>Nagu k\u00f5ik meie kordusmustriga tapeedid ja pilttapeedid, on ka see disain tr\u00fckitud <a href=\"https:\/\/baubauwall.com\/et\/keskkonnasobralikud-tapeedid\/\" target=\"_blank\" rel=\"noopener\">keskkonnas\u00f5bralike v\u00e4rvidega<\/a>, hingavale fliistapeedi materjalile.<\/p>\n","protected":false},"excerpt":{"rendered":"<p>Tapeet v\u00f5luvasse lastetuppa. Muinasjutuline metsavaade &#8211; ilus pilttapeet, mis sobib h\u00e4sti aktsentseinale lastetoas. Lastetuba on ju unistamiseks, m\u00e4ngimiseks ja koht \u00f5ppimiseks. Valides tapeeti lastetuppa, pea meeles, et l\u00f5pptulemus v\u00f5iks laste kujutlusv\u00f5imet veelgi v\u00f5imendada. Hea lastetoa tapeet on ju \u00fctlemata inspireeriv, muinasjutuline ja otsatult armas! Samuti on oluline tapeedi materjal. Fliistapeeti loetakse parimaks v\u00f5imalikuks. See on [&hellip;]<\/p>\n","protected":false},"featured_media":30177,"comment_status":"open","ping_status":"closed","template":"","meta":{"_acf_changed":false,"inline_featured_image":false},"product_brand":[],"product_cat":[629,387,395,396,271,400,248,254,255],"product_tag":[631,345,308,724,324],"class_list":{"0":"post-25379","1":"product","2":"type-product","3":"status-publish","4":"has-post-thumbnail","6":"product_cat-kikki-belle-tapeedid","7":"product_cat-pilttapeedid","8":"product_cat-romantiline","9":"product_cat-skandinaavia","10":"product_cat-rohelised-tapeedid","11":"product_cat-lastetoa-tapeedid","12":"product_cat-mets","13":"product_cat-loodus","14":"product_cat-loomad","15":"product_tag-kikki-belle-et","16":"product_tag-pilttapeet","17":"product_tag-poiste-tuba","18":"product_tag-sooneutraalsed-varvid-et","19":"product_tag-tudruku-tuba","20":"pa_designedby-sir-edward","22":"first","23":"instock","24":"taxable","25":"shipping-taxable","26":"purchasable","27":"product-type-simple"},"acf":[],"yoast_head":"<!-- This site is optimized with the Yoast SEO plugin v25.9 - https:\/\/yoast.com\/wordpress\/plugins\/seo\/ -->\n<title>Elegantne pilttapeet lastetoa seinale. Vaade P\u00f5hjamaa metsa<\/title>\n<meta name=\"description\" content=\"Lastetoa tapeet loomadega. P\u00f5hjamaa metsavaade pilttapeet. M\u00e4nguline, p\u00f5hjamaine mets - fliistapeet just lastetoa seinale. Keskkonnas\u00f5bralik tapeet lastele\" \/>\n<meta name=\"robots\" content=\"index, follow, max-snippet:-1, max-image-preview:large, max-video-preview:-1\" \/>\n<link rel=\"canonical\" href=\"https:\/\/baubauwall.com\/et\/toode\/pilttapeet-metsavaade\/\" \/>\n<meta property=\"og:locale\" content=\"et_EE\" \/>\n<meta property=\"og:type\" content=\"article\" \/>\n<meta property=\"og:title\" content=\"Elegantne pilttapeet lastetoa seinale. Vaade P\u00f5hjamaa metsa\" \/>\n<meta property=\"og:description\" content=\"Lastetoa tapeet loomadega. P\u00f5hjamaa metsavaade pilttapeet. M\u00e4nguline, p\u00f5hjamaine mets - fliistapeet just lastetoa seinale. Keskkonnas\u00f5bralik tapeet lastele\" \/>\n<meta property=\"og:url\" content=\"https:\/\/baubauwall.com\/et\/toode\/pilttapeet-metsavaade\/\" \/>\n<meta property=\"og:site_name\" content=\"BAUBAUWALL TAPEEDID\" \/>\n<meta property=\"article:publisher\" content=\"https:\/\/www.facebook.com\/Baubauwall\" \/>\n<meta property=\"article:modified_time\" content=\"2025-08-01T13:11:37+00:00\" \/>\n<meta property=\"og:image\" content=\"https:\/\/baubauwall.com\/wp-content\/uploads\/2023\/03\/51200223_ForestVista_Baubauwall_Wallmural_room2-1.jpg\" \/>\n\t<meta property=\"og:image:width\" content=\"2400\" \/>\n\t<meta property=\"og:image:height\" content=\"1600\" \/>\n\t<meta property=\"og:image:type\" content=\"image\/jpeg\" \/>\n<meta name=\"twitter:card\" content=\"summary_large_image\" \/>\n<meta name=\"twitter:label1\" content=\"Est. reading time\" \/>\n\t<meta name=\"twitter:data1\" content=\"1 minut\" \/>\n<script type=\"application\/ld+json\" class=\"yoast-schema-graph\">{\"@context\":\"https:\/\/schema.org\",\"@graph\":[{\"@type\":\"WebPage\",\"@id\":\"https:\/\/baubauwall.com\/et\/toode\/pilttapeet-metsavaade\/\",\"url\":\"https:\/\/baubauwall.com\/et\/toode\/pilttapeet-metsavaade\/\",\"name\":\"Elegantne pilttapeet lastetoa seinale. Vaade P\u00f5hjamaa metsa\",\"isPartOf\":{\"@id\":\"https:\/\/baubauwall.com\/et\/#website\"},\"primaryImageOfPage\":{\"@id\":\"https:\/\/baubauwall.com\/et\/toode\/pilttapeet-metsavaade\/#primaryimage\"},\"image\":{\"@id\":\"https:\/\/baubauwall.com\/et\/toode\/pilttapeet-metsavaade\/#primaryimage\"},\"thumbnailUrl\":\"https:\/\/baubauwall.com\/wp-content\/uploads\/2023\/03\/51200223_ForestVista_Baubauwall_Wallmural_room2-1.jpg\",\"datePublished\":\"2023-03-04T09:52:50+00:00\",\"dateModified\":\"2025-08-01T13:11:37+00:00\",\"description\":\"Lastetoa tapeet loomadega. P\u00f5hjamaa metsavaade pilttapeet. M\u00e4nguline, p\u00f5hjamaine mets - fliistapeet just lastetoa seinale. Keskkonnas\u00f5bralik tapeet lastele\",\"breadcrumb\":{\"@id\":\"https:\/\/baubauwall.com\/et\/toode\/pilttapeet-metsavaade\/#breadcrumb\"},\"inLanguage\":\"et\",\"potentialAction\":[{\"@type\":\"ReadAction\",\"target\":[\"https:\/\/baubauwall.com\/et\/toode\/pilttapeet-metsavaade\/\"]}]},{\"@type\":\"ImageObject\",\"inLanguage\":\"et\",\"@id\":\"https:\/\/baubauwall.com\/et\/toode\/pilttapeet-metsavaade\/#primaryimage\",\"url\":\"https:\/\/baubauwall.com\/wp-content\/uploads\/2023\/03\/51200223_ForestVista_Baubauwall_Wallmural_room2-1.jpg\",\"contentUrl\":\"https:\/\/baubauwall.com\/wp-content\/uploads\/2023\/03\/51200223_ForestVista_Baubauwall_Wallmural_room2-1.jpg\",\"width\":2400,\"height\":1600},{\"@type\":\"BreadcrumbList\",\"@id\":\"https:\/\/baubauwall.com\/et\/toode\/pilttapeet-metsavaade\/#breadcrumb\",\"itemListElement\":[{\"@type\":\"ListItem\",\"position\":1,\"name\":\"Koju\",\"item\":\"https:\/\/baubauwall.com\/et\/\"},{\"@type\":\"ListItem\",\"position\":2,\"name\":\"Tapeedid\",\"item\":\"https:\/\/baubauwall.com\/et\/tapeedid\/\"},{\"@type\":\"ListItem\",\"position\":3,\"name\":\"Metsavaade\"}]},{\"@type\":\"WebSite\",\"@id\":\"https:\/\/baubauwall.com\/et\/#website\",\"url\":\"https:\/\/baubauwall.com\/et\/\",\"name\":\"BAUBAUWALL Wallpapers\",\"description\":\"Valmis paanides tapeet Eestist!\",\"publisher\":{\"@id\":\"https:\/\/baubauwall.com\/et\/#organization\"},\"potentialAction\":[{\"@type\":\"SearchAction\",\"target\":{\"@type\":\"EntryPoint\",\"urlTemplate\":\"https:\/\/baubauwall.com\/et\/?s={search_term_string}\"},\"query-input\":{\"@type\":\"PropertyValueSpecification\",\"valueRequired\":true,\"valueName\":\"search_term_string\"}}],\"inLanguage\":\"et\"},{\"@type\":\"Organization\",\"@id\":\"https:\/\/baubauwall.com\/et\/#organization\",\"name\":\"BAUBAUWALL Wallpapers\",\"url\":\"https:\/\/baubauwall.com\/et\/\",\"logo\":{\"@type\":\"ImageObject\",\"inLanguage\":\"et\",\"@id\":\"https:\/\/baubauwall.com\/et\/#\/schema\/logo\/image\/\",\"url\":\"https:\/\/baubauwall.com\/wp-content\/uploads\/2022\/03\/logo-horizontal.svg\",\"contentUrl\":\"https:\/\/baubauwall.com\/wp-content\/uploads\/2022\/03\/logo-horizontal.svg\",\"width\":\"1024\",\"height\":\"1024\",\"caption\":\"BAUBAUWALL Wallpapers\"},\"image\":{\"@id\":\"https:\/\/baubauwall.com\/et\/#\/schema\/logo\/image\/\"},\"sameAs\":[\"https:\/\/www.facebook.com\/Baubauwall\",\"https:\/\/www.instagram.com\/baubauwall\"]}]}<\/script>\n<!-- \/ Yoast SEO plugin. -->","yoast_head_json":{"title":"Elegantne pilttapeet lastetoa seinale. Vaade P\u00f5hjamaa metsa","description":"Lastetoa tapeet loomadega. P\u00f5hjamaa metsavaade pilttapeet. M\u00e4nguline, p\u00f5hjamaine mets - fliistapeet just lastetoa seinale. Keskkonnas\u00f5bralik tapeet lastele","robots":{"index":"index","follow":"follow","max-snippet":"max-snippet:-1","max-image-preview":"max-image-preview:large","max-video-preview":"max-video-preview:-1"},"canonical":"https:\/\/baubauwall.com\/et\/toode\/pilttapeet-metsavaade\/","og_locale":"et_EE","og_type":"article","og_title":"Elegantne pilttapeet lastetoa seinale. Vaade P\u00f5hjamaa metsa","og_description":"Lastetoa tapeet loomadega. P\u00f5hjamaa metsavaade pilttapeet. M\u00e4nguline, p\u00f5hjamaine mets - fliistapeet just lastetoa seinale. Keskkonnas\u00f5bralik tapeet lastele","og_url":"https:\/\/baubauwall.com\/et\/toode\/pilttapeet-metsavaade\/","og_site_name":"BAUBAUWALL TAPEEDID","article_publisher":"https:\/\/www.facebook.com\/Baubauwall","article_modified_time":"2025-08-01T13:11:37+00:00","og_image":[{"width":2400,"height":1600,"url":"https:\/\/baubauwall.com\/wp-content\/uploads\/2023\/03\/51200223_ForestVista_Baubauwall_Wallmural_room2-1.jpg","type":"image\/jpeg"}],"twitter_card":"summary_large_image","twitter_misc":{"Est. reading time":"1 minut"},"schema":{"@context":"https:\/\/schema.org","@graph":[{"@type":"WebPage","@id":"https:\/\/baubauwall.com\/et\/toode\/pilttapeet-metsavaade\/","url":"https:\/\/baubauwall.com\/et\/toode\/pilttapeet-metsavaade\/","name":"Elegantne pilttapeet lastetoa seinale. Vaade P\u00f5hjamaa metsa","isPartOf":{"@id":"https:\/\/baubauwall.com\/et\/#website"},"primaryImageOfPage":{"@id":"https:\/\/baubauwall.com\/et\/toode\/pilttapeet-metsavaade\/#primaryimage"},"image":{"@id":"https:\/\/baubauwall.com\/et\/toode\/pilttapeet-metsavaade\/#primaryimage"},"thumbnailUrl":"https:\/\/baubauwall.com\/wp-content\/uploads\/2023\/03\/51200223_ForestVista_Baubauwall_Wallmural_room2-1.jpg","datePublished":"2023-03-04T09:52:50+00:00","dateModified":"2025-08-01T13:11:37+00:00","description":"Lastetoa tapeet loomadega. P\u00f5hjamaa metsavaade pilttapeet. M\u00e4nguline, p\u00f5hjamaine mets - fliistapeet just lastetoa seinale. Keskkonnas\u00f5bralik tapeet lastele","breadcrumb":{"@id":"https:\/\/baubauwall.com\/et\/toode\/pilttapeet-metsavaade\/#breadcrumb"},"inLanguage":"et","potentialAction":[{"@type":"ReadAction","target":["https:\/\/baubauwall.com\/et\/toode\/pilttapeet-metsavaade\/"]}]},{"@type":"ImageObject","inLanguage":"et","@id":"https:\/\/baubauwall.com\/et\/toode\/pilttapeet-metsavaade\/#primaryimage","url":"https:\/\/baubauwall.com\/wp-content\/uploads\/2023\/03\/51200223_ForestVista_Baubauwall_Wallmural_room2-1.jpg","contentUrl":"https:\/\/baubauwall.com\/wp-content\/uploads\/2023\/03\/51200223_ForestVista_Baubauwall_Wallmural_room2-1.jpg","width":2400,"height":1600},{"@type":"BreadcrumbList","@id":"https:\/\/baubauwall.com\/et\/toode\/pilttapeet-metsavaade\/#breadcrumb","itemListElement":[{"@type":"ListItem","position":1,"name":"Koju","item":"https:\/\/baubauwall.com\/et\/"},{"@type":"ListItem","position":2,"name":"Tapeedid","item":"https:\/\/baubauwall.com\/et\/tapeedid\/"},{"@type":"ListItem","position":3,"name":"Metsavaade"}]},{"@type":"WebSite","@id":"https:\/\/baubauwall.com\/et\/#website","url":"https:\/\/baubauwall.com\/et\/","name":"BAUBAUWALL Wallpapers","description":"Valmis paanides tapeet Eestist!","publisher":{"@id":"https:\/\/baubauwall.com\/et\/#organization"},"potentialAction":[{"@type":"SearchAction","target":{"@type":"EntryPoint","urlTemplate":"https:\/\/baubauwall.com\/et\/?s={search_term_string}"},"query-input":{"@type":"PropertyValueSpecification","valueRequired":true,"valueName":"search_term_string"}}],"inLanguage":"et"},{"@type":"Organization","@id":"https:\/\/baubauwall.com\/et\/#organization","name":"BAUBAUWALL Wallpapers","url":"https:\/\/baubauwall.com\/et\/","logo":{"@type":"ImageObject","inLanguage":"et","@id":"https:\/\/baubauwall.com\/et\/#\/schema\/logo\/image\/","url":"https:\/\/baubauwall.com\/wp-content\/uploads\/2022\/03\/logo-horizontal.svg","contentUrl":"https:\/\/baubauwall.com\/wp-content\/uploads\/2022\/03\/logo-horizontal.svg","width":"1024","height":"1024","caption":"BAUBAUWALL Wallpapers"},"image":{"@id":"https:\/\/baubauwall.com\/et\/#\/schema\/logo\/image\/"},"sameAs":["https:\/\/www.facebook.com\/Baubauwall","https:\/\/www.instagram.com\/baubauwall"]}]}},"jetpack_sharing_enabled":true,"_links":{"self":[{"href":"https:\/\/baubauwall.com\/et\/wp-json\/wp\/v2\/product\/25379","targetHints":{"allow":["GET"]}}],"collection":[{"href":"https:\/\/baubauwall.com\/et\/wp-json\/wp\/v2\/product"}],"about":[{"href":"https:\/\/baubauwall.com\/et\/wp-json\/wp\/v2\/types\/product"}],"replies":[{"embeddable":true,"href":"https:\/\/baubauwall.com\/et\/wp-json\/wp\/v2\/comments?post=25379"}],"wp:featuredmedia":[{"embeddable":true,"href":"https:\/\/baubauwall.com\/et\/wp-json\/wp\/v2\/media\/30177"}],"wp:attachment":[{"href":"https:\/\/baubauwall.com\/et\/wp-json\/wp\/v2\/media?parent=25379"}],"wp:term":[{"taxonomy":"product_brand","embeddable":true,"href":"https:\/\/baubauwall.com\/et\/wp-json\/wp\/v2\/product_brand?post=25379"},{"taxonomy":"product_cat","embeddable":true,"href":"https:\/\/baubauwall.com\/et\/wp-json\/wp\/v2\/product_cat?post=25379"},{"taxonomy":"product_tag","embeddable":true,"href":"https:\/\/baubauwall.com\/et\/wp-json\/wp\/v2\/product_tag?post=25379"}],"curies":[{"name":"wp","href":"https:\/\/api.w.org\/{rel}","templated":true}]}}