{"id":25474,"date":"2023-03-03T17:00:17","date_gmt":"2023-03-03T15:00:17","guid":{"rendered":"https:\/\/baubauwall.com\/product\/wall-mural-thrilling-tropics\/"},"modified":"2024-08-06T12:36:04","modified_gmt":"2024-08-06T10:36:04","slug":"pilttapeet-dzunglimaastik","status":"publish","type":"product","link":"https:\/\/baubauwall.com\/et\/toode\/pilttapeet-dzunglimaastik\/","title":{"rendered":"D\u017eunglimaastik"},"content":{"rendered":"<p>Elegantne d\u017eungliteemaline pilttapeet, mis lisab interj\u00f6\u00f6rile pisut troopilist dramaatilisust! Veeda aega metsiku looduse imede keskel oma kodust lahkumata. Illustratsioonidel on p\u00f6\u00f6ratud suurt t\u00e4helepanu detailidele, samas hele taust tasakaalustab rohelist, justkui maalitud troopilist v\u00e4rvipaletti. Vau-efekti loov sein, millel pilk j\u00e4\u00e4b puhkama \u2013 olgu see siis lastetoas, esikus, s\u00f6\u00f6gitoas v\u00f5i hubases magamistoas.<\/p>\n<p>Nagu k\u00f5ik meie kordusmustriga tapeedid ja pilttapeedid, on ka see disain tr\u00fckitud\u00a0<a href=\"https:\/\/baubauwall.com\/et\/keskkonnasobralikud-tapeedid\/\" target=\"_blank\" rel=\"noopener\">keskkonnas\u00f5bralike v\u00e4rvidega<\/a>, hingavale fliistapeedi materjalile.<\/p>\n","protected":false},"excerpt":{"rendered":"<p>Elegantne d\u017eungliteemaline pilttapeet, mis lisab interj\u00f6\u00f6rile pisut troopilist dramaatilisust! Veeda aega metsiku looduse imede keskel oma kodust lahkumata. Illustratsioonidel on p\u00f6\u00f6ratud suurt t\u00e4helepanu detailidele, samas hele taust tasakaalustab rohelist, justkui maalitud troopilist v\u00e4rvipaletti. Vau-efekti loov sein, millel pilk j\u00e4\u00e4b puhkama \u2013 olgu see siis lastetoas, esikus, s\u00f6\u00f6gitoas v\u00f5i hubases magamistoas. Nagu k\u00f5ik meie kordusmustriga tapeedid [&hellip;]<\/p>\n","protected":false},"featured_media":26426,"comment_status":"open","ping_status":"closed","template":"","meta":{"_acf_changed":false,"inline_featured_image":false},"product_brand":[],"product_cat":[629,387,447,394,268,271,413,400,414,402,250,254,255,561],"product_tag":[631],"class_list":{"0":"post-25474","1":"product","2":"type-product","3":"status-publish","4":"has-post-thumbnail","6":"product_cat-kikki-belle-tapeedid","7":"product_cat-pilttapeedid","8":"product_cat-maksimalistlik-et","9":"product_cat-rikkalik","10":"product_cat-kirkad-tapeedid","11":"product_cat-rohelised-tapeedid","12":"product_cat-magamistoa-tapeedid","13":"product_cat-lastetoa-tapeedid","14":"product_cat-soogitoa-tapeedid","15":"product_cat-elutoa-tapeedid","16":"product_cat-dzungel-troopika","17":"product_cat-loodus","18":"product_cat-loomad","19":"product_cat-suvised-tapeedid","20":"product_tag-kikki-belle-et","21":"pa_designedby-sir-edward","23":"first","24":"instock","25":"taxable","26":"shipping-taxable","27":"purchasable","28":"product-type-simple"},"acf":[],"yoast_head":"<!-- This site is optimized with the Yoast SEO plugin v25.9 - https:\/\/yoast.com\/wordpress\/plugins\/seo\/ -->\n<title>Trooopiline tapeet d\u017eungli ja loomadega. Pilttapeet aktsentseinale<\/title>\n<meta name=\"description\" content=\"Troopiline d\u017eungli pilttapeet palmide ja leopardidega. Tapeedidisain eksootilises d\u017eunglis. Maksimalistlik disain. Keskkonnas\u00f5bralik tapeedivalik\" \/>\n<meta name=\"robots\" content=\"index, follow, max-snippet:-1, max-image-preview:large, max-video-preview:-1\" \/>\n<link rel=\"canonical\" href=\"https:\/\/baubauwall.com\/et\/toode\/pilttapeet-dzunglimaastik\/\" \/>\n<meta property=\"og:locale\" content=\"et_EE\" \/>\n<meta property=\"og:type\" content=\"article\" \/>\n<meta property=\"og:title\" content=\"Trooopiline tapeet d\u017eungli ja loomadega. Pilttapeet aktsentseinale\" \/>\n<meta property=\"og:description\" content=\"Troopiline d\u017eungli pilttapeet palmide ja leopardidega. Tapeedidisain eksootilises d\u017eunglis. Maksimalistlik disain. Keskkonnas\u00f5bralik tapeedivalik\" \/>\n<meta property=\"og:url\" content=\"https:\/\/baubauwall.com\/et\/toode\/pilttapeet-dzunglimaastik\/\" \/>\n<meta property=\"og:site_name\" content=\"BAUBAUWALL TAPEEDID\" \/>\n<meta property=\"article:publisher\" content=\"https:\/\/www.facebook.com\/Baubauwall\" \/>\n<meta property=\"article:modified_time\" content=\"2024-08-06T10:36:04+00:00\" \/>\n<meta property=\"og:image\" content=\"https:\/\/i0.wp.com\/baubauwall.com\/wp-content\/uploads\/2023\/03\/51200243_ThrillingTropics_Baubauwall_Wallmural_room6.jpg?fit=2134%2C1600&ssl=1\" \/>\n\t<meta property=\"og:image:width\" content=\"2134\" \/>\n\t<meta property=\"og:image:height\" content=\"1600\" \/>\n\t<meta property=\"og:image:type\" content=\"image\/jpeg\" \/>\n<meta name=\"twitter:card\" content=\"summary_large_image\" \/>\n<meta name=\"twitter:label1\" content=\"Est. reading time\" \/>\n\t<meta name=\"twitter:data1\" content=\"1 minut\" \/>\n<script type=\"application\/ld+json\" class=\"yoast-schema-graph\">{\"@context\":\"https:\/\/schema.org\",\"@graph\":[{\"@type\":\"WebPage\",\"@id\":\"https:\/\/baubauwall.com\/et\/toode\/pilttapeet-dzunglimaastik\/\",\"url\":\"https:\/\/baubauwall.com\/et\/toode\/pilttapeet-dzunglimaastik\/\",\"name\":\"Trooopiline tapeet d\u017eungli ja loomadega. Pilttapeet aktsentseinale\",\"isPartOf\":{\"@id\":\"https:\/\/baubauwall.com\/et\/#website\"},\"primaryImageOfPage\":{\"@id\":\"https:\/\/baubauwall.com\/et\/toode\/pilttapeet-dzunglimaastik\/#primaryimage\"},\"image\":{\"@id\":\"https:\/\/baubauwall.com\/et\/toode\/pilttapeet-dzunglimaastik\/#primaryimage\"},\"thumbnailUrl\":\"https:\/\/baubauwall.com\/wp-content\/uploads\/2023\/03\/51200243_ThrillingTropics_Baubauwall_Wallmural_room6.jpg\",\"datePublished\":\"2023-03-03T15:00:17+00:00\",\"dateModified\":\"2024-08-06T10:36:04+00:00\",\"description\":\"Troopiline d\u017eungli pilttapeet palmide ja leopardidega. Tapeedidisain eksootilises d\u017eunglis. Maksimalistlik disain. Keskkonnas\u00f5bralik tapeedivalik\",\"breadcrumb\":{\"@id\":\"https:\/\/baubauwall.com\/et\/toode\/pilttapeet-dzunglimaastik\/#breadcrumb\"},\"inLanguage\":\"et\",\"potentialAction\":[{\"@type\":\"ReadAction\",\"target\":[\"https:\/\/baubauwall.com\/et\/toode\/pilttapeet-dzunglimaastik\/\"]}]},{\"@type\":\"ImageObject\",\"inLanguage\":\"et\",\"@id\":\"https:\/\/baubauwall.com\/et\/toode\/pilttapeet-dzunglimaastik\/#primaryimage\",\"url\":\"https:\/\/baubauwall.com\/wp-content\/uploads\/2023\/03\/51200243_ThrillingTropics_Baubauwall_Wallmural_room6.jpg\",\"contentUrl\":\"https:\/\/baubauwall.com\/wp-content\/uploads\/2023\/03\/51200243_ThrillingTropics_Baubauwall_Wallmural_room6.jpg\",\"width\":2134,\"height\":1600},{\"@type\":\"BreadcrumbList\",\"@id\":\"https:\/\/baubauwall.com\/et\/toode\/pilttapeet-dzunglimaastik\/#breadcrumb\",\"itemListElement\":[{\"@type\":\"ListItem\",\"position\":1,\"name\":\"Koju\",\"item\":\"https:\/\/baubauwall.com\/et\/\"},{\"@type\":\"ListItem\",\"position\":2,\"name\":\"Tapeedid\",\"item\":\"https:\/\/baubauwall.com\/et\/tapeedid\/\"},{\"@type\":\"ListItem\",\"position\":3,\"name\":\"D\u017eunglimaastik\"}]},{\"@type\":\"WebSite\",\"@id\":\"https:\/\/baubauwall.com\/et\/#website\",\"url\":\"https:\/\/baubauwall.com\/et\/\",\"name\":\"BAUBAUWALL Wallpapers\",\"description\":\"Valmis paanides tapeet Eestist!\",\"publisher\":{\"@id\":\"https:\/\/baubauwall.com\/et\/#organization\"},\"potentialAction\":[{\"@type\":\"SearchAction\",\"target\":{\"@type\":\"EntryPoint\",\"urlTemplate\":\"https:\/\/baubauwall.com\/et\/?s={search_term_string}\"},\"query-input\":{\"@type\":\"PropertyValueSpecification\",\"valueRequired\":true,\"valueName\":\"search_term_string\"}}],\"inLanguage\":\"et\"},{\"@type\":\"Organization\",\"@id\":\"https:\/\/baubauwall.com\/et\/#organization\",\"name\":\"BAUBAUWALL Wallpapers\",\"url\":\"https:\/\/baubauwall.com\/et\/\",\"logo\":{\"@type\":\"ImageObject\",\"inLanguage\":\"et\",\"@id\":\"https:\/\/baubauwall.com\/et\/#\/schema\/logo\/image\/\",\"url\":\"https:\/\/baubauwall.com\/wp-content\/uploads\/2022\/03\/logo-horizontal.svg\",\"contentUrl\":\"https:\/\/baubauwall.com\/wp-content\/uploads\/2022\/03\/logo-horizontal.svg\",\"width\":\"1024\",\"height\":\"1024\",\"caption\":\"BAUBAUWALL Wallpapers\"},\"image\":{\"@id\":\"https:\/\/baubauwall.com\/et\/#\/schema\/logo\/image\/\"},\"sameAs\":[\"https:\/\/www.facebook.com\/Baubauwall\",\"https:\/\/www.instagram.com\/baubauwall\"]}]}<\/script>\n<!-- \/ Yoast SEO plugin. -->","yoast_head_json":{"title":"Trooopiline tapeet d\u017eungli ja loomadega. Pilttapeet aktsentseinale","description":"Troopiline d\u017eungli pilttapeet palmide ja leopardidega. Tapeedidisain eksootilises d\u017eunglis. Maksimalistlik disain. Keskkonnas\u00f5bralik tapeedivalik","robots":{"index":"index","follow":"follow","max-snippet":"max-snippet:-1","max-image-preview":"max-image-preview:large","max-video-preview":"max-video-preview:-1"},"canonical":"https:\/\/baubauwall.com\/et\/toode\/pilttapeet-dzunglimaastik\/","og_locale":"et_EE","og_type":"article","og_title":"Trooopiline tapeet d\u017eungli ja loomadega. Pilttapeet aktsentseinale","og_description":"Troopiline d\u017eungli pilttapeet palmide ja leopardidega. Tapeedidisain eksootilises d\u017eunglis. Maksimalistlik disain. Keskkonnas\u00f5bralik tapeedivalik","og_url":"https:\/\/baubauwall.com\/et\/toode\/pilttapeet-dzunglimaastik\/","og_site_name":"BAUBAUWALL TAPEEDID","article_publisher":"https:\/\/www.facebook.com\/Baubauwall","article_modified_time":"2024-08-06T10:36:04+00:00","og_image":[{"width":2134,"height":1600,"url":"https:\/\/i0.wp.com\/baubauwall.com\/wp-content\/uploads\/2023\/03\/51200243_ThrillingTropics_Baubauwall_Wallmural_room6.jpg?fit=2134%2C1600&ssl=1","type":"image\/jpeg"}],"twitter_card":"summary_large_image","twitter_misc":{"Est. reading time":"1 minut"},"schema":{"@context":"https:\/\/schema.org","@graph":[{"@type":"WebPage","@id":"https:\/\/baubauwall.com\/et\/toode\/pilttapeet-dzunglimaastik\/","url":"https:\/\/baubauwall.com\/et\/toode\/pilttapeet-dzunglimaastik\/","name":"Trooopiline tapeet d\u017eungli ja loomadega. Pilttapeet aktsentseinale","isPartOf":{"@id":"https:\/\/baubauwall.com\/et\/#website"},"primaryImageOfPage":{"@id":"https:\/\/baubauwall.com\/et\/toode\/pilttapeet-dzunglimaastik\/#primaryimage"},"image":{"@id":"https:\/\/baubauwall.com\/et\/toode\/pilttapeet-dzunglimaastik\/#primaryimage"},"thumbnailUrl":"https:\/\/baubauwall.com\/wp-content\/uploads\/2023\/03\/51200243_ThrillingTropics_Baubauwall_Wallmural_room6.jpg","datePublished":"2023-03-03T15:00:17+00:00","dateModified":"2024-08-06T10:36:04+00:00","description":"Troopiline d\u017eungli pilttapeet palmide ja leopardidega. Tapeedidisain eksootilises d\u017eunglis. Maksimalistlik disain. Keskkonnas\u00f5bralik tapeedivalik","breadcrumb":{"@id":"https:\/\/baubauwall.com\/et\/toode\/pilttapeet-dzunglimaastik\/#breadcrumb"},"inLanguage":"et","potentialAction":[{"@type":"ReadAction","target":["https:\/\/baubauwall.com\/et\/toode\/pilttapeet-dzunglimaastik\/"]}]},{"@type":"ImageObject","inLanguage":"et","@id":"https:\/\/baubauwall.com\/et\/toode\/pilttapeet-dzunglimaastik\/#primaryimage","url":"https:\/\/baubauwall.com\/wp-content\/uploads\/2023\/03\/51200243_ThrillingTropics_Baubauwall_Wallmural_room6.jpg","contentUrl":"https:\/\/baubauwall.com\/wp-content\/uploads\/2023\/03\/51200243_ThrillingTropics_Baubauwall_Wallmural_room6.jpg","width":2134,"height":1600},{"@type":"BreadcrumbList","@id":"https:\/\/baubauwall.com\/et\/toode\/pilttapeet-dzunglimaastik\/#breadcrumb","itemListElement":[{"@type":"ListItem","position":1,"name":"Koju","item":"https:\/\/baubauwall.com\/et\/"},{"@type":"ListItem","position":2,"name":"Tapeedid","item":"https:\/\/baubauwall.com\/et\/tapeedid\/"},{"@type":"ListItem","position":3,"name":"D\u017eunglimaastik"}]},{"@type":"WebSite","@id":"https:\/\/baubauwall.com\/et\/#website","url":"https:\/\/baubauwall.com\/et\/","name":"BAUBAUWALL Wallpapers","description":"Valmis paanides tapeet Eestist!","publisher":{"@id":"https:\/\/baubauwall.com\/et\/#organization"},"potentialAction":[{"@type":"SearchAction","target":{"@type":"EntryPoint","urlTemplate":"https:\/\/baubauwall.com\/et\/?s={search_term_string}"},"query-input":{"@type":"PropertyValueSpecification","valueRequired":true,"valueName":"search_term_string"}}],"inLanguage":"et"},{"@type":"Organization","@id":"https:\/\/baubauwall.com\/et\/#organization","name":"BAUBAUWALL Wallpapers","url":"https:\/\/baubauwall.com\/et\/","logo":{"@type":"ImageObject","inLanguage":"et","@id":"https:\/\/baubauwall.com\/et\/#\/schema\/logo\/image\/","url":"https:\/\/baubauwall.com\/wp-content\/uploads\/2022\/03\/logo-horizontal.svg","contentUrl":"https:\/\/baubauwall.com\/wp-content\/uploads\/2022\/03\/logo-horizontal.svg","width":"1024","height":"1024","caption":"BAUBAUWALL Wallpapers"},"image":{"@id":"https:\/\/baubauwall.com\/et\/#\/schema\/logo\/image\/"},"sameAs":["https:\/\/www.facebook.com\/Baubauwall","https:\/\/www.instagram.com\/baubauwall"]}]}},"jetpack_sharing_enabled":true,"_links":{"self":[{"href":"https:\/\/baubauwall.com\/et\/wp-json\/wp\/v2\/product\/25474","targetHints":{"allow":["GET"]}}],"collection":[{"href":"https:\/\/baubauwall.com\/et\/wp-json\/wp\/v2\/product"}],"about":[{"href":"https:\/\/baubauwall.com\/et\/wp-json\/wp\/v2\/types\/product"}],"replies":[{"embeddable":true,"href":"https:\/\/baubauwall.com\/et\/wp-json\/wp\/v2\/comments?post=25474"}],"wp:featuredmedia":[{"embeddable":true,"href":"https:\/\/baubauwall.com\/et\/wp-json\/wp\/v2\/media\/26426"}],"wp:attachment":[{"href":"https:\/\/baubauwall.com\/et\/wp-json\/wp\/v2\/media?parent=25474"}],"wp:term":[{"taxonomy":"product_brand","embeddable":true,"href":"https:\/\/baubauwall.com\/et\/wp-json\/wp\/v2\/product_brand?post=25474"},{"taxonomy":"product_cat","embeddable":true,"href":"https:\/\/baubauwall.com\/et\/wp-json\/wp\/v2\/product_cat?post=25474"},{"taxonomy":"product_tag","embeddable":true,"href":"https:\/\/baubauwall.com\/et\/wp-json\/wp\/v2\/product_tag?post=25474"}],"curies":[{"name":"wp","href":"https:\/\/api.w.org\/{rel}","templated":true}]}}