{"id":25505,"date":"2023-03-01T17:00:17","date_gmt":"2023-03-01T15:00:17","guid":{"rendered":"https:\/\/baubauwall.com\/product\/wall-mural-ocean-lookbook\/"},"modified":"2023-08-02T17:10:03","modified_gmt":"2023-08-02T15:10:03","slug":"pilttapeet-ookenimaailm","status":"publish","type":"product","link":"https:\/\/baubauwall.com\/et\/toode\/pilttapeet-ookenimaailm\/","title":{"rendered":"Ookenimaailm"},"content":{"rendered":"<p>Sukeldu ookeanis\u00fcgavustesse &#8211; kodust lahkumata! Puhas, helge, p\u00f5hjamaine ja efektne tapeedidisain, mida sobitada lastetuppa v\u00f5i aktsentseina vasts\u00fcndinu toas. Saladuslik ookean pilttapeet on sobilik lastele erinevas vanuses ja tegu sellise disainiga, mis ei v\u00e4sita. Vastupidi, tapeet, mis pakub kogu aeg avastamisr\u00f5\u00f5mu! Helesinine tonaalsus teeb sellest mereelu tapeedist eriliselt hea valiku poiste tuppa.\u00a0\u00a0See helesinine, lastetoa tapeet on osa Oliver Robbins beebitubade\u00a0kollektsioonist, millest leiad armsaid ideid pere k\u00f5ige pisemate interj\u00f6\u00f6ri.<\/p>\n<p>Nagu k\u00f5ik meie tapeedid on ka see tapeet tr\u00fckitud keskkonnas\u00f5bralike v\u00e4rvidega hingavale, fliistapeedi materjalile. Sinu uus tapeet on l\u00f5igatud nummerdatud paanideks \u2013 t\u00e4pselt nii pikad, kui Sinu sein. Kuidas see t\u00f6\u00f6tab \u2013 loe l\u00e4hemalt\u00a0<a href=\"https:\/\/baubauwall.com\/et\/kuidas-see-tootab\/\" target=\"_blank\" rel=\"noopener\">siit.<\/a><\/p>\n","protected":false},"excerpt":{"rendered":"<p>Sukeldu ookeanis\u00fcgavustesse &#8211; kodust lahkumata! Puhas, helge, p\u00f5hjamaine ja efektne tapeedidisain, mida sobitada lastetuppa v\u00f5i aktsentseina vasts\u00fcndinu toas. Saladuslik ookean pilttapeet on sobilik lastele erinevas vanuses ja tegu sellise disainiga, mis ei v\u00e4sita. Vastupidi, tapeet, mis pakub kogu aeg avastamisr\u00f5\u00f5mu! Helesinine tonaalsus teeb sellest mereelu tapeedist eriliselt hea valiku poiste tuppa.\u00a0\u00a0See helesinine, lastetoa tapeet on [&hellip;]<\/p>\n","protected":false},"featured_media":25503,"comment_status":"open","ping_status":"closed","template":"","meta":{"_acf_changed":false,"inline_featured_image":false},"product_brand":[],"product_cat":[629,387,447,267,268,400,252,259],"product_tag":[631,345,308],"class_list":{"0":"post-25505","1":"product","2":"type-product","3":"status-publish","4":"has-post-thumbnail","6":"product_cat-kikki-belle-tapeedid","7":"product_cat-pilttapeedid","8":"product_cat-maksimalistlik-et","9":"product_cat-sinised-tapeedid","10":"product_cat-kirkad-tapeedid","11":"product_cat-lastetoa-tapeedid","12":"product_cat-ookean-meri","13":"product_cat-kalad-veealune-maailm","14":"product_tag-kikki-belle-et","15":"product_tag-pilttapeet","16":"product_tag-poiste-tuba","17":"pa_designedby-sir-edward","19":"first","20":"instock","21":"taxable","22":"shipping-taxable","23":"purchasable","24":"product-type-simple"},"acf":[],"yoast_head":"<!-- This site is optimized with the Yoast SEO plugin v25.9 - https:\/\/yoast.com\/wordpress\/plugins\/seo\/ -->\n<title>Fantaasiarikas tapeet lastetoa seinale. Ookeanimaailm pilttapeet<\/title>\n<meta name=\"description\" content=\"Helesinine ookean &amp; selle elanikud pilttapeet. Efektne tapeet lastetoa seinale. Tapeedid nutikalt - telli e-poest. Fliistapeedid, m\u00fcrgivabade v\u00e4rvidega.\" \/>\n<meta name=\"robots\" content=\"index, follow, max-snippet:-1, max-image-preview:large, max-video-preview:-1\" \/>\n<link rel=\"canonical\" href=\"https:\/\/baubauwall.com\/et\/toode\/pilttapeet-ookenimaailm\/\" \/>\n<meta property=\"og:locale\" content=\"et_EE\" \/>\n<meta property=\"og:type\" content=\"article\" \/>\n<meta property=\"og:title\" content=\"Fantaasiarikas tapeet lastetoa seinale. Ookeanimaailm pilttapeet\" \/>\n<meta property=\"og:description\" content=\"Helesinine ookean &amp; selle elanikud pilttapeet. Efektne tapeet lastetoa seinale. Tapeedid nutikalt - telli e-poest. Fliistapeedid, m\u00fcrgivabade v\u00e4rvidega.\" \/>\n<meta property=\"og:url\" content=\"https:\/\/baubauwall.com\/et\/toode\/pilttapeet-ookenimaailm\/\" \/>\n<meta property=\"og:site_name\" content=\"BAUBAUWALL Wallpapers\" \/>\n<meta property=\"article:publisher\" content=\"https:\/\/www.facebook.com\/Baubauwall\" \/>\n<meta property=\"article:modified_time\" content=\"2023-08-02T15:10:03+00:00\" \/>\n<meta property=\"og:image\" content=\"https:\/\/i0.wp.com\/baubauwall.com\/wp-content\/uploads\/2022\/11\/51200232_OceanLookbook_Baubauwall_Wallmural_room5-scaled.jpg?fit=2560%2C1440&ssl=1\" \/>\n\t<meta property=\"og:image:width\" content=\"2560\" \/>\n\t<meta property=\"og:image:height\" content=\"1440\" \/>\n\t<meta property=\"og:image:type\" content=\"image\/jpeg\" \/>\n<meta name=\"twitter:card\" content=\"summary_large_image\" \/>\n<meta name=\"twitter:label1\" content=\"Est. reading time\" \/>\n\t<meta name=\"twitter:data1\" content=\"1 minut\" \/>\n<script type=\"application\/ld+json\" class=\"yoast-schema-graph\">{\"@context\":\"https:\/\/schema.org\",\"@graph\":[{\"@type\":\"WebPage\",\"@id\":\"https:\/\/baubauwall.com\/et\/toode\/pilttapeet-ookenimaailm\/\",\"url\":\"https:\/\/baubauwall.com\/et\/toode\/pilttapeet-ookenimaailm\/\",\"name\":\"Fantaasiarikas tapeet lastetoa seinale. Ookeanimaailm pilttapeet\",\"isPartOf\":{\"@id\":\"https:\/\/baubauwall.com\/et\/#website\"},\"primaryImageOfPage\":{\"@id\":\"https:\/\/baubauwall.com\/et\/toode\/pilttapeet-ookenimaailm\/#primaryimage\"},\"image\":{\"@id\":\"https:\/\/baubauwall.com\/et\/toode\/pilttapeet-ookenimaailm\/#primaryimage\"},\"thumbnailUrl\":\"https:\/\/baubauwall.com\/wp-content\/uploads\/2022\/11\/51200232_OceanLookbook_Baubauwall_Wallmural_room5-scaled.jpg\",\"datePublished\":\"2023-03-01T15:00:17+00:00\",\"dateModified\":\"2023-08-02T15:10:03+00:00\",\"description\":\"Helesinine ookean & selle elanikud pilttapeet. Efektne tapeet lastetoa seinale. Tapeedid nutikalt - telli e-poest. Fliistapeedid, m\u00fcrgivabade v\u00e4rvidega.\",\"breadcrumb\":{\"@id\":\"https:\/\/baubauwall.com\/et\/toode\/pilttapeet-ookenimaailm\/#breadcrumb\"},\"inLanguage\":\"et\",\"potentialAction\":[{\"@type\":\"ReadAction\",\"target\":[\"https:\/\/baubauwall.com\/et\/toode\/pilttapeet-ookenimaailm\/\"]}]},{\"@type\":\"ImageObject\",\"inLanguage\":\"et\",\"@id\":\"https:\/\/baubauwall.com\/et\/toode\/pilttapeet-ookenimaailm\/#primaryimage\",\"url\":\"https:\/\/baubauwall.com\/wp-content\/uploads\/2022\/11\/51200232_OceanLookbook_Baubauwall_Wallmural_room5-scaled.jpg\",\"contentUrl\":\"https:\/\/baubauwall.com\/wp-content\/uploads\/2022\/11\/51200232_OceanLookbook_Baubauwall_Wallmural_room5-scaled.jpg\",\"width\":2560,\"height\":1440,\"caption\":\"Children room wallcovering. Feature wall wallpaper for kids room.\"},{\"@type\":\"BreadcrumbList\",\"@id\":\"https:\/\/baubauwall.com\/et\/toode\/pilttapeet-ookenimaailm\/#breadcrumb\",\"itemListElement\":[{\"@type\":\"ListItem\",\"position\":1,\"name\":\"Koju\",\"item\":\"https:\/\/baubauwall.com\/et\/\"},{\"@type\":\"ListItem\",\"position\":2,\"name\":\"Tapeedid\",\"item\":\"https:\/\/baubauwall.com\/et\/tapeedid\/\"},{\"@type\":\"ListItem\",\"position\":3,\"name\":\"Ookenimaailm\"}]},{\"@type\":\"WebSite\",\"@id\":\"https:\/\/baubauwall.com\/et\/#website\",\"url\":\"https:\/\/baubauwall.com\/et\/\",\"name\":\"BAUBAUWALL Wallpapers\",\"description\":\"Valmis paanides tapeet Eestist!\",\"publisher\":{\"@id\":\"https:\/\/baubauwall.com\/et\/#organization\"},\"potentialAction\":[{\"@type\":\"SearchAction\",\"target\":{\"@type\":\"EntryPoint\",\"urlTemplate\":\"https:\/\/baubauwall.com\/et\/?s={search_term_string}\"},\"query-input\":{\"@type\":\"PropertyValueSpecification\",\"valueRequired\":true,\"valueName\":\"search_term_string\"}}],\"inLanguage\":\"et\"},{\"@type\":\"Organization\",\"@id\":\"https:\/\/baubauwall.com\/et\/#organization\",\"name\":\"BAUBAUWALL Wallpapers\",\"url\":\"https:\/\/baubauwall.com\/et\/\",\"logo\":{\"@type\":\"ImageObject\",\"inLanguage\":\"et\",\"@id\":\"https:\/\/baubauwall.com\/et\/#\/schema\/logo\/image\/\",\"url\":\"https:\/\/baubauwall.com\/wp-content\/uploads\/2022\/03\/logo-horizontal.svg\",\"contentUrl\":\"https:\/\/baubauwall.com\/wp-content\/uploads\/2022\/03\/logo-horizontal.svg\",\"width\":\"1024\",\"height\":\"1024\",\"caption\":\"BAUBAUWALL Wallpapers\"},\"image\":{\"@id\":\"https:\/\/baubauwall.com\/et\/#\/schema\/logo\/image\/\"},\"sameAs\":[\"https:\/\/www.facebook.com\/Baubauwall\",\"https:\/\/www.instagram.com\/baubauwall\"]}]}<\/script>\n<!-- \/ Yoast SEO plugin. -->","yoast_head_json":{"title":"Fantaasiarikas tapeet lastetoa seinale. Ookeanimaailm pilttapeet","description":"Helesinine ookean & selle elanikud pilttapeet. Efektne tapeet lastetoa seinale. Tapeedid nutikalt - telli e-poest. Fliistapeedid, m\u00fcrgivabade v\u00e4rvidega.","robots":{"index":"index","follow":"follow","max-snippet":"max-snippet:-1","max-image-preview":"max-image-preview:large","max-video-preview":"max-video-preview:-1"},"canonical":"https:\/\/baubauwall.com\/et\/toode\/pilttapeet-ookenimaailm\/","og_locale":"et_EE","og_type":"article","og_title":"Fantaasiarikas tapeet lastetoa seinale. Ookeanimaailm pilttapeet","og_description":"Helesinine ookean & selle elanikud pilttapeet. Efektne tapeet lastetoa seinale. Tapeedid nutikalt - telli e-poest. Fliistapeedid, m\u00fcrgivabade v\u00e4rvidega.","og_url":"https:\/\/baubauwall.com\/et\/toode\/pilttapeet-ookenimaailm\/","og_site_name":"BAUBAUWALL Wallpapers","article_publisher":"https:\/\/www.facebook.com\/Baubauwall","article_modified_time":"2023-08-02T15:10:03+00:00","og_image":[{"width":2560,"height":1440,"url":"https:\/\/i0.wp.com\/baubauwall.com\/wp-content\/uploads\/2022\/11\/51200232_OceanLookbook_Baubauwall_Wallmural_room5-scaled.jpg?fit=2560%2C1440&ssl=1","type":"image\/jpeg"}],"twitter_card":"summary_large_image","twitter_misc":{"Est. reading time":"1 minut"},"schema":{"@context":"https:\/\/schema.org","@graph":[{"@type":"WebPage","@id":"https:\/\/baubauwall.com\/et\/toode\/pilttapeet-ookenimaailm\/","url":"https:\/\/baubauwall.com\/et\/toode\/pilttapeet-ookenimaailm\/","name":"Fantaasiarikas tapeet lastetoa seinale. Ookeanimaailm pilttapeet","isPartOf":{"@id":"https:\/\/baubauwall.com\/et\/#website"},"primaryImageOfPage":{"@id":"https:\/\/baubauwall.com\/et\/toode\/pilttapeet-ookenimaailm\/#primaryimage"},"image":{"@id":"https:\/\/baubauwall.com\/et\/toode\/pilttapeet-ookenimaailm\/#primaryimage"},"thumbnailUrl":"https:\/\/baubauwall.com\/wp-content\/uploads\/2022\/11\/51200232_OceanLookbook_Baubauwall_Wallmural_room5-scaled.jpg","datePublished":"2023-03-01T15:00:17+00:00","dateModified":"2023-08-02T15:10:03+00:00","description":"Helesinine ookean & selle elanikud pilttapeet. Efektne tapeet lastetoa seinale. Tapeedid nutikalt - telli e-poest. Fliistapeedid, m\u00fcrgivabade v\u00e4rvidega.","breadcrumb":{"@id":"https:\/\/baubauwall.com\/et\/toode\/pilttapeet-ookenimaailm\/#breadcrumb"},"inLanguage":"et","potentialAction":[{"@type":"ReadAction","target":["https:\/\/baubauwall.com\/et\/toode\/pilttapeet-ookenimaailm\/"]}]},{"@type":"ImageObject","inLanguage":"et","@id":"https:\/\/baubauwall.com\/et\/toode\/pilttapeet-ookenimaailm\/#primaryimage","url":"https:\/\/baubauwall.com\/wp-content\/uploads\/2022\/11\/51200232_OceanLookbook_Baubauwall_Wallmural_room5-scaled.jpg","contentUrl":"https:\/\/baubauwall.com\/wp-content\/uploads\/2022\/11\/51200232_OceanLookbook_Baubauwall_Wallmural_room5-scaled.jpg","width":2560,"height":1440,"caption":"Children room wallcovering. Feature wall wallpaper for kids room."},{"@type":"BreadcrumbList","@id":"https:\/\/baubauwall.com\/et\/toode\/pilttapeet-ookenimaailm\/#breadcrumb","itemListElement":[{"@type":"ListItem","position":1,"name":"Koju","item":"https:\/\/baubauwall.com\/et\/"},{"@type":"ListItem","position":2,"name":"Tapeedid","item":"https:\/\/baubauwall.com\/et\/tapeedid\/"},{"@type":"ListItem","position":3,"name":"Ookenimaailm"}]},{"@type":"WebSite","@id":"https:\/\/baubauwall.com\/et\/#website","url":"https:\/\/baubauwall.com\/et\/","name":"BAUBAUWALL Wallpapers","description":"Valmis paanides tapeet Eestist!","publisher":{"@id":"https:\/\/baubauwall.com\/et\/#organization"},"potentialAction":[{"@type":"SearchAction","target":{"@type":"EntryPoint","urlTemplate":"https:\/\/baubauwall.com\/et\/?s={search_term_string}"},"query-input":{"@type":"PropertyValueSpecification","valueRequired":true,"valueName":"search_term_string"}}],"inLanguage":"et"},{"@type":"Organization","@id":"https:\/\/baubauwall.com\/et\/#organization","name":"BAUBAUWALL Wallpapers","url":"https:\/\/baubauwall.com\/et\/","logo":{"@type":"ImageObject","inLanguage":"et","@id":"https:\/\/baubauwall.com\/et\/#\/schema\/logo\/image\/","url":"https:\/\/baubauwall.com\/wp-content\/uploads\/2022\/03\/logo-horizontal.svg","contentUrl":"https:\/\/baubauwall.com\/wp-content\/uploads\/2022\/03\/logo-horizontal.svg","width":"1024","height":"1024","caption":"BAUBAUWALL Wallpapers"},"image":{"@id":"https:\/\/baubauwall.com\/et\/#\/schema\/logo\/image\/"},"sameAs":["https:\/\/www.facebook.com\/Baubauwall","https:\/\/www.instagram.com\/baubauwall"]}]}},"jetpack_sharing_enabled":true,"_links":{"self":[{"href":"https:\/\/baubauwall.com\/et\/wp-json\/wp\/v2\/product\/25505","targetHints":{"allow":["GET"]}}],"collection":[{"href":"https:\/\/baubauwall.com\/et\/wp-json\/wp\/v2\/product"}],"about":[{"href":"https:\/\/baubauwall.com\/et\/wp-json\/wp\/v2\/types\/product"}],"replies":[{"embeddable":true,"href":"https:\/\/baubauwall.com\/et\/wp-json\/wp\/v2\/comments?post=25505"}],"wp:featuredmedia":[{"embeddable":true,"href":"https:\/\/baubauwall.com\/et\/wp-json\/wp\/v2\/media\/25503"}],"wp:attachment":[{"href":"https:\/\/baubauwall.com\/et\/wp-json\/wp\/v2\/media?parent=25505"}],"wp:term":[{"taxonomy":"product_brand","embeddable":true,"href":"https:\/\/baubauwall.com\/et\/wp-json\/wp\/v2\/product_brand?post=25505"},{"taxonomy":"product_cat","embeddable":true,"href":"https:\/\/baubauwall.com\/et\/wp-json\/wp\/v2\/product_cat?post=25505"},{"taxonomy":"product_tag","embeddable":true,"href":"https:\/\/baubauwall.com\/et\/wp-json\/wp\/v2\/product_tag?post=25505"}],"curies":[{"name":"wp","href":"https:\/\/api.w.org\/{rel}","templated":true}]}}