{"id":25534,"date":"2023-03-04T15:24:21","date_gmt":"2023-03-04T13:24:21","guid":{"rendered":"https:\/\/baubauwall.com\/?post_type=product&#038;p=25534"},"modified":"2023-06-05T13:34:45","modified_gmt":"2023-06-05T11:34:45","slug":"pilttapeet-saladuslik-ookean","status":"publish","type":"product","link":"https:\/\/baubauwall.com\/et\/toode\/pilttapeet-saladuslik-ookean\/","title":{"rendered":"Saladuslik ookean"},"content":{"rendered":"<p>Lastetoa tapeet, mis kutsub seiklema ookeanis\u00fcgavustesse &#8211; kodust lahkumata! Puhas, helge, p\u00f5hjamaine ja efektne tapeedidisain, mida sobitada aktsentseina lastetoas. Saladuslik ookean pilttapeet on sobilik lastele erinevas vanuses ja tegu sellise disainiga, mis ei v\u00e4sita. Vastupidi, tapeet, mis pakub kogu aeg avastamisr\u00f5\u00f5mu! Helesinine tonaalsus teeb sellest mereelu tapeedist eriliselt hea valiku poiste tuppa.<\/p>\n<p>See lastetoa tapeet tr\u00fckitakse <a href=\"https:\/\/baubauwall.com\/et\/keskkonnasobralikud-tapeedid\/\" target=\"_blank\" rel=\"noopener\">keskkonnas\u00f5bralike v\u00e4rvidega<\/a>, hingavale fliistapeedi materjalile, mis ei l\u00e4igi ja on lihtne paigaldada. Sinu uus lastetoa tapeet tuleb valmis l\u00f5igatud ning nummerdatud paanides, mis on t\u00e4pselt nii k\u00f5rged, kui Sinu sein. Tapeetimine &#8211; lihtsalt ja nutikalt! Kuidas see t\u00f6\u00f6tab \u2013 loe l\u00e4hemalt <a href=\"https:\/\/baubauwall.com\/et\/kuidas-see-tootab\/\" target=\"_blank\" rel=\"noopener\">siit.<\/a><\/p>\n<p>&nbsp;<\/p>\n","protected":false},"excerpt":{"rendered":"<p>Lastetoa tapeet, mis kutsub seiklema ookeanis\u00fcgavustesse &#8211; kodust lahkumata! Puhas, helge, p\u00f5hjamaine ja efektne tapeedidisain, mida sobitada aktsentseina lastetoas. Saladuslik ookean pilttapeet on sobilik lastele erinevas vanuses ja tegu sellise disainiga, mis ei v\u00e4sita. Vastupidi, tapeet, mis pakub kogu aeg avastamisr\u00f5\u00f5mu! Helesinine tonaalsus teeb sellest mereelu tapeedist eriliselt hea valiku poiste tuppa. See lastetoa tapeet [&hellip;]<\/p>\n","protected":false},"featured_media":25545,"comment_status":"open","ping_status":"closed","template":"","meta":{"_acf_changed":false,"inline_featured_image":false},"product_brand":[],"product_cat":[629,387,395,267,268,400,252,259],"product_tag":[631,345,308],"class_list":{"0":"post-25534","1":"product","2":"type-product","3":"status-publish","4":"has-post-thumbnail","6":"product_cat-kikki-belle-tapeedid","7":"product_cat-pilttapeedid","8":"product_cat-romantiline","9":"product_cat-sinised-tapeedid","10":"product_cat-kirkad-tapeedid","11":"product_cat-lastetoa-tapeedid","12":"product_cat-ookean-meri","13":"product_cat-kalad-veealune-maailm","14":"product_tag-kikki-belle-et","15":"product_tag-pilttapeet","16":"product_tag-poiste-tuba","17":"pa_designedby-sir-edward","19":"first","20":"instock","21":"taxable","22":"shipping-taxable","23":"purchasable","24":"product-type-simple"},"acf":[],"yoast_head":"<!-- This site is optimized with the Yoast SEO plugin v25.9 - https:\/\/yoast.com\/wordpress\/plugins\/seo\/ -->\n<title>Fantaasiarikas mereline lastetoa tapeet - Ookeanimaailm<\/title>\n<meta name=\"description\" content=\"Lastetoa tapeet: helesinine ookean &amp; selle elanikud. Efektne pilttapeet lastetoa seinale. Tapeedid nutikalt, telli e-poest. Fliistapeedid, m\u00fcrgivabalt\" \/>\n<meta name=\"robots\" content=\"index, follow, max-snippet:-1, max-image-preview:large, max-video-preview:-1\" \/>\n<link rel=\"canonical\" href=\"https:\/\/baubauwall.com\/et\/toode\/pilttapeet-saladuslik-ookean\/\" \/>\n<meta property=\"og:locale\" content=\"et_EE\" \/>\n<meta property=\"og:type\" content=\"article\" \/>\n<meta property=\"og:title\" content=\"Fantaasiarikas mereline lastetoa tapeet - Ookeanimaailm\" \/>\n<meta property=\"og:description\" content=\"Lastetoa tapeet: helesinine ookean &amp; selle elanikud. Efektne pilttapeet lastetoa seinale. Tapeedid nutikalt, telli e-poest. Fliistapeedid, m\u00fcrgivabalt\" \/>\n<meta property=\"og:url\" content=\"https:\/\/baubauwall.com\/et\/toode\/pilttapeet-saladuslik-ookean\/\" \/>\n<meta property=\"og:site_name\" content=\"BAUBAUWALL Wallpapers\" \/>\n<meta property=\"article:publisher\" content=\"https:\/\/www.facebook.com\/Baubauwall\" \/>\n<meta property=\"article:modified_time\" content=\"2023-06-05T11:34:45+00:00\" \/>\n<meta property=\"og:image\" content=\"https:\/\/baubauwall.com\/wp-content\/uploads\/2023\/03\/51200237_SecretSealife_Baubauwall_Wallmural_room1.jpg\" \/>\n\t<meta property=\"og:image:width\" content=\"1440\" \/>\n\t<meta property=\"og:image:height\" content=\"1600\" \/>\n\t<meta property=\"og:image:type\" content=\"image\/jpeg\" \/>\n<meta name=\"twitter:card\" content=\"summary_large_image\" \/>\n<meta name=\"twitter:label1\" content=\"Est. reading time\" \/>\n\t<meta name=\"twitter:data1\" content=\"1 minut\" \/>\n<script type=\"application\/ld+json\" class=\"yoast-schema-graph\">{\"@context\":\"https:\/\/schema.org\",\"@graph\":[{\"@type\":\"WebPage\",\"@id\":\"https:\/\/baubauwall.com\/et\/toode\/pilttapeet-saladuslik-ookean\/\",\"url\":\"https:\/\/baubauwall.com\/et\/toode\/pilttapeet-saladuslik-ookean\/\",\"name\":\"Fantaasiarikas mereline lastetoa tapeet - Ookeanimaailm\",\"isPartOf\":{\"@id\":\"https:\/\/baubauwall.com\/et\/#website\"},\"primaryImageOfPage\":{\"@id\":\"https:\/\/baubauwall.com\/et\/toode\/pilttapeet-saladuslik-ookean\/#primaryimage\"},\"image\":{\"@id\":\"https:\/\/baubauwall.com\/et\/toode\/pilttapeet-saladuslik-ookean\/#primaryimage\"},\"thumbnailUrl\":\"https:\/\/baubauwall.com\/wp-content\/uploads\/2023\/03\/51200237_SecretSealife_Baubauwall_Wallmural_room1.jpg\",\"datePublished\":\"2023-03-04T13:24:21+00:00\",\"dateModified\":\"2023-06-05T11:34:45+00:00\",\"description\":\"Lastetoa tapeet: helesinine ookean & selle elanikud. Efektne pilttapeet lastetoa seinale. Tapeedid nutikalt, telli e-poest. Fliistapeedid, m\u00fcrgivabalt\",\"breadcrumb\":{\"@id\":\"https:\/\/baubauwall.com\/et\/toode\/pilttapeet-saladuslik-ookean\/#breadcrumb\"},\"inLanguage\":\"et\",\"potentialAction\":[{\"@type\":\"ReadAction\",\"target\":[\"https:\/\/baubauwall.com\/et\/toode\/pilttapeet-saladuslik-ookean\/\"]}]},{\"@type\":\"ImageObject\",\"inLanguage\":\"et\",\"@id\":\"https:\/\/baubauwall.com\/et\/toode\/pilttapeet-saladuslik-ookean\/#primaryimage\",\"url\":\"https:\/\/baubauwall.com\/wp-content\/uploads\/2023\/03\/51200237_SecretSealife_Baubauwall_Wallmural_room1.jpg\",\"contentUrl\":\"https:\/\/baubauwall.com\/wp-content\/uploads\/2023\/03\/51200237_SecretSealife_Baubauwall_Wallmural_room1.jpg\",\"width\":1440,\"height\":1600,\"caption\":\"Kids feature mural wall wallpaper of blue ocean and fish\"},{\"@type\":\"BreadcrumbList\",\"@id\":\"https:\/\/baubauwall.com\/et\/toode\/pilttapeet-saladuslik-ookean\/#breadcrumb\",\"itemListElement\":[{\"@type\":\"ListItem\",\"position\":1,\"name\":\"Koju\",\"item\":\"https:\/\/baubauwall.com\/et\/\"},{\"@type\":\"ListItem\",\"position\":2,\"name\":\"Tapeedid\",\"item\":\"https:\/\/baubauwall.com\/et\/tapeedid\/\"},{\"@type\":\"ListItem\",\"position\":3,\"name\":\"Saladuslik ookean\"}]},{\"@type\":\"WebSite\",\"@id\":\"https:\/\/baubauwall.com\/et\/#website\",\"url\":\"https:\/\/baubauwall.com\/et\/\",\"name\":\"BAUBAUWALL Wallpapers\",\"description\":\"Valmis paanides tapeet Eestist!\",\"publisher\":{\"@id\":\"https:\/\/baubauwall.com\/et\/#organization\"},\"potentialAction\":[{\"@type\":\"SearchAction\",\"target\":{\"@type\":\"EntryPoint\",\"urlTemplate\":\"https:\/\/baubauwall.com\/et\/?s={search_term_string}\"},\"query-input\":{\"@type\":\"PropertyValueSpecification\",\"valueRequired\":true,\"valueName\":\"search_term_string\"}}],\"inLanguage\":\"et\"},{\"@type\":\"Organization\",\"@id\":\"https:\/\/baubauwall.com\/et\/#organization\",\"name\":\"BAUBAUWALL Wallpapers\",\"url\":\"https:\/\/baubauwall.com\/et\/\",\"logo\":{\"@type\":\"ImageObject\",\"inLanguage\":\"et\",\"@id\":\"https:\/\/baubauwall.com\/et\/#\/schema\/logo\/image\/\",\"url\":\"https:\/\/baubauwall.com\/wp-content\/uploads\/2022\/03\/logo-horizontal.svg\",\"contentUrl\":\"https:\/\/baubauwall.com\/wp-content\/uploads\/2022\/03\/logo-horizontal.svg\",\"width\":\"1024\",\"height\":\"1024\",\"caption\":\"BAUBAUWALL Wallpapers\"},\"image\":{\"@id\":\"https:\/\/baubauwall.com\/et\/#\/schema\/logo\/image\/\"},\"sameAs\":[\"https:\/\/www.facebook.com\/Baubauwall\",\"https:\/\/www.instagram.com\/baubauwall\"]}]}<\/script>\n<!-- \/ Yoast SEO plugin. -->","yoast_head_json":{"title":"Fantaasiarikas mereline lastetoa tapeet - Ookeanimaailm","description":"Lastetoa tapeet: helesinine ookean & selle elanikud. Efektne pilttapeet lastetoa seinale. Tapeedid nutikalt, telli e-poest. Fliistapeedid, m\u00fcrgivabalt","robots":{"index":"index","follow":"follow","max-snippet":"max-snippet:-1","max-image-preview":"max-image-preview:large","max-video-preview":"max-video-preview:-1"},"canonical":"https:\/\/baubauwall.com\/et\/toode\/pilttapeet-saladuslik-ookean\/","og_locale":"et_EE","og_type":"article","og_title":"Fantaasiarikas mereline lastetoa tapeet - Ookeanimaailm","og_description":"Lastetoa tapeet: helesinine ookean & selle elanikud. Efektne pilttapeet lastetoa seinale. Tapeedid nutikalt, telli e-poest. Fliistapeedid, m\u00fcrgivabalt","og_url":"https:\/\/baubauwall.com\/et\/toode\/pilttapeet-saladuslik-ookean\/","og_site_name":"BAUBAUWALL Wallpapers","article_publisher":"https:\/\/www.facebook.com\/Baubauwall","article_modified_time":"2023-06-05T11:34:45+00:00","og_image":[{"width":1440,"height":1600,"url":"https:\/\/baubauwall.com\/wp-content\/uploads\/2023\/03\/51200237_SecretSealife_Baubauwall_Wallmural_room1.jpg","type":"image\/jpeg"}],"twitter_card":"summary_large_image","twitter_misc":{"Est. reading time":"1 minut"},"schema":{"@context":"https:\/\/schema.org","@graph":[{"@type":"WebPage","@id":"https:\/\/baubauwall.com\/et\/toode\/pilttapeet-saladuslik-ookean\/","url":"https:\/\/baubauwall.com\/et\/toode\/pilttapeet-saladuslik-ookean\/","name":"Fantaasiarikas mereline lastetoa tapeet - Ookeanimaailm","isPartOf":{"@id":"https:\/\/baubauwall.com\/et\/#website"},"primaryImageOfPage":{"@id":"https:\/\/baubauwall.com\/et\/toode\/pilttapeet-saladuslik-ookean\/#primaryimage"},"image":{"@id":"https:\/\/baubauwall.com\/et\/toode\/pilttapeet-saladuslik-ookean\/#primaryimage"},"thumbnailUrl":"https:\/\/baubauwall.com\/wp-content\/uploads\/2023\/03\/51200237_SecretSealife_Baubauwall_Wallmural_room1.jpg","datePublished":"2023-03-04T13:24:21+00:00","dateModified":"2023-06-05T11:34:45+00:00","description":"Lastetoa tapeet: helesinine ookean & selle elanikud. Efektne pilttapeet lastetoa seinale. Tapeedid nutikalt, telli e-poest. Fliistapeedid, m\u00fcrgivabalt","breadcrumb":{"@id":"https:\/\/baubauwall.com\/et\/toode\/pilttapeet-saladuslik-ookean\/#breadcrumb"},"inLanguage":"et","potentialAction":[{"@type":"ReadAction","target":["https:\/\/baubauwall.com\/et\/toode\/pilttapeet-saladuslik-ookean\/"]}]},{"@type":"ImageObject","inLanguage":"et","@id":"https:\/\/baubauwall.com\/et\/toode\/pilttapeet-saladuslik-ookean\/#primaryimage","url":"https:\/\/baubauwall.com\/wp-content\/uploads\/2023\/03\/51200237_SecretSealife_Baubauwall_Wallmural_room1.jpg","contentUrl":"https:\/\/baubauwall.com\/wp-content\/uploads\/2023\/03\/51200237_SecretSealife_Baubauwall_Wallmural_room1.jpg","width":1440,"height":1600,"caption":"Kids feature mural wall wallpaper of blue ocean and fish"},{"@type":"BreadcrumbList","@id":"https:\/\/baubauwall.com\/et\/toode\/pilttapeet-saladuslik-ookean\/#breadcrumb","itemListElement":[{"@type":"ListItem","position":1,"name":"Koju","item":"https:\/\/baubauwall.com\/et\/"},{"@type":"ListItem","position":2,"name":"Tapeedid","item":"https:\/\/baubauwall.com\/et\/tapeedid\/"},{"@type":"ListItem","position":3,"name":"Saladuslik ookean"}]},{"@type":"WebSite","@id":"https:\/\/baubauwall.com\/et\/#website","url":"https:\/\/baubauwall.com\/et\/","name":"BAUBAUWALL Wallpapers","description":"Valmis paanides tapeet Eestist!","publisher":{"@id":"https:\/\/baubauwall.com\/et\/#organization"},"potentialAction":[{"@type":"SearchAction","target":{"@type":"EntryPoint","urlTemplate":"https:\/\/baubauwall.com\/et\/?s={search_term_string}"},"query-input":{"@type":"PropertyValueSpecification","valueRequired":true,"valueName":"search_term_string"}}],"inLanguage":"et"},{"@type":"Organization","@id":"https:\/\/baubauwall.com\/et\/#organization","name":"BAUBAUWALL Wallpapers","url":"https:\/\/baubauwall.com\/et\/","logo":{"@type":"ImageObject","inLanguage":"et","@id":"https:\/\/baubauwall.com\/et\/#\/schema\/logo\/image\/","url":"https:\/\/baubauwall.com\/wp-content\/uploads\/2022\/03\/logo-horizontal.svg","contentUrl":"https:\/\/baubauwall.com\/wp-content\/uploads\/2022\/03\/logo-horizontal.svg","width":"1024","height":"1024","caption":"BAUBAUWALL Wallpapers"},"image":{"@id":"https:\/\/baubauwall.com\/et\/#\/schema\/logo\/image\/"},"sameAs":["https:\/\/www.facebook.com\/Baubauwall","https:\/\/www.instagram.com\/baubauwall"]}]}},"jetpack_sharing_enabled":true,"_links":{"self":[{"href":"https:\/\/baubauwall.com\/et\/wp-json\/wp\/v2\/product\/25534","targetHints":{"allow":["GET"]}}],"collection":[{"href":"https:\/\/baubauwall.com\/et\/wp-json\/wp\/v2\/product"}],"about":[{"href":"https:\/\/baubauwall.com\/et\/wp-json\/wp\/v2\/types\/product"}],"replies":[{"embeddable":true,"href":"https:\/\/baubauwall.com\/et\/wp-json\/wp\/v2\/comments?post=25534"}],"wp:featuredmedia":[{"embeddable":true,"href":"https:\/\/baubauwall.com\/et\/wp-json\/wp\/v2\/media\/25545"}],"wp:attachment":[{"href":"https:\/\/baubauwall.com\/et\/wp-json\/wp\/v2\/media?parent=25534"}],"wp:term":[{"taxonomy":"product_brand","embeddable":true,"href":"https:\/\/baubauwall.com\/et\/wp-json\/wp\/v2\/product_brand?post=25534"},{"taxonomy":"product_cat","embeddable":true,"href":"https:\/\/baubauwall.com\/et\/wp-json\/wp\/v2\/product_cat?post=25534"},{"taxonomy":"product_tag","embeddable":true,"href":"https:\/\/baubauwall.com\/et\/wp-json\/wp\/v2\/product_tag?post=25534"}],"curies":[{"name":"wp","href":"https:\/\/api.w.org\/{rel}","templated":true}]}}