{"id":25619,"date":"2023-03-05T20:52:17","date_gmt":"2023-03-05T18:52:17","guid":{"rendered":"https:\/\/baubauwall.com\/?post_type=product&#038;p=25619"},"modified":"2024-08-06T12:36:29","modified_gmt":"2024-08-06T10:36:29","slug":"dinosauruste-pidu-dzunglis","status":"publish","type":"product","link":"https:\/\/baubauwall.com\/et\/toode\/dinosauruste-pidu-dzunglis\/","title":{"rendered":"Dinosauruste pidu d\u017eunglis"},"content":{"rendered":"<p>Tapeet lapsele, kes armastab dinosauruseid! Neid m\u00fc\u00fctilisi tegelasi pole p\u00f5hjust karta, nad armastasid vaid taimi s\u00fc\u00fca! Kui Sinu lapsele meeldivad dinosaurused, siis see efektne pilttapeet on lastetoa kohustuslik osa! Vesiv\u00e4rvidega maalitud, fantaasiak\u00fcllane pilttapeet, millelt tabad s\u00f5bralikud eelajaloolised kangelased troopilises d\u017eunglis. Sobib ideaalselt maadeavastajate ja v\u00e4ikeste zooloogide tubade aktsentseina tapeediks!<\/p>\n<p>Nagu k\u00f5ik meie kordusmustriga tapeedid ja pilttapeedid, on ka see disain tr\u00fckitud <a href=\"https:\/\/baubauwall.com\/et\/keskkonnasobralikud-tapeedid\/\" target=\"_blank\" rel=\"noopener\">keskkonnas\u00f5bralike v\u00e4rvidega<\/a>, hingavale fliistapeedi materjalile.<\/p>\n","protected":false},"excerpt":{"rendered":"<p>Tapeet lapsele, kes armastab dinosauruseid! Neid m\u00fc\u00fctilisi tegelasi pole p\u00f5hjust karta, nad armastasid vaid taimi s\u00fc\u00fca! Kui Sinu lapsele meeldivad dinosaurused, siis see efektne pilttapeet on lastetoa kohustuslik osa! Vesiv\u00e4rvidega maalitud, fantaasiak\u00fcllane pilttapeet, millelt tabad s\u00f5bralikud eelajaloolised kangelased troopilises d\u017eunglis. Sobib ideaalselt maadeavastajate ja v\u00e4ikeste zooloogide tubade aktsentseina tapeediks! Nagu k\u00f5ik meie kordusmustriga tapeedid ja [&hellip;]<\/p>\n","protected":false},"featured_media":25627,"comment_status":"open","ping_status":"closed","template":"","meta":{"_acf_changed":false,"inline_featured_image":false},"product_brand":[],"product_cat":[629,387,622,268,271,400,245,254,255],"product_tag":[726,631,308],"class_list":{"0":"post-25619","1":"product","2":"type-product","3":"status-publish","4":"has-post-thumbnail","6":"product_cat-kikki-belle-tapeedid","7":"product_cat-pilttapeedid","8":"product_cat-julged-tapeedid","9":"product_cat-kirkad-tapeedid","10":"product_cat-rohelised-tapeedid","11":"product_cat-lastetoa-tapeedid","12":"product_cat-maastik","13":"product_cat-loodus","14":"product_cat-loomad","15":"product_tag-dinosaurused","16":"product_tag-kikki-belle-et","17":"product_tag-poiste-tuba","18":"pa_designedby-sir-edward","20":"first","21":"instock","22":"taxable","23":"shipping-taxable","24":"purchasable","25":"product-type-simple"},"acf":[],"yoast_head":"<!-- This site is optimized with the Yoast SEO plugin v25.9 - https:\/\/yoast.com\/wordpress\/plugins\/seo\/ -->\n<title>Tapeet lastele. Dinosaurused d\u017eunglis - efektne pilttapeet<\/title>\n<meta name=\"description\" content=\"Lastetoa tapeet dinosaurustega. Dinosaurused puhkusel on pilttapeet, mis sobib v\u00e4ikeste dinosauruste huviliste seintele! Keskkonnas\u00f5bralikud tapeedid\" \/>\n<meta name=\"robots\" content=\"index, follow, max-snippet:-1, max-image-preview:large, max-video-preview:-1\" \/>\n<link rel=\"canonical\" href=\"https:\/\/baubauwall.com\/et\/toode\/dinosauruste-pidu-dzunglis\/\" \/>\n<meta property=\"og:locale\" content=\"et_EE\" \/>\n<meta property=\"og:type\" content=\"article\" \/>\n<meta property=\"og:title\" content=\"Tapeet lastele. Dinosaurused d\u017eunglis - efektne pilttapeet\" \/>\n<meta property=\"og:description\" content=\"Lastetoa tapeet dinosaurustega. Dinosaurused puhkusel on pilttapeet, mis sobib v\u00e4ikeste dinosauruste huviliste seintele! Keskkonnas\u00f5bralikud tapeedid\" \/>\n<meta property=\"og:url\" content=\"https:\/\/baubauwall.com\/et\/toode\/dinosauruste-pidu-dzunglis\/\" \/>\n<meta property=\"og:site_name\" content=\"BAUBAUWALL TAPEEDID\" \/>\n<meta property=\"article:publisher\" content=\"https:\/\/www.facebook.com\/Baubauwall\" \/>\n<meta property=\"article:modified_time\" content=\"2024-08-06T10:36:29+00:00\" \/>\n<meta property=\"og:image\" content=\"https:\/\/baubauwall.com\/wp-content\/uploads\/2023\/03\/51200216_DinoJive_Baubauwall_Wallmural_preview.jpg\" \/>\n\t<meta property=\"og:image:width\" content=\"1333\" \/>\n\t<meta property=\"og:image:height\" content=\"800\" \/>\n\t<meta property=\"og:image:type\" content=\"image\/jpeg\" \/>\n<meta name=\"twitter:card\" content=\"summary_large_image\" \/>\n<meta name=\"twitter:label1\" content=\"Est. reading time\" \/>\n\t<meta name=\"twitter:data1\" content=\"1 minut\" \/>\n<script type=\"application\/ld+json\" class=\"yoast-schema-graph\">{\"@context\":\"https:\/\/schema.org\",\"@graph\":[{\"@type\":\"WebPage\",\"@id\":\"https:\/\/baubauwall.com\/et\/toode\/dinosauruste-pidu-dzunglis\/\",\"url\":\"https:\/\/baubauwall.com\/et\/toode\/dinosauruste-pidu-dzunglis\/\",\"name\":\"Tapeet lastele. Dinosaurused d\u017eunglis - efektne pilttapeet\",\"isPartOf\":{\"@id\":\"https:\/\/baubauwall.com\/et\/#website\"},\"primaryImageOfPage\":{\"@id\":\"https:\/\/baubauwall.com\/et\/toode\/dinosauruste-pidu-dzunglis\/#primaryimage\"},\"image\":{\"@id\":\"https:\/\/baubauwall.com\/et\/toode\/dinosauruste-pidu-dzunglis\/#primaryimage\"},\"thumbnailUrl\":\"https:\/\/baubauwall.com\/wp-content\/uploads\/2023\/03\/51200216_DinoJive_Baubauwall_Wallmural_preview.jpg\",\"datePublished\":\"2023-03-05T18:52:17+00:00\",\"dateModified\":\"2024-08-06T10:36:29+00:00\",\"description\":\"Lastetoa tapeet dinosaurustega. Dinosaurused puhkusel on pilttapeet, mis sobib v\u00e4ikeste dinosauruste huviliste seintele! Keskkonnas\u00f5bralikud tapeedid\",\"breadcrumb\":{\"@id\":\"https:\/\/baubauwall.com\/et\/toode\/dinosauruste-pidu-dzunglis\/#breadcrumb\"},\"inLanguage\":\"et\",\"potentialAction\":[{\"@type\":\"ReadAction\",\"target\":[\"https:\/\/baubauwall.com\/et\/toode\/dinosauruste-pidu-dzunglis\/\"]}]},{\"@type\":\"ImageObject\",\"inLanguage\":\"et\",\"@id\":\"https:\/\/baubauwall.com\/et\/toode\/dinosauruste-pidu-dzunglis\/#primaryimage\",\"url\":\"https:\/\/baubauwall.com\/wp-content\/uploads\/2023\/03\/51200216_DinoJive_Baubauwall_Wallmural_preview.jpg\",\"contentUrl\":\"https:\/\/baubauwall.com\/wp-content\/uploads\/2023\/03\/51200216_DinoJive_Baubauwall_Wallmural_preview.jpg\",\"width\":1333,\"height\":800},{\"@type\":\"BreadcrumbList\",\"@id\":\"https:\/\/baubauwall.com\/et\/toode\/dinosauruste-pidu-dzunglis\/#breadcrumb\",\"itemListElement\":[{\"@type\":\"ListItem\",\"position\":1,\"name\":\"Koju\",\"item\":\"https:\/\/baubauwall.com\/et\/\"},{\"@type\":\"ListItem\",\"position\":2,\"name\":\"Tapeedid\",\"item\":\"https:\/\/baubauwall.com\/et\/tapeedid\/\"},{\"@type\":\"ListItem\",\"position\":3,\"name\":\"Dinosauruste pidu d\u017eunglis\"}]},{\"@type\":\"WebSite\",\"@id\":\"https:\/\/baubauwall.com\/et\/#website\",\"url\":\"https:\/\/baubauwall.com\/et\/\",\"name\":\"BAUBAUWALL Wallpapers\",\"description\":\"Valmis paanides tapeet Eestist!\",\"publisher\":{\"@id\":\"https:\/\/baubauwall.com\/et\/#organization\"},\"potentialAction\":[{\"@type\":\"SearchAction\",\"target\":{\"@type\":\"EntryPoint\",\"urlTemplate\":\"https:\/\/baubauwall.com\/et\/?s={search_term_string}\"},\"query-input\":{\"@type\":\"PropertyValueSpecification\",\"valueRequired\":true,\"valueName\":\"search_term_string\"}}],\"inLanguage\":\"et\"},{\"@type\":\"Organization\",\"@id\":\"https:\/\/baubauwall.com\/et\/#organization\",\"name\":\"BAUBAUWALL Wallpapers\",\"url\":\"https:\/\/baubauwall.com\/et\/\",\"logo\":{\"@type\":\"ImageObject\",\"inLanguage\":\"et\",\"@id\":\"https:\/\/baubauwall.com\/et\/#\/schema\/logo\/image\/\",\"url\":\"https:\/\/baubauwall.com\/wp-content\/uploads\/2022\/03\/logo-horizontal.svg\",\"contentUrl\":\"https:\/\/baubauwall.com\/wp-content\/uploads\/2022\/03\/logo-horizontal.svg\",\"width\":\"1024\",\"height\":\"1024\",\"caption\":\"BAUBAUWALL Wallpapers\"},\"image\":{\"@id\":\"https:\/\/baubauwall.com\/et\/#\/schema\/logo\/image\/\"},\"sameAs\":[\"https:\/\/www.facebook.com\/Baubauwall\",\"https:\/\/www.instagram.com\/baubauwall\"]}]}<\/script>\n<!-- \/ Yoast SEO plugin. -->","yoast_head_json":{"title":"Tapeet lastele. Dinosaurused d\u017eunglis - efektne pilttapeet","description":"Lastetoa tapeet dinosaurustega. Dinosaurused puhkusel on pilttapeet, mis sobib v\u00e4ikeste dinosauruste huviliste seintele! Keskkonnas\u00f5bralikud tapeedid","robots":{"index":"index","follow":"follow","max-snippet":"max-snippet:-1","max-image-preview":"max-image-preview:large","max-video-preview":"max-video-preview:-1"},"canonical":"https:\/\/baubauwall.com\/et\/toode\/dinosauruste-pidu-dzunglis\/","og_locale":"et_EE","og_type":"article","og_title":"Tapeet lastele. Dinosaurused d\u017eunglis - efektne pilttapeet","og_description":"Lastetoa tapeet dinosaurustega. Dinosaurused puhkusel on pilttapeet, mis sobib v\u00e4ikeste dinosauruste huviliste seintele! Keskkonnas\u00f5bralikud tapeedid","og_url":"https:\/\/baubauwall.com\/et\/toode\/dinosauruste-pidu-dzunglis\/","og_site_name":"BAUBAUWALL TAPEEDID","article_publisher":"https:\/\/www.facebook.com\/Baubauwall","article_modified_time":"2024-08-06T10:36:29+00:00","og_image":[{"width":1333,"height":800,"url":"https:\/\/baubauwall.com\/wp-content\/uploads\/2023\/03\/51200216_DinoJive_Baubauwall_Wallmural_preview.jpg","type":"image\/jpeg"}],"twitter_card":"summary_large_image","twitter_misc":{"Est. reading time":"1 minut"},"schema":{"@context":"https:\/\/schema.org","@graph":[{"@type":"WebPage","@id":"https:\/\/baubauwall.com\/et\/toode\/dinosauruste-pidu-dzunglis\/","url":"https:\/\/baubauwall.com\/et\/toode\/dinosauruste-pidu-dzunglis\/","name":"Tapeet lastele. Dinosaurused d\u017eunglis - efektne pilttapeet","isPartOf":{"@id":"https:\/\/baubauwall.com\/et\/#website"},"primaryImageOfPage":{"@id":"https:\/\/baubauwall.com\/et\/toode\/dinosauruste-pidu-dzunglis\/#primaryimage"},"image":{"@id":"https:\/\/baubauwall.com\/et\/toode\/dinosauruste-pidu-dzunglis\/#primaryimage"},"thumbnailUrl":"https:\/\/baubauwall.com\/wp-content\/uploads\/2023\/03\/51200216_DinoJive_Baubauwall_Wallmural_preview.jpg","datePublished":"2023-03-05T18:52:17+00:00","dateModified":"2024-08-06T10:36:29+00:00","description":"Lastetoa tapeet dinosaurustega. Dinosaurused puhkusel on pilttapeet, mis sobib v\u00e4ikeste dinosauruste huviliste seintele! Keskkonnas\u00f5bralikud tapeedid","breadcrumb":{"@id":"https:\/\/baubauwall.com\/et\/toode\/dinosauruste-pidu-dzunglis\/#breadcrumb"},"inLanguage":"et","potentialAction":[{"@type":"ReadAction","target":["https:\/\/baubauwall.com\/et\/toode\/dinosauruste-pidu-dzunglis\/"]}]},{"@type":"ImageObject","inLanguage":"et","@id":"https:\/\/baubauwall.com\/et\/toode\/dinosauruste-pidu-dzunglis\/#primaryimage","url":"https:\/\/baubauwall.com\/wp-content\/uploads\/2023\/03\/51200216_DinoJive_Baubauwall_Wallmural_preview.jpg","contentUrl":"https:\/\/baubauwall.com\/wp-content\/uploads\/2023\/03\/51200216_DinoJive_Baubauwall_Wallmural_preview.jpg","width":1333,"height":800},{"@type":"BreadcrumbList","@id":"https:\/\/baubauwall.com\/et\/toode\/dinosauruste-pidu-dzunglis\/#breadcrumb","itemListElement":[{"@type":"ListItem","position":1,"name":"Koju","item":"https:\/\/baubauwall.com\/et\/"},{"@type":"ListItem","position":2,"name":"Tapeedid","item":"https:\/\/baubauwall.com\/et\/tapeedid\/"},{"@type":"ListItem","position":3,"name":"Dinosauruste pidu d\u017eunglis"}]},{"@type":"WebSite","@id":"https:\/\/baubauwall.com\/et\/#website","url":"https:\/\/baubauwall.com\/et\/","name":"BAUBAUWALL Wallpapers","description":"Valmis paanides tapeet Eestist!","publisher":{"@id":"https:\/\/baubauwall.com\/et\/#organization"},"potentialAction":[{"@type":"SearchAction","target":{"@type":"EntryPoint","urlTemplate":"https:\/\/baubauwall.com\/et\/?s={search_term_string}"},"query-input":{"@type":"PropertyValueSpecification","valueRequired":true,"valueName":"search_term_string"}}],"inLanguage":"et"},{"@type":"Organization","@id":"https:\/\/baubauwall.com\/et\/#organization","name":"BAUBAUWALL Wallpapers","url":"https:\/\/baubauwall.com\/et\/","logo":{"@type":"ImageObject","inLanguage":"et","@id":"https:\/\/baubauwall.com\/et\/#\/schema\/logo\/image\/","url":"https:\/\/baubauwall.com\/wp-content\/uploads\/2022\/03\/logo-horizontal.svg","contentUrl":"https:\/\/baubauwall.com\/wp-content\/uploads\/2022\/03\/logo-horizontal.svg","width":"1024","height":"1024","caption":"BAUBAUWALL Wallpapers"},"image":{"@id":"https:\/\/baubauwall.com\/et\/#\/schema\/logo\/image\/"},"sameAs":["https:\/\/www.facebook.com\/Baubauwall","https:\/\/www.instagram.com\/baubauwall"]}]}},"jetpack_sharing_enabled":true,"_links":{"self":[{"href":"https:\/\/baubauwall.com\/et\/wp-json\/wp\/v2\/product\/25619","targetHints":{"allow":["GET"]}}],"collection":[{"href":"https:\/\/baubauwall.com\/et\/wp-json\/wp\/v2\/product"}],"about":[{"href":"https:\/\/baubauwall.com\/et\/wp-json\/wp\/v2\/types\/product"}],"replies":[{"embeddable":true,"href":"https:\/\/baubauwall.com\/et\/wp-json\/wp\/v2\/comments?post=25619"}],"wp:featuredmedia":[{"embeddable":true,"href":"https:\/\/baubauwall.com\/et\/wp-json\/wp\/v2\/media\/25627"}],"wp:attachment":[{"href":"https:\/\/baubauwall.com\/et\/wp-json\/wp\/v2\/media?parent=25619"}],"wp:term":[{"taxonomy":"product_brand","embeddable":true,"href":"https:\/\/baubauwall.com\/et\/wp-json\/wp\/v2\/product_brand?post=25619"},{"taxonomy":"product_cat","embeddable":true,"href":"https:\/\/baubauwall.com\/et\/wp-json\/wp\/v2\/product_cat?post=25619"},{"taxonomy":"product_tag","embeddable":true,"href":"https:\/\/baubauwall.com\/et\/wp-json\/wp\/v2\/product_tag?post=25619"}],"curies":[{"name":"wp","href":"https:\/\/api.w.org\/{rel}","templated":true}]}}