{"id":25701,"date":"2023-03-05T21:40:44","date_gmt":"2023-03-05T19:40:44","guid":{"rendered":"https:\/\/baubauwall.com\/?post_type=product&#038;p=25701"},"modified":"2024-07-19T11:52:30","modified_gmt":"2024-07-19T09:52:30","slug":"pilttapeet-turannosaurus-rex","status":"publish","type":"product","link":"https:\/\/baubauwall.com\/et\/toode\/pilttapeet-turannosaurus-rex\/","title":{"rendered":"T\u00fcrannosaurus Rex"},"content":{"rendered":"<section id=\"productInfoSection\">\n<div class=\"container product-info\">\n<div class=\"row w-75 mx-auto\">\n<div class=\"col-md-12\">\n<p>Kas Sinu lapsele meeldivad dinosaurused? Siis miks mitte tuua need hiiglaslikud m\u00fc\u00fctilised loomad lastetoa tapeedil koju k\u00e4tte! Vesiv\u00e4rvidega maalitud, fantaasiak\u00fcllane pilttapeet, millelt tabad \u00fcli realistlikud eelajaloolised kangelased. Arvatakse, et t\u00fcrannosaurus Rex oli nii suur loom, et ilmselt m\u00fcdises maapind ta jalge all minnes kohtuma teiste saurustega. Paigaldades t\u00fcrannosauruse tapeedile, seda hirmu ei ole! K\u00fcll aga t\u00f5eline vau tapeet teismelise, suurema v\u00f5i v\u00e4iksema dinosauruste huvilise toa seinale!<\/p>\n<p>Nagu k\u00f5ik meie kordusmustriga tapeedid ja pilttapeedid, on ka see disain tr\u00fckitud <a href=\"https:\/\/baubauwall.com\/et\/keskkonnasobralikud-tapeedid\/\" target=\"_blank\" rel=\"noopener\">keskkonnas\u00f5bralike v\u00e4rvidega<\/a>, hingavale fliistapeedi materjalile.<\/p>\n<\/div>\n<\/div>\n<\/div>\n<\/section>\n","protected":false},"excerpt":{"rendered":"<p>Kas Sinu lapsele meeldivad dinosaurused? Siis miks mitte tuua need hiiglaslikud m\u00fc\u00fctilised loomad lastetoa tapeedil koju k\u00e4tte! Vesiv\u00e4rvidega maalitud, fantaasiak\u00fcllane pilttapeet, millelt tabad \u00fcli realistlikud eelajaloolised kangelased. Arvatakse, et t\u00fcrannosaurus Rex oli nii suur loom, et ilmselt m\u00fcdises maapind ta jalge all minnes kohtuma teiste saurustega. Paigaldades t\u00fcrannosauruse tapeedile, seda hirmu ei ole! K\u00fcll aga [&hellip;]<\/p>\n","protected":false},"featured_media":25727,"comment_status":"open","ping_status":"closed","template":"","meta":{"_acf_changed":false,"inline_featured_image":false},"product_brand":[],"product_cat":[629,387,622,394,268,271,400,245,254,255],"product_tag":[726,631,308,376],"class_list":{"0":"post-25701","1":"product","2":"type-product","3":"status-publish","4":"has-post-thumbnail","6":"product_cat-kikki-belle-tapeedid","7":"product_cat-pilttapeedid","8":"product_cat-julged-tapeedid","9":"product_cat-rikkalik","10":"product_cat-kirkad-tapeedid","11":"product_cat-rohelised-tapeedid","12":"product_cat-lastetoa-tapeedid","13":"product_cat-maastik","14":"product_cat-loodus","15":"product_cat-loomad","16":"product_tag-dinosaurused","17":"product_tag-kikki-belle-et","18":"product_tag-poiste-tuba","19":"product_tag-teismelise-tuba","20":"pa_designedby-sir-edward","22":"first","23":"instock","24":"taxable","25":"shipping-taxable","26":"purchasable","27":"product-type-simple"},"acf":[],"yoast_head":"<!-- This site is optimized with the Yoast SEO plugin v25.9 - https:\/\/yoast.com\/wordpress\/plugins\/seo\/ -->\n<title>Dinosaurus ja t\u00fcrannosaurus T-Rex - efektne pilttapeet lastetuppa<\/title>\n<meta name=\"description\" content=\"Pilttapeet T-Rex dinosaurustega - lastetoa seinale. Dinosaurusetega tapeet, mis sobib v\u00e4ikeste eelajaloo huviliste seintele! Keskkonnas\u00f5bralikud tapeedid\" \/>\n<meta name=\"robots\" content=\"index, follow, max-snippet:-1, max-image-preview:large, max-video-preview:-1\" \/>\n<link rel=\"canonical\" href=\"https:\/\/baubauwall.com\/et\/toode\/pilttapeet-turannosaurus-rex\/\" \/>\n<meta property=\"og:locale\" content=\"et_EE\" \/>\n<meta property=\"og:type\" content=\"article\" \/>\n<meta property=\"og:title\" content=\"Dinosaurus ja t\u00fcrannosaurus T-Rex - efektne pilttapeet lastetuppa\" \/>\n<meta property=\"og:description\" content=\"Pilttapeet T-Rex dinosaurustega - lastetoa seinale. Dinosaurusetega tapeet, mis sobib v\u00e4ikeste eelajaloo huviliste seintele! Keskkonnas\u00f5bralikud tapeedid\" \/>\n<meta property=\"og:url\" content=\"https:\/\/baubauwall.com\/et\/toode\/pilttapeet-turannosaurus-rex\/\" \/>\n<meta property=\"og:site_name\" content=\"BAUBAUWALL TAPEEDID\" \/>\n<meta property=\"article:publisher\" content=\"https:\/\/www.facebook.com\/Baubauwall\" \/>\n<meta property=\"article:modified_time\" content=\"2024-07-19T09:52:30+00:00\" \/>\n<meta property=\"og:image\" content=\"https:\/\/baubauwall.com\/wp-content\/uploads\/2023\/03\/51200242_TerrificT-Rex_Baubauwall_Wallmural_room4.jpg\" \/>\n\t<meta property=\"og:image:width\" content=\"2400\" \/>\n\t<meta property=\"og:image:height\" content=\"1600\" \/>\n\t<meta property=\"og:image:type\" content=\"image\/jpeg\" \/>\n<meta name=\"twitter:card\" content=\"summary_large_image\" \/>\n<meta name=\"twitter:label1\" content=\"Est. reading time\" \/>\n\t<meta name=\"twitter:data1\" content=\"1 minut\" \/>\n<script type=\"application\/ld+json\" class=\"yoast-schema-graph\">{\"@context\":\"https:\/\/schema.org\",\"@graph\":[{\"@type\":\"WebPage\",\"@id\":\"https:\/\/baubauwall.com\/et\/toode\/pilttapeet-turannosaurus-rex\/\",\"url\":\"https:\/\/baubauwall.com\/et\/toode\/pilttapeet-turannosaurus-rex\/\",\"name\":\"Dinosaurus ja t\u00fcrannosaurus T-Rex - efektne pilttapeet lastetuppa\",\"isPartOf\":{\"@id\":\"https:\/\/baubauwall.com\/et\/#website\"},\"primaryImageOfPage\":{\"@id\":\"https:\/\/baubauwall.com\/et\/toode\/pilttapeet-turannosaurus-rex\/#primaryimage\"},\"image\":{\"@id\":\"https:\/\/baubauwall.com\/et\/toode\/pilttapeet-turannosaurus-rex\/#primaryimage\"},\"thumbnailUrl\":\"https:\/\/baubauwall.com\/wp-content\/uploads\/2023\/03\/51200242_TerrificT-Rex_Baubauwall_Wallmural_room4.jpg\",\"datePublished\":\"2023-03-05T19:40:44+00:00\",\"dateModified\":\"2024-07-19T09:52:30+00:00\",\"description\":\"Pilttapeet T-Rex dinosaurustega - lastetoa seinale. Dinosaurusetega tapeet, mis sobib v\u00e4ikeste eelajaloo huviliste seintele! Keskkonnas\u00f5bralikud tapeedid\",\"breadcrumb\":{\"@id\":\"https:\/\/baubauwall.com\/et\/toode\/pilttapeet-turannosaurus-rex\/#breadcrumb\"},\"inLanguage\":\"et\",\"potentialAction\":[{\"@type\":\"ReadAction\",\"target\":[\"https:\/\/baubauwall.com\/et\/toode\/pilttapeet-turannosaurus-rex\/\"]}]},{\"@type\":\"ImageObject\",\"inLanguage\":\"et\",\"@id\":\"https:\/\/baubauwall.com\/et\/toode\/pilttapeet-turannosaurus-rex\/#primaryimage\",\"url\":\"https:\/\/baubauwall.com\/wp-content\/uploads\/2023\/03\/51200242_TerrificT-Rex_Baubauwall_Wallmural_room4.jpg\",\"contentUrl\":\"https:\/\/baubauwall.com\/wp-content\/uploads\/2023\/03\/51200242_TerrificT-Rex_Baubauwall_Wallmural_room4.jpg\",\"width\":2400,\"height\":1600},{\"@type\":\"BreadcrumbList\",\"@id\":\"https:\/\/baubauwall.com\/et\/toode\/pilttapeet-turannosaurus-rex\/#breadcrumb\",\"itemListElement\":[{\"@type\":\"ListItem\",\"position\":1,\"name\":\"Koju\",\"item\":\"https:\/\/baubauwall.com\/et\/\"},{\"@type\":\"ListItem\",\"position\":2,\"name\":\"Tapeedid\",\"item\":\"https:\/\/baubauwall.com\/et\/tapeedid\/\"},{\"@type\":\"ListItem\",\"position\":3,\"name\":\"T\u00fcrannosaurus Rex\"}]},{\"@type\":\"WebSite\",\"@id\":\"https:\/\/baubauwall.com\/et\/#website\",\"url\":\"https:\/\/baubauwall.com\/et\/\",\"name\":\"BAUBAUWALL Wallpapers\",\"description\":\"Valmis paanides tapeet Eestist!\",\"publisher\":{\"@id\":\"https:\/\/baubauwall.com\/et\/#organization\"},\"potentialAction\":[{\"@type\":\"SearchAction\",\"target\":{\"@type\":\"EntryPoint\",\"urlTemplate\":\"https:\/\/baubauwall.com\/et\/?s={search_term_string}\"},\"query-input\":{\"@type\":\"PropertyValueSpecification\",\"valueRequired\":true,\"valueName\":\"search_term_string\"}}],\"inLanguage\":\"et\"},{\"@type\":\"Organization\",\"@id\":\"https:\/\/baubauwall.com\/et\/#organization\",\"name\":\"BAUBAUWALL Wallpapers\",\"url\":\"https:\/\/baubauwall.com\/et\/\",\"logo\":{\"@type\":\"ImageObject\",\"inLanguage\":\"et\",\"@id\":\"https:\/\/baubauwall.com\/et\/#\/schema\/logo\/image\/\",\"url\":\"https:\/\/baubauwall.com\/wp-content\/uploads\/2022\/03\/logo-horizontal.svg\",\"contentUrl\":\"https:\/\/baubauwall.com\/wp-content\/uploads\/2022\/03\/logo-horizontal.svg\",\"width\":\"1024\",\"height\":\"1024\",\"caption\":\"BAUBAUWALL Wallpapers\"},\"image\":{\"@id\":\"https:\/\/baubauwall.com\/et\/#\/schema\/logo\/image\/\"},\"sameAs\":[\"https:\/\/www.facebook.com\/Baubauwall\",\"https:\/\/www.instagram.com\/baubauwall\"]}]}<\/script>\n<!-- \/ Yoast SEO plugin. -->","yoast_head_json":{"title":"Dinosaurus ja t\u00fcrannosaurus T-Rex - efektne pilttapeet lastetuppa","description":"Pilttapeet T-Rex dinosaurustega - lastetoa seinale. Dinosaurusetega tapeet, mis sobib v\u00e4ikeste eelajaloo huviliste seintele! Keskkonnas\u00f5bralikud tapeedid","robots":{"index":"index","follow":"follow","max-snippet":"max-snippet:-1","max-image-preview":"max-image-preview:large","max-video-preview":"max-video-preview:-1"},"canonical":"https:\/\/baubauwall.com\/et\/toode\/pilttapeet-turannosaurus-rex\/","og_locale":"et_EE","og_type":"article","og_title":"Dinosaurus ja t\u00fcrannosaurus T-Rex - efektne pilttapeet lastetuppa","og_description":"Pilttapeet T-Rex dinosaurustega - lastetoa seinale. Dinosaurusetega tapeet, mis sobib v\u00e4ikeste eelajaloo huviliste seintele! Keskkonnas\u00f5bralikud tapeedid","og_url":"https:\/\/baubauwall.com\/et\/toode\/pilttapeet-turannosaurus-rex\/","og_site_name":"BAUBAUWALL TAPEEDID","article_publisher":"https:\/\/www.facebook.com\/Baubauwall","article_modified_time":"2024-07-19T09:52:30+00:00","og_image":[{"width":2400,"height":1600,"url":"https:\/\/baubauwall.com\/wp-content\/uploads\/2023\/03\/51200242_TerrificT-Rex_Baubauwall_Wallmural_room4.jpg","type":"image\/jpeg"}],"twitter_card":"summary_large_image","twitter_misc":{"Est. reading time":"1 minut"},"schema":{"@context":"https:\/\/schema.org","@graph":[{"@type":"WebPage","@id":"https:\/\/baubauwall.com\/et\/toode\/pilttapeet-turannosaurus-rex\/","url":"https:\/\/baubauwall.com\/et\/toode\/pilttapeet-turannosaurus-rex\/","name":"Dinosaurus ja t\u00fcrannosaurus T-Rex - efektne pilttapeet lastetuppa","isPartOf":{"@id":"https:\/\/baubauwall.com\/et\/#website"},"primaryImageOfPage":{"@id":"https:\/\/baubauwall.com\/et\/toode\/pilttapeet-turannosaurus-rex\/#primaryimage"},"image":{"@id":"https:\/\/baubauwall.com\/et\/toode\/pilttapeet-turannosaurus-rex\/#primaryimage"},"thumbnailUrl":"https:\/\/baubauwall.com\/wp-content\/uploads\/2023\/03\/51200242_TerrificT-Rex_Baubauwall_Wallmural_room4.jpg","datePublished":"2023-03-05T19:40:44+00:00","dateModified":"2024-07-19T09:52:30+00:00","description":"Pilttapeet T-Rex dinosaurustega - lastetoa seinale. Dinosaurusetega tapeet, mis sobib v\u00e4ikeste eelajaloo huviliste seintele! Keskkonnas\u00f5bralikud tapeedid","breadcrumb":{"@id":"https:\/\/baubauwall.com\/et\/toode\/pilttapeet-turannosaurus-rex\/#breadcrumb"},"inLanguage":"et","potentialAction":[{"@type":"ReadAction","target":["https:\/\/baubauwall.com\/et\/toode\/pilttapeet-turannosaurus-rex\/"]}]},{"@type":"ImageObject","inLanguage":"et","@id":"https:\/\/baubauwall.com\/et\/toode\/pilttapeet-turannosaurus-rex\/#primaryimage","url":"https:\/\/baubauwall.com\/wp-content\/uploads\/2023\/03\/51200242_TerrificT-Rex_Baubauwall_Wallmural_room4.jpg","contentUrl":"https:\/\/baubauwall.com\/wp-content\/uploads\/2023\/03\/51200242_TerrificT-Rex_Baubauwall_Wallmural_room4.jpg","width":2400,"height":1600},{"@type":"BreadcrumbList","@id":"https:\/\/baubauwall.com\/et\/toode\/pilttapeet-turannosaurus-rex\/#breadcrumb","itemListElement":[{"@type":"ListItem","position":1,"name":"Koju","item":"https:\/\/baubauwall.com\/et\/"},{"@type":"ListItem","position":2,"name":"Tapeedid","item":"https:\/\/baubauwall.com\/et\/tapeedid\/"},{"@type":"ListItem","position":3,"name":"T\u00fcrannosaurus Rex"}]},{"@type":"WebSite","@id":"https:\/\/baubauwall.com\/et\/#website","url":"https:\/\/baubauwall.com\/et\/","name":"BAUBAUWALL Wallpapers","description":"Valmis paanides tapeet Eestist!","publisher":{"@id":"https:\/\/baubauwall.com\/et\/#organization"},"potentialAction":[{"@type":"SearchAction","target":{"@type":"EntryPoint","urlTemplate":"https:\/\/baubauwall.com\/et\/?s={search_term_string}"},"query-input":{"@type":"PropertyValueSpecification","valueRequired":true,"valueName":"search_term_string"}}],"inLanguage":"et"},{"@type":"Organization","@id":"https:\/\/baubauwall.com\/et\/#organization","name":"BAUBAUWALL Wallpapers","url":"https:\/\/baubauwall.com\/et\/","logo":{"@type":"ImageObject","inLanguage":"et","@id":"https:\/\/baubauwall.com\/et\/#\/schema\/logo\/image\/","url":"https:\/\/baubauwall.com\/wp-content\/uploads\/2022\/03\/logo-horizontal.svg","contentUrl":"https:\/\/baubauwall.com\/wp-content\/uploads\/2022\/03\/logo-horizontal.svg","width":"1024","height":"1024","caption":"BAUBAUWALL Wallpapers"},"image":{"@id":"https:\/\/baubauwall.com\/et\/#\/schema\/logo\/image\/"},"sameAs":["https:\/\/www.facebook.com\/Baubauwall","https:\/\/www.instagram.com\/baubauwall"]}]}},"jetpack_sharing_enabled":true,"_links":{"self":[{"href":"https:\/\/baubauwall.com\/et\/wp-json\/wp\/v2\/product\/25701","targetHints":{"allow":["GET"]}}],"collection":[{"href":"https:\/\/baubauwall.com\/et\/wp-json\/wp\/v2\/product"}],"about":[{"href":"https:\/\/baubauwall.com\/et\/wp-json\/wp\/v2\/types\/product"}],"replies":[{"embeddable":true,"href":"https:\/\/baubauwall.com\/et\/wp-json\/wp\/v2\/comments?post=25701"}],"wp:featuredmedia":[{"embeddable":true,"href":"https:\/\/baubauwall.com\/et\/wp-json\/wp\/v2\/media\/25727"}],"wp:attachment":[{"href":"https:\/\/baubauwall.com\/et\/wp-json\/wp\/v2\/media?parent=25701"}],"wp:term":[{"taxonomy":"product_brand","embeddable":true,"href":"https:\/\/baubauwall.com\/et\/wp-json\/wp\/v2\/product_brand?post=25701"},{"taxonomy":"product_cat","embeddable":true,"href":"https:\/\/baubauwall.com\/et\/wp-json\/wp\/v2\/product_cat?post=25701"},{"taxonomy":"product_tag","embeddable":true,"href":"https:\/\/baubauwall.com\/et\/wp-json\/wp\/v2\/product_tag?post=25701"}],"curies":[{"name":"wp","href":"https:\/\/api.w.org\/{rel}","templated":true}]}}