{"id":25783,"date":"2023-03-06T12:26:17","date_gmt":"2023-03-06T10:26:17","guid":{"rendered":"https:\/\/baubauwall.com\/?post_type=product&#038;p=25783"},"modified":"2025-11-03T16:14:05","modified_gmt":"2025-11-03T14:14:05","slug":"karukuningas-roheline-pilttapeet","status":"publish","type":"product","link":"https:\/\/baubauwall.com\/et\/toode\/karukuningas-roheline-pilttapeet\/","title":{"rendered":"Karukuningas &#8211; heleroheline"},"content":{"rendered":"<p>Trendikas salveiroheline lastetoa tapeet, mida on lihtne sobitada muu sisustusega. P\u00f5hjamaine ja r\u00f5\u00f5mus disain lastetuppa, mis on t\u00e4is v\u00e4ikeseid avastusi! Lastetuba on unistamiseks, m\u00e4ngimiseks ja veidi vanemana \u00f5ppimiseks. Karukuninga pilttapeet on sellises stiilis, et v\u00f5iks p\u00fcsida lastetoas aastaid, muutumata liiga lapselikuks. Ja kellele ei too naeratust n\u00e4ole tapeet, kus on krooniga karu, hirv, rebane ja nunnu j\u00e4nku \u00fcksteise otsas &#8211; kas nad p\u00fc\u00fcavad olla k\u00f5rgemad kasepuudest?<\/p>\n<p>Nagu k\u00f5ik meie kordusmustriga tapeedid ja pilttapeedid, on ka see salveroheline tapeedidisain tr\u00fckitud <a href=\"https:\/\/baubauwall.com\/et\/keskkonnasobralikud-tapeedid\/\" target=\"_blank\" rel=\"noopener\">keskkonnas\u00f5bralike v\u00e4rvidega<\/a>, hingavale fliistapeedi materjalile, mis ei l\u00e4igi ja on lihtne paigaldada.<\/p>\n<p><strong>Miks see tapeet v\u00f5iks Sulle meeldida?<\/strong><\/p>\n<ul>\n<li>Eesti ettev\u00f5te<\/li>\n<li>Salveiroheline lastetoa tapeet muudab interj\u00f6\u00f6ri hetkega m\u00e4nguliseks<\/li>\n<li>Tr\u00fckime tapeedi t\u00e4pselt Sinu seina m\u00f5\u00f5dus<\/li>\n<li>Premium, matt fliistapeedi materjal, 100% taaskasutatud kiust<\/li>\n<li>M\u00fcrgivabad tr\u00fckiv\u00e4rvid,\u00a0<em>Greenguard<\/em>\u00a0sertifitseeritud<\/li>\n<li>Keskkonnas\u00f5bralik, j\u00e4\u00e4tmevaba tapeetimine<\/li>\n<li>Kaasa tasuta tapeediliim<\/li>\n<li>Tasuta transport ja kiire tarne 5 t\u00f6\u00f6p\u00e4evaga<\/li>\n<\/ul>\n<p>Loe l\u00e4hemalt nutikatest, eritellimust\u00f6\u00f6na valmivatest tapeetidest\u00a0<a href=\"https:\/\/baubauwall.com\/et\/keskkonnasobralikud-tapeedid\/\">siit.<\/a><\/p>\n","protected":false},"excerpt":{"rendered":"<p>Trendikas salveiroheline lastetoa tapeet, mida on lihtne sobitada muu sisustusega. P\u00f5hjamaine ja r\u00f5\u00f5mus disain lastetuppa, mis on t\u00e4is v\u00e4ikeseid avastusi! Lastetuba on unistamiseks, m\u00e4ngimiseks ja veidi vanemana \u00f5ppimiseks. Karukuninga pilttapeet on sellises stiilis, et v\u00f5iks p\u00fcsida lastetoas aastaid, muutumata liiga lapselikuks. Ja kellele ei too naeratust n\u00e4ole tapeet, kus on krooniga karu, hirv, rebane ja [&hellip;]<\/p>\n","protected":false},"featured_media":38436,"comment_status":"open","ping_status":"closed","template":"","meta":{"_acf_changed":false,"inline_featured_image":false},"product_brand":[],"product_cat":[629,387,395,406,396,271,273,276,400,248,254,255],"product_tag":[631,345,308,608,724,324],"class_list":{"0":"post-25783","1":"product","2":"type-product","3":"status-publish","4":"has-post-thumbnail","6":"product_cat-kikki-belle-tapeedid","7":"product_cat-pilttapeedid","8":"product_cat-romantiline","9":"product_cat-klassika","10":"product_cat-skandinaavia","11":"product_cat-rohelised-tapeedid","12":"product_cat-heledad-tapeedid","13":"product_cat-pastelsed-tapeedid","14":"product_cat-lastetoa-tapeedid","15":"product_cat-mets","16":"product_cat-loodus","17":"product_cat-loomad","18":"product_tag-kikki-belle-et","19":"product_tag-pilttapeet","20":"product_tag-poiste-tuba","21":"product_tag-sage-et","22":"product_tag-sooneutraalsed-varvid-et","23":"product_tag-tudruku-tuba","25":"first","26":"instock","27":"taxable","28":"shipping-taxable","29":"purchasable","30":"product-type-simple"},"acf":[],"yoast_head":"<!-- This site is optimized with the Yoast SEO plugin v25.9 - https:\/\/yoast.com\/wordpress\/plugins\/seo\/ -->\n<title>Salveiroheline lastetoa tapeet | Muinasjutuline karukuningas<\/title>\n<meta name=\"description\" content=\"Salveiroheline lastetoa tapeet. Heleroheline tapeet metsa, karu, j\u00e4nkude ja rebastega toob metsavaate lastetuppa! Keskkonnas\u00f5bralik tapeet just lastele!\" \/>\n<meta name=\"robots\" content=\"index, follow, max-snippet:-1, max-image-preview:large, max-video-preview:-1\" \/>\n<link rel=\"canonical\" href=\"https:\/\/baubauwall.com\/et\/toode\/karukuningas-roheline-pilttapeet\/\" \/>\n<meta property=\"og:locale\" content=\"et_EE\" \/>\n<meta property=\"og:type\" content=\"article\" \/>\n<meta property=\"og:title\" content=\"Salveiroheline lastetoa tapeet | Muinasjutuline karukuningas\" \/>\n<meta property=\"og:description\" content=\"Salveiroheline lastetoa tapeet. Heleroheline tapeet metsa, karu, j\u00e4nkude ja rebastega toob metsavaate lastetuppa! Keskkonnas\u00f5bralik tapeet just lastele!\" \/>\n<meta property=\"og:url\" content=\"https:\/\/baubauwall.com\/et\/toode\/karukuningas-roheline-pilttapeet\/\" \/>\n<meta property=\"og:site_name\" content=\"BAUBAUWALL TAPEEDID\" \/>\n<meta property=\"article:publisher\" content=\"https:\/\/www.facebook.com\/Baubauwall\" \/>\n<meta property=\"article:modified_time\" content=\"2025-11-03T14:14:05+00:00\" \/>\n<meta property=\"og:image\" content=\"https:\/\/baubauwall.com\/wp-content\/uploads\/2023\/03\/51200201_BearKing-Green_Baubauwall_Wallmural_room1-1-scaled.jpg\" \/>\n\t<meta property=\"og:image:width\" content=\"2560\" \/>\n\t<meta property=\"og:image:height\" content=\"1350\" \/>\n\t<meta property=\"og:image:type\" content=\"image\/jpeg\" \/>\n<meta name=\"twitter:card\" content=\"summary_large_image\" \/>\n<meta name=\"twitter:label1\" content=\"Est. reading time\" \/>\n\t<meta name=\"twitter:data1\" content=\"1 minut\" \/>\n<script type=\"application\/ld+json\" class=\"yoast-schema-graph\">{\"@context\":\"https:\/\/schema.org\",\"@graph\":[{\"@type\":\"WebPage\",\"@id\":\"https:\/\/baubauwall.com\/et\/toode\/karukuningas-roheline-pilttapeet\/\",\"url\":\"https:\/\/baubauwall.com\/et\/toode\/karukuningas-roheline-pilttapeet\/\",\"name\":\"Salveiroheline lastetoa tapeet | Muinasjutuline karukuningas\",\"isPartOf\":{\"@id\":\"https:\/\/baubauwall.com\/et\/#website\"},\"primaryImageOfPage\":{\"@id\":\"https:\/\/baubauwall.com\/et\/toode\/karukuningas-roheline-pilttapeet\/#primaryimage\"},\"image\":{\"@id\":\"https:\/\/baubauwall.com\/et\/toode\/karukuningas-roheline-pilttapeet\/#primaryimage\"},\"thumbnailUrl\":\"https:\/\/baubauwall.com\/wp-content\/uploads\/2023\/03\/51200201_BearKing-Green_Baubauwall_Wallmural_room1-1-scaled.jpg\",\"datePublished\":\"2023-03-06T10:26:17+00:00\",\"dateModified\":\"2025-11-03T14:14:05+00:00\",\"description\":\"Salveiroheline lastetoa tapeet. Heleroheline tapeet metsa, karu, j\u00e4nkude ja rebastega toob metsavaate lastetuppa! Keskkonnas\u00f5bralik tapeet just lastele!\",\"breadcrumb\":{\"@id\":\"https:\/\/baubauwall.com\/et\/toode\/karukuningas-roheline-pilttapeet\/#breadcrumb\"},\"inLanguage\":\"et\",\"potentialAction\":[{\"@type\":\"ReadAction\",\"target\":[\"https:\/\/baubauwall.com\/et\/toode\/karukuningas-roheline-pilttapeet\/\"]}]},{\"@type\":\"ImageObject\",\"inLanguage\":\"et\",\"@id\":\"https:\/\/baubauwall.com\/et\/toode\/karukuningas-roheline-pilttapeet\/#primaryimage\",\"url\":\"https:\/\/baubauwall.com\/wp-content\/uploads\/2023\/03\/51200201_BearKing-Green_Baubauwall_Wallmural_room1-1-scaled.jpg\",\"contentUrl\":\"https:\/\/baubauwall.com\/wp-content\/uploads\/2023\/03\/51200201_BearKing-Green_Baubauwall_Wallmural_room1-1-scaled.jpg\",\"width\":2560,\"height\":1350,\"caption\":\"Karukuningas pilttapeet lastetuppa. Lastetoa tapeet, Baubauwall tapeedid\"},{\"@type\":\"BreadcrumbList\",\"@id\":\"https:\/\/baubauwall.com\/et\/toode\/karukuningas-roheline-pilttapeet\/#breadcrumb\",\"itemListElement\":[{\"@type\":\"ListItem\",\"position\":1,\"name\":\"Koju\",\"item\":\"https:\/\/baubauwall.com\/et\/\"},{\"@type\":\"ListItem\",\"position\":2,\"name\":\"Tapeedid\",\"item\":\"https:\/\/baubauwall.com\/et\/tapeedid\/\"},{\"@type\":\"ListItem\",\"position\":3,\"name\":\"Karukuningas &#8211; heleroheline\"}]},{\"@type\":\"WebSite\",\"@id\":\"https:\/\/baubauwall.com\/et\/#website\",\"url\":\"https:\/\/baubauwall.com\/et\/\",\"name\":\"BAUBAUWALL Wallpapers\",\"description\":\"Valmis paanides tapeet Eestist!\",\"publisher\":{\"@id\":\"https:\/\/baubauwall.com\/et\/#organization\"},\"potentialAction\":[{\"@type\":\"SearchAction\",\"target\":{\"@type\":\"EntryPoint\",\"urlTemplate\":\"https:\/\/baubauwall.com\/et\/?s={search_term_string}\"},\"query-input\":{\"@type\":\"PropertyValueSpecification\",\"valueRequired\":true,\"valueName\":\"search_term_string\"}}],\"inLanguage\":\"et\"},{\"@type\":\"Organization\",\"@id\":\"https:\/\/baubauwall.com\/et\/#organization\",\"name\":\"BAUBAUWALL Wallpapers\",\"url\":\"https:\/\/baubauwall.com\/et\/\",\"logo\":{\"@type\":\"ImageObject\",\"inLanguage\":\"et\",\"@id\":\"https:\/\/baubauwall.com\/et\/#\/schema\/logo\/image\/\",\"url\":\"https:\/\/baubauwall.com\/wp-content\/uploads\/2022\/03\/logo-horizontal.svg\",\"contentUrl\":\"https:\/\/baubauwall.com\/wp-content\/uploads\/2022\/03\/logo-horizontal.svg\",\"width\":\"1024\",\"height\":\"1024\",\"caption\":\"BAUBAUWALL Wallpapers\"},\"image\":{\"@id\":\"https:\/\/baubauwall.com\/et\/#\/schema\/logo\/image\/\"},\"sameAs\":[\"https:\/\/www.facebook.com\/Baubauwall\",\"https:\/\/www.instagram.com\/baubauwall\"]}]}<\/script>\n<!-- \/ Yoast SEO plugin. -->","yoast_head_json":{"title":"Salveiroheline lastetoa tapeet | Muinasjutuline karukuningas","description":"Salveiroheline lastetoa tapeet. Heleroheline tapeet metsa, karu, j\u00e4nkude ja rebastega toob metsavaate lastetuppa! Keskkonnas\u00f5bralik tapeet just lastele!","robots":{"index":"index","follow":"follow","max-snippet":"max-snippet:-1","max-image-preview":"max-image-preview:large","max-video-preview":"max-video-preview:-1"},"canonical":"https:\/\/baubauwall.com\/et\/toode\/karukuningas-roheline-pilttapeet\/","og_locale":"et_EE","og_type":"article","og_title":"Salveiroheline lastetoa tapeet | Muinasjutuline karukuningas","og_description":"Salveiroheline lastetoa tapeet. Heleroheline tapeet metsa, karu, j\u00e4nkude ja rebastega toob metsavaate lastetuppa! Keskkonnas\u00f5bralik tapeet just lastele!","og_url":"https:\/\/baubauwall.com\/et\/toode\/karukuningas-roheline-pilttapeet\/","og_site_name":"BAUBAUWALL TAPEEDID","article_publisher":"https:\/\/www.facebook.com\/Baubauwall","article_modified_time":"2025-11-03T14:14:05+00:00","og_image":[{"width":2560,"height":1350,"url":"https:\/\/baubauwall.com\/wp-content\/uploads\/2023\/03\/51200201_BearKing-Green_Baubauwall_Wallmural_room1-1-scaled.jpg","type":"image\/jpeg"}],"twitter_card":"summary_large_image","twitter_misc":{"Est. reading time":"1 minut"},"schema":{"@context":"https:\/\/schema.org","@graph":[{"@type":"WebPage","@id":"https:\/\/baubauwall.com\/et\/toode\/karukuningas-roheline-pilttapeet\/","url":"https:\/\/baubauwall.com\/et\/toode\/karukuningas-roheline-pilttapeet\/","name":"Salveiroheline lastetoa tapeet | Muinasjutuline karukuningas","isPartOf":{"@id":"https:\/\/baubauwall.com\/et\/#website"},"primaryImageOfPage":{"@id":"https:\/\/baubauwall.com\/et\/toode\/karukuningas-roheline-pilttapeet\/#primaryimage"},"image":{"@id":"https:\/\/baubauwall.com\/et\/toode\/karukuningas-roheline-pilttapeet\/#primaryimage"},"thumbnailUrl":"https:\/\/baubauwall.com\/wp-content\/uploads\/2023\/03\/51200201_BearKing-Green_Baubauwall_Wallmural_room1-1-scaled.jpg","datePublished":"2023-03-06T10:26:17+00:00","dateModified":"2025-11-03T14:14:05+00:00","description":"Salveiroheline lastetoa tapeet. Heleroheline tapeet metsa, karu, j\u00e4nkude ja rebastega toob metsavaate lastetuppa! Keskkonnas\u00f5bralik tapeet just lastele!","breadcrumb":{"@id":"https:\/\/baubauwall.com\/et\/toode\/karukuningas-roheline-pilttapeet\/#breadcrumb"},"inLanguage":"et","potentialAction":[{"@type":"ReadAction","target":["https:\/\/baubauwall.com\/et\/toode\/karukuningas-roheline-pilttapeet\/"]}]},{"@type":"ImageObject","inLanguage":"et","@id":"https:\/\/baubauwall.com\/et\/toode\/karukuningas-roheline-pilttapeet\/#primaryimage","url":"https:\/\/baubauwall.com\/wp-content\/uploads\/2023\/03\/51200201_BearKing-Green_Baubauwall_Wallmural_room1-1-scaled.jpg","contentUrl":"https:\/\/baubauwall.com\/wp-content\/uploads\/2023\/03\/51200201_BearKing-Green_Baubauwall_Wallmural_room1-1-scaled.jpg","width":2560,"height":1350,"caption":"Karukuningas pilttapeet lastetuppa. Lastetoa tapeet, Baubauwall tapeedid"},{"@type":"BreadcrumbList","@id":"https:\/\/baubauwall.com\/et\/toode\/karukuningas-roheline-pilttapeet\/#breadcrumb","itemListElement":[{"@type":"ListItem","position":1,"name":"Koju","item":"https:\/\/baubauwall.com\/et\/"},{"@type":"ListItem","position":2,"name":"Tapeedid","item":"https:\/\/baubauwall.com\/et\/tapeedid\/"},{"@type":"ListItem","position":3,"name":"Karukuningas &#8211; heleroheline"}]},{"@type":"WebSite","@id":"https:\/\/baubauwall.com\/et\/#website","url":"https:\/\/baubauwall.com\/et\/","name":"BAUBAUWALL Wallpapers","description":"Valmis paanides tapeet Eestist!","publisher":{"@id":"https:\/\/baubauwall.com\/et\/#organization"},"potentialAction":[{"@type":"SearchAction","target":{"@type":"EntryPoint","urlTemplate":"https:\/\/baubauwall.com\/et\/?s={search_term_string}"},"query-input":{"@type":"PropertyValueSpecification","valueRequired":true,"valueName":"search_term_string"}}],"inLanguage":"et"},{"@type":"Organization","@id":"https:\/\/baubauwall.com\/et\/#organization","name":"BAUBAUWALL Wallpapers","url":"https:\/\/baubauwall.com\/et\/","logo":{"@type":"ImageObject","inLanguage":"et","@id":"https:\/\/baubauwall.com\/et\/#\/schema\/logo\/image\/","url":"https:\/\/baubauwall.com\/wp-content\/uploads\/2022\/03\/logo-horizontal.svg","contentUrl":"https:\/\/baubauwall.com\/wp-content\/uploads\/2022\/03\/logo-horizontal.svg","width":"1024","height":"1024","caption":"BAUBAUWALL Wallpapers"},"image":{"@id":"https:\/\/baubauwall.com\/et\/#\/schema\/logo\/image\/"},"sameAs":["https:\/\/www.facebook.com\/Baubauwall","https:\/\/www.instagram.com\/baubauwall"]}]}},"jetpack_sharing_enabled":true,"_links":{"self":[{"href":"https:\/\/baubauwall.com\/et\/wp-json\/wp\/v2\/product\/25783","targetHints":{"allow":["GET"]}}],"collection":[{"href":"https:\/\/baubauwall.com\/et\/wp-json\/wp\/v2\/product"}],"about":[{"href":"https:\/\/baubauwall.com\/et\/wp-json\/wp\/v2\/types\/product"}],"replies":[{"embeddable":true,"href":"https:\/\/baubauwall.com\/et\/wp-json\/wp\/v2\/comments?post=25783"}],"wp:featuredmedia":[{"embeddable":true,"href":"https:\/\/baubauwall.com\/et\/wp-json\/wp\/v2\/media\/38436"}],"wp:attachment":[{"href":"https:\/\/baubauwall.com\/et\/wp-json\/wp\/v2\/media?parent=25783"}],"wp:term":[{"taxonomy":"product_brand","embeddable":true,"href":"https:\/\/baubauwall.com\/et\/wp-json\/wp\/v2\/product_brand?post=25783"},{"taxonomy":"product_cat","embeddable":true,"href":"https:\/\/baubauwall.com\/et\/wp-json\/wp\/v2\/product_cat?post=25783"},{"taxonomy":"product_tag","embeddable":true,"href":"https:\/\/baubauwall.com\/et\/wp-json\/wp\/v2\/product_tag?post=25783"}],"curies":[{"name":"wp","href":"https:\/\/api.w.org\/{rel}","templated":true}]}}