{"id":25885,"date":"2023-03-07T14:54:59","date_gmt":"2023-03-07T12:54:59","guid":{"rendered":"https:\/\/baubauwall.com\/?post_type=product&#038;p=25885"},"modified":"2025-04-29T10:51:38","modified_gmt":"2025-04-29T08:51:38","slug":"pilttapeet-suvine-mets","status":"publish","type":"product","link":"https:\/\/baubauwall.com\/et\/toode\/pilttapeet-suvine-mets\/","title":{"rendered":"Suvine mets"},"content":{"rendered":"<p>P\u00f5hjamaine, lastetoa tapeet metsaga. Lastetuba on ju unistamiseks, m\u00e4ngimiseks ja koht \u00f5ppimiseks ning see suvine mets tapeedil on heaks taustaks k\u00f5igele sellele. Valides tapeeti lastetuppa, pea meeles, et l\u00f5pptulemus v\u00f5iks laste kujutlusv\u00f5imet veelgi v\u00f5imendada. Hea lastetoa tapeet on ju \u00fctlemata inspireeriv, muinasjutuline ja otsatult armas! Sellel k\u00e4sitsi maalitud, rohelistes toonides pilttapeedil on k\u00f5ik see olemas. Lase lapse m\u00f5tetel r\u00e4nnata ja saada s\u00f5braks metsloomadega &#8211; rebaste, kitsekeste, oravate ja j\u00e4nkudega.\u00a0\u00a0See on pilttapeet, mis sobib h\u00e4sti just lastetoa aktsentseinale. V\u00e4rvi muud seinad sama tapeedi p\u00f5hiv\u00e4rvi \u2013 helerohelisega v\u00f5i helehalliks.<\/p>\n<p>Suvine mets pilttapeet on ideaalne variant, kui \u00fches toas elavad nii poiss kui ka t\u00fcdruk. Samuti on see universaalne tapeet erineva vanusega lastele &#8211; ei ole vaja karta, et paari aasta p\u00e4rast ei ole disain eakohane, ja et laps ei soovi oma toaseintele enam liiga &#8220;titekat&#8221; tapeeti! Piilu ka meie <a href=\"https:\/\/baubauwall.com\/et\/ideed\/let-the-homes-do-the-talking\/\" target=\"_blank\" rel=\"noopener\">tehtud t\u00f6\u00f6de galeriid,<\/a> v\u00f5i <a href=\"https:\/\/www.scandinavianhome.ee\/interjoorid\/pilttapeet-toob-lastetuppa-maagiat\">vaata seda P\u00f5hjamaist kodu<\/a>, kust lastetoa tapeet rohelise metsaga leidis uue kodu!<\/p>\n<p><strong>Miks osta lastetoa tapeet siit? Tapeetimine pole kunagi nii lihtne olnud!<\/strong><\/p>\n<ul>\n<li>Need k\u00f5ige nunnumad tapeedid &#8211; disainitud lastele<\/li>\n<li>Nummerdatud tapeedipaanid<\/li>\n<li>Just nii pikad tapeedipaanid, kui on Sinu sein<\/li>\n<li>Premium, matt\u00a0<a href=\"https:\/\/baubauwall.com\/et\/nipid\/fliistapeet-voi-pabertapeet\/\" target=\"_blank\" rel=\"noopener\">fliistapeedi materjal<\/a><\/li>\n<li>M\u00fcrgivabad tr\u00fckiv\u00e4rvid, Greenguard sertifitseeritud<\/li>\n<li>Keskkonnas\u00f5bralik, j\u00e4\u00e4tmevaba tapeetimine<\/li>\n<li>Tasuta tapeediliim<\/li>\n<li>Tasuta transport ja kiire tarne 5 t\u00f6\u00f6p\u00e4evaga<\/li>\n<\/ul>\n","protected":false},"excerpt":{"rendered":"<p>P\u00f5hjamaine, lastetoa tapeet metsaga. Lastetuba on ju unistamiseks, m\u00e4ngimiseks ja koht \u00f5ppimiseks ning see suvine mets tapeedil on heaks taustaks k\u00f5igele sellele. Valides tapeeti lastetuppa, pea meeles, et l\u00f5pptulemus v\u00f5iks laste kujutlusv\u00f5imet veelgi v\u00f5imendada. Hea lastetoa tapeet on ju \u00fctlemata inspireeriv, muinasjutuline ja otsatult armas! Sellel k\u00e4sitsi maalitud, rohelistes toonides pilttapeedil on k\u00f5ik see olemas. [&hellip;]<\/p>\n","protected":false},"featured_media":25911,"comment_status":"open","ping_status":"closed","template":"","meta":{"_acf_changed":false,"inline_featured_image":false},"product_brand":[],"product_cat":[629,387,395,394,396,271,400,248,254,255,561],"product_tag":[631,345,308,324],"class_list":{"0":"post-25885","1":"product","2":"type-product","3":"status-publish","4":"has-post-thumbnail","6":"product_cat-kikki-belle-tapeedid","7":"product_cat-pilttapeedid","8":"product_cat-romantiline","9":"product_cat-rikkalik","10":"product_cat-skandinaavia","11":"product_cat-rohelised-tapeedid","12":"product_cat-lastetoa-tapeedid","13":"product_cat-mets","14":"product_cat-loodus","15":"product_cat-loomad","16":"product_cat-suvised-tapeedid","17":"product_tag-kikki-belle-et","18":"product_tag-pilttapeet","19":"product_tag-poiste-tuba","20":"product_tag-tudruku-tuba","21":"pa_designedby-sir-edward","23":"first","24":"instock","25":"taxable","26":"shipping-taxable","27":"purchasable","28":"product-type-simple"},"acf":[],"yoast_head":"<!-- This site is optimized with the Yoast SEO plugin v25.9 - https:\/\/yoast.com\/wordpress\/plugins\/seo\/ -->\n<title>Lastetoa tapeet metsaga - trendikaim tapeet lastetuppa<\/title>\n<meta name=\"description\" content=\"Lastetoa tapeet metsaga, kus elutsevad imeilusad loomad. Roheline disaintapeet rebase, j\u00e4nkude ja rebastega. Too metsamuinasjutt lastetoa seinale!\" \/>\n<meta name=\"robots\" content=\"index, follow, max-snippet:-1, max-image-preview:large, max-video-preview:-1\" \/>\n<link rel=\"canonical\" href=\"https:\/\/baubauwall.com\/et\/toode\/pilttapeet-suvine-mets\/\" \/>\n<meta property=\"og:locale\" content=\"et_EE\" \/>\n<meta property=\"og:type\" content=\"article\" \/>\n<meta property=\"og:title\" content=\"BAUBAUWALL Wallpapers\" \/>\n<meta property=\"og:description\" content=\"Lastetoa tapeet metsaga, kus elutsevad imeilusad loomad. Roheline disaintapeet rebase, j\u00e4nkude ja rebastega. Too metsamuinasjutt lastetoa seinale!\" \/>\n<meta property=\"og:url\" content=\"https:\/\/baubauwall.com\/et\/toode\/pilttapeet-suvine-mets\/\" \/>\n<meta property=\"og:site_name\" content=\"BAUBAUWALL Wallpapers\" \/>\n<meta property=\"article:publisher\" content=\"https:\/\/www.facebook.com\/Baubauwall\" \/>\n<meta property=\"article:modified_time\" content=\"2025-04-29T08:51:38+00:00\" \/>\n<meta property=\"og:image\" content=\"https:\/\/baubauwall.com\/wp-content\/uploads\/2025\/04\/Lastetoa-tapeet-metsaga-Baubauwall-Tapeedid_Lastele.jpeg\" \/>\n\t<meta property=\"og:image:width\" content=\"1071\" \/>\n\t<meta property=\"og:image:height\" content=\"1509\" \/>\n\t<meta property=\"og:image:type\" content=\"image\/jpeg\" \/>\n<meta name=\"twitter:card\" content=\"summary_large_image\" \/>\n<meta name=\"twitter:label1\" content=\"Est. reading time\" \/>\n\t<meta name=\"twitter:data1\" content=\"2 minutit\" \/>\n<script type=\"application\/ld+json\" class=\"yoast-schema-graph\">{\"@context\":\"https:\/\/schema.org\",\"@graph\":[{\"@type\":\"WebPage\",\"@id\":\"https:\/\/baubauwall.com\/et\/toode\/pilttapeet-suvine-mets\/\",\"url\":\"https:\/\/baubauwall.com\/et\/toode\/pilttapeet-suvine-mets\/\",\"name\":\"Lastetoa tapeet metsaga - trendikaim tapeet lastetuppa\",\"isPartOf\":{\"@id\":\"https:\/\/baubauwall.com\/et\/#website\"},\"primaryImageOfPage\":{\"@id\":\"https:\/\/baubauwall.com\/et\/toode\/pilttapeet-suvine-mets\/#primaryimage\"},\"image\":{\"@id\":\"https:\/\/baubauwall.com\/et\/toode\/pilttapeet-suvine-mets\/#primaryimage\"},\"thumbnailUrl\":\"https:\/\/baubauwall.com\/wp-content\/uploads\/2023\/03\/51200248_WoodlandWonders_Baubauwall_Wallmural_room4.jpg\",\"datePublished\":\"2023-03-07T12:54:59+00:00\",\"dateModified\":\"2025-04-29T08:51:38+00:00\",\"description\":\"Lastetoa tapeet metsaga, kus elutsevad imeilusad loomad. Roheline disaintapeet rebase, j\u00e4nkude ja rebastega. Too metsamuinasjutt lastetoa seinale!\",\"breadcrumb\":{\"@id\":\"https:\/\/baubauwall.com\/et\/toode\/pilttapeet-suvine-mets\/#breadcrumb\"},\"inLanguage\":\"et\",\"potentialAction\":[{\"@type\":\"ReadAction\",\"target\":[\"https:\/\/baubauwall.com\/et\/toode\/pilttapeet-suvine-mets\/\"]}]},{\"@type\":\"ImageObject\",\"inLanguage\":\"et\",\"@id\":\"https:\/\/baubauwall.com\/et\/toode\/pilttapeet-suvine-mets\/#primaryimage\",\"url\":\"https:\/\/baubauwall.com\/wp-content\/uploads\/2023\/03\/51200248_WoodlandWonders_Baubauwall_Wallmural_room4.jpg\",\"contentUrl\":\"https:\/\/baubauwall.com\/wp-content\/uploads\/2023\/03\/51200248_WoodlandWonders_Baubauwall_Wallmural_room4.jpg\",\"width\":2404,\"height\":1600,\"caption\":\"Woodland wonders - top selling wall mural wallpaper for kids rooms | Lastetoa tapeet metsaga\"},{\"@type\":\"BreadcrumbList\",\"@id\":\"https:\/\/baubauwall.com\/et\/toode\/pilttapeet-suvine-mets\/#breadcrumb\",\"itemListElement\":[{\"@type\":\"ListItem\",\"position\":1,\"name\":\"Koju\",\"item\":\"https:\/\/baubauwall.com\/et\/\"},{\"@type\":\"ListItem\",\"position\":2,\"name\":\"Tapeedid\",\"item\":\"https:\/\/baubauwall.com\/et\/tapeedid\/\"},{\"@type\":\"ListItem\",\"position\":3,\"name\":\"Suvine mets\"}]},{\"@type\":\"WebSite\",\"@id\":\"https:\/\/baubauwall.com\/et\/#website\",\"url\":\"https:\/\/baubauwall.com\/et\/\",\"name\":\"BAUBAUWALL Wallpapers\",\"description\":\"Valmis paanides tapeet Eestist!\",\"publisher\":{\"@id\":\"https:\/\/baubauwall.com\/et\/#organization\"},\"potentialAction\":[{\"@type\":\"SearchAction\",\"target\":{\"@type\":\"EntryPoint\",\"urlTemplate\":\"https:\/\/baubauwall.com\/et\/?s={search_term_string}\"},\"query-input\":{\"@type\":\"PropertyValueSpecification\",\"valueRequired\":true,\"valueName\":\"search_term_string\"}}],\"inLanguage\":\"et\"},{\"@type\":\"Organization\",\"@id\":\"https:\/\/baubauwall.com\/et\/#organization\",\"name\":\"BAUBAUWALL Wallpapers\",\"url\":\"https:\/\/baubauwall.com\/et\/\",\"logo\":{\"@type\":\"ImageObject\",\"inLanguage\":\"et\",\"@id\":\"https:\/\/baubauwall.com\/et\/#\/schema\/logo\/image\/\",\"url\":\"https:\/\/baubauwall.com\/wp-content\/uploads\/2022\/03\/logo-horizontal.svg\",\"contentUrl\":\"https:\/\/baubauwall.com\/wp-content\/uploads\/2022\/03\/logo-horizontal.svg\",\"width\":\"1024\",\"height\":\"1024\",\"caption\":\"BAUBAUWALL Wallpapers\"},\"image\":{\"@id\":\"https:\/\/baubauwall.com\/et\/#\/schema\/logo\/image\/\"},\"sameAs\":[\"https:\/\/www.facebook.com\/Baubauwall\",\"https:\/\/www.instagram.com\/baubauwall\"]}]}<\/script>\n<!-- \/ Yoast SEO plugin. -->","yoast_head_json":{"title":"Lastetoa tapeet metsaga - trendikaim tapeet lastetuppa","description":"Lastetoa tapeet metsaga, kus elutsevad imeilusad loomad. Roheline disaintapeet rebase, j\u00e4nkude ja rebastega. Too metsamuinasjutt lastetoa seinale!","robots":{"index":"index","follow":"follow","max-snippet":"max-snippet:-1","max-image-preview":"max-image-preview:large","max-video-preview":"max-video-preview:-1"},"canonical":"https:\/\/baubauwall.com\/et\/toode\/pilttapeet-suvine-mets\/","og_locale":"et_EE","og_type":"article","og_title":"BAUBAUWALL Wallpapers","og_description":"Lastetoa tapeet metsaga, kus elutsevad imeilusad loomad. Roheline disaintapeet rebase, j\u00e4nkude ja rebastega. Too metsamuinasjutt lastetoa seinale!","og_url":"https:\/\/baubauwall.com\/et\/toode\/pilttapeet-suvine-mets\/","og_site_name":"BAUBAUWALL Wallpapers","article_publisher":"https:\/\/www.facebook.com\/Baubauwall","article_modified_time":"2025-04-29T08:51:38+00:00","og_image":[{"width":1071,"height":1509,"url":"https:\/\/baubauwall.com\/wp-content\/uploads\/2025\/04\/Lastetoa-tapeet-metsaga-Baubauwall-Tapeedid_Lastele.jpeg","type":"image\/jpeg"}],"twitter_card":"summary_large_image","twitter_misc":{"Est. reading time":"2 minutit"},"schema":{"@context":"https:\/\/schema.org","@graph":[{"@type":"WebPage","@id":"https:\/\/baubauwall.com\/et\/toode\/pilttapeet-suvine-mets\/","url":"https:\/\/baubauwall.com\/et\/toode\/pilttapeet-suvine-mets\/","name":"Lastetoa tapeet metsaga - trendikaim tapeet lastetuppa","isPartOf":{"@id":"https:\/\/baubauwall.com\/et\/#website"},"primaryImageOfPage":{"@id":"https:\/\/baubauwall.com\/et\/toode\/pilttapeet-suvine-mets\/#primaryimage"},"image":{"@id":"https:\/\/baubauwall.com\/et\/toode\/pilttapeet-suvine-mets\/#primaryimage"},"thumbnailUrl":"https:\/\/baubauwall.com\/wp-content\/uploads\/2023\/03\/51200248_WoodlandWonders_Baubauwall_Wallmural_room4.jpg","datePublished":"2023-03-07T12:54:59+00:00","dateModified":"2025-04-29T08:51:38+00:00","description":"Lastetoa tapeet metsaga, kus elutsevad imeilusad loomad. Roheline disaintapeet rebase, j\u00e4nkude ja rebastega. Too metsamuinasjutt lastetoa seinale!","breadcrumb":{"@id":"https:\/\/baubauwall.com\/et\/toode\/pilttapeet-suvine-mets\/#breadcrumb"},"inLanguage":"et","potentialAction":[{"@type":"ReadAction","target":["https:\/\/baubauwall.com\/et\/toode\/pilttapeet-suvine-mets\/"]}]},{"@type":"ImageObject","inLanguage":"et","@id":"https:\/\/baubauwall.com\/et\/toode\/pilttapeet-suvine-mets\/#primaryimage","url":"https:\/\/baubauwall.com\/wp-content\/uploads\/2023\/03\/51200248_WoodlandWonders_Baubauwall_Wallmural_room4.jpg","contentUrl":"https:\/\/baubauwall.com\/wp-content\/uploads\/2023\/03\/51200248_WoodlandWonders_Baubauwall_Wallmural_room4.jpg","width":2404,"height":1600,"caption":"Woodland wonders - top selling wall mural wallpaper for kids rooms | Lastetoa tapeet metsaga"},{"@type":"BreadcrumbList","@id":"https:\/\/baubauwall.com\/et\/toode\/pilttapeet-suvine-mets\/#breadcrumb","itemListElement":[{"@type":"ListItem","position":1,"name":"Koju","item":"https:\/\/baubauwall.com\/et\/"},{"@type":"ListItem","position":2,"name":"Tapeedid","item":"https:\/\/baubauwall.com\/et\/tapeedid\/"},{"@type":"ListItem","position":3,"name":"Suvine mets"}]},{"@type":"WebSite","@id":"https:\/\/baubauwall.com\/et\/#website","url":"https:\/\/baubauwall.com\/et\/","name":"BAUBAUWALL Wallpapers","description":"Valmis paanides tapeet Eestist!","publisher":{"@id":"https:\/\/baubauwall.com\/et\/#organization"},"potentialAction":[{"@type":"SearchAction","target":{"@type":"EntryPoint","urlTemplate":"https:\/\/baubauwall.com\/et\/?s={search_term_string}"},"query-input":{"@type":"PropertyValueSpecification","valueRequired":true,"valueName":"search_term_string"}}],"inLanguage":"et"},{"@type":"Organization","@id":"https:\/\/baubauwall.com\/et\/#organization","name":"BAUBAUWALL Wallpapers","url":"https:\/\/baubauwall.com\/et\/","logo":{"@type":"ImageObject","inLanguage":"et","@id":"https:\/\/baubauwall.com\/et\/#\/schema\/logo\/image\/","url":"https:\/\/baubauwall.com\/wp-content\/uploads\/2022\/03\/logo-horizontal.svg","contentUrl":"https:\/\/baubauwall.com\/wp-content\/uploads\/2022\/03\/logo-horizontal.svg","width":"1024","height":"1024","caption":"BAUBAUWALL Wallpapers"},"image":{"@id":"https:\/\/baubauwall.com\/et\/#\/schema\/logo\/image\/"},"sameAs":["https:\/\/www.facebook.com\/Baubauwall","https:\/\/www.instagram.com\/baubauwall"]}]}},"jetpack_sharing_enabled":true,"_links":{"self":[{"href":"https:\/\/baubauwall.com\/et\/wp-json\/wp\/v2\/product\/25885","targetHints":{"allow":["GET"]}}],"collection":[{"href":"https:\/\/baubauwall.com\/et\/wp-json\/wp\/v2\/product"}],"about":[{"href":"https:\/\/baubauwall.com\/et\/wp-json\/wp\/v2\/types\/product"}],"replies":[{"embeddable":true,"href":"https:\/\/baubauwall.com\/et\/wp-json\/wp\/v2\/comments?post=25885"}],"wp:featuredmedia":[{"embeddable":true,"href":"https:\/\/baubauwall.com\/et\/wp-json\/wp\/v2\/media\/25911"}],"wp:attachment":[{"href":"https:\/\/baubauwall.com\/et\/wp-json\/wp\/v2\/media?parent=25885"}],"wp:term":[{"taxonomy":"product_brand","embeddable":true,"href":"https:\/\/baubauwall.com\/et\/wp-json\/wp\/v2\/product_brand?post=25885"},{"taxonomy":"product_cat","embeddable":true,"href":"https:\/\/baubauwall.com\/et\/wp-json\/wp\/v2\/product_cat?post=25885"},{"taxonomy":"product_tag","embeddable":true,"href":"https:\/\/baubauwall.com\/et\/wp-json\/wp\/v2\/product_tag?post=25885"}],"curies":[{"name":"wp","href":"https:\/\/api.w.org\/{rel}","templated":true}]}}