{"id":25914,"date":"2023-03-07T15:12:41","date_gmt":"2023-03-07T13:12:41","guid":{"rendered":"https:\/\/baubauwall.com\/?post_type=product&#038;p=25914"},"modified":"2025-04-14T10:13:36","modified_gmt":"2025-04-14T08:13:36","slug":"laste-pillttapeet-noa-laevareis","status":"publish","type":"product","link":"https:\/\/baubauwall.com\/et\/toode\/laste-pillttapeet-noa-laevareis\/","title":{"rendered":"Lastetoa tapeet &#8211; Noa laevareis"},"content":{"rendered":"<p>Helesinine lastetoa tapeet, millel on \u00fcks p\u00f5nev laev t\u00e4is erinevaid asukaid. Astu pardale! Tere tulemast merereisile, kus Sinu lapse kaaslasteks laeval on sebra, kalakesed, elevant, graatsiline kaelkirjak, pandad ja paljud teised! Armas, helesinine pilttapeet, mis kutsub vestma lugusid ja heaks kaaslaseks enne unen\u00e4gude maale r\u00e4ndamist ning hommikul \u00e4rgates. Helesinine tapeet, mis sobib eriti h\u00e4sti vasts\u00fcndinu tuppa ja ka siis, kui beebi on veidi vanem! <a href=\"https:\/\/baubauwall.com\/et\/uudised\/kodu-koige-lustlikum-tuba\/\">Loe meie ajakirjast ka lugu lastetoa tapeetidest<\/a> ja vaata ideid.<\/p>\n<p>Nagu k\u00f5ik meie kordusmustriga tapeedid ja pilttapeedid, on ka see disain tr\u00fckitud\u00a0<a href=\"https:\/\/baubauwall.com\/et\/keskkonnasobralikud-tapeedid\/\" target=\"_blank\" rel=\"noopener\">keskkonnas\u00f5bralike v\u00e4rvidega<\/a>, hingavale fliistapeedi materjalile, mis ei l\u00e4igi ja on lihtne paigaldada. Sinu uus tapeet tuleb valmis l\u00f5igatud ning nummerdatud paanides, mis on t\u00e4pselt nii k\u00f5rged, kui Sinu sein.<\/p>\n<p>&nbsp;<\/p>\n","protected":false},"excerpt":{"rendered":"<p>Helesinine lastetoa tapeet, millel on \u00fcks p\u00f5nev laev t\u00e4is erinevaid asukaid. Astu pardale! Tere tulemast merereisile, kus Sinu lapse kaaslasteks laeval on sebra, kalakesed, elevant, graatsiline kaelkirjak, pandad ja paljud teised! Armas, helesinine pilttapeet, mis kutsub vestma lugusid ja heaks kaaslaseks enne unen\u00e4gude maale r\u00e4ndamist ning hommikul \u00e4rgates. Helesinine tapeet, mis sobib eriti h\u00e4sti vasts\u00fcndinu [&hellip;]<\/p>\n","protected":false},"featured_media":28623,"comment_status":"open","ping_status":"closed","template":"","meta":{"_acf_changed":false,"inline_featured_image":false},"product_brand":[],"product_cat":[634,387,406,396,267,273,276,400,583,252,255,259],"product_tag":[349,635,345,308],"class_list":{"0":"post-25914","1":"product","2":"type-product","3":"status-publish","4":"has-post-thumbnail","6":"product_cat-oliver-robbins-tapeedid","7":"product_cat-pilttapeedid","8":"product_cat-klassika","9":"product_cat-skandinaavia","10":"product_cat-sinised-tapeedid","11":"product_cat-heledad-tapeedid","12":"product_cat-pastelsed-tapeedid","13":"product_cat-lastetoa-tapeedid","14":"product_cat-vesivarv","15":"product_cat-ookean-meri","16":"product_cat-loomad","17":"product_cat-kalad-veealune-maailm","18":"product_tag-beebituba","19":"product_tag-oliver-robbins-tapeedid","20":"product_tag-pilttapeet","21":"product_tag-poiste-tuba","22":"pa_designedby-sir-edward","24":"first","25":"instock","26":"taxable","27":"shipping-taxable","28":"purchasable","29":"product-type-simple"},"acf":[],"yoast_head":"<!-- This site is optimized with the Yoast SEO plugin v25.9 - https:\/\/yoast.com\/wordpress\/plugins\/seo\/ -->\n<title>Helesinine lastetoa tapeet Laevareis - armas pilttapeet lastele<\/title>\n<meta name=\"description\" content=\"Imeilus helesinine lastetoa tapeet. Pilttapeet, mis on maitsekas, lihtne ja sobitub erineva lastetoa m\u00f6\u00f6bliga. Tr\u00fckitud sinu seina m\u00f5\u00f5dus\" \/>\n<meta name=\"robots\" content=\"index, follow, max-snippet:-1, max-image-preview:large, max-video-preview:-1\" \/>\n<link rel=\"canonical\" href=\"https:\/\/baubauwall.com\/et\/toode\/laste-pillttapeet-noa-laevareis\/\" \/>\n<meta property=\"og:locale\" content=\"et_EE\" \/>\n<meta property=\"og:type\" content=\"article\" \/>\n<meta property=\"og:title\" content=\"Helesinine lastetoa tapeet Laevareis - armas pilttapeet lastele\" \/>\n<meta property=\"og:description\" content=\"Imeilus helesinine lastetoa tapeet. Pilttapeet, mis on maitsekas, lihtne ja sobitub erineva lastetoa m\u00f6\u00f6bliga. Tr\u00fckitud sinu seina m\u00f5\u00f5dus\" \/>\n<meta property=\"og:url\" content=\"https:\/\/baubauwall.com\/et\/toode\/laste-pillttapeet-noa-laevareis\/\" \/>\n<meta property=\"og:site_name\" content=\"BAUBAUWALL TAPEEDID\" \/>\n<meta property=\"article:publisher\" content=\"https:\/\/www.facebook.com\/Baubauwall\" \/>\n<meta property=\"article:modified_time\" content=\"2025-04-14T08:13:36+00:00\" \/>\n<meta property=\"og:image\" content=\"https:\/\/baubauwall.com\/wp-content\/uploads\/2023\/03\/51200251_NoahsJourney_Baubauwall_Wallmural_room8.jpg\" \/>\n\t<meta property=\"og:image:width\" content=\"2399\" \/>\n\t<meta property=\"og:image:height\" content=\"1600\" \/>\n\t<meta property=\"og:image:type\" content=\"image\/jpeg\" \/>\n<meta name=\"twitter:card\" content=\"summary_large_image\" \/>\n<meta name=\"twitter:label1\" content=\"Est. reading time\" \/>\n\t<meta name=\"twitter:data1\" content=\"1 minut\" \/>\n<script type=\"application\/ld+json\" class=\"yoast-schema-graph\">{\"@context\":\"https:\/\/schema.org\",\"@graph\":[{\"@type\":\"WebPage\",\"@id\":\"https:\/\/baubauwall.com\/et\/toode\/laste-pillttapeet-noa-laevareis\/\",\"url\":\"https:\/\/baubauwall.com\/et\/toode\/laste-pillttapeet-noa-laevareis\/\",\"name\":\"Helesinine lastetoa tapeet Laevareis - armas pilttapeet lastele\",\"isPartOf\":{\"@id\":\"https:\/\/baubauwall.com\/et\/#website\"},\"primaryImageOfPage\":{\"@id\":\"https:\/\/baubauwall.com\/et\/toode\/laste-pillttapeet-noa-laevareis\/#primaryimage\"},\"image\":{\"@id\":\"https:\/\/baubauwall.com\/et\/toode\/laste-pillttapeet-noa-laevareis\/#primaryimage\"},\"thumbnailUrl\":\"https:\/\/baubauwall.com\/wp-content\/uploads\/2023\/03\/51200251_NoahsJourney_Baubauwall_Wallmural_room8.jpg\",\"datePublished\":\"2023-03-07T13:12:41+00:00\",\"dateModified\":\"2025-04-14T08:13:36+00:00\",\"description\":\"Imeilus helesinine lastetoa tapeet. Pilttapeet, mis on maitsekas, lihtne ja sobitub erineva lastetoa m\u00f6\u00f6bliga. Tr\u00fckitud sinu seina m\u00f5\u00f5dus\",\"breadcrumb\":{\"@id\":\"https:\/\/baubauwall.com\/et\/toode\/laste-pillttapeet-noa-laevareis\/#breadcrumb\"},\"inLanguage\":\"et\",\"potentialAction\":[{\"@type\":\"ReadAction\",\"target\":[\"https:\/\/baubauwall.com\/et\/toode\/laste-pillttapeet-noa-laevareis\/\"]}]},{\"@type\":\"ImageObject\",\"inLanguage\":\"et\",\"@id\":\"https:\/\/baubauwall.com\/et\/toode\/laste-pillttapeet-noa-laevareis\/#primaryimage\",\"url\":\"https:\/\/baubauwall.com\/wp-content\/uploads\/2023\/03\/51200251_NoahsJourney_Baubauwall_Wallmural_room8.jpg\",\"contentUrl\":\"https:\/\/baubauwall.com\/wp-content\/uploads\/2023\/03\/51200251_NoahsJourney_Baubauwall_Wallmural_room8.jpg\",\"width\":2399,\"height\":1600},{\"@type\":\"BreadcrumbList\",\"@id\":\"https:\/\/baubauwall.com\/et\/toode\/laste-pillttapeet-noa-laevareis\/#breadcrumb\",\"itemListElement\":[{\"@type\":\"ListItem\",\"position\":1,\"name\":\"Koju\",\"item\":\"https:\/\/baubauwall.com\/et\/\"},{\"@type\":\"ListItem\",\"position\":2,\"name\":\"Tapeedid\",\"item\":\"https:\/\/baubauwall.com\/et\/tapeedid\/\"},{\"@type\":\"ListItem\",\"position\":3,\"name\":\"Lastetoa tapeet &#8211; Noa laevareis\"}]},{\"@type\":\"WebSite\",\"@id\":\"https:\/\/baubauwall.com\/et\/#website\",\"url\":\"https:\/\/baubauwall.com\/et\/\",\"name\":\"BAUBAUWALL Wallpapers\",\"description\":\"Valmis paanides tapeet Eestist!\",\"publisher\":{\"@id\":\"https:\/\/baubauwall.com\/et\/#organization\"},\"potentialAction\":[{\"@type\":\"SearchAction\",\"target\":{\"@type\":\"EntryPoint\",\"urlTemplate\":\"https:\/\/baubauwall.com\/et\/?s={search_term_string}\"},\"query-input\":{\"@type\":\"PropertyValueSpecification\",\"valueRequired\":true,\"valueName\":\"search_term_string\"}}],\"inLanguage\":\"et\"},{\"@type\":\"Organization\",\"@id\":\"https:\/\/baubauwall.com\/et\/#organization\",\"name\":\"BAUBAUWALL Wallpapers\",\"url\":\"https:\/\/baubauwall.com\/et\/\",\"logo\":{\"@type\":\"ImageObject\",\"inLanguage\":\"et\",\"@id\":\"https:\/\/baubauwall.com\/et\/#\/schema\/logo\/image\/\",\"url\":\"https:\/\/baubauwall.com\/wp-content\/uploads\/2022\/03\/logo-horizontal.svg\",\"contentUrl\":\"https:\/\/baubauwall.com\/wp-content\/uploads\/2022\/03\/logo-horizontal.svg\",\"width\":\"1024\",\"height\":\"1024\",\"caption\":\"BAUBAUWALL Wallpapers\"},\"image\":{\"@id\":\"https:\/\/baubauwall.com\/et\/#\/schema\/logo\/image\/\"},\"sameAs\":[\"https:\/\/www.facebook.com\/Baubauwall\",\"https:\/\/www.instagram.com\/baubauwall\"]}]}<\/script>\n<!-- \/ Yoast SEO plugin. -->","yoast_head_json":{"title":"Helesinine lastetoa tapeet Laevareis - armas pilttapeet lastele","description":"Imeilus helesinine lastetoa tapeet. Pilttapeet, mis on maitsekas, lihtne ja sobitub erineva lastetoa m\u00f6\u00f6bliga. Tr\u00fckitud sinu seina m\u00f5\u00f5dus","robots":{"index":"index","follow":"follow","max-snippet":"max-snippet:-1","max-image-preview":"max-image-preview:large","max-video-preview":"max-video-preview:-1"},"canonical":"https:\/\/baubauwall.com\/et\/toode\/laste-pillttapeet-noa-laevareis\/","og_locale":"et_EE","og_type":"article","og_title":"Helesinine lastetoa tapeet Laevareis - armas pilttapeet lastele","og_description":"Imeilus helesinine lastetoa tapeet. Pilttapeet, mis on maitsekas, lihtne ja sobitub erineva lastetoa m\u00f6\u00f6bliga. Tr\u00fckitud sinu seina m\u00f5\u00f5dus","og_url":"https:\/\/baubauwall.com\/et\/toode\/laste-pillttapeet-noa-laevareis\/","og_site_name":"BAUBAUWALL TAPEEDID","article_publisher":"https:\/\/www.facebook.com\/Baubauwall","article_modified_time":"2025-04-14T08:13:36+00:00","og_image":[{"width":2399,"height":1600,"url":"https:\/\/baubauwall.com\/wp-content\/uploads\/2023\/03\/51200251_NoahsJourney_Baubauwall_Wallmural_room8.jpg","type":"image\/jpeg"}],"twitter_card":"summary_large_image","twitter_misc":{"Est. reading time":"1 minut"},"schema":{"@context":"https:\/\/schema.org","@graph":[{"@type":"WebPage","@id":"https:\/\/baubauwall.com\/et\/toode\/laste-pillttapeet-noa-laevareis\/","url":"https:\/\/baubauwall.com\/et\/toode\/laste-pillttapeet-noa-laevareis\/","name":"Helesinine lastetoa tapeet Laevareis - armas pilttapeet lastele","isPartOf":{"@id":"https:\/\/baubauwall.com\/et\/#website"},"primaryImageOfPage":{"@id":"https:\/\/baubauwall.com\/et\/toode\/laste-pillttapeet-noa-laevareis\/#primaryimage"},"image":{"@id":"https:\/\/baubauwall.com\/et\/toode\/laste-pillttapeet-noa-laevareis\/#primaryimage"},"thumbnailUrl":"https:\/\/baubauwall.com\/wp-content\/uploads\/2023\/03\/51200251_NoahsJourney_Baubauwall_Wallmural_room8.jpg","datePublished":"2023-03-07T13:12:41+00:00","dateModified":"2025-04-14T08:13:36+00:00","description":"Imeilus helesinine lastetoa tapeet. Pilttapeet, mis on maitsekas, lihtne ja sobitub erineva lastetoa m\u00f6\u00f6bliga. Tr\u00fckitud sinu seina m\u00f5\u00f5dus","breadcrumb":{"@id":"https:\/\/baubauwall.com\/et\/toode\/laste-pillttapeet-noa-laevareis\/#breadcrumb"},"inLanguage":"et","potentialAction":[{"@type":"ReadAction","target":["https:\/\/baubauwall.com\/et\/toode\/laste-pillttapeet-noa-laevareis\/"]}]},{"@type":"ImageObject","inLanguage":"et","@id":"https:\/\/baubauwall.com\/et\/toode\/laste-pillttapeet-noa-laevareis\/#primaryimage","url":"https:\/\/baubauwall.com\/wp-content\/uploads\/2023\/03\/51200251_NoahsJourney_Baubauwall_Wallmural_room8.jpg","contentUrl":"https:\/\/baubauwall.com\/wp-content\/uploads\/2023\/03\/51200251_NoahsJourney_Baubauwall_Wallmural_room8.jpg","width":2399,"height":1600},{"@type":"BreadcrumbList","@id":"https:\/\/baubauwall.com\/et\/toode\/laste-pillttapeet-noa-laevareis\/#breadcrumb","itemListElement":[{"@type":"ListItem","position":1,"name":"Koju","item":"https:\/\/baubauwall.com\/et\/"},{"@type":"ListItem","position":2,"name":"Tapeedid","item":"https:\/\/baubauwall.com\/et\/tapeedid\/"},{"@type":"ListItem","position":3,"name":"Lastetoa tapeet &#8211; Noa laevareis"}]},{"@type":"WebSite","@id":"https:\/\/baubauwall.com\/et\/#website","url":"https:\/\/baubauwall.com\/et\/","name":"BAUBAUWALL Wallpapers","description":"Valmis paanides tapeet Eestist!","publisher":{"@id":"https:\/\/baubauwall.com\/et\/#organization"},"potentialAction":[{"@type":"SearchAction","target":{"@type":"EntryPoint","urlTemplate":"https:\/\/baubauwall.com\/et\/?s={search_term_string}"},"query-input":{"@type":"PropertyValueSpecification","valueRequired":true,"valueName":"search_term_string"}}],"inLanguage":"et"},{"@type":"Organization","@id":"https:\/\/baubauwall.com\/et\/#organization","name":"BAUBAUWALL Wallpapers","url":"https:\/\/baubauwall.com\/et\/","logo":{"@type":"ImageObject","inLanguage":"et","@id":"https:\/\/baubauwall.com\/et\/#\/schema\/logo\/image\/","url":"https:\/\/baubauwall.com\/wp-content\/uploads\/2022\/03\/logo-horizontal.svg","contentUrl":"https:\/\/baubauwall.com\/wp-content\/uploads\/2022\/03\/logo-horizontal.svg","width":"1024","height":"1024","caption":"BAUBAUWALL Wallpapers"},"image":{"@id":"https:\/\/baubauwall.com\/et\/#\/schema\/logo\/image\/"},"sameAs":["https:\/\/www.facebook.com\/Baubauwall","https:\/\/www.instagram.com\/baubauwall"]}]}},"jetpack_sharing_enabled":true,"_links":{"self":[{"href":"https:\/\/baubauwall.com\/et\/wp-json\/wp\/v2\/product\/25914","targetHints":{"allow":["GET"]}}],"collection":[{"href":"https:\/\/baubauwall.com\/et\/wp-json\/wp\/v2\/product"}],"about":[{"href":"https:\/\/baubauwall.com\/et\/wp-json\/wp\/v2\/types\/product"}],"replies":[{"embeddable":true,"href":"https:\/\/baubauwall.com\/et\/wp-json\/wp\/v2\/comments?post=25914"}],"wp:featuredmedia":[{"embeddable":true,"href":"https:\/\/baubauwall.com\/et\/wp-json\/wp\/v2\/media\/28623"}],"wp:attachment":[{"href":"https:\/\/baubauwall.com\/et\/wp-json\/wp\/v2\/media?parent=25914"}],"wp:term":[{"taxonomy":"product_brand","embeddable":true,"href":"https:\/\/baubauwall.com\/et\/wp-json\/wp\/v2\/product_brand?post=25914"},{"taxonomy":"product_cat","embeddable":true,"href":"https:\/\/baubauwall.com\/et\/wp-json\/wp\/v2\/product_cat?post=25914"},{"taxonomy":"product_tag","embeddable":true,"href":"https:\/\/baubauwall.com\/et\/wp-json\/wp\/v2\/product_tag?post=25914"}],"curies":[{"name":"wp","href":"https:\/\/api.w.org\/{rel}","templated":true}]}}