{"id":25966,"date":"2023-03-08T14:42:35","date_gmt":"2023-03-08T12:42:35","guid":{"rendered":"https:\/\/baubauwall.com\/?post_type=product&#038;p=25966"},"modified":"2024-08-06T12:36:20","modified_gmt":"2024-08-06T10:36:20","slug":"pilttapeet-dzungli-dzaiv","status":"publish","type":"product","link":"https:\/\/baubauwall.com\/et\/toode\/pilttapeet-dzungli-dzaiv\/","title":{"rendered":"D\u017eungli d\u017eaiv"},"content":{"rendered":"<p>\u00dcks k\u00f5ige populaarsemaid tapeete lastetuppa. Imeline pilttapeet, millelt leiad troopilise d\u017eungli ja eksootilised loomad, mida naljalt P\u00f5hjamaa metsades ei kohta! Muuda oma lastetuba d\u017eungliks, tuues tapeedil kohale elevandi, kaelkirjaku, tiigri paljud teised. See on pilttapeet, mis sobib h\u00e4sti lastetoa aktsentseinaks. Fantastiliselt fantaasiarikas pilttapeet, mis pakub avastamisr\u00f5\u00f5mu iga p\u00e4ev.<\/p>\n<p>Nagu k\u00f5ik meie kordusmustriga tapeedid ja pilttapeedid, on ka see disain tr\u00fckitud\u00a0<a href=\"https:\/\/baubauwall.com\/et\/keskkonnasobralikud-tapeedid\/\" target=\"_blank\" rel=\"noopener\">keskkonnas\u00f5bralike v\u00e4rvidega<\/a>, hingavale fliistapeedi materjalile, mis ei l\u00e4igi ja on lihtne paigaldada. Sinu uus tapeet tuleb valmis l\u00f5igatud ning nummerdatud paanides, mis on t\u00e4pselt nii k\u00f5rged, kui Sinu sein.<\/p>\n","protected":false},"excerpt":{"rendered":"<p>\u00dcks k\u00f5ige populaarsemaid tapeete lastetuppa. Imeline pilttapeet, millelt leiad troopilise d\u017eungli ja eksootilised loomad, mida naljalt P\u00f5hjamaa metsades ei kohta! Muuda oma lastetuba d\u017eungliks, tuues tapeedil kohale elevandi, kaelkirjaku, tiigri paljud teised. See on pilttapeet, mis sobib h\u00e4sti lastetoa aktsentseinaks. Fantastiliselt fantaasiarikas pilttapeet, mis pakub avastamisr\u00f5\u00f5mu iga p\u00e4ev. Nagu k\u00f5ik meie kordusmustriga tapeedid ja pilttapeedid, [&hellip;]<\/p>\n","protected":false},"featured_media":25968,"comment_status":"open","ping_status":"closed","template":"","meta":{"_acf_changed":false,"inline_featured_image":false},"product_brand":[],"product_cat":[629,387,394,268,271,410,400,248,250,254,255],"product_tag":[631,345,308,324],"class_list":{"0":"post-25966","1":"product","2":"type-product","3":"status-publish","4":"has-post-thumbnail","6":"product_cat-kikki-belle-tapeedid","7":"product_cat-pilttapeedid","8":"product_cat-rikkalik","9":"product_cat-kirkad-tapeedid","10":"product_cat-rohelised-tapeedid","11":"product_cat-valge-tapeedid","12":"product_cat-lastetoa-tapeedid","13":"product_cat-mets","14":"product_cat-dzungel-troopika","15":"product_cat-loodus","16":"product_cat-loomad","17":"product_tag-kikki-belle-et","18":"product_tag-pilttapeet","19":"product_tag-poiste-tuba","20":"product_tag-tudruku-tuba","21":"pa_designedby-sir-edward","23":"first","24":"instock","25":"taxable","26":"shipping-taxable","27":"purchasable","28":"product-type-simple"},"acf":[],"yoast_head":"<!-- This site is optimized with the Yoast SEO plugin v25.9 - https:\/\/yoast.com\/wordpress\/plugins\/seo\/ -->\n<title>Tapeet lastetuppa: D\u017eungli d\u017eaiv. Loomadega pilttapeet lastele<\/title>\n<meta name=\"description\" content=\"Lastetoa tapeet. Populaarne tapeedidisain eksootiliste loomadega d\u017eunglis. M\u00e4nguline disain lastetoa seinale. Keskkonnas\u00f5bralik tapeet lastele\" \/>\n<meta name=\"robots\" content=\"index, follow, max-snippet:-1, max-image-preview:large, max-video-preview:-1\" \/>\n<link rel=\"canonical\" href=\"https:\/\/baubauwall.com\/et\/toode\/pilttapeet-dzungli-dzaiv\/\" \/>\n<meta property=\"og:locale\" content=\"et_EE\" \/>\n<meta property=\"og:type\" content=\"article\" \/>\n<meta property=\"og:title\" content=\"Tapeet lastetuppa: D\u017eungli d\u017eaiv. Loomadega pilttapeet lastele\" \/>\n<meta property=\"og:description\" content=\"Lastetoa tapeet. Populaarne tapeedidisain eksootiliste loomadega d\u017eunglis. M\u00e4nguline disain lastetoa seinale. Keskkonnas\u00f5bralik tapeet lastele\" \/>\n<meta property=\"og:url\" content=\"https:\/\/baubauwall.com\/et\/toode\/pilttapeet-dzungli-dzaiv\/\" \/>\n<meta property=\"og:site_name\" content=\"BAUBAUWALL TAPEEDID\" \/>\n<meta property=\"article:publisher\" content=\"https:\/\/www.facebook.com\/Baubauwall\" \/>\n<meta property=\"article:modified_time\" content=\"2024-08-06T10:36:20+00:00\" \/>\n<meta property=\"og:image\" content=\"https:\/\/baubauwall.com\/wp-content\/uploads\/2023\/03\/51200230_JungleJive_Baubauwall_Wallmural_room3.jpg\" \/>\n\t<meta property=\"og:image:width\" content=\"1440\" \/>\n\t<meta property=\"og:image:height\" content=\"1600\" \/>\n\t<meta property=\"og:image:type\" content=\"image\/jpeg\" \/>\n<meta name=\"twitter:card\" content=\"summary_large_image\" \/>\n<meta name=\"twitter:label1\" content=\"Est. reading time\" \/>\n\t<meta name=\"twitter:data1\" content=\"1 minut\" \/>\n<script type=\"application\/ld+json\" class=\"yoast-schema-graph\">{\"@context\":\"https:\/\/schema.org\",\"@graph\":[{\"@type\":\"WebPage\",\"@id\":\"https:\/\/baubauwall.com\/et\/toode\/pilttapeet-dzungli-dzaiv\/\",\"url\":\"https:\/\/baubauwall.com\/et\/toode\/pilttapeet-dzungli-dzaiv\/\",\"name\":\"Tapeet lastetuppa: D\u017eungli d\u017eaiv. Loomadega pilttapeet lastele\",\"isPartOf\":{\"@id\":\"https:\/\/baubauwall.com\/et\/#website\"},\"primaryImageOfPage\":{\"@id\":\"https:\/\/baubauwall.com\/et\/toode\/pilttapeet-dzungli-dzaiv\/#primaryimage\"},\"image\":{\"@id\":\"https:\/\/baubauwall.com\/et\/toode\/pilttapeet-dzungli-dzaiv\/#primaryimage\"},\"thumbnailUrl\":\"https:\/\/baubauwall.com\/wp-content\/uploads\/2023\/03\/51200230_JungleJive_Baubauwall_Wallmural_room3.jpg\",\"datePublished\":\"2023-03-08T12:42:35+00:00\",\"dateModified\":\"2024-08-06T10:36:20+00:00\",\"description\":\"Lastetoa tapeet. Populaarne tapeedidisain eksootiliste loomadega d\u017eunglis. M\u00e4nguline disain lastetoa seinale. Keskkonnas\u00f5bralik tapeet lastele\",\"breadcrumb\":{\"@id\":\"https:\/\/baubauwall.com\/et\/toode\/pilttapeet-dzungli-dzaiv\/#breadcrumb\"},\"inLanguage\":\"et\",\"potentialAction\":[{\"@type\":\"ReadAction\",\"target\":[\"https:\/\/baubauwall.com\/et\/toode\/pilttapeet-dzungli-dzaiv\/\"]}]},{\"@type\":\"ImageObject\",\"inLanguage\":\"et\",\"@id\":\"https:\/\/baubauwall.com\/et\/toode\/pilttapeet-dzungli-dzaiv\/#primaryimage\",\"url\":\"https:\/\/baubauwall.com\/wp-content\/uploads\/2023\/03\/51200230_JungleJive_Baubauwall_Wallmural_room3.jpg\",\"contentUrl\":\"https:\/\/baubauwall.com\/wp-content\/uploads\/2023\/03\/51200230_JungleJive_Baubauwall_Wallmural_room3.jpg\",\"width\":1440,\"height\":1600},{\"@type\":\"BreadcrumbList\",\"@id\":\"https:\/\/baubauwall.com\/et\/toode\/pilttapeet-dzungli-dzaiv\/#breadcrumb\",\"itemListElement\":[{\"@type\":\"ListItem\",\"position\":1,\"name\":\"Koju\",\"item\":\"https:\/\/baubauwall.com\/et\/\"},{\"@type\":\"ListItem\",\"position\":2,\"name\":\"Tapeedid\",\"item\":\"https:\/\/baubauwall.com\/et\/tapeedid\/\"},{\"@type\":\"ListItem\",\"position\":3,\"name\":\"D\u017eungli d\u017eaiv\"}]},{\"@type\":\"WebSite\",\"@id\":\"https:\/\/baubauwall.com\/et\/#website\",\"url\":\"https:\/\/baubauwall.com\/et\/\",\"name\":\"BAUBAUWALL Wallpapers\",\"description\":\"Valmis paanides tapeet Eestist!\",\"publisher\":{\"@id\":\"https:\/\/baubauwall.com\/et\/#organization\"},\"potentialAction\":[{\"@type\":\"SearchAction\",\"target\":{\"@type\":\"EntryPoint\",\"urlTemplate\":\"https:\/\/baubauwall.com\/et\/?s={search_term_string}\"},\"query-input\":{\"@type\":\"PropertyValueSpecification\",\"valueRequired\":true,\"valueName\":\"search_term_string\"}}],\"inLanguage\":\"et\"},{\"@type\":\"Organization\",\"@id\":\"https:\/\/baubauwall.com\/et\/#organization\",\"name\":\"BAUBAUWALL Wallpapers\",\"url\":\"https:\/\/baubauwall.com\/et\/\",\"logo\":{\"@type\":\"ImageObject\",\"inLanguage\":\"et\",\"@id\":\"https:\/\/baubauwall.com\/et\/#\/schema\/logo\/image\/\",\"url\":\"https:\/\/baubauwall.com\/wp-content\/uploads\/2022\/03\/logo-horizontal.svg\",\"contentUrl\":\"https:\/\/baubauwall.com\/wp-content\/uploads\/2022\/03\/logo-horizontal.svg\",\"width\":\"1024\",\"height\":\"1024\",\"caption\":\"BAUBAUWALL Wallpapers\"},\"image\":{\"@id\":\"https:\/\/baubauwall.com\/et\/#\/schema\/logo\/image\/\"},\"sameAs\":[\"https:\/\/www.facebook.com\/Baubauwall\",\"https:\/\/www.instagram.com\/baubauwall\"]}]}<\/script>\n<!-- \/ Yoast SEO plugin. -->","yoast_head_json":{"title":"Tapeet lastetuppa: D\u017eungli d\u017eaiv. Loomadega pilttapeet lastele","description":"Lastetoa tapeet. Populaarne tapeedidisain eksootiliste loomadega d\u017eunglis. M\u00e4nguline disain lastetoa seinale. Keskkonnas\u00f5bralik tapeet lastele","robots":{"index":"index","follow":"follow","max-snippet":"max-snippet:-1","max-image-preview":"max-image-preview:large","max-video-preview":"max-video-preview:-1"},"canonical":"https:\/\/baubauwall.com\/et\/toode\/pilttapeet-dzungli-dzaiv\/","og_locale":"et_EE","og_type":"article","og_title":"Tapeet lastetuppa: D\u017eungli d\u017eaiv. Loomadega pilttapeet lastele","og_description":"Lastetoa tapeet. Populaarne tapeedidisain eksootiliste loomadega d\u017eunglis. M\u00e4nguline disain lastetoa seinale. Keskkonnas\u00f5bralik tapeet lastele","og_url":"https:\/\/baubauwall.com\/et\/toode\/pilttapeet-dzungli-dzaiv\/","og_site_name":"BAUBAUWALL TAPEEDID","article_publisher":"https:\/\/www.facebook.com\/Baubauwall","article_modified_time":"2024-08-06T10:36:20+00:00","og_image":[{"width":1440,"height":1600,"url":"https:\/\/baubauwall.com\/wp-content\/uploads\/2023\/03\/51200230_JungleJive_Baubauwall_Wallmural_room3.jpg","type":"image\/jpeg"}],"twitter_card":"summary_large_image","twitter_misc":{"Est. reading time":"1 minut"},"schema":{"@context":"https:\/\/schema.org","@graph":[{"@type":"WebPage","@id":"https:\/\/baubauwall.com\/et\/toode\/pilttapeet-dzungli-dzaiv\/","url":"https:\/\/baubauwall.com\/et\/toode\/pilttapeet-dzungli-dzaiv\/","name":"Tapeet lastetuppa: D\u017eungli d\u017eaiv. Loomadega pilttapeet lastele","isPartOf":{"@id":"https:\/\/baubauwall.com\/et\/#website"},"primaryImageOfPage":{"@id":"https:\/\/baubauwall.com\/et\/toode\/pilttapeet-dzungli-dzaiv\/#primaryimage"},"image":{"@id":"https:\/\/baubauwall.com\/et\/toode\/pilttapeet-dzungli-dzaiv\/#primaryimage"},"thumbnailUrl":"https:\/\/baubauwall.com\/wp-content\/uploads\/2023\/03\/51200230_JungleJive_Baubauwall_Wallmural_room3.jpg","datePublished":"2023-03-08T12:42:35+00:00","dateModified":"2024-08-06T10:36:20+00:00","description":"Lastetoa tapeet. Populaarne tapeedidisain eksootiliste loomadega d\u017eunglis. M\u00e4nguline disain lastetoa seinale. Keskkonnas\u00f5bralik tapeet lastele","breadcrumb":{"@id":"https:\/\/baubauwall.com\/et\/toode\/pilttapeet-dzungli-dzaiv\/#breadcrumb"},"inLanguage":"et","potentialAction":[{"@type":"ReadAction","target":["https:\/\/baubauwall.com\/et\/toode\/pilttapeet-dzungli-dzaiv\/"]}]},{"@type":"ImageObject","inLanguage":"et","@id":"https:\/\/baubauwall.com\/et\/toode\/pilttapeet-dzungli-dzaiv\/#primaryimage","url":"https:\/\/baubauwall.com\/wp-content\/uploads\/2023\/03\/51200230_JungleJive_Baubauwall_Wallmural_room3.jpg","contentUrl":"https:\/\/baubauwall.com\/wp-content\/uploads\/2023\/03\/51200230_JungleJive_Baubauwall_Wallmural_room3.jpg","width":1440,"height":1600},{"@type":"BreadcrumbList","@id":"https:\/\/baubauwall.com\/et\/toode\/pilttapeet-dzungli-dzaiv\/#breadcrumb","itemListElement":[{"@type":"ListItem","position":1,"name":"Koju","item":"https:\/\/baubauwall.com\/et\/"},{"@type":"ListItem","position":2,"name":"Tapeedid","item":"https:\/\/baubauwall.com\/et\/tapeedid\/"},{"@type":"ListItem","position":3,"name":"D\u017eungli d\u017eaiv"}]},{"@type":"WebSite","@id":"https:\/\/baubauwall.com\/et\/#website","url":"https:\/\/baubauwall.com\/et\/","name":"BAUBAUWALL Wallpapers","description":"Valmis paanides tapeet Eestist!","publisher":{"@id":"https:\/\/baubauwall.com\/et\/#organization"},"potentialAction":[{"@type":"SearchAction","target":{"@type":"EntryPoint","urlTemplate":"https:\/\/baubauwall.com\/et\/?s={search_term_string}"},"query-input":{"@type":"PropertyValueSpecification","valueRequired":true,"valueName":"search_term_string"}}],"inLanguage":"et"},{"@type":"Organization","@id":"https:\/\/baubauwall.com\/et\/#organization","name":"BAUBAUWALL Wallpapers","url":"https:\/\/baubauwall.com\/et\/","logo":{"@type":"ImageObject","inLanguage":"et","@id":"https:\/\/baubauwall.com\/et\/#\/schema\/logo\/image\/","url":"https:\/\/baubauwall.com\/wp-content\/uploads\/2022\/03\/logo-horizontal.svg","contentUrl":"https:\/\/baubauwall.com\/wp-content\/uploads\/2022\/03\/logo-horizontal.svg","width":"1024","height":"1024","caption":"BAUBAUWALL Wallpapers"},"image":{"@id":"https:\/\/baubauwall.com\/et\/#\/schema\/logo\/image\/"},"sameAs":["https:\/\/www.facebook.com\/Baubauwall","https:\/\/www.instagram.com\/baubauwall"]}]}},"jetpack_sharing_enabled":true,"_links":{"self":[{"href":"https:\/\/baubauwall.com\/et\/wp-json\/wp\/v2\/product\/25966","targetHints":{"allow":["GET"]}}],"collection":[{"href":"https:\/\/baubauwall.com\/et\/wp-json\/wp\/v2\/product"}],"about":[{"href":"https:\/\/baubauwall.com\/et\/wp-json\/wp\/v2\/types\/product"}],"replies":[{"embeddable":true,"href":"https:\/\/baubauwall.com\/et\/wp-json\/wp\/v2\/comments?post=25966"}],"wp:featuredmedia":[{"embeddable":true,"href":"https:\/\/baubauwall.com\/et\/wp-json\/wp\/v2\/media\/25968"}],"wp:attachment":[{"href":"https:\/\/baubauwall.com\/et\/wp-json\/wp\/v2\/media?parent=25966"}],"wp:term":[{"taxonomy":"product_brand","embeddable":true,"href":"https:\/\/baubauwall.com\/et\/wp-json\/wp\/v2\/product_brand?post=25966"},{"taxonomy":"product_cat","embeddable":true,"href":"https:\/\/baubauwall.com\/et\/wp-json\/wp\/v2\/product_cat?post=25966"},{"taxonomy":"product_tag","embeddable":true,"href":"https:\/\/baubauwall.com\/et\/wp-json\/wp\/v2\/product_tag?post=25966"}],"curies":[{"name":"wp","href":"https:\/\/api.w.org\/{rel}","templated":true}]}}