{"id":25992,"date":"2023-03-08T15:02:04","date_gmt":"2023-03-08T13:02:04","guid":{"rendered":"https:\/\/baubauwall.com\/?post_type=product&#038;p=25992"},"modified":"2025-04-14T10:19:53","modified_gmt":"2025-04-14T08:19:53","slug":"pilttapeet-head-ood-sinine","status":"publish","type":"product","link":"https:\/\/baubauwall.com\/et\/toode\/pilttapeet-head-ood-sinine\/","title":{"rendered":"Lastetoa tapeet &#8211; Head \u00f6\u00f6d! &#8211; helesinine"},"content":{"rendered":"<p>Tapeet beebipoisi tuppa. Helesinine unelev, armas tapeedivalik vasts\u00fcndinule v\u00f5i veidi vanemale, sest tapeedi disain lubab seda v\u00e4hemalt 3 aastat hoida! Pilttapeet, kus liuglevad haldjalikud pilved ja nagu muuseas seiklevad \u00f5hus kaasa rebased, oravad ja isegi lambatall! Ideaalne valik v\u00e4ikese poisi seinale ja v\u00e4rvigamma, mida on lihtne sobitada lastetoa muu heleda m\u00f6\u00f6bliga. See tapeet on osa <a href=\"https:\/\/baubauwall.com\/et\/tootekategooria\/tapeedi-kollektsioonid\/oliver-robbins-tapeedid\/\">Oliver Robbins beebitubade<\/a> kollektsioonist, millest leiad armsaid ideid pere k\u00f5ige pisemate interj\u00f6\u00f6ri.<\/p>\n<p>Nagu k\u00f5ik meie kordusmustriga tapeedid ja pilttapeedid, on ka see disain tr\u00fckitud\u00a0<a href=\"https:\/\/baubauwall.com\/et\/keskkonnasobralikud-tapeedid\/\" target=\"_blank\" rel=\"noopener\">keskkonnas\u00f5bralike v\u00e4rvidega<\/a>, hingavale fliistapeedi materjalile, mis ei l\u00e4igi ja on lihtne paigaldada. Sinu uus tapeet tuleb valmis l\u00f5igatud ning nummerdatud paanides, mis on t\u00e4pselt nii k\u00f5rged, kui Sinu sein.<\/p>\n<p>&nbsp;<\/p>\n","protected":false},"excerpt":{"rendered":"<p>Tapeet beebipoisi tuppa. Helesinine unelev, armas tapeedivalik vasts\u00fcndinule v\u00f5i veidi vanemale, sest tapeedi disain lubab seda v\u00e4hemalt 3 aastat hoida! Pilttapeet, kus liuglevad haldjalikud pilved ja nagu muuseas seiklevad \u00f5hus kaasa rebased, oravad ja isegi lambatall! Ideaalne valik v\u00e4ikese poisi seinale ja v\u00e4rvigamma, mida on lihtne sobitada lastetoa muu heleda m\u00f6\u00f6bliga. See tapeet on osa [&hellip;]<\/p>\n","protected":false},"featured_media":25994,"comment_status":"open","ping_status":"closed","template":"","meta":{"_acf_changed":false,"inline_featured_image":false},"product_brand":[],"product_cat":[634,387,395,406,396,267,273,276,400,583,465,255],"product_tag":[349,635,345,308],"class_list":{"0":"post-25992","1":"product","2":"type-product","3":"status-publish","4":"has-post-thumbnail","6":"product_cat-oliver-robbins-tapeedid","7":"product_cat-pilttapeedid","8":"product_cat-romantiline","9":"product_cat-klassika","10":"product_cat-skandinaavia","11":"product_cat-sinised-tapeedid","12":"product_cat-heledad-tapeedid","13":"product_cat-pastelsed-tapeedid","14":"product_cat-lastetoa-tapeedid","15":"product_cat-vesivarv","16":"product_cat-taevas-ja-pilved","17":"product_cat-loomad","18":"product_tag-beebituba","19":"product_tag-oliver-robbins-tapeedid","20":"product_tag-pilttapeet","21":"product_tag-poiste-tuba","22":"pa_designedby-sir-edward","24":"first","25":"instock","26":"taxable","27":"shipping-taxable","28":"purchasable","29":"product-type-simple"},"acf":[],"yoast_head":"<!-- This site is optimized with the Yoast SEO plugin v25.9 - https:\/\/yoast.com\/wordpress\/plugins\/seo\/ -->\n<title>Head \u00f6\u00f6d - maitsekas tapeet beebipoisile!<\/title>\n<meta name=\"description\" content=\"P\u00f5hjamaine, helesinine tapeet beebipoisile v\u00f5i veidi suuremale. Pilttapeet, mis on maitsekas, lihtne ja sobitub erineva m\u00f6\u00f6bliga beebi toas.\" \/>\n<meta name=\"robots\" content=\"index, follow, max-snippet:-1, max-image-preview:large, max-video-preview:-1\" \/>\n<link rel=\"canonical\" href=\"https:\/\/baubauwall.com\/et\/toode\/pilttapeet-head-ood-sinine\/\" \/>\n<meta property=\"og:locale\" content=\"et_EE\" \/>\n<meta property=\"og:type\" content=\"article\" \/>\n<meta property=\"og:title\" content=\"Head \u00f6\u00f6d - maitsekas tapeet beebipoisile!\" \/>\n<meta property=\"og:description\" content=\"P\u00f5hjamaine, helesinine tapeet beebipoisile v\u00f5i veidi suuremale. Pilttapeet, mis on maitsekas, lihtne ja sobitub erineva m\u00f6\u00f6bliga beebi toas.\" \/>\n<meta property=\"og:url\" content=\"https:\/\/baubauwall.com\/et\/toode\/pilttapeet-head-ood-sinine\/\" \/>\n<meta property=\"og:site_name\" content=\"BAUBAUWALL TAPEEDID\" \/>\n<meta property=\"article:publisher\" content=\"https:\/\/www.facebook.com\/Baubauwall\" \/>\n<meta property=\"article:modified_time\" content=\"2025-04-14T08:19:53+00:00\" \/>\n<meta property=\"og:image\" content=\"https:\/\/baubauwall.com\/wp-content\/uploads\/2023\/03\/51200238_SweetDreams-Blue_Baubauwall_Wallmural_room4.jpg\" \/>\n\t<meta property=\"og:image:width\" content=\"2400\" \/>\n\t<meta property=\"og:image:height\" content=\"1600\" \/>\n\t<meta property=\"og:image:type\" content=\"image\/jpeg\" \/>\n<meta name=\"twitter:card\" content=\"summary_large_image\" \/>\n<meta name=\"twitter:label1\" content=\"Est. reading time\" \/>\n\t<meta name=\"twitter:data1\" content=\"1 minut\" \/>\n<script type=\"application\/ld+json\" class=\"yoast-schema-graph\">{\"@context\":\"https:\/\/schema.org\",\"@graph\":[{\"@type\":\"WebPage\",\"@id\":\"https:\/\/baubauwall.com\/et\/toode\/pilttapeet-head-ood-sinine\/\",\"url\":\"https:\/\/baubauwall.com\/et\/toode\/pilttapeet-head-ood-sinine\/\",\"name\":\"Head \u00f6\u00f6d - maitsekas tapeet beebipoisile!\",\"isPartOf\":{\"@id\":\"https:\/\/baubauwall.com\/et\/#website\"},\"primaryImageOfPage\":{\"@id\":\"https:\/\/baubauwall.com\/et\/toode\/pilttapeet-head-ood-sinine\/#primaryimage\"},\"image\":{\"@id\":\"https:\/\/baubauwall.com\/et\/toode\/pilttapeet-head-ood-sinine\/#primaryimage\"},\"thumbnailUrl\":\"https:\/\/baubauwall.com\/wp-content\/uploads\/2023\/03\/51200238_SweetDreams-Blue_Baubauwall_Wallmural_room4.jpg\",\"datePublished\":\"2023-03-08T13:02:04+00:00\",\"dateModified\":\"2025-04-14T08:19:53+00:00\",\"description\":\"P\u00f5hjamaine, helesinine tapeet beebipoisile v\u00f5i veidi suuremale. Pilttapeet, mis on maitsekas, lihtne ja sobitub erineva m\u00f6\u00f6bliga beebi toas.\",\"breadcrumb\":{\"@id\":\"https:\/\/baubauwall.com\/et\/toode\/pilttapeet-head-ood-sinine\/#breadcrumb\"},\"inLanguage\":\"et\",\"potentialAction\":[{\"@type\":\"ReadAction\",\"target\":[\"https:\/\/baubauwall.com\/et\/toode\/pilttapeet-head-ood-sinine\/\"]}]},{\"@type\":\"ImageObject\",\"inLanguage\":\"et\",\"@id\":\"https:\/\/baubauwall.com\/et\/toode\/pilttapeet-head-ood-sinine\/#primaryimage\",\"url\":\"https:\/\/baubauwall.com\/wp-content\/uploads\/2023\/03\/51200238_SweetDreams-Blue_Baubauwall_Wallmural_room4.jpg\",\"contentUrl\":\"https:\/\/baubauwall.com\/wp-content\/uploads\/2023\/03\/51200238_SweetDreams-Blue_Baubauwall_Wallmural_room4.jpg\",\"width\":2400,\"height\":1600},{\"@type\":\"BreadcrumbList\",\"@id\":\"https:\/\/baubauwall.com\/et\/toode\/pilttapeet-head-ood-sinine\/#breadcrumb\",\"itemListElement\":[{\"@type\":\"ListItem\",\"position\":1,\"name\":\"Koju\",\"item\":\"https:\/\/baubauwall.com\/et\/\"},{\"@type\":\"ListItem\",\"position\":2,\"name\":\"Tapeedid\",\"item\":\"https:\/\/baubauwall.com\/et\/tapeedid\/\"},{\"@type\":\"ListItem\",\"position\":3,\"name\":\"Lastetoa tapeet &#8211; Head \u00f6\u00f6d! &#8211; helesinine\"}]},{\"@type\":\"WebSite\",\"@id\":\"https:\/\/baubauwall.com\/et\/#website\",\"url\":\"https:\/\/baubauwall.com\/et\/\",\"name\":\"BAUBAUWALL Wallpapers\",\"description\":\"Valmis paanides tapeet Eestist!\",\"publisher\":{\"@id\":\"https:\/\/baubauwall.com\/et\/#organization\"},\"potentialAction\":[{\"@type\":\"SearchAction\",\"target\":{\"@type\":\"EntryPoint\",\"urlTemplate\":\"https:\/\/baubauwall.com\/et\/?s={search_term_string}\"},\"query-input\":{\"@type\":\"PropertyValueSpecification\",\"valueRequired\":true,\"valueName\":\"search_term_string\"}}],\"inLanguage\":\"et\"},{\"@type\":\"Organization\",\"@id\":\"https:\/\/baubauwall.com\/et\/#organization\",\"name\":\"BAUBAUWALL Wallpapers\",\"url\":\"https:\/\/baubauwall.com\/et\/\",\"logo\":{\"@type\":\"ImageObject\",\"inLanguage\":\"et\",\"@id\":\"https:\/\/baubauwall.com\/et\/#\/schema\/logo\/image\/\",\"url\":\"https:\/\/baubauwall.com\/wp-content\/uploads\/2022\/03\/logo-horizontal.svg\",\"contentUrl\":\"https:\/\/baubauwall.com\/wp-content\/uploads\/2022\/03\/logo-horizontal.svg\",\"width\":\"1024\",\"height\":\"1024\",\"caption\":\"BAUBAUWALL Wallpapers\"},\"image\":{\"@id\":\"https:\/\/baubauwall.com\/et\/#\/schema\/logo\/image\/\"},\"sameAs\":[\"https:\/\/www.facebook.com\/Baubauwall\",\"https:\/\/www.instagram.com\/baubauwall\"]}]}<\/script>\n<!-- \/ Yoast SEO plugin. -->","yoast_head_json":{"title":"Head \u00f6\u00f6d - maitsekas tapeet beebipoisile!","description":"P\u00f5hjamaine, helesinine tapeet beebipoisile v\u00f5i veidi suuremale. Pilttapeet, mis on maitsekas, lihtne ja sobitub erineva m\u00f6\u00f6bliga beebi toas.","robots":{"index":"index","follow":"follow","max-snippet":"max-snippet:-1","max-image-preview":"max-image-preview:large","max-video-preview":"max-video-preview:-1"},"canonical":"https:\/\/baubauwall.com\/et\/toode\/pilttapeet-head-ood-sinine\/","og_locale":"et_EE","og_type":"article","og_title":"Head \u00f6\u00f6d - maitsekas tapeet beebipoisile!","og_description":"P\u00f5hjamaine, helesinine tapeet beebipoisile v\u00f5i veidi suuremale. Pilttapeet, mis on maitsekas, lihtne ja sobitub erineva m\u00f6\u00f6bliga beebi toas.","og_url":"https:\/\/baubauwall.com\/et\/toode\/pilttapeet-head-ood-sinine\/","og_site_name":"BAUBAUWALL TAPEEDID","article_publisher":"https:\/\/www.facebook.com\/Baubauwall","article_modified_time":"2025-04-14T08:19:53+00:00","og_image":[{"width":2400,"height":1600,"url":"https:\/\/baubauwall.com\/wp-content\/uploads\/2023\/03\/51200238_SweetDreams-Blue_Baubauwall_Wallmural_room4.jpg","type":"image\/jpeg"}],"twitter_card":"summary_large_image","twitter_misc":{"Est. reading time":"1 minut"},"schema":{"@context":"https:\/\/schema.org","@graph":[{"@type":"WebPage","@id":"https:\/\/baubauwall.com\/et\/toode\/pilttapeet-head-ood-sinine\/","url":"https:\/\/baubauwall.com\/et\/toode\/pilttapeet-head-ood-sinine\/","name":"Head \u00f6\u00f6d - maitsekas tapeet beebipoisile!","isPartOf":{"@id":"https:\/\/baubauwall.com\/et\/#website"},"primaryImageOfPage":{"@id":"https:\/\/baubauwall.com\/et\/toode\/pilttapeet-head-ood-sinine\/#primaryimage"},"image":{"@id":"https:\/\/baubauwall.com\/et\/toode\/pilttapeet-head-ood-sinine\/#primaryimage"},"thumbnailUrl":"https:\/\/baubauwall.com\/wp-content\/uploads\/2023\/03\/51200238_SweetDreams-Blue_Baubauwall_Wallmural_room4.jpg","datePublished":"2023-03-08T13:02:04+00:00","dateModified":"2025-04-14T08:19:53+00:00","description":"P\u00f5hjamaine, helesinine tapeet beebipoisile v\u00f5i veidi suuremale. Pilttapeet, mis on maitsekas, lihtne ja sobitub erineva m\u00f6\u00f6bliga beebi toas.","breadcrumb":{"@id":"https:\/\/baubauwall.com\/et\/toode\/pilttapeet-head-ood-sinine\/#breadcrumb"},"inLanguage":"et","potentialAction":[{"@type":"ReadAction","target":["https:\/\/baubauwall.com\/et\/toode\/pilttapeet-head-ood-sinine\/"]}]},{"@type":"ImageObject","inLanguage":"et","@id":"https:\/\/baubauwall.com\/et\/toode\/pilttapeet-head-ood-sinine\/#primaryimage","url":"https:\/\/baubauwall.com\/wp-content\/uploads\/2023\/03\/51200238_SweetDreams-Blue_Baubauwall_Wallmural_room4.jpg","contentUrl":"https:\/\/baubauwall.com\/wp-content\/uploads\/2023\/03\/51200238_SweetDreams-Blue_Baubauwall_Wallmural_room4.jpg","width":2400,"height":1600},{"@type":"BreadcrumbList","@id":"https:\/\/baubauwall.com\/et\/toode\/pilttapeet-head-ood-sinine\/#breadcrumb","itemListElement":[{"@type":"ListItem","position":1,"name":"Koju","item":"https:\/\/baubauwall.com\/et\/"},{"@type":"ListItem","position":2,"name":"Tapeedid","item":"https:\/\/baubauwall.com\/et\/tapeedid\/"},{"@type":"ListItem","position":3,"name":"Lastetoa tapeet &#8211; Head \u00f6\u00f6d! &#8211; helesinine"}]},{"@type":"WebSite","@id":"https:\/\/baubauwall.com\/et\/#website","url":"https:\/\/baubauwall.com\/et\/","name":"BAUBAUWALL Wallpapers","description":"Valmis paanides tapeet Eestist!","publisher":{"@id":"https:\/\/baubauwall.com\/et\/#organization"},"potentialAction":[{"@type":"SearchAction","target":{"@type":"EntryPoint","urlTemplate":"https:\/\/baubauwall.com\/et\/?s={search_term_string}"},"query-input":{"@type":"PropertyValueSpecification","valueRequired":true,"valueName":"search_term_string"}}],"inLanguage":"et"},{"@type":"Organization","@id":"https:\/\/baubauwall.com\/et\/#organization","name":"BAUBAUWALL Wallpapers","url":"https:\/\/baubauwall.com\/et\/","logo":{"@type":"ImageObject","inLanguage":"et","@id":"https:\/\/baubauwall.com\/et\/#\/schema\/logo\/image\/","url":"https:\/\/baubauwall.com\/wp-content\/uploads\/2022\/03\/logo-horizontal.svg","contentUrl":"https:\/\/baubauwall.com\/wp-content\/uploads\/2022\/03\/logo-horizontal.svg","width":"1024","height":"1024","caption":"BAUBAUWALL Wallpapers"},"image":{"@id":"https:\/\/baubauwall.com\/et\/#\/schema\/logo\/image\/"},"sameAs":["https:\/\/www.facebook.com\/Baubauwall","https:\/\/www.instagram.com\/baubauwall"]}]}},"jetpack_sharing_enabled":true,"_links":{"self":[{"href":"https:\/\/baubauwall.com\/et\/wp-json\/wp\/v2\/product\/25992","targetHints":{"allow":["GET"]}}],"collection":[{"href":"https:\/\/baubauwall.com\/et\/wp-json\/wp\/v2\/product"}],"about":[{"href":"https:\/\/baubauwall.com\/et\/wp-json\/wp\/v2\/types\/product"}],"replies":[{"embeddable":true,"href":"https:\/\/baubauwall.com\/et\/wp-json\/wp\/v2\/comments?post=25992"}],"wp:featuredmedia":[{"embeddable":true,"href":"https:\/\/baubauwall.com\/et\/wp-json\/wp\/v2\/media\/25994"}],"wp:attachment":[{"href":"https:\/\/baubauwall.com\/et\/wp-json\/wp\/v2\/media?parent=25992"}],"wp:term":[{"taxonomy":"product_brand","embeddable":true,"href":"https:\/\/baubauwall.com\/et\/wp-json\/wp\/v2\/product_brand?post=25992"},{"taxonomy":"product_cat","embeddable":true,"href":"https:\/\/baubauwall.com\/et\/wp-json\/wp\/v2\/product_cat?post=25992"},{"taxonomy":"product_tag","embeddable":true,"href":"https:\/\/baubauwall.com\/et\/wp-json\/wp\/v2\/product_tag?post=25992"}],"curies":[{"name":"wp","href":"https:\/\/api.w.org\/{rel}","templated":true}]}}