{"id":26100,"date":"2023-03-09T10:46:56","date_gmt":"2023-03-09T08:46:56","guid":{"rendered":"https:\/\/baubauwall.com\/?post_type=product&#038;p=26100"},"modified":"2025-04-14T10:02:52","modified_gmt":"2025-04-14T08:02:52","slug":"laste-pilttapeet-roomus-dzunglike","status":"publish","type":"product","link":"https:\/\/baubauwall.com\/et\/toode\/laste-pilttapeet-roomus-dzunglike\/","title":{"rendered":"Lastetoa tapeet &#8211; R\u00f5\u00f5mus d\u017eunglike"},"content":{"rendered":"<p>Lastetoa tapeet, mis kutsub seiklema d\u017eunglisse ja tutvuma selle elanikega. Ideaalne disain vasts\u00fcndinu tuppa ja v\u00e4rvigamma, mida on lihtne sobitada lastetoa muu heleda m\u00f6\u00f6bliga. See armas tapeet on osa <a href=\"https:\/\/baubauwall.com\/et\/tootekategooria\/tapeedi-kollektsioonid\/oliver-robbins-tapeedid\/\">Oliver Robbins beebitubade<\/a> kollektsioonist, millest leiad ideid pere k\u00f5ige pisemate interj\u00f6\u00f6ri.<\/p>\n<p>Nagu k\u00f5ik meie kordusmustriga tapeedid ja pilttapeedid, on ka see disain lastele tr\u00fckitud <a href=\"https:\/\/baubauwall.com\/et\/keskkonnasobralikud-tapeedid\/\" target=\"_blank\" rel=\"noopener\">keskkonnas\u00f5bralike v\u00e4rvidega<\/a>, hingavale fliistapeedi materjalile, mis ei l\u00e4igi ja on lihtne paigaldada. Sinu uus lastetoa tapeet tuleb valmis l\u00f5igatud ning nummerdatud paanides, mis on t\u00e4pselt nii k\u00f5rged, kui Sinu sein.<\/p>\n<p>&nbsp;<\/p>\n","protected":false},"excerpt":{"rendered":"<p>Lastetoa tapeet, mis kutsub seiklema d\u017eunglisse ja tutvuma selle elanikega. Ideaalne disain vasts\u00fcndinu tuppa ja v\u00e4rvigamma, mida on lihtne sobitada lastetoa muu heleda m\u00f6\u00f6bliga. See armas tapeet on osa Oliver Robbins beebitubade kollektsioonist, millest leiad ideid pere k\u00f5ige pisemate interj\u00f6\u00f6ri. Nagu k\u00f5ik meie kordusmustriga tapeedid ja pilttapeedid, on ka see disain lastele tr\u00fckitud keskkonnas\u00f5bralike v\u00e4rvidega, [&hellip;]<\/p>\n","protected":false},"featured_media":26117,"comment_status":"open","ping_status":"closed","template":"","meta":{"_acf_changed":false,"inline_featured_image":false},"product_brand":[],"product_cat":[634,387,395,406,396,271,273,276,400,250,255],"product_tag":[349,635,345],"class_list":{"0":"post-26100","1":"product","2":"type-product","3":"status-publish","4":"has-post-thumbnail","6":"product_cat-oliver-robbins-tapeedid","7":"product_cat-pilttapeedid","8":"product_cat-romantiline","9":"product_cat-klassika","10":"product_cat-skandinaavia","11":"product_cat-rohelised-tapeedid","12":"product_cat-heledad-tapeedid","13":"product_cat-pastelsed-tapeedid","14":"product_cat-lastetoa-tapeedid","15":"product_cat-dzungel-troopika","16":"product_cat-loomad","17":"product_tag-beebituba","18":"product_tag-oliver-robbins-tapeedid","19":"product_tag-pilttapeet","20":"pa_designedby-sir-edward","22":"first","23":"instock","24":"taxable","25":"shipping-taxable","26":"purchasable","27":"product-type-simple"},"acf":[],"yoast_head":"<!-- This site is optimized with the Yoast SEO plugin v25.9 - https:\/\/yoast.com\/wordpress\/plugins\/seo\/ -->\n<title>Lastetoa tapeet D\u017eungel ja loomad. Beebitoa tapeedid.<\/title>\n<meta name=\"description\" content=\"D\u017eungli ja loomadega tore tapeet beebitoa seinale v\u00f5i lastetuppa. Pilttapeet, mis on maitsekas ja sobitub erineva m\u00f6\u00f6bliga. Tr\u00fckitud sinu seina m\u00f5\u00f5dus\" \/>\n<meta name=\"robots\" content=\"index, follow, max-snippet:-1, max-image-preview:large, max-video-preview:-1\" \/>\n<link rel=\"canonical\" href=\"https:\/\/baubauwall.com\/et\/toode\/laste-pilttapeet-roomus-dzunglike\/\" \/>\n<meta property=\"og:locale\" content=\"et_EE\" \/>\n<meta property=\"og:type\" content=\"article\" \/>\n<meta property=\"og:title\" content=\"Lastetoa tapeet D\u017eungel ja loomad. Beebitoa tapeedid.\" \/>\n<meta property=\"og:description\" content=\"D\u017eungli ja loomadega tore tapeet beebitoa seinale v\u00f5i lastetuppa. Pilttapeet, mis on maitsekas ja sobitub erineva m\u00f6\u00f6bliga. Tr\u00fckitud sinu seina m\u00f5\u00f5dus\" \/>\n<meta property=\"og:url\" content=\"https:\/\/baubauwall.com\/et\/toode\/laste-pilttapeet-roomus-dzunglike\/\" \/>\n<meta property=\"og:site_name\" content=\"BAUBAUWALL TAPEEDID\" \/>\n<meta property=\"article:publisher\" content=\"https:\/\/www.facebook.com\/Baubauwall\" \/>\n<meta property=\"article:modified_time\" content=\"2025-04-14T08:02:52+00:00\" \/>\n<meta property=\"og:image\" content=\"https:\/\/baubauwall.com\/wp-content\/uploads\/2023\/03\/51200252_JungleJoy_Baubauwall_Wallmural_room5.jpg\" \/>\n\t<meta property=\"og:image:width\" content=\"2400\" \/>\n\t<meta property=\"og:image:height\" content=\"1600\" \/>\n\t<meta property=\"og:image:type\" content=\"image\/jpeg\" \/>\n<meta name=\"twitter:card\" content=\"summary_large_image\" \/>\n<meta name=\"twitter:label1\" content=\"Est. reading time\" \/>\n\t<meta name=\"twitter:data1\" content=\"1 minut\" \/>\n<script type=\"application\/ld+json\" class=\"yoast-schema-graph\">{\"@context\":\"https:\/\/schema.org\",\"@graph\":[{\"@type\":\"WebPage\",\"@id\":\"https:\/\/baubauwall.com\/et\/toode\/laste-pilttapeet-roomus-dzunglike\/\",\"url\":\"https:\/\/baubauwall.com\/et\/toode\/laste-pilttapeet-roomus-dzunglike\/\",\"name\":\"Lastetoa tapeet D\u017eungel ja loomad. Beebitoa tapeedid.\",\"isPartOf\":{\"@id\":\"https:\/\/baubauwall.com\/et\/#website\"},\"primaryImageOfPage\":{\"@id\":\"https:\/\/baubauwall.com\/et\/toode\/laste-pilttapeet-roomus-dzunglike\/#primaryimage\"},\"image\":{\"@id\":\"https:\/\/baubauwall.com\/et\/toode\/laste-pilttapeet-roomus-dzunglike\/#primaryimage\"},\"thumbnailUrl\":\"https:\/\/baubauwall.com\/wp-content\/uploads\/2023\/03\/51200252_JungleJoy_Baubauwall_Wallmural_room5.jpg\",\"datePublished\":\"2023-03-09T08:46:56+00:00\",\"dateModified\":\"2025-04-14T08:02:52+00:00\",\"description\":\"D\u017eungli ja loomadega tore tapeet beebitoa seinale v\u00f5i lastetuppa. Pilttapeet, mis on maitsekas ja sobitub erineva m\u00f6\u00f6bliga. Tr\u00fckitud sinu seina m\u00f5\u00f5dus\",\"breadcrumb\":{\"@id\":\"https:\/\/baubauwall.com\/et\/toode\/laste-pilttapeet-roomus-dzunglike\/#breadcrumb\"},\"inLanguage\":\"et\",\"potentialAction\":[{\"@type\":\"ReadAction\",\"target\":[\"https:\/\/baubauwall.com\/et\/toode\/laste-pilttapeet-roomus-dzunglike\/\"]}]},{\"@type\":\"ImageObject\",\"inLanguage\":\"et\",\"@id\":\"https:\/\/baubauwall.com\/et\/toode\/laste-pilttapeet-roomus-dzunglike\/#primaryimage\",\"url\":\"https:\/\/baubauwall.com\/wp-content\/uploads\/2023\/03\/51200252_JungleJoy_Baubauwall_Wallmural_room5.jpg\",\"contentUrl\":\"https:\/\/baubauwall.com\/wp-content\/uploads\/2023\/03\/51200252_JungleJoy_Baubauwall_Wallmural_room5.jpg\",\"width\":2400,\"height\":1600},{\"@type\":\"BreadcrumbList\",\"@id\":\"https:\/\/baubauwall.com\/et\/toode\/laste-pilttapeet-roomus-dzunglike\/#breadcrumb\",\"itemListElement\":[{\"@type\":\"ListItem\",\"position\":1,\"name\":\"Koju\",\"item\":\"https:\/\/baubauwall.com\/et\/\"},{\"@type\":\"ListItem\",\"position\":2,\"name\":\"Tapeedid\",\"item\":\"https:\/\/baubauwall.com\/et\/tapeedid\/\"},{\"@type\":\"ListItem\",\"position\":3,\"name\":\"Lastetoa tapeet &#8211; R\u00f5\u00f5mus d\u017eunglike\"}]},{\"@type\":\"WebSite\",\"@id\":\"https:\/\/baubauwall.com\/et\/#website\",\"url\":\"https:\/\/baubauwall.com\/et\/\",\"name\":\"BAUBAUWALL Wallpapers\",\"description\":\"Valmis paanides tapeet Eestist!\",\"publisher\":{\"@id\":\"https:\/\/baubauwall.com\/et\/#organization\"},\"potentialAction\":[{\"@type\":\"SearchAction\",\"target\":{\"@type\":\"EntryPoint\",\"urlTemplate\":\"https:\/\/baubauwall.com\/et\/?s={search_term_string}\"},\"query-input\":{\"@type\":\"PropertyValueSpecification\",\"valueRequired\":true,\"valueName\":\"search_term_string\"}}],\"inLanguage\":\"et\"},{\"@type\":\"Organization\",\"@id\":\"https:\/\/baubauwall.com\/et\/#organization\",\"name\":\"BAUBAUWALL Wallpapers\",\"url\":\"https:\/\/baubauwall.com\/et\/\",\"logo\":{\"@type\":\"ImageObject\",\"inLanguage\":\"et\",\"@id\":\"https:\/\/baubauwall.com\/et\/#\/schema\/logo\/image\/\",\"url\":\"https:\/\/baubauwall.com\/wp-content\/uploads\/2022\/03\/logo-horizontal.svg\",\"contentUrl\":\"https:\/\/baubauwall.com\/wp-content\/uploads\/2022\/03\/logo-horizontal.svg\",\"width\":\"1024\",\"height\":\"1024\",\"caption\":\"BAUBAUWALL Wallpapers\"},\"image\":{\"@id\":\"https:\/\/baubauwall.com\/et\/#\/schema\/logo\/image\/\"},\"sameAs\":[\"https:\/\/www.facebook.com\/Baubauwall\",\"https:\/\/www.instagram.com\/baubauwall\"]}]}<\/script>\n<!-- \/ Yoast SEO plugin. -->","yoast_head_json":{"title":"Lastetoa tapeet D\u017eungel ja loomad. Beebitoa tapeedid.","description":"D\u017eungli ja loomadega tore tapeet beebitoa seinale v\u00f5i lastetuppa. Pilttapeet, mis on maitsekas ja sobitub erineva m\u00f6\u00f6bliga. Tr\u00fckitud sinu seina m\u00f5\u00f5dus","robots":{"index":"index","follow":"follow","max-snippet":"max-snippet:-1","max-image-preview":"max-image-preview:large","max-video-preview":"max-video-preview:-1"},"canonical":"https:\/\/baubauwall.com\/et\/toode\/laste-pilttapeet-roomus-dzunglike\/","og_locale":"et_EE","og_type":"article","og_title":"Lastetoa tapeet D\u017eungel ja loomad. Beebitoa tapeedid.","og_description":"D\u017eungli ja loomadega tore tapeet beebitoa seinale v\u00f5i lastetuppa. Pilttapeet, mis on maitsekas ja sobitub erineva m\u00f6\u00f6bliga. Tr\u00fckitud sinu seina m\u00f5\u00f5dus","og_url":"https:\/\/baubauwall.com\/et\/toode\/laste-pilttapeet-roomus-dzunglike\/","og_site_name":"BAUBAUWALL TAPEEDID","article_publisher":"https:\/\/www.facebook.com\/Baubauwall","article_modified_time":"2025-04-14T08:02:52+00:00","og_image":[{"width":2400,"height":1600,"url":"https:\/\/baubauwall.com\/wp-content\/uploads\/2023\/03\/51200252_JungleJoy_Baubauwall_Wallmural_room5.jpg","type":"image\/jpeg"}],"twitter_card":"summary_large_image","twitter_misc":{"Est. reading time":"1 minut"},"schema":{"@context":"https:\/\/schema.org","@graph":[{"@type":"WebPage","@id":"https:\/\/baubauwall.com\/et\/toode\/laste-pilttapeet-roomus-dzunglike\/","url":"https:\/\/baubauwall.com\/et\/toode\/laste-pilttapeet-roomus-dzunglike\/","name":"Lastetoa tapeet D\u017eungel ja loomad. Beebitoa tapeedid.","isPartOf":{"@id":"https:\/\/baubauwall.com\/et\/#website"},"primaryImageOfPage":{"@id":"https:\/\/baubauwall.com\/et\/toode\/laste-pilttapeet-roomus-dzunglike\/#primaryimage"},"image":{"@id":"https:\/\/baubauwall.com\/et\/toode\/laste-pilttapeet-roomus-dzunglike\/#primaryimage"},"thumbnailUrl":"https:\/\/baubauwall.com\/wp-content\/uploads\/2023\/03\/51200252_JungleJoy_Baubauwall_Wallmural_room5.jpg","datePublished":"2023-03-09T08:46:56+00:00","dateModified":"2025-04-14T08:02:52+00:00","description":"D\u017eungli ja loomadega tore tapeet beebitoa seinale v\u00f5i lastetuppa. Pilttapeet, mis on maitsekas ja sobitub erineva m\u00f6\u00f6bliga. Tr\u00fckitud sinu seina m\u00f5\u00f5dus","breadcrumb":{"@id":"https:\/\/baubauwall.com\/et\/toode\/laste-pilttapeet-roomus-dzunglike\/#breadcrumb"},"inLanguage":"et","potentialAction":[{"@type":"ReadAction","target":["https:\/\/baubauwall.com\/et\/toode\/laste-pilttapeet-roomus-dzunglike\/"]}]},{"@type":"ImageObject","inLanguage":"et","@id":"https:\/\/baubauwall.com\/et\/toode\/laste-pilttapeet-roomus-dzunglike\/#primaryimage","url":"https:\/\/baubauwall.com\/wp-content\/uploads\/2023\/03\/51200252_JungleJoy_Baubauwall_Wallmural_room5.jpg","contentUrl":"https:\/\/baubauwall.com\/wp-content\/uploads\/2023\/03\/51200252_JungleJoy_Baubauwall_Wallmural_room5.jpg","width":2400,"height":1600},{"@type":"BreadcrumbList","@id":"https:\/\/baubauwall.com\/et\/toode\/laste-pilttapeet-roomus-dzunglike\/#breadcrumb","itemListElement":[{"@type":"ListItem","position":1,"name":"Koju","item":"https:\/\/baubauwall.com\/et\/"},{"@type":"ListItem","position":2,"name":"Tapeedid","item":"https:\/\/baubauwall.com\/et\/tapeedid\/"},{"@type":"ListItem","position":3,"name":"Lastetoa tapeet &#8211; R\u00f5\u00f5mus d\u017eunglike"}]},{"@type":"WebSite","@id":"https:\/\/baubauwall.com\/et\/#website","url":"https:\/\/baubauwall.com\/et\/","name":"BAUBAUWALL Wallpapers","description":"Valmis paanides tapeet Eestist!","publisher":{"@id":"https:\/\/baubauwall.com\/et\/#organization"},"potentialAction":[{"@type":"SearchAction","target":{"@type":"EntryPoint","urlTemplate":"https:\/\/baubauwall.com\/et\/?s={search_term_string}"},"query-input":{"@type":"PropertyValueSpecification","valueRequired":true,"valueName":"search_term_string"}}],"inLanguage":"et"},{"@type":"Organization","@id":"https:\/\/baubauwall.com\/et\/#organization","name":"BAUBAUWALL Wallpapers","url":"https:\/\/baubauwall.com\/et\/","logo":{"@type":"ImageObject","inLanguage":"et","@id":"https:\/\/baubauwall.com\/et\/#\/schema\/logo\/image\/","url":"https:\/\/baubauwall.com\/wp-content\/uploads\/2022\/03\/logo-horizontal.svg","contentUrl":"https:\/\/baubauwall.com\/wp-content\/uploads\/2022\/03\/logo-horizontal.svg","width":"1024","height":"1024","caption":"BAUBAUWALL Wallpapers"},"image":{"@id":"https:\/\/baubauwall.com\/et\/#\/schema\/logo\/image\/"},"sameAs":["https:\/\/www.facebook.com\/Baubauwall","https:\/\/www.instagram.com\/baubauwall"]}]}},"jetpack_sharing_enabled":true,"_links":{"self":[{"href":"https:\/\/baubauwall.com\/et\/wp-json\/wp\/v2\/product\/26100","targetHints":{"allow":["GET"]}}],"collection":[{"href":"https:\/\/baubauwall.com\/et\/wp-json\/wp\/v2\/product"}],"about":[{"href":"https:\/\/baubauwall.com\/et\/wp-json\/wp\/v2\/types\/product"}],"replies":[{"embeddable":true,"href":"https:\/\/baubauwall.com\/et\/wp-json\/wp\/v2\/comments?post=26100"}],"wp:featuredmedia":[{"embeddable":true,"href":"https:\/\/baubauwall.com\/et\/wp-json\/wp\/v2\/media\/26117"}],"wp:attachment":[{"href":"https:\/\/baubauwall.com\/et\/wp-json\/wp\/v2\/media?parent=26100"}],"wp:term":[{"taxonomy":"product_brand","embeddable":true,"href":"https:\/\/baubauwall.com\/et\/wp-json\/wp\/v2\/product_brand?post=26100"},{"taxonomy":"product_cat","embeddable":true,"href":"https:\/\/baubauwall.com\/et\/wp-json\/wp\/v2\/product_cat?post=26100"},{"taxonomy":"product_tag","embeddable":true,"href":"https:\/\/baubauwall.com\/et\/wp-json\/wp\/v2\/product_tag?post=26100"}],"curies":[{"name":"wp","href":"https:\/\/api.w.org\/{rel}","templated":true}]}}